{"id":10392,"date":"2024-08-12T02:11:34","date_gmt":"2024-08-12T02:11:34","guid":{"rendered":"https:\/\/miningspareparts.com\/?post_type=product&#038;p=10392"},"modified":"2025-12-02T01:19:48","modified_gmt":"2025-12-02T01:19:48","slug":"cj411-toggle-plate-for-jaw-crusher-89-242-894-000","status":"publish","type":"product","link":"https:\/\/miningspareparts.com\/fr\/produit\/cj411-toggle-plate-for-jaw-crusher-89-242-894-000\/","title":{"rendered":"CJ411 Plaque \u00e0 bascule pour concasseur \u00e0 m\u00e2choires 89-242-894-000"},"content":{"rendered":"<p><strong>MiningSpares comprend et couvre depuis longtemps les concasseurs \u00e0 m\u00e2choires.<\/strong><strong>Voici une description de la plaque \u00e0 bascule CJ411.<\/strong><\/p>\n<p style=\"font-weight: 400;\"><strong>Plaque \u00e0 bascule\u00a0<\/strong>est une pi\u00e8ce simple de l'assemblage \u00e0 bascule, g\u00e9n\u00e9ralement en acier au carbone (fonte), qui fonctionne avec l'ensemble des pi\u00e8ces de l'assemblage \u00e0 bascule.<strong>\u00a0roulements \u00e0 genouill\u00e8re\u00a0<\/strong>\u00e0 deux extr\u00e9mit\u00e9s, l'une sur le pitman et l'autre sur le bloc \u00e0 genouill\u00e8re pour maintenir les parties inf\u00e9rieures de la m\u00e2choire en position.<\/p>\n<p style=\"font-weight: 400;\">Elle sert \u00e9galement de m\u00e9canisme de s\u00e9curit\u00e9 pour l'ensemble de la m\u00e2choire. Si un \u00e9l\u00e9ment qui ne peut pas \u00eatre broy\u00e9 p\u00e9n\u00e8tre accidentellement dans la chambre de broyage ou si la roche est trop dure pour \u00eatre broy\u00e9e, la plaque \u00e0 genouill\u00e8re se brise et emp\u00eache le cadre de la m\u00e2choire, en particulier le pitman (crosse de la m\u00e2choire), de subir d'autres dommages.<\/p>\n<p>Les plaques \u00e0 bascule CJ411 de MiningSpares sont fabriqu\u00e9es \u00e0 l'aide de proc\u00e9d\u00e9s de moulage avanc\u00e9s. Au cours du processus de fabrication, nous contr\u00f4lons strictement la s\u00e9lection des mat\u00e9riaux et le d\u00e9roulement du processus afin de garantir l'excellence de la qualit\u00e9 et des performances du produit. Nous utilisons des mat\u00e9riaux en acier alli\u00e9 de haute qualit\u00e9 combin\u00e9s \u00e0 une technologie de moulage avanc\u00e9e pour garantir que nos produits pr\u00e9sentent une excellente r\u00e9sistance \u00e0 l'usure et aux chocs. En outre, notre processus de fabrication comprend des proc\u00e9d\u00e9s d'usinage de pr\u00e9cision et de traitement thermique pour am\u00e9liorer encore la r\u00e9sistance et la durabilit\u00e9.<\/p>\n<table width=\"639\">\n<tbody>\n<tr>\n<td width=\"43\">Non.<\/td>\n<td width=\"181\">Nom<\/td>\n<td width=\"168\">Mod\u00e8le<\/td>\n<td width=\"148\">Code de l'article<\/td>\n<td width=\"99\">poids\/kg<\/td>\n<\/tr>\n<tr>\n<td>1<\/td>\n<td>Plaque \u00e0 bascule<\/td>\n<td>\u00a0CJ411<\/td>\n<td>89-242-877-000<\/td>\n<td>142<\/td>\n<\/tr>\n<tr>\n<td>2<\/td>\n<td>Plaque \u00e0 bascule<\/td>\n<td>\u00a0CJ411<\/td>\n<td>89-242-894-000<\/td>\n<td>245<\/td>\n<\/tr>\n<tr>\n<td>3<\/td>\n<td>Si\u00e8ge \u00e0 bascule<\/td>\n<td>\u00a0CJ411<\/td>\n<td>89-242-895-000<\/td>\n<td>34<\/td>\n<\/tr>\n<tr>\n<td>4<\/td>\n<td>Plaque de m\u00e2choire Fixe C<\/td>\n<td>\u00a0CJ411\/JM1108<\/td>\n<td>400.0409-002<\/td>\n<td>1373<\/td>\n<\/tr>\n<tr>\n<td>5<\/td>\n<td>Plaque de la m\u00e2choire D\u00e9placement C<\/td>\n<td>\u00a0CJ411\/JM1108<\/td>\n<td>400.0410-002<\/td>\n<td>1369<\/td>\n<\/tr>\n<tr>\n<td>6<\/td>\n<td>Plaque de calage Fix\/Swin<\/td>\n<td>\u00a0CJ411 (4pcs\/Set)<\/td>\n<td>10-314-385-000<\/td>\n<td>21<\/td>\n<\/tr>\n<tr>\n<td>7<\/td>\n<td>Plaque de joue UPR<\/td>\n<td>\u00a0CJ411\/CJ412<\/td>\n<td>10-314-262-000<\/td>\n<td>226<\/td>\n<\/tr>\n<tr>\n<td>8<\/td>\n<td>Plaque de joue LWR<\/td>\n<td>\u00a0CJ411\/CJ412<\/td>\n<td>10-314-263-000<\/td>\n<td>195<\/td>\n<\/tr>\n<tr>\n<td>9<\/td>\n<td>Plaque de m\u00e2choire stationnaire<\/td>\n<td>\u00a0JM1208\/CJ411<\/td>\n<td>400.0436<\/td>\n<td>1371<\/td>\n<\/tr>\n<tr>\n<td>10<\/td>\n<td>Rondelle \u00e0 onglet<\/td>\n<td>\u00a0CJ411<\/td>\n<td>847.0093-00<\/td>\n<td>0<\/td>\n<\/tr>\n<tr>\n<td>11<\/td>\n<td>Roulement \u00e0 rouleaux Ext\u00e9rieur<\/td>\n<td>\u00a0CJ411\/JM1108<\/td>\n<td>868.0290-00<\/td>\n<td>87<\/td>\n<\/tr>\n<tr>\n<td>12<\/td>\n<td>Roulement \u00e0 rouleaux int\u00e9rieur<\/td>\n<td>\u00a0CJ411\/JM1108<\/td>\n<td>868.0303-00<\/td>\n<td>96<\/td>\n<\/tr>\n<tr>\n<td>13<\/td>\n<td>Manchon de retrait<\/td>\n<td>\u00a0CJ411<\/td>\n<td>868.0557-00<\/td>\n<td>16<\/td>\n<\/tr>\n<tr>\n<td>14<\/td>\n<td>Anneau en V<\/td>\n<td>\u00a0CJ411<\/td>\n<td>873.0910-00<\/td>\n<td>0<\/td>\n<\/tr>\n<tr>\n<td>15<\/td>\n<td>Anneau en V<\/td>\n<td>\u00a0CJ411<\/td>\n<td>873.1327-00<\/td>\n<td>0<\/td>\n<\/tr>\n<tr>\n<td>16<\/td>\n<td>Printemps<\/td>\n<td>\u00a0CJ411<\/td>\n<td>400-0450-001<\/td>\n<td>35.5<\/td>\n<\/tr>\n<tr>\n<td>17<\/td>\n<td>Mors fixe ondul\u00e9<\/td>\n<td>CJ411\/JM1108<\/td>\n<td>400.0409-001<\/td>\n<td>1246<\/td>\n<\/tr>\n<tr>\n<td>18<\/td>\n<td>Plaque de m\u00e2choire CC mobile<\/td>\n<td>\u00a0CJ411\/JM1108<\/td>\n<td>400.0433-002<\/td>\n<td>1648<\/td>\n<\/tr>\n<tr>\n<td>19<\/td>\n<td>Plaque de m\u00e2choire fixe CC<\/td>\n<td>\u00a0CJ411\/JM1108<\/td>\n<td>400.0437-002<\/td>\n<td>1555<\/td>\n<\/tr>\n<tr>\n<td>20<\/td>\n<td>Bande de support<\/td>\n<td>\u00a0CJ411<\/td>\n<td>400.0543-001<\/td>\n<td>36<\/td>\n<\/tr>\n<tr>\n<td>21<\/td>\n<td>Bo\u00eetier de palier<\/td>\n<td>\u00a0CJ411<\/td>\n<td>10-115-283-500<\/td>\n<td>250<\/td>\n<\/tr>\n<tr>\n<td>22<\/td>\n<td>Bande de support sup\u00e9rieure<\/td>\n<td>\u00a0CJ411<\/td>\n<td>10-214-269-000<\/td>\n<td>42<\/td>\n<\/tr>\n<tr>\n<td>23<\/td>\n<td>Plaque d\u00e9flectrice<\/td>\n<td>\u00a0CJ411<\/td>\n<td>10-214-384-000<\/td>\n<td>217<\/td>\n<\/tr>\n<tr>\n<td>24<\/td>\n<td>Couverture du labyrinthe<\/td>\n<td>\u00a0CJ411\/JM1108<\/td>\n<td>10-214-388-000<\/td>\n<td>38<\/td>\n<\/tr>\n<tr>\n<td>25<\/td>\n<td>Anneau du labyrinthe<\/td>\n<td>\u00a0CJ411\/JM1108<\/td>\n<td>10-214-415-000<\/td>\n<td>19.5<\/td>\n<\/tr>\n<tr>\n<td>26<\/td>\n<td>Cadre Couvercle ext\u00e9rieur<\/td>\n<td>\u00a0CJ411<\/td>\n<td>10-214-416-000<\/td>\n<td>28.35<\/td>\n<\/tr>\n<tr>\n<td>27<\/td>\n<td>Plaque de joue sup\u00e9rieure<\/td>\n<td>CJ411\/JM1108<\/td>\n<td>10.314.262.000<\/td>\n<td>226<\/td>\n<\/tr>\n<tr>\n<td>28<\/td>\n<td>Plaque de joue inf\u00e9rieure<\/td>\n<td>\u00a0CJ411 \/JM1108<\/td>\n<td>10.314.263.000<\/td>\n<td>188<\/td>\n<\/tr>\n<tr>\n<td>29<\/td>\n<td>Pitman de la m\u00e2choire<\/td>\n<td>\u00a0CJ411<\/td>\n<td>53-167-440-500<\/td>\n<td>0<\/td>\n<\/tr>\n<tr>\n<td>30<\/td>\n<td>Logement du palier<\/td>\n<td>\u00a0CJ411<\/td>\n<td>53-173-767-500<\/td>\n<td>241.5<\/td>\n<\/tr>\n<tr>\n<td>31<\/td>\n<td>Tige de r\u00e9traction<\/td>\n<td>\u00a0CJ411<\/td>\n<td>53-366-419-501<\/td>\n<td>21<\/td>\n<\/tr>\n<\/tbody>\n<\/table>\n<p>&nbsp;<\/p>","protected":false},"excerpt":{"rendered":"<p><strong>Nom de l'article :<\/strong>Plaque \u00e0 bascule<\/p>\n<p><strong>Mod\u00e8le :<\/strong> CJ411\u00a0 \u00a0 <strong>Poids :<\/strong> 245kg\u00a0 \u00a0 \u00a0 <strong>Code de l'article :<\/strong> 89-242-894-000<\/p>\n<p><strong>Mat\u00e9riau de fonderie :<\/strong><\/p>\n<p><strong>Mat\u00e9riau applicable :<\/strong> Gravier, granit, basalte, minerai, calcaire, gr\u00e8s, quatz, pav\u00e9<\/p>\n<p><strong>Applications :<\/strong> Mines, carri\u00e8res, construction, ciment et mat\u00e9riaux, recyclage<\/p>","protected":false},"featured_media":11218,"template":"","meta":{"_uag_custom_page_level_css":"","site-sidebar-layout":"default","site-content-layout":"","ast-site-content-layout":"default","site-content-style":"default","site-sidebar-style":"default","ast-global-header-display":"","ast-banner-title-visibility":"","ast-main-header-display":"","ast-hfb-above-header-display":"","ast-hfb-below-header-display":"","ast-hfb-mobile-header-display":"","site-post-title":"","ast-breadcrumbs-content":"","ast-featured-img":"","footer-sml-layout":"","ast-disable-related-posts":"","theme-transparent-header-meta":"default","adv-header-id-meta":"","stick-header-meta":"default","header-above-stick-meta":"","header-main-stick-meta":"","header-below-stick-meta":"","astra-migrate-meta-layouts":"set","ast-page-background-enabled":"default","ast-page-background-meta":{"desktop":{"background-color":"var(--ast-global-color-4)","background-image":"","background-repeat":"repeat","background-position":"center center","background-size":"auto","background-attachment":"scroll","background-type":"","background-media":"","overlay-type":"","overlay-color":"","overlay-opacity":"","overlay-gradient":""},"tablet":{"background-color":"","background-image":"","background-repeat":"repeat","background-position":"center center","background-size":"auto","background-attachment":"scroll","background-type":"","background-media":"","overlay-type":"","overlay-color":"","overlay-opacity":"","overlay-gradient":""},"mobile":{"background-color":"","background-image":"","background-repeat":"repeat","background-position":"center center","background-size":"auto","background-attachment":"scroll","background-type":"","background-media":"","overlay-type":"","overlay-color":"","overlay-opacity":"","overlay-gradient":""}},"ast-content-background-meta":{"desktop":{"background-color":"var(--ast-global-color-5)","background-image":"","background-repeat":"repeat","background-position":"center center","background-size":"auto","background-attachment":"scroll","background-type":"","background-media":"","overlay-type":"","overlay-color":"","overlay-opacity":"","overlay-gradient":""},"tablet":{"background-color":"var(--ast-global-color-5)","background-image":"","background-repeat":"repeat","background-position":"center center","background-size":"auto","background-attachment":"scroll","background-type":"","background-media":"","overlay-type":"","overlay-color":"","overlay-opacity":"","overlay-gradient":""},"mobile":{"background-color":"var(--ast-global-color-5)","background-image":"","background-repeat":"repeat","background-position":"center center","background-size":"auto","background-attachment":"scroll","background-type":"","background-media":"","overlay-type":"","overlay-color":"","overlay-opacity":"","overlay-gradient":""}}},"product_brand":[],"product_cat":[35,57,87,184],"product_tag":[],"class_list":{"0":"post-10392","1":"product","2":"type-product","3":"status-publish","4":"has-post-thumbnail","6":"product_cat-toggle-plate","7":"product_cat-crusher-spares","8":"product_cat-engineering-parts","9":"product_cat-sandvick","10":"desktop-align-left","11":"tablet-align-left","12":"mobile-align-left","13":"ast-product-gallery-layout-horizontal-slider","14":"ast-product-gallery-with-no-image","15":"ast-product-tabs-layout-horizontal","17":"first","18":"instock","19":"shipping-taxable","20":"product-type-simple"},"yoast_head":"<!-- This site is optimized with the Yoast SEO plugin v27.4 - https:\/\/yoast.com\/product\/yoast-seo-wordpress\/ -->\n<title>CJ411 Toggle Plate For Jaw Crusher 89-242-894-000- Crusher parts, Slurry Pump Parts, Excavator shovel parts<\/title>\n<meta name=\"description\" content=\"Aftermarket CJ411 Toggle Plate for quarry crushing ,Genuine Alternative,ready in stock with best price,89-242-894-000,Weights: 245kg\" \/>\n<meta name=\"robots\" content=\"index, follow, max-snippet:-1, max-image-preview:large, max-video-preview:-1\" \/>\n<link rel=\"canonical\" href=\"https:\/\/miningspareparts.com\/fr\/produit\/cj411-toggle-plate-for-jaw-crusher-89-242-894-000\/\" \/>\n<meta property=\"og:locale\" content=\"fr_FR\" \/>\n<meta property=\"og:type\" content=\"article\" \/>\n<meta property=\"og:title\" content=\"CJ411 Toggle Plate For Jaw Crusher 89-242-894-000- Crusher parts, Slurry Pump Parts, Excavator shovel parts\" \/>\n<meta property=\"og:description\" content=\"Aftermarket CJ411 Toggle Plate for quarry crushing ,Genuine Alternative,ready in stock with best price,89-242-894-000,Weights: 245kg\" \/>\n<meta property=\"og:url\" content=\"https:\/\/miningspareparts.com\/fr\/produit\/cj411-toggle-plate-for-jaw-crusher-89-242-894-000\/\" \/>\n<meta property=\"og:site_name\" content=\"Crusher parts, Slurry Pump Parts, Excavator shovel parts\" \/>\n<meta property=\"article:modified_time\" content=\"2025-12-02T01:19:48+00:00\" \/>\n<meta property=\"og:image\" content=\"https:\/\/miningspareparts.com\/wp-content\/uploads\/2024\/08\/CJ411-Toggle-Plate-For-Jaw-Crusher-89-242-894-000.webp\" \/>\n\t<meta property=\"og:image:width\" content=\"800\" \/>\n\t<meta property=\"og:image:height\" content=\"800\" \/>\n\t<meta property=\"og:image:type\" content=\"image\/webp\" \/>\n<meta name=\"twitter:card\" content=\"summary_large_image\" \/>\n<meta name=\"twitter:label1\" content=\"Dur\u00e9e de lecture estim\u00e9e\" \/>\n\t<meta name=\"twitter:data1\" content=\"3 minutes\" \/>\n<script type=\"application\/ld+json\" class=\"yoast-schema-graph\">{\"@context\":\"https:\\\/\\\/schema.org\",\"@graph\":[{\"@type\":\"WebPage\",\"@id\":\"https:\\\/\\\/miningspareparts.com\\\/product\\\/cj411-toggle-plate-for-jaw-crusher-89-242-894-000\\\/\",\"url\":\"https:\\\/\\\/miningspareparts.com\\\/product\\\/cj411-toggle-plate-for-jaw-crusher-89-242-894-000\\\/\",\"name\":\"CJ411 Toggle Plate For Jaw Crusher 89-242-894-000- Crusher parts, Slurry Pump Parts, Excavator shovel parts\",\"isPartOf\":{\"@id\":\"https:\\\/\\\/miningspareparts.com\\\/#website\"},\"primaryImageOfPage\":{\"@id\":\"https:\\\/\\\/miningspareparts.com\\\/product\\\/cj411-toggle-plate-for-jaw-crusher-89-242-894-000\\\/#primaryimage\"},\"image\":{\"@id\":\"https:\\\/\\\/miningspareparts.com\\\/product\\\/cj411-toggle-plate-for-jaw-crusher-89-242-894-000\\\/#primaryimage\"},\"thumbnailUrl\":\"https:\\\/\\\/miningspareparts.com\\\/wp-content\\\/uploads\\\/2024\\\/08\\\/CJ411-Toggle-Plate-For-Jaw-Crusher-89-242-894-000.webp\",\"datePublished\":\"2024-08-12T02:11:34+00:00\",\"dateModified\":\"2025-12-02T01:19:48+00:00\",\"description\":\"Aftermarket CJ411 Toggle Plate for quarry crushing ,Genuine Alternative,ready in stock with best price,89-242-894-000,Weights: 245kg\",\"breadcrumb\":{\"@id\":\"https:\\\/\\\/miningspareparts.com\\\/product\\\/cj411-toggle-plate-for-jaw-crusher-89-242-894-000\\\/#breadcrumb\"},\"inLanguage\":\"fr-FR\",\"potentialAction\":[{\"@type\":\"ReadAction\",\"target\":[\"https:\\\/\\\/miningspareparts.com\\\/product\\\/cj411-toggle-plate-for-jaw-crusher-89-242-894-000\\\/\"]}]},{\"@type\":\"ImageObject\",\"inLanguage\":\"fr-FR\",\"@id\":\"https:\\\/\\\/miningspareparts.com\\\/product\\\/cj411-toggle-plate-for-jaw-crusher-89-242-894-000\\\/#primaryimage\",\"url\":\"https:\\\/\\\/miningspareparts.com\\\/wp-content\\\/uploads\\\/2024\\\/08\\\/CJ411-Toggle-Plate-For-Jaw-Crusher-89-242-894-000.webp\",\"contentUrl\":\"https:\\\/\\\/miningspareparts.com\\\/wp-content\\\/uploads\\\/2024\\\/08\\\/CJ411-Toggle-Plate-For-Jaw-Crusher-89-242-894-000.webp\",\"width\":800,\"height\":800,\"caption\":\"CJ411 Toggle Plate For Jaw Crusher 89-242-894-000\"},{\"@type\":\"BreadcrumbList\",\"@id\":\"https:\\\/\\\/miningspareparts.com\\\/product\\\/cj411-toggle-plate-for-jaw-crusher-89-242-894-000\\\/#breadcrumb\",\"itemListElement\":[{\"@type\":\"ListItem\",\"position\":1,\"name\":\"Home\",\"item\":\"https:\\\/\\\/miningspareparts.com\\\/\"},{\"@type\":\"ListItem\",\"position\":2,\"name\":\"Premium Mining Wear And Spare Parts\",\"item\":\"https:\\\/\\\/miningspareparts.com\\\/shop\\\/\"},{\"@type\":\"ListItem\",\"position\":3,\"name\":\"CJ411 Toggle Plate For Jaw Crusher 89-242-894-000\"}]},{\"@type\":\"WebSite\",\"@id\":\"https:\\\/\\\/miningspareparts.com\\\/#website\",\"url\":\"https:\\\/\\\/miningspareparts.com\\\/\",\"name\":\"Crusher parts , Concrete Mixer Parts, Slurry Pump Parts, Mining Spares\",\"description\":\"Mining Wear &amp; Spare Parts Supplier\",\"publisher\":{\"@id\":\"https:\\\/\\\/miningspareparts.com\\\/#organization\"},\"potentialAction\":[{\"@type\":\"SearchAction\",\"target\":{\"@type\":\"EntryPoint\",\"urlTemplate\":\"https:\\\/\\\/miningspareparts.com\\\/?s={search_term_string}\"},\"query-input\":{\"@type\":\"PropertyValueSpecification\",\"valueRequired\":true,\"valueName\":\"search_term_string\"}}],\"inLanguage\":\"fr-FR\"},{\"@type\":\"Organization\",\"@id\":\"https:\\\/\\\/miningspareparts.com\\\/#organization\",\"name\":\"Crusher parts , Concrete Mixer Parts, Slurry Pump Parts, Mining Spares\",\"url\":\"https:\\\/\\\/miningspareparts.com\\\/\",\"logo\":{\"@type\":\"ImageObject\",\"inLanguage\":\"fr-FR\",\"@id\":\"https:\\\/\\\/miningspareparts.com\\\/#\\\/schema\\\/logo\\\/image\\\/\",\"url\":\"https:\\\/\\\/miningspareparts.com\\\/wp-content\\\/uploads\\\/2025\\\/04\\\/cropped-cropped-logo\u6b63\u65b9\u5f62.png\",\"contentUrl\":\"https:\\\/\\\/miningspareparts.com\\\/wp-content\\\/uploads\\\/2025\\\/04\\\/cropped-cropped-logo\u6b63\u65b9\u5f62.png\",\"width\":511,\"height\":171,\"caption\":\"Crusher parts , Concrete Mixer Parts, Slurry Pump Parts, Mining Spares\"},\"image\":{\"@id\":\"https:\\\/\\\/miningspareparts.com\\\/#\\\/schema\\\/logo\\\/image\\\/\"}}]}<\/script>\n<!-- \/ Yoast SEO plugin. -->","yoast_head_json":{"title":"CJ411 Toggle Plate For Jaw Crusher 89-242-894-000- Crusher parts, Slurry Pump Parts, Excavator shovel parts","description":"Aftermarket CJ411 Toggle Plate for quarry crushing ,Genuine Alternative,ready in stock with best price,89-242-894-000,Weights: 245kg","robots":{"index":"index","follow":"follow","max-snippet":"max-snippet:-1","max-image-preview":"max-image-preview:large","max-video-preview":"max-video-preview:-1"},"canonical":"https:\/\/miningspareparts.com\/fr\/produit\/cj411-toggle-plate-for-jaw-crusher-89-242-894-000\/","og_locale":"fr_FR","og_type":"article","og_title":"CJ411 Toggle Plate For Jaw Crusher 89-242-894-000- Crusher parts, Slurry Pump Parts, Excavator shovel parts","og_description":"Aftermarket CJ411 Toggle Plate for quarry crushing ,Genuine Alternative,ready in stock with best price,89-242-894-000,Weights: 245kg","og_url":"https:\/\/miningspareparts.com\/fr\/produit\/cj411-toggle-plate-for-jaw-crusher-89-242-894-000\/","og_site_name":"Crusher parts, Slurry Pump Parts, Excavator shovel parts","article_modified_time":"2025-12-02T01:19:48+00:00","og_image":[{"width":800,"height":800,"url":"https:\/\/miningspareparts.com\/wp-content\/uploads\/2024\/08\/CJ411-Toggle-Plate-For-Jaw-Crusher-89-242-894-000.webp","type":"image\/webp"}],"twitter_card":"summary_large_image","twitter_misc":{"Dur\u00e9e de lecture estim\u00e9e":"3 minutes"},"schema":{"@context":"https:\/\/schema.org","@graph":[{"@type":"WebPage","@id":"https:\/\/miningspareparts.com\/product\/cj411-toggle-plate-for-jaw-crusher-89-242-894-000\/","url":"https:\/\/miningspareparts.com\/product\/cj411-toggle-plate-for-jaw-crusher-89-242-894-000\/","name":"CJ411 Toggle Plate For Jaw Crusher 89-242-894-000- Crusher parts, Slurry Pump Parts, Excavator shovel parts","isPartOf":{"@id":"https:\/\/miningspareparts.com\/#website"},"primaryImageOfPage":{"@id":"https:\/\/miningspareparts.com\/product\/cj411-toggle-plate-for-jaw-crusher-89-242-894-000\/#primaryimage"},"image":{"@id":"https:\/\/miningspareparts.com\/product\/cj411-toggle-plate-for-jaw-crusher-89-242-894-000\/#primaryimage"},"thumbnailUrl":"https:\/\/miningspareparts.com\/wp-content\/uploads\/2024\/08\/CJ411-Toggle-Plate-For-Jaw-Crusher-89-242-894-000.webp","datePublished":"2024-08-12T02:11:34+00:00","dateModified":"2025-12-02T01:19:48+00:00","description":"Aftermarket CJ411 Toggle Plate for quarry crushing ,Genuine Alternative,ready in stock with best price,89-242-894-000,Weights: 245kg","breadcrumb":{"@id":"https:\/\/miningspareparts.com\/product\/cj411-toggle-plate-for-jaw-crusher-89-242-894-000\/#breadcrumb"},"inLanguage":"fr-FR","potentialAction":[{"@type":"ReadAction","target":["https:\/\/miningspareparts.com\/product\/cj411-toggle-plate-for-jaw-crusher-89-242-894-000\/"]}]},{"@type":"ImageObject","inLanguage":"fr-FR","@id":"https:\/\/miningspareparts.com\/product\/cj411-toggle-plate-for-jaw-crusher-89-242-894-000\/#primaryimage","url":"https:\/\/miningspareparts.com\/wp-content\/uploads\/2024\/08\/CJ411-Toggle-Plate-For-Jaw-Crusher-89-242-894-000.webp","contentUrl":"https:\/\/miningspareparts.com\/wp-content\/uploads\/2024\/08\/CJ411-Toggle-Plate-For-Jaw-Crusher-89-242-894-000.webp","width":800,"height":800,"caption":"CJ411 Toggle Plate For Jaw Crusher 89-242-894-000"},{"@type":"BreadcrumbList","@id":"https:\/\/miningspareparts.com\/product\/cj411-toggle-plate-for-jaw-crusher-89-242-894-000\/#breadcrumb","itemListElement":[{"@type":"ListItem","position":1,"name":"Home","item":"https:\/\/miningspareparts.com\/"},{"@type":"ListItem","position":2,"name":"Premium Mining Wear And Spare Parts","item":"https:\/\/miningspareparts.com\/shop\/"},{"@type":"ListItem","position":3,"name":"CJ411 Toggle Plate For Jaw Crusher 89-242-894-000"}]},{"@type":"WebSite","@id":"https:\/\/miningspareparts.com\/#website","url":"https:\/\/miningspareparts.com\/","name":"Crusher parts , Concrete Mixer Parts, Slurry Pump Parts, Mining Spares","description":"Mining Wear &amp; Spare Parts Supplier","publisher":{"@id":"https:\/\/miningspareparts.com\/#organization"},"potentialAction":[{"@type":"SearchAction","target":{"@type":"EntryPoint","urlTemplate":"https:\/\/miningspareparts.com\/?s={search_term_string}"},"query-input":{"@type":"PropertyValueSpecification","valueRequired":true,"valueName":"search_term_string"}}],"inLanguage":"fr-FR"},{"@type":"Organization","@id":"https:\/\/miningspareparts.com\/#organization","name":"Crusher parts , Concrete Mixer Parts, Slurry Pump Parts, Mining Spares","url":"https:\/\/miningspareparts.com\/","logo":{"@type":"ImageObject","inLanguage":"fr-FR","@id":"https:\/\/miningspareparts.com\/#\/schema\/logo\/image\/","url":"https:\/\/miningspareparts.com\/wp-content\/uploads\/2025\/04\/cropped-cropped-logo\u6b63\u65b9\u5f62.png","contentUrl":"https:\/\/miningspareparts.com\/wp-content\/uploads\/2025\/04\/cropped-cropped-logo\u6b63\u65b9\u5f62.png","width":511,"height":171,"caption":"Crusher parts , Concrete Mixer Parts, Slurry Pump Parts, Mining Spares"},"image":{"@id":"https:\/\/miningspareparts.com\/#\/schema\/logo\/image\/"}}]}},"uagb_featured_image_src":{"full":["https:\/\/miningspareparts.com\/wp-content\/uploads\/2024\/08\/CJ411-Toggle-Plate-For-Jaw-Crusher-89-242-894-000.webp",800,800,false],"thumbnail":["https:\/\/miningspareparts.com\/wp-content\/uploads\/2024\/08\/CJ411-Toggle-Plate-For-Jaw-Crusher-89-242-894-000-150x150.webp",150,150,true],"medium":["https:\/\/miningspareparts.com\/wp-content\/uploads\/2024\/08\/CJ411-Toggle-Plate-For-Jaw-Crusher-89-242-894-000-300x300.webp",300,300,true],"medium_large":["https:\/\/miningspareparts.com\/wp-content\/uploads\/2024\/08\/CJ411-Toggle-Plate-For-Jaw-Crusher-89-242-894-000-768x768.webp",768,768,true],"large":["https:\/\/miningspareparts.com\/wp-content\/uploads\/2024\/08\/CJ411-Toggle-Plate-For-Jaw-Crusher-89-242-894-000.webp",800,800,false],"1536x1536":["https:\/\/miningspareparts.com\/wp-content\/uploads\/2024\/08\/CJ411-Toggle-Plate-For-Jaw-Crusher-89-242-894-000.webp",800,800,false],"2048x2048":["https:\/\/miningspareparts.com\/wp-content\/uploads\/2024\/08\/CJ411-Toggle-Plate-For-Jaw-Crusher-89-242-894-000.webp",800,800,false],"trp-custom-language-flag":["https:\/\/miningspareparts.com\/wp-content\/uploads\/2024\/08\/CJ411-Toggle-Plate-For-Jaw-Crusher-89-242-894-000-12x12.webp",12,12,true],"woocommerce_thumbnail":["https:\/\/miningspareparts.com\/wp-content\/uploads\/2024\/08\/CJ411-Toggle-Plate-For-Jaw-Crusher-89-242-894-000-300x300.webp",300,300,true],"woocommerce_single":["https:\/\/miningspareparts.com\/wp-content\/uploads\/2024\/08\/CJ411-Toggle-Plate-For-Jaw-Crusher-89-242-894-000-600x600.webp",600,600,true],"woocommerce_gallery_thumbnail":["https:\/\/miningspareparts.com\/wp-content\/uploads\/2024\/08\/CJ411-Toggle-Plate-For-Jaw-Crusher-89-242-894-000-100x100.webp",100,100,true]},"uagb_author_info":{"display_name":"Miningspareparts","author_link":"https:\/\/miningspareparts.com\/fr\/author\/"},"uagb_comment_info":0,"uagb_excerpt":"Item Names:Toggle Plate Model: CJ411\u00a0 \u00a0 Weights: 245kg\u00a0 \u00a0 \u00a0 Item code: 89-242-894-000 Casting Material: Applicable Material: Gravel, Granite, Basalt, Ore, Limestone, Sandstone ,Quatz,Cobblestone Applications: Mining , Quarry, Construction ,Cement and Materials ,Recycling","_links":{"self":[{"href":"https:\/\/miningspareparts.com\/fr\/wp-json\/wp\/v2\/product\/10392","targetHints":{"allow":["GET"]}}],"collection":[{"href":"https:\/\/miningspareparts.com\/fr\/wp-json\/wp\/v2\/product"}],"about":[{"href":"https:\/\/miningspareparts.com\/fr\/wp-json\/wp\/v2\/types\/product"}],"wp:featuredmedia":[{"embeddable":true,"href":"https:\/\/miningspareparts.com\/fr\/wp-json\/wp\/v2\/media\/11218"}],"wp:attachment":[{"href":"https:\/\/miningspareparts.com\/fr\/wp-json\/wp\/v2\/media?parent=10392"}],"wp:term":[{"taxonomy":"product_brand","embeddable":true,"href":"https:\/\/miningspareparts.com\/fr\/wp-json\/wp\/v2\/product_brand?post=10392"},{"taxonomy":"product_cat","embeddable":true,"href":"https:\/\/miningspareparts.com\/fr\/wp-json\/wp\/v2\/product_cat?post=10392"},{"taxonomy":"product_tag","embeddable":true,"href":"https:\/\/miningspareparts.com\/fr\/wp-json\/wp\/v2\/product_tag?post=10392"}],"curies":[{"name":"wp","href":"https:\/\/api.w.org\/{rel}","templated":true}]}}