{"id":10430,"date":"2024-08-16T05:27:02","date_gmt":"2024-08-16T05:27:02","guid":{"rendered":"https:\/\/miningspareparts.com\/?post_type=product&#038;p=10430"},"modified":"2025-12-02T01:09:49","modified_gmt":"2025-12-02T01:09:49","slug":"ch440-head-nut-for-jaw-crusher-442-7105-01","status":"publish","type":"product","link":"https:\/\/miningspareparts.com\/fr\/produit\/ch440-head-nut-for-jaw-crusher-442-7105-01\/","title":{"rendered":"CH440 \u00c9crou de t\u00eate pour concasseur \u00e0 m\u00e2choires 442.7105-01"},"content":{"rendered":"<p><strong>MiningSpares comprend et couvre depuis longtemps les concasseurs \u00e0 m\u00e2choires.<\/strong><strong>Voici une description de l'\u00e9crou de t\u00eate CH440.<\/strong><\/p>\n<p style=\"font-weight: 400;\">L'anneau de coupe est \u00e9galement connu sous le nom d'anneau de combustion, il est situ\u00e9 entre le manteau du c\u00f4ne et l'\u00e9crou de blocage, fabriqu\u00e9 en acier au carbone, et a pour fonction de bloquer le manteau sur l'assemblage de l'arbre. L'anneau de combustion est facile \u00e0 couper pour perdre le manteau lors du remplacement des chemises, c'est pourquoi il est \u00e9galement appel\u00e9 anneau de coupe. Casteel maintient des stocks vari\u00e9s pour les mod\u00e8les de concasseurs Metso, Sanvik, Symons, Shanbao, Terex, telsmith.<\/p>\n<p>Les plaques \u00e0 bascule CJ411 de MiningSpares sont fabriqu\u00e9es \u00e0 l'aide de proc\u00e9d\u00e9s de moulage avanc\u00e9s. Au cours du processus de fabrication, nous contr\u00f4lons strictement la s\u00e9lection des mat\u00e9riaux et le d\u00e9roulement du processus afin de garantir l'excellence de la qualit\u00e9 et des performances du produit. Nous utilisons des mat\u00e9riaux en acier alli\u00e9 de haute qualit\u00e9 combin\u00e9s \u00e0 une technologie de moulage avanc\u00e9e pour garantir que nos produits pr\u00e9sentent une excellente r\u00e9sistance \u00e0 l'usure et aux chocs. En outre, notre processus de fabrication comprend des proc\u00e9d\u00e9s d'usinage de pr\u00e9cision et de traitement thermique pour am\u00e9liorer encore la r\u00e9sistance et la durabilit\u00e9.<\/p>\n<table width=\"639\">\n<tbody>\n<tr>\n<td width=\"43\">Non.<\/td>\n<td width=\"181\">Nom<\/td>\n<td width=\"168\">Mod\u00e8le<\/td>\n<td width=\"148\">Code de l'article<\/td>\n<td width=\"99\">poids\/kg<\/td>\n<\/tr>\n<tr>\n<td>1<\/td>\n<td>Presse Seal<\/td>\n<td>CH440\/H4800<\/td>\n<td>442.7169R3<\/td>\n<td>12<\/td>\n<\/tr>\n<tr>\n<td>2<\/td>\n<td>Douille de l'araign\u00e9e<\/td>\n<td>CH440\/H4800<\/td>\n<td>BG00237121<\/td>\n<td>68<\/td>\n<\/tr>\n<tr>\n<td>3<\/td>\n<td>Jeu de roulements \u00e0 billes<\/td>\n<td>CH440\/H4800<\/td>\n<td>BG00259470<\/td>\n<td>75<\/td>\n<\/tr>\n<tr>\n<td>4<\/td>\n<td>Assemblage de l'arbre principal<\/td>\n<td>CH440\/H4800<\/td>\n<td>BG00296337<\/td>\n<td>3000<\/td>\n<\/tr>\n<tr>\n<td>5<\/td>\n<td>Assemblage de l'arbre principal<\/td>\n<td>CH440\/H4800<\/td>\n<td>BG00566233<\/td>\n<td>3500<\/td>\n<\/tr>\n<tr>\n<td>6<\/td>\n<td>Tuyau hydraulique<\/td>\n<td>CH440\/H4800<\/td>\n<td>442.1901-00<\/td>\n<td>3<\/td>\n<\/tr>\n<tr>\n<td>7<\/td>\n<td>Assemblage de la pompe de lubrification<\/td>\n<td>CH440\/H4800<\/td>\n<td>442.5663-90<\/td>\n<td>0<\/td>\n<\/tr>\n<tr>\n<td>8<\/td>\n<td>Paire d'engrenages<\/td>\n<td>CH440\/H4800<\/td>\n<td>442.7093-00<\/td>\n<td>127<\/td>\n<\/tr>\n<tr>\n<td>9<\/td>\n<td>Pignon<\/td>\n<td>CH440\/H4800<\/td>\n<td>442.7093-02<\/td>\n<td>15<\/td>\n<\/tr>\n<tr>\n<td>10<\/td>\n<td>\u00c9crou de t\u00eate avec anneau de br\u00fblure<\/td>\n<td>CH440\/H4800<\/td>\n<td>442.7105-00<\/td>\n<td>54<\/td>\n<\/tr>\n<tr>\n<td>11<\/td>\n<td>Plaque d'usure excentrique<\/td>\n<td>CH440\/H4800<\/td>\n<td>442.7107-01<\/td>\n<td>23<\/td>\n<\/tr>\n<tr>\n<td>12<\/td>\n<td>Plaque d'usure excentrique<\/td>\n<td>CH440\/H4800<\/td>\n<td>442.7107.01<\/td>\n<td>22<\/td>\n<\/tr>\n<tr>\n<td>13<\/td>\n<td>Bague d'\u00e9tanch\u00e9it\u00e9<\/td>\n<td>CH440\/H4800<\/td>\n<td>442.7108-01<\/td>\n<td>1.8<\/td>\n<\/tr>\n<tr>\n<td>14<\/td>\n<td>Barre de rep\u00e9rage<\/td>\n<td>CH440\/H4800<\/td>\n<td>442.7110-01<\/td>\n<td>3<\/td>\n<\/tr>\n<tr>\n<td>15<\/td>\n<td>Anneau de Buring<\/td>\n<td>CH440\/H4800<\/td>\n<td>442.7115-01<\/td>\n<td>3.4<\/td>\n<\/tr>\n<tr>\n<td>16<\/td>\n<td>Chemise d'arbre principal<\/td>\n<td>CH440\/H4800<\/td>\n<td>442.7117-01<\/td>\n<td>39<\/td>\n<\/tr>\n<tr>\n<td>17<\/td>\n<td>Marche de l'arbre principal<\/td>\n<td>CH440\/H4800<\/td>\n<td>442.7120-01<\/td>\n<td>24<\/td>\n<\/tr>\n<tr>\n<td>18<\/td>\n<td>Marche de l'arbre principal<\/td>\n<td>CH440\/H4800<\/td>\n<td>442.7120.01<\/td>\n<td>24<\/td>\n<\/tr>\n<tr>\n<td>19<\/td>\n<td>Lave-pieds<\/td>\n<td>CH440\/H4800<\/td>\n<td>442.7121-01<\/td>\n<td>26<\/td>\n<\/tr>\n<tr>\n<td>20<\/td>\n<td>Plaque d'usure du piston<\/td>\n<td>CH440\/H4800<\/td>\n<td>442.7122-01<\/td>\n<td>26<\/td>\n<\/tr>\n<\/tbody>\n<\/table>","protected":false},"excerpt":{"rendered":"<p><strong>Nom de l'article :<\/strong>\u00c9crou de t\u00eate avec anneau de br\u00fblure<\/p>\n<p><strong>Mod\u00e8le :<\/strong> CH440 \u00a0 \u00a0<strong>Poids :<\/strong> 54 kg\u00a0 \u00a0 \u00a0 <strong>Code de l'article :<\/strong> 442.7105-01<\/p>\n<p><strong>Mat\u00e9riau de fonderie :<\/strong><\/p>\n<p><strong>Mat\u00e9riau applicable :<\/strong> Gravier, granit, basalte, minerai, calcaire, gr\u00e8s, quatz, pav\u00e9<\/p>\n<p><strong>Applications :<\/strong> Mines, carri\u00e8res, construction, ciment et mat\u00e9riaux, recyclage<\/p>","protected":false},"featured_media":11299,"template":"","meta":{"_uag_custom_page_level_css":"","site-sidebar-layout":"default","site-content-layout":"","ast-site-content-layout":"default","site-content-style":"default","site-sidebar-style":"default","ast-global-header-display":"","ast-banner-title-visibility":"","ast-main-header-display":"","ast-hfb-above-header-display":"","ast-hfb-below-header-display":"","ast-hfb-mobile-header-display":"","site-post-title":"","ast-breadcrumbs-content":"","ast-featured-img":"","footer-sml-layout":"","ast-disable-related-posts":"","theme-transparent-header-meta":"default","adv-header-id-meta":"","stick-header-meta":"default","header-above-stick-meta":"","header-main-stick-meta":"","header-below-stick-meta":"","astra-migrate-meta-layouts":"set","ast-page-background-enabled":"default","ast-page-background-meta":{"desktop":{"background-color":"var(--ast-global-color-4)","background-image":"","background-repeat":"repeat","background-position":"center center","background-size":"auto","background-attachment":"scroll","background-type":"","background-media":"","overlay-type":"","overlay-color":"","overlay-opacity":"","overlay-gradient":""},"tablet":{"background-color":"","background-image":"","background-repeat":"repeat","background-position":"center center","background-size":"auto","background-attachment":"scroll","background-type":"","background-media":"","overlay-type":"","overlay-color":"","overlay-opacity":"","overlay-gradient":""},"mobile":{"background-color":"","background-image":"","background-repeat":"repeat","background-position":"center center","background-size":"auto","background-attachment":"scroll","background-type":"","background-media":"","overlay-type":"","overlay-color":"","overlay-opacity":"","overlay-gradient":""}},"ast-content-background-meta":{"desktop":{"background-color":"var(--ast-global-color-5)","background-image":"","background-repeat":"repeat","background-position":"center center","background-size":"auto","background-attachment":"scroll","background-type":"","background-media":"","overlay-type":"","overlay-color":"","overlay-opacity":"","overlay-gradient":""},"tablet":{"background-color":"var(--ast-global-color-5)","background-image":"","background-repeat":"repeat","background-position":"center center","background-size":"auto","background-attachment":"scroll","background-type":"","background-media":"","overlay-type":"","overlay-color":"","overlay-opacity":"","overlay-gradient":""},"mobile":{"background-color":"var(--ast-global-color-5)","background-image":"","background-repeat":"repeat","background-position":"center center","background-size":"auto","background-attachment":"scroll","background-type":"","background-media":"","overlay-type":"","overlay-color":"","overlay-opacity":"","overlay-gradient":""}}},"product_brand":[],"product_cat":[284,57,87,184],"product_tag":[],"class_list":{"0":"post-10430","1":"product","2":"type-product","3":"status-publish","4":"has-post-thumbnail","6":"product_cat-by-brands","7":"product_cat-crusher-spares","8":"product_cat-engineering-parts","9":"product_cat-sandvick","10":"desktop-align-left","11":"tablet-align-left","12":"mobile-align-left","13":"ast-product-gallery-layout-horizontal-slider","14":"ast-product-gallery-with-no-image","15":"ast-product-tabs-layout-horizontal","17":"first","18":"instock","19":"shipping-taxable","20":"product-type-simple"},"yoast_head":"<!-- This site is optimized with the Yoast SEO plugin v27.4 - https:\/\/yoast.com\/product\/yoast-seo-wordpress\/ -->\n<title>CH440 Head Nut For Jaw Crusher 442.7105-01- Crusher parts, Slurry Pump Parts, Excavator shovel parts<\/title>\n<meta name=\"description\" content=\"CH440 Head Nut For Jaw Crusher 442.7105-01,durable quality and best price,aftermarket, inventory, ready in stock, durable , fast delivery\" \/>\n<meta name=\"robots\" content=\"index, follow, max-snippet:-1, max-image-preview:large, max-video-preview:-1\" \/>\n<link rel=\"canonical\" href=\"https:\/\/miningspareparts.com\/fr\/produit\/ch440-head-nut-for-jaw-crusher-442-7105-01\/\" \/>\n<meta property=\"og:locale\" content=\"fr_FR\" \/>\n<meta property=\"og:type\" content=\"article\" \/>\n<meta property=\"og:title\" content=\"CH440 Head Nut For Jaw Crusher 442.7105-01- Crusher parts, Slurry Pump Parts, Excavator shovel parts\" \/>\n<meta property=\"og:description\" content=\"CH440 Head Nut For Jaw Crusher 442.7105-01,durable quality and best price,aftermarket, inventory, ready in stock, durable , fast delivery\" \/>\n<meta property=\"og:url\" content=\"https:\/\/miningspareparts.com\/fr\/produit\/ch440-head-nut-for-jaw-crusher-442-7105-01\/\" \/>\n<meta property=\"og:site_name\" content=\"Crusher parts, Slurry Pump Parts, Excavator shovel parts\" \/>\n<meta property=\"article:modified_time\" content=\"2025-12-02T01:09:49+00:00\" \/>\n<meta property=\"og:image\" content=\"https:\/\/miningspareparts.com\/wp-content\/uploads\/2024\/08\/CH440-Head-Nut-For-Jaw-Crusher-442.7105-01.webp\" \/>\n\t<meta property=\"og:image:width\" content=\"800\" \/>\n\t<meta property=\"og:image:height\" content=\"800\" \/>\n\t<meta property=\"og:image:type\" content=\"image\/webp\" \/>\n<meta name=\"twitter:card\" content=\"summary_large_image\" \/>\n<meta name=\"twitter:label1\" content=\"Dur\u00e9e de lecture estim\u00e9e\" \/>\n\t<meta name=\"twitter:data1\" content=\"2 minutes\" \/>\n<script type=\"application\/ld+json\" class=\"yoast-schema-graph\">{\"@context\":\"https:\\\/\\\/schema.org\",\"@graph\":[{\"@type\":\"WebPage\",\"@id\":\"https:\\\/\\\/miningspareparts.com\\\/product\\\/ch440-head-nut-for-jaw-crusher-442-7105-01\\\/\",\"url\":\"https:\\\/\\\/miningspareparts.com\\\/product\\\/ch440-head-nut-for-jaw-crusher-442-7105-01\\\/\",\"name\":\"CH440 Head Nut For Jaw Crusher 442.7105-01- Crusher parts, Slurry Pump Parts, Excavator shovel parts\",\"isPartOf\":{\"@id\":\"https:\\\/\\\/miningspareparts.com\\\/#website\"},\"primaryImageOfPage\":{\"@id\":\"https:\\\/\\\/miningspareparts.com\\\/product\\\/ch440-head-nut-for-jaw-crusher-442-7105-01\\\/#primaryimage\"},\"image\":{\"@id\":\"https:\\\/\\\/miningspareparts.com\\\/product\\\/ch440-head-nut-for-jaw-crusher-442-7105-01\\\/#primaryimage\"},\"thumbnailUrl\":\"https:\\\/\\\/miningspareparts.com\\\/wp-content\\\/uploads\\\/2024\\\/08\\\/CH440-Head-Nut-For-Jaw-Crusher-442.7105-01.webp\",\"datePublished\":\"2024-08-16T05:27:02+00:00\",\"dateModified\":\"2025-12-02T01:09:49+00:00\",\"description\":\"CH440 Head Nut For Jaw Crusher 442.7105-01,durable quality and best price,aftermarket, inventory, ready in stock, durable , fast delivery\",\"breadcrumb\":{\"@id\":\"https:\\\/\\\/miningspareparts.com\\\/product\\\/ch440-head-nut-for-jaw-crusher-442-7105-01\\\/#breadcrumb\"},\"inLanguage\":\"fr-FR\",\"potentialAction\":[{\"@type\":\"ReadAction\",\"target\":[\"https:\\\/\\\/miningspareparts.com\\\/product\\\/ch440-head-nut-for-jaw-crusher-442-7105-01\\\/\"]}]},{\"@type\":\"ImageObject\",\"inLanguage\":\"fr-FR\",\"@id\":\"https:\\\/\\\/miningspareparts.com\\\/product\\\/ch440-head-nut-for-jaw-crusher-442-7105-01\\\/#primaryimage\",\"url\":\"https:\\\/\\\/miningspareparts.com\\\/wp-content\\\/uploads\\\/2024\\\/08\\\/CH440-Head-Nut-For-Jaw-Crusher-442.7105-01.webp\",\"contentUrl\":\"https:\\\/\\\/miningspareparts.com\\\/wp-content\\\/uploads\\\/2024\\\/08\\\/CH440-Head-Nut-For-Jaw-Crusher-442.7105-01.webp\",\"width\":800,\"height\":800,\"caption\":\"CH440 Head Nut For Jaw Crusher 442.7105-01\"},{\"@type\":\"BreadcrumbList\",\"@id\":\"https:\\\/\\\/miningspareparts.com\\\/product\\\/ch440-head-nut-for-jaw-crusher-442-7105-01\\\/#breadcrumb\",\"itemListElement\":[{\"@type\":\"ListItem\",\"position\":1,\"name\":\"Home\",\"item\":\"https:\\\/\\\/miningspareparts.com\\\/\"},{\"@type\":\"ListItem\",\"position\":2,\"name\":\"Premium Mining Wear And Spare Parts\",\"item\":\"https:\\\/\\\/miningspareparts.com\\\/shop\\\/\"},{\"@type\":\"ListItem\",\"position\":3,\"name\":\"CH440 Head Nut For Jaw Crusher 442.7105-01\"}]},{\"@type\":\"WebSite\",\"@id\":\"https:\\\/\\\/miningspareparts.com\\\/#website\",\"url\":\"https:\\\/\\\/miningspareparts.com\\\/\",\"name\":\"Crusher parts , Concrete Mixer Parts, Slurry Pump Parts, Mining Spares\",\"description\":\"Mining Wear &amp; Spare Parts Supplier\",\"publisher\":{\"@id\":\"https:\\\/\\\/miningspareparts.com\\\/#organization\"},\"potentialAction\":[{\"@type\":\"SearchAction\",\"target\":{\"@type\":\"EntryPoint\",\"urlTemplate\":\"https:\\\/\\\/miningspareparts.com\\\/?s={search_term_string}\"},\"query-input\":{\"@type\":\"PropertyValueSpecification\",\"valueRequired\":true,\"valueName\":\"search_term_string\"}}],\"inLanguage\":\"fr-FR\"},{\"@type\":\"Organization\",\"@id\":\"https:\\\/\\\/miningspareparts.com\\\/#organization\",\"name\":\"Crusher parts , Concrete Mixer Parts, Slurry Pump Parts, Mining Spares\",\"url\":\"https:\\\/\\\/miningspareparts.com\\\/\",\"logo\":{\"@type\":\"ImageObject\",\"inLanguage\":\"fr-FR\",\"@id\":\"https:\\\/\\\/miningspareparts.com\\\/#\\\/schema\\\/logo\\\/image\\\/\",\"url\":\"https:\\\/\\\/miningspareparts.com\\\/wp-content\\\/uploads\\\/2025\\\/04\\\/cropped-cropped-logo\u6b63\u65b9\u5f62.png\",\"contentUrl\":\"https:\\\/\\\/miningspareparts.com\\\/wp-content\\\/uploads\\\/2025\\\/04\\\/cropped-cropped-logo\u6b63\u65b9\u5f62.png\",\"width\":511,\"height\":171,\"caption\":\"Crusher parts , Concrete Mixer Parts, Slurry Pump Parts, Mining Spares\"},\"image\":{\"@id\":\"https:\\\/\\\/miningspareparts.com\\\/#\\\/schema\\\/logo\\\/image\\\/\"}}]}<\/script>\n<!-- \/ Yoast SEO plugin. -->","yoast_head_json":{"title":"CH440 Head Nut For Jaw Crusher 442.7105-01- Crusher parts, Slurry Pump Parts, Excavator shovel parts","description":"CH440 Head Nut For Jaw Crusher 442.7105-01,durable quality and best price,aftermarket, inventory, ready in stock, durable , fast delivery","robots":{"index":"index","follow":"follow","max-snippet":"max-snippet:-1","max-image-preview":"max-image-preview:large","max-video-preview":"max-video-preview:-1"},"canonical":"https:\/\/miningspareparts.com\/fr\/produit\/ch440-head-nut-for-jaw-crusher-442-7105-01\/","og_locale":"fr_FR","og_type":"article","og_title":"CH440 Head Nut For Jaw Crusher 442.7105-01- Crusher parts, Slurry Pump Parts, Excavator shovel parts","og_description":"CH440 Head Nut For Jaw Crusher 442.7105-01,durable quality and best price,aftermarket, inventory, ready in stock, durable , fast delivery","og_url":"https:\/\/miningspareparts.com\/fr\/produit\/ch440-head-nut-for-jaw-crusher-442-7105-01\/","og_site_name":"Crusher parts, Slurry Pump Parts, Excavator shovel parts","article_modified_time":"2025-12-02T01:09:49+00:00","og_image":[{"width":800,"height":800,"url":"https:\/\/miningspareparts.com\/wp-content\/uploads\/2024\/08\/CH440-Head-Nut-For-Jaw-Crusher-442.7105-01.webp","type":"image\/webp"}],"twitter_card":"summary_large_image","twitter_misc":{"Dur\u00e9e de lecture estim\u00e9e":"2 minutes"},"schema":{"@context":"https:\/\/schema.org","@graph":[{"@type":"WebPage","@id":"https:\/\/miningspareparts.com\/product\/ch440-head-nut-for-jaw-crusher-442-7105-01\/","url":"https:\/\/miningspareparts.com\/product\/ch440-head-nut-for-jaw-crusher-442-7105-01\/","name":"CH440 Head Nut For Jaw Crusher 442.7105-01- Crusher parts, Slurry Pump Parts, Excavator shovel parts","isPartOf":{"@id":"https:\/\/miningspareparts.com\/#website"},"primaryImageOfPage":{"@id":"https:\/\/miningspareparts.com\/product\/ch440-head-nut-for-jaw-crusher-442-7105-01\/#primaryimage"},"image":{"@id":"https:\/\/miningspareparts.com\/product\/ch440-head-nut-for-jaw-crusher-442-7105-01\/#primaryimage"},"thumbnailUrl":"https:\/\/miningspareparts.com\/wp-content\/uploads\/2024\/08\/CH440-Head-Nut-For-Jaw-Crusher-442.7105-01.webp","datePublished":"2024-08-16T05:27:02+00:00","dateModified":"2025-12-02T01:09:49+00:00","description":"CH440 Head Nut For Jaw Crusher 442.7105-01,durable quality and best price,aftermarket, inventory, ready in stock, durable , fast delivery","breadcrumb":{"@id":"https:\/\/miningspareparts.com\/product\/ch440-head-nut-for-jaw-crusher-442-7105-01\/#breadcrumb"},"inLanguage":"fr-FR","potentialAction":[{"@type":"ReadAction","target":["https:\/\/miningspareparts.com\/product\/ch440-head-nut-for-jaw-crusher-442-7105-01\/"]}]},{"@type":"ImageObject","inLanguage":"fr-FR","@id":"https:\/\/miningspareparts.com\/product\/ch440-head-nut-for-jaw-crusher-442-7105-01\/#primaryimage","url":"https:\/\/miningspareparts.com\/wp-content\/uploads\/2024\/08\/CH440-Head-Nut-For-Jaw-Crusher-442.7105-01.webp","contentUrl":"https:\/\/miningspareparts.com\/wp-content\/uploads\/2024\/08\/CH440-Head-Nut-For-Jaw-Crusher-442.7105-01.webp","width":800,"height":800,"caption":"CH440 Head Nut For Jaw Crusher 442.7105-01"},{"@type":"BreadcrumbList","@id":"https:\/\/miningspareparts.com\/product\/ch440-head-nut-for-jaw-crusher-442-7105-01\/#breadcrumb","itemListElement":[{"@type":"ListItem","position":1,"name":"Home","item":"https:\/\/miningspareparts.com\/"},{"@type":"ListItem","position":2,"name":"Premium Mining Wear And Spare Parts","item":"https:\/\/miningspareparts.com\/shop\/"},{"@type":"ListItem","position":3,"name":"CH440 Head Nut For Jaw Crusher 442.7105-01"}]},{"@type":"WebSite","@id":"https:\/\/miningspareparts.com\/#website","url":"https:\/\/miningspareparts.com\/","name":"Crusher parts , Concrete Mixer Parts, Slurry Pump Parts, Mining Spares","description":"Mining Wear &amp; Spare Parts Supplier","publisher":{"@id":"https:\/\/miningspareparts.com\/#organization"},"potentialAction":[{"@type":"SearchAction","target":{"@type":"EntryPoint","urlTemplate":"https:\/\/miningspareparts.com\/?s={search_term_string}"},"query-input":{"@type":"PropertyValueSpecification","valueRequired":true,"valueName":"search_term_string"}}],"inLanguage":"fr-FR"},{"@type":"Organization","@id":"https:\/\/miningspareparts.com\/#organization","name":"Crusher parts , Concrete Mixer Parts, Slurry Pump Parts, Mining Spares","url":"https:\/\/miningspareparts.com\/","logo":{"@type":"ImageObject","inLanguage":"fr-FR","@id":"https:\/\/miningspareparts.com\/#\/schema\/logo\/image\/","url":"https:\/\/miningspareparts.com\/wp-content\/uploads\/2025\/04\/cropped-cropped-logo\u6b63\u65b9\u5f62.png","contentUrl":"https:\/\/miningspareparts.com\/wp-content\/uploads\/2025\/04\/cropped-cropped-logo\u6b63\u65b9\u5f62.png","width":511,"height":171,"caption":"Crusher parts , Concrete Mixer Parts, Slurry Pump Parts, Mining Spares"},"image":{"@id":"https:\/\/miningspareparts.com\/#\/schema\/logo\/image\/"}}]}},"uagb_featured_image_src":{"full":["https:\/\/miningspareparts.com\/wp-content\/uploads\/2024\/08\/CH440-Head-Nut-For-Jaw-Crusher-442.7105-01.webp",800,800,false],"thumbnail":["https:\/\/miningspareparts.com\/wp-content\/uploads\/2024\/08\/CH440-Head-Nut-For-Jaw-Crusher-442.7105-01-150x150.webp",150,150,true],"medium":["https:\/\/miningspareparts.com\/wp-content\/uploads\/2024\/08\/CH440-Head-Nut-For-Jaw-Crusher-442.7105-01-300x300.webp",300,300,true],"medium_large":["https:\/\/miningspareparts.com\/wp-content\/uploads\/2024\/08\/CH440-Head-Nut-For-Jaw-Crusher-442.7105-01-768x768.webp",768,768,true],"large":["https:\/\/miningspareparts.com\/wp-content\/uploads\/2024\/08\/CH440-Head-Nut-For-Jaw-Crusher-442.7105-01.webp",800,800,false],"1536x1536":["https:\/\/miningspareparts.com\/wp-content\/uploads\/2024\/08\/CH440-Head-Nut-For-Jaw-Crusher-442.7105-01.webp",800,800,false],"2048x2048":["https:\/\/miningspareparts.com\/wp-content\/uploads\/2024\/08\/CH440-Head-Nut-For-Jaw-Crusher-442.7105-01.webp",800,800,false],"trp-custom-language-flag":["https:\/\/miningspareparts.com\/wp-content\/uploads\/2024\/08\/CH440-Head-Nut-For-Jaw-Crusher-442.7105-01-12x12.webp",12,12,true],"woocommerce_thumbnail":["https:\/\/miningspareparts.com\/wp-content\/uploads\/2024\/08\/CH440-Head-Nut-For-Jaw-Crusher-442.7105-01-300x300.webp",300,300,true],"woocommerce_single":["https:\/\/miningspareparts.com\/wp-content\/uploads\/2024\/08\/CH440-Head-Nut-For-Jaw-Crusher-442.7105-01-600x600.webp",600,600,true],"woocommerce_gallery_thumbnail":["https:\/\/miningspareparts.com\/wp-content\/uploads\/2024\/08\/CH440-Head-Nut-For-Jaw-Crusher-442.7105-01-100x100.webp",100,100,true]},"uagb_author_info":{"display_name":"Miningspareparts","author_link":"https:\/\/miningspareparts.com\/fr\/author\/"},"uagb_comment_info":0,"uagb_excerpt":"Item Names:Head Nut W\/Burn Ring Model: CH440 \u00a0 \u00a0Weights: 54kg\u00a0 \u00a0 \u00a0 Item code: 442.7105-01 Casting Material: Applicable Material: Gravel, Granite, Basalt, Ore, Limestone, Sandstone ,Quatz,Cobblestone Applications: Mining , Quarry, Construction ,Cement and Materials ,Recycling","_links":{"self":[{"href":"https:\/\/miningspareparts.com\/fr\/wp-json\/wp\/v2\/product\/10430","targetHints":{"allow":["GET"]}}],"collection":[{"href":"https:\/\/miningspareparts.com\/fr\/wp-json\/wp\/v2\/product"}],"about":[{"href":"https:\/\/miningspareparts.com\/fr\/wp-json\/wp\/v2\/types\/product"}],"wp:featuredmedia":[{"embeddable":true,"href":"https:\/\/miningspareparts.com\/fr\/wp-json\/wp\/v2\/media\/11299"}],"wp:attachment":[{"href":"https:\/\/miningspareparts.com\/fr\/wp-json\/wp\/v2\/media?parent=10430"}],"wp:term":[{"taxonomy":"product_brand","embeddable":true,"href":"https:\/\/miningspareparts.com\/fr\/wp-json\/wp\/v2\/product_brand?post=10430"},{"taxonomy":"product_cat","embeddable":true,"href":"https:\/\/miningspareparts.com\/fr\/wp-json\/wp\/v2\/product_cat?post=10430"},{"taxonomy":"product_tag","embeddable":true,"href":"https:\/\/miningspareparts.com\/fr\/wp-json\/wp\/v2\/product_tag?post=10430"}],"curies":[{"name":"wp","href":"https:\/\/api.w.org\/{rel}","templated":true}]}}