{"id":10514,"date":"2024-08-26T02:50:53","date_gmt":"2024-08-26T02:50:53","guid":{"rendered":"https:\/\/miningspareparts.com\/?post_type=product&#038;p=10514"},"modified":"2026-02-02T07:29:52","modified_gmt":"2026-02-02T07:29:52","slug":"pegson-48fc-lower-mantle","status":"publish","type":"product","link":"https:\/\/miningspareparts.com\/fr\/produit\/pegson-48fc-lower-mantle\/","title":{"rendered":"Pegson 48FC manteau inf\u00e9rieur pour concasseur \u00e0 c\u00f4ne B-272-348C"},"content":{"rendered":"<p><strong>MiningSpares comprend et couvre depuis longtemps les concasseurs \u00e0 c\u00f4ne \uff0c<\/strong><strong>Voici une description du manteau inf\u00e9rieur Pegson 48FC.<\/strong><\/p>\n<p>Le manteau inf\u00e9rieur Pegson 48FC de MiningSpares utilise des alliages de mangan\u00e8se de haute qualit\u00e9, notamment les alliages 13% Standard, 18% Premium et 22% High, pour r\u00e9pondre aux diverses exigences op\u00e9rationnelles et peut \u00eatre personnalis\u00e9 en fonction de vos besoins.<br \/>\nNous proposons \u00e9galement diff\u00e9rentes couleurs au choix : rouge, bleu, vert, noir, gris, etc.<\/p>\n<table width=\"639\">\n<tbody>\n<tr>\n<td width=\"43\">Non.<\/td>\n<td width=\"181\">Nom<\/td>\n<td width=\"168\">Mod\u00e8le<\/td>\n<td width=\"148\">Code de l'article<\/td>\n<td width=\"99\">poids\/kg<\/td>\n<\/tr>\n<tr>\n<td>1<\/td>\n<td>Manteau inf\u00e9rieur 604-143<\/td>\n<td>Pegson 48FC<\/td>\n<td>B-272-348<\/td>\n<td>560<\/td>\n<\/tr>\n<tr>\n<td>2<\/td>\n<td>Manteau sup\u00e9rieur 604-144<\/td>\n<td>Pegson 48FC<\/td>\n<td>B-272-349<\/td>\n<td>70<\/td>\n<\/tr>\n<tr>\n<td>3<\/td>\n<td>Anneau concave 604-166<\/td>\n<td>Pegson 48FC<\/td>\n<td>B-272-344C<\/td>\n<td>600<\/td>\n<\/tr>\n<\/tbody>\n<\/table>\n<p><strong>Le processus de fabrication est tr\u00e8s strict afin de garantir une adaptation parfaite \u00e0 la machine.<\/strong><\/p>\n<p><img fetchpriority=\"high\" decoding=\"async\" class=\"alignnone wp-image-9910\" src=\"https:\/\/miningspareparts.com\/wp-content\/uploads\/2024\/06\/Bowl-Liner-and-Mantle-Casting-Process.webp\" alt=\"\" width=\"1566\" height=\"890\" \/><\/p>\n<p>Les manchons inf\u00e9rieurs Pegson 48FC de MiningSpares sont fabriqu\u00e9s \u00e0 l'aide de proc\u00e9d\u00e9s de moulage avanc\u00e9s. Au cours du processus de fabrication, nous contr\u00f4lons strictement la s\u00e9lection des mat\u00e9riaux et le d\u00e9roulement du processus afin de garantir l'excellence de la qualit\u00e9 et des performances du produit. Nous utilisons des mat\u00e9riaux en acier alli\u00e9 de haute qualit\u00e9 combin\u00e9s \u00e0 une technologie de moulage avanc\u00e9e pour garantir que nos produits pr\u00e9sentent une excellente r\u00e9sistance \u00e0 l'usure et aux chocs. En outre, notre processus de fabrication comprend des proc\u00e9d\u00e9s d'usinage de pr\u00e9cision et de traitement thermique pour am\u00e9liorer encore la r\u00e9sistance et la durabilit\u00e9.<\/p>\n<p>Pour la plupart des marques mondialement connues telles que Mettso, Sandvick, Terex, Shanbao, Telsmith, etc.<br \/>\n<strong>Nous disposons tous d'un stock important de dessins originaux, ce qui nous permet de produire \u00e0 un co\u00fbt relativement faible.<\/strong><\/p>\n<table width=\"1268\">\n<tbody>\n<tr>\n<td width=\"142\"><strong>Marque<\/strong><\/td>\n<td width=\"239\"><strong>S\u00e9rie<\/strong><\/td>\n<td width=\"887\"><strong>Mod\u00e8le de concasseur<\/strong><\/td>\n<\/tr>\n<tr>\n<td rowspan=\"4\">Mettso<\/td>\n<td>S\u00e9rie de c\u00f4nes Nordberg HP<\/td>\n<td>HP100, HP200, HP300, HP400, HP500, HP700, HP800 , HP900, HP3, HP4, HP5, HP6<\/td>\n<\/tr>\n<tr>\n<td>S\u00e9rie GP de Nordberg<\/td>\n<td>GP100, GP200, GP200S, GP300, GP300S, GP11F, GP500, GP550S, GP220, GP330, GP7<\/td>\n<\/tr>\n<tr>\n<td>S\u00e9rie MP de Nordberg<\/td>\n<td>MP800, MP1000, MP1250, MP2250<\/td>\n<\/tr>\n<tr>\n<td>S\u00e9rie multi-cylindres Omnicone<\/td>\n<td>937SX, 1144SX, 1352, 1560, 937ST, 1352ST, 1144ST<\/td>\n<\/tr>\n<tr>\n<td rowspan=\"3\">Sandvick<\/td>\n<td>Concasseur \u00e0 c\u00f4ne s\u00e9rie CH<\/td>\n<td>CH420, CH430, CH440, CH830i, CH540, CH550, CH840i, CH660, CH860i, CH865, CH865i, CH870, CH870i, CH880, CH890 CH890i, CH895i<\/td>\n<\/tr>\n<tr>\n<td>Concasseur \u00e0 c\u00f4ne s\u00e9rie CS<\/td>\n<td>CS420, CS430, CS440, CS840i, CS660<\/td>\n<\/tr>\n<tr>\n<td>Gamme de c\u00f4nes giratoires sup\u00e9rieurs<\/td>\n<td>\u00a0S2800, S3800, S4800, S6800<\/td>\n<\/tr>\n<tr>\n<td>Kleemann<\/td>\n<td>Gamme Mobicone<\/td>\n<td>MCO9, MCO9i, MCO9s, MCO9si, MCO11, MCO11s, MCO11sx, MCO11 Pro, MCO13, MCO13s<\/td>\n<\/tr>\n<tr>\n<td rowspan=\"3\">Shanbao<\/td>\n<td>S\u00e9rie PYB<\/td>\n<td>PYB900, PYD900, PYZ900, PYB1200, PYD1200, PYZ1200, PYB1750, PYZ1750, PYD1750, PYB2200, PYZ2200, PYD2200<\/td>\n<\/tr>\n<tr>\n<td>S\u00e9rie PYFB<\/td>\n<td>PYFB1325, PYFB1324, PYFB1321, PYFB1636, PYFB1626, PYFB1624, PYFB1620<\/td>\n<\/tr>\n<tr>\n<td>S\u00e9rie PYFD<\/td>\n<td>\u00a0PYFD1313, PYFD1310, PYFD1308, PYFD1608, PYFD1607, PYFD1613, PYFD1614, PYFD1608, PYFD1607, PYFD1614<\/td>\n<\/tr>\n<tr>\n<td rowspan=\"2\">Symons<\/td>\n<td>Concasseur \u00e0 c\u00f4ne s\u00e9rie FT<\/td>\n<td>2FT, 3FT, 4FT, 4-1\/4FT, 5-1\/2FT, 7FT<\/td>\n<\/tr>\n<tr>\n<td>S\u00e9rie Gyradisc<\/td>\n<td>36&#8243;,\u00a0 48&#8243;,\u00a0 66&#8243;<\/td>\n<\/tr>\n<tr>\n<td rowspan=\"5\">Terex<\/td>\n<td>Gamme El-Jay Rollercone<\/td>\n<td>ELJAY 45\u2033, ELJAY 54\u2033, ELJAY 66\u2033<\/td>\n<\/tr>\n<tr>\n<td>Cedarapids<\/td>\n<td>RC36, RC45<\/td>\n<\/tr>\n<tr>\n<td>Concasseur \u00e0 c\u00f4ne s\u00e9rie TC\/TG<\/td>\n<td>TC1000, TC1150, TC1300, TG120, TG220, TG320, TG420, TG820, TG1020, TC100SR, TC1400, TC1500<\/td>\n<\/tr>\n<tr>\n<td>Concasseur \u00e0 c\u00f4ne s\u00e9rie TGS\/MVP<\/td>\n<td>TGS120, TGS220, TGS320, TGS420, MVP380X, MVP450X, MVP550X, RC45III<\/td>\n<\/tr>\n<tr>\n<td>Gamme de c\u00f4nes MVP de Cedar Rapids<\/td>\n<td>MVP280, MVP380, MVP450, MVP550, MVP380X, MVP450X, MVP550X<\/td>\n<\/tr>\n<tr>\n<td rowspan=\"3\">Telsmith<\/td>\n<td>Concasseur \u00e0 c\u00f4ne s\u00e9rie T<\/td>\n<td>T200, T300, T400, T500, T900.<\/td>\n<\/tr>\n<tr>\n<td>S\u00e9rie de c\u00f4nes Gyrasphere<\/td>\n<td>24\u2033, 36\u2033Std, 36FC, 38H, 44\u2033, 48S\", 48FC<\/td>\n<\/tr>\n<tr>\n<td>Concasseur \u00e0 c\u00f4ne s\u00e9rie SBS\/SBX<\/td>\n<td>SBS38, SBS44, SBS52, SBS57, SBS68, SBX44, SBX52, SBX57<\/td>\n<\/tr>\n<tr>\n<td rowspan=\"2\">Faco<\/td>\n<td>S\u00e9rie Cone Allis Chalmers<\/td>\n<td>6-45,\u00a0 7-60,\u00a0 3-48, 3-84,\u00a0 2-60,\u00a0 10-60,\u00a0 3-60<\/td>\n<\/tr>\n<tr>\n<td>S\u00e9rie Hydrocone Allis Chalmers<\/td>\n<td>H2000, H3000, H4000, H6000, H7000, H8000, H36\u2033, H51\u2033.<\/td>\n<\/tr>\n<tr>\n<td>Svedala<\/td>\n<td>\u00a0S\u00e9rie Hydrocone<\/td>\n<td>H2800, H3800, H4800, H6800, H7800, H8800, H51, H36<\/td>\n<\/tr>\n<tr>\n<td>Chyi Meang<\/td>\n<td>S\u00e9rie c\u00f4ne hydraulique<\/td>\n<td>PS2S , PC2S, PF2S, PC3S, PF3S, PC4S, PF4S, PSS2S<\/td>\n<\/tr>\n<tr>\n<td rowspan=\"2\">Minyu<\/td>\n<td>S\u00e9rie de c\u00f4nes combin\u00e9s<\/td>\n<td>MCC1000, MCF1150, MCC1300, MCSS1300, MCC1370, MCC1500, MCS1500, MCC1680, MCF1680<\/td>\n<\/tr>\n<tr>\n<td>S\u00e9rie c\u00f4ne hydraulique<\/td>\n<td>MSP100, MSP200, MSP300, MSP400<\/td>\n<\/tr>\n<tr>\n<td>Kawasaki<\/td>\n<td>S\u00e9rie RX Cone<\/td>\n<td>RXC150, RXC220, RXC270<\/td>\n<\/tr>\n<tr>\n<td>Trio<\/td>\n<td width=\"239\">S\u00e9rie TC<\/td>\n<td>TC36, TC51, TC66, TC84 Standard &amp; Shorthead<\/td>\n<\/tr>\n<tr>\n<td>McColskey<\/td>\n<td width=\"239\">S\u00e9rie Mobile Cone<\/td>\n<td>C38, C44, C40, C50<\/td>\n<\/tr>\n<tr>\n<td>Sovient<\/td>\n<td width=\"239\">S\u00e9rie KMD<\/td>\n<td>KCD-600, KCD-900, KMD-1200, KMD-1750, KMD-2200, KSD-2200<\/td>\n<\/tr>\n<tr>\n<td>Kodiak<\/td>\n<td width=\"239\">S\u00e9rie Cone<\/td>\n<td>K200+ , k300+ , K400+<\/td>\n<\/tr>\n<tr>\n<td>Sanme<\/td>\n<td width=\"239\">S\u00e9rie SMH<\/td>\n<td>SMH120, SMH180, SMH250DC, SMH350EC, SMH550, CC51<\/td>\n<\/tr>\n<tr>\n<td>Nakayama<\/td>\n<td width=\"239\">S\u00e9rie Cone<\/td>\n<td>NEM40H, NCC40H, NCSH42H, NSC200, NSC300, NSC400<\/td>\n<\/tr>\n<tr>\n<td>FLS midth<\/td>\n<td width=\"239\">S\u00e9rie Raptor Cone<\/td>\n<td>XL300, XL400, XL500, XL600, XL900, XL1100, XL1300, XL2000, XL410<\/td>\n<\/tr>\n<tr>\n<td rowspan=\"2\">Liming SBM<\/td>\n<td width=\"239\">S\u00e9rie Vipeak CS<\/td>\n<td>CS75B, CS75D, CS160B, CS160D, CS240B, CS240D, CS400B, CS400D<\/td>\n<\/tr>\n<tr>\n<td width=\"239\">S\u00e9rie Kefid HST<\/td>\n<td>HST100, HST160, HST250, HST315, HST560, HST750<\/td>\n<\/tr>\n<tr>\n<td>Z\u00e9nith<\/td>\n<td width=\"239\">S\u00e9rie HPT\/HPC<\/td>\n<td>HPT100, HPT200, HPT300, HPT400, HPT500, HPT800, HPC220, HPC400<\/td>\n<\/tr>\n<tr>\n<td style=\"text-align: center;\" colspan=\"3\"><strong>Autres marques et dessins personnalis\u00e9s, veuillez nous contacter pour promote@miningspareparts.com<\/strong><\/td>\n<\/tr>\n<\/tbody>\n<\/table>","protected":false},"excerpt":{"rendered":"<p><strong>Nom de l'article : <\/strong>Concave, manteau, anneau concave, segment concave, rev\u00eatement de cuvette, rev\u00eatement de c\u00f4ne, prot\u00e8ge-bras, plaque de distribution, manteau inf\u00e9rieur, manteau sup\u00e9rieur<\/p>\n<p><strong>Mod\u00e8le :<\/strong> Pegson 48FC \u00a0 \u00a0 \u00a0<strong>Poids :<\/strong> 560 kg\u00a0 \u00a0 \u00a0 \u00a0<strong>Code de l'article :<\/strong> B-272-348C<\/p>\n<p><strong>Mat\u00e9riau de fonderie :<\/strong>\u00a0 M13Cr2, Mn18Cr2, Mn22Cr2<\/p>\n<p><strong>Mat\u00e9riau applicable :<\/strong> Gravier, granit, basalte, minerai, calcaire, gr\u00e8s, quatz, pav\u00e9<\/p>\n<p><strong>Applications :<\/strong> Mines, carri\u00e8res, construction, ciment et mat\u00e9riaux, recyclage<\/p>","protected":false},"featured_media":11563,"template":"","meta":{"_uag_custom_page_level_css":"","site-sidebar-layout":"default","site-content-layout":"","ast-site-content-layout":"default","site-content-style":"default","site-sidebar-style":"default","ast-global-header-display":"","ast-banner-title-visibility":"","ast-main-header-display":"","ast-hfb-above-header-display":"","ast-hfb-below-header-display":"","ast-hfb-mobile-header-display":"","site-post-title":"","ast-breadcrumbs-content":"","ast-featured-img":"","footer-sml-layout":"","ast-disable-related-posts":"","theme-transparent-header-meta":"default","adv-header-id-meta":"","stick-header-meta":"default","header-above-stick-meta":"","header-main-stick-meta":"","header-below-stick-meta":"","astra-migrate-meta-layouts":"set","ast-page-background-enabled":"default","ast-page-background-meta":{"desktop":{"background-color":"var(--ast-global-color-4)","background-image":"","background-repeat":"repeat","background-position":"center center","background-size":"auto","background-attachment":"scroll","background-type":"","background-media":"","overlay-type":"","overlay-color":"","overlay-opacity":"","overlay-gradient":""},"tablet":{"background-color":"","background-image":"","background-repeat":"repeat","background-position":"center center","background-size":"auto","background-attachment":"scroll","background-type":"","background-media":"","overlay-type":"","overlay-color":"","overlay-opacity":"","overlay-gradient":""},"mobile":{"background-color":"","background-image":"","background-repeat":"repeat","background-position":"center center","background-size":"auto","background-attachment":"scroll","background-type":"","background-media":"","overlay-type":"","overlay-color":"","overlay-opacity":"","overlay-gradient":""}},"ast-content-background-meta":{"desktop":{"background-color":"var(--ast-global-color-5)","background-image":"","background-repeat":"repeat","background-position":"center center","background-size":"auto","background-attachment":"scroll","background-type":"","background-media":"","overlay-type":"","overlay-color":"","overlay-opacity":"","overlay-gradient":""},"tablet":{"background-color":"var(--ast-global-color-5)","background-image":"","background-repeat":"repeat","background-position":"center center","background-size":"auto","background-attachment":"scroll","background-type":"","background-media":"","overlay-type":"","overlay-color":"","overlay-opacity":"","overlay-gradient":""},"mobile":{"background-color":"var(--ast-global-color-5)","background-image":"","background-repeat":"repeat","background-position":"center center","background-size":"auto","background-attachment":"scroll","background-type":"","background-media":"","overlay-type":"","overlay-color":"","overlay-opacity":"","overlay-gradient":""}}},"product_brand":[],"product_cat":[37,38,87,251],"product_tag":[],"class_list":{"0":"post-10514","1":"product","2":"type-product","3":"status-publish","4":"has-post-thumbnail","6":"product_cat-bowl-liner","7":"product_cat-concave-ring","8":"product_cat-engineering-parts","9":"product_cat-mantle","10":"desktop-align-left","11":"tablet-align-left","12":"mobile-align-left","13":"ast-product-gallery-layout-horizontal-slider","14":"ast-product-tabs-layout-horizontal","16":"first","17":"instock","18":"shipping-taxable","19":"product-type-simple"},"yoast_head":"<!-- This site is optimized with the Yoast SEO plugin v27.4 - https:\/\/yoast.com\/product\/yoast-seo-wordpress\/ -->\n<title>Pegson 48FC Lower Mantle For Cone Crusher B-272-348C- Crusher parts, Slurry Pump Parts, Excavator shovel parts<\/title>\n<meta name=\"description\" content=\"Pegson 48FC Lower Mantle For Cone Crusher B-272-348C\uff0cwith durable Mn18cr2 material for hardrock, ready in stock,aftermarket,Genuine Alternative\" \/>\n<meta name=\"robots\" content=\"index, follow, max-snippet:-1, max-image-preview:large, max-video-preview:-1\" \/>\n<link rel=\"canonical\" href=\"https:\/\/miningspareparts.com\/fr\/produit\/pegson-48fc-lower-mantle\/\" \/>\n<meta property=\"og:locale\" content=\"fr_FR\" \/>\n<meta property=\"og:type\" content=\"article\" \/>\n<meta property=\"og:title\" content=\"Pegson 48FC Lower Mantle For Cone Crusher B-272-348C- Crusher parts, Slurry Pump Parts, Excavator shovel parts\" \/>\n<meta property=\"og:description\" content=\"Pegson 48FC Lower Mantle For Cone Crusher B-272-348C\uff0cwith durable Mn18cr2 material for hardrock, ready in stock,aftermarket,Genuine Alternative\" \/>\n<meta property=\"og:url\" content=\"https:\/\/miningspareparts.com\/fr\/produit\/pegson-48fc-lower-mantle\/\" \/>\n<meta property=\"og:site_name\" content=\"Crusher parts, Slurry Pump Parts, Excavator shovel parts\" \/>\n<meta property=\"article:modified_time\" content=\"2026-02-02T07:29:52+00:00\" \/>\n<meta property=\"og:image\" content=\"https:\/\/miningspareparts.com\/wp-content\/uploads\/2024\/08\/Pegson-48FC-Upper-Mantle-For-Cone-Crusher-E-272-349C-3-1.webp\" \/>\n\t<meta property=\"og:image:width\" content=\"800\" \/>\n\t<meta property=\"og:image:height\" content=\"800\" \/>\n\t<meta property=\"og:image:type\" content=\"image\/webp\" \/>\n<meta name=\"twitter:card\" content=\"summary_large_image\" \/>\n<meta name=\"twitter:label1\" content=\"Dur\u00e9e de lecture estim\u00e9e\" \/>\n\t<meta name=\"twitter:data1\" content=\"4 minutes\" \/>\n<script type=\"application\/ld+json\" class=\"yoast-schema-graph\">{\"@context\":\"https:\\\/\\\/schema.org\",\"@graph\":[{\"@type\":\"WebPage\",\"@id\":\"https:\\\/\\\/miningspareparts.com\\\/product\\\/pegson-48fc-lower-mantle\\\/\",\"url\":\"https:\\\/\\\/miningspareparts.com\\\/product\\\/pegson-48fc-lower-mantle\\\/\",\"name\":\"Pegson 48FC Lower Mantle For Cone Crusher B-272-348C- Crusher parts, Slurry Pump Parts, Excavator shovel parts\",\"isPartOf\":{\"@id\":\"https:\\\/\\\/miningspareparts.com\\\/#website\"},\"primaryImageOfPage\":{\"@id\":\"https:\\\/\\\/miningspareparts.com\\\/product\\\/pegson-48fc-lower-mantle\\\/#primaryimage\"},\"image\":{\"@id\":\"https:\\\/\\\/miningspareparts.com\\\/product\\\/pegson-48fc-lower-mantle\\\/#primaryimage\"},\"thumbnailUrl\":\"https:\\\/\\\/miningspareparts.com\\\/wp-content\\\/uploads\\\/2024\\\/08\\\/Pegson-48FC-Upper-Mantle-For-Cone-Crusher-E-272-349C-3-1.webp\",\"datePublished\":\"2024-08-26T02:50:53+00:00\",\"dateModified\":\"2026-02-02T07:29:52+00:00\",\"description\":\"Pegson 48FC Lower Mantle For Cone Crusher B-272-348C\uff0cwith durable Mn18cr2 material for hardrock, ready in stock,aftermarket,Genuine Alternative\",\"breadcrumb\":{\"@id\":\"https:\\\/\\\/miningspareparts.com\\\/product\\\/pegson-48fc-lower-mantle\\\/#breadcrumb\"},\"inLanguage\":\"fr-FR\",\"potentialAction\":[{\"@type\":\"ReadAction\",\"target\":[\"https:\\\/\\\/miningspareparts.com\\\/product\\\/pegson-48fc-lower-mantle\\\/\"]}]},{\"@type\":\"ImageObject\",\"inLanguage\":\"fr-FR\",\"@id\":\"https:\\\/\\\/miningspareparts.com\\\/product\\\/pegson-48fc-lower-mantle\\\/#primaryimage\",\"url\":\"https:\\\/\\\/miningspareparts.com\\\/wp-content\\\/uploads\\\/2024\\\/08\\\/Pegson-48FC-Upper-Mantle-For-Cone-Crusher-E-272-349C-3-1.webp\",\"contentUrl\":\"https:\\\/\\\/miningspareparts.com\\\/wp-content\\\/uploads\\\/2024\\\/08\\\/Pegson-48FC-Upper-Mantle-For-Cone-Crusher-E-272-349C-3-1.webp\",\"width\":800,\"height\":800,\"caption\":\"Pegson 48FC Lower Mantle For Cone Crusher B-272-348C\"},{\"@type\":\"BreadcrumbList\",\"@id\":\"https:\\\/\\\/miningspareparts.com\\\/product\\\/pegson-48fc-lower-mantle\\\/#breadcrumb\",\"itemListElement\":[{\"@type\":\"ListItem\",\"position\":1,\"name\":\"Home\",\"item\":\"https:\\\/\\\/miningspareparts.com\\\/\"},{\"@type\":\"ListItem\",\"position\":2,\"name\":\"Premium Mining Wear And Spare Parts\",\"item\":\"https:\\\/\\\/miningspareparts.com\\\/shop\\\/\"},{\"@type\":\"ListItem\",\"position\":3,\"name\":\"Pegson 48FC Lower Mantle For Cone Crusher B-272-348C\"}]},{\"@type\":\"WebSite\",\"@id\":\"https:\\\/\\\/miningspareparts.com\\\/#website\",\"url\":\"https:\\\/\\\/miningspareparts.com\\\/\",\"name\":\"Crusher parts , Concrete Mixer Parts, Slurry Pump Parts, Mining Spares\",\"description\":\"Mining Wear &amp; Spare Parts Supplier\",\"publisher\":{\"@id\":\"https:\\\/\\\/miningspareparts.com\\\/#organization\"},\"potentialAction\":[{\"@type\":\"SearchAction\",\"target\":{\"@type\":\"EntryPoint\",\"urlTemplate\":\"https:\\\/\\\/miningspareparts.com\\\/?s={search_term_string}\"},\"query-input\":{\"@type\":\"PropertyValueSpecification\",\"valueRequired\":true,\"valueName\":\"search_term_string\"}}],\"inLanguage\":\"fr-FR\"},{\"@type\":\"Organization\",\"@id\":\"https:\\\/\\\/miningspareparts.com\\\/#organization\",\"name\":\"Crusher parts , Concrete Mixer Parts, Slurry Pump Parts, Mining Spares\",\"url\":\"https:\\\/\\\/miningspareparts.com\\\/\",\"logo\":{\"@type\":\"ImageObject\",\"inLanguage\":\"fr-FR\",\"@id\":\"https:\\\/\\\/miningspareparts.com\\\/#\\\/schema\\\/logo\\\/image\\\/\",\"url\":\"https:\\\/\\\/miningspareparts.com\\\/wp-content\\\/uploads\\\/2025\\\/04\\\/cropped-cropped-logo\u6b63\u65b9\u5f62.png\",\"contentUrl\":\"https:\\\/\\\/miningspareparts.com\\\/wp-content\\\/uploads\\\/2025\\\/04\\\/cropped-cropped-logo\u6b63\u65b9\u5f62.png\",\"width\":511,\"height\":171,\"caption\":\"Crusher parts , Concrete Mixer Parts, Slurry Pump Parts, Mining Spares\"},\"image\":{\"@id\":\"https:\\\/\\\/miningspareparts.com\\\/#\\\/schema\\\/logo\\\/image\\\/\"}}]}<\/script>\n<!-- \/ Yoast SEO plugin. -->","yoast_head_json":{"title":"Pegson 48FC Lower Mantle For Cone Crusher B-272-348C- Crusher parts, Slurry Pump Parts, Excavator shovel parts","description":"Pegson 48FC Lower Mantle For Cone Crusher B-272-348C\uff0cwith durable Mn18cr2 material for hardrock, ready in stock,aftermarket,Genuine Alternative","robots":{"index":"index","follow":"follow","max-snippet":"max-snippet:-1","max-image-preview":"max-image-preview:large","max-video-preview":"max-video-preview:-1"},"canonical":"https:\/\/miningspareparts.com\/fr\/produit\/pegson-48fc-lower-mantle\/","og_locale":"fr_FR","og_type":"article","og_title":"Pegson 48FC Lower Mantle For Cone Crusher B-272-348C- Crusher parts, Slurry Pump Parts, Excavator shovel parts","og_description":"Pegson 48FC Lower Mantle For Cone Crusher B-272-348C\uff0cwith durable Mn18cr2 material for hardrock, ready in stock,aftermarket,Genuine Alternative","og_url":"https:\/\/miningspareparts.com\/fr\/produit\/pegson-48fc-lower-mantle\/","og_site_name":"Crusher parts, Slurry Pump Parts, Excavator shovel parts","article_modified_time":"2026-02-02T07:29:52+00:00","og_image":[{"width":800,"height":800,"url":"https:\/\/miningspareparts.com\/wp-content\/uploads\/2024\/08\/Pegson-48FC-Upper-Mantle-For-Cone-Crusher-E-272-349C-3-1.webp","type":"image\/webp"}],"twitter_card":"summary_large_image","twitter_misc":{"Dur\u00e9e de lecture estim\u00e9e":"4 minutes"},"schema":{"@context":"https:\/\/schema.org","@graph":[{"@type":"WebPage","@id":"https:\/\/miningspareparts.com\/product\/pegson-48fc-lower-mantle\/","url":"https:\/\/miningspareparts.com\/product\/pegson-48fc-lower-mantle\/","name":"Pegson 48FC Lower Mantle For Cone Crusher B-272-348C- Crusher parts, Slurry Pump Parts, Excavator shovel parts","isPartOf":{"@id":"https:\/\/miningspareparts.com\/#website"},"primaryImageOfPage":{"@id":"https:\/\/miningspareparts.com\/product\/pegson-48fc-lower-mantle\/#primaryimage"},"image":{"@id":"https:\/\/miningspareparts.com\/product\/pegson-48fc-lower-mantle\/#primaryimage"},"thumbnailUrl":"https:\/\/miningspareparts.com\/wp-content\/uploads\/2024\/08\/Pegson-48FC-Upper-Mantle-For-Cone-Crusher-E-272-349C-3-1.webp","datePublished":"2024-08-26T02:50:53+00:00","dateModified":"2026-02-02T07:29:52+00:00","description":"Pegson 48FC Lower Mantle For Cone Crusher B-272-348C\uff0cwith durable Mn18cr2 material for hardrock, ready in stock,aftermarket,Genuine Alternative","breadcrumb":{"@id":"https:\/\/miningspareparts.com\/product\/pegson-48fc-lower-mantle\/#breadcrumb"},"inLanguage":"fr-FR","potentialAction":[{"@type":"ReadAction","target":["https:\/\/miningspareparts.com\/product\/pegson-48fc-lower-mantle\/"]}]},{"@type":"ImageObject","inLanguage":"fr-FR","@id":"https:\/\/miningspareparts.com\/product\/pegson-48fc-lower-mantle\/#primaryimage","url":"https:\/\/miningspareparts.com\/wp-content\/uploads\/2024\/08\/Pegson-48FC-Upper-Mantle-For-Cone-Crusher-E-272-349C-3-1.webp","contentUrl":"https:\/\/miningspareparts.com\/wp-content\/uploads\/2024\/08\/Pegson-48FC-Upper-Mantle-For-Cone-Crusher-E-272-349C-3-1.webp","width":800,"height":800,"caption":"Pegson 48FC Lower Mantle For Cone Crusher B-272-348C"},{"@type":"BreadcrumbList","@id":"https:\/\/miningspareparts.com\/product\/pegson-48fc-lower-mantle\/#breadcrumb","itemListElement":[{"@type":"ListItem","position":1,"name":"Home","item":"https:\/\/miningspareparts.com\/"},{"@type":"ListItem","position":2,"name":"Premium Mining Wear And Spare Parts","item":"https:\/\/miningspareparts.com\/shop\/"},{"@type":"ListItem","position":3,"name":"Pegson 48FC Lower Mantle For Cone Crusher B-272-348C"}]},{"@type":"WebSite","@id":"https:\/\/miningspareparts.com\/#website","url":"https:\/\/miningspareparts.com\/","name":"Crusher parts , Concrete Mixer Parts, Slurry Pump Parts, Mining Spares","description":"Mining Wear &amp; Spare Parts Supplier","publisher":{"@id":"https:\/\/miningspareparts.com\/#organization"},"potentialAction":[{"@type":"SearchAction","target":{"@type":"EntryPoint","urlTemplate":"https:\/\/miningspareparts.com\/?s={search_term_string}"},"query-input":{"@type":"PropertyValueSpecification","valueRequired":true,"valueName":"search_term_string"}}],"inLanguage":"fr-FR"},{"@type":"Organization","@id":"https:\/\/miningspareparts.com\/#organization","name":"Crusher parts , Concrete Mixer Parts, Slurry Pump Parts, Mining Spares","url":"https:\/\/miningspareparts.com\/","logo":{"@type":"ImageObject","inLanguage":"fr-FR","@id":"https:\/\/miningspareparts.com\/#\/schema\/logo\/image\/","url":"https:\/\/miningspareparts.com\/wp-content\/uploads\/2025\/04\/cropped-cropped-logo\u6b63\u65b9\u5f62.png","contentUrl":"https:\/\/miningspareparts.com\/wp-content\/uploads\/2025\/04\/cropped-cropped-logo\u6b63\u65b9\u5f62.png","width":511,"height":171,"caption":"Crusher parts , Concrete Mixer Parts, Slurry Pump Parts, Mining Spares"},"image":{"@id":"https:\/\/miningspareparts.com\/#\/schema\/logo\/image\/"}}]}},"uagb_featured_image_src":{"full":["https:\/\/miningspareparts.com\/wp-content\/uploads\/2024\/08\/Pegson-48FC-Upper-Mantle-For-Cone-Crusher-E-272-349C-3-1.webp",800,800,false],"thumbnail":["https:\/\/miningspareparts.com\/wp-content\/uploads\/2024\/08\/Pegson-48FC-Upper-Mantle-For-Cone-Crusher-E-272-349C-3-1-150x150.webp",150,150,true],"medium":["https:\/\/miningspareparts.com\/wp-content\/uploads\/2024\/08\/Pegson-48FC-Upper-Mantle-For-Cone-Crusher-E-272-349C-3-1-300x300.webp",300,300,true],"medium_large":["https:\/\/miningspareparts.com\/wp-content\/uploads\/2024\/08\/Pegson-48FC-Upper-Mantle-For-Cone-Crusher-E-272-349C-3-1-768x768.webp",768,768,true],"large":["https:\/\/miningspareparts.com\/wp-content\/uploads\/2024\/08\/Pegson-48FC-Upper-Mantle-For-Cone-Crusher-E-272-349C-3-1.webp",800,800,false],"1536x1536":["https:\/\/miningspareparts.com\/wp-content\/uploads\/2024\/08\/Pegson-48FC-Upper-Mantle-For-Cone-Crusher-E-272-349C-3-1.webp",800,800,false],"2048x2048":["https:\/\/miningspareparts.com\/wp-content\/uploads\/2024\/08\/Pegson-48FC-Upper-Mantle-For-Cone-Crusher-E-272-349C-3-1.webp",800,800,false],"trp-custom-language-flag":["https:\/\/miningspareparts.com\/wp-content\/uploads\/2024\/08\/Pegson-48FC-Upper-Mantle-For-Cone-Crusher-E-272-349C-3-1-12x12.webp",12,12,true],"woocommerce_thumbnail":["https:\/\/miningspareparts.com\/wp-content\/uploads\/2024\/08\/Pegson-48FC-Upper-Mantle-For-Cone-Crusher-E-272-349C-3-1-300x300.webp",300,300,true],"woocommerce_single":["https:\/\/miningspareparts.com\/wp-content\/uploads\/2024\/08\/Pegson-48FC-Upper-Mantle-For-Cone-Crusher-E-272-349C-3-1-600x600.webp",600,600,true],"woocommerce_gallery_thumbnail":["https:\/\/miningspareparts.com\/wp-content\/uploads\/2024\/08\/Pegson-48FC-Upper-Mantle-For-Cone-Crusher-E-272-349C-3-1-100x100.webp",100,100,true]},"uagb_author_info":{"display_name":"Miningspareparts","author_link":"https:\/\/miningspareparts.com\/fr\/author\/"},"uagb_comment_info":0,"uagb_excerpt":"Item Names: Concave, Mantle, Concave Ring, Concave Segment , Bowl Liner,Cone Liner,Arm Guard, Distribution Plate, Lower Mantle,Upper Mantle Model: Pegson 48FC \u00a0 \u00a0 \u00a0Weights: 560kgs\u00a0 \u00a0 \u00a0 \u00a0Item code: B-272-348C Casting Material:\u00a0 M13Cr2,\u00a0 Mn18Cr2,\u00a0 Mn22Cr2 Applicable Material: Gravel, Granite, Basalt, Ore, Limestone, Sandstone ,Quatz,Cobblestone Applications: Mining , Quarry, Construction ,Cement and Materials ,Recycling","_links":{"self":[{"href":"https:\/\/miningspareparts.com\/fr\/wp-json\/wp\/v2\/product\/10514","targetHints":{"allow":["GET"]}}],"collection":[{"href":"https:\/\/miningspareparts.com\/fr\/wp-json\/wp\/v2\/product"}],"about":[{"href":"https:\/\/miningspareparts.com\/fr\/wp-json\/wp\/v2\/types\/product"}],"wp:featuredmedia":[{"embeddable":true,"href":"https:\/\/miningspareparts.com\/fr\/wp-json\/wp\/v2\/media\/11563"}],"wp:attachment":[{"href":"https:\/\/miningspareparts.com\/fr\/wp-json\/wp\/v2\/media?parent=10514"}],"wp:term":[{"taxonomy":"product_brand","embeddable":true,"href":"https:\/\/miningspareparts.com\/fr\/wp-json\/wp\/v2\/product_brand?post=10514"},{"taxonomy":"product_cat","embeddable":true,"href":"https:\/\/miningspareparts.com\/fr\/wp-json\/wp\/v2\/product_cat?post=10514"},{"taxonomy":"product_tag","embeddable":true,"href":"https:\/\/miningspareparts.com\/fr\/wp-json\/wp\/v2\/product_tag?post=10514"}],"curies":[{"name":"wp","href":"https:\/\/api.w.org\/{rel}","templated":true}]}}