{"id":1062,"date":"2023-12-08T08:39:06","date_gmt":"2023-12-08T08:39:06","guid":{"rendered":"https:\/\/miningspareparts.com\/?post_type=product&#038;p=1062"},"modified":"2026-03-26T07:07:57","modified_gmt":"2026-03-26T07:07:57","slug":"symons-7ft-bowl-liner","status":"publish","type":"product","link":"https:\/\/miningspareparts.com\/fr\/produit\/symons-7ft-bowl-liner\/","title":{"rendered":"Rev\u00eatement du bol du concasseur \u00e0 c\u00f4ne Symons 7FT"},"content":{"rendered":"<p><strong>Voici une description du rev\u00eatement de cuvette Symons 7FT<\/strong><\/p>\n<h1>Rev\u00eatement de bol conique Symons<\/h1>\n<p><strong><u>Pi\u00e8ces pour broyeur \u00e0 c\u00f4ne Nordberg Spring :<\/u><\/strong><\/p>\n<p>Articles : Concave, manteau, anneau concave, segment concave, rev\u00eatement de cuvette, rev\u00eatement de c\u00f4ne, protection de bras, plaque de distribution.<\/p>\n<p>Mat\u00e9riau de coul\u00e9e : Acier aust\u00e9nitique au mangan\u00e8se (Mn14, M14Cr2, Mn18Cr2, Mn22Cr2)<\/p>\n<p>M\u00e9thode de moulage : Coul\u00e9e de sable au verre d'eau<\/p>\n<p>Mat\u00e9riau applicable : gravier, granit, basalte, minerai, calcaire, gr\u00e8s, quatz, pierre de pav\u00e9<\/p>\n<p>Applications : Mines, carri\u00e8res, construction, ciment et mat\u00e9riaux, d\u00e9molition, recyclage, etc.<\/p>\n<table style=\"font-weight: 400;\">\n<tbody>\n<tr>\n<td width=\"150\"><strong>Code de l'article<\/strong><\/td>\n<td width=\"167\"><strong>Nom de l'article<\/strong><\/td>\n<td width=\"155\"><strong>Description<\/strong><\/td>\n<td width=\"195\"><strong>Mod\u00e8le<\/strong><\/td>\n<td width=\"125\"><strong>Poids<\/strong><\/td>\n<\/tr>\n<\/tbody>\n<\/table>\n<table style=\"font-weight: 400;\">\n<tbody>\n<tr>\n<td>5013-9001<\/td>\n<td width=\"167\">Concave<\/td>\n<td width=\"155\">Rev\u00eatement du c\u00f4ne<\/td>\n<td width=\"195\">Symons7 FT<\/td>\n<td>2338<\/td>\n<\/tr>\n<tr>\n<td>5013-9710<\/td>\n<td width=\"167\">Concave<\/td>\n<td width=\"155\">Rev\u00eatement du c\u00f4ne<\/td>\n<td width=\"195\">Symons7 FT SH<\/td>\n<td>5600<\/td>\n<\/tr>\n<tr>\n<td>4830-7498<\/td>\n<td width=\"167\">Concave<\/td>\n<td width=\"155\">Rev\u00eatement du c\u00f4ne<\/td>\n<td width=\"195\">Symons7 FT SH<\/td>\n<td>3900<\/td>\n<\/tr>\n<tr>\n<td>4830-7320<\/td>\n<td width=\"167\">Concave<\/td>\n<td width=\"155\">Rev\u00eatement du c\u00f4ne<\/td>\n<td width=\"195\">Symons7 FT STD<\/td>\n<td>6200<\/td>\n<\/tr>\n<tr>\n<td>5013-7319<\/td>\n<td width=\"167\">Concave<\/td>\n<td width=\"155\">Rev\u00eatement du c\u00f4ne<\/td>\n<td width=\"195\">Symons7 FT STD<\/td>\n<td>4850<\/td>\n<\/tr>\n<\/tbody>\n<\/table>\n<h5>Pourquoi nous choisir\uff1f<\/h5>\n<p>Le rev\u00eatement de bol 7FT de Symons, m\u00e9ticuleusement con\u00e7u par notre \u00e9quipe d'experts, t\u00e9moigne de notre engagement \u00e0 fournir des composants de premier ordre pour les concasseurs \u00e0 c\u00f4ne. Con\u00e7ue avec pr\u00e9cision, elle garantit une efficacit\u00e9 de broyage exceptionnelle, prolongeant ainsi la dur\u00e9e de vie de votre \u00e9quipement. Gr\u00e2ce \u00e0 des mat\u00e9riaux de haute qualit\u00e9 et \u00e0 des techniques de fabrication avanc\u00e9es, nous fournissons un rev\u00eatement dot\u00e9 d'une r\u00e9sistance \u00e0 l'usure exceptionnelle, ce qui minimise les temps d'arr\u00eat et les co\u00fbts de maintenance. Con\u00e7u pour r\u00e9sister aux exigences rigoureuses des op\u00e9rations de concassage, le rev\u00eatement de cuvette de Symons fournit constamment des r\u00e9sultats fiables dans diverses applications. Nous sommes fiers de notre engagement envers la qualit\u00e9, la satisfaction du client et la fiabilit\u00e9, et nous en faisons notre mission principale. Am\u00e9liorez les performances et la dur\u00e9e de vie de votre concasseur \u00e0 c\u00f4ne avec le rev\u00eatement de bol 7FT de Symons, con\u00e7u et fabriqu\u00e9 avec excellence. Nous garantissons l'excellence dans tous les domaines.<\/p>","protected":false},"excerpt":{"rendered":"<p>Voici une description du Symons 7FT Bowl Liner Symons Cone Bowl Liner Nordberg Spring Cone Crusher Parts : Articles : Concave, manteau, anneau de concave, segment de concave, rev\u00eatement de bol, rev\u00eatement de c\u00f4ne, protection de bras, plaque de distribution Mat\u00e9riau de fonte : Acier aust\u00e9nitique au mangan\u00e8se (Mn14, M14Cr2, Mn18Cr2, Mn22Cr2) M\u00e9thode de coul\u00e9e : M\u00e9thode de coul\u00e9e : coul\u00e9e de sable avec de l'eau et du verre Mat\u00e9riau applicable : gravier, granit, basalte, minerai, calcaire, gr\u00e8s [...]<\/p>","protected":false},"featured_media":11166,"template":"","meta":{"_uag_custom_page_level_css":"","site-sidebar-layout":"default","site-content-layout":"","ast-site-content-layout":"default","site-content-style":"default","site-sidebar-style":"default","ast-global-header-display":"","ast-banner-title-visibility":"","ast-main-header-display":"","ast-hfb-above-header-display":"","ast-hfb-below-header-display":"","ast-hfb-mobile-header-display":"","site-post-title":"","ast-breadcrumbs-content":"","ast-featured-img":"","footer-sml-layout":"","ast-disable-related-posts":"","theme-transparent-header-meta":"default","adv-header-id-meta":"","stick-header-meta":"default","header-above-stick-meta":"","header-main-stick-meta":"","header-below-stick-meta":"","astra-migrate-meta-layouts":"set","ast-page-background-enabled":"default","ast-page-background-meta":{"desktop":{"background-color":"var(--ast-global-color-4)","background-image":"","background-repeat":"repeat","background-position":"center center","background-size":"auto","background-attachment":"scroll","background-type":"","background-media":"","overlay-type":"","overlay-color":"","overlay-opacity":"","overlay-gradient":""},"tablet":{"background-color":"","background-image":"","background-repeat":"repeat","background-position":"center center","background-size":"auto","background-attachment":"scroll","background-type":"","background-media":"","overlay-type":"","overlay-color":"","overlay-opacity":"","overlay-gradient":""},"mobile":{"background-color":"","background-image":"","background-repeat":"repeat","background-position":"center center","background-size":"auto","background-attachment":"scroll","background-type":"","background-media":"","overlay-type":"","overlay-color":"","overlay-opacity":"","overlay-gradient":""}},"ast-content-background-meta":{"desktop":{"background-color":"var(--ast-global-color-5)","background-image":"","background-repeat":"repeat","background-position":"center center","background-size":"auto","background-attachment":"scroll","background-type":"","background-media":"","overlay-type":"","overlay-color":"","overlay-opacity":"","overlay-gradient":""},"tablet":{"background-color":"var(--ast-global-color-5)","background-image":"","background-repeat":"repeat","background-position":"center center","background-size":"auto","background-attachment":"scroll","background-type":"","background-media":"","overlay-type":"","overlay-color":"","overlay-opacity":"","overlay-gradient":""},"mobile":{"background-color":"var(--ast-global-color-5)","background-image":"","background-repeat":"repeat","background-position":"center center","background-size":"auto","background-attachment":"scroll","background-type":"","background-media":"","overlay-type":"","overlay-color":"","overlay-opacity":"","overlay-gradient":""}}},"product_brand":[],"product_cat":[37,189],"product_tag":[205,215,204,214],"class_list":{"0":"post-1062","1":"product","2":"type-product","3":"status-publish","4":"has-post-thumbnail","6":"product_cat-bowl-liner","7":"product_cat-symons","8":"product_tag-bowl-liner","9":"product_tag-conecrusherparts","10":"product_tag-mantle","11":"product_tag-symons","12":"desktop-align-left","13":"tablet-align-left","14":"mobile-align-left","15":"ast-product-gallery-layout-horizontal-slider","16":"ast-product-gallery-with-no-image","17":"ast-product-single-variable","18":"ast-product-tabs-layout-horizontal","20":"first","21":"instock","22":"shipping-taxable","23":"purchasable","24":"product-type-variable"},"yoast_head":"<!-- This site is optimized with the Yoast SEO plugin v27.4 - https:\/\/yoast.com\/product\/yoast-seo-wordpress\/ -->\n<title>Symons 7FT Bowl Liner Cone Crusher wear parts- Crusher parts, Slurry Pump Parts, Excavator shovel parts<\/title>\n<meta name=\"description\" content=\"Symons 7FT Bowl Liner, an original replacement with Mn18cr2 composition, ensures effective quarry crushing, guaranteeing durability and optimal performance.\" \/>\n<meta name=\"robots\" content=\"index, follow, max-snippet:-1, max-image-preview:large, max-video-preview:-1\" \/>\n<link rel=\"canonical\" href=\"https:\/\/miningspareparts.com\/fr\/produit\/symons-7ft-bowl-liner\/\" \/>\n<meta property=\"og:locale\" content=\"fr_FR\" \/>\n<meta property=\"og:type\" content=\"article\" \/>\n<meta property=\"og:title\" content=\"Symons 7FT Bowl Liner Cone Crusher wear parts- Crusher parts, Slurry Pump Parts, Excavator shovel parts\" \/>\n<meta property=\"og:description\" content=\"Symons 7FT Bowl Liner, an original replacement with Mn18cr2 composition, ensures effective quarry crushing, guaranteeing durability and optimal performance.\" \/>\n<meta property=\"og:url\" content=\"https:\/\/miningspareparts.com\/fr\/produit\/symons-7ft-bowl-liner\/\" \/>\n<meta property=\"og:site_name\" content=\"Crusher parts, Slurry Pump Parts, Excavator shovel parts\" \/>\n<meta property=\"article:modified_time\" content=\"2026-03-26T07:07:57+00:00\" \/>\n<meta property=\"og:image\" content=\"https:\/\/miningspareparts.com\/wp-content\/uploads\/2023\/12\/8678.webp\" \/>\n\t<meta property=\"og:image:width\" content=\"800\" \/>\n\t<meta property=\"og:image:height\" content=\"800\" \/>\n\t<meta property=\"og:image:type\" content=\"image\/webp\" \/>\n<meta name=\"twitter:card\" content=\"summary_large_image\" \/>\n<meta name=\"twitter:label1\" content=\"Dur\u00e9e de lecture estim\u00e9e\" \/>\n\t<meta name=\"twitter:data1\" content=\"2 minutes\" \/>\n<script type=\"application\/ld+json\" class=\"yoast-schema-graph\">{\"@context\":\"https:\\\/\\\/schema.org\",\"@graph\":[{\"@type\":\"WebPage\",\"@id\":\"https:\\\/\\\/miningspareparts.com\\\/product\\\/symons-7ft-bowl-liner\\\/\",\"url\":\"https:\\\/\\\/miningspareparts.com\\\/product\\\/symons-7ft-bowl-liner\\\/\",\"name\":\"Symons 7FT Bowl Liner Cone Crusher wear parts- Crusher parts, Slurry Pump Parts, Excavator shovel parts\",\"isPartOf\":{\"@id\":\"https:\\\/\\\/miningspareparts.com\\\/#website\"},\"primaryImageOfPage\":{\"@id\":\"https:\\\/\\\/miningspareparts.com\\\/product\\\/symons-7ft-bowl-liner\\\/#primaryimage\"},\"image\":{\"@id\":\"https:\\\/\\\/miningspareparts.com\\\/product\\\/symons-7ft-bowl-liner\\\/#primaryimage\"},\"thumbnailUrl\":\"https:\\\/\\\/miningspareparts.com\\\/wp-content\\\/uploads\\\/2023\\\/12\\\/8678.webp\",\"datePublished\":\"2023-12-08T08:39:06+00:00\",\"dateModified\":\"2026-03-26T07:07:57+00:00\",\"description\":\"Symons 7FT Bowl Liner, an original replacement with Mn18cr2 composition, ensures effective quarry crushing, guaranteeing durability and optimal performance.\",\"breadcrumb\":{\"@id\":\"https:\\\/\\\/miningspareparts.com\\\/product\\\/symons-7ft-bowl-liner\\\/#breadcrumb\"},\"inLanguage\":\"fr-FR\",\"potentialAction\":[{\"@type\":\"ReadAction\",\"target\":[\"https:\\\/\\\/miningspareparts.com\\\/product\\\/symons-7ft-bowl-liner\\\/\"]}]},{\"@type\":\"ImageObject\",\"inLanguage\":\"fr-FR\",\"@id\":\"https:\\\/\\\/miningspareparts.com\\\/product\\\/symons-7ft-bowl-liner\\\/#primaryimage\",\"url\":\"https:\\\/\\\/miningspareparts.com\\\/wp-content\\\/uploads\\\/2023\\\/12\\\/8678.webp\",\"contentUrl\":\"https:\\\/\\\/miningspareparts.com\\\/wp-content\\\/uploads\\\/2023\\\/12\\\/8678.webp\",\"width\":800,\"height\":800,\"caption\":\"Symons 7FT Cone Crusher Bowl Liner\"},{\"@type\":\"BreadcrumbList\",\"@id\":\"https:\\\/\\\/miningspareparts.com\\\/product\\\/symons-7ft-bowl-liner\\\/#breadcrumb\",\"itemListElement\":[{\"@type\":\"ListItem\",\"position\":1,\"name\":\"Home\",\"item\":\"https:\\\/\\\/miningspareparts.com\\\/\"},{\"@type\":\"ListItem\",\"position\":2,\"name\":\"Premium Mining Wear And Spare Parts\",\"item\":\"https:\\\/\\\/miningspareparts.com\\\/shop\\\/\"},{\"@type\":\"ListItem\",\"position\":3,\"name\":\"Symons 7FT Cone Crusher Bowl Liner\"}]},{\"@type\":\"WebSite\",\"@id\":\"https:\\\/\\\/miningspareparts.com\\\/#website\",\"url\":\"https:\\\/\\\/miningspareparts.com\\\/\",\"name\":\"Crusher parts , Concrete Mixer Parts, Slurry Pump Parts, Mining Spares\",\"description\":\"Mining Wear &amp; Spare Parts Supplier\",\"publisher\":{\"@id\":\"https:\\\/\\\/miningspareparts.com\\\/#organization\"},\"potentialAction\":[{\"@type\":\"SearchAction\",\"target\":{\"@type\":\"EntryPoint\",\"urlTemplate\":\"https:\\\/\\\/miningspareparts.com\\\/?s={search_term_string}\"},\"query-input\":{\"@type\":\"PropertyValueSpecification\",\"valueRequired\":true,\"valueName\":\"search_term_string\"}}],\"inLanguage\":\"fr-FR\"},{\"@type\":\"Organization\",\"@id\":\"https:\\\/\\\/miningspareparts.com\\\/#organization\",\"name\":\"Crusher parts , Concrete Mixer Parts, Slurry Pump Parts, Mining Spares\",\"url\":\"https:\\\/\\\/miningspareparts.com\\\/\",\"logo\":{\"@type\":\"ImageObject\",\"inLanguage\":\"fr-FR\",\"@id\":\"https:\\\/\\\/miningspareparts.com\\\/#\\\/schema\\\/logo\\\/image\\\/\",\"url\":\"https:\\\/\\\/miningspareparts.com\\\/wp-content\\\/uploads\\\/2025\\\/04\\\/cropped-cropped-logo\u6b63\u65b9\u5f62.png\",\"contentUrl\":\"https:\\\/\\\/miningspareparts.com\\\/wp-content\\\/uploads\\\/2025\\\/04\\\/cropped-cropped-logo\u6b63\u65b9\u5f62.png\",\"width\":511,\"height\":171,\"caption\":\"Crusher parts , Concrete Mixer Parts, Slurry Pump Parts, Mining Spares\"},\"image\":{\"@id\":\"https:\\\/\\\/miningspareparts.com\\\/#\\\/schema\\\/logo\\\/image\\\/\"}}]}<\/script>\n<!-- \/ Yoast SEO plugin. -->","yoast_head_json":{"title":"Symons 7FT Bowl Liner Cone Crusher wear parts- Crusher parts, Slurry Pump Parts, Excavator shovel parts","description":"Symons 7FT Bowl Liner, an original replacement with Mn18cr2 composition, ensures effective quarry crushing, guaranteeing durability and optimal performance.","robots":{"index":"index","follow":"follow","max-snippet":"max-snippet:-1","max-image-preview":"max-image-preview:large","max-video-preview":"max-video-preview:-1"},"canonical":"https:\/\/miningspareparts.com\/fr\/produit\/symons-7ft-bowl-liner\/","og_locale":"fr_FR","og_type":"article","og_title":"Symons 7FT Bowl Liner Cone Crusher wear parts- Crusher parts, Slurry Pump Parts, Excavator shovel parts","og_description":"Symons 7FT Bowl Liner, an original replacement with Mn18cr2 composition, ensures effective quarry crushing, guaranteeing durability and optimal performance.","og_url":"https:\/\/miningspareparts.com\/fr\/produit\/symons-7ft-bowl-liner\/","og_site_name":"Crusher parts, Slurry Pump Parts, Excavator shovel parts","article_modified_time":"2026-03-26T07:07:57+00:00","og_image":[{"width":800,"height":800,"url":"https:\/\/miningspareparts.com\/wp-content\/uploads\/2023\/12\/8678.webp","type":"image\/webp"}],"twitter_card":"summary_large_image","twitter_misc":{"Dur\u00e9e de lecture estim\u00e9e":"2 minutes"},"schema":{"@context":"https:\/\/schema.org","@graph":[{"@type":"WebPage","@id":"https:\/\/miningspareparts.com\/product\/symons-7ft-bowl-liner\/","url":"https:\/\/miningspareparts.com\/product\/symons-7ft-bowl-liner\/","name":"Symons 7FT Bowl Liner Cone Crusher wear parts- Crusher parts, Slurry Pump Parts, Excavator shovel parts","isPartOf":{"@id":"https:\/\/miningspareparts.com\/#website"},"primaryImageOfPage":{"@id":"https:\/\/miningspareparts.com\/product\/symons-7ft-bowl-liner\/#primaryimage"},"image":{"@id":"https:\/\/miningspareparts.com\/product\/symons-7ft-bowl-liner\/#primaryimage"},"thumbnailUrl":"https:\/\/miningspareparts.com\/wp-content\/uploads\/2023\/12\/8678.webp","datePublished":"2023-12-08T08:39:06+00:00","dateModified":"2026-03-26T07:07:57+00:00","description":"Symons 7FT Bowl Liner, an original replacement with Mn18cr2 composition, ensures effective quarry crushing, guaranteeing durability and optimal performance.","breadcrumb":{"@id":"https:\/\/miningspareparts.com\/product\/symons-7ft-bowl-liner\/#breadcrumb"},"inLanguage":"fr-FR","potentialAction":[{"@type":"ReadAction","target":["https:\/\/miningspareparts.com\/product\/symons-7ft-bowl-liner\/"]}]},{"@type":"ImageObject","inLanguage":"fr-FR","@id":"https:\/\/miningspareparts.com\/product\/symons-7ft-bowl-liner\/#primaryimage","url":"https:\/\/miningspareparts.com\/wp-content\/uploads\/2023\/12\/8678.webp","contentUrl":"https:\/\/miningspareparts.com\/wp-content\/uploads\/2023\/12\/8678.webp","width":800,"height":800,"caption":"Symons 7FT Cone Crusher Bowl Liner"},{"@type":"BreadcrumbList","@id":"https:\/\/miningspareparts.com\/product\/symons-7ft-bowl-liner\/#breadcrumb","itemListElement":[{"@type":"ListItem","position":1,"name":"Home","item":"https:\/\/miningspareparts.com\/"},{"@type":"ListItem","position":2,"name":"Premium Mining Wear And Spare Parts","item":"https:\/\/miningspareparts.com\/shop\/"},{"@type":"ListItem","position":3,"name":"Symons 7FT Cone Crusher Bowl Liner"}]},{"@type":"WebSite","@id":"https:\/\/miningspareparts.com\/#website","url":"https:\/\/miningspareparts.com\/","name":"Crusher parts , Concrete Mixer Parts, Slurry Pump Parts, Mining Spares","description":"Mining Wear &amp; Spare Parts Supplier","publisher":{"@id":"https:\/\/miningspareparts.com\/#organization"},"potentialAction":[{"@type":"SearchAction","target":{"@type":"EntryPoint","urlTemplate":"https:\/\/miningspareparts.com\/?s={search_term_string}"},"query-input":{"@type":"PropertyValueSpecification","valueRequired":true,"valueName":"search_term_string"}}],"inLanguage":"fr-FR"},{"@type":"Organization","@id":"https:\/\/miningspareparts.com\/#organization","name":"Crusher parts , Concrete Mixer Parts, Slurry Pump Parts, Mining Spares","url":"https:\/\/miningspareparts.com\/","logo":{"@type":"ImageObject","inLanguage":"fr-FR","@id":"https:\/\/miningspareparts.com\/#\/schema\/logo\/image\/","url":"https:\/\/miningspareparts.com\/wp-content\/uploads\/2025\/04\/cropped-cropped-logo\u6b63\u65b9\u5f62.png","contentUrl":"https:\/\/miningspareparts.com\/wp-content\/uploads\/2025\/04\/cropped-cropped-logo\u6b63\u65b9\u5f62.png","width":511,"height":171,"caption":"Crusher parts , Concrete Mixer Parts, Slurry Pump Parts, Mining Spares"},"image":{"@id":"https:\/\/miningspareparts.com\/#\/schema\/logo\/image\/"}}]}},"uagb_featured_image_src":{"full":["https:\/\/miningspareparts.com\/wp-content\/uploads\/2023\/12\/8678.webp",800,800,false],"thumbnail":["https:\/\/miningspareparts.com\/wp-content\/uploads\/2023\/12\/8678-150x150.webp",150,150,true],"medium":["https:\/\/miningspareparts.com\/wp-content\/uploads\/2023\/12\/8678-300x300.webp",300,300,true],"medium_large":["https:\/\/miningspareparts.com\/wp-content\/uploads\/2023\/12\/8678-768x768.webp",768,768,true],"large":["https:\/\/miningspareparts.com\/wp-content\/uploads\/2023\/12\/8678.webp",800,800,false],"1536x1536":["https:\/\/miningspareparts.com\/wp-content\/uploads\/2023\/12\/8678.webp",800,800,false],"2048x2048":["https:\/\/miningspareparts.com\/wp-content\/uploads\/2023\/12\/8678.webp",800,800,false],"trp-custom-language-flag":["https:\/\/miningspareparts.com\/wp-content\/uploads\/2023\/12\/8678-12x12.webp",12,12,true],"woocommerce_thumbnail":["https:\/\/miningspareparts.com\/wp-content\/uploads\/2023\/12\/8678-300x300.webp",300,300,true],"woocommerce_single":["https:\/\/miningspareparts.com\/wp-content\/uploads\/2023\/12\/8678-600x600.webp",600,600,true],"woocommerce_gallery_thumbnail":["https:\/\/miningspareparts.com\/wp-content\/uploads\/2023\/12\/8678-100x100.webp",100,100,true]},"uagb_author_info":{"display_name":"Miningspareparts","author_link":"https:\/\/miningspareparts.com\/fr\/author\/"},"uagb_comment_info":0,"uagb_excerpt":"Here is a description of the Symons 7FT Bowl Liner Symons Cone Bowl Liner Nordberg Spring Cone Crusher Parts: Items: Concave, Mantle, Concave Ring, Concave Segment , Bowl Liner,Cone Liner,Arm Guard, Distribution Plate Casting Material: Austenstic Manganese Steel (Mn14, M14Cr2, Mn18Cr2, Mn22Cr2) Casting Method: Water Glass Sand Casting Applicable Material:Gravel, Granite, Basalt, Ore, Limestone, Sandstone\u2026","_links":{"self":[{"href":"https:\/\/miningspareparts.com\/fr\/wp-json\/wp\/v2\/product\/1062","targetHints":{"allow":["GET"]}}],"collection":[{"href":"https:\/\/miningspareparts.com\/fr\/wp-json\/wp\/v2\/product"}],"about":[{"href":"https:\/\/miningspareparts.com\/fr\/wp-json\/wp\/v2\/types\/product"}],"wp:featuredmedia":[{"embeddable":true,"href":"https:\/\/miningspareparts.com\/fr\/wp-json\/wp\/v2\/media\/11166"}],"wp:attachment":[{"href":"https:\/\/miningspareparts.com\/fr\/wp-json\/wp\/v2\/media?parent=1062"}],"wp:term":[{"taxonomy":"product_brand","embeddable":true,"href":"https:\/\/miningspareparts.com\/fr\/wp-json\/wp\/v2\/product_brand?post=1062"},{"taxonomy":"product_cat","embeddable":true,"href":"https:\/\/miningspareparts.com\/fr\/wp-json\/wp\/v2\/product_cat?post=1062"},{"taxonomy":"product_tag","embeddable":true,"href":"https:\/\/miningspareparts.com\/fr\/wp-json\/wp\/v2\/product_tag?post=1062"}],"curies":[{"name":"wp","href":"https:\/\/api.w.org\/{rel}","templated":true}]}}