{"id":10795,"date":"2024-10-18T07:24:27","date_gmt":"2024-10-18T07:24:27","guid":{"rendered":"https:\/\/miningspareparts.com\/?post_type=product&#038;p=10795"},"modified":"2024-10-18T07:52:15","modified_gmt":"2024-10-18T07:52:15","slug":"dana-spicer-axle-assy-14d2149","status":"publish","type":"product","link":"https:\/\/miningspareparts.com\/fr\/produit\/dana-spicer-axle-assy-14d2149\/","title":{"rendered":"Essieu Dana Spicer Assy 14D2149"},"content":{"rendered":"<p>Le r\u00e9ducteur de vitesse 14D2149 est sp\u00e9cialement con\u00e7u pour les applications \u00e0 moteur hydrostatique. Mont\u00e9 sur le support d'essieu, cet essieu \u00e0 entra\u00eenement plan\u00e9taire permet de monter un moteur hydrostatique directement sur l'essieu, \u00e9liminant ainsi le besoin d'une bo\u00eete de vitesses et d'un arbre d'entra\u00eenement s\u00e9par\u00e9s.<br \/>\nLe Dana Axle 14D2149 Off-Highway Assy est un r\u00e9ducteur de vitesse de haute qualit\u00e9 sp\u00e9cialement con\u00e7u pour les applications \u00e0 moteur hydrostatique. Cet essieu d'entra\u00eenement est con\u00e7u pour permettre le montage direct d'un moteur hydrostatique, offrant ainsi une int\u00e9gration sans faille et des performances optimales.<\/p>","protected":false},"excerpt":{"rendered":"<p>Le r\u00e9ducteur de vitesse 14D2149 est sp\u00e9cialement con\u00e7u pour les applications \u00e0 moteur hydrostatique. Mont\u00e9 sur le support d'essieu, cet essieu \u00e0 entra\u00eenement plan\u00e9taire permet de monter un moteur hydrostatique directement sur l'essieu, \u00e9liminant ainsi le besoin d'une bo\u00eete de vitesses et d'un arbre d'entra\u00eenement s\u00e9par\u00e9s. Le Dana Axle 14D2149 Off-Highway Assy est un r\u00e9ducteur de vitesse de haute qualit\u00e9 sp\u00e9cialement con\u00e7u pour [...]<\/p>","protected":false},"featured_media":10796,"template":"","meta":{"_uag_custom_page_level_css":"","site-sidebar-layout":"default","site-content-layout":"","ast-site-content-layout":"default","site-content-style":"default","site-sidebar-style":"default","ast-global-header-display":"","ast-banner-title-visibility":"","ast-main-header-display":"","ast-hfb-above-header-display":"","ast-hfb-below-header-display":"","ast-hfb-mobile-header-display":"","site-post-title":"","ast-breadcrumbs-content":"","ast-featured-img":"","footer-sml-layout":"","ast-disable-related-posts":"","theme-transparent-header-meta":"default","adv-header-id-meta":"","stick-header-meta":"default","header-above-stick-meta":"","header-main-stick-meta":"","header-below-stick-meta":"","astra-migrate-meta-layouts":"set","ast-page-background-enabled":"default","ast-page-background-meta":{"desktop":{"background-color":"var(--ast-global-color-4)","background-image":"","background-repeat":"repeat","background-position":"center center","background-size":"auto","background-attachment":"scroll","background-type":"","background-media":"","overlay-type":"","overlay-color":"","overlay-opacity":"","overlay-gradient":""},"tablet":{"background-color":"","background-image":"","background-repeat":"repeat","background-position":"center center","background-size":"auto","background-attachment":"scroll","background-type":"","background-media":"","overlay-type":"","overlay-color":"","overlay-opacity":"","overlay-gradient":""},"mobile":{"background-color":"","background-image":"","background-repeat":"repeat","background-position":"center center","background-size":"auto","background-attachment":"scroll","background-type":"","background-media":"","overlay-type":"","overlay-color":"","overlay-opacity":"","overlay-gradient":""}},"ast-content-background-meta":{"desktop":{"background-color":"var(--ast-global-color-5)","background-image":"","background-repeat":"repeat","background-position":"center center","background-size":"auto","background-attachment":"scroll","background-type":"","background-media":"","overlay-type":"","overlay-color":"","overlay-opacity":"","overlay-gradient":""},"tablet":{"background-color":"var(--ast-global-color-5)","background-image":"","background-repeat":"repeat","background-position":"center center","background-size":"auto","background-attachment":"scroll","background-type":"","background-media":"","overlay-type":"","overlay-color":"","overlay-opacity":"","overlay-gradient":""},"mobile":{"background-color":"var(--ast-global-color-5)","background-image":"","background-repeat":"repeat","background-position":"center center","background-size":"auto","background-attachment":"scroll","background-type":"","background-media":"","overlay-type":"","overlay-color":"","overlay-opacity":"","overlay-gradient":""}}},"product_brand":[],"product_cat":[424],"product_tag":[],"class_list":{"0":"post-10795","1":"product","2":"type-product","3":"status-publish","4":"has-post-thumbnail","6":"product_cat-axle-transmission","7":"desktop-align-left","8":"tablet-align-left","9":"mobile-align-left","10":"ast-product-gallery-layout-horizontal-slider","11":"ast-product-gallery-with-no-image","12":"ast-product-tabs-layout-horizontal","14":"first","15":"instock","16":"shipping-taxable","17":"product-type-simple"},"yoast_head":"<!-- This site is optimized with the Yoast SEO plugin v27.4 - https:\/\/yoast.com\/product\/yoast-seo-wordpress\/ -->\n<title>Dana Spicer Axle Assy 14D2149 - \u7f51\u7ad9\u6807<\/title>\n<meta name=\"robots\" content=\"index, follow, max-snippet:-1, max-image-preview:large, max-video-preview:-1\" \/>\n<link rel=\"canonical\" href=\"https:\/\/miningspareparts.com\/fr\/produit\/dana-spicer-axle-assy-14d2149\/\" \/>\n<meta property=\"og:locale\" content=\"fr_FR\" \/>\n<meta property=\"og:type\" content=\"article\" \/>\n<meta property=\"og:title\" content=\"Dana Spicer Axle Assy 14D2149 - \u7f51\u7ad9\u6807\" \/>\n<meta property=\"og:description\" content=\"The 14D2149 speed reducer is designed especially for hydrostatic motor applications. Mounted on theaxle carrier, this planetary drive axle alows a hydrostatic motor to be mounted directly to the axle, thus eliminating the need for a separategear box and drive shaft. The Dana Axle 14D2149 Off-Highway Assy is a high-quality speed reducer specificaly engineered for [&hellip;]\" \/>\n<meta property=\"og:url\" content=\"https:\/\/miningspareparts.com\/fr\/produit\/dana-spicer-axle-assy-14d2149\/\" \/>\n<meta property=\"og:site_name\" content=\"Crusher parts, Slurry Pump Parts, Excavator shovel parts\" \/>\n<meta property=\"article:modified_time\" content=\"2024-10-18T07:52:15+00:00\" \/>\n<meta property=\"og:image\" content=\"https:\/\/miningspareparts.com\/wp-content\/uploads\/2024\/10\/Dana-Spicer-Axle-Assy-14D2149.webp\" \/>\n\t<meta property=\"og:image:width\" content=\"800\" \/>\n\t<meta property=\"og:image:height\" content=\"800\" \/>\n\t<meta property=\"og:image:type\" content=\"image\/webp\" \/>\n<meta name=\"twitter:card\" content=\"summary_large_image\" \/>\n<meta name=\"twitter:label1\" content=\"Dur\u00e9e de lecture estim\u00e9e\" \/>\n\t<meta name=\"twitter:data1\" content=\"1 minute\" \/>\n<script type=\"application\/ld+json\" class=\"yoast-schema-graph\">{\"@context\":\"https:\\\/\\\/schema.org\",\"@graph\":[{\"@type\":\"WebPage\",\"@id\":\"https:\\\/\\\/miningspareparts.com\\\/product\\\/dana-spicer-axle-assy-14d2149\\\/\",\"url\":\"https:\\\/\\\/miningspareparts.com\\\/product\\\/dana-spicer-axle-assy-14d2149\\\/\",\"name\":\"Dana Spicer Axle Assy 14D2149 - \u7f51\u7ad9\u6807\",\"isPartOf\":{\"@id\":\"https:\\\/\\\/miningspareparts.com\\\/#website\"},\"primaryImageOfPage\":{\"@id\":\"https:\\\/\\\/miningspareparts.com\\\/product\\\/dana-spicer-axle-assy-14d2149\\\/#primaryimage\"},\"image\":{\"@id\":\"https:\\\/\\\/miningspareparts.com\\\/product\\\/dana-spicer-axle-assy-14d2149\\\/#primaryimage\"},\"thumbnailUrl\":\"https:\\\/\\\/miningspareparts.com\\\/wp-content\\\/uploads\\\/2024\\\/10\\\/Dana-Spicer-Axle-Assy-14D2149.webp\",\"datePublished\":\"2024-10-18T07:24:27+00:00\",\"dateModified\":\"2024-10-18T07:52:15+00:00\",\"breadcrumb\":{\"@id\":\"https:\\\/\\\/miningspareparts.com\\\/product\\\/dana-spicer-axle-assy-14d2149\\\/#breadcrumb\"},\"inLanguage\":\"fr-FR\",\"potentialAction\":[{\"@type\":\"ReadAction\",\"target\":[\"https:\\\/\\\/miningspareparts.com\\\/product\\\/dana-spicer-axle-assy-14d2149\\\/\"]}]},{\"@type\":\"ImageObject\",\"inLanguage\":\"fr-FR\",\"@id\":\"https:\\\/\\\/miningspareparts.com\\\/product\\\/dana-spicer-axle-assy-14d2149\\\/#primaryimage\",\"url\":\"https:\\\/\\\/miningspareparts.com\\\/wp-content\\\/uploads\\\/2024\\\/10\\\/Dana-Spicer-Axle-Assy-14D2149.webp\",\"contentUrl\":\"https:\\\/\\\/miningspareparts.com\\\/wp-content\\\/uploads\\\/2024\\\/10\\\/Dana-Spicer-Axle-Assy-14D2149.webp\",\"width\":800,\"height\":800,\"caption\":\"Dana Spicer Axle Assy 14D2149\"},{\"@type\":\"BreadcrumbList\",\"@id\":\"https:\\\/\\\/miningspareparts.com\\\/product\\\/dana-spicer-axle-assy-14d2149\\\/#breadcrumb\",\"itemListElement\":[{\"@type\":\"ListItem\",\"position\":1,\"name\":\"Home\",\"item\":\"https:\\\/\\\/miningspareparts.com\\\/\"},{\"@type\":\"ListItem\",\"position\":2,\"name\":\"Premium Mining Wear And Spare Parts\",\"item\":\"https:\\\/\\\/miningspareparts.com\\\/shop\\\/\"},{\"@type\":\"ListItem\",\"position\":3,\"name\":\"Dana Spicer Axle Assy 14D2149\"}]},{\"@type\":\"WebSite\",\"@id\":\"https:\\\/\\\/miningspareparts.com\\\/#website\",\"url\":\"https:\\\/\\\/miningspareparts.com\\\/\",\"name\":\"Crusher parts , Concrete Mixer Parts, Slurry Pump Parts, Mining Spares\",\"description\":\"Mining Wear &amp; Spare Parts Supplier\",\"publisher\":{\"@id\":\"https:\\\/\\\/miningspareparts.com\\\/#organization\"},\"potentialAction\":[{\"@type\":\"SearchAction\",\"target\":{\"@type\":\"EntryPoint\",\"urlTemplate\":\"https:\\\/\\\/miningspareparts.com\\\/?s={search_term_string}\"},\"query-input\":{\"@type\":\"PropertyValueSpecification\",\"valueRequired\":true,\"valueName\":\"search_term_string\"}}],\"inLanguage\":\"fr-FR\"},{\"@type\":\"Organization\",\"@id\":\"https:\\\/\\\/miningspareparts.com\\\/#organization\",\"name\":\"Crusher parts , Concrete Mixer Parts, Slurry Pump Parts, Mining Spares\",\"url\":\"https:\\\/\\\/miningspareparts.com\\\/\",\"logo\":{\"@type\":\"ImageObject\",\"inLanguage\":\"fr-FR\",\"@id\":\"https:\\\/\\\/miningspareparts.com\\\/#\\\/schema\\\/logo\\\/image\\\/\",\"url\":\"https:\\\/\\\/miningspareparts.com\\\/wp-content\\\/uploads\\\/2025\\\/04\\\/cropped-cropped-logo\u6b63\u65b9\u5f62.png\",\"contentUrl\":\"https:\\\/\\\/miningspareparts.com\\\/wp-content\\\/uploads\\\/2025\\\/04\\\/cropped-cropped-logo\u6b63\u65b9\u5f62.png\",\"width\":511,\"height\":171,\"caption\":\"Crusher parts , Concrete Mixer Parts, Slurry Pump Parts, Mining Spares\"},\"image\":{\"@id\":\"https:\\\/\\\/miningspareparts.com\\\/#\\\/schema\\\/logo\\\/image\\\/\"}}]}<\/script>\n<!-- \/ Yoast SEO plugin. -->","yoast_head_json":{"title":"Dana Spicer Axle Assy 14D2149 - \u7f51\u7ad9\u6807","robots":{"index":"index","follow":"follow","max-snippet":"max-snippet:-1","max-image-preview":"max-image-preview:large","max-video-preview":"max-video-preview:-1"},"canonical":"https:\/\/miningspareparts.com\/fr\/produit\/dana-spicer-axle-assy-14d2149\/","og_locale":"fr_FR","og_type":"article","og_title":"Dana Spicer Axle Assy 14D2149 - \u7f51\u7ad9\u6807","og_description":"The 14D2149 speed reducer is designed especially for hydrostatic motor applications. Mounted on theaxle carrier, this planetary drive axle alows a hydrostatic motor to be mounted directly to the axle, thus eliminating the need for a separategear box and drive shaft. The Dana Axle 14D2149 Off-Highway Assy is a high-quality speed reducer specificaly engineered for [&hellip;]","og_url":"https:\/\/miningspareparts.com\/fr\/produit\/dana-spicer-axle-assy-14d2149\/","og_site_name":"Crusher parts, Slurry Pump Parts, Excavator shovel parts","article_modified_time":"2024-10-18T07:52:15+00:00","og_image":[{"width":800,"height":800,"url":"https:\/\/miningspareparts.com\/wp-content\/uploads\/2024\/10\/Dana-Spicer-Axle-Assy-14D2149.webp","type":"image\/webp"}],"twitter_card":"summary_large_image","twitter_misc":{"Dur\u00e9e de lecture estim\u00e9e":"1 minute"},"schema":{"@context":"https:\/\/schema.org","@graph":[{"@type":"WebPage","@id":"https:\/\/miningspareparts.com\/product\/dana-spicer-axle-assy-14d2149\/","url":"https:\/\/miningspareparts.com\/product\/dana-spicer-axle-assy-14d2149\/","name":"Dana Spicer Axle Assy 14D2149 - \u7f51\u7ad9\u6807","isPartOf":{"@id":"https:\/\/miningspareparts.com\/#website"},"primaryImageOfPage":{"@id":"https:\/\/miningspareparts.com\/product\/dana-spicer-axle-assy-14d2149\/#primaryimage"},"image":{"@id":"https:\/\/miningspareparts.com\/product\/dana-spicer-axle-assy-14d2149\/#primaryimage"},"thumbnailUrl":"https:\/\/miningspareparts.com\/wp-content\/uploads\/2024\/10\/Dana-Spicer-Axle-Assy-14D2149.webp","datePublished":"2024-10-18T07:24:27+00:00","dateModified":"2024-10-18T07:52:15+00:00","breadcrumb":{"@id":"https:\/\/miningspareparts.com\/product\/dana-spicer-axle-assy-14d2149\/#breadcrumb"},"inLanguage":"fr-FR","potentialAction":[{"@type":"ReadAction","target":["https:\/\/miningspareparts.com\/product\/dana-spicer-axle-assy-14d2149\/"]}]},{"@type":"ImageObject","inLanguage":"fr-FR","@id":"https:\/\/miningspareparts.com\/product\/dana-spicer-axle-assy-14d2149\/#primaryimage","url":"https:\/\/miningspareparts.com\/wp-content\/uploads\/2024\/10\/Dana-Spicer-Axle-Assy-14D2149.webp","contentUrl":"https:\/\/miningspareparts.com\/wp-content\/uploads\/2024\/10\/Dana-Spicer-Axle-Assy-14D2149.webp","width":800,"height":800,"caption":"Dana Spicer Axle Assy 14D2149"},{"@type":"BreadcrumbList","@id":"https:\/\/miningspareparts.com\/product\/dana-spicer-axle-assy-14d2149\/#breadcrumb","itemListElement":[{"@type":"ListItem","position":1,"name":"Home","item":"https:\/\/miningspareparts.com\/"},{"@type":"ListItem","position":2,"name":"Premium Mining Wear And Spare Parts","item":"https:\/\/miningspareparts.com\/shop\/"},{"@type":"ListItem","position":3,"name":"Dana Spicer Axle Assy 14D2149"}]},{"@type":"WebSite","@id":"https:\/\/miningspareparts.com\/#website","url":"https:\/\/miningspareparts.com\/","name":"Crusher parts , Concrete Mixer Parts, Slurry Pump Parts, Mining Spares","description":"Mining Wear &amp; Spare Parts Supplier","publisher":{"@id":"https:\/\/miningspareparts.com\/#organization"},"potentialAction":[{"@type":"SearchAction","target":{"@type":"EntryPoint","urlTemplate":"https:\/\/miningspareparts.com\/?s={search_term_string}"},"query-input":{"@type":"PropertyValueSpecification","valueRequired":true,"valueName":"search_term_string"}}],"inLanguage":"fr-FR"},{"@type":"Organization","@id":"https:\/\/miningspareparts.com\/#organization","name":"Crusher parts , Concrete Mixer Parts, Slurry Pump Parts, Mining Spares","url":"https:\/\/miningspareparts.com\/","logo":{"@type":"ImageObject","inLanguage":"fr-FR","@id":"https:\/\/miningspareparts.com\/#\/schema\/logo\/image\/","url":"https:\/\/miningspareparts.com\/wp-content\/uploads\/2025\/04\/cropped-cropped-logo\u6b63\u65b9\u5f62.png","contentUrl":"https:\/\/miningspareparts.com\/wp-content\/uploads\/2025\/04\/cropped-cropped-logo\u6b63\u65b9\u5f62.png","width":511,"height":171,"caption":"Crusher parts , Concrete Mixer Parts, Slurry Pump Parts, Mining Spares"},"image":{"@id":"https:\/\/miningspareparts.com\/#\/schema\/logo\/image\/"}}]}},"uagb_featured_image_src":{"full":["https:\/\/miningspareparts.com\/wp-content\/uploads\/2024\/10\/Dana-Spicer-Axle-Assy-14D2149.webp",800,800,false],"thumbnail":["https:\/\/miningspareparts.com\/wp-content\/uploads\/2024\/10\/Dana-Spicer-Axle-Assy-14D2149-150x150.webp",150,150,true],"medium":["https:\/\/miningspareparts.com\/wp-content\/uploads\/2024\/10\/Dana-Spicer-Axle-Assy-14D2149-300x300.webp",300,300,true],"medium_large":["https:\/\/miningspareparts.com\/wp-content\/uploads\/2024\/10\/Dana-Spicer-Axle-Assy-14D2149-768x768.webp",768,768,true],"large":["https:\/\/miningspareparts.com\/wp-content\/uploads\/2024\/10\/Dana-Spicer-Axle-Assy-14D2149.webp",800,800,false],"1536x1536":["https:\/\/miningspareparts.com\/wp-content\/uploads\/2024\/10\/Dana-Spicer-Axle-Assy-14D2149.webp",800,800,false],"2048x2048":["https:\/\/miningspareparts.com\/wp-content\/uploads\/2024\/10\/Dana-Spicer-Axle-Assy-14D2149.webp",800,800,false],"trp-custom-language-flag":["https:\/\/miningspareparts.com\/wp-content\/uploads\/2024\/10\/Dana-Spicer-Axle-Assy-14D2149-12x12.webp",12,12,true],"woocommerce_thumbnail":["https:\/\/miningspareparts.com\/wp-content\/uploads\/2024\/10\/Dana-Spicer-Axle-Assy-14D2149-300x300.webp",300,300,true],"woocommerce_single":["https:\/\/miningspareparts.com\/wp-content\/uploads\/2024\/10\/Dana-Spicer-Axle-Assy-14D2149-600x600.webp",600,600,true],"woocommerce_gallery_thumbnail":["https:\/\/miningspareparts.com\/wp-content\/uploads\/2024\/10\/Dana-Spicer-Axle-Assy-14D2149-100x100.webp",100,100,true]},"uagb_author_info":{"display_name":"Miningspareparts","author_link":"https:\/\/miningspareparts.com\/fr\/author\/"},"uagb_comment_info":0,"uagb_excerpt":"The 14D2149 speed reducer is designed especially for hydrostatic motor applications. Mounted on theaxle carrier, this planetary drive axle alows a hydrostatic motor to be mounted directly to the axle, thus eliminating the need for a separategear box and drive shaft. The Dana Axle 14D2149 Off-Highway Assy is a high-quality speed reducer specificaly engineered for\u2026","_links":{"self":[{"href":"https:\/\/miningspareparts.com\/fr\/wp-json\/wp\/v2\/product\/10795","targetHints":{"allow":["GET"]}}],"collection":[{"href":"https:\/\/miningspareparts.com\/fr\/wp-json\/wp\/v2\/product"}],"about":[{"href":"https:\/\/miningspareparts.com\/fr\/wp-json\/wp\/v2\/types\/product"}],"wp:featuredmedia":[{"embeddable":true,"href":"https:\/\/miningspareparts.com\/fr\/wp-json\/wp\/v2\/media\/10796"}],"wp:attachment":[{"href":"https:\/\/miningspareparts.com\/fr\/wp-json\/wp\/v2\/media?parent=10795"}],"wp:term":[{"taxonomy":"product_brand","embeddable":true,"href":"https:\/\/miningspareparts.com\/fr\/wp-json\/wp\/v2\/product_brand?post=10795"},{"taxonomy":"product_cat","embeddable":true,"href":"https:\/\/miningspareparts.com\/fr\/wp-json\/wp\/v2\/product_cat?post=10795"},{"taxonomy":"product_tag","embeddable":true,"href":"https:\/\/miningspareparts.com\/fr\/wp-json\/wp\/v2\/product_tag?post=10795"}],"curies":[{"name":"wp","href":"https:\/\/api.w.org\/{rel}","templated":true}]}}