{"id":10799,"date":"2024-10-18T07:59:38","date_gmt":"2024-10-18T07:59:38","guid":{"rendered":"https:\/\/miningspareparts.com\/?post_type=product&#038;p=10799"},"modified":"2024-10-18T08:02:19","modified_gmt":"2024-10-18T08:02:19","slug":"dana-spicer-axle-assembly-21d-series","status":"publish","type":"product","link":"https:\/\/miningspareparts.com\/fr\/produit\/dana-spicer-axle-assembly-21d-series\/","title":{"rendered":"Assemblage d'essieu Dana Spicer S\u00e9rie 21D"},"content":{"rendered":"<p>Essieu Spicer s\u00e9rie 21D<\/p>\n<p>\u00c9quip\u00e9 d'un frein \u00e0 refroidissement liquide (LCB)<\/p>\n<p>Les deux mod\u00e8les de la s\u00e9rie 21 D sont id\u00e9aux pour les machines de construction, d'exploitation mini\u00e8re et de manutention qui n\u00e9cessitent une r\u00e9sistance robuste et des performances fiables dans des conditions d'utilisation difficiles.<\/p>\n<p>L'ensemble d'essieu Spicer s\u00e9rie 21D est un produit de haute qualit\u00e9 propos\u00e9 par le fabricant chinois Hambition Mining. Cet ensemble d'essieu est con\u00e7u pour offrir des performances et une durabilit\u00e9 sup\u00e9rieures dans diverses applications mini\u00e8res.<\/p>","protected":false},"excerpt":{"rendered":"<p>Essieu Spicer s\u00e9rie 21D \u00e9quip\u00e9 d'un frein refroidi par liquide (LCB) Les deux mod\u00e8les de la s\u00e9rie 21 D sont id\u00e9aux pour les machines de construction, d'exploitation mini\u00e8re et de manutention qui n\u00e9cessitent une r\u00e9sistance robuste et des performances fiables dans des conditions d'exploitation difficiles. L'ensemble d'essieu Spicer s\u00e9rie 21D est un produit de haute qualit\u00e9 propos\u00e9 par le fabricant chinois Hambition Mining. [...]<\/p>","protected":false},"featured_media":10800,"template":"","meta":{"_uag_custom_page_level_css":"","site-sidebar-layout":"default","site-content-layout":"","ast-site-content-layout":"default","site-content-style":"default","site-sidebar-style":"default","ast-global-header-display":"","ast-banner-title-visibility":"","ast-main-header-display":"","ast-hfb-above-header-display":"","ast-hfb-below-header-display":"","ast-hfb-mobile-header-display":"","site-post-title":"","ast-breadcrumbs-content":"","ast-featured-img":"","footer-sml-layout":"","ast-disable-related-posts":"","theme-transparent-header-meta":"default","adv-header-id-meta":"","stick-header-meta":"default","header-above-stick-meta":"","header-main-stick-meta":"","header-below-stick-meta":"","astra-migrate-meta-layouts":"set","ast-page-background-enabled":"default","ast-page-background-meta":{"desktop":{"background-color":"var(--ast-global-color-4)","background-image":"","background-repeat":"repeat","background-position":"center center","background-size":"auto","background-attachment":"scroll","background-type":"","background-media":"","overlay-type":"","overlay-color":"","overlay-opacity":"","overlay-gradient":""},"tablet":{"background-color":"","background-image":"","background-repeat":"repeat","background-position":"center center","background-size":"auto","background-attachment":"scroll","background-type":"","background-media":"","overlay-type":"","overlay-color":"","overlay-opacity":"","overlay-gradient":""},"mobile":{"background-color":"","background-image":"","background-repeat":"repeat","background-position":"center center","background-size":"auto","background-attachment":"scroll","background-type":"","background-media":"","overlay-type":"","overlay-color":"","overlay-opacity":"","overlay-gradient":""}},"ast-content-background-meta":{"desktop":{"background-color":"var(--ast-global-color-5)","background-image":"","background-repeat":"repeat","background-position":"center center","background-size":"auto","background-attachment":"scroll","background-type":"","background-media":"","overlay-type":"","overlay-color":"","overlay-opacity":"","overlay-gradient":""},"tablet":{"background-color":"var(--ast-global-color-5)","background-image":"","background-repeat":"repeat","background-position":"center center","background-size":"auto","background-attachment":"scroll","background-type":"","background-media":"","overlay-type":"","overlay-color":"","overlay-opacity":"","overlay-gradient":""},"mobile":{"background-color":"var(--ast-global-color-5)","background-image":"","background-repeat":"repeat","background-position":"center center","background-size":"auto","background-attachment":"scroll","background-type":"","background-media":"","overlay-type":"","overlay-color":"","overlay-opacity":"","overlay-gradient":""}}},"product_brand":[],"product_cat":[424],"product_tag":[],"class_list":{"0":"post-10799","1":"product","2":"type-product","3":"status-publish","4":"has-post-thumbnail","6":"product_cat-axle-transmission","7":"desktop-align-left","8":"tablet-align-left","9":"mobile-align-left","10":"ast-product-gallery-layout-horizontal-slider","11":"ast-product-gallery-with-no-image","12":"ast-product-tabs-layout-horizontal","14":"first","15":"instock","16":"shipping-taxable","17":"product-type-simple"},"yoast_head":"<!-- This site is optimized with the Yoast SEO plugin v27.4 - https:\/\/yoast.com\/product\/yoast-seo-wordpress\/ -->\n<title>Dana Spicer Planetary Drive Axle 19D2748- \u7f51\u7ad9\u6807<\/title>\n<meta name=\"robots\" content=\"index, follow, max-snippet:-1, max-image-preview:large, max-video-preview:-1\" \/>\n<link rel=\"canonical\" href=\"https:\/\/miningspareparts.com\/fr\/produit\/dana-spicer-axle-assembly-21d-series\/\" \/>\n<meta property=\"og:locale\" content=\"fr_FR\" \/>\n<meta property=\"og:type\" content=\"article\" \/>\n<meta property=\"og:title\" content=\"Dana Spicer Planetary Drive Axle 19D2748- \u7f51\u7ad9\u6807\" \/>\n<meta property=\"og:description\" content=\"Spicer 21D Series Axle Fitted with a Liquid Cooled Brake (LCB) The two models in the 21 D Series are ideal for construction, mining, and material handling machines that require rugged strength and dependable performance under severe operating conditions. The Spicer Axle Assembly 21D Series is a high-quality product offered by China manufacturer Hambition Mining. [&hellip;]\" \/>\n<meta property=\"og:url\" content=\"https:\/\/miningspareparts.com\/fr\/produit\/dana-spicer-axle-assembly-21d-series\/\" \/>\n<meta property=\"og:site_name\" content=\"Crusher parts, Slurry Pump Parts, Excavator shovel parts\" \/>\n<meta property=\"article:modified_time\" content=\"2024-10-18T08:02:19+00:00\" \/>\n<meta property=\"og:image\" content=\"https:\/\/miningspareparts.com\/wp-content\/uploads\/2024\/10\/Dana-Spicer-Axle-Assembly-21D-Series.webp\" \/>\n\t<meta property=\"og:image:width\" content=\"800\" \/>\n\t<meta property=\"og:image:height\" content=\"800\" \/>\n\t<meta property=\"og:image:type\" content=\"image\/webp\" \/>\n<meta name=\"twitter:card\" content=\"summary_large_image\" \/>\n<meta name=\"twitter:label1\" content=\"Dur\u00e9e de lecture estim\u00e9e\" \/>\n\t<meta name=\"twitter:data1\" content=\"1 minute\" \/>\n<script type=\"application\/ld+json\" class=\"yoast-schema-graph\">{\"@context\":\"https:\\\/\\\/schema.org\",\"@graph\":[{\"@type\":\"WebPage\",\"@id\":\"https:\\\/\\\/miningspareparts.com\\\/product\\\/dana-spicer-axle-assembly-21d-series\\\/\",\"url\":\"https:\\\/\\\/miningspareparts.com\\\/product\\\/dana-spicer-axle-assembly-21d-series\\\/\",\"name\":\"Dana Spicer Planetary Drive Axle 19D2748- \u7f51\u7ad9\u6807\",\"isPartOf\":{\"@id\":\"https:\\\/\\\/miningspareparts.com\\\/#website\"},\"primaryImageOfPage\":{\"@id\":\"https:\\\/\\\/miningspareparts.com\\\/product\\\/dana-spicer-axle-assembly-21d-series\\\/#primaryimage\"},\"image\":{\"@id\":\"https:\\\/\\\/miningspareparts.com\\\/product\\\/dana-spicer-axle-assembly-21d-series\\\/#primaryimage\"},\"thumbnailUrl\":\"https:\\\/\\\/miningspareparts.com\\\/wp-content\\\/uploads\\\/2024\\\/10\\\/Dana-Spicer-Axle-Assembly-21D-Series.webp\",\"datePublished\":\"2024-10-18T07:59:38+00:00\",\"dateModified\":\"2024-10-18T08:02:19+00:00\",\"breadcrumb\":{\"@id\":\"https:\\\/\\\/miningspareparts.com\\\/product\\\/dana-spicer-axle-assembly-21d-series\\\/#breadcrumb\"},\"inLanguage\":\"fr-FR\",\"potentialAction\":[{\"@type\":\"ReadAction\",\"target\":[\"https:\\\/\\\/miningspareparts.com\\\/product\\\/dana-spicer-axle-assembly-21d-series\\\/\"]}]},{\"@type\":\"ImageObject\",\"inLanguage\":\"fr-FR\",\"@id\":\"https:\\\/\\\/miningspareparts.com\\\/product\\\/dana-spicer-axle-assembly-21d-series\\\/#primaryimage\",\"url\":\"https:\\\/\\\/miningspareparts.com\\\/wp-content\\\/uploads\\\/2024\\\/10\\\/Dana-Spicer-Axle-Assembly-21D-Series.webp\",\"contentUrl\":\"https:\\\/\\\/miningspareparts.com\\\/wp-content\\\/uploads\\\/2024\\\/10\\\/Dana-Spicer-Axle-Assembly-21D-Series.webp\",\"width\":800,\"height\":800,\"caption\":\"Dana Spicer Axle Assembly 21D Series\"},{\"@type\":\"BreadcrumbList\",\"@id\":\"https:\\\/\\\/miningspareparts.com\\\/product\\\/dana-spicer-axle-assembly-21d-series\\\/#breadcrumb\",\"itemListElement\":[{\"@type\":\"ListItem\",\"position\":1,\"name\":\"Home\",\"item\":\"https:\\\/\\\/miningspareparts.com\\\/\"},{\"@type\":\"ListItem\",\"position\":2,\"name\":\"Premium Mining Wear And Spare Parts\",\"item\":\"https:\\\/\\\/miningspareparts.com\\\/shop\\\/\"},{\"@type\":\"ListItem\",\"position\":3,\"name\":\"Dana Spicer Axle Assembly 21D Series\"}]},{\"@type\":\"WebSite\",\"@id\":\"https:\\\/\\\/miningspareparts.com\\\/#website\",\"url\":\"https:\\\/\\\/miningspareparts.com\\\/\",\"name\":\"Crusher parts , Concrete Mixer Parts, Slurry Pump Parts, Mining Spares\",\"description\":\"Mining Wear &amp; Spare Parts Supplier\",\"publisher\":{\"@id\":\"https:\\\/\\\/miningspareparts.com\\\/#organization\"},\"potentialAction\":[{\"@type\":\"SearchAction\",\"target\":{\"@type\":\"EntryPoint\",\"urlTemplate\":\"https:\\\/\\\/miningspareparts.com\\\/?s={search_term_string}\"},\"query-input\":{\"@type\":\"PropertyValueSpecification\",\"valueRequired\":true,\"valueName\":\"search_term_string\"}}],\"inLanguage\":\"fr-FR\"},{\"@type\":\"Organization\",\"@id\":\"https:\\\/\\\/miningspareparts.com\\\/#organization\",\"name\":\"Crusher parts , Concrete Mixer Parts, Slurry Pump Parts, Mining Spares\",\"url\":\"https:\\\/\\\/miningspareparts.com\\\/\",\"logo\":{\"@type\":\"ImageObject\",\"inLanguage\":\"fr-FR\",\"@id\":\"https:\\\/\\\/miningspareparts.com\\\/#\\\/schema\\\/logo\\\/image\\\/\",\"url\":\"https:\\\/\\\/miningspareparts.com\\\/wp-content\\\/uploads\\\/2025\\\/04\\\/cropped-cropped-logo\u6b63\u65b9\u5f62.png\",\"contentUrl\":\"https:\\\/\\\/miningspareparts.com\\\/wp-content\\\/uploads\\\/2025\\\/04\\\/cropped-cropped-logo\u6b63\u65b9\u5f62.png\",\"width\":511,\"height\":171,\"caption\":\"Crusher parts , Concrete Mixer Parts, Slurry Pump Parts, Mining Spares\"},\"image\":{\"@id\":\"https:\\\/\\\/miningspareparts.com\\\/#\\\/schema\\\/logo\\\/image\\\/\"}}]}<\/script>\n<!-- \/ Yoast SEO plugin. -->","yoast_head_json":{"title":"Dana Spicer Planetary Drive Axle 19D2748- \u7f51\u7ad9\u6807","robots":{"index":"index","follow":"follow","max-snippet":"max-snippet:-1","max-image-preview":"max-image-preview:large","max-video-preview":"max-video-preview:-1"},"canonical":"https:\/\/miningspareparts.com\/fr\/produit\/dana-spicer-axle-assembly-21d-series\/","og_locale":"fr_FR","og_type":"article","og_title":"Dana Spicer Planetary Drive Axle 19D2748- \u7f51\u7ad9\u6807","og_description":"Spicer 21D Series Axle Fitted with a Liquid Cooled Brake (LCB) The two models in the 21 D Series are ideal for construction, mining, and material handling machines that require rugged strength and dependable performance under severe operating conditions. The Spicer Axle Assembly 21D Series is a high-quality product offered by China manufacturer Hambition Mining. [&hellip;]","og_url":"https:\/\/miningspareparts.com\/fr\/produit\/dana-spicer-axle-assembly-21d-series\/","og_site_name":"Crusher parts, Slurry Pump Parts, Excavator shovel parts","article_modified_time":"2024-10-18T08:02:19+00:00","og_image":[{"width":800,"height":800,"url":"https:\/\/miningspareparts.com\/wp-content\/uploads\/2024\/10\/Dana-Spicer-Axle-Assembly-21D-Series.webp","type":"image\/webp"}],"twitter_card":"summary_large_image","twitter_misc":{"Dur\u00e9e de lecture estim\u00e9e":"1 minute"},"schema":{"@context":"https:\/\/schema.org","@graph":[{"@type":"WebPage","@id":"https:\/\/miningspareparts.com\/product\/dana-spicer-axle-assembly-21d-series\/","url":"https:\/\/miningspareparts.com\/product\/dana-spicer-axle-assembly-21d-series\/","name":"Dana Spicer Planetary Drive Axle 19D2748- \u7f51\u7ad9\u6807","isPartOf":{"@id":"https:\/\/miningspareparts.com\/#website"},"primaryImageOfPage":{"@id":"https:\/\/miningspareparts.com\/product\/dana-spicer-axle-assembly-21d-series\/#primaryimage"},"image":{"@id":"https:\/\/miningspareparts.com\/product\/dana-spicer-axle-assembly-21d-series\/#primaryimage"},"thumbnailUrl":"https:\/\/miningspareparts.com\/wp-content\/uploads\/2024\/10\/Dana-Spicer-Axle-Assembly-21D-Series.webp","datePublished":"2024-10-18T07:59:38+00:00","dateModified":"2024-10-18T08:02:19+00:00","breadcrumb":{"@id":"https:\/\/miningspareparts.com\/product\/dana-spicer-axle-assembly-21d-series\/#breadcrumb"},"inLanguage":"fr-FR","potentialAction":[{"@type":"ReadAction","target":["https:\/\/miningspareparts.com\/product\/dana-spicer-axle-assembly-21d-series\/"]}]},{"@type":"ImageObject","inLanguage":"fr-FR","@id":"https:\/\/miningspareparts.com\/product\/dana-spicer-axle-assembly-21d-series\/#primaryimage","url":"https:\/\/miningspareparts.com\/wp-content\/uploads\/2024\/10\/Dana-Spicer-Axle-Assembly-21D-Series.webp","contentUrl":"https:\/\/miningspareparts.com\/wp-content\/uploads\/2024\/10\/Dana-Spicer-Axle-Assembly-21D-Series.webp","width":800,"height":800,"caption":"Dana Spicer Axle Assembly 21D Series"},{"@type":"BreadcrumbList","@id":"https:\/\/miningspareparts.com\/product\/dana-spicer-axle-assembly-21d-series\/#breadcrumb","itemListElement":[{"@type":"ListItem","position":1,"name":"Home","item":"https:\/\/miningspareparts.com\/"},{"@type":"ListItem","position":2,"name":"Premium Mining Wear And Spare Parts","item":"https:\/\/miningspareparts.com\/shop\/"},{"@type":"ListItem","position":3,"name":"Dana Spicer Axle Assembly 21D Series"}]},{"@type":"WebSite","@id":"https:\/\/miningspareparts.com\/#website","url":"https:\/\/miningspareparts.com\/","name":"Crusher parts , Concrete Mixer Parts, Slurry Pump Parts, Mining Spares","description":"Mining Wear &amp; Spare Parts Supplier","publisher":{"@id":"https:\/\/miningspareparts.com\/#organization"},"potentialAction":[{"@type":"SearchAction","target":{"@type":"EntryPoint","urlTemplate":"https:\/\/miningspareparts.com\/?s={search_term_string}"},"query-input":{"@type":"PropertyValueSpecification","valueRequired":true,"valueName":"search_term_string"}}],"inLanguage":"fr-FR"},{"@type":"Organization","@id":"https:\/\/miningspareparts.com\/#organization","name":"Crusher parts , Concrete Mixer Parts, Slurry Pump Parts, Mining Spares","url":"https:\/\/miningspareparts.com\/","logo":{"@type":"ImageObject","inLanguage":"fr-FR","@id":"https:\/\/miningspareparts.com\/#\/schema\/logo\/image\/","url":"https:\/\/miningspareparts.com\/wp-content\/uploads\/2025\/04\/cropped-cropped-logo\u6b63\u65b9\u5f62.png","contentUrl":"https:\/\/miningspareparts.com\/wp-content\/uploads\/2025\/04\/cropped-cropped-logo\u6b63\u65b9\u5f62.png","width":511,"height":171,"caption":"Crusher parts , Concrete Mixer Parts, Slurry Pump Parts, Mining Spares"},"image":{"@id":"https:\/\/miningspareparts.com\/#\/schema\/logo\/image\/"}}]}},"uagb_featured_image_src":{"full":["https:\/\/miningspareparts.com\/wp-content\/uploads\/2024\/10\/Dana-Spicer-Axle-Assembly-21D-Series.webp",800,800,false],"thumbnail":["https:\/\/miningspareparts.com\/wp-content\/uploads\/2024\/10\/Dana-Spicer-Axle-Assembly-21D-Series-150x150.webp",150,150,true],"medium":["https:\/\/miningspareparts.com\/wp-content\/uploads\/2024\/10\/Dana-Spicer-Axle-Assembly-21D-Series-300x300.webp",300,300,true],"medium_large":["https:\/\/miningspareparts.com\/wp-content\/uploads\/2024\/10\/Dana-Spicer-Axle-Assembly-21D-Series-768x768.webp",768,768,true],"large":["https:\/\/miningspareparts.com\/wp-content\/uploads\/2024\/10\/Dana-Spicer-Axle-Assembly-21D-Series.webp",800,800,false],"1536x1536":["https:\/\/miningspareparts.com\/wp-content\/uploads\/2024\/10\/Dana-Spicer-Axle-Assembly-21D-Series.webp",800,800,false],"2048x2048":["https:\/\/miningspareparts.com\/wp-content\/uploads\/2024\/10\/Dana-Spicer-Axle-Assembly-21D-Series.webp",800,800,false],"trp-custom-language-flag":["https:\/\/miningspareparts.com\/wp-content\/uploads\/2024\/10\/Dana-Spicer-Axle-Assembly-21D-Series-12x12.webp",12,12,true],"woocommerce_thumbnail":["https:\/\/miningspareparts.com\/wp-content\/uploads\/2024\/10\/Dana-Spicer-Axle-Assembly-21D-Series-300x300.webp",300,300,true],"woocommerce_single":["https:\/\/miningspareparts.com\/wp-content\/uploads\/2024\/10\/Dana-Spicer-Axle-Assembly-21D-Series-600x600.webp",600,600,true],"woocommerce_gallery_thumbnail":["https:\/\/miningspareparts.com\/wp-content\/uploads\/2024\/10\/Dana-Spicer-Axle-Assembly-21D-Series-100x100.webp",100,100,true]},"uagb_author_info":{"display_name":"Miningspareparts","author_link":"https:\/\/miningspareparts.com\/fr\/author\/"},"uagb_comment_info":0,"uagb_excerpt":"Spicer 21D Series Axle Fitted with a Liquid Cooled Brake (LCB) The two models in the 21 D Series are ideal for construction, mining, and material handling machines that require rugged strength and dependable performance under severe operating conditions. The Spicer Axle Assembly 21D Series is a high-quality product offered by China manufacturer Hambition Mining.\u2026","_links":{"self":[{"href":"https:\/\/miningspareparts.com\/fr\/wp-json\/wp\/v2\/product\/10799","targetHints":{"allow":["GET"]}}],"collection":[{"href":"https:\/\/miningspareparts.com\/fr\/wp-json\/wp\/v2\/product"}],"about":[{"href":"https:\/\/miningspareparts.com\/fr\/wp-json\/wp\/v2\/types\/product"}],"wp:featuredmedia":[{"embeddable":true,"href":"https:\/\/miningspareparts.com\/fr\/wp-json\/wp\/v2\/media\/10800"}],"wp:attachment":[{"href":"https:\/\/miningspareparts.com\/fr\/wp-json\/wp\/v2\/media?parent=10799"}],"wp:term":[{"taxonomy":"product_brand","embeddable":true,"href":"https:\/\/miningspareparts.com\/fr\/wp-json\/wp\/v2\/product_brand?post=10799"},{"taxonomy":"product_cat","embeddable":true,"href":"https:\/\/miningspareparts.com\/fr\/wp-json\/wp\/v2\/product_cat?post=10799"},{"taxonomy":"product_tag","embeddable":true,"href":"https:\/\/miningspareparts.com\/fr\/wp-json\/wp\/v2\/product_tag?post=10799"}],"curies":[{"name":"wp","href":"https:\/\/api.w.org\/{rel}","templated":true}]}}