{"id":11397,"date":"2025-11-06T06:48:47","date_gmt":"2025-11-06T06:48:47","guid":{"rendered":"https:\/\/miningspareparts.com\/?post_type=product&#038;p=11397"},"modified":"2026-02-02T01:52:38","modified_gmt":"2026-02-02T01:52:38","slug":"concave-bowl-liner-11048315407","status":"publish","type":"product","link":"https:\/\/miningspareparts.com\/fr\/produit\/concave-bowl-liner-11048315407\/","title":{"rendered":"LINER DE CUVE 11048315407 pour concasseur \u00e0 c\u00f4ne MP1000 4518kg"},"content":{"rendered":"<div class=\"auto-hide-last-sibling-br paragraph-JOTKXA paragraph-element br-paragraph-space\">LINER DE SOUFFLE DE CONCAVE 11048315407 est une pi\u00e8ce d'usure critique pour le concasseur \u00e0 c\u00f4ne MP1000. Elle p\u00e8se 4518 kg, ce qui correspond aux exigences de charge structurelle du concasseur.<\/div>\n<div class=\"auto-hide-last-sibling-br paragraph-JOTKXA paragraph-element br-paragraph-space\">Fabriqu\u00e9 \u00e0 partir d'un alliage \u00e0 haute teneur en chrome, il subit un traitement thermique rigoureux. La duret\u00e9 de la surface atteint HRC58-62 pour une meilleure r\u00e9sistance \u00e0 l'usure. Il traite efficacement les minerais et les roches abrasifs.<\/div>\n<div class=\"auto-hide-last-sibling-br paragraph-JOTKXA paragraph-element br-paragraph-space\">Il respecte les dimensions d'origine du mod\u00e8le MP1000 pour une installation sans faille. Aucune modification suppl\u00e9mentaire n'est n\u00e9cessaire lors du remplacement. Il r\u00e9duit les temps d'arr\u00eat pour les \u00e9quipes de maintenance.<\/div>\n<div class=\"auto-hide-last-sibling-br paragraph-JOTKXA paragraph-element br-paragraph-space\">Dans les exploitations mini\u00e8res et d'agr\u00e9gats, ce rev\u00eatement absorbe l'impact de l'\u00e9crasement. Il prot\u00e8ge le corps du bol du concasseur des dommages directs caus\u00e9s par les mat\u00e9riaux. Il maintient une efficacit\u00e9 de production constante.<\/div>\n<div class=\"auto-hide-last-sibling-br paragraph-JOTKXA paragraph-element br-paragraph-space\">Certifi\u00e9e ISO 9001 et CE, elle r\u00e9pond aux normes de qualit\u00e9 mondiales pour les exportations. Nous prenons en charge les commandes en gros et les solutions logistiques transfrontali\u00e8res. C'est un choix fiable pour la maintenance des concasseurs.<\/div>","protected":false},"excerpt":{"rendered":"<ul class=\"auto-hide-last-sibling-br\">\n<li>Num\u00e9ro de pi\u00e8ce : REV\u00caTEMENT DE LA CUVETTE CONCAVE 11048315407<\/li>\n<li>Poids de la pi\u00e8ce : 4518kg<\/li>\n<li>Nom du produit : REV\u00caTEMENT DE DOUILLE DE CONCAVE 11048315407 - MP1000 Mod\u00e8le de concasseur \u00e0 c\u00f4ne Pi\u00e8ce d'usure<\/li>\n<li>Mod\u00e8le d'accessoire : MP1000<\/li>\n<li>\u00c9quipement applicable : Concasseur \u00e0 c\u00f4ne<\/li>\n<li>Principal avantage : alliage \u00e0 haute teneur en chrome, ajustement pr\u00e9cis MP1000, anti-impact, dur\u00e9e de vie prolong\u00e9e.<\/li>\n<li>Fonction principale : Supprime la pression de concassage du mat\u00e9riau, prot\u00e8ge le corps du bol du concasseur \u00e0 c\u00f4ne.<\/li>\n<\/ul>","protected":false},"featured_media":11398,"template":"","meta":{"_uag_custom_page_level_css":"","site-sidebar-layout":"default","site-content-layout":"","ast-site-content-layout":"default","site-content-style":"default","site-sidebar-style":"default","ast-global-header-display":"","ast-banner-title-visibility":"","ast-main-header-display":"","ast-hfb-above-header-display":"","ast-hfb-below-header-display":"","ast-hfb-mobile-header-display":"","site-post-title":"","ast-breadcrumbs-content":"","ast-featured-img":"","footer-sml-layout":"","ast-disable-related-posts":"","theme-transparent-header-meta":"default","adv-header-id-meta":"","stick-header-meta":"default","header-above-stick-meta":"","header-main-stick-meta":"","header-below-stick-meta":"","astra-migrate-meta-layouts":"set","ast-page-background-enabled":"default","ast-page-background-meta":{"desktop":{"background-color":"var(--ast-global-color-4)","background-image":"","background-repeat":"repeat","background-position":"center center","background-size":"auto","background-attachment":"scroll","background-type":"","background-media":"","overlay-type":"","overlay-color":"","overlay-opacity":"","overlay-gradient":""},"tablet":{"background-color":"","background-image":"","background-repeat":"repeat","background-position":"center center","background-size":"auto","background-attachment":"scroll","background-type":"","background-media":"","overlay-type":"","overlay-color":"","overlay-opacity":"","overlay-gradient":""},"mobile":{"background-color":"","background-image":"","background-repeat":"repeat","background-position":"center center","background-size":"auto","background-attachment":"scroll","background-type":"","background-media":"","overlay-type":"","overlay-color":"","overlay-opacity":"","overlay-gradient":""}},"ast-content-background-meta":{"desktop":{"background-color":"var(--ast-global-color-5)","background-image":"","background-repeat":"repeat","background-position":"center center","background-size":"auto","background-attachment":"scroll","background-type":"","background-media":"","overlay-type":"","overlay-color":"","overlay-opacity":"","overlay-gradient":""},"tablet":{"background-color":"var(--ast-global-color-5)","background-image":"","background-repeat":"repeat","background-position":"center center","background-size":"auto","background-attachment":"scroll","background-type":"","background-media":"","overlay-type":"","overlay-color":"","overlay-opacity":"","overlay-gradient":""},"mobile":{"background-color":"var(--ast-global-color-5)","background-image":"","background-repeat":"repeat","background-position":"center center","background-size":"auto","background-attachment":"scroll","background-type":"","background-media":"","overlay-type":"","overlay-color":"","overlay-opacity":"","overlay-gradient":""}}},"product_brand":[],"product_cat":[15,100,37,38,54,57,239,223,87],"product_tag":[],"class_list":{"0":"post-11397","1":"product","2":"type-product","3":"status-publish","4":"has-post-thumbnail","6":"product_cat-uncategorized","7":"product_cat-crusher-liner","8":"product_cat-bowl-liner","9":"product_cat-concave-ring","10":"product_cat-concave-segment","11":"product_cat-crusher-spares","12":"product_cat-bowl-assembly","13":"product_cat-machining-parts","14":"product_cat-engineering-parts","15":"desktop-align-left","16":"tablet-align-left","17":"mobile-align-left","18":"ast-product-gallery-layout-horizontal-slider","19":"ast-product-tabs-layout-horizontal","21":"first","22":"instock","23":"shipping-taxable","24":"product-type-simple"},"yoast_head":"<!-- This site is optimized with the Yoast SEO plugin v27.4 - https:\/\/yoast.com\/product\/yoast-seo-wordpress\/ -->\n<title>CONCAVE BOWL LINER 11048315407 - MP1000 Cone Crusher 4518kgCONCAVE BOWL LINER 11048315407 for MP1000 Cone Crusher 4518kg - Crusher parts, Slurry Pump Parts, Excavator shovel parts<\/title>\n<meta name=\"description\" content=\"CONCAVE BOWL LINER 11048315407 for MP1000 Cone Crusher: 4518kg, high-chromium wear-resistant. In stock\u2014get instant quote or fast delivery!\" \/>\n<meta name=\"robots\" content=\"index, follow, max-snippet:-1, max-image-preview:large, max-video-preview:-1\" \/>\n<link rel=\"canonical\" href=\"https:\/\/miningspareparts.com\/fr\/produit\/concave-bowl-liner-11048315407\/\" \/>\n<meta property=\"og:locale\" content=\"fr_FR\" \/>\n<meta property=\"og:type\" content=\"article\" \/>\n<meta property=\"og:title\" content=\"CONCAVE BOWL LINER 11048315407 - MP1000 Cone Crusher 4518kgCONCAVE BOWL LINER 11048315407 for MP1000 Cone Crusher 4518kg - Crusher parts, Slurry Pump Parts, Excavator shovel parts\" \/>\n<meta property=\"og:description\" content=\"CONCAVE BOWL LINER 11048315407 for MP1000 Cone Crusher: 4518kg, high-chromium wear-resistant. In stock\u2014get instant quote or fast delivery!\" \/>\n<meta property=\"og:url\" content=\"https:\/\/miningspareparts.com\/fr\/produit\/concave-bowl-liner-11048315407\/\" \/>\n<meta property=\"og:site_name\" content=\"Crusher parts, Slurry Pump Parts, Excavator shovel parts\" \/>\n<meta property=\"article:modified_time\" content=\"2026-02-02T01:52:38+00:00\" \/>\n<meta property=\"og:image\" content=\"https:\/\/miningspareparts.com\/wp-content\/uploads\/2025\/11\/CONCAVE-BOWL-LINER-11048315407-for-MP1000-Cone-Crusher-4518kg-2.webp\" \/>\n\t<meta property=\"og:image:width\" content=\"800\" \/>\n\t<meta property=\"og:image:height\" content=\"800\" \/>\n\t<meta property=\"og:image:type\" content=\"image\/webp\" \/>\n<meta name=\"twitter:card\" content=\"summary_large_image\" \/>\n<meta name=\"twitter:label1\" content=\"Dur\u00e9e de lecture estim\u00e9e\" \/>\n\t<meta name=\"twitter:data1\" content=\"1 minute\" \/>\n<script type=\"application\/ld+json\" class=\"yoast-schema-graph\">{\"@context\":\"https:\\\/\\\/schema.org\",\"@graph\":[{\"@type\":\"WebPage\",\"@id\":\"https:\\\/\\\/miningspareparts.com\\\/product\\\/concave-bowl-liner-11048315407\\\/\",\"url\":\"https:\\\/\\\/miningspareparts.com\\\/product\\\/concave-bowl-liner-11048315407\\\/\",\"name\":\"CONCAVE BOWL LINER 11048315407 - MP1000 Cone Crusher 4518kgCONCAVE BOWL LINER 11048315407 for MP1000 Cone Crusher 4518kg - Crusher parts, Slurry Pump Parts, Excavator shovel parts\",\"isPartOf\":{\"@id\":\"https:\\\/\\\/miningspareparts.com\\\/#website\"},\"primaryImageOfPage\":{\"@id\":\"https:\\\/\\\/miningspareparts.com\\\/product\\\/concave-bowl-liner-11048315407\\\/#primaryimage\"},\"image\":{\"@id\":\"https:\\\/\\\/miningspareparts.com\\\/product\\\/concave-bowl-liner-11048315407\\\/#primaryimage\"},\"thumbnailUrl\":\"https:\\\/\\\/miningspareparts.com\\\/wp-content\\\/uploads\\\/2025\\\/11\\\/CONCAVE-BOWL-LINER-11048315407-for-MP1000-Cone-Crusher-4518kg-2.webp\",\"datePublished\":\"2025-11-06T06:48:47+00:00\",\"dateModified\":\"2026-02-02T01:52:38+00:00\",\"description\":\"CONCAVE BOWL LINER 11048315407 for MP1000 Cone Crusher: 4518kg, high-chromium wear-resistant. In stock\u2014get instant quote or fast delivery!\",\"breadcrumb\":{\"@id\":\"https:\\\/\\\/miningspareparts.com\\\/product\\\/concave-bowl-liner-11048315407\\\/#breadcrumb\"},\"inLanguage\":\"fr-FR\",\"potentialAction\":[{\"@type\":\"ReadAction\",\"target\":[\"https:\\\/\\\/miningspareparts.com\\\/product\\\/concave-bowl-liner-11048315407\\\/\"]}]},{\"@type\":\"ImageObject\",\"inLanguage\":\"fr-FR\",\"@id\":\"https:\\\/\\\/miningspareparts.com\\\/product\\\/concave-bowl-liner-11048315407\\\/#primaryimage\",\"url\":\"https:\\\/\\\/miningspareparts.com\\\/wp-content\\\/uploads\\\/2025\\\/11\\\/CONCAVE-BOWL-LINER-11048315407-for-MP1000-Cone-Crusher-4518kg-2.webp\",\"contentUrl\":\"https:\\\/\\\/miningspareparts.com\\\/wp-content\\\/uploads\\\/2025\\\/11\\\/CONCAVE-BOWL-LINER-11048315407-for-MP1000-Cone-Crusher-4518kg-2.webp\",\"width\":800,\"height\":800,\"caption\":\"CONCAVE BOWL LINER 11048315407 for MP1000 Cone Crusher 4518kg\"},{\"@type\":\"BreadcrumbList\",\"@id\":\"https:\\\/\\\/miningspareparts.com\\\/product\\\/concave-bowl-liner-11048315407\\\/#breadcrumb\",\"itemListElement\":[{\"@type\":\"ListItem\",\"position\":1,\"name\":\"Home\",\"item\":\"https:\\\/\\\/miningspareparts.com\\\/\"},{\"@type\":\"ListItem\",\"position\":2,\"name\":\"Premium Mining Wear And Spare Parts\",\"item\":\"https:\\\/\\\/miningspareparts.com\\\/shop\\\/\"},{\"@type\":\"ListItem\",\"position\":3,\"name\":\"CONCAVE BOWL LINER 11048315407 for MP1000 Cone Crusher 4518kg\"}]},{\"@type\":\"WebSite\",\"@id\":\"https:\\\/\\\/miningspareparts.com\\\/#website\",\"url\":\"https:\\\/\\\/miningspareparts.com\\\/\",\"name\":\"Crusher parts , Concrete Mixer Parts, Slurry Pump Parts, Mining Spares\",\"description\":\"Mining Wear &amp; Spare Parts Supplier\",\"publisher\":{\"@id\":\"https:\\\/\\\/miningspareparts.com\\\/#organization\"},\"potentialAction\":[{\"@type\":\"SearchAction\",\"target\":{\"@type\":\"EntryPoint\",\"urlTemplate\":\"https:\\\/\\\/miningspareparts.com\\\/?s={search_term_string}\"},\"query-input\":{\"@type\":\"PropertyValueSpecification\",\"valueRequired\":true,\"valueName\":\"search_term_string\"}}],\"inLanguage\":\"fr-FR\"},{\"@type\":\"Organization\",\"@id\":\"https:\\\/\\\/miningspareparts.com\\\/#organization\",\"name\":\"Crusher parts , Concrete Mixer Parts, Slurry Pump Parts, Mining Spares\",\"url\":\"https:\\\/\\\/miningspareparts.com\\\/\",\"logo\":{\"@type\":\"ImageObject\",\"inLanguage\":\"fr-FR\",\"@id\":\"https:\\\/\\\/miningspareparts.com\\\/#\\\/schema\\\/logo\\\/image\\\/\",\"url\":\"https:\\\/\\\/miningspareparts.com\\\/wp-content\\\/uploads\\\/2025\\\/04\\\/cropped-cropped-logo\u6b63\u65b9\u5f62.png\",\"contentUrl\":\"https:\\\/\\\/miningspareparts.com\\\/wp-content\\\/uploads\\\/2025\\\/04\\\/cropped-cropped-logo\u6b63\u65b9\u5f62.png\",\"width\":511,\"height\":171,\"caption\":\"Crusher parts , Concrete Mixer Parts, Slurry Pump Parts, Mining Spares\"},\"image\":{\"@id\":\"https:\\\/\\\/miningspareparts.com\\\/#\\\/schema\\\/logo\\\/image\\\/\"}}]}<\/script>\n<!-- \/ Yoast SEO plugin. -->","yoast_head_json":{"title":"CONCAVE BOWL LINER 11048315407 - MP1000 Cone Crusher 4518kgCONCAVE BOWL LINER 11048315407 for MP1000 Cone Crusher 4518kg - Crusher parts, Slurry Pump Parts, Excavator shovel parts","description":"CONCAVE BOWL LINER 11048315407 for MP1000 Cone Crusher: 4518kg, high-chromium wear-resistant. In stock\u2014get instant quote or fast delivery!","robots":{"index":"index","follow":"follow","max-snippet":"max-snippet:-1","max-image-preview":"max-image-preview:large","max-video-preview":"max-video-preview:-1"},"canonical":"https:\/\/miningspareparts.com\/fr\/produit\/concave-bowl-liner-11048315407\/","og_locale":"fr_FR","og_type":"article","og_title":"CONCAVE BOWL LINER 11048315407 - MP1000 Cone Crusher 4518kgCONCAVE BOWL LINER 11048315407 for MP1000 Cone Crusher 4518kg - Crusher parts, Slurry Pump Parts, Excavator shovel parts","og_description":"CONCAVE BOWL LINER 11048315407 for MP1000 Cone Crusher: 4518kg, high-chromium wear-resistant. In stock\u2014get instant quote or fast delivery!","og_url":"https:\/\/miningspareparts.com\/fr\/produit\/concave-bowl-liner-11048315407\/","og_site_name":"Crusher parts, Slurry Pump Parts, Excavator shovel parts","article_modified_time":"2026-02-02T01:52:38+00:00","og_image":[{"width":800,"height":800,"url":"https:\/\/miningspareparts.com\/wp-content\/uploads\/2025\/11\/CONCAVE-BOWL-LINER-11048315407-for-MP1000-Cone-Crusher-4518kg-2.webp","type":"image\/webp"}],"twitter_card":"summary_large_image","twitter_misc":{"Dur\u00e9e de lecture estim\u00e9e":"1 minute"},"schema":{"@context":"https:\/\/schema.org","@graph":[{"@type":"WebPage","@id":"https:\/\/miningspareparts.com\/product\/concave-bowl-liner-11048315407\/","url":"https:\/\/miningspareparts.com\/product\/concave-bowl-liner-11048315407\/","name":"CONCAVE BOWL LINER 11048315407 - MP1000 Cone Crusher 4518kgCONCAVE BOWL LINER 11048315407 for MP1000 Cone Crusher 4518kg - Crusher parts, Slurry Pump Parts, Excavator shovel parts","isPartOf":{"@id":"https:\/\/miningspareparts.com\/#website"},"primaryImageOfPage":{"@id":"https:\/\/miningspareparts.com\/product\/concave-bowl-liner-11048315407\/#primaryimage"},"image":{"@id":"https:\/\/miningspareparts.com\/product\/concave-bowl-liner-11048315407\/#primaryimage"},"thumbnailUrl":"https:\/\/miningspareparts.com\/wp-content\/uploads\/2025\/11\/CONCAVE-BOWL-LINER-11048315407-for-MP1000-Cone-Crusher-4518kg-2.webp","datePublished":"2025-11-06T06:48:47+00:00","dateModified":"2026-02-02T01:52:38+00:00","description":"CONCAVE BOWL LINER 11048315407 for MP1000 Cone Crusher: 4518kg, high-chromium wear-resistant. In stock\u2014get instant quote or fast delivery!","breadcrumb":{"@id":"https:\/\/miningspareparts.com\/product\/concave-bowl-liner-11048315407\/#breadcrumb"},"inLanguage":"fr-FR","potentialAction":[{"@type":"ReadAction","target":["https:\/\/miningspareparts.com\/product\/concave-bowl-liner-11048315407\/"]}]},{"@type":"ImageObject","inLanguage":"fr-FR","@id":"https:\/\/miningspareparts.com\/product\/concave-bowl-liner-11048315407\/#primaryimage","url":"https:\/\/miningspareparts.com\/wp-content\/uploads\/2025\/11\/CONCAVE-BOWL-LINER-11048315407-for-MP1000-Cone-Crusher-4518kg-2.webp","contentUrl":"https:\/\/miningspareparts.com\/wp-content\/uploads\/2025\/11\/CONCAVE-BOWL-LINER-11048315407-for-MP1000-Cone-Crusher-4518kg-2.webp","width":800,"height":800,"caption":"CONCAVE BOWL LINER 11048315407 for MP1000 Cone Crusher 4518kg"},{"@type":"BreadcrumbList","@id":"https:\/\/miningspareparts.com\/product\/concave-bowl-liner-11048315407\/#breadcrumb","itemListElement":[{"@type":"ListItem","position":1,"name":"Home","item":"https:\/\/miningspareparts.com\/"},{"@type":"ListItem","position":2,"name":"Premium Mining Wear And Spare Parts","item":"https:\/\/miningspareparts.com\/shop\/"},{"@type":"ListItem","position":3,"name":"CONCAVE BOWL LINER 11048315407 for MP1000 Cone Crusher 4518kg"}]},{"@type":"WebSite","@id":"https:\/\/miningspareparts.com\/#website","url":"https:\/\/miningspareparts.com\/","name":"Crusher parts , Concrete Mixer Parts, Slurry Pump Parts, Mining Spares","description":"Mining Wear &amp; Spare Parts Supplier","publisher":{"@id":"https:\/\/miningspareparts.com\/#organization"},"potentialAction":[{"@type":"SearchAction","target":{"@type":"EntryPoint","urlTemplate":"https:\/\/miningspareparts.com\/?s={search_term_string}"},"query-input":{"@type":"PropertyValueSpecification","valueRequired":true,"valueName":"search_term_string"}}],"inLanguage":"fr-FR"},{"@type":"Organization","@id":"https:\/\/miningspareparts.com\/#organization","name":"Crusher parts , Concrete Mixer Parts, Slurry Pump Parts, Mining Spares","url":"https:\/\/miningspareparts.com\/","logo":{"@type":"ImageObject","inLanguage":"fr-FR","@id":"https:\/\/miningspareparts.com\/#\/schema\/logo\/image\/","url":"https:\/\/miningspareparts.com\/wp-content\/uploads\/2025\/04\/cropped-cropped-logo\u6b63\u65b9\u5f62.png","contentUrl":"https:\/\/miningspareparts.com\/wp-content\/uploads\/2025\/04\/cropped-cropped-logo\u6b63\u65b9\u5f62.png","width":511,"height":171,"caption":"Crusher parts , Concrete Mixer Parts, Slurry Pump Parts, Mining Spares"},"image":{"@id":"https:\/\/miningspareparts.com\/#\/schema\/logo\/image\/"}}]}},"uagb_featured_image_src":{"full":["https:\/\/miningspareparts.com\/wp-content\/uploads\/2025\/11\/CONCAVE-BOWL-LINER-11048315407-for-MP1000-Cone-Crusher-4518kg-2.webp",800,800,false],"thumbnail":["https:\/\/miningspareparts.com\/wp-content\/uploads\/2025\/11\/CONCAVE-BOWL-LINER-11048315407-for-MP1000-Cone-Crusher-4518kg-2-150x150.webp",150,150,true],"medium":["https:\/\/miningspareparts.com\/wp-content\/uploads\/2025\/11\/CONCAVE-BOWL-LINER-11048315407-for-MP1000-Cone-Crusher-4518kg-2-300x300.webp",300,300,true],"medium_large":["https:\/\/miningspareparts.com\/wp-content\/uploads\/2025\/11\/CONCAVE-BOWL-LINER-11048315407-for-MP1000-Cone-Crusher-4518kg-2-768x768.webp",768,768,true],"large":["https:\/\/miningspareparts.com\/wp-content\/uploads\/2025\/11\/CONCAVE-BOWL-LINER-11048315407-for-MP1000-Cone-Crusher-4518kg-2.webp",800,800,false],"1536x1536":["https:\/\/miningspareparts.com\/wp-content\/uploads\/2025\/11\/CONCAVE-BOWL-LINER-11048315407-for-MP1000-Cone-Crusher-4518kg-2.webp",800,800,false],"2048x2048":["https:\/\/miningspareparts.com\/wp-content\/uploads\/2025\/11\/CONCAVE-BOWL-LINER-11048315407-for-MP1000-Cone-Crusher-4518kg-2.webp",800,800,false],"trp-custom-language-flag":["https:\/\/miningspareparts.com\/wp-content\/uploads\/2025\/11\/CONCAVE-BOWL-LINER-11048315407-for-MP1000-Cone-Crusher-4518kg-2-12x12.webp",12,12,true],"woocommerce_thumbnail":["https:\/\/miningspareparts.com\/wp-content\/uploads\/2025\/11\/CONCAVE-BOWL-LINER-11048315407-for-MP1000-Cone-Crusher-4518kg-2-300x300.webp",300,300,true],"woocommerce_single":["https:\/\/miningspareparts.com\/wp-content\/uploads\/2025\/11\/CONCAVE-BOWL-LINER-11048315407-for-MP1000-Cone-Crusher-4518kg-2-600x600.webp",600,600,true],"woocommerce_gallery_thumbnail":["https:\/\/miningspareparts.com\/wp-content\/uploads\/2025\/11\/CONCAVE-BOWL-LINER-11048315407-for-MP1000-Cone-Crusher-4518kg-2-100x100.webp",100,100,true]},"uagb_author_info":{"display_name":"admin","author_link":"https:\/\/miningspareparts.com\/fr\/author\/"},"uagb_comment_info":0,"uagb_excerpt":"Part Number: CONCAVE BOWL LINER 11048315407 Part Weight: 4518kg Product Name: CONCAVE BOWL LINER 11048315407 - MP1000 Model Cone Crusher Wear Part Accessory Model: MP1000 Applicable Equipment: Cone Crusher Core Advantage: High-chromium alloy, precise MP1000 fit, anti-impact, extended service life Core Function: Bears material crushing pressure, protects cone crusher bowl body","_links":{"self":[{"href":"https:\/\/miningspareparts.com\/fr\/wp-json\/wp\/v2\/product\/11397","targetHints":{"allow":["GET"]}}],"collection":[{"href":"https:\/\/miningspareparts.com\/fr\/wp-json\/wp\/v2\/product"}],"about":[{"href":"https:\/\/miningspareparts.com\/fr\/wp-json\/wp\/v2\/types\/product"}],"wp:featuredmedia":[{"embeddable":true,"href":"https:\/\/miningspareparts.com\/fr\/wp-json\/wp\/v2\/media\/11398"}],"wp:attachment":[{"href":"https:\/\/miningspareparts.com\/fr\/wp-json\/wp\/v2\/media?parent=11397"}],"wp:term":[{"taxonomy":"product_brand","embeddable":true,"href":"https:\/\/miningspareparts.com\/fr\/wp-json\/wp\/v2\/product_brand?post=11397"},{"taxonomy":"product_cat","embeddable":true,"href":"https:\/\/miningspareparts.com\/fr\/wp-json\/wp\/v2\/product_cat?post=11397"},{"taxonomy":"product_tag","embeddable":true,"href":"https:\/\/miningspareparts.com\/fr\/wp-json\/wp\/v2\/product_tag?post=11397"}],"curies":[{"name":"wp","href":"https:\/\/api.w.org\/{rel}","templated":true}]}}