{"id":11402,"date":"2025-11-06T06:59:51","date_gmt":"2025-11-06T06:59:51","guid":{"rendered":"https:\/\/miningspareparts.com\/?post_type=product&#038;p=11402"},"modified":"2026-02-02T01:51:18","modified_gmt":"2026-02-02T01:51:18","slug":"bowl-liner-1048315475-ms-crusher","status":"publish","type":"product","link":"https:\/\/miningspareparts.com\/fr\/produit\/bowl-liner-1048315475-ms-crusher\/","title":{"rendered":"BOWL LINER 1048315475-MS pour concasseur \u00e0 c\u00f4ne MP1250 5115kg"},"content":{"rendered":"<div class=\"auto-hide-last-sibling-br paragraph-JOTKXA paragraph-element br-paragraph-space\">BOWL LINER 1048315475-MS est une pi\u00e8ce d'usure essentielle pour le concasseur \u00e0 c\u00f4ne MP1250. Elle p\u00e8se 5115 kg, ce qui correspond parfaitement \u00e0 la conception de la charge structurelle du concasseur.<\/div>\n<div class=\"auto-hide-last-sibling-br paragraph-JOTKXA paragraph-element br-paragraph-space\">Fabriqu\u00e9 \u00e0 partir d'un alliage \u00e0 haute teneur en chrome, il subit un traitement thermique professionnel. La duret\u00e9 de la surface atteint HRC58-62 pour une meilleure r\u00e9sistance \u00e0 l'usure. Il traite efficacement les minerais et les roches abrasifs.<\/div>\n<div class=\"auto-hide-last-sibling-br paragraph-JOTKXA paragraph-element br-paragraph-space\">Il respecte les dimensions d'origine du mod\u00e8le MP1250 pour une installation sans faille. Aucune modification suppl\u00e9mentaire n'est n\u00e9cessaire lors du remplacement. Il r\u00e9duit consid\u00e9rablement les temps d'arr\u00eat li\u00e9s \u00e0 la maintenance.<\/div>\n<div class=\"auto-hide-last-sibling-br paragraph-JOTKXA paragraph-element br-paragraph-space\">Dans les exploitations mini\u00e8res et d'agr\u00e9gats, ce rev\u00eatement absorbe l'impact de l'\u00e9crasement. Il prot\u00e8ge le corps du bol du concasseur des dommages directs caus\u00e9s par les mat\u00e9riaux. Il maintient une efficacit\u00e9 de production constante.<\/div>\n<div class=\"auto-hide-last-sibling-br paragraph-JOTKXA paragraph-element br-paragraph-space\">Certifi\u00e9e ISO 9001, elle r\u00e9pond aux normes de qualit\u00e9 mondiales pour les exportations. Nous prenons en charge les commandes en gros et les solutions logistiques transfrontali\u00e8res. C'est un choix fiable pour l'entretien des concasseurs.<\/div>","protected":false},"excerpt":{"rendered":"<ul class=\"auto-hide-last-sibling-br\">\n<li>R\u00e9f\u00e9rence Fabricant : BOWL LINER 1048315475-MS<\/li>\n<li>Poids de la pi\u00e8ce : 5115kg<\/li>\n<li>Nom du produit : BOWL LINER 1048315475-MS - MP1250 Pi\u00e8ce d'usure du concasseur \u00e0 c\u00f4ne<\/li>\n<li>Mod\u00e8le d'accessoire : MP1250<\/li>\n<li>\u00c9quipement applicable : Concasseur \u00e0 c\u00f4ne<\/li>\n<li>Principal avantage : alliage \u00e0 haute teneur en chrome, adaptation pr\u00e9cise au MP1250, anti-impact, longue dur\u00e9e de vie.<\/li>\n<li>Fonction principale : Supprime la pression de concassage du mat\u00e9riau, prot\u00e8ge le corps du bol du concasseur \u00e0 c\u00f4ne.<\/li>\n<\/ul>","protected":false},"featured_media":11403,"template":"","meta":{"_uag_custom_page_level_css":"","site-sidebar-layout":"default","site-content-layout":"","ast-site-content-layout":"default","site-content-style":"default","site-sidebar-style":"default","ast-global-header-display":"","ast-banner-title-visibility":"","ast-main-header-display":"","ast-hfb-above-header-display":"","ast-hfb-below-header-display":"","ast-hfb-mobile-header-display":"","site-post-title":"","ast-breadcrumbs-content":"","ast-featured-img":"","footer-sml-layout":"","ast-disable-related-posts":"","theme-transparent-header-meta":"default","adv-header-id-meta":"","stick-header-meta":"default","header-above-stick-meta":"","header-main-stick-meta":"","header-below-stick-meta":"","astra-migrate-meta-layouts":"set","ast-page-background-enabled":"default","ast-page-background-meta":{"desktop":{"background-color":"var(--ast-global-color-4)","background-image":"","background-repeat":"repeat","background-position":"center center","background-size":"auto","background-attachment":"scroll","background-type":"","background-media":"","overlay-type":"","overlay-color":"","overlay-opacity":"","overlay-gradient":""},"tablet":{"background-color":"","background-image":"","background-repeat":"repeat","background-position":"center center","background-size":"auto","background-attachment":"scroll","background-type":"","background-media":"","overlay-type":"","overlay-color":"","overlay-opacity":"","overlay-gradient":""},"mobile":{"background-color":"","background-image":"","background-repeat":"repeat","background-position":"center center","background-size":"auto","background-attachment":"scroll","background-type":"","background-media":"","overlay-type":"","overlay-color":"","overlay-opacity":"","overlay-gradient":""}},"ast-content-background-meta":{"desktop":{"background-color":"var(--ast-global-color-5)","background-image":"","background-repeat":"repeat","background-position":"center center","background-size":"auto","background-attachment":"scroll","background-type":"","background-media":"","overlay-type":"","overlay-color":"","overlay-opacity":"","overlay-gradient":""},"tablet":{"background-color":"var(--ast-global-color-5)","background-image":"","background-repeat":"repeat","background-position":"center center","background-size":"auto","background-attachment":"scroll","background-type":"","background-media":"","overlay-type":"","overlay-color":"","overlay-opacity":"","overlay-gradient":""},"mobile":{"background-color":"var(--ast-global-color-5)","background-image":"","background-repeat":"repeat","background-position":"center center","background-size":"auto","background-attachment":"scroll","background-type":"","background-media":"","overlay-type":"","overlay-color":"","overlay-opacity":"","overlay-gradient":""}}},"product_brand":[],"product_cat":[15,100,37,36,57,239,223,87],"product_tag":[],"class_list":{"0":"post-11402","1":"product","2":"type-product","3":"status-publish","4":"has-post-thumbnail","6":"product_cat-uncategorized","7":"product_cat-crusher-liner","8":"product_cat-bowl-liner","9":"product_cat-cone-liner","10":"product_cat-crusher-spares","11":"product_cat-bowl-assembly","12":"product_cat-machining-parts","13":"product_cat-engineering-parts","14":"desktop-align-left","15":"tablet-align-left","16":"mobile-align-left","17":"ast-product-gallery-layout-horizontal-slider","18":"ast-product-tabs-layout-horizontal","20":"first","21":"instock","22":"shipping-taxable","23":"product-type-simple"},"yoast_head":"<!-- This site is optimized with the Yoast SEO plugin v27.4 - https:\/\/yoast.com\/product\/yoast-seo-wordpress\/ -->\n<title>BOWL LINER 1048315475-MS | MP1250 Cone Crusher 5115kgBOWL LINER 1048315475-MS for MP1250 Cone Crusher 5115kg - Crusher parts, Slurry Pump Parts, Excavator shovel parts<\/title>\n<meta name=\"description\" content=\"BOWL LINER 1048315475-MS for MP1250 Cone Crusher: 5115kg, wear-resistant alloy, precise fit. In stock\u2014get instant quote or fast delivery!\" \/>\n<meta name=\"robots\" content=\"index, follow, max-snippet:-1, max-image-preview:large, max-video-preview:-1\" \/>\n<link rel=\"canonical\" href=\"https:\/\/miningspareparts.com\/fr\/produit\/bowl-liner-1048315475-ms-crusher\/\" \/>\n<meta property=\"og:locale\" content=\"fr_FR\" \/>\n<meta property=\"og:type\" content=\"article\" \/>\n<meta property=\"og:title\" content=\"BOWL LINER 1048315475-MS | MP1250 Cone Crusher 5115kgBOWL LINER 1048315475-MS for MP1250 Cone Crusher 5115kg - Crusher parts, Slurry Pump Parts, Excavator shovel parts\" \/>\n<meta property=\"og:description\" content=\"BOWL LINER 1048315475-MS for MP1250 Cone Crusher: 5115kg, wear-resistant alloy, precise fit. In stock\u2014get instant quote or fast delivery!\" \/>\n<meta property=\"og:url\" content=\"https:\/\/miningspareparts.com\/fr\/produit\/bowl-liner-1048315475-ms-crusher\/\" \/>\n<meta property=\"og:site_name\" content=\"Crusher parts, Slurry Pump Parts, Excavator shovel parts\" \/>\n<meta property=\"article:modified_time\" content=\"2026-02-02T01:51:18+00:00\" \/>\n<meta property=\"og:image\" content=\"https:\/\/miningspareparts.com\/wp-content\/uploads\/2025\/11\/BOWL-LINER-1048315475-MS-for-MP1250-Cone-Crusher-5115kg.webp\" \/>\n\t<meta property=\"og:image:width\" content=\"800\" \/>\n\t<meta property=\"og:image:height\" content=\"800\" \/>\n\t<meta property=\"og:image:type\" content=\"image\/webp\" \/>\n<meta name=\"twitter:card\" content=\"summary_large_image\" \/>\n<meta name=\"twitter:label1\" content=\"Dur\u00e9e de lecture estim\u00e9e\" \/>\n\t<meta name=\"twitter:data1\" content=\"1 minute\" \/>\n<script type=\"application\/ld+json\" class=\"yoast-schema-graph\">{\"@context\":\"https:\\\/\\\/schema.org\",\"@graph\":[{\"@type\":\"WebPage\",\"@id\":\"https:\\\/\\\/miningspareparts.com\\\/product\\\/bowl-liner-1048315475-ms-crusher\\\/\",\"url\":\"https:\\\/\\\/miningspareparts.com\\\/product\\\/bowl-liner-1048315475-ms-crusher\\\/\",\"name\":\"BOWL LINER 1048315475-MS | MP1250 Cone Crusher 5115kgBOWL LINER 1048315475-MS for MP1250 Cone Crusher 5115kg - Crusher parts, Slurry Pump Parts, Excavator shovel parts\",\"isPartOf\":{\"@id\":\"https:\\\/\\\/miningspareparts.com\\\/#website\"},\"primaryImageOfPage\":{\"@id\":\"https:\\\/\\\/miningspareparts.com\\\/product\\\/bowl-liner-1048315475-ms-crusher\\\/#primaryimage\"},\"image\":{\"@id\":\"https:\\\/\\\/miningspareparts.com\\\/product\\\/bowl-liner-1048315475-ms-crusher\\\/#primaryimage\"},\"thumbnailUrl\":\"https:\\\/\\\/miningspareparts.com\\\/wp-content\\\/uploads\\\/2025\\\/11\\\/BOWL-LINER-1048315475-MS-for-MP1250-Cone-Crusher-5115kg.webp\",\"datePublished\":\"2025-11-06T06:59:51+00:00\",\"dateModified\":\"2026-02-02T01:51:18+00:00\",\"description\":\"BOWL LINER 1048315475-MS for MP1250 Cone Crusher: 5115kg, wear-resistant alloy, precise fit. In stock\u2014get instant quote or fast delivery!\",\"breadcrumb\":{\"@id\":\"https:\\\/\\\/miningspareparts.com\\\/product\\\/bowl-liner-1048315475-ms-crusher\\\/#breadcrumb\"},\"inLanguage\":\"fr-FR\",\"potentialAction\":[{\"@type\":\"ReadAction\",\"target\":[\"https:\\\/\\\/miningspareparts.com\\\/product\\\/bowl-liner-1048315475-ms-crusher\\\/\"]}]},{\"@type\":\"ImageObject\",\"inLanguage\":\"fr-FR\",\"@id\":\"https:\\\/\\\/miningspareparts.com\\\/product\\\/bowl-liner-1048315475-ms-crusher\\\/#primaryimage\",\"url\":\"https:\\\/\\\/miningspareparts.com\\\/wp-content\\\/uploads\\\/2025\\\/11\\\/BOWL-LINER-1048315475-MS-for-MP1250-Cone-Crusher-5115kg.webp\",\"contentUrl\":\"https:\\\/\\\/miningspareparts.com\\\/wp-content\\\/uploads\\\/2025\\\/11\\\/BOWL-LINER-1048315475-MS-for-MP1250-Cone-Crusher-5115kg.webp\",\"width\":800,\"height\":800,\"caption\":\"BOWL LINER 1048315475-MS for MP1250 Cone Crusher 5115kg\"},{\"@type\":\"BreadcrumbList\",\"@id\":\"https:\\\/\\\/miningspareparts.com\\\/product\\\/bowl-liner-1048315475-ms-crusher\\\/#breadcrumb\",\"itemListElement\":[{\"@type\":\"ListItem\",\"position\":1,\"name\":\"Home\",\"item\":\"https:\\\/\\\/miningspareparts.com\\\/\"},{\"@type\":\"ListItem\",\"position\":2,\"name\":\"Premium Mining Wear And Spare Parts\",\"item\":\"https:\\\/\\\/miningspareparts.com\\\/shop\\\/\"},{\"@type\":\"ListItem\",\"position\":3,\"name\":\"BOWL LINER 1048315475-MS for MP1250 Cone Crusher 5115kg\"}]},{\"@type\":\"WebSite\",\"@id\":\"https:\\\/\\\/miningspareparts.com\\\/#website\",\"url\":\"https:\\\/\\\/miningspareparts.com\\\/\",\"name\":\"Crusher parts , Concrete Mixer Parts, Slurry Pump Parts, Mining Spares\",\"description\":\"Mining Wear &amp; Spare Parts Supplier\",\"publisher\":{\"@id\":\"https:\\\/\\\/miningspareparts.com\\\/#organization\"},\"potentialAction\":[{\"@type\":\"SearchAction\",\"target\":{\"@type\":\"EntryPoint\",\"urlTemplate\":\"https:\\\/\\\/miningspareparts.com\\\/?s={search_term_string}\"},\"query-input\":{\"@type\":\"PropertyValueSpecification\",\"valueRequired\":true,\"valueName\":\"search_term_string\"}}],\"inLanguage\":\"fr-FR\"},{\"@type\":\"Organization\",\"@id\":\"https:\\\/\\\/miningspareparts.com\\\/#organization\",\"name\":\"Crusher parts , Concrete Mixer Parts, Slurry Pump Parts, Mining Spares\",\"url\":\"https:\\\/\\\/miningspareparts.com\\\/\",\"logo\":{\"@type\":\"ImageObject\",\"inLanguage\":\"fr-FR\",\"@id\":\"https:\\\/\\\/miningspareparts.com\\\/#\\\/schema\\\/logo\\\/image\\\/\",\"url\":\"https:\\\/\\\/miningspareparts.com\\\/wp-content\\\/uploads\\\/2025\\\/04\\\/cropped-cropped-logo\u6b63\u65b9\u5f62.png\",\"contentUrl\":\"https:\\\/\\\/miningspareparts.com\\\/wp-content\\\/uploads\\\/2025\\\/04\\\/cropped-cropped-logo\u6b63\u65b9\u5f62.png\",\"width\":511,\"height\":171,\"caption\":\"Crusher parts , Concrete Mixer Parts, Slurry Pump Parts, Mining Spares\"},\"image\":{\"@id\":\"https:\\\/\\\/miningspareparts.com\\\/#\\\/schema\\\/logo\\\/image\\\/\"}}]}<\/script>\n<!-- \/ Yoast SEO plugin. -->","yoast_head_json":{"title":"BOWL LINER 1048315475-MS | MP1250 Cone Crusher 5115kgBOWL LINER 1048315475-MS for MP1250 Cone Crusher 5115kg - Crusher parts, Slurry Pump Parts, Excavator shovel parts","description":"BOWL LINER 1048315475-MS for MP1250 Cone Crusher: 5115kg, wear-resistant alloy, precise fit. In stock\u2014get instant quote or fast delivery!","robots":{"index":"index","follow":"follow","max-snippet":"max-snippet:-1","max-image-preview":"max-image-preview:large","max-video-preview":"max-video-preview:-1"},"canonical":"https:\/\/miningspareparts.com\/fr\/produit\/bowl-liner-1048315475-ms-crusher\/","og_locale":"fr_FR","og_type":"article","og_title":"BOWL LINER 1048315475-MS | MP1250 Cone Crusher 5115kgBOWL LINER 1048315475-MS for MP1250 Cone Crusher 5115kg - Crusher parts, Slurry Pump Parts, Excavator shovel parts","og_description":"BOWL LINER 1048315475-MS for MP1250 Cone Crusher: 5115kg, wear-resistant alloy, precise fit. In stock\u2014get instant quote or fast delivery!","og_url":"https:\/\/miningspareparts.com\/fr\/produit\/bowl-liner-1048315475-ms-crusher\/","og_site_name":"Crusher parts, Slurry Pump Parts, Excavator shovel parts","article_modified_time":"2026-02-02T01:51:18+00:00","og_image":[{"width":800,"height":800,"url":"https:\/\/miningspareparts.com\/wp-content\/uploads\/2025\/11\/BOWL-LINER-1048315475-MS-for-MP1250-Cone-Crusher-5115kg.webp","type":"image\/webp"}],"twitter_card":"summary_large_image","twitter_misc":{"Dur\u00e9e de lecture estim\u00e9e":"1 minute"},"schema":{"@context":"https:\/\/schema.org","@graph":[{"@type":"WebPage","@id":"https:\/\/miningspareparts.com\/product\/bowl-liner-1048315475-ms-crusher\/","url":"https:\/\/miningspareparts.com\/product\/bowl-liner-1048315475-ms-crusher\/","name":"BOWL LINER 1048315475-MS | MP1250 Cone Crusher 5115kgBOWL LINER 1048315475-MS for MP1250 Cone Crusher 5115kg - Crusher parts, Slurry Pump Parts, Excavator shovel parts","isPartOf":{"@id":"https:\/\/miningspareparts.com\/#website"},"primaryImageOfPage":{"@id":"https:\/\/miningspareparts.com\/product\/bowl-liner-1048315475-ms-crusher\/#primaryimage"},"image":{"@id":"https:\/\/miningspareparts.com\/product\/bowl-liner-1048315475-ms-crusher\/#primaryimage"},"thumbnailUrl":"https:\/\/miningspareparts.com\/wp-content\/uploads\/2025\/11\/BOWL-LINER-1048315475-MS-for-MP1250-Cone-Crusher-5115kg.webp","datePublished":"2025-11-06T06:59:51+00:00","dateModified":"2026-02-02T01:51:18+00:00","description":"BOWL LINER 1048315475-MS for MP1250 Cone Crusher: 5115kg, wear-resistant alloy, precise fit. In stock\u2014get instant quote or fast delivery!","breadcrumb":{"@id":"https:\/\/miningspareparts.com\/product\/bowl-liner-1048315475-ms-crusher\/#breadcrumb"},"inLanguage":"fr-FR","potentialAction":[{"@type":"ReadAction","target":["https:\/\/miningspareparts.com\/product\/bowl-liner-1048315475-ms-crusher\/"]}]},{"@type":"ImageObject","inLanguage":"fr-FR","@id":"https:\/\/miningspareparts.com\/product\/bowl-liner-1048315475-ms-crusher\/#primaryimage","url":"https:\/\/miningspareparts.com\/wp-content\/uploads\/2025\/11\/BOWL-LINER-1048315475-MS-for-MP1250-Cone-Crusher-5115kg.webp","contentUrl":"https:\/\/miningspareparts.com\/wp-content\/uploads\/2025\/11\/BOWL-LINER-1048315475-MS-for-MP1250-Cone-Crusher-5115kg.webp","width":800,"height":800,"caption":"BOWL LINER 1048315475-MS for MP1250 Cone Crusher 5115kg"},{"@type":"BreadcrumbList","@id":"https:\/\/miningspareparts.com\/product\/bowl-liner-1048315475-ms-crusher\/#breadcrumb","itemListElement":[{"@type":"ListItem","position":1,"name":"Home","item":"https:\/\/miningspareparts.com\/"},{"@type":"ListItem","position":2,"name":"Premium Mining Wear And Spare Parts","item":"https:\/\/miningspareparts.com\/shop\/"},{"@type":"ListItem","position":3,"name":"BOWL LINER 1048315475-MS for MP1250 Cone Crusher 5115kg"}]},{"@type":"WebSite","@id":"https:\/\/miningspareparts.com\/#website","url":"https:\/\/miningspareparts.com\/","name":"Crusher parts , Concrete Mixer Parts, Slurry Pump Parts, Mining Spares","description":"Mining Wear &amp; Spare Parts Supplier","publisher":{"@id":"https:\/\/miningspareparts.com\/#organization"},"potentialAction":[{"@type":"SearchAction","target":{"@type":"EntryPoint","urlTemplate":"https:\/\/miningspareparts.com\/?s={search_term_string}"},"query-input":{"@type":"PropertyValueSpecification","valueRequired":true,"valueName":"search_term_string"}}],"inLanguage":"fr-FR"},{"@type":"Organization","@id":"https:\/\/miningspareparts.com\/#organization","name":"Crusher parts , Concrete Mixer Parts, Slurry Pump Parts, Mining Spares","url":"https:\/\/miningspareparts.com\/","logo":{"@type":"ImageObject","inLanguage":"fr-FR","@id":"https:\/\/miningspareparts.com\/#\/schema\/logo\/image\/","url":"https:\/\/miningspareparts.com\/wp-content\/uploads\/2025\/04\/cropped-cropped-logo\u6b63\u65b9\u5f62.png","contentUrl":"https:\/\/miningspareparts.com\/wp-content\/uploads\/2025\/04\/cropped-cropped-logo\u6b63\u65b9\u5f62.png","width":511,"height":171,"caption":"Crusher parts , Concrete Mixer Parts, Slurry Pump Parts, Mining Spares"},"image":{"@id":"https:\/\/miningspareparts.com\/#\/schema\/logo\/image\/"}}]}},"uagb_featured_image_src":{"full":["https:\/\/miningspareparts.com\/wp-content\/uploads\/2025\/11\/BOWL-LINER-1048315475-MS-for-MP1250-Cone-Crusher-5115kg.webp",800,800,false],"thumbnail":["https:\/\/miningspareparts.com\/wp-content\/uploads\/2025\/11\/BOWL-LINER-1048315475-MS-for-MP1250-Cone-Crusher-5115kg-150x150.webp",150,150,true],"medium":["https:\/\/miningspareparts.com\/wp-content\/uploads\/2025\/11\/BOWL-LINER-1048315475-MS-for-MP1250-Cone-Crusher-5115kg-300x300.webp",300,300,true],"medium_large":["https:\/\/miningspareparts.com\/wp-content\/uploads\/2025\/11\/BOWL-LINER-1048315475-MS-for-MP1250-Cone-Crusher-5115kg-768x768.webp",768,768,true],"large":["https:\/\/miningspareparts.com\/wp-content\/uploads\/2025\/11\/BOWL-LINER-1048315475-MS-for-MP1250-Cone-Crusher-5115kg.webp",800,800,false],"1536x1536":["https:\/\/miningspareparts.com\/wp-content\/uploads\/2025\/11\/BOWL-LINER-1048315475-MS-for-MP1250-Cone-Crusher-5115kg.webp",800,800,false],"2048x2048":["https:\/\/miningspareparts.com\/wp-content\/uploads\/2025\/11\/BOWL-LINER-1048315475-MS-for-MP1250-Cone-Crusher-5115kg.webp",800,800,false],"trp-custom-language-flag":["https:\/\/miningspareparts.com\/wp-content\/uploads\/2025\/11\/BOWL-LINER-1048315475-MS-for-MP1250-Cone-Crusher-5115kg-12x12.webp",12,12,true],"woocommerce_thumbnail":["https:\/\/miningspareparts.com\/wp-content\/uploads\/2025\/11\/BOWL-LINER-1048315475-MS-for-MP1250-Cone-Crusher-5115kg-300x300.webp",300,300,true],"woocommerce_single":["https:\/\/miningspareparts.com\/wp-content\/uploads\/2025\/11\/BOWL-LINER-1048315475-MS-for-MP1250-Cone-Crusher-5115kg-600x600.webp",600,600,true],"woocommerce_gallery_thumbnail":["https:\/\/miningspareparts.com\/wp-content\/uploads\/2025\/11\/BOWL-LINER-1048315475-MS-for-MP1250-Cone-Crusher-5115kg-100x100.webp",100,100,true]},"uagb_author_info":{"display_name":"admin","author_link":"https:\/\/miningspareparts.com\/fr\/author\/"},"uagb_comment_info":0,"uagb_excerpt":"Part Number: BOWL LINER 1048315475-MS Part Weight: 5115kg Product Name: BOWL LINER 1048315475-MS - MP1250 Cone Crusher Wear Part Accessory Model: MP1250 Applicable Equipment: Cone Crusher Core Advantage: High-chromium alloy, precise MP1250 fit, anti-impact, long service life Core Function: Bears material crushing pressure, protects cone crusher bowl body","_links":{"self":[{"href":"https:\/\/miningspareparts.com\/fr\/wp-json\/wp\/v2\/product\/11402","targetHints":{"allow":["GET"]}}],"collection":[{"href":"https:\/\/miningspareparts.com\/fr\/wp-json\/wp\/v2\/product"}],"about":[{"href":"https:\/\/miningspareparts.com\/fr\/wp-json\/wp\/v2\/types\/product"}],"wp:featuredmedia":[{"embeddable":true,"href":"https:\/\/miningspareparts.com\/fr\/wp-json\/wp\/v2\/media\/11403"}],"wp:attachment":[{"href":"https:\/\/miningspareparts.com\/fr\/wp-json\/wp\/v2\/media?parent=11402"}],"wp:term":[{"taxonomy":"product_brand","embeddable":true,"href":"https:\/\/miningspareparts.com\/fr\/wp-json\/wp\/v2\/product_brand?post=11402"},{"taxonomy":"product_cat","embeddable":true,"href":"https:\/\/miningspareparts.com\/fr\/wp-json\/wp\/v2\/product_cat?post=11402"},{"taxonomy":"product_tag","embeddable":true,"href":"https:\/\/miningspareparts.com\/fr\/wp-json\/wp\/v2\/product_tag?post=11402"}],"curies":[{"name":"wp","href":"https:\/\/api.w.org\/{rel}","templated":true}]}}