{"id":11458,"date":"2025-11-07T06:28:18","date_gmt":"2025-11-07T06:28:18","guid":{"rendered":"https:\/\/miningspareparts.com\/?post_type=product&#038;p=11458"},"modified":"2026-02-02T01:20:25","modified_gmt":"2026-02-02T01:20:25","slug":"fls30x42-cone-crusher","status":"publish","type":"product","link":"https:\/\/miningspareparts.com\/fr\/produit\/fls30x42-cone-crusher\/","title":{"rendered":"Fixe Jaw C-01255 &amp; Swin Jaw C-01256 pour Pioneer 30\u00d742"},"content":{"rendered":"<div class=\"auto-hide-last-sibling-br paragraph-JOTKXA paragraph-element br-paragraph-space\">Jaw Plate (C-01255 C-01256)\u00a0 Cheek Plate\u00a0 (C &#8211; 925\/C &#8211; 926\/C &#8211; 927\/C &#8211; 928) is a set of premium protective parts for\u00a0 Pioneer 30&#215;42 Cone Crusher. All models are engineered to match the crusher\u2019s side structure specs perfectly.<\/div>\n<div class=\"auto-hide-last-sibling-br paragraph-JOTKXA paragraph-element br-paragraph-space\">Le tableau suivant pr\u00e9sente les informations d\u00e9taill\u00e9es de chaque partie de la s\u00e9rie :<\/div>\n<div class=\"auto-hide-last-sibling-br mdbox-table-root table-container-GhL7Lo\" data-scroll-inline-overflow=\"false\" data-scroll-inline-at-start=\"true\" data-scroll-inline-start-overflow=\"false\" data-scroll-inline-at-end=\"true\" data-scroll-inline-end-overflow=\"false\">\n<div class=\"table-scroll-container-hgHkfW mdbox-table-scroll-container\">\n<table>\n<thead>\n<tr>\n<th>Marque<\/th>\n<th>Code du mod\u00e8le<\/th>\n<th>Taille<\/th>\n<th>Composant<\/th>\n<th>Orientation<\/th>\n<th>Poids<\/th>\n<\/tr>\n<\/thead>\n<tbody>\n<tr>\n<td>Pionnier<\/td>\n<td>C - 925<\/td>\n<td>30\u00d742<\/td>\n<td>Plaque de joue<\/td>\n<td>Gauche<\/td>\n<td>165 kg<\/td>\n<\/tr>\n<tr>\n<td>Pionnier<\/td>\n<td>C - 926<\/td>\n<td>30\u00d742<\/td>\n<td>Plaque de joue<\/td>\n<td>Droit<\/td>\n<td>165 kg<\/td>\n<\/tr>\n<tr>\n<td>Pionnier<\/td>\n<td>C - 927<\/td>\n<td>30\u00d742<\/td>\n<td>Plaque de joue<\/td>\n<td>Gauche<\/td>\n<td>145 kg<\/td>\n<\/tr>\n<tr>\n<td>Pionnier<\/td>\n<td>C - 928<\/td>\n<td>30\u00d742<\/td>\n<td>Plaque de joue<\/td>\n<td>Droit<\/td>\n<td>145 kg<\/td>\n<\/tr>\n<tr>\n<td>Pionnier<\/td>\n<td>C-01255<\/td>\n<td>30\u00d742<\/td>\n<td>Plaque de m\u00e2choire fixe<\/td>\n<td>&#8211;<\/td>\n<td>1192kg<\/td>\n<\/tr>\n<tr>\n<td>Pionnier<\/td>\n<td>C-01256<\/td>\n<td>30\u00d742<\/td>\n<td>Plaque de m\u00e2choire pivotante<\/td>\n<td>&#8211;<\/td>\n<td>1242kg<\/td>\n<\/tr>\n<\/tbody>\n<\/table>\n<\/div>\n<\/div>\n<div class=\"auto-hide-last-sibling-br paragraph-JOTKXA paragraph-element br-paragraph-space\">Chaque plaque de joue est fabriqu\u00e9e dans un alliage tr\u00e8s r\u00e9sistant \u00e0 l'usure, qui supporte les mat\u00e9riaux abrasifs et les chocs violents dans les conditions d'exploitation mini\u00e8re difficiles. Garantit une longue dur\u00e9e de vie pour toutes les variantes.<\/div>\n<div class=\"auto-hide-last-sibling-br paragraph-JOTKXA paragraph-element br-paragraph-space\">Respecte strictement les dimensions du FLS30x42 pour une installation sans faille. Aucune modification suppl\u00e9mentaire n'est n\u00e9cessaire pour aucun num\u00e9ro de pi\u00e8ce, ce qui simplifie la maintenance.<\/div>\n<div class=\"auto-hide-last-sibling-br paragraph-JOTKXA paragraph-element br-paragraph-space\">Elles prot\u00e8gent les composants lat\u00e9raux du concasseur contre l'usure et les dommages, r\u00e9duisant ainsi la fr\u00e9quence de remplacement et les co\u00fbts d'exploitation. Toutes les pi\u00e8ces sont certifi\u00e9es ISO 9001 pour la qualit\u00e9.<\/div>\n<div class=\"auto-hide-last-sibling-br paragraph-JOTKXA paragraph-element br-paragraph-space\">Prise en charge des commandes en gros et de la logistique transfrontali\u00e8re. Une solution unique et fiable pour la maintenance du concasseur \u00e0 c\u00f4ne FLS30x42 \u00e0 partir de plusieurs num\u00e9ros de pi\u00e8ces.<\/div>","protected":false},"excerpt":{"rendered":"<ul class=\"auto-hide-last-sibling-br\">\n<li>Product Name: Jaw Liners<\/li>\n<li>Part Numbers: C-01255,C-01256,C &#8211; 925, C &#8211; 926, C &#8211; 927, C &#8211; 928<\/li>\n<li>Crusher Model: Pioneer 30&#215;42 Jaw Crusher<\/li>\n<li>Applicable Equipment: Primary crushing<\/li>\n<li>Core Advantage: High &#8211; wear &#8211; resistant alloy, Pioneer 30&#215;42 precise fit, anti &#8211; impact, durable<\/li>\n<li>Fonction principale : Prot\u00e8ge la structure lat\u00e9rale du concasseur, r\u00e9duit l'usure, assure un concassage stable.<\/li>\n<\/ul>","protected":false},"featured_media":11919,"template":"","meta":{"_uag_custom_page_level_css":"","site-sidebar-layout":"default","site-content-layout":"","ast-site-content-layout":"default","site-content-style":"default","site-sidebar-style":"default","ast-global-header-display":"","ast-banner-title-visibility":"","ast-main-header-display":"","ast-hfb-above-header-display":"","ast-hfb-below-header-display":"","ast-hfb-mobile-header-display":"","site-post-title":"","ast-breadcrumbs-content":"","ast-featured-img":"","footer-sml-layout":"","ast-disable-related-posts":"","theme-transparent-header-meta":"default","adv-header-id-meta":"","stick-header-meta":"default","header-above-stick-meta":"","header-main-stick-meta":"","header-below-stick-meta":"","astra-migrate-meta-layouts":"set","ast-page-background-enabled":"default","ast-page-background-meta":{"desktop":{"background-color":"var(--ast-global-color-4)","background-image":"","background-repeat":"repeat","background-position":"center center","background-size":"auto","background-attachment":"scroll","background-type":"","background-media":"","overlay-type":"","overlay-color":"","overlay-opacity":"","overlay-gradient":""},"tablet":{"background-color":"","background-image":"","background-repeat":"repeat","background-position":"center center","background-size":"auto","background-attachment":"scroll","background-type":"","background-media":"","overlay-type":"","overlay-color":"","overlay-opacity":"","overlay-gradient":""},"mobile":{"background-color":"","background-image":"","background-repeat":"repeat","background-position":"center center","background-size":"auto","background-attachment":"scroll","background-type":"","background-media":"","overlay-type":"","overlay-color":"","overlay-opacity":"","overlay-gradient":""}},"ast-content-background-meta":{"desktop":{"background-color":"var(--ast-global-color-5)","background-image":"","background-repeat":"repeat","background-position":"center center","background-size":"auto","background-attachment":"scroll","background-type":"","background-media":"","overlay-type":"","overlay-color":"","overlay-opacity":"","overlay-gradient":""},"tablet":{"background-color":"var(--ast-global-color-5)","background-image":"","background-repeat":"repeat","background-position":"center center","background-size":"auto","background-attachment":"scroll","background-type":"","background-media":"","overlay-type":"","overlay-color":"","overlay-opacity":"","overlay-gradient":""},"mobile":{"background-color":"var(--ast-global-color-5)","background-image":"","background-repeat":"repeat","background-position":"center center","background-size":"auto","background-attachment":"scroll","background-type":"","background-media":"","overlay-type":"","overlay-color":"","overlay-opacity":"","overlay-gradient":""}}},"product_brand":[],"product_cat":[284,100,33,32,221,57,225,223,226,87],"product_tag":[],"class_list":{"0":"post-11458","1":"product","2":"type-product","3":"status-publish","4":"has-post-thumbnail","6":"product_cat-by-brands","7":"product_cat-crusher-liner","8":"product_cat-jaw-die-plate","9":"product_cat-jaw-liner","10":"product_cat-jaw-wedges","11":"product_cat-crusher-spares","12":"product_cat-frame-shells","13":"product_cat-machining-parts","14":"product_cat-other-parts","15":"product_cat-engineering-parts","16":"desktop-align-left","17":"tablet-align-left","18":"mobile-align-left","19":"ast-product-gallery-layout-horizontal-slider","20":"ast-product-tabs-layout-horizontal","22":"first","23":"instock","24":"shipping-taxable","25":"product-type-simple"},"yoast_head":"<!-- This site is optimized with the Yoast SEO plugin v27.4 - https:\/\/yoast.com\/product\/yoast-seo-wordpress\/ -->\n<title>FLS30x42 Cone Crusher Cheek Plate Series - Wear Protection PartsFixe Jaw C-01255 &amp; Swin Jaw C-01256 for Pioneer 30x42 - Crusher parts, Slurry Pump Parts, Excavator shovel parts<\/title>\n<meta name=\"description\" content=\"Cheek Plate Series (C - 925\/C - 926\/C - 927\/C - 928) for FLS30x42 Cone Crusher: wear - resistant, precise fit. Grab instant quote &amp; fast delivery!\" \/>\n<meta name=\"robots\" content=\"index, follow, max-snippet:-1, max-image-preview:large, max-video-preview:-1\" \/>\n<link rel=\"canonical\" href=\"https:\/\/miningspareparts.com\/fr\/produit\/fls30x42-cone-crusher\/\" \/>\n<meta property=\"og:locale\" content=\"fr_FR\" \/>\n<meta property=\"og:type\" content=\"article\" \/>\n<meta property=\"og:title\" content=\"FLS30x42 Cone Crusher Cheek Plate Series - Wear Protection PartsFixe Jaw C-01255 &amp; Swin Jaw C-01256 for Pioneer 30x42 - Crusher parts, Slurry Pump Parts, Excavator shovel parts\" \/>\n<meta property=\"og:description\" content=\"Cheek Plate Series (C - 925\/C - 926\/C - 927\/C - 928) for FLS30x42 Cone Crusher: wear - resistant, precise fit. Grab instant quote &amp; fast delivery!\" \/>\n<meta property=\"og:url\" content=\"https:\/\/miningspareparts.com\/fr\/produit\/fls30x42-cone-crusher\/\" \/>\n<meta property=\"og:site_name\" content=\"Crusher parts, Slurry Pump Parts, Excavator shovel parts\" \/>\n<meta property=\"article:modified_time\" content=\"2026-02-02T01:20:25+00:00\" \/>\n<meta property=\"og:image\" content=\"https:\/\/miningspareparts.com\/wp-content\/uploads\/2025\/11\/Pioneer30x42-Fixed-Jaw-Plate-C-01255-1192KG.webp\" \/>\n\t<meta property=\"og:image:width\" content=\"800\" \/>\n\t<meta property=\"og:image:height\" content=\"800\" \/>\n\t<meta property=\"og:image:type\" content=\"image\/webp\" \/>\n<meta name=\"twitter:card\" content=\"summary_large_image\" \/>\n<meta name=\"twitter:label1\" content=\"Dur\u00e9e de lecture estim\u00e9e\" \/>\n\t<meta name=\"twitter:data1\" content=\"2 minutes\" \/>\n<script type=\"application\/ld+json\" class=\"yoast-schema-graph\">{\"@context\":\"https:\\\/\\\/schema.org\",\"@graph\":[{\"@type\":\"WebPage\",\"@id\":\"https:\\\/\\\/miningspareparts.com\\\/product\\\/fls30x42-cone-crusher\\\/\",\"url\":\"https:\\\/\\\/miningspareparts.com\\\/product\\\/fls30x42-cone-crusher\\\/\",\"name\":\"FLS30x42 Cone Crusher Cheek Plate Series - Wear Protection PartsFixe Jaw C-01255 & Swin Jaw C-01256 for Pioneer 30x42 - Crusher parts, Slurry Pump Parts, Excavator shovel parts\",\"isPartOf\":{\"@id\":\"https:\\\/\\\/miningspareparts.com\\\/#website\"},\"primaryImageOfPage\":{\"@id\":\"https:\\\/\\\/miningspareparts.com\\\/product\\\/fls30x42-cone-crusher\\\/#primaryimage\"},\"image\":{\"@id\":\"https:\\\/\\\/miningspareparts.com\\\/product\\\/fls30x42-cone-crusher\\\/#primaryimage\"},\"thumbnailUrl\":\"https:\\\/\\\/miningspareparts.com\\\/wp-content\\\/uploads\\\/2025\\\/11\\\/Pioneer30x42-Fixed-Jaw-Plate-C-01255-1192KG.webp\",\"datePublished\":\"2025-11-07T06:28:18+00:00\",\"dateModified\":\"2026-02-02T01:20:25+00:00\",\"description\":\"Cheek Plate Series (C - 925\\\/C - 926\\\/C - 927\\\/C - 928) for FLS30x42 Cone Crusher: wear - resistant, precise fit. Grab instant quote & fast delivery!\",\"breadcrumb\":{\"@id\":\"https:\\\/\\\/miningspareparts.com\\\/product\\\/fls30x42-cone-crusher\\\/#breadcrumb\"},\"inLanguage\":\"fr-FR\",\"potentialAction\":[{\"@type\":\"ReadAction\",\"target\":[\"https:\\\/\\\/miningspareparts.com\\\/product\\\/fls30x42-cone-crusher\\\/\"]}]},{\"@type\":\"ImageObject\",\"inLanguage\":\"fr-FR\",\"@id\":\"https:\\\/\\\/miningspareparts.com\\\/product\\\/fls30x42-cone-crusher\\\/#primaryimage\",\"url\":\"https:\\\/\\\/miningspareparts.com\\\/wp-content\\\/uploads\\\/2025\\\/11\\\/Pioneer30x42-Fixed-Jaw-Plate-C-01255-1192KG.webp\",\"contentUrl\":\"https:\\\/\\\/miningspareparts.com\\\/wp-content\\\/uploads\\\/2025\\\/11\\\/Pioneer30x42-Fixed-Jaw-Plate-C-01255-1192KG.webp\",\"width\":800,\"height\":800,\"caption\":\"Pioneer30x42 Fixed Jaw Plate C-01255 1192KG\"},{\"@type\":\"BreadcrumbList\",\"@id\":\"https:\\\/\\\/miningspareparts.com\\\/product\\\/fls30x42-cone-crusher\\\/#breadcrumb\",\"itemListElement\":[{\"@type\":\"ListItem\",\"position\":1,\"name\":\"Home\",\"item\":\"https:\\\/\\\/miningspareparts.com\\\/\"},{\"@type\":\"ListItem\",\"position\":2,\"name\":\"Premium Mining Wear And Spare Parts\",\"item\":\"https:\\\/\\\/miningspareparts.com\\\/shop\\\/\"},{\"@type\":\"ListItem\",\"position\":3,\"name\":\"Fixe Jaw C-01255 &#038; Swin Jaw C-01256 for Pioneer 30&#215;42\"}]},{\"@type\":\"WebSite\",\"@id\":\"https:\\\/\\\/miningspareparts.com\\\/#website\",\"url\":\"https:\\\/\\\/miningspareparts.com\\\/\",\"name\":\"Crusher parts , Concrete Mixer Parts, Slurry Pump Parts, Mining Spares\",\"description\":\"Mining Wear &amp; Spare Parts Supplier\",\"publisher\":{\"@id\":\"https:\\\/\\\/miningspareparts.com\\\/#organization\"},\"potentialAction\":[{\"@type\":\"SearchAction\",\"target\":{\"@type\":\"EntryPoint\",\"urlTemplate\":\"https:\\\/\\\/miningspareparts.com\\\/?s={search_term_string}\"},\"query-input\":{\"@type\":\"PropertyValueSpecification\",\"valueRequired\":true,\"valueName\":\"search_term_string\"}}],\"inLanguage\":\"fr-FR\"},{\"@type\":\"Organization\",\"@id\":\"https:\\\/\\\/miningspareparts.com\\\/#organization\",\"name\":\"Crusher parts , Concrete Mixer Parts, Slurry Pump Parts, Mining Spares\",\"url\":\"https:\\\/\\\/miningspareparts.com\\\/\",\"logo\":{\"@type\":\"ImageObject\",\"inLanguage\":\"fr-FR\",\"@id\":\"https:\\\/\\\/miningspareparts.com\\\/#\\\/schema\\\/logo\\\/image\\\/\",\"url\":\"https:\\\/\\\/miningspareparts.com\\\/wp-content\\\/uploads\\\/2025\\\/04\\\/cropped-cropped-logo\u6b63\u65b9\u5f62.png\",\"contentUrl\":\"https:\\\/\\\/miningspareparts.com\\\/wp-content\\\/uploads\\\/2025\\\/04\\\/cropped-cropped-logo\u6b63\u65b9\u5f62.png\",\"width\":511,\"height\":171,\"caption\":\"Crusher parts , Concrete Mixer Parts, Slurry Pump Parts, Mining Spares\"},\"image\":{\"@id\":\"https:\\\/\\\/miningspareparts.com\\\/#\\\/schema\\\/logo\\\/image\\\/\"}}]}<\/script>\n<!-- \/ Yoast SEO plugin. -->","yoast_head_json":{"title":"FLS30x42 Cone Crusher Cheek Plate Series - Wear Protection PartsFixe Jaw C-01255 & Swin Jaw C-01256 for Pioneer 30x42 - Crusher parts, Slurry Pump Parts, Excavator shovel parts","description":"Cheek Plate Series (C - 925\/C - 926\/C - 927\/C - 928) for FLS30x42 Cone Crusher: wear - resistant, precise fit. Grab instant quote & fast delivery!","robots":{"index":"index","follow":"follow","max-snippet":"max-snippet:-1","max-image-preview":"max-image-preview:large","max-video-preview":"max-video-preview:-1"},"canonical":"https:\/\/miningspareparts.com\/fr\/produit\/fls30x42-cone-crusher\/","og_locale":"fr_FR","og_type":"article","og_title":"FLS30x42 Cone Crusher Cheek Plate Series - Wear Protection PartsFixe Jaw C-01255 & Swin Jaw C-01256 for Pioneer 30x42 - Crusher parts, Slurry Pump Parts, Excavator shovel parts","og_description":"Cheek Plate Series (C - 925\/C - 926\/C - 927\/C - 928) for FLS30x42 Cone Crusher: wear - resistant, precise fit. Grab instant quote & fast delivery!","og_url":"https:\/\/miningspareparts.com\/fr\/produit\/fls30x42-cone-crusher\/","og_site_name":"Crusher parts, Slurry Pump Parts, Excavator shovel parts","article_modified_time":"2026-02-02T01:20:25+00:00","og_image":[{"width":800,"height":800,"url":"https:\/\/miningspareparts.com\/wp-content\/uploads\/2025\/11\/Pioneer30x42-Fixed-Jaw-Plate-C-01255-1192KG.webp","type":"image\/webp"}],"twitter_card":"summary_large_image","twitter_misc":{"Dur\u00e9e de lecture estim\u00e9e":"2 minutes"},"schema":{"@context":"https:\/\/schema.org","@graph":[{"@type":"WebPage","@id":"https:\/\/miningspareparts.com\/product\/fls30x42-cone-crusher\/","url":"https:\/\/miningspareparts.com\/product\/fls30x42-cone-crusher\/","name":"FLS30x42 Cone Crusher Cheek Plate Series - Wear Protection PartsFixe Jaw C-01255 & Swin Jaw C-01256 for Pioneer 30x42 - Crusher parts, Slurry Pump Parts, Excavator shovel parts","isPartOf":{"@id":"https:\/\/miningspareparts.com\/#website"},"primaryImageOfPage":{"@id":"https:\/\/miningspareparts.com\/product\/fls30x42-cone-crusher\/#primaryimage"},"image":{"@id":"https:\/\/miningspareparts.com\/product\/fls30x42-cone-crusher\/#primaryimage"},"thumbnailUrl":"https:\/\/miningspareparts.com\/wp-content\/uploads\/2025\/11\/Pioneer30x42-Fixed-Jaw-Plate-C-01255-1192KG.webp","datePublished":"2025-11-07T06:28:18+00:00","dateModified":"2026-02-02T01:20:25+00:00","description":"Cheek Plate Series (C - 925\/C - 926\/C - 927\/C - 928) for FLS30x42 Cone Crusher: wear - resistant, precise fit. Grab instant quote & fast delivery!","breadcrumb":{"@id":"https:\/\/miningspareparts.com\/product\/fls30x42-cone-crusher\/#breadcrumb"},"inLanguage":"fr-FR","potentialAction":[{"@type":"ReadAction","target":["https:\/\/miningspareparts.com\/product\/fls30x42-cone-crusher\/"]}]},{"@type":"ImageObject","inLanguage":"fr-FR","@id":"https:\/\/miningspareparts.com\/product\/fls30x42-cone-crusher\/#primaryimage","url":"https:\/\/miningspareparts.com\/wp-content\/uploads\/2025\/11\/Pioneer30x42-Fixed-Jaw-Plate-C-01255-1192KG.webp","contentUrl":"https:\/\/miningspareparts.com\/wp-content\/uploads\/2025\/11\/Pioneer30x42-Fixed-Jaw-Plate-C-01255-1192KG.webp","width":800,"height":800,"caption":"Pioneer30x42 Fixed Jaw Plate C-01255 1192KG"},{"@type":"BreadcrumbList","@id":"https:\/\/miningspareparts.com\/product\/fls30x42-cone-crusher\/#breadcrumb","itemListElement":[{"@type":"ListItem","position":1,"name":"Home","item":"https:\/\/miningspareparts.com\/"},{"@type":"ListItem","position":2,"name":"Premium Mining Wear And Spare Parts","item":"https:\/\/miningspareparts.com\/shop\/"},{"@type":"ListItem","position":3,"name":"Fixe Jaw C-01255 &#038; Swin Jaw C-01256 for Pioneer 30&#215;42"}]},{"@type":"WebSite","@id":"https:\/\/miningspareparts.com\/#website","url":"https:\/\/miningspareparts.com\/","name":"Crusher parts , Concrete Mixer Parts, Slurry Pump Parts, Mining Spares","description":"Mining Wear &amp; Spare Parts Supplier","publisher":{"@id":"https:\/\/miningspareparts.com\/#organization"},"potentialAction":[{"@type":"SearchAction","target":{"@type":"EntryPoint","urlTemplate":"https:\/\/miningspareparts.com\/?s={search_term_string}"},"query-input":{"@type":"PropertyValueSpecification","valueRequired":true,"valueName":"search_term_string"}}],"inLanguage":"fr-FR"},{"@type":"Organization","@id":"https:\/\/miningspareparts.com\/#organization","name":"Crusher parts , Concrete Mixer Parts, Slurry Pump Parts, Mining Spares","url":"https:\/\/miningspareparts.com\/","logo":{"@type":"ImageObject","inLanguage":"fr-FR","@id":"https:\/\/miningspareparts.com\/#\/schema\/logo\/image\/","url":"https:\/\/miningspareparts.com\/wp-content\/uploads\/2025\/04\/cropped-cropped-logo\u6b63\u65b9\u5f62.png","contentUrl":"https:\/\/miningspareparts.com\/wp-content\/uploads\/2025\/04\/cropped-cropped-logo\u6b63\u65b9\u5f62.png","width":511,"height":171,"caption":"Crusher parts , Concrete Mixer Parts, Slurry Pump Parts, Mining Spares"},"image":{"@id":"https:\/\/miningspareparts.com\/#\/schema\/logo\/image\/"}}]}},"uagb_featured_image_src":{"full":["https:\/\/miningspareparts.com\/wp-content\/uploads\/2025\/11\/Pioneer30x42-Fixed-Jaw-Plate-C-01255-1192KG.webp",800,800,false],"thumbnail":["https:\/\/miningspareparts.com\/wp-content\/uploads\/2025\/11\/Pioneer30x42-Fixed-Jaw-Plate-C-01255-1192KG-150x150.webp",150,150,true],"medium":["https:\/\/miningspareparts.com\/wp-content\/uploads\/2025\/11\/Pioneer30x42-Fixed-Jaw-Plate-C-01255-1192KG-300x300.webp",300,300,true],"medium_large":["https:\/\/miningspareparts.com\/wp-content\/uploads\/2025\/11\/Pioneer30x42-Fixed-Jaw-Plate-C-01255-1192KG-768x768.webp",768,768,true],"large":["https:\/\/miningspareparts.com\/wp-content\/uploads\/2025\/11\/Pioneer30x42-Fixed-Jaw-Plate-C-01255-1192KG.webp",800,800,false],"1536x1536":["https:\/\/miningspareparts.com\/wp-content\/uploads\/2025\/11\/Pioneer30x42-Fixed-Jaw-Plate-C-01255-1192KG.webp",800,800,false],"2048x2048":["https:\/\/miningspareparts.com\/wp-content\/uploads\/2025\/11\/Pioneer30x42-Fixed-Jaw-Plate-C-01255-1192KG.webp",800,800,false],"trp-custom-language-flag":["https:\/\/miningspareparts.com\/wp-content\/uploads\/2025\/11\/Pioneer30x42-Fixed-Jaw-Plate-C-01255-1192KG-12x12.webp",12,12,true],"woocommerce_thumbnail":["https:\/\/miningspareparts.com\/wp-content\/uploads\/2025\/11\/Pioneer30x42-Fixed-Jaw-Plate-C-01255-1192KG-300x300.webp",300,300,true],"woocommerce_single":["https:\/\/miningspareparts.com\/wp-content\/uploads\/2025\/11\/Pioneer30x42-Fixed-Jaw-Plate-C-01255-1192KG-600x600.webp",600,600,true],"woocommerce_gallery_thumbnail":["https:\/\/miningspareparts.com\/wp-content\/uploads\/2025\/11\/Pioneer30x42-Fixed-Jaw-Plate-C-01255-1192KG-100x100.webp",100,100,true]},"uagb_author_info":{"display_name":"admin","author_link":"https:\/\/miningspareparts.com\/fr\/author\/"},"uagb_comment_info":0,"uagb_excerpt":"Product Name: Jaw Liners Part Numbers: C-01255,C-01256,C - 925, C - 926, C - 927, C - 928 Crusher Model: Pioneer 30x42 Jaw Crusher Applicable Equipment: Primary crushing Core Advantage: High - wear - resistant alloy, Pioneer 30x42 precise fit, anti - impact, durable Core Function: Protects crusher side structure, reduces wear, ensures stable crushing","_links":{"self":[{"href":"https:\/\/miningspareparts.com\/fr\/wp-json\/wp\/v2\/product\/11458","targetHints":{"allow":["GET"]}}],"collection":[{"href":"https:\/\/miningspareparts.com\/fr\/wp-json\/wp\/v2\/product"}],"about":[{"href":"https:\/\/miningspareparts.com\/fr\/wp-json\/wp\/v2\/types\/product"}],"wp:featuredmedia":[{"embeddable":true,"href":"https:\/\/miningspareparts.com\/fr\/wp-json\/wp\/v2\/media\/11919"}],"wp:attachment":[{"href":"https:\/\/miningspareparts.com\/fr\/wp-json\/wp\/v2\/media?parent=11458"}],"wp:term":[{"taxonomy":"product_brand","embeddable":true,"href":"https:\/\/miningspareparts.com\/fr\/wp-json\/wp\/v2\/product_brand?post=11458"},{"taxonomy":"product_cat","embeddable":true,"href":"https:\/\/miningspareparts.com\/fr\/wp-json\/wp\/v2\/product_cat?post=11458"},{"taxonomy":"product_tag","embeddable":true,"href":"https:\/\/miningspareparts.com\/fr\/wp-json\/wp\/v2\/product_tag?post=11458"}],"curies":[{"name":"wp","href":"https:\/\/api.w.org\/{rel}","templated":true}]}}