{"id":11485,"date":"2025-11-07T08:32:58","date_gmt":"2025-11-07T08:32:58","guid":{"rendered":"https:\/\/miningspareparts.com\/?post_type=product&#038;p=11485"},"modified":"2026-02-02T01:17:52","modified_gmt":"2026-02-02T01:17:52","slug":"concave-and-mantle-set","status":"publish","type":"product","link":"https:\/\/miningspareparts.com\/fr\/produit\/concave-and-mantle-set\/","title":{"rendered":"Ensemble concave et manteau - CH865 Cone Crusher Replacement Wear Parts"},"content":{"rendered":"<div class=\"auto-hide-last-sibling-br paragraph-JOTKXA paragraph-element br-paragraph-space\">L'ensemble concave et manteau est une combinaison de pi\u00e8ces d'usure essentielles pour le concasseur \u00e0 c\u00f4ne CH865. Il est con\u00e7u pour s'adapter parfaitement aux caract\u00e9ristiques de fonctionnement du concasseur.<\/div>\n<div class=\"auto-hide-last-sibling-br paragraph-JOTKXA paragraph-element br-paragraph-space\">Les deux pi\u00e8ces sont fabriqu\u00e9es \u00e0 partir d'un alliage \u00e0 haute teneur en chrome avec un traitement thermique professionnel. La duret\u00e9 de la surface atteint HRC58-62 pour une meilleure r\u00e9sistance \u00e0 l'usure.<\/div>\n<div class=\"auto-hide-last-sibling-br paragraph-JOTKXA paragraph-element br-paragraph-space\">Adh\u00e8re strictement aux dimensions du CH865 pour une installation sans faille. Aucune modification suppl\u00e9mentaire n'est n\u00e9cessaire, ce qui permet d'\u00e9conomiser du temps de maintenance.<\/div>\n<div class=\"auto-hide-last-sibling-br paragraph-JOTKXA paragraph-element br-paragraph-space\">Dans les op\u00e9rations mini\u00e8res, ils travaillent ensemble pour absorber l'impact du concassage. Ils stabilisent le traitement des mat\u00e9riaux et maintiennent une efficacit\u00e9 de production constante.<\/div>\n<div class=\"auto-hide-last-sibling-br paragraph-JOTKXA paragraph-element br-paragraph-space\">Toutes les pi\u00e8ces sont certifi\u00e9es ISO 9001 pour la qualit\u00e9. Prise en charge des commandes en gros et de la logistique transfrontali\u00e8re. Une solution unique pour la maintenance du concasseur CH865.<\/div>","protected":false},"excerpt":{"rendered":"<ul class=\"auto-hide-last-sibling-br\">\n<li>Nom du produit : Concave&amp;Mantle<\/li>\n<li>Mod\u00e8le d'accessoire : CH865<\/li>\n<li>\u00c9quipement applicable : Concasseur \u00e0 c\u00f4ne<\/li>\n<li>Principaux avantages : alliage \u00e0 haute teneur en chrome, ajustement pr\u00e9cis CH865, anti-usure, anti-impact, ensemble assorti<\/li>\n<li>Fonction principale : Soutient la pression de concassage, prot\u00e8ge le corps principal et le corps du bol du concasseur.<\/li>\n<\/ul>","protected":false},"featured_media":11486,"template":"","meta":{"_uag_custom_page_level_css":"","site-sidebar-layout":"default","site-content-layout":"","ast-site-content-layout":"default","site-content-style":"default","site-sidebar-style":"default","ast-global-header-display":"","ast-banner-title-visibility":"","ast-main-header-display":"","ast-hfb-above-header-display":"","ast-hfb-below-header-display":"","ast-hfb-mobile-header-display":"","site-post-title":"","ast-breadcrumbs-content":"","ast-featured-img":"","footer-sml-layout":"","ast-disable-related-posts":"","theme-transparent-header-meta":"default","adv-header-id-meta":"","stick-header-meta":"default","header-above-stick-meta":"","header-main-stick-meta":"","header-below-stick-meta":"","astra-migrate-meta-layouts":"set","ast-page-background-enabled":"default","ast-page-background-meta":{"desktop":{"background-color":"var(--ast-global-color-4)","background-image":"","background-repeat":"repeat","background-position":"center center","background-size":"auto","background-attachment":"scroll","background-type":"","background-media":"","overlay-type":"","overlay-color":"","overlay-opacity":"","overlay-gradient":""},"tablet":{"background-color":"","background-image":"","background-repeat":"repeat","background-position":"center center","background-size":"auto","background-attachment":"scroll","background-type":"","background-media":"","overlay-type":"","overlay-color":"","overlay-opacity":"","overlay-gradient":""},"mobile":{"background-color":"","background-image":"","background-repeat":"repeat","background-position":"center center","background-size":"auto","background-attachment":"scroll","background-type":"","background-media":"","overlay-type":"","overlay-color":"","overlay-opacity":"","overlay-gradient":""}},"ast-content-background-meta":{"desktop":{"background-color":"var(--ast-global-color-5)","background-image":"","background-repeat":"repeat","background-position":"center center","background-size":"auto","background-attachment":"scroll","background-type":"","background-media":"","overlay-type":"","overlay-color":"","overlay-opacity":"","overlay-gradient":""},"tablet":{"background-color":"var(--ast-global-color-5)","background-image":"","background-repeat":"repeat","background-position":"center center","background-size":"auto","background-attachment":"scroll","background-type":"","background-media":"","overlay-type":"","overlay-color":"","overlay-opacity":"","overlay-gradient":""},"mobile":{"background-color":"var(--ast-global-color-5)","background-image":"","background-repeat":"repeat","background-position":"center center","background-size":"auto","background-attachment":"scroll","background-type":"","background-media":"","overlay-type":"","overlay-color":"","overlay-opacity":"","overlay-gradient":""}}},"product_brand":[],"product_cat":[284,100,37,38,54,36,57,239,241,238,223,226,87,251,184],"product_tag":[],"class_list":{"0":"post-11485","1":"product","2":"type-product","3":"status-publish","4":"has-post-thumbnail","6":"product_cat-by-brands","7":"product_cat-crusher-liner","8":"product_cat-bowl-liner","9":"product_cat-concave-ring","10":"product_cat-concave-segment","11":"product_cat-cone-liner","12":"product_cat-crusher-spares","13":"product_cat-bowl-assembly","14":"product_cat-eccentric","15":"product_cat-mantle-assembly","16":"product_cat-machining-parts","17":"product_cat-other-parts","18":"product_cat-engineering-parts","19":"product_cat-mantle","20":"product_cat-sandvick","21":"desktop-align-left","22":"tablet-align-left","23":"mobile-align-left","24":"ast-product-gallery-layout-horizontal-slider","25":"ast-product-gallery-with-no-image","26":"ast-product-tabs-layout-horizontal","28":"first","29":"instock","30":"shipping-taxable","31":"product-type-simple"},"yoast_head":"<!-- This site is optimized with the Yoast SEO plugin v27.4 - https:\/\/yoast.com\/product\/yoast-seo-wordpress\/ -->\n<title>Concave&amp;Mantle Set | CH865 Cone Crusher Wear PartsConcave and Mantle Set - CH865 Cone Crusher Replacement Wear Parts - Crusher parts, Slurry Pump Parts, Excavator shovel parts<\/title>\n<meta name=\"description\" content=\"CH865 Cone Crusher Wear Parts Concave&amp;Mantle: Mining-grade set, precision-fit, stable performance, withstands harsh conditions, cost-effective replacement.\" \/>\n<meta name=\"robots\" content=\"index, follow, max-snippet:-1, max-image-preview:large, max-video-preview:-1\" \/>\n<link rel=\"canonical\" href=\"https:\/\/miningspareparts.com\/fr\/produit\/concave-and-mantle-set\/\" \/>\n<meta property=\"og:locale\" content=\"fr_FR\" \/>\n<meta property=\"og:type\" content=\"article\" \/>\n<meta property=\"og:title\" content=\"Concave&amp;Mantle Set | CH865 Cone Crusher Wear PartsConcave and Mantle Set - CH865 Cone Crusher Replacement Wear Parts - Crusher parts, Slurry Pump Parts, Excavator shovel parts\" \/>\n<meta property=\"og:description\" content=\"CH865 Cone Crusher Wear Parts Concave&amp;Mantle: Mining-grade set, precision-fit, stable performance, withstands harsh conditions, cost-effective replacement.\" \/>\n<meta property=\"og:url\" content=\"https:\/\/miningspareparts.com\/fr\/produit\/concave-and-mantle-set\/\" \/>\n<meta property=\"og:site_name\" content=\"Crusher parts, Slurry Pump Parts, Excavator shovel parts\" \/>\n<meta property=\"article:modified_time\" content=\"2026-02-02T01:17:52+00:00\" \/>\n<meta property=\"og:image\" content=\"https:\/\/miningspareparts.com\/wp-content\/uploads\/2025\/11\/Concave-and-Mantle-Set-CH865-Cone-Crusher-Replacement-Wear-Parts.webp\" \/>\n\t<meta property=\"og:image:width\" content=\"800\" \/>\n\t<meta property=\"og:image:height\" content=\"800\" \/>\n\t<meta property=\"og:image:type\" content=\"image\/webp\" \/>\n<meta name=\"twitter:card\" content=\"summary_large_image\" \/>\n<meta name=\"twitter:label1\" content=\"Dur\u00e9e de lecture estim\u00e9e\" \/>\n\t<meta name=\"twitter:data1\" content=\"1 minute\" \/>\n<script type=\"application\/ld+json\" class=\"yoast-schema-graph\">{\"@context\":\"https:\\\/\\\/schema.org\",\"@graph\":[{\"@type\":\"WebPage\",\"@id\":\"https:\\\/\\\/miningspareparts.com\\\/product\\\/concave-and-mantle-set\\\/\",\"url\":\"https:\\\/\\\/miningspareparts.com\\\/product\\\/concave-and-mantle-set\\\/\",\"name\":\"Concave&Mantle Set | CH865 Cone Crusher Wear PartsConcave and Mantle Set - CH865 Cone Crusher Replacement Wear Parts - Crusher parts, Slurry Pump Parts, Excavator shovel parts\",\"isPartOf\":{\"@id\":\"https:\\\/\\\/miningspareparts.com\\\/#website\"},\"primaryImageOfPage\":{\"@id\":\"https:\\\/\\\/miningspareparts.com\\\/product\\\/concave-and-mantle-set\\\/#primaryimage\"},\"image\":{\"@id\":\"https:\\\/\\\/miningspareparts.com\\\/product\\\/concave-and-mantle-set\\\/#primaryimage\"},\"thumbnailUrl\":\"https:\\\/\\\/miningspareparts.com\\\/wp-content\\\/uploads\\\/2025\\\/11\\\/Concave-and-Mantle-Set-CH865-Cone-Crusher-Replacement-Wear-Parts.webp\",\"datePublished\":\"2025-11-07T08:32:58+00:00\",\"dateModified\":\"2026-02-02T01:17:52+00:00\",\"description\":\"CH865 Cone Crusher Wear Parts Concave&Mantle: Mining-grade set, precision-fit, stable performance, withstands harsh conditions, cost-effective replacement.\",\"breadcrumb\":{\"@id\":\"https:\\\/\\\/miningspareparts.com\\\/product\\\/concave-and-mantle-set\\\/#breadcrumb\"},\"inLanguage\":\"fr-FR\",\"potentialAction\":[{\"@type\":\"ReadAction\",\"target\":[\"https:\\\/\\\/miningspareparts.com\\\/product\\\/concave-and-mantle-set\\\/\"]}]},{\"@type\":\"ImageObject\",\"inLanguage\":\"fr-FR\",\"@id\":\"https:\\\/\\\/miningspareparts.com\\\/product\\\/concave-and-mantle-set\\\/#primaryimage\",\"url\":\"https:\\\/\\\/miningspareparts.com\\\/wp-content\\\/uploads\\\/2025\\\/11\\\/Concave-and-Mantle-Set-CH865-Cone-Crusher-Replacement-Wear-Parts.webp\",\"contentUrl\":\"https:\\\/\\\/miningspareparts.com\\\/wp-content\\\/uploads\\\/2025\\\/11\\\/Concave-and-Mantle-Set-CH865-Cone-Crusher-Replacement-Wear-Parts.webp\",\"width\":800,\"height\":800,\"caption\":\"Concave and Mantle Set - CH865 Cone Crusher Replacement Wear Parts\"},{\"@type\":\"BreadcrumbList\",\"@id\":\"https:\\\/\\\/miningspareparts.com\\\/product\\\/concave-and-mantle-set\\\/#breadcrumb\",\"itemListElement\":[{\"@type\":\"ListItem\",\"position\":1,\"name\":\"Home\",\"item\":\"https:\\\/\\\/miningspareparts.com\\\/\"},{\"@type\":\"ListItem\",\"position\":2,\"name\":\"Premium Mining Wear And Spare Parts\",\"item\":\"https:\\\/\\\/miningspareparts.com\\\/shop\\\/\"},{\"@type\":\"ListItem\",\"position\":3,\"name\":\"Concave and Mantle Set &#8211; CH865 Cone Crusher Replacement Wear Parts\"}]},{\"@type\":\"WebSite\",\"@id\":\"https:\\\/\\\/miningspareparts.com\\\/#website\",\"url\":\"https:\\\/\\\/miningspareparts.com\\\/\",\"name\":\"Crusher parts , Concrete Mixer Parts, Slurry Pump Parts, Mining Spares\",\"description\":\"Mining Wear &amp; Spare Parts Supplier\",\"publisher\":{\"@id\":\"https:\\\/\\\/miningspareparts.com\\\/#organization\"},\"potentialAction\":[{\"@type\":\"SearchAction\",\"target\":{\"@type\":\"EntryPoint\",\"urlTemplate\":\"https:\\\/\\\/miningspareparts.com\\\/?s={search_term_string}\"},\"query-input\":{\"@type\":\"PropertyValueSpecification\",\"valueRequired\":true,\"valueName\":\"search_term_string\"}}],\"inLanguage\":\"fr-FR\"},{\"@type\":\"Organization\",\"@id\":\"https:\\\/\\\/miningspareparts.com\\\/#organization\",\"name\":\"Crusher parts , Concrete Mixer Parts, Slurry Pump Parts, Mining Spares\",\"url\":\"https:\\\/\\\/miningspareparts.com\\\/\",\"logo\":{\"@type\":\"ImageObject\",\"inLanguage\":\"fr-FR\",\"@id\":\"https:\\\/\\\/miningspareparts.com\\\/#\\\/schema\\\/logo\\\/image\\\/\",\"url\":\"https:\\\/\\\/miningspareparts.com\\\/wp-content\\\/uploads\\\/2025\\\/04\\\/cropped-cropped-logo\u6b63\u65b9\u5f62.png\",\"contentUrl\":\"https:\\\/\\\/miningspareparts.com\\\/wp-content\\\/uploads\\\/2025\\\/04\\\/cropped-cropped-logo\u6b63\u65b9\u5f62.png\",\"width\":511,\"height\":171,\"caption\":\"Crusher parts , Concrete Mixer Parts, Slurry Pump Parts, Mining Spares\"},\"image\":{\"@id\":\"https:\\\/\\\/miningspareparts.com\\\/#\\\/schema\\\/logo\\\/image\\\/\"}}]}<\/script>\n<!-- \/ Yoast SEO plugin. -->","yoast_head_json":{"title":"Concave&Mantle Set | CH865 Cone Crusher Wear PartsConcave and Mantle Set - CH865 Cone Crusher Replacement Wear Parts - Crusher parts, Slurry Pump Parts, Excavator shovel parts","description":"CH865 Cone Crusher Wear Parts Concave&Mantle: Mining-grade set, precision-fit, stable performance, withstands harsh conditions, cost-effective replacement.","robots":{"index":"index","follow":"follow","max-snippet":"max-snippet:-1","max-image-preview":"max-image-preview:large","max-video-preview":"max-video-preview:-1"},"canonical":"https:\/\/miningspareparts.com\/fr\/produit\/concave-and-mantle-set\/","og_locale":"fr_FR","og_type":"article","og_title":"Concave&Mantle Set | CH865 Cone Crusher Wear PartsConcave and Mantle Set - CH865 Cone Crusher Replacement Wear Parts - Crusher parts, Slurry Pump Parts, Excavator shovel parts","og_description":"CH865 Cone Crusher Wear Parts Concave&Mantle: Mining-grade set, precision-fit, stable performance, withstands harsh conditions, cost-effective replacement.","og_url":"https:\/\/miningspareparts.com\/fr\/produit\/concave-and-mantle-set\/","og_site_name":"Crusher parts, Slurry Pump Parts, Excavator shovel parts","article_modified_time":"2026-02-02T01:17:52+00:00","og_image":[{"width":800,"height":800,"url":"https:\/\/miningspareparts.com\/wp-content\/uploads\/2025\/11\/Concave-and-Mantle-Set-CH865-Cone-Crusher-Replacement-Wear-Parts.webp","type":"image\/webp"}],"twitter_card":"summary_large_image","twitter_misc":{"Dur\u00e9e de lecture estim\u00e9e":"1 minute"},"schema":{"@context":"https:\/\/schema.org","@graph":[{"@type":"WebPage","@id":"https:\/\/miningspareparts.com\/product\/concave-and-mantle-set\/","url":"https:\/\/miningspareparts.com\/product\/concave-and-mantle-set\/","name":"Concave&Mantle Set | CH865 Cone Crusher Wear PartsConcave and Mantle Set - CH865 Cone Crusher Replacement Wear Parts - Crusher parts, Slurry Pump Parts, Excavator shovel parts","isPartOf":{"@id":"https:\/\/miningspareparts.com\/#website"},"primaryImageOfPage":{"@id":"https:\/\/miningspareparts.com\/product\/concave-and-mantle-set\/#primaryimage"},"image":{"@id":"https:\/\/miningspareparts.com\/product\/concave-and-mantle-set\/#primaryimage"},"thumbnailUrl":"https:\/\/miningspareparts.com\/wp-content\/uploads\/2025\/11\/Concave-and-Mantle-Set-CH865-Cone-Crusher-Replacement-Wear-Parts.webp","datePublished":"2025-11-07T08:32:58+00:00","dateModified":"2026-02-02T01:17:52+00:00","description":"CH865 Cone Crusher Wear Parts Concave&Mantle: Mining-grade set, precision-fit, stable performance, withstands harsh conditions, cost-effective replacement.","breadcrumb":{"@id":"https:\/\/miningspareparts.com\/product\/concave-and-mantle-set\/#breadcrumb"},"inLanguage":"fr-FR","potentialAction":[{"@type":"ReadAction","target":["https:\/\/miningspareparts.com\/product\/concave-and-mantle-set\/"]}]},{"@type":"ImageObject","inLanguage":"fr-FR","@id":"https:\/\/miningspareparts.com\/product\/concave-and-mantle-set\/#primaryimage","url":"https:\/\/miningspareparts.com\/wp-content\/uploads\/2025\/11\/Concave-and-Mantle-Set-CH865-Cone-Crusher-Replacement-Wear-Parts.webp","contentUrl":"https:\/\/miningspareparts.com\/wp-content\/uploads\/2025\/11\/Concave-and-Mantle-Set-CH865-Cone-Crusher-Replacement-Wear-Parts.webp","width":800,"height":800,"caption":"Concave and Mantle Set - CH865 Cone Crusher Replacement Wear Parts"},{"@type":"BreadcrumbList","@id":"https:\/\/miningspareparts.com\/product\/concave-and-mantle-set\/#breadcrumb","itemListElement":[{"@type":"ListItem","position":1,"name":"Home","item":"https:\/\/miningspareparts.com\/"},{"@type":"ListItem","position":2,"name":"Premium Mining Wear And Spare Parts","item":"https:\/\/miningspareparts.com\/shop\/"},{"@type":"ListItem","position":3,"name":"Concave and Mantle Set &#8211; CH865 Cone Crusher Replacement Wear Parts"}]},{"@type":"WebSite","@id":"https:\/\/miningspareparts.com\/#website","url":"https:\/\/miningspareparts.com\/","name":"Crusher parts , Concrete Mixer Parts, Slurry Pump Parts, Mining Spares","description":"Mining Wear &amp; Spare Parts Supplier","publisher":{"@id":"https:\/\/miningspareparts.com\/#organization"},"potentialAction":[{"@type":"SearchAction","target":{"@type":"EntryPoint","urlTemplate":"https:\/\/miningspareparts.com\/?s={search_term_string}"},"query-input":{"@type":"PropertyValueSpecification","valueRequired":true,"valueName":"search_term_string"}}],"inLanguage":"fr-FR"},{"@type":"Organization","@id":"https:\/\/miningspareparts.com\/#organization","name":"Crusher parts , Concrete Mixer Parts, Slurry Pump Parts, Mining Spares","url":"https:\/\/miningspareparts.com\/","logo":{"@type":"ImageObject","inLanguage":"fr-FR","@id":"https:\/\/miningspareparts.com\/#\/schema\/logo\/image\/","url":"https:\/\/miningspareparts.com\/wp-content\/uploads\/2025\/04\/cropped-cropped-logo\u6b63\u65b9\u5f62.png","contentUrl":"https:\/\/miningspareparts.com\/wp-content\/uploads\/2025\/04\/cropped-cropped-logo\u6b63\u65b9\u5f62.png","width":511,"height":171,"caption":"Crusher parts , Concrete Mixer Parts, Slurry Pump Parts, Mining Spares"},"image":{"@id":"https:\/\/miningspareparts.com\/#\/schema\/logo\/image\/"}}]}},"uagb_featured_image_src":{"full":["https:\/\/miningspareparts.com\/wp-content\/uploads\/2025\/11\/Concave-and-Mantle-Set-CH865-Cone-Crusher-Replacement-Wear-Parts.webp",800,800,false],"thumbnail":["https:\/\/miningspareparts.com\/wp-content\/uploads\/2025\/11\/Concave-and-Mantle-Set-CH865-Cone-Crusher-Replacement-Wear-Parts-150x150.webp",150,150,true],"medium":["https:\/\/miningspareparts.com\/wp-content\/uploads\/2025\/11\/Concave-and-Mantle-Set-CH865-Cone-Crusher-Replacement-Wear-Parts-300x300.webp",300,300,true],"medium_large":["https:\/\/miningspareparts.com\/wp-content\/uploads\/2025\/11\/Concave-and-Mantle-Set-CH865-Cone-Crusher-Replacement-Wear-Parts-768x768.webp",768,768,true],"large":["https:\/\/miningspareparts.com\/wp-content\/uploads\/2025\/11\/Concave-and-Mantle-Set-CH865-Cone-Crusher-Replacement-Wear-Parts.webp",800,800,false],"1536x1536":["https:\/\/miningspareparts.com\/wp-content\/uploads\/2025\/11\/Concave-and-Mantle-Set-CH865-Cone-Crusher-Replacement-Wear-Parts.webp",800,800,false],"2048x2048":["https:\/\/miningspareparts.com\/wp-content\/uploads\/2025\/11\/Concave-and-Mantle-Set-CH865-Cone-Crusher-Replacement-Wear-Parts.webp",800,800,false],"trp-custom-language-flag":["https:\/\/miningspareparts.com\/wp-content\/uploads\/2025\/11\/Concave-and-Mantle-Set-CH865-Cone-Crusher-Replacement-Wear-Parts-12x12.webp",12,12,true],"woocommerce_thumbnail":["https:\/\/miningspareparts.com\/wp-content\/uploads\/2025\/11\/Concave-and-Mantle-Set-CH865-Cone-Crusher-Replacement-Wear-Parts-300x300.webp",300,300,true],"woocommerce_single":["https:\/\/miningspareparts.com\/wp-content\/uploads\/2025\/11\/Concave-and-Mantle-Set-CH865-Cone-Crusher-Replacement-Wear-Parts-600x600.webp",600,600,true],"woocommerce_gallery_thumbnail":["https:\/\/miningspareparts.com\/wp-content\/uploads\/2025\/11\/Concave-and-Mantle-Set-CH865-Cone-Crusher-Replacement-Wear-Parts-100x100.webp",100,100,true]},"uagb_author_info":{"display_name":"admin","author_link":"https:\/\/miningspareparts.com\/fr\/author\/"},"uagb_comment_info":0,"uagb_excerpt":"Product Name: Concave&amp;Mantle Accessory Model: CH865 Applicable Equipment: Cone Crusher Core Advantage: High-chromium alloy, CH865 precise fit, anti-wear, anti-impact, matched set Core Function: Bears crushing pressure together, protects crusher main &amp; bowl body","_links":{"self":[{"href":"https:\/\/miningspareparts.com\/fr\/wp-json\/wp\/v2\/product\/11485","targetHints":{"allow":["GET"]}}],"collection":[{"href":"https:\/\/miningspareparts.com\/fr\/wp-json\/wp\/v2\/product"}],"about":[{"href":"https:\/\/miningspareparts.com\/fr\/wp-json\/wp\/v2\/types\/product"}],"wp:featuredmedia":[{"embeddable":true,"href":"https:\/\/miningspareparts.com\/fr\/wp-json\/wp\/v2\/media\/11486"}],"wp:attachment":[{"href":"https:\/\/miningspareparts.com\/fr\/wp-json\/wp\/v2\/media?parent=11485"}],"wp:term":[{"taxonomy":"product_brand","embeddable":true,"href":"https:\/\/miningspareparts.com\/fr\/wp-json\/wp\/v2\/product_brand?post=11485"},{"taxonomy":"product_cat","embeddable":true,"href":"https:\/\/miningspareparts.com\/fr\/wp-json\/wp\/v2\/product_cat?post=11485"},{"taxonomy":"product_tag","embeddable":true,"href":"https:\/\/miningspareparts.com\/fr\/wp-json\/wp\/v2\/product_tag?post=11485"}],"curies":[{"name":"wp","href":"https:\/\/api.w.org\/{rel}","templated":true}]}}