{"id":11905,"date":"2025-11-18T04:23:15","date_gmt":"2025-11-18T04:23:15","guid":{"rendered":"https:\/\/miningspareparts.com\/?post_type=product&#038;p=11905"},"modified":"2026-02-02T01:13:55","modified_gmt":"2026-02-02T01:13:55","slug":"crown-gear-d6d-pn3319822","status":"publish","type":"product","link":"https:\/\/miningspareparts.com\/fr\/produit\/crown-gear-d6d-pn3319822\/","title":{"rendered":"Crown Gear D6D PN3319822 pour Apron Feeder RKF1800x8800"},"content":{"rendered":"<div class=\"auto-hide-last-sibling-br paragraph-pP9ZLC paragraph-element br-paragraph-space\">Notre\u00a0<strong>Crown Gear 3319822<\/strong>\u00a0est une pi\u00e8ce de rechange de premi\u00e8re qualit\u00e9 pour les alimentateurs \u00e0 tablier Thyssenkrup mod\u00e8les D6D et RKF1800x8800. Elle p\u00e8se 54 kg et est con\u00e7ue pour les travaux lourds dans les mines, les carri\u00e8res et la manutention de mat\u00e9riaux de construction. En tant que composant essentiel de la transmission, cette couronne garantit un transfert de puissance fiable. Elle r\u00e9pond directement aux besoins de maintenance des \u00e9quipements et permet aux exploitants miniers du monde entier de poursuivre leur production sans interruption.<\/div>\n<div class=\"auto-hide-last-sibling-br paragraph-pP9ZLC paragraph-element br-paragraph-space\">Fabriqu\u00e9 en acier alli\u00e9 42CrMoV \u00e0 haute r\u00e9sistance, le\u00a0<strong>Crown Gear 3319822<\/strong>\u00a0subit un usinage CNC de pr\u00e9cision. Il subit \u00e9galement un traitement thermique et des tests dimensionnels stricts. Ces processus garantissent qu'il correspond parfaitement aux sp\u00e9cifications de l'\u00e9quipement d'origine de Thyssenkrup. Aucune modification ni aucun outil suppl\u00e9mentaire n'est n\u00e9cessaire pour un remplacement direct. Cela permet de minimiser les temps d'arr\u00eat pendant la maintenance, un avantage essentiel pour les exploitations mini\u00e8res o\u00f9 les retards co\u00fbtent cher.<\/div>\n<div class=\"auto-hide-last-sibling-br paragraph-pP9ZLC paragraph-element br-paragraph-space\">Le profil optimis\u00e9 des dents de l'engrenage am\u00e9liore la pr\u00e9cision de l'engr\u00e8nement. Il r\u00e9duit le bruit de fonctionnement et l'usure. Son traitement de surface r\u00e9sistant \u00e0 la corrosion prolonge sa dur\u00e9e de vie. Ces caract\u00e9ristiques sont essentielles pour les environnements miniers difficiles, qu'ils soient poussi\u00e9reux ou humides. L'engrenage\u00a0<strong>Crown Gear 3319822<\/strong>\u00a0excelle dans le transport de mat\u00e9riaux en vrac tels que le minerai de fer, le calcaire, le charbon et les agr\u00e9gats de construction. Il est compatible avec les alimentateurs \u00e0 tablier Thyssenkrup D6D et les configurations RKF1800x8800.<\/div>\n<div class=\"auto-hide-last-sibling-br paragraph-pP9ZLC paragraph-element br-paragraph-space\">Il permet un fonctionnement continu, m\u00eame dans des conditions de charge \u00e9lev\u00e9e. Il est donc id\u00e9al pour la maintenance de routine et les remplacements d'urgence. Il s'adapte \u00e9galement aux param\u00e8tres de fonctionnement standard des distributeurs \u00e0 tablier. Aucun r\u00e9glage du syst\u00e8me n'est n\u00e9cessaire. Toutes les unit\u00e9s sont certifi\u00e9es ISO 9001 et CE, et r\u00e9pondent aux normes internationales en mati\u00e8re de machines mini\u00e8res. Nous proposons une quantit\u00e9 minimale de 1 jeu avec des d\u00e9lais de livraison rapides (7-15 jours ouvrables) pour une exp\u00e9dition mondiale (FOB Ningbo\/Shanghai).<\/div>\n<div class=\"auto-hide-last-sibling-br paragraph-pP9ZLC paragraph-element br-paragraph-space\">Nous offrons une garantie de 12 mois contre les d\u00e9fauts de qualit\u00e9, ainsi qu'une assistance technique 7 jours sur 7 et 24 heures sur 24. Des guides d'installation d\u00e9taill\u00e9s sont \u00e9galement disponibles pour l'assemblage sur site. Qu'il s'agisse de reconstituer un stock ou de r\u00e9parer un alimentateur d\u00e9fectueux, le Crown Gear 3319822 offre des performances constantes et une valeur \u00e0 long terme. Contactez-nous par WhatsApp ou par e-mail pour obtenir un devis personnalis\u00e9 et un dessin technique !<\/div>","protected":false},"excerpt":{"rendered":"<ul class=\"auto-hide-last-sibling-br\">\n<li>Num\u00e9ro de pi\u00e8ce (PN) : 3319822<\/li>\n<li>Poids : 54 kg<\/li>\n<li>Nom du produit : Crown Gear 3319822 D6D<\/li>\n<li>Marque et \u00e9quipement compatibles : Thyssenkrup Apron Feeder<\/li>\n<li>Mod\u00e8le : RKF1800x8800<\/li>\n<li>Principaux avantages : Adaptation pr\u00e9cise aux sp\u00e9cifications d'origine, acier alli\u00e9 r\u00e9sistant \u00e0 l'usure, transmission stable, faible bruit.<\/li>\n<li>Fonction principale : Alimente les alimentateurs \u00e0 tablier Thyssenkrup ; assure le transport en douceur des mat\u00e9riaux en vrac (minerais, agr\u00e9gats) dans les mines.<\/li>\n<\/ul>","protected":false},"featured_media":11914,"template":"","meta":{"_uag_custom_page_level_css":"","site-sidebar-layout":"default","site-content-layout":"","ast-site-content-layout":"default","site-content-style":"default","site-sidebar-style":"default","ast-global-header-display":"","ast-banner-title-visibility":"","ast-main-header-display":"","ast-hfb-above-header-display":"","ast-hfb-below-header-display":"","ast-hfb-mobile-header-display":"","site-post-title":"","ast-breadcrumbs-content":"","ast-featured-img":"","footer-sml-layout":"","ast-disable-related-posts":"","theme-transparent-header-meta":"default","adv-header-id-meta":"","stick-header-meta":"default","header-above-stick-meta":"","header-main-stick-meta":"","header-below-stick-meta":"","astra-migrate-meta-layouts":"set","ast-page-background-enabled":"default","ast-page-background-meta":{"desktop":{"background-color":"var(--ast-global-color-4)","background-image":"","background-repeat":"repeat","background-position":"center center","background-size":"auto","background-attachment":"scroll","background-type":"","background-media":"","overlay-type":"","overlay-color":"","overlay-opacity":"","overlay-gradient":""},"tablet":{"background-color":"","background-image":"","background-repeat":"repeat","background-position":"center center","background-size":"auto","background-attachment":"scroll","background-type":"","background-media":"","overlay-type":"","overlay-color":"","overlay-opacity":"","overlay-gradient":""},"mobile":{"background-color":"","background-image":"","background-repeat":"repeat","background-position":"center center","background-size":"auto","background-attachment":"scroll","background-type":"","background-media":"","overlay-type":"","overlay-color":"","overlay-opacity":"","overlay-gradient":""}},"ast-content-background-meta":{"desktop":{"background-color":"var(--ast-global-color-5)","background-image":"","background-repeat":"repeat","background-position":"center center","background-size":"auto","background-attachment":"scroll","background-type":"","background-media":"","overlay-type":"","overlay-color":"","overlay-opacity":"","overlay-gradient":""},"tablet":{"background-color":"var(--ast-global-color-5)","background-image":"","background-repeat":"repeat","background-position":"center center","background-size":"auto","background-attachment":"scroll","background-type":"","background-media":"","overlay-type":"","overlay-color":"","overlay-opacity":"","overlay-gradient":""},"mobile":{"background-color":"var(--ast-global-color-5)","background-image":"","background-repeat":"repeat","background-position":"center center","background-size":"auto","background-attachment":"scroll","background-type":"","background-media":"","overlay-type":"","overlay-color":"","overlay-opacity":"","overlay-gradient":""}}},"product_brand":[],"product_cat":[284,409,57,223,235,87],"product_tag":[],"class_list":{"0":"post-11905","1":"product","2":"type-product","3":"status-publish","4":"has-post-thumbnail","6":"product_cat-by-brands","7":"product_cat-thyssenkrupp","8":"product_cat-crusher-spares","9":"product_cat-machining-parts","10":"product_cat-gear-pinon","11":"product_cat-engineering-parts","12":"desktop-align-left","13":"tablet-align-left","14":"mobile-align-left","15":"ast-product-gallery-layout-horizontal-slider","16":"ast-product-tabs-layout-horizontal","18":"first","19":"instock","20":"shipping-taxable","21":"product-type-simple"},"yoast_head":"<!-- This site is optimized with the Yoast SEO plugin v27.4 - https:\/\/yoast.com\/product\/yoast-seo-wordpress\/ -->\n<title>Crown Gear D6D PN3319822 for Apron Feeder RKF1800x8800 - 54kgCrown Gear D6D PN3319822 for Apron Feeder RKF1800x8800 - Crusher parts, Slurry Pump Parts, Excavator shovel parts<\/title>\n<meta name=\"description\" content=\"Crown Gear 3319822 for Thyssenkrup D6D RKF1800 apron feeder (54kgs). Precision fit, wear-resistant, ISO certified. Fast global delivery\u2014get a quote!\" \/>\n<meta name=\"robots\" content=\"index, follow, max-snippet:-1, max-image-preview:large, max-video-preview:-1\" \/>\n<link rel=\"canonical\" href=\"https:\/\/miningspareparts.com\/fr\/produit\/crown-gear-d6d-pn3319822\/\" \/>\n<meta property=\"og:locale\" content=\"fr_FR\" \/>\n<meta property=\"og:type\" content=\"article\" \/>\n<meta property=\"og:title\" content=\"Crown Gear D6D PN3319822 for Apron Feeder RKF1800x8800 - 54kgCrown Gear D6D PN3319822 for Apron Feeder RKF1800x8800 - Crusher parts, Slurry Pump Parts, Excavator shovel parts\" \/>\n<meta property=\"og:description\" content=\"Crown Gear 3319822 for Thyssenkrup D6D RKF1800 apron feeder (54kgs). Precision fit, wear-resistant, ISO certified. Fast global delivery\u2014get a quote!\" \/>\n<meta property=\"og:url\" content=\"https:\/\/miningspareparts.com\/fr\/produit\/crown-gear-d6d-pn3319822\/\" \/>\n<meta property=\"og:site_name\" content=\"Crusher parts, Slurry Pump Parts, Excavator shovel parts\" \/>\n<meta property=\"article:modified_time\" content=\"2026-02-02T01:13:55+00:00\" \/>\n<meta property=\"og:image\" content=\"https:\/\/miningspareparts.com\/wp-content\/uploads\/2025\/11\/\u5706\u9525-1.webp\" \/>\n\t<meta property=\"og:image:width\" content=\"800\" \/>\n\t<meta property=\"og:image:height\" content=\"800\" \/>\n\t<meta property=\"og:image:type\" content=\"image\/webp\" \/>\n<meta name=\"twitter:card\" content=\"summary_large_image\" \/>\n<meta name=\"twitter:label1\" content=\"Dur\u00e9e de lecture estim\u00e9e\" \/>\n\t<meta name=\"twitter:data1\" content=\"2 minutes\" \/>\n<script type=\"application\/ld+json\" class=\"yoast-schema-graph\">{\"@context\":\"https:\\\/\\\/schema.org\",\"@graph\":[{\"@type\":\"WebPage\",\"@id\":\"https:\\\/\\\/miningspareparts.com\\\/product\\\/crown-gear-d6d-pn3319822\\\/\",\"url\":\"https:\\\/\\\/miningspareparts.com\\\/product\\\/crown-gear-d6d-pn3319822\\\/\",\"name\":\"Crown Gear D6D PN3319822 for Apron Feeder RKF1800x8800 - 54kgCrown Gear D6D PN3319822 for Apron Feeder RKF1800x8800 - Crusher parts, Slurry Pump Parts, Excavator shovel parts\",\"isPartOf\":{\"@id\":\"https:\\\/\\\/miningspareparts.com\\\/#website\"},\"primaryImageOfPage\":{\"@id\":\"https:\\\/\\\/miningspareparts.com\\\/product\\\/crown-gear-d6d-pn3319822\\\/#primaryimage\"},\"image\":{\"@id\":\"https:\\\/\\\/miningspareparts.com\\\/product\\\/crown-gear-d6d-pn3319822\\\/#primaryimage\"},\"thumbnailUrl\":\"https:\\\/\\\/miningspareparts.com\\\/wp-content\\\/uploads\\\/2025\\\/11\\\/\u5706\u9525-1.webp\",\"datePublished\":\"2025-11-18T04:23:15+00:00\",\"dateModified\":\"2026-02-02T01:13:55+00:00\",\"description\":\"Crown Gear 3319822 for Thyssenkrup D6D RKF1800 apron feeder (54kgs). Precision fit, wear-resistant, ISO certified. Fast global delivery\u2014get a quote!\",\"breadcrumb\":{\"@id\":\"https:\\\/\\\/miningspareparts.com\\\/product\\\/crown-gear-d6d-pn3319822\\\/#breadcrumb\"},\"inLanguage\":\"fr-FR\",\"potentialAction\":[{\"@type\":\"ReadAction\",\"target\":[\"https:\\\/\\\/miningspareparts.com\\\/product\\\/crown-gear-d6d-pn3319822\\\/\"]}]},{\"@type\":\"ImageObject\",\"inLanguage\":\"fr-FR\",\"@id\":\"https:\\\/\\\/miningspareparts.com\\\/product\\\/crown-gear-d6d-pn3319822\\\/#primaryimage\",\"url\":\"https:\\\/\\\/miningspareparts.com\\\/wp-content\\\/uploads\\\/2025\\\/11\\\/\u5706\u9525-1.webp\",\"contentUrl\":\"https:\\\/\\\/miningspareparts.com\\\/wp-content\\\/uploads\\\/2025\\\/11\\\/\u5706\u9525-1.webp\",\"width\":800,\"height\":800,\"caption\":\"CCrown Gear D6D PN3319822 for Apron Feeder RKF1800x8800 - 54kg\"},{\"@type\":\"BreadcrumbList\",\"@id\":\"https:\\\/\\\/miningspareparts.com\\\/product\\\/crown-gear-d6d-pn3319822\\\/#breadcrumb\",\"itemListElement\":[{\"@type\":\"ListItem\",\"position\":1,\"name\":\"Home\",\"item\":\"https:\\\/\\\/miningspareparts.com\\\/\"},{\"@type\":\"ListItem\",\"position\":2,\"name\":\"Premium Mining Wear And Spare Parts\",\"item\":\"https:\\\/\\\/miningspareparts.com\\\/shop\\\/\"},{\"@type\":\"ListItem\",\"position\":3,\"name\":\"Crown Gear D6D PN3319822 for Apron Feeder RKF1800x8800\"}]},{\"@type\":\"WebSite\",\"@id\":\"https:\\\/\\\/miningspareparts.com\\\/#website\",\"url\":\"https:\\\/\\\/miningspareparts.com\\\/\",\"name\":\"Crusher parts , Concrete Mixer Parts, Slurry Pump Parts, Mining Spares\",\"description\":\"Mining Wear &amp; Spare Parts Supplier\",\"publisher\":{\"@id\":\"https:\\\/\\\/miningspareparts.com\\\/#organization\"},\"potentialAction\":[{\"@type\":\"SearchAction\",\"target\":{\"@type\":\"EntryPoint\",\"urlTemplate\":\"https:\\\/\\\/miningspareparts.com\\\/?s={search_term_string}\"},\"query-input\":{\"@type\":\"PropertyValueSpecification\",\"valueRequired\":true,\"valueName\":\"search_term_string\"}}],\"inLanguage\":\"fr-FR\"},{\"@type\":\"Organization\",\"@id\":\"https:\\\/\\\/miningspareparts.com\\\/#organization\",\"name\":\"Crusher parts , Concrete Mixer Parts, Slurry Pump Parts, Mining Spares\",\"url\":\"https:\\\/\\\/miningspareparts.com\\\/\",\"logo\":{\"@type\":\"ImageObject\",\"inLanguage\":\"fr-FR\",\"@id\":\"https:\\\/\\\/miningspareparts.com\\\/#\\\/schema\\\/logo\\\/image\\\/\",\"url\":\"https:\\\/\\\/miningspareparts.com\\\/wp-content\\\/uploads\\\/2025\\\/04\\\/cropped-cropped-logo\u6b63\u65b9\u5f62.png\",\"contentUrl\":\"https:\\\/\\\/miningspareparts.com\\\/wp-content\\\/uploads\\\/2025\\\/04\\\/cropped-cropped-logo\u6b63\u65b9\u5f62.png\",\"width\":511,\"height\":171,\"caption\":\"Crusher parts , Concrete Mixer Parts, Slurry Pump Parts, Mining Spares\"},\"image\":{\"@id\":\"https:\\\/\\\/miningspareparts.com\\\/#\\\/schema\\\/logo\\\/image\\\/\"}}]}<\/script>\n<!-- \/ Yoast SEO plugin. -->","yoast_head_json":{"title":"Crown Gear D6D PN3319822 for Apron Feeder RKF1800x8800 - 54kgCrown Gear D6D PN3319822 for Apron Feeder RKF1800x8800 - Crusher parts, Slurry Pump Parts, Excavator shovel parts","description":"Crown Gear 3319822 for Thyssenkrup D6D RKF1800 apron feeder (54kgs). Precision fit, wear-resistant, ISO certified. Fast global delivery\u2014get a quote!","robots":{"index":"index","follow":"follow","max-snippet":"max-snippet:-1","max-image-preview":"max-image-preview:large","max-video-preview":"max-video-preview:-1"},"canonical":"https:\/\/miningspareparts.com\/fr\/produit\/crown-gear-d6d-pn3319822\/","og_locale":"fr_FR","og_type":"article","og_title":"Crown Gear D6D PN3319822 for Apron Feeder RKF1800x8800 - 54kgCrown Gear D6D PN3319822 for Apron Feeder RKF1800x8800 - Crusher parts, Slurry Pump Parts, Excavator shovel parts","og_description":"Crown Gear 3319822 for Thyssenkrup D6D RKF1800 apron feeder (54kgs). Precision fit, wear-resistant, ISO certified. Fast global delivery\u2014get a quote!","og_url":"https:\/\/miningspareparts.com\/fr\/produit\/crown-gear-d6d-pn3319822\/","og_site_name":"Crusher parts, Slurry Pump Parts, Excavator shovel parts","article_modified_time":"2026-02-02T01:13:55+00:00","og_image":[{"width":800,"height":800,"url":"https:\/\/miningspareparts.com\/wp-content\/uploads\/2025\/11\/\u5706\u9525-1.webp","type":"image\/webp"}],"twitter_card":"summary_large_image","twitter_misc":{"Dur\u00e9e de lecture estim\u00e9e":"2 minutes"},"schema":{"@context":"https:\/\/schema.org","@graph":[{"@type":"WebPage","@id":"https:\/\/miningspareparts.com\/product\/crown-gear-d6d-pn3319822\/","url":"https:\/\/miningspareparts.com\/product\/crown-gear-d6d-pn3319822\/","name":"Crown Gear D6D PN3319822 for Apron Feeder RKF1800x8800 - 54kgCrown Gear D6D PN3319822 for Apron Feeder RKF1800x8800 - Crusher parts, Slurry Pump Parts, Excavator shovel parts","isPartOf":{"@id":"https:\/\/miningspareparts.com\/#website"},"primaryImageOfPage":{"@id":"https:\/\/miningspareparts.com\/product\/crown-gear-d6d-pn3319822\/#primaryimage"},"image":{"@id":"https:\/\/miningspareparts.com\/product\/crown-gear-d6d-pn3319822\/#primaryimage"},"thumbnailUrl":"https:\/\/miningspareparts.com\/wp-content\/uploads\/2025\/11\/\u5706\u9525-1.webp","datePublished":"2025-11-18T04:23:15+00:00","dateModified":"2026-02-02T01:13:55+00:00","description":"Crown Gear 3319822 for Thyssenkrup D6D RKF1800 apron feeder (54kgs). Precision fit, wear-resistant, ISO certified. Fast global delivery\u2014get a quote!","breadcrumb":{"@id":"https:\/\/miningspareparts.com\/product\/crown-gear-d6d-pn3319822\/#breadcrumb"},"inLanguage":"fr-FR","potentialAction":[{"@type":"ReadAction","target":["https:\/\/miningspareparts.com\/product\/crown-gear-d6d-pn3319822\/"]}]},{"@type":"ImageObject","inLanguage":"fr-FR","@id":"https:\/\/miningspareparts.com\/product\/crown-gear-d6d-pn3319822\/#primaryimage","url":"https:\/\/miningspareparts.com\/wp-content\/uploads\/2025\/11\/\u5706\u9525-1.webp","contentUrl":"https:\/\/miningspareparts.com\/wp-content\/uploads\/2025\/11\/\u5706\u9525-1.webp","width":800,"height":800,"caption":"CCrown Gear D6D PN3319822 for Apron Feeder RKF1800x8800 - 54kg"},{"@type":"BreadcrumbList","@id":"https:\/\/miningspareparts.com\/product\/crown-gear-d6d-pn3319822\/#breadcrumb","itemListElement":[{"@type":"ListItem","position":1,"name":"Home","item":"https:\/\/miningspareparts.com\/"},{"@type":"ListItem","position":2,"name":"Premium Mining Wear And Spare Parts","item":"https:\/\/miningspareparts.com\/shop\/"},{"@type":"ListItem","position":3,"name":"Crown Gear D6D PN3319822 for Apron Feeder RKF1800x8800"}]},{"@type":"WebSite","@id":"https:\/\/miningspareparts.com\/#website","url":"https:\/\/miningspareparts.com\/","name":"Crusher parts , Concrete Mixer Parts, Slurry Pump Parts, Mining Spares","description":"Mining Wear &amp; Spare Parts Supplier","publisher":{"@id":"https:\/\/miningspareparts.com\/#organization"},"potentialAction":[{"@type":"SearchAction","target":{"@type":"EntryPoint","urlTemplate":"https:\/\/miningspareparts.com\/?s={search_term_string}"},"query-input":{"@type":"PropertyValueSpecification","valueRequired":true,"valueName":"search_term_string"}}],"inLanguage":"fr-FR"},{"@type":"Organization","@id":"https:\/\/miningspareparts.com\/#organization","name":"Crusher parts , Concrete Mixer Parts, Slurry Pump Parts, Mining Spares","url":"https:\/\/miningspareparts.com\/","logo":{"@type":"ImageObject","inLanguage":"fr-FR","@id":"https:\/\/miningspareparts.com\/#\/schema\/logo\/image\/","url":"https:\/\/miningspareparts.com\/wp-content\/uploads\/2025\/04\/cropped-cropped-logo\u6b63\u65b9\u5f62.png","contentUrl":"https:\/\/miningspareparts.com\/wp-content\/uploads\/2025\/04\/cropped-cropped-logo\u6b63\u65b9\u5f62.png","width":511,"height":171,"caption":"Crusher parts , Concrete Mixer Parts, Slurry Pump Parts, Mining Spares"},"image":{"@id":"https:\/\/miningspareparts.com\/#\/schema\/logo\/image\/"}}]}},"uagb_featured_image_src":{"full":["https:\/\/miningspareparts.com\/wp-content\/uploads\/2025\/11\/\u5706\u9525-1.webp",800,800,false],"thumbnail":["https:\/\/miningspareparts.com\/wp-content\/uploads\/2025\/11\/\u5706\u9525-1-150x150.webp",150,150,true],"medium":["https:\/\/miningspareparts.com\/wp-content\/uploads\/2025\/11\/\u5706\u9525-1-300x300.webp",300,300,true],"medium_large":["https:\/\/miningspareparts.com\/wp-content\/uploads\/2025\/11\/\u5706\u9525-1-768x768.webp",768,768,true],"large":["https:\/\/miningspareparts.com\/wp-content\/uploads\/2025\/11\/\u5706\u9525-1.webp",800,800,false],"1536x1536":["https:\/\/miningspareparts.com\/wp-content\/uploads\/2025\/11\/\u5706\u9525-1.webp",800,800,false],"2048x2048":["https:\/\/miningspareparts.com\/wp-content\/uploads\/2025\/11\/\u5706\u9525-1.webp",800,800,false],"trp-custom-language-flag":["https:\/\/miningspareparts.com\/wp-content\/uploads\/2025\/11\/\u5706\u9525-1-12x12.webp",12,12,true],"woocommerce_thumbnail":["https:\/\/miningspareparts.com\/wp-content\/uploads\/2025\/11\/\u5706\u9525-1-300x300.webp",300,300,true],"woocommerce_single":["https:\/\/miningspareparts.com\/wp-content\/uploads\/2025\/11\/\u5706\u9525-1-600x600.webp",600,600,true],"woocommerce_gallery_thumbnail":["https:\/\/miningspareparts.com\/wp-content\/uploads\/2025\/11\/\u5706\u9525-1-100x100.webp",100,100,true]},"uagb_author_info":{"display_name":"admin","author_link":"https:\/\/miningspareparts.com\/fr\/author\/"},"uagb_comment_info":0,"uagb_excerpt":"Part Number (PN): 3319822 Weight: 54 kg Product Name: Crown Gear 3319822 D6D Compatible Brand &amp; Equipment: Thyssenkrup Apron Feeder Model: RKF1800x8800 Core Advantages: Precision fit with original specs, wear-resistant alloy steel, stable transmission, low noise Core Function: Powers Thyssenkrup apron feeders; ensures smooth conveying of bulk materials (ore, aggregate) in mining","_links":{"self":[{"href":"https:\/\/miningspareparts.com\/fr\/wp-json\/wp\/v2\/product\/11905","targetHints":{"allow":["GET"]}}],"collection":[{"href":"https:\/\/miningspareparts.com\/fr\/wp-json\/wp\/v2\/product"}],"about":[{"href":"https:\/\/miningspareparts.com\/fr\/wp-json\/wp\/v2\/types\/product"}],"wp:featuredmedia":[{"embeddable":true,"href":"https:\/\/miningspareparts.com\/fr\/wp-json\/wp\/v2\/media\/11914"}],"wp:attachment":[{"href":"https:\/\/miningspareparts.com\/fr\/wp-json\/wp\/v2\/media?parent=11905"}],"wp:term":[{"taxonomy":"product_brand","embeddable":true,"href":"https:\/\/miningspareparts.com\/fr\/wp-json\/wp\/v2\/product_brand?post=11905"},{"taxonomy":"product_cat","embeddable":true,"href":"https:\/\/miningspareparts.com\/fr\/wp-json\/wp\/v2\/product_cat?post=11905"},{"taxonomy":"product_tag","embeddable":true,"href":"https:\/\/miningspareparts.com\/fr\/wp-json\/wp\/v2\/product_tag?post=11905"}],"curies":[{"name":"wp","href":"https:\/\/api.w.org\/{rel}","templated":true}]}}