{"id":1306,"date":"2023-12-10T07:51:26","date_gmt":"2023-12-10T07:51:26","guid":{"rendered":"https:\/\/miningspareparts.com\/?post_type=product&#038;p=1306"},"modified":"2025-11-03T00:38:32","modified_gmt":"2025-11-03T00:38:32","slug":"h8800-hydrocone-liner","status":"publish","type":"product","link":"https:\/\/miningspareparts.com\/fr\/produit\/h8800-hydrocone-liner\/","title":{"rendered":"Rev\u00eatement de l'hydroc\u00f4ne du concasseur \u00e0 c\u00f4ne H8800"},"content":{"rendered":"<p><strong>Voici une description de la doublure Hydrocone H8800<\/strong><\/p>\n<p style=\"font-weight: 400;\"><strong>S\u00e9rie Sadvik Hydrocone<\/strong>: H2800| H3800 | H4800 | H6800| H7800 | H8800 |H51 |H36<\/p>\n<p style=\"font-weight: 400;\"><strong>S\u00e9rie CH Cone<\/strong>\u00a0\u00a0CH420|CH430|CH440|CH660|CH830I|CH840I|CH860I|CH865I|CH870I|CH880|CH890I|CH895I<\/p>\n<h5><strong><u>Pi\u00e8ces d'usure du concasseur \u00e0 c\u00f4ne :<\/u><\/strong><\/h5>\n<p style=\"text-align: left;\">Articles : Concave, manteau, anneau concave, segment concave, rev\u00eatement de cuvette, rev\u00eatement de c\u00f4ne, protection de bras, plaque de distribution.<\/p>\n<p style=\"text-align: left;\">Mat\u00e9riau de coul\u00e9e : Acier aust\u00e9nitique au mangan\u00e8se (Mn14, M14Cr2, Mn18Cr2, Mn22Cr2)<\/p>\n<p style=\"text-align: left;\">M\u00e9thode de moulage : Coul\u00e9e de sable au verre d'eau<\/p>\n<p style=\"text-align: left;\">Mat\u00e9riau applicable : gravier, granit, basalte, minerai, calcaire, gr\u00e8s, quatz, pierre de pav\u00e9<\/p>\n<p style=\"text-align: left;\">Applications : Mines, carri\u00e8res, construction, ciment et mat\u00e9riaux, recyclage<\/p>\n<h5>Pourquoi nous choisir\uff1f<\/h5>\n<p>Le rev\u00eatement de l'hydroc\u00f4ne H8800 est un composant cl\u00e9 que nous fabriquons et qui offre des performances et une durabilit\u00e9 sup\u00e9rieures. Fabriqu\u00e9s avec pr\u00e9cision, nos rev\u00eatements assurent un fonctionnement optimal et prolongent la dur\u00e9e de vie de l'\u00e9quipement. Con\u00e7ues pour r\u00e9sister aux conditions abrasives, elles offrent une excellente r\u00e9sistance \u00e0 l'usure, r\u00e9duisant ainsi le besoin de remplacements fr\u00e9quents. Notre engagement en faveur de la qualit\u00e9 se refl\u00e8te dans le processus de fabrication m\u00e9ticuleux, qui garantit un ajustement parfait pour une int\u00e9gration sans faille. Le rev\u00eatement Hydrocone de notre ligne de production se distingue par sa fiabilit\u00e9 et sa r\u00e9sistance, ce qui en fait un choix privil\u00e9gi\u00e9 pour diverses applications. Gr\u00e2ce \u00e0 des mesures rigoureuses de contr\u00f4le de la qualit\u00e9, nous garantissons \u00e0 nos clients des produits constants et de haute qualit\u00e9. Investissez dans notre Hydrocone Liner pour b\u00e9n\u00e9ficier d'une solution fiable et efficace, conforme aux normes exigeantes de l'industrie.<\/p>\n<p>1.100% Garantie d'adaptation : Nous garantissons que nos pi\u00e8ces 100% conviennent \u00e0 votre machine. Si ce n'est pas le cas, nous vous rembourserons.<\/p>\n<p>2. l'assurance qualit\u00e9 : Nous garantissons que nos pi\u00e8ces sont fournies pour remplacer les pi\u00e8ces neuves si elles pr\u00e9sentent de graves probl\u00e8mes de qualit\u00e9, de fissure ou d'usure inhabituelle.<\/p>\n<p>3. large couverture : Nous disposons d'une large couverture de dessins et de mod\u00e8les 80% des mod\u00e8les de concasseurs les plus populaires disponibles sur le march\u00e9. Les \u00e2ges des concasseurs peuvent \u00eatre suivis avant 1950.<\/p>\n<p>4. disponibilit\u00e9 des stocks : Nous gardons les pi\u00e8ces VSI et les concasseurs communs en stock, ce qui nous permet d'assurer une livraison rapide.<\/p>\n<p>5) Flexibilit\u00e9 : Nous sommes assez flexibles pour fournir divers termes de paiement pour la commodit\u00e9 de nos clients de diff\u00e9rentes r\u00e9gions, tels que T\/T, L\/C, DP, Western Union , Udial as etc. et nous pouvons faire l'exp\u00e9dition CIF LCL, FCL, Airfreight, Door to door service .Pour la livraison FOB les articles \u00e0 l'entrep\u00f4t en Chine et peut \u00eatre livr\u00e9 \u00e0 Guangzhou et Yiwu.<\/p>\n<p>6. sur mesure : Nous pouvons r\u00e9aliser des moulages personnalis\u00e9s selon les dessins du client et la composition des mat\u00e9riaux.<\/p>\n<p>7. services : inspection, rapport d'essai des propri\u00e9t\u00e9s, rapport sur les dimensions et r\u00e9tro-ing\u00e9nierie selon les \u00e9chantillons du client.<\/p>","protected":false},"excerpt":{"rendered":"<p>Voici une description de l'hydroc\u00f4ne H8800 Hydrocone Liner Sadvik Hydrocone Series : H2800| H3800 | H4800 | H6800| H7800 | H8800 |H51 |H36 CH S\u00e9rie de c\u00f4nes CH420|CH430|CH440|CH660|CH830I|CH840I|CH860I|CH865I|CH870I|CH880|CH890I|CH895I Pi\u00e8ces d'usure pour concasseur \u00e0 c\u00f4ne : Articles : Concave, manteau, anneau de concave, segment de concave, rev\u00eatement de bol, rev\u00eatement de c\u00f4ne, protection de bras, plaque de distribution Mat\u00e9riau de coul\u00e9e : Acier aust\u00e9nitique au mangan\u00e8se (Mn14, M14Cr2, Mn18Cr2, Mn22Cr2) M\u00e9thode de coul\u00e9e : Coul\u00e9e au sable et au verre d'eau Applicable [...]<\/p>","protected":false},"featured_media":11164,"template":"","meta":{"_uag_custom_page_level_css":"","site-sidebar-layout":"default","site-content-layout":"","ast-site-content-layout":"default","site-content-style":"default","site-sidebar-style":"default","ast-global-header-display":"","ast-banner-title-visibility":"","ast-main-header-display":"","ast-hfb-above-header-display":"","ast-hfb-below-header-display":"","ast-hfb-mobile-header-display":"","site-post-title":"","ast-breadcrumbs-content":"","ast-featured-img":"","footer-sml-layout":"","ast-disable-related-posts":"","theme-transparent-header-meta":"default","adv-header-id-meta":"","stick-header-meta":"default","header-above-stick-meta":"","header-main-stick-meta":"","header-below-stick-meta":"","astra-migrate-meta-layouts":"set","ast-page-background-enabled":"default","ast-page-background-meta":{"desktop":{"background-color":"var(--ast-global-color-4)","background-image":"","background-repeat":"repeat","background-position":"center center","background-size":"auto","background-attachment":"scroll","background-type":"","background-media":"","overlay-type":"","overlay-color":"","overlay-opacity":"","overlay-gradient":""},"tablet":{"background-color":"","background-image":"","background-repeat":"repeat","background-position":"center center","background-size":"auto","background-attachment":"scroll","background-type":"","background-media":"","overlay-type":"","overlay-color":"","overlay-opacity":"","overlay-gradient":""},"mobile":{"background-color":"","background-image":"","background-repeat":"repeat","background-position":"center center","background-size":"auto","background-attachment":"scroll","background-type":"","background-media":"","overlay-type":"","overlay-color":"","overlay-opacity":"","overlay-gradient":""}},"ast-content-background-meta":{"desktop":{"background-color":"var(--ast-global-color-5)","background-image":"","background-repeat":"repeat","background-position":"center center","background-size":"auto","background-attachment":"scroll","background-type":"","background-media":"","overlay-type":"","overlay-color":"","overlay-opacity":"","overlay-gradient":""},"tablet":{"background-color":"var(--ast-global-color-5)","background-image":"","background-repeat":"repeat","background-position":"center center","background-size":"auto","background-attachment":"scroll","background-type":"","background-media":"","overlay-type":"","overlay-color":"","overlay-opacity":"","overlay-gradient":""},"mobile":{"background-color":"var(--ast-global-color-5)","background-image":"","background-repeat":"repeat","background-position":"center center","background-size":"auto","background-attachment":"scroll","background-type":"","background-media":"","overlay-type":"","overlay-color":"","overlay-opacity":"","overlay-gradient":""}}},"product_brand":[],"product_cat":[100,38,36,184],"product_tag":[],"class_list":{"0":"post-1306","1":"product","2":"type-product","3":"status-publish","4":"has-post-thumbnail","6":"product_cat-crusher-liner","7":"product_cat-concave-ring","8":"product_cat-cone-liner","9":"product_cat-sandvick","10":"desktop-align-left","11":"tablet-align-left","12":"mobile-align-left","13":"ast-product-gallery-layout-horizontal-slider","14":"ast-product-single-variable","15":"ast-product-tabs-layout-horizontal","17":"first","18":"instock","19":"shipping-taxable","20":"purchasable","21":"product-type-variable"},"yoast_head":"<!-- This site is optimized with the Yoast SEO plugin v27.6 - https:\/\/yoast.com\/product\/yoast-seo-wordpress\/ -->\n<title>H8800 Hydrocone Liner Cone Crusher- Crusher parts, Slurry Pump Parts, Excavator shovel parts<\/title>\n<meta name=\"description\" content=\"H8800 Hydrocone Liner, aftermarket solution crafted with durable Mn18cr2 material for enhanced performance and longevity.\" \/>\n<meta name=\"robots\" content=\"index, follow, max-snippet:-1, max-image-preview:large, max-video-preview:-1\" \/>\n<link rel=\"canonical\" href=\"https:\/\/miningspareparts.com\/fr\/produit\/h8800-hydrocone-liner\/\" \/>\n<meta property=\"og:locale\" content=\"fr_FR\" \/>\n<meta property=\"og:type\" content=\"article\" \/>\n<meta property=\"og:title\" content=\"H8800 Hydrocone Liner Cone Crusher- Crusher parts, Slurry Pump Parts, Excavator shovel parts\" \/>\n<meta property=\"og:description\" content=\"H8800 Hydrocone Liner, aftermarket solution crafted with durable Mn18cr2 material for enhanced performance and longevity.\" \/>\n<meta property=\"og:url\" content=\"https:\/\/miningspareparts.com\/fr\/produit\/h8800-hydrocone-liner\/\" \/>\n<meta property=\"og:site_name\" content=\"Crusher parts, Slurry Pump Parts, Excavator shovel parts\" \/>\n<meta property=\"article:modified_time\" content=\"2025-11-03T00:38:32+00:00\" \/>\n<meta property=\"og:image\" content=\"https:\/\/miningspareparts.com\/wp-content\/uploads\/2023\/12\/442.9336-CH880.webp\" \/>\n\t<meta property=\"og:image:width\" content=\"800\" \/>\n\t<meta property=\"og:image:height\" content=\"800\" \/>\n\t<meta property=\"og:image:type\" content=\"image\/webp\" \/>\n<meta name=\"twitter:card\" content=\"summary_large_image\" \/>\n<meta name=\"twitter:label1\" content=\"Dur\u00e9e de lecture estim\u00e9e\" \/>\n\t<meta name=\"twitter:data1\" content=\"3 minutes\" \/>\n<script type=\"application\/ld+json\" class=\"yoast-schema-graph\">{\"@context\":\"https:\\\/\\\/schema.org\",\"@graph\":[{\"@type\":\"WebPage\",\"@id\":\"https:\\\/\\\/miningspareparts.com\\\/product\\\/h8800-hydrocone-liner\\\/\",\"url\":\"https:\\\/\\\/miningspareparts.com\\\/product\\\/h8800-hydrocone-liner\\\/\",\"name\":\"H8800 Hydrocone Liner Cone Crusher- Crusher parts, Slurry Pump Parts, Excavator shovel parts\",\"isPartOf\":{\"@id\":\"https:\\\/\\\/miningspareparts.com\\\/#website\"},\"primaryImageOfPage\":{\"@id\":\"https:\\\/\\\/miningspareparts.com\\\/product\\\/h8800-hydrocone-liner\\\/#primaryimage\"},\"image\":{\"@id\":\"https:\\\/\\\/miningspareparts.com\\\/product\\\/h8800-hydrocone-liner\\\/#primaryimage\"},\"thumbnailUrl\":\"https:\\\/\\\/miningspareparts.com\\\/wp-content\\\/uploads\\\/2023\\\/12\\\/442.9336-CH880.webp\",\"datePublished\":\"2023-12-10T07:51:26+00:00\",\"dateModified\":\"2025-11-03T00:38:32+00:00\",\"description\":\"H8800 Hydrocone Liner, aftermarket solution crafted with durable Mn18cr2 material for enhanced performance and longevity.\",\"breadcrumb\":{\"@id\":\"https:\\\/\\\/miningspareparts.com\\\/product\\\/h8800-hydrocone-liner\\\/#breadcrumb\"},\"inLanguage\":\"fr-FR\",\"potentialAction\":[{\"@type\":\"ReadAction\",\"target\":[\"https:\\\/\\\/miningspareparts.com\\\/product\\\/h8800-hydrocone-liner\\\/\"]}]},{\"@type\":\"ImageObject\",\"inLanguage\":\"fr-FR\",\"@id\":\"https:\\\/\\\/miningspareparts.com\\\/product\\\/h8800-hydrocone-liner\\\/#primaryimage\",\"url\":\"https:\\\/\\\/miningspareparts.com\\\/wp-content\\\/uploads\\\/2023\\\/12\\\/442.9336-CH880.webp\",\"contentUrl\":\"https:\\\/\\\/miningspareparts.com\\\/wp-content\\\/uploads\\\/2023\\\/12\\\/442.9336-CH880.webp\",\"width\":800,\"height\":800,\"caption\":\"H8800 Cone Crusher Hydrocone Liner\"},{\"@type\":\"BreadcrumbList\",\"@id\":\"https:\\\/\\\/miningspareparts.com\\\/product\\\/h8800-hydrocone-liner\\\/#breadcrumb\",\"itemListElement\":[{\"@type\":\"ListItem\",\"position\":1,\"name\":\"Home\",\"item\":\"https:\\\/\\\/miningspareparts.com\\\/\"},{\"@type\":\"ListItem\",\"position\":2,\"name\":\"Premium Mining Wear And Spare Parts\",\"item\":\"https:\\\/\\\/miningspareparts.com\\\/shop\\\/\"},{\"@type\":\"ListItem\",\"position\":3,\"name\":\"H8800 Cone Crusher Hydrocone Liner\"}]},{\"@type\":\"WebSite\",\"@id\":\"https:\\\/\\\/miningspareparts.com\\\/#website\",\"url\":\"https:\\\/\\\/miningspareparts.com\\\/\",\"name\":\"Crusher parts , Concrete Mixer Parts, Slurry Pump Parts, Mining Spares\",\"description\":\"Mining Wear &amp; Spare Parts Supplier\",\"publisher\":{\"@id\":\"https:\\\/\\\/miningspareparts.com\\\/#organization\"},\"potentialAction\":[{\"@type\":\"SearchAction\",\"target\":{\"@type\":\"EntryPoint\",\"urlTemplate\":\"https:\\\/\\\/miningspareparts.com\\\/?s={search_term_string}\"},\"query-input\":{\"@type\":\"PropertyValueSpecification\",\"valueRequired\":true,\"valueName\":\"search_term_string\"}}],\"inLanguage\":\"fr-FR\"},{\"@type\":\"Organization\",\"@id\":\"https:\\\/\\\/miningspareparts.com\\\/#organization\",\"name\":\"Crusher parts , Concrete Mixer Parts, Slurry Pump Parts, Mining Spares\",\"url\":\"https:\\\/\\\/miningspareparts.com\\\/\",\"logo\":{\"@type\":\"ImageObject\",\"inLanguage\":\"fr-FR\",\"@id\":\"https:\\\/\\\/miningspareparts.com\\\/#\\\/schema\\\/logo\\\/image\\\/\",\"url\":\"https:\\\/\\\/miningspareparts.com\\\/wp-content\\\/uploads\\\/2025\\\/04\\\/cropped-cropped-logo\u6b63\u65b9\u5f62.png\",\"contentUrl\":\"https:\\\/\\\/miningspareparts.com\\\/wp-content\\\/uploads\\\/2025\\\/04\\\/cropped-cropped-logo\u6b63\u65b9\u5f62.png\",\"width\":511,\"height\":171,\"caption\":\"Crusher parts , Concrete Mixer Parts, Slurry Pump Parts, Mining Spares\"},\"image\":{\"@id\":\"https:\\\/\\\/miningspareparts.com\\\/#\\\/schema\\\/logo\\\/image\\\/\"}}]}<\/script>\n<!-- \/ Yoast SEO plugin. -->","yoast_head_json":{"title":"H8800 Hydrocone Liner Cone Crusher- Crusher parts, Slurry Pump Parts, Excavator shovel parts","description":"H8800 Hydrocone Liner, aftermarket solution crafted with durable Mn18cr2 material for enhanced performance and longevity.","robots":{"index":"index","follow":"follow","max-snippet":"max-snippet:-1","max-image-preview":"max-image-preview:large","max-video-preview":"max-video-preview:-1"},"canonical":"https:\/\/miningspareparts.com\/fr\/produit\/h8800-hydrocone-liner\/","og_locale":"fr_FR","og_type":"article","og_title":"H8800 Hydrocone Liner Cone Crusher- Crusher parts, Slurry Pump Parts, Excavator shovel parts","og_description":"H8800 Hydrocone Liner, aftermarket solution crafted with durable Mn18cr2 material for enhanced performance and longevity.","og_url":"https:\/\/miningspareparts.com\/fr\/produit\/h8800-hydrocone-liner\/","og_site_name":"Crusher parts, Slurry Pump Parts, Excavator shovel parts","article_modified_time":"2025-11-03T00:38:32+00:00","og_image":[{"width":800,"height":800,"url":"https:\/\/miningspareparts.com\/wp-content\/uploads\/2023\/12\/442.9336-CH880.webp","type":"image\/webp"}],"twitter_card":"summary_large_image","twitter_misc":{"Dur\u00e9e de lecture estim\u00e9e":"3 minutes"},"schema":{"@context":"https:\/\/schema.org","@graph":[{"@type":"WebPage","@id":"https:\/\/miningspareparts.com\/product\/h8800-hydrocone-liner\/","url":"https:\/\/miningspareparts.com\/product\/h8800-hydrocone-liner\/","name":"H8800 Hydrocone Liner Cone Crusher- Crusher parts, Slurry Pump Parts, Excavator shovel parts","isPartOf":{"@id":"https:\/\/miningspareparts.com\/#website"},"primaryImageOfPage":{"@id":"https:\/\/miningspareparts.com\/product\/h8800-hydrocone-liner\/#primaryimage"},"image":{"@id":"https:\/\/miningspareparts.com\/product\/h8800-hydrocone-liner\/#primaryimage"},"thumbnailUrl":"https:\/\/miningspareparts.com\/wp-content\/uploads\/2023\/12\/442.9336-CH880.webp","datePublished":"2023-12-10T07:51:26+00:00","dateModified":"2025-11-03T00:38:32+00:00","description":"H8800 Hydrocone Liner, aftermarket solution crafted with durable Mn18cr2 material for enhanced performance and longevity.","breadcrumb":{"@id":"https:\/\/miningspareparts.com\/product\/h8800-hydrocone-liner\/#breadcrumb"},"inLanguage":"fr-FR","potentialAction":[{"@type":"ReadAction","target":["https:\/\/miningspareparts.com\/product\/h8800-hydrocone-liner\/"]}]},{"@type":"ImageObject","inLanguage":"fr-FR","@id":"https:\/\/miningspareparts.com\/product\/h8800-hydrocone-liner\/#primaryimage","url":"https:\/\/miningspareparts.com\/wp-content\/uploads\/2023\/12\/442.9336-CH880.webp","contentUrl":"https:\/\/miningspareparts.com\/wp-content\/uploads\/2023\/12\/442.9336-CH880.webp","width":800,"height":800,"caption":"H8800 Cone Crusher Hydrocone Liner"},{"@type":"BreadcrumbList","@id":"https:\/\/miningspareparts.com\/product\/h8800-hydrocone-liner\/#breadcrumb","itemListElement":[{"@type":"ListItem","position":1,"name":"Home","item":"https:\/\/miningspareparts.com\/"},{"@type":"ListItem","position":2,"name":"Premium Mining Wear And Spare Parts","item":"https:\/\/miningspareparts.com\/shop\/"},{"@type":"ListItem","position":3,"name":"H8800 Cone Crusher Hydrocone Liner"}]},{"@type":"WebSite","@id":"https:\/\/miningspareparts.com\/#website","url":"https:\/\/miningspareparts.com\/","name":"Crusher parts , Concrete Mixer Parts, Slurry Pump Parts, Mining Spares","description":"Mining Wear &amp; Spare Parts Supplier","publisher":{"@id":"https:\/\/miningspareparts.com\/#organization"},"potentialAction":[{"@type":"SearchAction","target":{"@type":"EntryPoint","urlTemplate":"https:\/\/miningspareparts.com\/?s={search_term_string}"},"query-input":{"@type":"PropertyValueSpecification","valueRequired":true,"valueName":"search_term_string"}}],"inLanguage":"fr-FR"},{"@type":"Organization","@id":"https:\/\/miningspareparts.com\/#organization","name":"Crusher parts , Concrete Mixer Parts, Slurry Pump Parts, Mining Spares","url":"https:\/\/miningspareparts.com\/","logo":{"@type":"ImageObject","inLanguage":"fr-FR","@id":"https:\/\/miningspareparts.com\/#\/schema\/logo\/image\/","url":"https:\/\/miningspareparts.com\/wp-content\/uploads\/2025\/04\/cropped-cropped-logo\u6b63\u65b9\u5f62.png","contentUrl":"https:\/\/miningspareparts.com\/wp-content\/uploads\/2025\/04\/cropped-cropped-logo\u6b63\u65b9\u5f62.png","width":511,"height":171,"caption":"Crusher parts , Concrete Mixer Parts, Slurry Pump Parts, Mining Spares"},"image":{"@id":"https:\/\/miningspareparts.com\/#\/schema\/logo\/image\/"}}]}},"uagb_featured_image_src":{"full":["https:\/\/miningspareparts.com\/wp-content\/uploads\/2023\/12\/442.9336-CH880.webp",800,800,false],"thumbnail":["https:\/\/miningspareparts.com\/wp-content\/uploads\/2023\/12\/442.9336-CH880-150x150.webp",150,150,true],"medium":["https:\/\/miningspareparts.com\/wp-content\/uploads\/2023\/12\/442.9336-CH880-300x300.webp",300,300,true],"medium_large":["https:\/\/miningspareparts.com\/wp-content\/uploads\/2023\/12\/442.9336-CH880-768x768.webp",768,768,true],"large":["https:\/\/miningspareparts.com\/wp-content\/uploads\/2023\/12\/442.9336-CH880.webp",800,800,false],"1536x1536":["https:\/\/miningspareparts.com\/wp-content\/uploads\/2023\/12\/442.9336-CH880.webp",800,800,false],"2048x2048":["https:\/\/miningspareparts.com\/wp-content\/uploads\/2023\/12\/442.9336-CH880.webp",800,800,false],"trp-custom-language-flag":["https:\/\/miningspareparts.com\/wp-content\/uploads\/2023\/12\/442.9336-CH880-12x12.webp",12,12,true],"woocommerce_thumbnail":["https:\/\/miningspareparts.com\/wp-content\/uploads\/2023\/12\/442.9336-CH880-300x300.webp",300,300,true],"woocommerce_single":["https:\/\/miningspareparts.com\/wp-content\/uploads\/2023\/12\/442.9336-CH880-600x600.webp",600,600,true],"woocommerce_gallery_thumbnail":["https:\/\/miningspareparts.com\/wp-content\/uploads\/2023\/12\/442.9336-CH880-100x100.webp",100,100,true]},"uagb_author_info":{"display_name":"Miningspareparts","author_link":"https:\/\/miningspareparts.com\/fr\/author\/"},"uagb_comment_info":0,"uagb_excerpt":"Here is a description of the H8800 Hydrocone Liner Sadvik Hydrocone Series: H2800| H3800\u00a0| H4800\u00a0| H6800| H7800\u00a0| H8800\u00a0|H51\u00a0|H36 CH Cone series\u00a0\u00a0CH420|CH430|CH440|CH660|CH830I|CH840I|CH860I|CH865I|CH870I|CH880|CH890I|CH895I Cone Crusher Wear Parts: Items: Concave, Mantle, Concave Ring, Concave Segment , Bowl Liner,Cone Liner,Arm Guard, Distribution Plate Casting Material: Austenstic Manganese Steel (Mn14, M14Cr2, Mn18Cr2, Mn22Cr2) Casting Method: Water Glass Sand Casting Applicable\u2026","_links":{"self":[{"href":"https:\/\/miningspareparts.com\/fr\/wp-json\/wp\/v2\/product\/1306","targetHints":{"allow":["GET"]}}],"collection":[{"href":"https:\/\/miningspareparts.com\/fr\/wp-json\/wp\/v2\/product"}],"about":[{"href":"https:\/\/miningspareparts.com\/fr\/wp-json\/wp\/v2\/types\/product"}],"wp:featuredmedia":[{"embeddable":true,"href":"https:\/\/miningspareparts.com\/fr\/wp-json\/wp\/v2\/media\/11164"}],"wp:attachment":[{"href":"https:\/\/miningspareparts.com\/fr\/wp-json\/wp\/v2\/media?parent=1306"}],"wp:term":[{"taxonomy":"product_brand","embeddable":true,"href":"https:\/\/miningspareparts.com\/fr\/wp-json\/wp\/v2\/product_brand?post=1306"},{"taxonomy":"product_cat","embeddable":true,"href":"https:\/\/miningspareparts.com\/fr\/wp-json\/wp\/v2\/product_cat?post=1306"},{"taxonomy":"product_tag","embeddable":true,"href":"https:\/\/miningspareparts.com\/fr\/wp-json\/wp\/v2\/product_tag?post=1306"}],"curies":[{"name":"wp","href":"https:\/\/api.w.org\/{rel}","templated":true}]}}