{"id":1317,"date":"2023-12-11T05:56:24","date_gmt":"2023-12-11T05:56:24","guid":{"rendered":"https:\/\/miningspareparts.com\/?post_type=product&#038;p=1317"},"modified":"2025-11-03T05:23:04","modified_gmt":"2025-11-03T05:23:04","slug":"extec-c12-cheek-plate","status":"publish","type":"product","link":"https:\/\/miningspareparts.com\/fr\/produit\/extec-c12-cheek-plate\/","title":{"rendered":"Plaque de joue du concasseur \u00e0 m\u00e2choires Extec C12"},"content":{"rendered":"<p><strong>Voici une description de la plaque de joue Extec C12<\/strong><\/p>\n<p>Fabriqu\u00e9e en acier au mangan\u00e8se de haute qualit\u00e9, notre plaque de joue est con\u00e7ue pour s'adapter parfaitement au concasseur \u00e0 m\u00e2choires Extec C12, garantissant une correspondance parfaite pour une installation sans probl\u00e8me. La composition du mat\u00e9riau, qui comprend de l'acier \u00e0 haute teneur en mangan\u00e8se, ajoute une couche suppl\u00e9mentaire de durabilit\u00e9 et de r\u00e9sistance \u00e0 l'usure, ce qui en fait une solution id\u00e9ale pour les applications mini\u00e8res et de carri\u00e8res exigeantes.<\/p>\n<p>En tant que fabricant de premier plan, nous sommes sp\u00e9cialis\u00e9s dans la production de plaques de joue Extec C12 de haute qualit\u00e9, qui constituent des pi\u00e8ces de rechange d'origine pour votre \u00e9quipement de concassage. Fabriqu\u00e9es en acier au mangan\u00e8se de premi\u00e8re qualit\u00e9 ou en acier \u00e0 haute teneur en mangan\u00e8se, ces plaques pr\u00e9sentent une durabilit\u00e9 et une r\u00e9sistance \u00e0 l'usure exceptionnelles, garantissant des performances optimales dans les applications de concassage de carri\u00e8res.<\/p>\n<p>Nos plaques de joue Extec C12 sont m\u00e9ticuleusement con\u00e7ues selon des sp\u00e9cifications exactes, garantissant un ajustement pr\u00e9cis et une int\u00e9gration parfaite \u00e0 vos machines. Vous pouvez donc vous fier \u00e0 leur fiabilit\u00e9 et \u00e0 leur efficacit\u00e9, minimisant ainsi les temps d'arr\u00eat et maximisant la productivit\u00e9 de vos op\u00e9rations.<\/p>\n<p>Ce qui distingue nos plaques de joues, ce n'est pas seulement leur statut de remplacement d'origine, mais aussi les avantages qu'elles apportent \u00e0 vos processus de broyage. En mettant l'accent sur la qualit\u00e9 et la performance, nos plaques sont con\u00e7ues pour r\u00e9sister aux rigueurs d'environnements exigeants, offrant une longue dur\u00e9e de vie et r\u00e9duisant le besoin de remplacements fr\u00e9quents.<\/p>\n<p>La composition de l'acier au mangan\u00e8se garantit une duret\u00e9 et une r\u00e9sistance excellentes, essentielles pour un concassage efficace des mat\u00e9riaux rocheux durs. En outre, notre engagement en faveur d'une fabrication de pr\u00e9cision signifie que chaque plaque de joue r\u00e9pond \u00e0 des normes de qualit\u00e9 rigoureuses, ce qui permet d'obtenir des r\u00e9sultats constants et fiables.<\/p>\n<p>En choisissant nos plaques de joue Extec C12, vous investissez dans un produit qui incarne la durabilit\u00e9, la fiabilit\u00e9 et l'excellence des performances. Notre processus de fabrication m\u00e9ticuleux, associ\u00e9 \u00e0 notre d\u00e9vouement \u00e0 la satisfaction du client, fait de nous un choix privil\u00e9gi\u00e9 pour ceux qui recherchent des composants d'\u00e9quipement de concassage de premier ordre.<\/p>\n<p>D\u00e9couvrez la diff\u00e9rence avec nos plaques de joue Extec C12 - con\u00e7ues pour l'excellence, la durabilit\u00e9 et le succ\u00e8s sur le terrain.<\/p>","protected":false},"excerpt":{"rendered":"<p>Voici une description de la plaque de joue Extec C12 Fabriqu\u00e9e en acier au mangan\u00e8se de haute qualit\u00e9, notre plaque de joue est con\u00e7ue pour s'adapter parfaitement au concasseur \u00e0 m\u00e2choires Extec C12, garantissant une correspondance parfaite pour une installation sans probl\u00e8me. La composition du mat\u00e9riau, qui comprend de l'acier \u00e0 haute teneur en mangan\u00e8se, ajoute une couche suppl\u00e9mentaire de durabilit\u00e9 et de r\u00e9sistance \u00e0 l'usure, ce qui en fait un [...]<\/p>","protected":false},"featured_media":11205,"template":"","meta":{"_uag_custom_page_level_css":"","site-sidebar-layout":"default","site-content-layout":"","ast-site-content-layout":"default","site-content-style":"default","site-sidebar-style":"default","ast-global-header-display":"","ast-banner-title-visibility":"","ast-main-header-display":"","ast-hfb-above-header-display":"","ast-hfb-below-header-display":"","ast-hfb-mobile-header-display":"","site-post-title":"","ast-breadcrumbs-content":"","ast-featured-img":"","footer-sml-layout":"","ast-disable-related-posts":"","theme-transparent-header-meta":"default","adv-header-id-meta":"","stick-header-meta":"default","header-above-stick-meta":"","header-main-stick-meta":"","header-below-stick-meta":"","astra-migrate-meta-layouts":"set","ast-page-background-enabled":"default","ast-page-background-meta":{"desktop":{"background-color":"var(--ast-global-color-4)","background-image":"","background-repeat":"repeat","background-position":"center center","background-size":"auto","background-attachment":"scroll","background-type":"","background-media":"","overlay-type":"","overlay-color":"","overlay-opacity":"","overlay-gradient":""},"tablet":{"background-color":"","background-image":"","background-repeat":"repeat","background-position":"center center","background-size":"auto","background-attachment":"scroll","background-type":"","background-media":"","overlay-type":"","overlay-color":"","overlay-opacity":"","overlay-gradient":""},"mobile":{"background-color":"","background-image":"","background-repeat":"repeat","background-position":"center center","background-size":"auto","background-attachment":"scroll","background-type":"","background-media":"","overlay-type":"","overlay-color":"","overlay-opacity":"","overlay-gradient":""}},"ast-content-background-meta":{"desktop":{"background-color":"var(--ast-global-color-5)","background-image":"","background-repeat":"repeat","background-position":"center center","background-size":"auto","background-attachment":"scroll","background-type":"","background-media":"","overlay-type":"","overlay-color":"","overlay-opacity":"","overlay-gradient":""},"tablet":{"background-color":"var(--ast-global-color-5)","background-image":"","background-repeat":"repeat","background-position":"center center","background-size":"auto","background-attachment":"scroll","background-type":"","background-media":"","overlay-type":"","overlay-color":"","overlay-opacity":"","overlay-gradient":""},"mobile":{"background-color":"var(--ast-global-color-5)","background-image":"","background-repeat":"repeat","background-position":"center center","background-size":"auto","background-attachment":"scroll","background-type":"","background-media":"","overlay-type":"","overlay-color":"","overlay-opacity":"","overlay-gradient":""}}},"product_brand":[],"product_cat":[34,32,252],"product_tag":[],"class_list":{"0":"post-1317","1":"product","2":"type-product","3":"status-publish","4":"has-post-thumbnail","6":"product_cat-cheek-plate","7":"product_cat-jaw-liner","8":"product_cat-extec","9":"desktop-align-left","10":"tablet-align-left","11":"mobile-align-left","12":"ast-product-gallery-layout-horizontal-slider","13":"ast-product-single-variable","14":"ast-product-tabs-layout-horizontal","16":"first","17":"instock","18":"shipping-taxable","19":"purchasable","20":"product-type-variable"},"yoast_head":"<!-- This site is optimized with the Yoast SEO plugin v27.4 - https:\/\/yoast.com\/product\/yoast-seo-wordpress\/ -->\n<title>Extec C12 Cheek Plate Jaw Crusher - Crusher parts, Slurry Pump Parts, Excavator shovel parts<\/title>\n<meta name=\"description\" content=\"Extec C12 Cheek Plate: Your original replacement choice for efficient quarry crushing. Elevate performance with our durable, high-quality cheek plate.\" \/>\n<meta name=\"robots\" content=\"index, follow, max-snippet:-1, max-image-preview:large, max-video-preview:-1\" \/>\n<link rel=\"canonical\" href=\"https:\/\/miningspareparts.com\/fr\/produit\/extec-c12-cheek-plate\/\" \/>\n<meta property=\"og:locale\" content=\"fr_FR\" \/>\n<meta property=\"og:type\" content=\"article\" \/>\n<meta property=\"og:title\" content=\"Extec C12 Cheek Plate Jaw Crusher - Crusher parts, Slurry Pump Parts, Excavator shovel parts\" \/>\n<meta property=\"og:description\" content=\"Extec C12 Cheek Plate: Your original replacement choice for efficient quarry crushing. Elevate performance with our durable, high-quality cheek plate.\" \/>\n<meta property=\"og:url\" content=\"https:\/\/miningspareparts.com\/fr\/produit\/extec-c12-cheek-plate\/\" \/>\n<meta property=\"og:site_name\" content=\"Crusher parts, Slurry Pump Parts, Excavator shovel parts\" \/>\n<meta property=\"article:modified_time\" content=\"2025-11-03T05:23:04+00:00\" \/>\n<meta property=\"og:image\" content=\"https:\/\/miningspareparts.com\/wp-content\/uploads\/2023\/12\/Extec-C12-Jaw-Crusher-Cheek-Plate.png\" \/>\n\t<meta property=\"og:image:width\" content=\"800\" \/>\n\t<meta property=\"og:image:height\" content=\"800\" \/>\n\t<meta property=\"og:image:type\" content=\"image\/png\" \/>\n<meta name=\"twitter:card\" content=\"summary_large_image\" \/>\n<meta name=\"twitter:label1\" content=\"Dur\u00e9e de lecture estim\u00e9e\" \/>\n\t<meta name=\"twitter:data1\" content=\"2 minutes\" \/>\n<script type=\"application\/ld+json\" class=\"yoast-schema-graph\">{\"@context\":\"https:\\\/\\\/schema.org\",\"@graph\":[{\"@type\":\"WebPage\",\"@id\":\"https:\\\/\\\/miningspareparts.com\\\/product\\\/extec-c12-cheek-plate\\\/\",\"url\":\"https:\\\/\\\/miningspareparts.com\\\/product\\\/extec-c12-cheek-plate\\\/\",\"name\":\"Extec C12 Cheek Plate Jaw Crusher - Crusher parts, Slurry Pump Parts, Excavator shovel parts\",\"isPartOf\":{\"@id\":\"https:\\\/\\\/miningspareparts.com\\\/#website\"},\"primaryImageOfPage\":{\"@id\":\"https:\\\/\\\/miningspareparts.com\\\/product\\\/extec-c12-cheek-plate\\\/#primaryimage\"},\"image\":{\"@id\":\"https:\\\/\\\/miningspareparts.com\\\/product\\\/extec-c12-cheek-plate\\\/#primaryimage\"},\"thumbnailUrl\":\"https:\\\/\\\/miningspareparts.com\\\/wp-content\\\/uploads\\\/2023\\\/12\\\/Extec-C12-Jaw-Crusher-Cheek-Plate.png\",\"datePublished\":\"2023-12-11T05:56:24+00:00\",\"dateModified\":\"2025-11-03T05:23:04+00:00\",\"description\":\"Extec C12 Cheek Plate: Your original replacement choice for efficient quarry crushing. Elevate performance with our durable, high-quality cheek plate.\",\"breadcrumb\":{\"@id\":\"https:\\\/\\\/miningspareparts.com\\\/product\\\/extec-c12-cheek-plate\\\/#breadcrumb\"},\"inLanguage\":\"fr-FR\",\"potentialAction\":[{\"@type\":\"ReadAction\",\"target\":[\"https:\\\/\\\/miningspareparts.com\\\/product\\\/extec-c12-cheek-plate\\\/\"]}]},{\"@type\":\"ImageObject\",\"inLanguage\":\"fr-FR\",\"@id\":\"https:\\\/\\\/miningspareparts.com\\\/product\\\/extec-c12-cheek-plate\\\/#primaryimage\",\"url\":\"https:\\\/\\\/miningspareparts.com\\\/wp-content\\\/uploads\\\/2023\\\/12\\\/Extec-C12-Jaw-Crusher-Cheek-Plate.png\",\"contentUrl\":\"https:\\\/\\\/miningspareparts.com\\\/wp-content\\\/uploads\\\/2023\\\/12\\\/Extec-C12-Jaw-Crusher-Cheek-Plate.png\",\"width\":800,\"height\":800,\"caption\":\"Extec C12 Jaw Crusher Cheek Plate\"},{\"@type\":\"BreadcrumbList\",\"@id\":\"https:\\\/\\\/miningspareparts.com\\\/product\\\/extec-c12-cheek-plate\\\/#breadcrumb\",\"itemListElement\":[{\"@type\":\"ListItem\",\"position\":1,\"name\":\"Home\",\"item\":\"https:\\\/\\\/miningspareparts.com\\\/\"},{\"@type\":\"ListItem\",\"position\":2,\"name\":\"Premium Mining Wear And Spare Parts\",\"item\":\"https:\\\/\\\/miningspareparts.com\\\/shop\\\/\"},{\"@type\":\"ListItem\",\"position\":3,\"name\":\"Extec C12 Jaw Crusher Cheek Plate\"}]},{\"@type\":\"WebSite\",\"@id\":\"https:\\\/\\\/miningspareparts.com\\\/#website\",\"url\":\"https:\\\/\\\/miningspareparts.com\\\/\",\"name\":\"Crusher parts , Concrete Mixer Parts, Slurry Pump Parts, Mining Spares\",\"description\":\"Mining Wear &amp; Spare Parts Supplier\",\"publisher\":{\"@id\":\"https:\\\/\\\/miningspareparts.com\\\/#organization\"},\"potentialAction\":[{\"@type\":\"SearchAction\",\"target\":{\"@type\":\"EntryPoint\",\"urlTemplate\":\"https:\\\/\\\/miningspareparts.com\\\/?s={search_term_string}\"},\"query-input\":{\"@type\":\"PropertyValueSpecification\",\"valueRequired\":true,\"valueName\":\"search_term_string\"}}],\"inLanguage\":\"fr-FR\"},{\"@type\":\"Organization\",\"@id\":\"https:\\\/\\\/miningspareparts.com\\\/#organization\",\"name\":\"Crusher parts , Concrete Mixer Parts, Slurry Pump Parts, Mining Spares\",\"url\":\"https:\\\/\\\/miningspareparts.com\\\/\",\"logo\":{\"@type\":\"ImageObject\",\"inLanguage\":\"fr-FR\",\"@id\":\"https:\\\/\\\/miningspareparts.com\\\/#\\\/schema\\\/logo\\\/image\\\/\",\"url\":\"https:\\\/\\\/miningspareparts.com\\\/wp-content\\\/uploads\\\/2025\\\/04\\\/cropped-cropped-logo\u6b63\u65b9\u5f62.png\",\"contentUrl\":\"https:\\\/\\\/miningspareparts.com\\\/wp-content\\\/uploads\\\/2025\\\/04\\\/cropped-cropped-logo\u6b63\u65b9\u5f62.png\",\"width\":511,\"height\":171,\"caption\":\"Crusher parts , Concrete Mixer Parts, Slurry Pump Parts, Mining Spares\"},\"image\":{\"@id\":\"https:\\\/\\\/miningspareparts.com\\\/#\\\/schema\\\/logo\\\/image\\\/\"}}]}<\/script>\n<!-- \/ Yoast SEO plugin. -->","yoast_head_json":{"title":"Extec C12 Cheek Plate Jaw Crusher - Crusher parts, Slurry Pump Parts, Excavator shovel parts","description":"Extec C12 Cheek Plate: Your original replacement choice for efficient quarry crushing. Elevate performance with our durable, high-quality cheek plate.","robots":{"index":"index","follow":"follow","max-snippet":"max-snippet:-1","max-image-preview":"max-image-preview:large","max-video-preview":"max-video-preview:-1"},"canonical":"https:\/\/miningspareparts.com\/fr\/produit\/extec-c12-cheek-plate\/","og_locale":"fr_FR","og_type":"article","og_title":"Extec C12 Cheek Plate Jaw Crusher - Crusher parts, Slurry Pump Parts, Excavator shovel parts","og_description":"Extec C12 Cheek Plate: Your original replacement choice for efficient quarry crushing. Elevate performance with our durable, high-quality cheek plate.","og_url":"https:\/\/miningspareparts.com\/fr\/produit\/extec-c12-cheek-plate\/","og_site_name":"Crusher parts, Slurry Pump Parts, Excavator shovel parts","article_modified_time":"2025-11-03T05:23:04+00:00","og_image":[{"width":800,"height":800,"url":"https:\/\/miningspareparts.com\/wp-content\/uploads\/2023\/12\/Extec-C12-Jaw-Crusher-Cheek-Plate.png","type":"image\/png"}],"twitter_card":"summary_large_image","twitter_misc":{"Dur\u00e9e de lecture estim\u00e9e":"2 minutes"},"schema":{"@context":"https:\/\/schema.org","@graph":[{"@type":"WebPage","@id":"https:\/\/miningspareparts.com\/product\/extec-c12-cheek-plate\/","url":"https:\/\/miningspareparts.com\/product\/extec-c12-cheek-plate\/","name":"Extec C12 Cheek Plate Jaw Crusher - Crusher parts, Slurry Pump Parts, Excavator shovel parts","isPartOf":{"@id":"https:\/\/miningspareparts.com\/#website"},"primaryImageOfPage":{"@id":"https:\/\/miningspareparts.com\/product\/extec-c12-cheek-plate\/#primaryimage"},"image":{"@id":"https:\/\/miningspareparts.com\/product\/extec-c12-cheek-plate\/#primaryimage"},"thumbnailUrl":"https:\/\/miningspareparts.com\/wp-content\/uploads\/2023\/12\/Extec-C12-Jaw-Crusher-Cheek-Plate.png","datePublished":"2023-12-11T05:56:24+00:00","dateModified":"2025-11-03T05:23:04+00:00","description":"Extec C12 Cheek Plate: Your original replacement choice for efficient quarry crushing. Elevate performance with our durable, high-quality cheek plate.","breadcrumb":{"@id":"https:\/\/miningspareparts.com\/product\/extec-c12-cheek-plate\/#breadcrumb"},"inLanguage":"fr-FR","potentialAction":[{"@type":"ReadAction","target":["https:\/\/miningspareparts.com\/product\/extec-c12-cheek-plate\/"]}]},{"@type":"ImageObject","inLanguage":"fr-FR","@id":"https:\/\/miningspareparts.com\/product\/extec-c12-cheek-plate\/#primaryimage","url":"https:\/\/miningspareparts.com\/wp-content\/uploads\/2023\/12\/Extec-C12-Jaw-Crusher-Cheek-Plate.png","contentUrl":"https:\/\/miningspareparts.com\/wp-content\/uploads\/2023\/12\/Extec-C12-Jaw-Crusher-Cheek-Plate.png","width":800,"height":800,"caption":"Extec C12 Jaw Crusher Cheek Plate"},{"@type":"BreadcrumbList","@id":"https:\/\/miningspareparts.com\/product\/extec-c12-cheek-plate\/#breadcrumb","itemListElement":[{"@type":"ListItem","position":1,"name":"Home","item":"https:\/\/miningspareparts.com\/"},{"@type":"ListItem","position":2,"name":"Premium Mining Wear And Spare Parts","item":"https:\/\/miningspareparts.com\/shop\/"},{"@type":"ListItem","position":3,"name":"Extec C12 Jaw Crusher Cheek Plate"}]},{"@type":"WebSite","@id":"https:\/\/miningspareparts.com\/#website","url":"https:\/\/miningspareparts.com\/","name":"Crusher parts , Concrete Mixer Parts, Slurry Pump Parts, Mining Spares","description":"Mining Wear &amp; Spare Parts Supplier","publisher":{"@id":"https:\/\/miningspareparts.com\/#organization"},"potentialAction":[{"@type":"SearchAction","target":{"@type":"EntryPoint","urlTemplate":"https:\/\/miningspareparts.com\/?s={search_term_string}"},"query-input":{"@type":"PropertyValueSpecification","valueRequired":true,"valueName":"search_term_string"}}],"inLanguage":"fr-FR"},{"@type":"Organization","@id":"https:\/\/miningspareparts.com\/#organization","name":"Crusher parts , Concrete Mixer Parts, Slurry Pump Parts, Mining Spares","url":"https:\/\/miningspareparts.com\/","logo":{"@type":"ImageObject","inLanguage":"fr-FR","@id":"https:\/\/miningspareparts.com\/#\/schema\/logo\/image\/","url":"https:\/\/miningspareparts.com\/wp-content\/uploads\/2025\/04\/cropped-cropped-logo\u6b63\u65b9\u5f62.png","contentUrl":"https:\/\/miningspareparts.com\/wp-content\/uploads\/2025\/04\/cropped-cropped-logo\u6b63\u65b9\u5f62.png","width":511,"height":171,"caption":"Crusher parts , Concrete Mixer Parts, Slurry Pump Parts, Mining Spares"},"image":{"@id":"https:\/\/miningspareparts.com\/#\/schema\/logo\/image\/"}}]}},"uagb_featured_image_src":{"full":["https:\/\/miningspareparts.com\/wp-content\/uploads\/2023\/12\/Extec-C12-Jaw-Crusher-Cheek-Plate.png",800,800,false],"thumbnail":["https:\/\/miningspareparts.com\/wp-content\/uploads\/2023\/12\/Extec-C12-Jaw-Crusher-Cheek-Plate-150x150.png",150,150,true],"medium":["https:\/\/miningspareparts.com\/wp-content\/uploads\/2023\/12\/Extec-C12-Jaw-Crusher-Cheek-Plate-300x300.png",300,300,true],"medium_large":["https:\/\/miningspareparts.com\/wp-content\/uploads\/2023\/12\/Extec-C12-Jaw-Crusher-Cheek-Plate-768x768.png",768,768,true],"large":["https:\/\/miningspareparts.com\/wp-content\/uploads\/2023\/12\/Extec-C12-Jaw-Crusher-Cheek-Plate.png",800,800,false],"1536x1536":["https:\/\/miningspareparts.com\/wp-content\/uploads\/2023\/12\/Extec-C12-Jaw-Crusher-Cheek-Plate.png",800,800,false],"2048x2048":["https:\/\/miningspareparts.com\/wp-content\/uploads\/2023\/12\/Extec-C12-Jaw-Crusher-Cheek-Plate.png",800,800,false],"trp-custom-language-flag":["https:\/\/miningspareparts.com\/wp-content\/uploads\/2023\/12\/Extec-C12-Jaw-Crusher-Cheek-Plate-12x12.png",12,12,true],"woocommerce_thumbnail":["https:\/\/miningspareparts.com\/wp-content\/uploads\/2023\/12\/Extec-C12-Jaw-Crusher-Cheek-Plate-300x300.png",300,300,true],"woocommerce_single":["https:\/\/miningspareparts.com\/wp-content\/uploads\/2023\/12\/Extec-C12-Jaw-Crusher-Cheek-Plate-600x600.png",600,600,true],"woocommerce_gallery_thumbnail":["https:\/\/miningspareparts.com\/wp-content\/uploads\/2023\/12\/Extec-C12-Jaw-Crusher-Cheek-Plate-100x100.png",100,100,true]},"uagb_author_info":{"display_name":"Miningspareparts","author_link":"https:\/\/miningspareparts.com\/fr\/author\/"},"uagb_comment_info":0,"uagb_excerpt":"Here is a description of the Extec C12 Cheek Plate Crafted from high-quality manganese steel, our cheek plate is designed to seamlessly fit the Extec C12 jaw crusher, ensuring a perfect match for hassle-free installation. The material&#8217;s composition, featuring high manganese steel, adds an extra layer of durability and wear resistance, making it an ideal\u2026","_links":{"self":[{"href":"https:\/\/miningspareparts.com\/fr\/wp-json\/wp\/v2\/product\/1317","targetHints":{"allow":["GET"]}}],"collection":[{"href":"https:\/\/miningspareparts.com\/fr\/wp-json\/wp\/v2\/product"}],"about":[{"href":"https:\/\/miningspareparts.com\/fr\/wp-json\/wp\/v2\/types\/product"}],"wp:featuredmedia":[{"embeddable":true,"href":"https:\/\/miningspareparts.com\/fr\/wp-json\/wp\/v2\/media\/11205"}],"wp:attachment":[{"href":"https:\/\/miningspareparts.com\/fr\/wp-json\/wp\/v2\/media?parent=1317"}],"wp:term":[{"taxonomy":"product_brand","embeddable":true,"href":"https:\/\/miningspareparts.com\/fr\/wp-json\/wp\/v2\/product_brand?post=1317"},{"taxonomy":"product_cat","embeddable":true,"href":"https:\/\/miningspareparts.com\/fr\/wp-json\/wp\/v2\/product_cat?post=1317"},{"taxonomy":"product_tag","embeddable":true,"href":"https:\/\/miningspareparts.com\/fr\/wp-json\/wp\/v2\/product_tag?post=1317"}],"curies":[{"name":"wp","href":"https:\/\/api.w.org\/{rel}","templated":true}]}}