{"id":1322,"date":"2023-12-11T06:32:30","date_gmt":"2023-12-11T06:32:30","guid":{"rendered":"https:\/\/miningspareparts.com\/?post_type=product&#038;p=1322"},"modified":"2025-11-03T08:43:56","modified_gmt":"2025-11-03T08:43:56","slug":"sandvik-jm1208-toggle-seat","status":"publish","type":"product","link":"https:\/\/miningspareparts.com\/fr\/produit\/sandvik-jm1208-toggle-seat\/","title":{"rendered":"Svedala JM1208 Si\u00e8ge \u00e0 bascule"},"content":{"rendered":"<p><strong>Voici une description du si\u00e8ge \u00e0 bascule Svedala JM1208<\/strong><\/p>\n<p>En tant que fabricant de premier plan, nous sommes fiers de pr\u00e9senter le si\u00e8ge \u00e0 genouill\u00e8re Svedala, le summum de l'excellence en mati\u00e8re de composants de remplacement d'origine. Con\u00e7u pour remplacer parfaitement les produits d'origine, ce si\u00e8ge \u00e0 bascule t\u00e9moigne de notre engagement en faveur d'une qualit\u00e9 et d'une performance sup\u00e9rieures.<\/p>\n<p>Le si\u00e8ge \u00e0 bascule Svedala est m\u00e9ticuleusement con\u00e7u en utilisant de l'acier au mangan\u00e8se ou de l'acier \u00e0 haute teneur en mangan\u00e8se, ce qui garantit une solidit\u00e9 et une r\u00e9sistance \u00e0 l'usure exceptionnelles. Notre volont\u00e9 d'utiliser des mat\u00e9riaux de premier ordre souligne notre engagement \u00e0 produire des accessoires pour machines mini\u00e8res qui supportent les d\u00e9fis d'applications rigoureuses.<\/p>\n<p>Ce qui nous distingue, c'est l'importance que nous accordons \u00e0 l'assurance qualit\u00e9. Le si\u00e8ge \u00e0 bascule Svedala JM1208 est soumis \u00e0 des tests rigoureux pour garantir des performances optimales dans les environnements miniers exigeants. Cet engagement en faveur de la qualit\u00e9 assure non seulement la long\u00e9vit\u00e9 de nos produits, mais nous positionne \u00e9galement comme un fournisseur fiable et de confiance dans l'industrie mini\u00e8re.<\/p>\n<p>En tant que fabricant ax\u00e9 sur le client, nous comprenons l'importance cruciale d'un service rapide et efficace. Nos processus rationalis\u00e9s et notre \u00e9quipe logistique sp\u00e9cialis\u00e9e nous permettent d'offrir des livraisons rapides et fiables, garantissant que vos op\u00e9rations mini\u00e8res ne subissent qu'un minimum de temps d'arr\u00eat.<\/p>\n<p>Choisissez le si\u00e8ge \u00e0 bascule Svedala pour sa parfaite combinaison de durabilit\u00e9, de fiabilit\u00e9 et de facilit\u00e9 de remplacement. Associez-vous \u00e0 nous et b\u00e9n\u00e9ficiez de nos ann\u00e9es d'expertise dans la fourniture de composants de remplacement d'origine qui am\u00e9liorent l'efficacit\u00e9 et la long\u00e9vit\u00e9 de vos machines d'exploitation mini\u00e8re. Faites confiance \u00e0 notre engagement de qualit\u00e9 et laissez le si\u00e8ge \u00e0 bascule Svedala JM1208 \u00e9lever vos op\u00e9rations mini\u00e8res \u00e0 de nouveaux sommets.<\/p>","protected":false},"excerpt":{"rendered":"<p>Voici une description du Svedala JM1208 Toggle Seat En tant que fabricant de premier plan, nous sommes fiers de vous pr\u00e9senter le Svedala Toggle Seat, le summum de l'excellence en mati\u00e8re de composants de remplacement d'origine. Con\u00e7u pour remplacer parfaitement les produits d'origine, ce si\u00e8ge \u00e0 genouill\u00e8re t\u00e9moigne de notre engagement pour une qualit\u00e9 et des performances sup\u00e9rieures. Le Svedala Toggle [...]<\/p>","protected":false},"featured_media":11235,"template":"","meta":{"_uag_custom_page_level_css":"","site-sidebar-layout":"default","site-content-layout":"","ast-site-content-layout":"default","site-content-style":"default","site-sidebar-style":"default","ast-global-header-display":"","ast-banner-title-visibility":"","ast-main-header-display":"","ast-hfb-above-header-display":"","ast-hfb-below-header-display":"","ast-hfb-mobile-header-display":"","site-post-title":"","ast-breadcrumbs-content":"","ast-featured-img":"","footer-sml-layout":"","ast-disable-related-posts":"","theme-transparent-header-meta":"default","adv-header-id-meta":"","stick-header-meta":"default","header-above-stick-meta":"","header-main-stick-meta":"","header-below-stick-meta":"","astra-migrate-meta-layouts":"set","ast-page-background-enabled":"default","ast-page-background-meta":{"desktop":{"background-color":"var(--ast-global-color-4)","background-image":"","background-repeat":"repeat","background-position":"center center","background-size":"auto","background-attachment":"scroll","background-type":"","background-media":"","overlay-type":"","overlay-color":"","overlay-opacity":"","overlay-gradient":""},"tablet":{"background-color":"","background-image":"","background-repeat":"repeat","background-position":"center center","background-size":"auto","background-attachment":"scroll","background-type":"","background-media":"","overlay-type":"","overlay-color":"","overlay-opacity":"","overlay-gradient":""},"mobile":{"background-color":"","background-image":"","background-repeat":"repeat","background-position":"center center","background-size":"auto","background-attachment":"scroll","background-type":"","background-media":"","overlay-type":"","overlay-color":"","overlay-opacity":"","overlay-gradient":""}},"ast-content-background-meta":{"desktop":{"background-color":"var(--ast-global-color-5)","background-image":"","background-repeat":"repeat","background-position":"center center","background-size":"auto","background-attachment":"scroll","background-type":"","background-media":"","overlay-type":"","overlay-color":"","overlay-opacity":"","overlay-gradient":""},"tablet":{"background-color":"var(--ast-global-color-5)","background-image":"","background-repeat":"repeat","background-position":"center center","background-size":"auto","background-attachment":"scroll","background-type":"","background-media":"","overlay-type":"","overlay-color":"","overlay-opacity":"","overlay-gradient":""},"mobile":{"background-color":"var(--ast-global-color-5)","background-image":"","background-repeat":"repeat","background-position":"center center","background-size":"auto","background-attachment":"scroll","background-type":"","background-media":"","overlay-type":"","overlay-color":"","overlay-opacity":"","overlay-gradient":""}}},"product_brand":[],"product_cat":[32,220,255],"product_tag":[],"class_list":{"0":"post-1322","1":"product","2":"type-product","3":"status-publish","4":"has-post-thumbnail","6":"product_cat-jaw-liner","7":"product_cat-toggle-bearing","8":"product_cat-svedala","9":"desktop-align-left","10":"tablet-align-left","11":"mobile-align-left","12":"ast-product-gallery-layout-horizontal-slider","13":"ast-product-single-variable","14":"ast-product-tabs-layout-horizontal","16":"first","17":"instock","18":"shipping-taxable","19":"purchasable","20":"product-type-variable"},"yoast_head":"<!-- This site is optimized with the Yoast SEO plugin v27.4 - https:\/\/yoast.com\/product\/yoast-seo-wordpress\/ -->\n<title>Svedala JM1208 Toggle Seat Jaw Crusher - Crusher parts, Slurry Pump Parts, Excavator shovel parts<\/title>\n<meta name=\"description\" content=\"Svedala JM1208 Toggle Seat is the ideal choice for original replacement, ensuring optimal performance in rigorous quarry crushing operations.\" \/>\n<meta name=\"robots\" content=\"index, follow, max-snippet:-1, max-image-preview:large, max-video-preview:-1\" \/>\n<link rel=\"canonical\" href=\"https:\/\/miningspareparts.com\/fr\/produit\/sandvik-jm1208-toggle-seat\/\" \/>\n<meta property=\"og:locale\" content=\"fr_FR\" \/>\n<meta property=\"og:type\" content=\"article\" \/>\n<meta property=\"og:title\" content=\"Svedala JM1208 Toggle Seat Jaw Crusher - Crusher parts, Slurry Pump Parts, Excavator shovel parts\" \/>\n<meta property=\"og:description\" content=\"Svedala JM1208 Toggle Seat is the ideal choice for original replacement, ensuring optimal performance in rigorous quarry crushing operations.\" \/>\n<meta property=\"og:url\" content=\"https:\/\/miningspareparts.com\/fr\/produit\/sandvik-jm1208-toggle-seat\/\" \/>\n<meta property=\"og:site_name\" content=\"Crusher parts, Slurry Pump Parts, Excavator shovel parts\" \/>\n<meta property=\"article:modified_time\" content=\"2025-11-03T08:43:56+00:00\" \/>\n<meta property=\"og:image\" content=\"https:\/\/miningspareparts.com\/wp-content\/uploads\/2023\/12\/Svedala-JM1208-Toggle-Seat.webp\" \/>\n\t<meta property=\"og:image:width\" content=\"800\" \/>\n\t<meta property=\"og:image:height\" content=\"800\" \/>\n\t<meta property=\"og:image:type\" content=\"image\/webp\" \/>\n<meta name=\"twitter:card\" content=\"summary_large_image\" \/>\n<meta name=\"twitter:label1\" content=\"Dur\u00e9e de lecture estim\u00e9e\" \/>\n\t<meta name=\"twitter:data1\" content=\"2 minutes\" \/>\n<script type=\"application\/ld+json\" class=\"yoast-schema-graph\">{\"@context\":\"https:\\\/\\\/schema.org\",\"@graph\":[{\"@type\":\"WebPage\",\"@id\":\"https:\\\/\\\/miningspareparts.com\\\/product\\\/sandvik-jm1208-toggle-seat\\\/\",\"url\":\"https:\\\/\\\/miningspareparts.com\\\/product\\\/sandvik-jm1208-toggle-seat\\\/\",\"name\":\"Svedala JM1208 Toggle Seat Jaw Crusher - Crusher parts, Slurry Pump Parts, Excavator shovel parts\",\"isPartOf\":{\"@id\":\"https:\\\/\\\/miningspareparts.com\\\/#website\"},\"primaryImageOfPage\":{\"@id\":\"https:\\\/\\\/miningspareparts.com\\\/product\\\/sandvik-jm1208-toggle-seat\\\/#primaryimage\"},\"image\":{\"@id\":\"https:\\\/\\\/miningspareparts.com\\\/product\\\/sandvik-jm1208-toggle-seat\\\/#primaryimage\"},\"thumbnailUrl\":\"https:\\\/\\\/miningspareparts.com\\\/wp-content\\\/uploads\\\/2023\\\/12\\\/Svedala-JM1208-Toggle-Seat.webp\",\"datePublished\":\"2023-12-11T06:32:30+00:00\",\"dateModified\":\"2025-11-03T08:43:56+00:00\",\"description\":\"Svedala JM1208 Toggle Seat is the ideal choice for original replacement, ensuring optimal performance in rigorous quarry crushing operations.\",\"breadcrumb\":{\"@id\":\"https:\\\/\\\/miningspareparts.com\\\/product\\\/sandvik-jm1208-toggle-seat\\\/#breadcrumb\"},\"inLanguage\":\"fr-FR\",\"potentialAction\":[{\"@type\":\"ReadAction\",\"target\":[\"https:\\\/\\\/miningspareparts.com\\\/product\\\/sandvik-jm1208-toggle-seat\\\/\"]}]},{\"@type\":\"ImageObject\",\"inLanguage\":\"fr-FR\",\"@id\":\"https:\\\/\\\/miningspareparts.com\\\/product\\\/sandvik-jm1208-toggle-seat\\\/#primaryimage\",\"url\":\"https:\\\/\\\/miningspareparts.com\\\/wp-content\\\/uploads\\\/2023\\\/12\\\/Svedala-JM1208-Toggle-Seat.webp\",\"contentUrl\":\"https:\\\/\\\/miningspareparts.com\\\/wp-content\\\/uploads\\\/2023\\\/12\\\/Svedala-JM1208-Toggle-Seat.webp\",\"width\":800,\"height\":800,\"caption\":\"Svedala JM1208 Toggle Seat\"},{\"@type\":\"BreadcrumbList\",\"@id\":\"https:\\\/\\\/miningspareparts.com\\\/product\\\/sandvik-jm1208-toggle-seat\\\/#breadcrumb\",\"itemListElement\":[{\"@type\":\"ListItem\",\"position\":1,\"name\":\"Home\",\"item\":\"https:\\\/\\\/miningspareparts.com\\\/\"},{\"@type\":\"ListItem\",\"position\":2,\"name\":\"Premium Mining Wear And Spare Parts\",\"item\":\"https:\\\/\\\/miningspareparts.com\\\/shop\\\/\"},{\"@type\":\"ListItem\",\"position\":3,\"name\":\"Svedala JM1208 Toggle Seat\"}]},{\"@type\":\"WebSite\",\"@id\":\"https:\\\/\\\/miningspareparts.com\\\/#website\",\"url\":\"https:\\\/\\\/miningspareparts.com\\\/\",\"name\":\"Crusher parts , Concrete Mixer Parts, Slurry Pump Parts, Mining Spares\",\"description\":\"Mining Wear &amp; Spare Parts Supplier\",\"publisher\":{\"@id\":\"https:\\\/\\\/miningspareparts.com\\\/#organization\"},\"potentialAction\":[{\"@type\":\"SearchAction\",\"target\":{\"@type\":\"EntryPoint\",\"urlTemplate\":\"https:\\\/\\\/miningspareparts.com\\\/?s={search_term_string}\"},\"query-input\":{\"@type\":\"PropertyValueSpecification\",\"valueRequired\":true,\"valueName\":\"search_term_string\"}}],\"inLanguage\":\"fr-FR\"},{\"@type\":\"Organization\",\"@id\":\"https:\\\/\\\/miningspareparts.com\\\/#organization\",\"name\":\"Crusher parts , Concrete Mixer Parts, Slurry Pump Parts, Mining Spares\",\"url\":\"https:\\\/\\\/miningspareparts.com\\\/\",\"logo\":{\"@type\":\"ImageObject\",\"inLanguage\":\"fr-FR\",\"@id\":\"https:\\\/\\\/miningspareparts.com\\\/#\\\/schema\\\/logo\\\/image\\\/\",\"url\":\"https:\\\/\\\/miningspareparts.com\\\/wp-content\\\/uploads\\\/2025\\\/04\\\/cropped-cropped-logo\u6b63\u65b9\u5f62.png\",\"contentUrl\":\"https:\\\/\\\/miningspareparts.com\\\/wp-content\\\/uploads\\\/2025\\\/04\\\/cropped-cropped-logo\u6b63\u65b9\u5f62.png\",\"width\":511,\"height\":171,\"caption\":\"Crusher parts , Concrete Mixer Parts, Slurry Pump Parts, Mining Spares\"},\"image\":{\"@id\":\"https:\\\/\\\/miningspareparts.com\\\/#\\\/schema\\\/logo\\\/image\\\/\"}}]}<\/script>\n<!-- \/ Yoast SEO plugin. -->","yoast_head_json":{"title":"Svedala JM1208 Toggle Seat Jaw Crusher - Crusher parts, Slurry Pump Parts, Excavator shovel parts","description":"Svedala JM1208 Toggle Seat is the ideal choice for original replacement, ensuring optimal performance in rigorous quarry crushing operations.","robots":{"index":"index","follow":"follow","max-snippet":"max-snippet:-1","max-image-preview":"max-image-preview:large","max-video-preview":"max-video-preview:-1"},"canonical":"https:\/\/miningspareparts.com\/fr\/produit\/sandvik-jm1208-toggle-seat\/","og_locale":"fr_FR","og_type":"article","og_title":"Svedala JM1208 Toggle Seat Jaw Crusher - Crusher parts, Slurry Pump Parts, Excavator shovel parts","og_description":"Svedala JM1208 Toggle Seat is the ideal choice for original replacement, ensuring optimal performance in rigorous quarry crushing operations.","og_url":"https:\/\/miningspareparts.com\/fr\/produit\/sandvik-jm1208-toggle-seat\/","og_site_name":"Crusher parts, Slurry Pump Parts, Excavator shovel parts","article_modified_time":"2025-11-03T08:43:56+00:00","og_image":[{"width":800,"height":800,"url":"https:\/\/miningspareparts.com\/wp-content\/uploads\/2023\/12\/Svedala-JM1208-Toggle-Seat.webp","type":"image\/webp"}],"twitter_card":"summary_large_image","twitter_misc":{"Dur\u00e9e de lecture estim\u00e9e":"2 minutes"},"schema":{"@context":"https:\/\/schema.org","@graph":[{"@type":"WebPage","@id":"https:\/\/miningspareparts.com\/product\/sandvik-jm1208-toggle-seat\/","url":"https:\/\/miningspareparts.com\/product\/sandvik-jm1208-toggle-seat\/","name":"Svedala JM1208 Toggle Seat Jaw Crusher - Crusher parts, Slurry Pump Parts, Excavator shovel parts","isPartOf":{"@id":"https:\/\/miningspareparts.com\/#website"},"primaryImageOfPage":{"@id":"https:\/\/miningspareparts.com\/product\/sandvik-jm1208-toggle-seat\/#primaryimage"},"image":{"@id":"https:\/\/miningspareparts.com\/product\/sandvik-jm1208-toggle-seat\/#primaryimage"},"thumbnailUrl":"https:\/\/miningspareparts.com\/wp-content\/uploads\/2023\/12\/Svedala-JM1208-Toggle-Seat.webp","datePublished":"2023-12-11T06:32:30+00:00","dateModified":"2025-11-03T08:43:56+00:00","description":"Svedala JM1208 Toggle Seat is the ideal choice for original replacement, ensuring optimal performance in rigorous quarry crushing operations.","breadcrumb":{"@id":"https:\/\/miningspareparts.com\/product\/sandvik-jm1208-toggle-seat\/#breadcrumb"},"inLanguage":"fr-FR","potentialAction":[{"@type":"ReadAction","target":["https:\/\/miningspareparts.com\/product\/sandvik-jm1208-toggle-seat\/"]}]},{"@type":"ImageObject","inLanguage":"fr-FR","@id":"https:\/\/miningspareparts.com\/product\/sandvik-jm1208-toggle-seat\/#primaryimage","url":"https:\/\/miningspareparts.com\/wp-content\/uploads\/2023\/12\/Svedala-JM1208-Toggle-Seat.webp","contentUrl":"https:\/\/miningspareparts.com\/wp-content\/uploads\/2023\/12\/Svedala-JM1208-Toggle-Seat.webp","width":800,"height":800,"caption":"Svedala JM1208 Toggle Seat"},{"@type":"BreadcrumbList","@id":"https:\/\/miningspareparts.com\/product\/sandvik-jm1208-toggle-seat\/#breadcrumb","itemListElement":[{"@type":"ListItem","position":1,"name":"Home","item":"https:\/\/miningspareparts.com\/"},{"@type":"ListItem","position":2,"name":"Premium Mining Wear And Spare Parts","item":"https:\/\/miningspareparts.com\/shop\/"},{"@type":"ListItem","position":3,"name":"Svedala JM1208 Toggle Seat"}]},{"@type":"WebSite","@id":"https:\/\/miningspareparts.com\/#website","url":"https:\/\/miningspareparts.com\/","name":"Crusher parts , Concrete Mixer Parts, Slurry Pump Parts, Mining Spares","description":"Mining Wear &amp; Spare Parts Supplier","publisher":{"@id":"https:\/\/miningspareparts.com\/#organization"},"potentialAction":[{"@type":"SearchAction","target":{"@type":"EntryPoint","urlTemplate":"https:\/\/miningspareparts.com\/?s={search_term_string}"},"query-input":{"@type":"PropertyValueSpecification","valueRequired":true,"valueName":"search_term_string"}}],"inLanguage":"fr-FR"},{"@type":"Organization","@id":"https:\/\/miningspareparts.com\/#organization","name":"Crusher parts , Concrete Mixer Parts, Slurry Pump Parts, Mining Spares","url":"https:\/\/miningspareparts.com\/","logo":{"@type":"ImageObject","inLanguage":"fr-FR","@id":"https:\/\/miningspareparts.com\/#\/schema\/logo\/image\/","url":"https:\/\/miningspareparts.com\/wp-content\/uploads\/2025\/04\/cropped-cropped-logo\u6b63\u65b9\u5f62.png","contentUrl":"https:\/\/miningspareparts.com\/wp-content\/uploads\/2025\/04\/cropped-cropped-logo\u6b63\u65b9\u5f62.png","width":511,"height":171,"caption":"Crusher parts , Concrete Mixer Parts, Slurry Pump Parts, Mining Spares"},"image":{"@id":"https:\/\/miningspareparts.com\/#\/schema\/logo\/image\/"}}]}},"uagb_featured_image_src":{"full":["https:\/\/miningspareparts.com\/wp-content\/uploads\/2023\/12\/Svedala-JM1208-Toggle-Seat.webp",800,800,false],"thumbnail":["https:\/\/miningspareparts.com\/wp-content\/uploads\/2023\/12\/Svedala-JM1208-Toggle-Seat-150x150.webp",150,150,true],"medium":["https:\/\/miningspareparts.com\/wp-content\/uploads\/2023\/12\/Svedala-JM1208-Toggle-Seat-300x300.webp",300,300,true],"medium_large":["https:\/\/miningspareparts.com\/wp-content\/uploads\/2023\/12\/Svedala-JM1208-Toggle-Seat-768x768.webp",768,768,true],"large":["https:\/\/miningspareparts.com\/wp-content\/uploads\/2023\/12\/Svedala-JM1208-Toggle-Seat.webp",800,800,false],"1536x1536":["https:\/\/miningspareparts.com\/wp-content\/uploads\/2023\/12\/Svedala-JM1208-Toggle-Seat.webp",800,800,false],"2048x2048":["https:\/\/miningspareparts.com\/wp-content\/uploads\/2023\/12\/Svedala-JM1208-Toggle-Seat.webp",800,800,false],"trp-custom-language-flag":["https:\/\/miningspareparts.com\/wp-content\/uploads\/2023\/12\/Svedala-JM1208-Toggle-Seat-12x12.webp",12,12,true],"woocommerce_thumbnail":["https:\/\/miningspareparts.com\/wp-content\/uploads\/2023\/12\/Svedala-JM1208-Toggle-Seat-300x300.webp",300,300,true],"woocommerce_single":["https:\/\/miningspareparts.com\/wp-content\/uploads\/2023\/12\/Svedala-JM1208-Toggle-Seat-600x600.webp",600,600,true],"woocommerce_gallery_thumbnail":["https:\/\/miningspareparts.com\/wp-content\/uploads\/2023\/12\/Svedala-JM1208-Toggle-Seat-100x100.webp",100,100,true]},"uagb_author_info":{"display_name":"Miningspareparts","author_link":"https:\/\/miningspareparts.com\/fr\/author\/"},"uagb_comment_info":0,"uagb_excerpt":"Here is a description of the Svedala JM1208 Toggle Seat As a premier manufacturer, we take pride in presenting the Svedala Toggle Seat, a pinnacle of excellence in original replacement components. Crafted to seamlessly replace original products, this toggle seat stands as a testament to our commitment to superior quality and performance. The Svedala\u00a0 Toggle\u2026","_links":{"self":[{"href":"https:\/\/miningspareparts.com\/fr\/wp-json\/wp\/v2\/product\/1322","targetHints":{"allow":["GET"]}}],"collection":[{"href":"https:\/\/miningspareparts.com\/fr\/wp-json\/wp\/v2\/product"}],"about":[{"href":"https:\/\/miningspareparts.com\/fr\/wp-json\/wp\/v2\/types\/product"}],"wp:featuredmedia":[{"embeddable":true,"href":"https:\/\/miningspareparts.com\/fr\/wp-json\/wp\/v2\/media\/11235"}],"wp:attachment":[{"href":"https:\/\/miningspareparts.com\/fr\/wp-json\/wp\/v2\/media?parent=1322"}],"wp:term":[{"taxonomy":"product_brand","embeddable":true,"href":"https:\/\/miningspareparts.com\/fr\/wp-json\/wp\/v2\/product_brand?post=1322"},{"taxonomy":"product_cat","embeddable":true,"href":"https:\/\/miningspareparts.com\/fr\/wp-json\/wp\/v2\/product_cat?post=1322"},{"taxonomy":"product_tag","embeddable":true,"href":"https:\/\/miningspareparts.com\/fr\/wp-json\/wp\/v2\/product_tag?post=1322"}],"curies":[{"name":"wp","href":"https:\/\/api.w.org\/{rel}","templated":true}]}}