{"id":1326,"date":"2023-12-11T07:13:33","date_gmt":"2023-12-11T07:13:33","guid":{"rendered":"https:\/\/miningspareparts.com\/?post_type=product&#038;p=1326"},"modified":"2025-11-03T05:26:57","modified_gmt":"2025-11-03T05:26:57","slug":"c160-toggle-plate","status":"publish","type":"product","link":"https:\/\/miningspareparts.com\/fr\/produit\/c160-toggle-plate\/","title":{"rendered":"Plaque \u00e0 bascule C160"},"content":{"rendered":"<p>En tant que premier fabricant d'accessoires pour machines mini\u00e8res, nous sommes fiers de vous pr\u00e9senter la plaque \u00e0 genouill\u00e8re Mesto C160, une pi\u00e8ce de rechange originale con\u00e7ue avec pr\u00e9cision et fabriqu\u00e9e \u00e0 partir de mat\u00e9riaux de haute qualit\u00e9. T\u00e9moignant de notre engagement en faveur de l'excellence, ce plateau \u00e0 genouill\u00e8re est con\u00e7u pour remplacer parfaitement le composant d'origine, garantissant ainsi des performances et une durabilit\u00e9 optimales. L'acier au mangan\u00e8se, connu pour sa solidit\u00e9 et sa r\u00e9sistance \u00e0 l'usure exceptionnelles, est le principal mat\u00e9riau utilis\u00e9 pour fabriquer cet accessoire minier essentiel.<\/p>\n<p>Notre plaque \u00e0 genouill\u00e8re Mesto C160 est une solution fiable et durable, con\u00e7ue pour r\u00e9sister aux exigences de diverses applications mini\u00e8res. Il est con\u00e7u de mani\u00e8re complexe pour offrir un ajustement parfait, facilitant l'installation et am\u00e9liorant l'efficacit\u00e9 de vos machines. En choisissant notre plaque \u00e0 genouill\u00e8re, vous investissez dans un produit qui non seulement r\u00e9pond aux normes de l'industrie, mais les d\u00e9passe, contribuant ainsi \u00e0 la fiabilit\u00e9 et \u00e0 la long\u00e9vit\u00e9 globales de votre \u00e9quipement.<\/p>\n<p>Dans notre usine de fabrication, nous donnons la priorit\u00e9 \u00e0 la qualit\u00e9, \u00e0 l'innovation et \u00e0 la satisfaction du client. Notre processus de fabrication m\u00e9ticuleux garantit que chaque plaque \u00e0 bascule Mesto C160 respecte les normes les plus strictes, ce qui en fait un choix id\u00e9al pour ceux qui recherchent des performances et une long\u00e9vit\u00e9 sup\u00e9rieures. En mettant l'accent sur la fourniture de pi\u00e8ces de rechange d'origine, nous nous effor\u00e7ons de soutenir vos op\u00e9rations mini\u00e8res en fournissant des produits qui am\u00e9liorent l'efficacit\u00e9 et la dur\u00e9e de vie de votre \u00e9quipement. Choisissez notre plaque \u00e0 bascule Mesto C160 pour une solution transparente et fiable, soutenue par notre engagement in\u00e9branlable envers la qualit\u00e9 et la satisfaction du client.<\/p>","protected":false},"excerpt":{"rendered":"<p>En tant que premier fabricant d'accessoires pour machines mini\u00e8res, nous sommes fiers de vous pr\u00e9senter la plaque \u00e0 genouill\u00e8re Mesto C160, une pi\u00e8ce de rechange originale con\u00e7ue avec pr\u00e9cision et fabriqu\u00e9e \u00e0 partir de mat\u00e9riaux de haute qualit\u00e9. T\u00e9moignant de notre engagement envers l'excellence, ce plateau \u00e0 genouill\u00e8re est con\u00e7u pour remplacer parfaitement le composant d'origine, assurant ainsi une performance et une durabilit\u00e9 optimales. Acier au mangan\u00e8se, [...]<\/p>","protected":false},"featured_media":11209,"template":"","meta":{"_uag_custom_page_level_css":"","site-sidebar-layout":"default","site-content-layout":"","ast-site-content-layout":"default","site-content-style":"default","site-sidebar-style":"default","ast-global-header-display":"","ast-banner-title-visibility":"","ast-main-header-display":"","ast-hfb-above-header-display":"","ast-hfb-below-header-display":"","ast-hfb-mobile-header-display":"","site-post-title":"","ast-breadcrumbs-content":"","ast-featured-img":"","footer-sml-layout":"","ast-disable-related-posts":"","theme-transparent-header-meta":"default","adv-header-id-meta":"","stick-header-meta":"default","header-above-stick-meta":"","header-main-stick-meta":"","header-below-stick-meta":"","astra-migrate-meta-layouts":"set","ast-page-background-enabled":"default","ast-page-background-meta":{"desktop":{"background-color":"var(--ast-global-color-4)","background-image":"","background-repeat":"repeat","background-position":"center center","background-size":"auto","background-attachment":"scroll","background-type":"","background-media":"","overlay-type":"","overlay-color":"","overlay-opacity":"","overlay-gradient":""},"tablet":{"background-color":"","background-image":"","background-repeat":"repeat","background-position":"center center","background-size":"auto","background-attachment":"scroll","background-type":"","background-media":"","overlay-type":"","overlay-color":"","overlay-opacity":"","overlay-gradient":""},"mobile":{"background-color":"","background-image":"","background-repeat":"repeat","background-position":"center center","background-size":"auto","background-attachment":"scroll","background-type":"","background-media":"","overlay-type":"","overlay-color":"","overlay-opacity":"","overlay-gradient":""}},"ast-content-background-meta":{"desktop":{"background-color":"var(--ast-global-color-5)","background-image":"","background-repeat":"repeat","background-position":"center center","background-size":"auto","background-attachment":"scroll","background-type":"","background-media":"","overlay-type":"","overlay-color":"","overlay-opacity":"","overlay-gradient":""},"tablet":{"background-color":"var(--ast-global-color-5)","background-image":"","background-repeat":"repeat","background-position":"center center","background-size":"auto","background-attachment":"scroll","background-type":"","background-media":"","overlay-type":"","overlay-color":"","overlay-opacity":"","overlay-gradient":""},"mobile":{"background-color":"var(--ast-global-color-5)","background-image":"","background-repeat":"repeat","background-position":"center center","background-size":"auto","background-attachment":"scroll","background-type":"","background-media":"","overlay-type":"","overlay-color":"","overlay-opacity":"","overlay-gradient":""}}},"product_brand":[],"product_cat":[32,35,114],"product_tag":[],"class_list":{"0":"post-1326","1":"product","2":"type-product","3":"status-publish","4":"has-post-thumbnail","6":"product_cat-jaw-liner","7":"product_cat-toggle-plate","8":"product_cat-mesto","9":"desktop-align-left","10":"tablet-align-left","11":"mobile-align-left","12":"ast-product-gallery-layout-horizontal-slider","13":"ast-product-gallery-with-no-image","14":"ast-product-single-variable","15":"ast-product-tabs-layout-horizontal","17":"first","18":"instock","19":"shipping-taxable","20":"purchasable","21":"product-type-variable"},"yoast_head":"<!-- This site is optimized with the Yoast SEO plugin v27.4 - https:\/\/yoast.com\/product\/yoast-seo-wordpress\/ -->\n<title>C160 Toggle Plate Jaw Crusher- Crusher parts, Slurry Pump Parts, Excavator shovel parts<\/title>\n<meta name=\"description\" content=\"Mesto C160 Toggle Plate: Original replacement, offering the best price and fast delivery for enhanced crusher performance and customer satisfaction.\" \/>\n<meta name=\"robots\" content=\"index, follow, max-snippet:-1, max-image-preview:large, max-video-preview:-1\" \/>\n<link rel=\"canonical\" href=\"https:\/\/miningspareparts.com\/fr\/produit\/c160-toggle-plate\/\" \/>\n<meta property=\"og:locale\" content=\"fr_FR\" \/>\n<meta property=\"og:type\" content=\"article\" \/>\n<meta property=\"og:title\" content=\"C160 Toggle Plate Jaw Crusher- Crusher parts, Slurry Pump Parts, Excavator shovel parts\" \/>\n<meta property=\"og:description\" content=\"Mesto C160 Toggle Plate: Original replacement, offering the best price and fast delivery for enhanced crusher performance and customer satisfaction.\" \/>\n<meta property=\"og:url\" content=\"https:\/\/miningspareparts.com\/fr\/produit\/c160-toggle-plate\/\" \/>\n<meta property=\"og:site_name\" content=\"Crusher parts, Slurry Pump Parts, Excavator shovel parts\" \/>\n<meta property=\"article:modified_time\" content=\"2025-11-03T05:26:57+00:00\" \/>\n<meta property=\"og:image\" content=\"https:\/\/miningspareparts.com\/wp-content\/uploads\/2023\/12\/C160-Toggle-Plate.webp\" \/>\n\t<meta property=\"og:image:width\" content=\"800\" \/>\n\t<meta property=\"og:image:height\" content=\"800\" \/>\n\t<meta property=\"og:image:type\" content=\"image\/webp\" \/>\n<meta name=\"twitter:card\" content=\"summary_large_image\" \/>\n<meta name=\"twitter:label1\" content=\"Dur\u00e9e de lecture estim\u00e9e\" \/>\n\t<meta name=\"twitter:data1\" content=\"2 minutes\" \/>\n<script type=\"application\/ld+json\" class=\"yoast-schema-graph\">{\"@context\":\"https:\\\/\\\/schema.org\",\"@graph\":[{\"@type\":\"WebPage\",\"@id\":\"https:\\\/\\\/miningspareparts.com\\\/product\\\/c160-toggle-plate\\\/\",\"url\":\"https:\\\/\\\/miningspareparts.com\\\/product\\\/c160-toggle-plate\\\/\",\"name\":\"C160 Toggle Plate Jaw Crusher- Crusher parts, Slurry Pump Parts, Excavator shovel parts\",\"isPartOf\":{\"@id\":\"https:\\\/\\\/miningspareparts.com\\\/#website\"},\"primaryImageOfPage\":{\"@id\":\"https:\\\/\\\/miningspareparts.com\\\/product\\\/c160-toggle-plate\\\/#primaryimage\"},\"image\":{\"@id\":\"https:\\\/\\\/miningspareparts.com\\\/product\\\/c160-toggle-plate\\\/#primaryimage\"},\"thumbnailUrl\":\"https:\\\/\\\/miningspareparts.com\\\/wp-content\\\/uploads\\\/2023\\\/12\\\/C160-Toggle-Plate.webp\",\"datePublished\":\"2023-12-11T07:13:33+00:00\",\"dateModified\":\"2025-11-03T05:26:57+00:00\",\"description\":\"Mesto C160 Toggle Plate: Original replacement, offering the best price and fast delivery for enhanced crusher performance and customer satisfaction.\",\"breadcrumb\":{\"@id\":\"https:\\\/\\\/miningspareparts.com\\\/product\\\/c160-toggle-plate\\\/#breadcrumb\"},\"inLanguage\":\"fr-FR\",\"potentialAction\":[{\"@type\":\"ReadAction\",\"target\":[\"https:\\\/\\\/miningspareparts.com\\\/product\\\/c160-toggle-plate\\\/\"]}]},{\"@type\":\"ImageObject\",\"inLanguage\":\"fr-FR\",\"@id\":\"https:\\\/\\\/miningspareparts.com\\\/product\\\/c160-toggle-plate\\\/#primaryimage\",\"url\":\"https:\\\/\\\/miningspareparts.com\\\/wp-content\\\/uploads\\\/2023\\\/12\\\/C160-Toggle-Plate.webp\",\"contentUrl\":\"https:\\\/\\\/miningspareparts.com\\\/wp-content\\\/uploads\\\/2023\\\/12\\\/C160-Toggle-Plate.webp\",\"width\":800,\"height\":800,\"caption\":\"C160 Toggle Plate\"},{\"@type\":\"BreadcrumbList\",\"@id\":\"https:\\\/\\\/miningspareparts.com\\\/product\\\/c160-toggle-plate\\\/#breadcrumb\",\"itemListElement\":[{\"@type\":\"ListItem\",\"position\":1,\"name\":\"Home\",\"item\":\"https:\\\/\\\/miningspareparts.com\\\/\"},{\"@type\":\"ListItem\",\"position\":2,\"name\":\"Premium Mining Wear And Spare Parts\",\"item\":\"https:\\\/\\\/miningspareparts.com\\\/shop\\\/\"},{\"@type\":\"ListItem\",\"position\":3,\"name\":\"C160 Toggle Plate\"}]},{\"@type\":\"WebSite\",\"@id\":\"https:\\\/\\\/miningspareparts.com\\\/#website\",\"url\":\"https:\\\/\\\/miningspareparts.com\\\/\",\"name\":\"Crusher parts , Concrete Mixer Parts, Slurry Pump Parts, Mining Spares\",\"description\":\"Mining Wear &amp; Spare Parts Supplier\",\"publisher\":{\"@id\":\"https:\\\/\\\/miningspareparts.com\\\/#organization\"},\"potentialAction\":[{\"@type\":\"SearchAction\",\"target\":{\"@type\":\"EntryPoint\",\"urlTemplate\":\"https:\\\/\\\/miningspareparts.com\\\/?s={search_term_string}\"},\"query-input\":{\"@type\":\"PropertyValueSpecification\",\"valueRequired\":true,\"valueName\":\"search_term_string\"}}],\"inLanguage\":\"fr-FR\"},{\"@type\":\"Organization\",\"@id\":\"https:\\\/\\\/miningspareparts.com\\\/#organization\",\"name\":\"Crusher parts , Concrete Mixer Parts, Slurry Pump Parts, Mining Spares\",\"url\":\"https:\\\/\\\/miningspareparts.com\\\/\",\"logo\":{\"@type\":\"ImageObject\",\"inLanguage\":\"fr-FR\",\"@id\":\"https:\\\/\\\/miningspareparts.com\\\/#\\\/schema\\\/logo\\\/image\\\/\",\"url\":\"https:\\\/\\\/miningspareparts.com\\\/wp-content\\\/uploads\\\/2025\\\/04\\\/cropped-cropped-logo\u6b63\u65b9\u5f62.png\",\"contentUrl\":\"https:\\\/\\\/miningspareparts.com\\\/wp-content\\\/uploads\\\/2025\\\/04\\\/cropped-cropped-logo\u6b63\u65b9\u5f62.png\",\"width\":511,\"height\":171,\"caption\":\"Crusher parts , Concrete Mixer Parts, Slurry Pump Parts, Mining Spares\"},\"image\":{\"@id\":\"https:\\\/\\\/miningspareparts.com\\\/#\\\/schema\\\/logo\\\/image\\\/\"}}]}<\/script>\n<!-- \/ Yoast SEO plugin. -->","yoast_head_json":{"title":"C160 Toggle Plate Jaw Crusher- Crusher parts, Slurry Pump Parts, Excavator shovel parts","description":"Mesto C160 Toggle Plate: Original replacement, offering the best price and fast delivery for enhanced crusher performance and customer satisfaction.","robots":{"index":"index","follow":"follow","max-snippet":"max-snippet:-1","max-image-preview":"max-image-preview:large","max-video-preview":"max-video-preview:-1"},"canonical":"https:\/\/miningspareparts.com\/fr\/produit\/c160-toggle-plate\/","og_locale":"fr_FR","og_type":"article","og_title":"C160 Toggle Plate Jaw Crusher- Crusher parts, Slurry Pump Parts, Excavator shovel parts","og_description":"Mesto C160 Toggle Plate: Original replacement, offering the best price and fast delivery for enhanced crusher performance and customer satisfaction.","og_url":"https:\/\/miningspareparts.com\/fr\/produit\/c160-toggle-plate\/","og_site_name":"Crusher parts, Slurry Pump Parts, Excavator shovel parts","article_modified_time":"2025-11-03T05:26:57+00:00","og_image":[{"width":800,"height":800,"url":"https:\/\/miningspareparts.com\/wp-content\/uploads\/2023\/12\/C160-Toggle-Plate.webp","type":"image\/webp"}],"twitter_card":"summary_large_image","twitter_misc":{"Dur\u00e9e de lecture estim\u00e9e":"2 minutes"},"schema":{"@context":"https:\/\/schema.org","@graph":[{"@type":"WebPage","@id":"https:\/\/miningspareparts.com\/product\/c160-toggle-plate\/","url":"https:\/\/miningspareparts.com\/product\/c160-toggle-plate\/","name":"C160 Toggle Plate Jaw Crusher- Crusher parts, Slurry Pump Parts, Excavator shovel parts","isPartOf":{"@id":"https:\/\/miningspareparts.com\/#website"},"primaryImageOfPage":{"@id":"https:\/\/miningspareparts.com\/product\/c160-toggle-plate\/#primaryimage"},"image":{"@id":"https:\/\/miningspareparts.com\/product\/c160-toggle-plate\/#primaryimage"},"thumbnailUrl":"https:\/\/miningspareparts.com\/wp-content\/uploads\/2023\/12\/C160-Toggle-Plate.webp","datePublished":"2023-12-11T07:13:33+00:00","dateModified":"2025-11-03T05:26:57+00:00","description":"Mesto C160 Toggle Plate: Original replacement, offering the best price and fast delivery for enhanced crusher performance and customer satisfaction.","breadcrumb":{"@id":"https:\/\/miningspareparts.com\/product\/c160-toggle-plate\/#breadcrumb"},"inLanguage":"fr-FR","potentialAction":[{"@type":"ReadAction","target":["https:\/\/miningspareparts.com\/product\/c160-toggle-plate\/"]}]},{"@type":"ImageObject","inLanguage":"fr-FR","@id":"https:\/\/miningspareparts.com\/product\/c160-toggle-plate\/#primaryimage","url":"https:\/\/miningspareparts.com\/wp-content\/uploads\/2023\/12\/C160-Toggle-Plate.webp","contentUrl":"https:\/\/miningspareparts.com\/wp-content\/uploads\/2023\/12\/C160-Toggle-Plate.webp","width":800,"height":800,"caption":"C160 Toggle Plate"},{"@type":"BreadcrumbList","@id":"https:\/\/miningspareparts.com\/product\/c160-toggle-plate\/#breadcrumb","itemListElement":[{"@type":"ListItem","position":1,"name":"Home","item":"https:\/\/miningspareparts.com\/"},{"@type":"ListItem","position":2,"name":"Premium Mining Wear And Spare Parts","item":"https:\/\/miningspareparts.com\/shop\/"},{"@type":"ListItem","position":3,"name":"C160 Toggle Plate"}]},{"@type":"WebSite","@id":"https:\/\/miningspareparts.com\/#website","url":"https:\/\/miningspareparts.com\/","name":"Crusher parts , Concrete Mixer Parts, Slurry Pump Parts, Mining Spares","description":"Mining Wear &amp; Spare Parts Supplier","publisher":{"@id":"https:\/\/miningspareparts.com\/#organization"},"potentialAction":[{"@type":"SearchAction","target":{"@type":"EntryPoint","urlTemplate":"https:\/\/miningspareparts.com\/?s={search_term_string}"},"query-input":{"@type":"PropertyValueSpecification","valueRequired":true,"valueName":"search_term_string"}}],"inLanguage":"fr-FR"},{"@type":"Organization","@id":"https:\/\/miningspareparts.com\/#organization","name":"Crusher parts , Concrete Mixer Parts, Slurry Pump Parts, Mining Spares","url":"https:\/\/miningspareparts.com\/","logo":{"@type":"ImageObject","inLanguage":"fr-FR","@id":"https:\/\/miningspareparts.com\/#\/schema\/logo\/image\/","url":"https:\/\/miningspareparts.com\/wp-content\/uploads\/2025\/04\/cropped-cropped-logo\u6b63\u65b9\u5f62.png","contentUrl":"https:\/\/miningspareparts.com\/wp-content\/uploads\/2025\/04\/cropped-cropped-logo\u6b63\u65b9\u5f62.png","width":511,"height":171,"caption":"Crusher parts , Concrete Mixer Parts, Slurry Pump Parts, Mining Spares"},"image":{"@id":"https:\/\/miningspareparts.com\/#\/schema\/logo\/image\/"}}]}},"uagb_featured_image_src":{"full":["https:\/\/miningspareparts.com\/wp-content\/uploads\/2023\/12\/C160-Toggle-Plate.webp",800,800,false],"thumbnail":["https:\/\/miningspareparts.com\/wp-content\/uploads\/2023\/12\/C160-Toggle-Plate-150x150.webp",150,150,true],"medium":["https:\/\/miningspareparts.com\/wp-content\/uploads\/2023\/12\/C160-Toggle-Plate-300x300.webp",300,300,true],"medium_large":["https:\/\/miningspareparts.com\/wp-content\/uploads\/2023\/12\/C160-Toggle-Plate-768x768.webp",768,768,true],"large":["https:\/\/miningspareparts.com\/wp-content\/uploads\/2023\/12\/C160-Toggle-Plate.webp",800,800,false],"1536x1536":["https:\/\/miningspareparts.com\/wp-content\/uploads\/2023\/12\/C160-Toggle-Plate.webp",800,800,false],"2048x2048":["https:\/\/miningspareparts.com\/wp-content\/uploads\/2023\/12\/C160-Toggle-Plate.webp",800,800,false],"trp-custom-language-flag":["https:\/\/miningspareparts.com\/wp-content\/uploads\/2023\/12\/C160-Toggle-Plate-12x12.webp",12,12,true],"woocommerce_thumbnail":["https:\/\/miningspareparts.com\/wp-content\/uploads\/2023\/12\/C160-Toggle-Plate-300x300.webp",300,300,true],"woocommerce_single":["https:\/\/miningspareparts.com\/wp-content\/uploads\/2023\/12\/C160-Toggle-Plate-600x600.webp",600,600,true],"woocommerce_gallery_thumbnail":["https:\/\/miningspareparts.com\/wp-content\/uploads\/2023\/12\/C160-Toggle-Plate-100x100.webp",100,100,true]},"uagb_author_info":{"display_name":"Miningspareparts","author_link":"https:\/\/miningspareparts.com\/fr\/author\/"},"uagb_comment_info":0,"uagb_excerpt":"As the premier manufacturer of mining machinery accessories, we take pride in presenting the Mesto C160 Toggle Plate\u2014an original replacement engineered with precision and crafted from high-quality materials. Serving as a testament to our commitment to excellence, this toggle plate is designed to seamlessly replace the original component, ensuring optimal performance and durability. Manganese steel,\u2026","_links":{"self":[{"href":"https:\/\/miningspareparts.com\/fr\/wp-json\/wp\/v2\/product\/1326","targetHints":{"allow":["GET"]}}],"collection":[{"href":"https:\/\/miningspareparts.com\/fr\/wp-json\/wp\/v2\/product"}],"about":[{"href":"https:\/\/miningspareparts.com\/fr\/wp-json\/wp\/v2\/types\/product"}],"wp:featuredmedia":[{"embeddable":true,"href":"https:\/\/miningspareparts.com\/fr\/wp-json\/wp\/v2\/media\/11209"}],"wp:attachment":[{"href":"https:\/\/miningspareparts.com\/fr\/wp-json\/wp\/v2\/media?parent=1326"}],"wp:term":[{"taxonomy":"product_brand","embeddable":true,"href":"https:\/\/miningspareparts.com\/fr\/wp-json\/wp\/v2\/product_brand?post=1326"},{"taxonomy":"product_cat","embeddable":true,"href":"https:\/\/miningspareparts.com\/fr\/wp-json\/wp\/v2\/product_cat?post=1326"},{"taxonomy":"product_tag","embeddable":true,"href":"https:\/\/miningspareparts.com\/fr\/wp-json\/wp\/v2\/product_tag?post=1326"}],"curies":[{"name":"wp","href":"https:\/\/api.w.org\/{rel}","templated":true}]}}