{"id":1346,"date":"2023-12-16T02:23:15","date_gmt":"2023-12-16T02:23:15","guid":{"rendered":"https:\/\/miningspareparts.com\/?post_type=product&#038;p=1346"},"modified":"2024-03-26T20:24:01","modified_gmt":"2024-03-26T20:24:01","slug":"benninghoven-160-mixer-and-parts","status":"publish","type":"product","link":"https:\/\/miningspareparts.com\/fr\/produit\/benninghoven-160-mixer-and-parts\/","title":{"rendered":"BENNINGHOVEN 160 M\u00e9langeur et pi\u00e8ces d\u00e9tach\u00e9es"},"content":{"rendered":"<table width=\"1349\">\n<tbody>\n<tr>\n<td colspan=\"6\" width=\"1349\"><b>Mod\u00e8les :<\/b><i>Benninghoven<\/i><i>\u00a0<\/i><i>160<\/i><\/td>\n<\/tr>\n<tr>\n<td width=\"183\"><\/td>\n<td width=\"198\"><b>POSITION<\/b><\/td>\n<td width=\"274\"><b>CODE DE L'\u00c9L\u00c9MENT<\/b><\/td>\n<td width=\"139\"><b>QT\u00c9<\/b><\/td>\n<td width=\"251\"><b>CAT\u00c9GORIE<\/b><\/td>\n<td width=\"302\"><b>POIDS NET<\/b><\/td>\n<\/tr>\n<tr>\n<td rowspan=\"8\" width=\"183\"><b>Rev\u00eatements muraux<\/b><\/td>\n<td width=\"198\">1<\/td>\n<td width=\"274\">90-003098<\/td>\n<td width=\"139\">2<\/td>\n<td width=\"251\">Rev\u00eatements muraux 1<\/td>\n<td width=\"302\"><\/td>\n<\/tr>\n<tr>\n<td width=\"198\">2<\/td>\n<td width=\"274\">90-003102<\/td>\n<td width=\"139\">2<\/td>\n<td width=\"251\">Rev\u00eatements muraux 2<\/td>\n<td width=\"302\"><\/td>\n<\/tr>\n<tr>\n<td width=\"198\">3<\/td>\n<td width=\"274\">90-003100<\/td>\n<td width=\"139\">8<\/td>\n<td width=\"251\">Rev\u00eatements muraux 3<\/td>\n<td width=\"302\"><\/td>\n<\/tr>\n<tr>\n<td width=\"198\">4<\/td>\n<td width=\"274\">90-003103<\/td>\n<td width=\"139\">8<\/td>\n<td width=\"251\">Rev\u00eatements muraux 4<\/td>\n<td width=\"302\"><\/td>\n<\/tr>\n<tr>\n<td width=\"198\">5<\/td>\n<td width=\"274\">90-003099<\/td>\n<td width=\"139\">2<\/td>\n<td width=\"251\">Rev\u00eatements muraux 5<\/td>\n<td width=\"302\"><\/td>\n<\/tr>\n<tr>\n<td width=\"198\">6<\/td>\n<td width=\"274\">90-003101<\/td>\n<td width=\"139\">2<\/td>\n<td width=\"251\">Rev\u00eatements muraux 6<\/td>\n<td width=\"302\"><\/td>\n<\/tr>\n<tr>\n<td width=\"198\">7<\/td>\n<td width=\"274\">90-003104<\/td>\n<td width=\"139\">2<\/td>\n<td width=\"251\">Rev\u00eatements muraux 7<\/td>\n<td width=\"302\"><\/td>\n<\/tr>\n<tr>\n<td width=\"198\">8<\/td>\n<td width=\"274\">90-003105<\/td>\n<td width=\"139\">4<\/td>\n<td width=\"251\">Rev\u00eatements muraux 8<\/td>\n<td width=\"302\"><\/td>\n<\/tr>\n<tr>\n<td width=\"183\"><\/td>\n<td width=\"198\"><\/td>\n<td width=\"274\"><\/td>\n<td width=\"139\"><\/td>\n<td width=\"251\"><\/td>\n<td width=\"302\"><\/td>\n<\/tr>\n<tr>\n<td rowspan=\"7\" width=\"183\"><b>Doublure d'extr\u00e9mit\u00e9<\/b><\/td>\n<td width=\"198\">1<\/td>\n<td width=\"274\">05-000212<\/td>\n<td width=\"139\">2<\/td>\n<td width=\"251\">Doublure d'extr\u00e9mit\u00e9 1<\/td>\n<td width=\"302\"><\/td>\n<\/tr>\n<tr>\n<td width=\"198\">2<\/td>\n<td width=\"274\">05-000212 (miroir)<\/td>\n<td width=\"139\">2<\/td>\n<td width=\"251\">Doublure d'extr\u00e9mit\u00e9 2<\/td>\n<td width=\"302\"><\/td>\n<\/tr>\n<tr>\n<td width=\"198\">3<\/td>\n<td width=\"274\">90-003086<\/td>\n<td width=\"139\">2<\/td>\n<td width=\"251\">Doublure d'extr\u00e9mit\u00e9 3<\/td>\n<td width=\"302\"><\/td>\n<\/tr>\n<tr>\n<td width=\"198\">4<\/td>\n<td width=\"274\">90-003087<\/td>\n<td width=\"139\">8<\/td>\n<td width=\"251\">Doublure d'extr\u00e9mit\u00e9 4<\/td>\n<td width=\"302\"><\/td>\n<\/tr>\n<tr>\n<td width=\"198\">5<\/td>\n<td width=\"274\">90-003088<\/td>\n<td width=\"139\">2<\/td>\n<td width=\"251\">Doublure d'extr\u00e9mit\u00e9 5<\/td>\n<td width=\"302\"><\/td>\n<\/tr>\n<tr>\n<td width=\"198\">6<\/td>\n<td width=\"274\">90-003089<\/td>\n<td width=\"139\">2<\/td>\n<td width=\"251\">Doublure d'extr\u00e9mit\u00e9 6<\/td>\n<td width=\"302\"><\/td>\n<\/tr>\n<tr>\n<td width=\"198\">7<\/td>\n<td width=\"274\">90-003091<\/td>\n<td width=\"139\">2<\/td>\n<td width=\"251\">Doublure d'extr\u00e9mit\u00e9 7<\/td>\n<td width=\"302\">&nbsp;<\/p>\n<p>&nbsp;<\/td>\n<\/tr>\n<\/tbody>\n<\/table>\n<table width=\"1349\">\n<tbody>\n<tr>\n<td width=\"302\">\n<table width=\"1251\">\n<tbody>\n<tr>\n<td width=\"180\"><\/td>\n<td width=\"182\"><b>POSITION<\/b><\/td>\n<td width=\"252\"><b>CODE DE L'\u00c9L\u00c9MENT<\/b><\/td>\n<td width=\"127\"><b>QT\u00c9<\/b><\/td>\n<td width=\"230\"><b>CAT\u00c9GORIE<\/b><\/td>\n<td width=\"277\"><b>POIDS NET<\/b><\/td>\n<\/tr>\n<tr>\n<td rowspan=\"7\" width=\"180\"><b>Bras et conseils<\/b><\/td>\n<td width=\"182\">1<\/td>\n<td width=\"252\">\u2116 90-003095<\/td>\n<td width=\"127\">2<\/td>\n<td width=\"230\">Spatule 1690-4R<\/td>\n<td width=\"277\"><\/td>\n<\/tr>\n<tr>\n<td width=\"182\">2<\/td>\n<td width=\"252\">\u2116 90-003094<\/td>\n<td width=\"127\">22<\/td>\n<td width=\"230\">Spatule 1690 5L<\/td>\n<td width=\"277\"><\/td>\n<\/tr>\n<tr>\n<td width=\"182\">3<\/td>\n<td width=\"252\">\u2116 90-003092<\/td>\n<td width=\"127\">22<\/td>\n<td width=\"230\">Cr\u00e9maill\u00e8re gauche MBA 160<\/td>\n<td width=\"277\"><\/td>\n<\/tr>\n<tr>\n<td width=\"182\">4<\/td>\n<td width=\"252\">\u2116 90-003093<\/td>\n<td width=\"127\">2<\/td>\n<td width=\"230\">Cr\u00e9maill\u00e8re droite MBA 160<\/td>\n<td width=\"277\"><\/td>\n<\/tr>\n<tr>\n<td width=\"182\">5<\/td>\n<td width=\"252\">\u2116 90-003096<\/td>\n<td width=\"127\">22<\/td>\n<td width=\"230\">Protecteur de cr\u00e9maill\u00e8re gauche<\/td>\n<td width=\"277\"><\/td>\n<\/tr>\n<tr>\n<td width=\"182\">6<\/td>\n<td width=\"252\">\u2116 90-003097<\/td>\n<td width=\"127\">2<\/td>\n<td width=\"230\">Protecteur de rack droit<\/td>\n<td width=\"277\"><\/td>\n<\/tr>\n<tr>\n<td width=\"182\">7<\/td>\n<td width=\"252\">\u2116 90-003090<\/td>\n<td width=\"127\">20<\/td>\n<td width=\"230\">Boogie<\/td>\n<td width=\"277\"><\/td>\n<\/tr>\n<\/tbody>\n<\/table>\n<\/td>\n<\/tr>\n<\/tbody>\n<\/table>\n<p><img fetchpriority=\"high\" decoding=\"async\" class=\"wp-image-3550 alignleft\" src=\"https:\/\/miningspareparts.com\/wp-content\/uploads\/2024\/01\/Mixer-And-Wear-Parts1-239x300.webp\" alt=\"\" width=\"498\" height=\"625\" srcset=\"https:\/\/miningspareparts.com\/wp-content\/uploads\/2024\/01\/Mixer-And-Wear-Parts1-239x300.webp 239w, https:\/\/miningspareparts.com\/wp-content\/uploads\/2024\/01\/Mixer-And-Wear-Parts1-817x1024.webp 817w, https:\/\/miningspareparts.com\/wp-content\/uploads\/2024\/01\/Mixer-And-Wear-Parts1-768x963.webp 768w, https:\/\/miningspareparts.com\/wp-content\/uploads\/2024\/01\/Mixer-And-Wear-Parts1-1226x1536.webp 1226w, https:\/\/miningspareparts.com\/wp-content\/uploads\/2024\/01\/Mixer-And-Wear-Parts1-1634x2048.webp 1634w, https:\/\/miningspareparts.com\/wp-content\/uploads\/2024\/01\/Mixer-And-Wear-Parts1-600x752.webp 600w, https:\/\/miningspareparts.com\/wp-content\/uploads\/2024\/01\/Mixer-And-Wear-Parts1.webp 2037w\" sizes=\"(max-width: 498px) 100vw, 498px\" \/><span style=\"font-size: 16px\">\u00a0<\/span><img decoding=\"async\" class=\"wp-image-3551 alignnone\" style=\"font-weight: inherit\" src=\"https:\/\/miningspareparts.com\/wp-content\/uploads\/2024\/01\/Mixer-And-Wear-Parts2-210x300.webp\" alt=\"\" width=\"454\" height=\"649\" srcset=\"https:\/\/miningspareparts.com\/wp-content\/uploads\/2024\/01\/Mixer-And-Wear-Parts2-210x300.webp 210w, https:\/\/miningspareparts.com\/wp-content\/uploads\/2024\/01\/Mixer-And-Wear-Parts2-600x856.webp 600w\" sizes=\"(max-width: 454px) 100vw, 454px\" \/><\/p>\n<p>En tant que fabricant r\u00e9put\u00e9, nous sommes sp\u00e9cialis\u00e9s dans la production de composants de remplacement d'origine pour le m\u00e9langeur \u00e0 deux arbres BENNINGHOVEN 160, y compris les pales, les bras de m\u00e9lange et les rev\u00eatements. Fabriqu\u00e9s avec pr\u00e9cision et utilisant des mat\u00e9riaux de haute qualit\u00e9, nos produits sont con\u00e7us pour r\u00e9pondre aux exigences rigoureuses de l'industrie de la construction. Ces composants constituent des remplacements fiables, assurant l'efficacit\u00e9 et la long\u00e9vit\u00e9 de votre \u00e9quipement de malaxage. Notre engagement en faveur d'une qualit\u00e9 sup\u00e9rieure, d'une conception innovante et de la satisfaction du client nous distingue sur le march\u00e9. En mettant l'accent sur la fourniture de solutions rentables, nous sommes fiers de fournir des produits qui r\u00e9pondent aux normes les plus \u00e9lev\u00e9es. La s\u00e9rie 160 de BENNINGHOVEN repr\u00e9sente notre d\u00e9vouement \u00e0 l'excellence dans la fabrication d'accessoires pour machines mini\u00e8res, contribuant ainsi \u00e0 la r\u00e9ussite de vos projets.<\/p>","protected":false},"excerpt":{"rendered":"<p><b>Mod\u00e8les :<\/b><i>Benninghoven<\/i><i>\u00a0<\/i><i>160<\/i><\/p>","protected":false},"featured_media":1354,"template":"","meta":{"_uag_custom_page_level_css":"","site-sidebar-layout":"default","site-content-layout":"","ast-site-content-layout":"default","site-content-style":"default","site-sidebar-style":"default","ast-global-header-display":"","ast-banner-title-visibility":"","ast-main-header-display":"","ast-hfb-above-header-display":"","ast-hfb-below-header-display":"","ast-hfb-mobile-header-display":"","site-post-title":"","ast-breadcrumbs-content":"","ast-featured-img":"","footer-sml-layout":"","ast-disable-related-posts":"","theme-transparent-header-meta":"default","adv-header-id-meta":"","stick-header-meta":"default","header-above-stick-meta":"","header-main-stick-meta":"","header-below-stick-meta":"","astra-migrate-meta-layouts":"set","ast-page-background-enabled":"default","ast-page-background-meta":{"desktop":{"background-color":"var(--ast-global-color-4)","background-image":"","background-repeat":"repeat","background-position":"center center","background-size":"auto","background-attachment":"scroll","background-type":"","background-media":"","overlay-type":"","overlay-color":"","overlay-opacity":"","overlay-gradient":""},"tablet":{"background-color":"","background-image":"","background-repeat":"repeat","background-position":"center center","background-size":"auto","background-attachment":"scroll","background-type":"","background-media":"","overlay-type":"","overlay-color":"","overlay-opacity":"","overlay-gradient":""},"mobile":{"background-color":"","background-image":"","background-repeat":"repeat","background-position":"center center","background-size":"auto","background-attachment":"scroll","background-type":"","background-media":"","overlay-type":"","overlay-color":"","overlay-opacity":"","overlay-gradient":""}},"ast-content-background-meta":{"desktop":{"background-color":"var(--ast-global-color-5)","background-image":"","background-repeat":"repeat","background-position":"center center","background-size":"auto","background-attachment":"scroll","background-type":"","background-media":"","overlay-type":"","overlay-color":"","overlay-opacity":"","overlay-gradient":""},"tablet":{"background-color":"var(--ast-global-color-5)","background-image":"","background-repeat":"repeat","background-position":"center center","background-size":"auto","background-attachment":"scroll","background-type":"","background-media":"","overlay-type":"","overlay-color":"","overlay-opacity":"","overlay-gradient":""},"mobile":{"background-color":"var(--ast-global-color-5)","background-image":"","background-repeat":"repeat","background-position":"center center","background-size":"auto","background-attachment":"scroll","background-type":"","background-media":"","overlay-type":"","overlay-color":"","overlay-opacity":"","overlay-gradient":""}}},"product_brand":[],"product_cat":[266,82],"product_tag":[267,268,269],"class_list":{"0":"post-1346","1":"product","2":"type-product","3":"status-publish","4":"has-post-thumbnail","6":"product_cat-benninghoven","7":"product_cat-asphalt-mixer-parts","8":"product_tag-asphalt","9":"product_tag-blade","10":"product_tag-mixing-arm","11":"desktop-align-left","12":"tablet-align-left","13":"mobile-align-left","14":"ast-product-gallery-layout-horizontal-slider","15":"ast-product-single-variable","16":"ast-product-tabs-layout-horizontal","18":"first","19":"instock","20":"shipping-taxable","21":"purchasable","22":"product-type-variable"},"yoast_head":"<!-- This site is optimized with the Yoast SEO plugin v27.4 - https:\/\/yoast.com\/product\/yoast-seo-wordpress\/ -->\n<title>BENNINGHOVEN 160 Mixer And Parts - Crusher parts, Slurry Pump Parts, Excavator shovel parts<\/title>\n<meta name=\"description\" content=\"We specialize in manufacturing BENNINGHOVEN 160 twin-shaft mixer blades, mixing arms, and liners, serving as unparalleled original replacements.\" \/>\n<meta name=\"robots\" content=\"index, follow, max-snippet:-1, max-image-preview:large, max-video-preview:-1\" \/>\n<link rel=\"canonical\" href=\"https:\/\/miningspareparts.com\/fr\/produit\/benninghoven-160-mixer-and-parts\/\" \/>\n<meta property=\"og:locale\" content=\"fr_FR\" \/>\n<meta property=\"og:type\" content=\"article\" \/>\n<meta property=\"og:title\" content=\"BENNINGHOVEN 160 Mixer And Parts - Crusher parts, Slurry Pump Parts, Excavator shovel parts\" \/>\n<meta property=\"og:description\" content=\"We specialize in manufacturing BENNINGHOVEN 160 twin-shaft mixer blades, mixing arms, and liners, serving as unparalleled original replacements.\" \/>\n<meta property=\"og:url\" content=\"https:\/\/miningspareparts.com\/fr\/produit\/benninghoven-160-mixer-and-parts\/\" \/>\n<meta property=\"og:site_name\" content=\"Crusher parts, Slurry Pump Parts, Excavator shovel parts\" \/>\n<meta property=\"article:modified_time\" content=\"2024-03-26T20:24:01+00:00\" \/>\n<meta property=\"og:image\" content=\"https:\/\/miningspareparts.com\/wp-content\/uploads\/2023\/12\/BENNINGHOVEN-160.webp\" \/>\n\t<meta property=\"og:image:width\" content=\"1417\" \/>\n\t<meta property=\"og:image:height\" content=\"1417\" \/>\n\t<meta property=\"og:image:type\" content=\"image\/webp\" \/>\n<meta name=\"twitter:card\" content=\"summary_large_image\" \/>\n<meta name=\"twitter:label1\" content=\"Dur\u00e9e de lecture estim\u00e9e\" \/>\n\t<meta name=\"twitter:data1\" content=\"2 minutes\" \/>\n<script type=\"application\/ld+json\" class=\"yoast-schema-graph\">{\"@context\":\"https:\\\/\\\/schema.org\",\"@graph\":[{\"@type\":\"WebPage\",\"@id\":\"https:\\\/\\\/miningspareparts.com\\\/product\\\/benninghoven-160-mixer-and-parts\\\/\",\"url\":\"https:\\\/\\\/miningspareparts.com\\\/product\\\/benninghoven-160-mixer-and-parts\\\/\",\"name\":\"BENNINGHOVEN 160 Mixer And Parts - Crusher parts, Slurry Pump Parts, Excavator shovel parts\",\"isPartOf\":{\"@id\":\"https:\\\/\\\/miningspareparts.com\\\/#website\"},\"primaryImageOfPage\":{\"@id\":\"https:\\\/\\\/miningspareparts.com\\\/product\\\/benninghoven-160-mixer-and-parts\\\/#primaryimage\"},\"image\":{\"@id\":\"https:\\\/\\\/miningspareparts.com\\\/product\\\/benninghoven-160-mixer-and-parts\\\/#primaryimage\"},\"thumbnailUrl\":\"https:\\\/\\\/miningspareparts.com\\\/wp-content\\\/uploads\\\/2023\\\/12\\\/BENNINGHOVEN-160.webp\",\"datePublished\":\"2023-12-16T02:23:15+00:00\",\"dateModified\":\"2024-03-26T20:24:01+00:00\",\"description\":\"We specialize in manufacturing BENNINGHOVEN 160 twin-shaft mixer blades, mixing arms, and liners, serving as unparalleled original replacements.\",\"breadcrumb\":{\"@id\":\"https:\\\/\\\/miningspareparts.com\\\/product\\\/benninghoven-160-mixer-and-parts\\\/#breadcrumb\"},\"inLanguage\":\"fr-FR\",\"potentialAction\":[{\"@type\":\"ReadAction\",\"target\":[\"https:\\\/\\\/miningspareparts.com\\\/product\\\/benninghoven-160-mixer-and-parts\\\/\"]}]},{\"@type\":\"ImageObject\",\"inLanguage\":\"fr-FR\",\"@id\":\"https:\\\/\\\/miningspareparts.com\\\/product\\\/benninghoven-160-mixer-and-parts\\\/#primaryimage\",\"url\":\"https:\\\/\\\/miningspareparts.com\\\/wp-content\\\/uploads\\\/2023\\\/12\\\/BENNINGHOVEN-160.webp\",\"contentUrl\":\"https:\\\/\\\/miningspareparts.com\\\/wp-content\\\/uploads\\\/2023\\\/12\\\/BENNINGHOVEN-160.webp\",\"width\":1417,\"height\":1417,\"caption\":\"160asphalt mixer BENNINGHOVEN 160 mixing arm hub\"},{\"@type\":\"BreadcrumbList\",\"@id\":\"https:\\\/\\\/miningspareparts.com\\\/product\\\/benninghoven-160-mixer-and-parts\\\/#breadcrumb\",\"itemListElement\":[{\"@type\":\"ListItem\",\"position\":1,\"name\":\"Home\",\"item\":\"https:\\\/\\\/miningspareparts.com\\\/\"},{\"@type\":\"ListItem\",\"position\":2,\"name\":\"Premium Mining Wear And Spare Parts\",\"item\":\"https:\\\/\\\/miningspareparts.com\\\/shop\\\/\"},{\"@type\":\"ListItem\",\"position\":3,\"name\":\"BENNINGHOVEN 160 Mixer And Parts\"}]},{\"@type\":\"WebSite\",\"@id\":\"https:\\\/\\\/miningspareparts.com\\\/#website\",\"url\":\"https:\\\/\\\/miningspareparts.com\\\/\",\"name\":\"Crusher parts , Concrete Mixer Parts, Slurry Pump Parts, Mining Spares\",\"description\":\"Mining Wear &amp; Spare Parts Supplier\",\"publisher\":{\"@id\":\"https:\\\/\\\/miningspareparts.com\\\/#organization\"},\"potentialAction\":[{\"@type\":\"SearchAction\",\"target\":{\"@type\":\"EntryPoint\",\"urlTemplate\":\"https:\\\/\\\/miningspareparts.com\\\/?s={search_term_string}\"},\"query-input\":{\"@type\":\"PropertyValueSpecification\",\"valueRequired\":true,\"valueName\":\"search_term_string\"}}],\"inLanguage\":\"fr-FR\"},{\"@type\":\"Organization\",\"@id\":\"https:\\\/\\\/miningspareparts.com\\\/#organization\",\"name\":\"Crusher parts , Concrete Mixer Parts, Slurry Pump Parts, Mining Spares\",\"url\":\"https:\\\/\\\/miningspareparts.com\\\/\",\"logo\":{\"@type\":\"ImageObject\",\"inLanguage\":\"fr-FR\",\"@id\":\"https:\\\/\\\/miningspareparts.com\\\/#\\\/schema\\\/logo\\\/image\\\/\",\"url\":\"https:\\\/\\\/miningspareparts.com\\\/wp-content\\\/uploads\\\/2025\\\/04\\\/cropped-cropped-logo\u6b63\u65b9\u5f62.png\",\"contentUrl\":\"https:\\\/\\\/miningspareparts.com\\\/wp-content\\\/uploads\\\/2025\\\/04\\\/cropped-cropped-logo\u6b63\u65b9\u5f62.png\",\"width\":511,\"height\":171,\"caption\":\"Crusher parts , Concrete Mixer Parts, Slurry Pump Parts, Mining Spares\"},\"image\":{\"@id\":\"https:\\\/\\\/miningspareparts.com\\\/#\\\/schema\\\/logo\\\/image\\\/\"}}]}<\/script>\n<!-- \/ Yoast SEO plugin. -->","yoast_head_json":{"title":"BENNINGHOVEN 160 Mixer And Parts - Crusher parts, Slurry Pump Parts, Excavator shovel parts","description":"We specialize in manufacturing BENNINGHOVEN 160 twin-shaft mixer blades, mixing arms, and liners, serving as unparalleled original replacements.","robots":{"index":"index","follow":"follow","max-snippet":"max-snippet:-1","max-image-preview":"max-image-preview:large","max-video-preview":"max-video-preview:-1"},"canonical":"https:\/\/miningspareparts.com\/fr\/produit\/benninghoven-160-mixer-and-parts\/","og_locale":"fr_FR","og_type":"article","og_title":"BENNINGHOVEN 160 Mixer And Parts - Crusher parts, Slurry Pump Parts, Excavator shovel parts","og_description":"We specialize in manufacturing BENNINGHOVEN 160 twin-shaft mixer blades, mixing arms, and liners, serving as unparalleled original replacements.","og_url":"https:\/\/miningspareparts.com\/fr\/produit\/benninghoven-160-mixer-and-parts\/","og_site_name":"Crusher parts, Slurry Pump Parts, Excavator shovel parts","article_modified_time":"2024-03-26T20:24:01+00:00","og_image":[{"width":1417,"height":1417,"url":"https:\/\/miningspareparts.com\/wp-content\/uploads\/2023\/12\/BENNINGHOVEN-160.webp","type":"image\/webp"}],"twitter_card":"summary_large_image","twitter_misc":{"Dur\u00e9e de lecture estim\u00e9e":"2 minutes"},"schema":{"@context":"https:\/\/schema.org","@graph":[{"@type":"WebPage","@id":"https:\/\/miningspareparts.com\/product\/benninghoven-160-mixer-and-parts\/","url":"https:\/\/miningspareparts.com\/product\/benninghoven-160-mixer-and-parts\/","name":"BENNINGHOVEN 160 Mixer And Parts - Crusher parts, Slurry Pump Parts, Excavator shovel parts","isPartOf":{"@id":"https:\/\/miningspareparts.com\/#website"},"primaryImageOfPage":{"@id":"https:\/\/miningspareparts.com\/product\/benninghoven-160-mixer-and-parts\/#primaryimage"},"image":{"@id":"https:\/\/miningspareparts.com\/product\/benninghoven-160-mixer-and-parts\/#primaryimage"},"thumbnailUrl":"https:\/\/miningspareparts.com\/wp-content\/uploads\/2023\/12\/BENNINGHOVEN-160.webp","datePublished":"2023-12-16T02:23:15+00:00","dateModified":"2024-03-26T20:24:01+00:00","description":"We specialize in manufacturing BENNINGHOVEN 160 twin-shaft mixer blades, mixing arms, and liners, serving as unparalleled original replacements.","breadcrumb":{"@id":"https:\/\/miningspareparts.com\/product\/benninghoven-160-mixer-and-parts\/#breadcrumb"},"inLanguage":"fr-FR","potentialAction":[{"@type":"ReadAction","target":["https:\/\/miningspareparts.com\/product\/benninghoven-160-mixer-and-parts\/"]}]},{"@type":"ImageObject","inLanguage":"fr-FR","@id":"https:\/\/miningspareparts.com\/product\/benninghoven-160-mixer-and-parts\/#primaryimage","url":"https:\/\/miningspareparts.com\/wp-content\/uploads\/2023\/12\/BENNINGHOVEN-160.webp","contentUrl":"https:\/\/miningspareparts.com\/wp-content\/uploads\/2023\/12\/BENNINGHOVEN-160.webp","width":1417,"height":1417,"caption":"160asphalt mixer BENNINGHOVEN 160 mixing arm hub"},{"@type":"BreadcrumbList","@id":"https:\/\/miningspareparts.com\/product\/benninghoven-160-mixer-and-parts\/#breadcrumb","itemListElement":[{"@type":"ListItem","position":1,"name":"Home","item":"https:\/\/miningspareparts.com\/"},{"@type":"ListItem","position":2,"name":"Premium Mining Wear And Spare Parts","item":"https:\/\/miningspareparts.com\/shop\/"},{"@type":"ListItem","position":3,"name":"BENNINGHOVEN 160 Mixer And Parts"}]},{"@type":"WebSite","@id":"https:\/\/miningspareparts.com\/#website","url":"https:\/\/miningspareparts.com\/","name":"Crusher parts , Concrete Mixer Parts, Slurry Pump Parts, Mining Spares","description":"Mining Wear &amp; Spare Parts Supplier","publisher":{"@id":"https:\/\/miningspareparts.com\/#organization"},"potentialAction":[{"@type":"SearchAction","target":{"@type":"EntryPoint","urlTemplate":"https:\/\/miningspareparts.com\/?s={search_term_string}"},"query-input":{"@type":"PropertyValueSpecification","valueRequired":true,"valueName":"search_term_string"}}],"inLanguage":"fr-FR"},{"@type":"Organization","@id":"https:\/\/miningspareparts.com\/#organization","name":"Crusher parts , Concrete Mixer Parts, Slurry Pump Parts, Mining Spares","url":"https:\/\/miningspareparts.com\/","logo":{"@type":"ImageObject","inLanguage":"fr-FR","@id":"https:\/\/miningspareparts.com\/#\/schema\/logo\/image\/","url":"https:\/\/miningspareparts.com\/wp-content\/uploads\/2025\/04\/cropped-cropped-logo\u6b63\u65b9\u5f62.png","contentUrl":"https:\/\/miningspareparts.com\/wp-content\/uploads\/2025\/04\/cropped-cropped-logo\u6b63\u65b9\u5f62.png","width":511,"height":171,"caption":"Crusher parts , Concrete Mixer Parts, Slurry Pump Parts, Mining Spares"},"image":{"@id":"https:\/\/miningspareparts.com\/#\/schema\/logo\/image\/"}}]}},"uagb_featured_image_src":{"full":["https:\/\/miningspareparts.com\/wp-content\/uploads\/2023\/12\/BENNINGHOVEN-160.webp",1417,1417,false],"thumbnail":["https:\/\/miningspareparts.com\/wp-content\/uploads\/2023\/12\/BENNINGHOVEN-160-150x150.webp",150,150,true],"medium":["https:\/\/miningspareparts.com\/wp-content\/uploads\/2023\/12\/BENNINGHOVEN-160-300x300.webp",300,300,true],"medium_large":["https:\/\/miningspareparts.com\/wp-content\/uploads\/2023\/12\/BENNINGHOVEN-160-768x768.webp",768,768,true],"large":["https:\/\/miningspareparts.com\/wp-content\/uploads\/2023\/12\/BENNINGHOVEN-160-1024x1024.webp",1024,1024,true],"1536x1536":["https:\/\/miningspareparts.com\/wp-content\/uploads\/2023\/12\/BENNINGHOVEN-160.webp",1417,1417,false],"2048x2048":["https:\/\/miningspareparts.com\/wp-content\/uploads\/2023\/12\/BENNINGHOVEN-160.webp",1417,1417,false],"trp-custom-language-flag":["https:\/\/miningspareparts.com\/wp-content\/uploads\/2023\/12\/BENNINGHOVEN-160.webp",12,12,false],"woocommerce_thumbnail":["https:\/\/miningspareparts.com\/wp-content\/uploads\/2023\/12\/BENNINGHOVEN-160-300x300.webp",300,300,true],"woocommerce_single":["https:\/\/miningspareparts.com\/wp-content\/uploads\/2023\/12\/BENNINGHOVEN-160-600x600.webp",600,600,true],"woocommerce_gallery_thumbnail":["https:\/\/miningspareparts.com\/wp-content\/uploads\/2023\/12\/BENNINGHOVEN-160-100x100.webp",100,100,true]},"uagb_author_info":{"display_name":"Miningspareparts","author_link":"https:\/\/miningspareparts.com\/fr\/author\/"},"uagb_comment_info":1,"uagb_excerpt":"Models:Benninghoven\u00a0160","_links":{"self":[{"href":"https:\/\/miningspareparts.com\/fr\/wp-json\/wp\/v2\/product\/1346","targetHints":{"allow":["GET"]}}],"collection":[{"href":"https:\/\/miningspareparts.com\/fr\/wp-json\/wp\/v2\/product"}],"about":[{"href":"https:\/\/miningspareparts.com\/fr\/wp-json\/wp\/v2\/types\/product"}],"wp:featuredmedia":[{"embeddable":true,"href":"https:\/\/miningspareparts.com\/fr\/wp-json\/wp\/v2\/media\/1354"}],"wp:attachment":[{"href":"https:\/\/miningspareparts.com\/fr\/wp-json\/wp\/v2\/media?parent=1346"}],"wp:term":[{"taxonomy":"product_brand","embeddable":true,"href":"https:\/\/miningspareparts.com\/fr\/wp-json\/wp\/v2\/product_brand?post=1346"},{"taxonomy":"product_cat","embeddable":true,"href":"https:\/\/miningspareparts.com\/fr\/wp-json\/wp\/v2\/product_cat?post=1346"},{"taxonomy":"product_tag","embeddable":true,"href":"https:\/\/miningspareparts.com\/fr\/wp-json\/wp\/v2\/product_tag?post=1346"}],"curies":[{"name":"wp","href":"https:\/\/api.w.org\/{rel}","templated":true}]}}