{"id":1549,"date":"2023-12-20T04:34:38","date_gmt":"2023-12-20T04:34:38","guid":{"rendered":"https:\/\/miningspareparts.com\/?post_type=product&#038;p=1549"},"modified":"2024-01-16T08:34:28","modified_gmt":"2024-01-16T08:34:28","slug":"ermont-rb160-asphalt-mixer-parts","status":"publish","type":"product","link":"https:\/\/miningspareparts.com\/fr\/produit\/ermont-rb160-asphalt-mixer-parts\/","title":{"rendered":"Ermont RB160 Mixer Parts"},"content":{"rendered":"<table width=\"1286\">\n<tbody>\n<tr>\n<td colspan=\"6\" width=\"1287\"><b>Mod\u00e8les :<\/b><i>Ermont<\/i><i>\u00a0RB160<\/i><\/td>\n<\/tr>\n<tr>\n<td width=\"216\"><\/td>\n<td width=\"182\"><b>POSITION<\/b><\/td>\n<td width=\"252\"><b>CODE DE L'\u00c9L\u00c9MENT<\/b><\/td>\n<td width=\"127\"><b>QT\u00c9<\/b><\/td>\n<td width=\"230\"><b>CAT\u00c9GORIE<\/b><\/td>\n<td width=\"277\"><b>POIDS NET<\/b><\/td>\n<\/tr>\n<tr>\n<td rowspan=\"4\" width=\"216\"><b>Rev\u00eatements muraux<\/b><\/td>\n<td width=\"182\">1<\/td>\n<td width=\"252\">4002605840<\/td>\n<td width=\"127\">30<\/td>\n<td width=\"230\">Rev\u00eatements muraux 1<\/td>\n<td width=\"277\"><\/td>\n<\/tr>\n<tr>\n<td width=\"182\">2<\/td>\n<td width=\"252\">400260585<\/td>\n<td width=\"127\">4<\/td>\n<td width=\"230\">Rev\u00eatements muraux 2<\/td>\n<td width=\"277\"><\/td>\n<\/tr>\n<tr>\n<td width=\"182\">3<\/td>\n<td width=\"252\">400260586<\/td>\n<td width=\"127\">6<\/td>\n<td width=\"230\">Rev\u00eatements muraux 3<\/td>\n<td width=\"277\"><\/td>\n<\/tr>\n<tr>\n<td width=\"182\">4<\/td>\n<td width=\"252\"><\/td>\n<td width=\"127\">2<\/td>\n<td width=\"230\">Rev\u00eatements muraux 4<\/td>\n<td width=\"277\"><\/td>\n<\/tr>\n<tr>\n<td width=\"216\"><\/td>\n<td width=\"182\"><\/td>\n<td width=\"252\"><\/td>\n<td width=\"127\"><\/td>\n<td width=\"230\"><\/td>\n<td width=\"277\"><\/td>\n<\/tr>\n<tr>\n<td rowspan=\"4\" width=\"216\"><b>Bras et conseils<\/b><\/td>\n<td width=\"182\">1<\/td>\n<td width=\"252\"><\/td>\n<td width=\"127\">8<\/td>\n<td width=\"230\">Lame \u00e0 lancer<\/td>\n<td width=\"277\"><\/td>\n<\/tr>\n<tr>\n<td width=\"182\">2<\/td>\n<td width=\"252\"><\/td>\n<td width=\"127\">12<\/td>\n<td width=\"230\">Truelle centrale<\/td>\n<td width=\"277\"><\/td>\n<\/tr>\n<tr>\n<td width=\"182\">3<\/td>\n<td width=\"252\">036800002 1712\u0410<\/td>\n<td width=\"127\">8<\/td>\n<td width=\"230\">Support de lancement<\/td>\n<td width=\"277\"><\/td>\n<\/tr>\n<tr>\n<td width=\"182\">4<\/td>\n<td width=\"252\">036800001 1710\u0410<\/td>\n<td width=\"127\">12<\/td>\n<td width=\"230\">B\u00e9quille centrale<\/td>\n<td width=\"277\"><\/td>\n<\/tr>\n<tr>\n<td width=\"216\"><\/td>\n<td width=\"182\"><\/td>\n<td width=\"252\"><\/td>\n<td width=\"127\"><\/td>\n<td width=\"230\"><\/td>\n<td width=\"277\"><\/td>\n<\/tr>\n<tr>\n<td rowspan=\"3\" width=\"216\"><b>Doublure d'extr\u00e9mit\u00e9<\/b><\/td>\n<td width=\"182\">1<\/td>\n<td width=\"252\">4002605830<\/td>\n<td width=\"127\">8<\/td>\n<td width=\"230\">Doublure d'extr\u00e9mit\u00e9 1<\/td>\n<td width=\"277\"><\/td>\n<\/tr>\n<tr>\n<td width=\"182\">2<\/td>\n<td width=\"252\">400260582<\/td>\n<td width=\"127\">4<\/td>\n<td width=\"230\">Doublure d'extr\u00e9mit\u00e9 2<\/td>\n<td width=\"277\"><\/td>\n<\/tr>\n<tr>\n<td width=\"182\">3<\/td>\n<td width=\"252\">400260581<\/td>\n<td width=\"127\">4<\/td>\n<td width=\"230\">Doublure d'extr\u00e9mit\u00e9 3<\/td>\n<td width=\"277\"><\/td>\n<\/tr>\n<\/tbody>\n<\/table>\n<p><img fetchpriority=\"high\" decoding=\"async\" class=\"wp-image-3550 alignleft\" src=\"https:\/\/miningspareparts.com\/wp-content\/uploads\/2024\/01\/Mixer-And-Wear-Parts1-239x300.webp\" alt=\"\" width=\"498\" height=\"625\" srcset=\"https:\/\/miningspareparts.com\/wp-content\/uploads\/2024\/01\/Mixer-And-Wear-Parts1-239x300.webp 239w, https:\/\/miningspareparts.com\/wp-content\/uploads\/2024\/01\/Mixer-And-Wear-Parts1-817x1024.webp 817w, https:\/\/miningspareparts.com\/wp-content\/uploads\/2024\/01\/Mixer-And-Wear-Parts1-768x963.webp 768w, https:\/\/miningspareparts.com\/wp-content\/uploads\/2024\/01\/Mixer-And-Wear-Parts1-1226x1536.webp 1226w, https:\/\/miningspareparts.com\/wp-content\/uploads\/2024\/01\/Mixer-And-Wear-Parts1-1634x2048.webp 1634w, https:\/\/miningspareparts.com\/wp-content\/uploads\/2024\/01\/Mixer-And-Wear-Parts1-600x752.webp 600w, https:\/\/miningspareparts.com\/wp-content\/uploads\/2024\/01\/Mixer-And-Wear-Parts1.webp 2037w\" sizes=\"(max-width: 498px) 100vw, 498px\" \/><span style=\"font-size: 16px\">\u00a0<\/span><img decoding=\"async\" class=\"wp-image-3551 alignnone\" style=\"font-weight: inherit\" src=\"https:\/\/miningspareparts.com\/wp-content\/uploads\/2024\/01\/Mixer-And-Wear-Parts2-210x300.webp\" alt=\"\" width=\"454\" height=\"649\" srcset=\"https:\/\/miningspareparts.com\/wp-content\/uploads\/2024\/01\/Mixer-And-Wear-Parts2-210x300.webp 210w, https:\/\/miningspareparts.com\/wp-content\/uploads\/2024\/01\/Mixer-And-Wear-Parts2-600x856.webp 600w\" sizes=\"(max-width: 454px) 100vw, 454px\" \/><\/p>\n<p>Nous sommes sp\u00e9cialis\u00e9s dans la fabrication de pales, de bras de malaxage et de rev\u00eatements de malaxeur d'asphalte \u00e0 deux arbres Ermont RB160 de haute qualit\u00e9, ce qui en fait le premier choix pour le remplacement d'origine. Nos solutions de rechange sont durables et garantissent des performances soutenues. Avec un engagement d'excellence, nous donnons la priorit\u00e9 \u00e0 la livraison de produits qui r\u00e9sistent \u00e0 l'\u00e9preuve du temps, en r\u00e9pondant aux divers besoins de nos clients. Notre processus de fabrication allie pr\u00e9cision et innovation, ce qui se traduit par des composants qui contribuent \u00e0 l'efficacit\u00e9 globale des op\u00e9rations d'enrobage. En tant que partenaire fiable de l'industrie, nous garantissons non seulement le remplacement des pi\u00e8ces essentielles, mais aussi l'am\u00e9lioration des performances et de la long\u00e9vit\u00e9. En mettant l'accent sur la durabilit\u00e9, nos produits supportent des conditions rigoureuses, offrant une solution rentable et efficace pour vos besoins en mati\u00e8re d'enrobage. Notre engagement en faveur de la qualit\u00e9 et de l'innovation nous positionne comme un fournisseur de confiance dans le domaine de la technologie de l'enrobage, en fournissant des composants de remplacement d'origine qui d\u00e9passent les normes de l'industrie.<\/p>","protected":false},"excerpt":{"rendered":"<table width=\"1286\">\n<tbody>\n<tr>\n<td colspan=\"6\" width=\"1287\"><b>Mod\u00e8les :<\/b><i>Ermont<\/i><i>\u00a0RB160<\/i><\/td>\n<\/tr>\n<\/tbody>\n<\/table>","protected":false},"featured_media":1550,"template":"","meta":{"_uag_custom_page_level_css":"","site-sidebar-layout":"default","site-content-layout":"","ast-site-content-layout":"default","site-content-style":"default","site-sidebar-style":"default","ast-global-header-display":"","ast-banner-title-visibility":"","ast-main-header-display":"","ast-hfb-above-header-display":"","ast-hfb-below-header-display":"","ast-hfb-mobile-header-display":"","site-post-title":"","ast-breadcrumbs-content":"","ast-featured-img":"","footer-sml-layout":"","ast-disable-related-posts":"","theme-transparent-header-meta":"default","adv-header-id-meta":"","stick-header-meta":"default","header-above-stick-meta":"","header-main-stick-meta":"","header-below-stick-meta":"","astra-migrate-meta-layouts":"set","ast-page-background-enabled":"default","ast-page-background-meta":{"desktop":{"background-color":"var(--ast-global-color-4)","background-image":"","background-repeat":"repeat","background-position":"center center","background-size":"auto","background-attachment":"scroll","background-type":"","background-media":"","overlay-type":"","overlay-color":"","overlay-opacity":"","overlay-gradient":""},"tablet":{"background-color":"","background-image":"","background-repeat":"repeat","background-position":"center center","background-size":"auto","background-attachment":"scroll","background-type":"","background-media":"","overlay-type":"","overlay-color":"","overlay-opacity":"","overlay-gradient":""},"mobile":{"background-color":"","background-image":"","background-repeat":"repeat","background-position":"center center","background-size":"auto","background-attachment":"scroll","background-type":"","background-media":"","overlay-type":"","overlay-color":"","overlay-opacity":"","overlay-gradient":""}},"ast-content-background-meta":{"desktop":{"background-color":"var(--ast-global-color-5)","background-image":"","background-repeat":"repeat","background-position":"center center","background-size":"auto","background-attachment":"scroll","background-type":"","background-media":"","overlay-type":"","overlay-color":"","overlay-opacity":"","overlay-gradient":""},"tablet":{"background-color":"var(--ast-global-color-5)","background-image":"","background-repeat":"repeat","background-position":"center center","background-size":"auto","background-attachment":"scroll","background-type":"","background-media":"","overlay-type":"","overlay-color":"","overlay-opacity":"","overlay-gradient":""},"mobile":{"background-color":"var(--ast-global-color-5)","background-image":"","background-repeat":"repeat","background-position":"center center","background-size":"auto","background-attachment":"scroll","background-type":"","background-media":"","overlay-type":"","overlay-color":"","overlay-opacity":"","overlay-gradient":""}}},"product_brand":[],"product_cat":[275,82],"product_tag":[267],"class_list":{"0":"post-1549","1":"product","2":"type-product","3":"status-publish","4":"has-post-thumbnail","6":"product_cat-other","7":"product_cat-asphalt-mixer-parts","8":"product_tag-asphalt","9":"desktop-align-left","10":"tablet-align-left","11":"mobile-align-left","12":"ast-product-gallery-layout-horizontal-slider","13":"ast-product-single-variable","14":"ast-product-tabs-layout-horizontal","16":"first","17":"instock","18":"shipping-taxable","19":"purchasable","20":"product-type-variable"},"yoast_head":"<!-- This site is optimized with the Yoast SEO plugin v27.4 - https:\/\/yoast.com\/product\/yoast-seo-wordpress\/ -->\n<title>Ermont RB160 Asphalt Mixer Parts - Crusher parts, Slurry Pump Parts, Excavator shovel parts<\/title>\n<meta name=\"description\" content=\"Ermont RB160 concrete twin-shaft mixer blades, mixing arms, and liners offer original replacement and exceptional wear resistance\" \/>\n<meta name=\"robots\" content=\"index, follow, max-snippet:-1, max-image-preview:large, max-video-preview:-1\" \/>\n<link rel=\"canonical\" href=\"https:\/\/miningspareparts.com\/fr\/produit\/ermont-rb160-asphalt-mixer-parts\/\" \/>\n<meta property=\"og:locale\" content=\"fr_FR\" \/>\n<meta property=\"og:type\" content=\"article\" \/>\n<meta property=\"og:title\" content=\"Ermont RB160 Asphalt Mixer Parts - Crusher parts, Slurry Pump Parts, Excavator shovel parts\" \/>\n<meta property=\"og:description\" content=\"Ermont RB160 concrete twin-shaft mixer blades, mixing arms, and liners offer original replacement and exceptional wear resistance\" \/>\n<meta property=\"og:url\" content=\"https:\/\/miningspareparts.com\/fr\/produit\/ermont-rb160-asphalt-mixer-parts\/\" \/>\n<meta property=\"og:site_name\" content=\"Crusher parts, Slurry Pump Parts, Excavator shovel parts\" \/>\n<meta property=\"article:modified_time\" content=\"2024-01-16T08:34:28+00:00\" \/>\n<meta property=\"og:image\" content=\"https:\/\/miningspareparts.com\/wp-content\/uploads\/2023\/12\/ermont-rb160-bronya.jpg\" \/>\n\t<meta property=\"og:image:width\" content=\"1417\" \/>\n\t<meta property=\"og:image:height\" content=\"1417\" \/>\n\t<meta property=\"og:image:type\" content=\"image\/jpeg\" \/>\n<meta name=\"twitter:card\" content=\"summary_large_image\" \/>\n<meta name=\"twitter:label1\" content=\"Dur\u00e9e de lecture estim\u00e9e\" \/>\n\t<meta name=\"twitter:data1\" content=\"2 minutes\" \/>\n<script type=\"application\/ld+json\" class=\"yoast-schema-graph\">{\"@context\":\"https:\\\/\\\/schema.org\",\"@graph\":[{\"@type\":\"WebPage\",\"@id\":\"https:\\\/\\\/miningspareparts.com\\\/product\\\/ermont-rb160-asphalt-mixer-parts\\\/\",\"url\":\"https:\\\/\\\/miningspareparts.com\\\/product\\\/ermont-rb160-asphalt-mixer-parts\\\/\",\"name\":\"Ermont RB160 Asphalt Mixer Parts - Crusher parts, Slurry Pump Parts, Excavator shovel parts\",\"isPartOf\":{\"@id\":\"https:\\\/\\\/miningspareparts.com\\\/#website\"},\"primaryImageOfPage\":{\"@id\":\"https:\\\/\\\/miningspareparts.com\\\/product\\\/ermont-rb160-asphalt-mixer-parts\\\/#primaryimage\"},\"image\":{\"@id\":\"https:\\\/\\\/miningspareparts.com\\\/product\\\/ermont-rb160-asphalt-mixer-parts\\\/#primaryimage\"},\"thumbnailUrl\":\"https:\\\/\\\/miningspareparts.com\\\/wp-content\\\/uploads\\\/2023\\\/12\\\/ermont-rb160-bronya.jpg\",\"datePublished\":\"2023-12-20T04:34:38+00:00\",\"dateModified\":\"2024-01-16T08:34:28+00:00\",\"description\":\"Ermont RB160 concrete twin-shaft mixer blades, mixing arms, and liners offer original replacement and exceptional wear resistance\",\"breadcrumb\":{\"@id\":\"https:\\\/\\\/miningspareparts.com\\\/product\\\/ermont-rb160-asphalt-mixer-parts\\\/#breadcrumb\"},\"inLanguage\":\"fr-FR\",\"potentialAction\":[{\"@type\":\"ReadAction\",\"target\":[\"https:\\\/\\\/miningspareparts.com\\\/product\\\/ermont-rb160-asphalt-mixer-parts\\\/\"]}]},{\"@type\":\"ImageObject\",\"inLanguage\":\"fr-FR\",\"@id\":\"https:\\\/\\\/miningspareparts.com\\\/product\\\/ermont-rb160-asphalt-mixer-parts\\\/#primaryimage\",\"url\":\"https:\\\/\\\/miningspareparts.com\\\/wp-content\\\/uploads\\\/2023\\\/12\\\/ermont-rb160-bronya.jpg\",\"contentUrl\":\"https:\\\/\\\/miningspareparts.com\\\/wp-content\\\/uploads\\\/2023\\\/12\\\/ermont-rb160-bronya.jpg\",\"width\":1417,\"height\":1417,\"caption\":\"asphalt Ermont RB160 Mixer Parts liner\"},{\"@type\":\"BreadcrumbList\",\"@id\":\"https:\\\/\\\/miningspareparts.com\\\/product\\\/ermont-rb160-asphalt-mixer-parts\\\/#breadcrumb\",\"itemListElement\":[{\"@type\":\"ListItem\",\"position\":1,\"name\":\"Home\",\"item\":\"https:\\\/\\\/miningspareparts.com\\\/\"},{\"@type\":\"ListItem\",\"position\":2,\"name\":\"Premium Mining Wear And Spare Parts\",\"item\":\"https:\\\/\\\/miningspareparts.com\\\/shop\\\/\"},{\"@type\":\"ListItem\",\"position\":3,\"name\":\"Ermont RB160 Mixer Parts\"}]},{\"@type\":\"WebSite\",\"@id\":\"https:\\\/\\\/miningspareparts.com\\\/#website\",\"url\":\"https:\\\/\\\/miningspareparts.com\\\/\",\"name\":\"Crusher parts , Concrete Mixer Parts, Slurry Pump Parts, Mining Spares\",\"description\":\"Mining Wear &amp; Spare Parts Supplier\",\"publisher\":{\"@id\":\"https:\\\/\\\/miningspareparts.com\\\/#organization\"},\"potentialAction\":[{\"@type\":\"SearchAction\",\"target\":{\"@type\":\"EntryPoint\",\"urlTemplate\":\"https:\\\/\\\/miningspareparts.com\\\/?s={search_term_string}\"},\"query-input\":{\"@type\":\"PropertyValueSpecification\",\"valueRequired\":true,\"valueName\":\"search_term_string\"}}],\"inLanguage\":\"fr-FR\"},{\"@type\":\"Organization\",\"@id\":\"https:\\\/\\\/miningspareparts.com\\\/#organization\",\"name\":\"Crusher parts , Concrete Mixer Parts, Slurry Pump Parts, Mining Spares\",\"url\":\"https:\\\/\\\/miningspareparts.com\\\/\",\"logo\":{\"@type\":\"ImageObject\",\"inLanguage\":\"fr-FR\",\"@id\":\"https:\\\/\\\/miningspareparts.com\\\/#\\\/schema\\\/logo\\\/image\\\/\",\"url\":\"https:\\\/\\\/miningspareparts.com\\\/wp-content\\\/uploads\\\/2025\\\/04\\\/cropped-cropped-logo\u6b63\u65b9\u5f62.png\",\"contentUrl\":\"https:\\\/\\\/miningspareparts.com\\\/wp-content\\\/uploads\\\/2025\\\/04\\\/cropped-cropped-logo\u6b63\u65b9\u5f62.png\",\"width\":511,\"height\":171,\"caption\":\"Crusher parts , Concrete Mixer Parts, Slurry Pump Parts, Mining Spares\"},\"image\":{\"@id\":\"https:\\\/\\\/miningspareparts.com\\\/#\\\/schema\\\/logo\\\/image\\\/\"}}]}<\/script>\n<!-- \/ Yoast SEO plugin. -->","yoast_head_json":{"title":"Ermont RB160 Asphalt Mixer Parts - Crusher parts, Slurry Pump Parts, Excavator shovel parts","description":"Ermont RB160 concrete twin-shaft mixer blades, mixing arms, and liners offer original replacement and exceptional wear resistance","robots":{"index":"index","follow":"follow","max-snippet":"max-snippet:-1","max-image-preview":"max-image-preview:large","max-video-preview":"max-video-preview:-1"},"canonical":"https:\/\/miningspareparts.com\/fr\/produit\/ermont-rb160-asphalt-mixer-parts\/","og_locale":"fr_FR","og_type":"article","og_title":"Ermont RB160 Asphalt Mixer Parts - Crusher parts, Slurry Pump Parts, Excavator shovel parts","og_description":"Ermont RB160 concrete twin-shaft mixer blades, mixing arms, and liners offer original replacement and exceptional wear resistance","og_url":"https:\/\/miningspareparts.com\/fr\/produit\/ermont-rb160-asphalt-mixer-parts\/","og_site_name":"Crusher parts, Slurry Pump Parts, Excavator shovel parts","article_modified_time":"2024-01-16T08:34:28+00:00","og_image":[{"width":1417,"height":1417,"url":"https:\/\/miningspareparts.com\/wp-content\/uploads\/2023\/12\/ermont-rb160-bronya.jpg","type":"image\/jpeg"}],"twitter_card":"summary_large_image","twitter_misc":{"Dur\u00e9e de lecture estim\u00e9e":"2 minutes"},"schema":{"@context":"https:\/\/schema.org","@graph":[{"@type":"WebPage","@id":"https:\/\/miningspareparts.com\/product\/ermont-rb160-asphalt-mixer-parts\/","url":"https:\/\/miningspareparts.com\/product\/ermont-rb160-asphalt-mixer-parts\/","name":"Ermont RB160 Asphalt Mixer Parts - Crusher parts, Slurry Pump Parts, Excavator shovel parts","isPartOf":{"@id":"https:\/\/miningspareparts.com\/#website"},"primaryImageOfPage":{"@id":"https:\/\/miningspareparts.com\/product\/ermont-rb160-asphalt-mixer-parts\/#primaryimage"},"image":{"@id":"https:\/\/miningspareparts.com\/product\/ermont-rb160-asphalt-mixer-parts\/#primaryimage"},"thumbnailUrl":"https:\/\/miningspareparts.com\/wp-content\/uploads\/2023\/12\/ermont-rb160-bronya.jpg","datePublished":"2023-12-20T04:34:38+00:00","dateModified":"2024-01-16T08:34:28+00:00","description":"Ermont RB160 concrete twin-shaft mixer blades, mixing arms, and liners offer original replacement and exceptional wear resistance","breadcrumb":{"@id":"https:\/\/miningspareparts.com\/product\/ermont-rb160-asphalt-mixer-parts\/#breadcrumb"},"inLanguage":"fr-FR","potentialAction":[{"@type":"ReadAction","target":["https:\/\/miningspareparts.com\/product\/ermont-rb160-asphalt-mixer-parts\/"]}]},{"@type":"ImageObject","inLanguage":"fr-FR","@id":"https:\/\/miningspareparts.com\/product\/ermont-rb160-asphalt-mixer-parts\/#primaryimage","url":"https:\/\/miningspareparts.com\/wp-content\/uploads\/2023\/12\/ermont-rb160-bronya.jpg","contentUrl":"https:\/\/miningspareparts.com\/wp-content\/uploads\/2023\/12\/ermont-rb160-bronya.jpg","width":1417,"height":1417,"caption":"asphalt Ermont RB160 Mixer Parts liner"},{"@type":"BreadcrumbList","@id":"https:\/\/miningspareparts.com\/product\/ermont-rb160-asphalt-mixer-parts\/#breadcrumb","itemListElement":[{"@type":"ListItem","position":1,"name":"Home","item":"https:\/\/miningspareparts.com\/"},{"@type":"ListItem","position":2,"name":"Premium Mining Wear And Spare Parts","item":"https:\/\/miningspareparts.com\/shop\/"},{"@type":"ListItem","position":3,"name":"Ermont RB160 Mixer Parts"}]},{"@type":"WebSite","@id":"https:\/\/miningspareparts.com\/#website","url":"https:\/\/miningspareparts.com\/","name":"Crusher parts , Concrete Mixer Parts, Slurry Pump Parts, Mining Spares","description":"Mining Wear &amp; Spare Parts Supplier","publisher":{"@id":"https:\/\/miningspareparts.com\/#organization"},"potentialAction":[{"@type":"SearchAction","target":{"@type":"EntryPoint","urlTemplate":"https:\/\/miningspareparts.com\/?s={search_term_string}"},"query-input":{"@type":"PropertyValueSpecification","valueRequired":true,"valueName":"search_term_string"}}],"inLanguage":"fr-FR"},{"@type":"Organization","@id":"https:\/\/miningspareparts.com\/#organization","name":"Crusher parts , Concrete Mixer Parts, Slurry Pump Parts, Mining Spares","url":"https:\/\/miningspareparts.com\/","logo":{"@type":"ImageObject","inLanguage":"fr-FR","@id":"https:\/\/miningspareparts.com\/#\/schema\/logo\/image\/","url":"https:\/\/miningspareparts.com\/wp-content\/uploads\/2025\/04\/cropped-cropped-logo\u6b63\u65b9\u5f62.png","contentUrl":"https:\/\/miningspareparts.com\/wp-content\/uploads\/2025\/04\/cropped-cropped-logo\u6b63\u65b9\u5f62.png","width":511,"height":171,"caption":"Crusher parts , Concrete Mixer Parts, Slurry Pump Parts, Mining Spares"},"image":{"@id":"https:\/\/miningspareparts.com\/#\/schema\/logo\/image\/"}}]}},"uagb_featured_image_src":{"full":["https:\/\/miningspareparts.com\/wp-content\/uploads\/2023\/12\/ermont-rb160-bronya.jpg",1417,1417,false],"thumbnail":["https:\/\/miningspareparts.com\/wp-content\/uploads\/2023\/12\/ermont-rb160-bronya-150x150.jpg",150,150,true],"medium":["https:\/\/miningspareparts.com\/wp-content\/uploads\/2023\/12\/ermont-rb160-bronya-300x300.jpg",300,300,true],"medium_large":["https:\/\/miningspareparts.com\/wp-content\/uploads\/2023\/12\/ermont-rb160-bronya-768x768.jpg",768,768,true],"large":["https:\/\/miningspareparts.com\/wp-content\/uploads\/2023\/12\/ermont-rb160-bronya-1024x1024.jpg",1024,1024,true],"1536x1536":["https:\/\/miningspareparts.com\/wp-content\/uploads\/2023\/12\/ermont-rb160-bronya.jpg",1417,1417,false],"2048x2048":["https:\/\/miningspareparts.com\/wp-content\/uploads\/2023\/12\/ermont-rb160-bronya.jpg",1417,1417,false],"trp-custom-language-flag":["https:\/\/miningspareparts.com\/wp-content\/uploads\/2023\/12\/ermont-rb160-bronya.jpg",12,12,false],"woocommerce_thumbnail":["https:\/\/miningspareparts.com\/wp-content\/uploads\/2023\/12\/ermont-rb160-bronya-300x300.jpg",300,300,true],"woocommerce_single":["https:\/\/miningspareparts.com\/wp-content\/uploads\/2023\/12\/ermont-rb160-bronya-600x600.jpg",600,600,true],"woocommerce_gallery_thumbnail":["https:\/\/miningspareparts.com\/wp-content\/uploads\/2023\/12\/ermont-rb160-bronya-100x100.jpg",100,100,true]},"uagb_author_info":{"display_name":"Miningspareparts","author_link":"https:\/\/miningspareparts.com\/fr\/author\/"},"uagb_comment_info":0,"uagb_excerpt":"Models:Ermont\u00a0RB160","_links":{"self":[{"href":"https:\/\/miningspareparts.com\/fr\/wp-json\/wp\/v2\/product\/1549","targetHints":{"allow":["GET"]}}],"collection":[{"href":"https:\/\/miningspareparts.com\/fr\/wp-json\/wp\/v2\/product"}],"about":[{"href":"https:\/\/miningspareparts.com\/fr\/wp-json\/wp\/v2\/types\/product"}],"wp:featuredmedia":[{"embeddable":true,"href":"https:\/\/miningspareparts.com\/fr\/wp-json\/wp\/v2\/media\/1550"}],"wp:attachment":[{"href":"https:\/\/miningspareparts.com\/fr\/wp-json\/wp\/v2\/media?parent=1549"}],"wp:term":[{"taxonomy":"product_brand","embeddable":true,"href":"https:\/\/miningspareparts.com\/fr\/wp-json\/wp\/v2\/product_brand?post=1549"},{"taxonomy":"product_cat","embeddable":true,"href":"https:\/\/miningspareparts.com\/fr\/wp-json\/wp\/v2\/product_cat?post=1549"},{"taxonomy":"product_tag","embeddable":true,"href":"https:\/\/miningspareparts.com\/fr\/wp-json\/wp\/v2\/product_tag?post=1549"}],"curies":[{"name":"wp","href":"https:\/\/api.w.org\/{rel}","templated":true}]}}