{"id":1580,"date":"2023-12-20T04:58:50","date_gmt":"2023-12-20T04:58:50","guid":{"rendered":"https:\/\/miningspareparts.com\/?post_type=product&#038;p=1580"},"modified":"2024-01-16T08:31:46","modified_gmt":"2024-01-16T08:31:46","slug":"speco-ap-2000p-mixer-and-parts","status":"publish","type":"product","link":"https:\/\/miningspareparts.com\/fr\/produit\/speco-ap-2000p-mixer-and-parts\/","title":{"rendered":"Speco AP-2000P Mixeur et pi\u00e8ces d\u00e9tach\u00e9es"},"content":{"rendered":"<table width=\"1223\">\n<tbody>\n<tr>\n<td colspan=\"6\" width=\"1223\"><b>Mod\u00e8les :<\/b><i>Speco<\/i><i>\u00a0AP-2000P<\/i><\/td>\n<\/tr>\n<tr>\n<td width=\"194\"><\/td>\n<td width=\"140\"><b>POSITION<\/b><\/td>\n<td width=\"252\"><b>CODE DE L'\u00c9L\u00c9MENT<\/b><\/td>\n<td width=\"127\"><b>QT\u00c9<\/b><\/td>\n<td width=\"230\"><b>CAT\u00c9GORIE<\/b><\/td>\n<td width=\"277\"><b>POIDS NET<\/b><\/td>\n<\/tr>\n<tr>\n<td rowspan=\"6\" width=\"194\"><b>Rev\u00eatements muraux<\/b><\/td>\n<td width=\"140\">1<\/td>\n<td width=\"252\">Armure inf\u00e9rieure A<\/td>\n<td width=\"127\">8<\/td>\n<td width=\"230\">Rev\u00eatements muraux 1<\/td>\n<td width=\"277\">6.5<\/td>\n<\/tr>\n<tr>\n<td width=\"140\">2<\/td>\n<td width=\"252\">Armure inf\u00e9rieure \u0412<\/td>\n<td width=\"127\">40<\/td>\n<td width=\"230\">Rev\u00eatements muraux 2<\/td>\n<td width=\"277\">6.8<\/td>\n<\/tr>\n<tr>\n<td width=\"140\">3<\/td>\n<td width=\"252\">Armure inf\u00e9rieure \u0421<\/td>\n<td width=\"127\">8<\/td>\n<td width=\"230\">Rev\u00eatements muraux 3<\/td>\n<td width=\"277\">7.0<\/td>\n<\/tr>\n<tr>\n<td width=\"140\">4<\/td>\n<td width=\"252\">Doublure inf\u00e9rieure 4<\/td>\n<td width=\"127\">6<\/td>\n<td width=\"230\">Garnitures de fond 4<\/td>\n<td width=\"277\"><\/td>\n<\/tr>\n<tr>\n<td width=\"140\">5<\/td>\n<td width=\"252\">Doublure inf\u00e9rieure 5<\/td>\n<td width=\"127\">2<\/td>\n<td width=\"230\">Garnitures de fond 5<\/td>\n<td width=\"277\"><\/td>\n<\/tr>\n<tr>\n<td width=\"140\">6<\/td>\n<td width=\"252\">Porte de garage 6<\/td>\n<td width=\"127\">12<\/td>\n<td width=\"230\">Garnitures de portillon 6<\/td>\n<td width=\"277\">5<\/td>\n<\/tr>\n<tr>\n<td width=\"194\"><\/td>\n<td width=\"140\"><\/td>\n<td width=\"252\"><\/td>\n<td width=\"127\"><\/td>\n<td width=\"230\"><\/td>\n<td width=\"277\"><\/td>\n<\/tr>\n<tr>\n<td rowspan=\"8\" width=\"194\"><b>Doublure d'extr\u00e9mit\u00e9<\/b><\/td>\n<td width=\"140\">1<\/td>\n<td width=\"252\">Doublure lat\u00e9rale E<\/td>\n<td width=\"127\">2<\/td>\n<td width=\"230\">Doublure d'extr\u00e9mit\u00e9 1<\/td>\n<td width=\"277\">30<\/td>\n<\/tr>\n<tr>\n<td width=\"140\">1a<\/td>\n<td width=\"252\">Doublure lat\u00e9rale F<\/td>\n<td width=\"127\">2<\/td>\n<td width=\"230\">Rev\u00eatement d'extr\u00e9mit\u00e91a<\/td>\n<td width=\"277\">30<\/td>\n<\/tr>\n<tr>\n<td width=\"140\">2<\/td>\n<td width=\"252\">Doublure lat\u00e9rale G<\/td>\n<td width=\"127\">2<\/td>\n<td width=\"230\">Doublure d'extr\u00e9mit\u00e9 2<\/td>\n<td width=\"277\">39<\/td>\n<\/tr>\n<tr>\n<td width=\"140\">2a<\/td>\n<td width=\"252\">Doublure lat\u00e9rale H<\/td>\n<td width=\"127\">2<\/td>\n<td width=\"230\">Doublure d'extr\u00e9mit\u00e9 2a<\/td>\n<td width=\"277\">39<\/td>\n<\/tr>\n<tr>\n<td width=\"140\">3<\/td>\n<td width=\"252\">Doublure lat\u00e9rale C<\/td>\n<td width=\"127\">2<\/td>\n<td width=\"230\">Rev\u00eatement d'extr\u00e9mit\u00e93<\/td>\n<td width=\"277\">27.8<\/td>\n<\/tr>\n<tr>\n<td width=\"140\">3a<\/td>\n<td width=\"252\">Doublure lat\u00e9rale D<\/td>\n<td width=\"127\">2<\/td>\n<td width=\"230\">Rev\u00eatement d'extr\u00e9mit\u00e9 3a<\/td>\n<td width=\"277\">27.8<\/td>\n<\/tr>\n<tr>\n<td width=\"140\">4<\/td>\n<td width=\"252\">Doublure lat\u00e9rale A<\/td>\n<td width=\"127\">2<\/td>\n<td width=\"230\">Doublure d'extr\u00e9mit\u00e9 4<\/td>\n<td width=\"277\">30<\/td>\n<\/tr>\n<tr>\n<td width=\"140\">4\u0430<\/td>\n<td width=\"252\">Doublure lat\u00e9rale B<\/td>\n<td width=\"127\">2<\/td>\n<td width=\"230\">Rev\u00eatement d'extr\u00e9mit\u00e9 4a<\/td>\n<td width=\"277\">30<\/td>\n<\/tr>\n<tr>\n<td width=\"194\"><\/td>\n<td width=\"140\"><\/td>\n<td width=\"252\"><\/td>\n<td width=\"127\"><\/td>\n<td width=\"230\"><\/td>\n<td width=\"277\"><\/td>\n<\/tr>\n<tr>\n<td rowspan=\"8\" width=\"194\"><b>Bras et conseils<\/b><\/td>\n<td width=\"140\">1<\/td>\n<td width=\"252\">A20400104<\/td>\n<td width=\"127\">4<\/td>\n<td width=\"230\">Spatule gauche-B<\/td>\n<td width=\"277\">8.8<\/td>\n<\/tr>\n<tr>\n<td width=\"140\">2<\/td>\n<td width=\"252\">A20400103<\/td>\n<td width=\"127\">10<\/td>\n<td width=\"230\">Omoplate droite-A<\/td>\n<td width=\"277\">8.8<\/td>\n<\/tr>\n<tr>\n<td width=\"140\">3<\/td>\n<td width=\"252\">A20400102<\/td>\n<td width=\"127\">4<\/td>\n<td width=\"230\">Rack gauche-B<\/td>\n<td width=\"277\">19<\/td>\n<\/tr>\n<tr>\n<td width=\"140\">4<\/td>\n<td width=\"252\">A20400101<\/td>\n<td width=\"127\">10<\/td>\n<td width=\"230\">Rack droit-A<\/td>\n<td width=\"277\">19<\/td>\n<\/tr>\n<tr>\n<td width=\"140\">5<\/td>\n<td width=\"252\">A20400106<\/td>\n<td width=\"127\">4<\/td>\n<td width=\"230\">Protection de la cr\u00e9maill\u00e8re gauche-B<\/td>\n<td width=\"277\"><\/td>\n<\/tr>\n<tr>\n<td width=\"140\">6<\/td>\n<td width=\"252\">A20400105<\/td>\n<td width=\"127\">10<\/td>\n<td width=\"230\">Protection de la cr\u00e9maill\u00e8re droite-A<\/td>\n<td width=\"277\"><\/td>\n<\/tr>\n<tr>\n<td width=\"140\">7<\/td>\n<td width=\"252\">A20400108<\/td>\n<td width=\"127\">4<\/td>\n<td width=\"230\">Perle de cr\u00e9maill\u00e8re gauche-B<\/td>\n<td width=\"277\">4.2<\/td>\n<\/tr>\n<tr>\n<td width=\"140\">8<\/td>\n<td width=\"252\">A20400107<\/td>\n<td width=\"127\">10<\/td>\n<td width=\"230\">Support de poteau droit-A<\/td>\n<td width=\"277\">4.2<\/td>\n<\/tr>\n<\/tbody>\n<\/table>\n<p><img fetchpriority=\"high\" decoding=\"async\" class=\"wp-image-3550 alignleft\" src=\"https:\/\/miningspareparts.com\/wp-content\/uploads\/2024\/01\/Mixer-And-Wear-Parts1-239x300.webp\" alt=\"\" width=\"498\" height=\"625\" srcset=\"https:\/\/miningspareparts.com\/wp-content\/uploads\/2024\/01\/Mixer-And-Wear-Parts1-239x300.webp 239w, https:\/\/miningspareparts.com\/wp-content\/uploads\/2024\/01\/Mixer-And-Wear-Parts1-817x1024.webp 817w, https:\/\/miningspareparts.com\/wp-content\/uploads\/2024\/01\/Mixer-And-Wear-Parts1-768x963.webp 768w, https:\/\/miningspareparts.com\/wp-content\/uploads\/2024\/01\/Mixer-And-Wear-Parts1-1226x1536.webp 1226w, https:\/\/miningspareparts.com\/wp-content\/uploads\/2024\/01\/Mixer-And-Wear-Parts1-1634x2048.webp 1634w, https:\/\/miningspareparts.com\/wp-content\/uploads\/2024\/01\/Mixer-And-Wear-Parts1-600x752.webp 600w, https:\/\/miningspareparts.com\/wp-content\/uploads\/2024\/01\/Mixer-And-Wear-Parts1.webp 2037w\" sizes=\"(max-width: 498px) 100vw, 498px\" \/><span style=\"font-size: 16px\">\u00a0<\/span><img decoding=\"async\" class=\"wp-image-3551 alignnone\" style=\"font-weight: inherit\" src=\"https:\/\/miningspareparts.com\/wp-content\/uploads\/2024\/01\/Mixer-And-Wear-Parts2-210x300.webp\" alt=\"\" width=\"454\" height=\"649\" srcset=\"https:\/\/miningspareparts.com\/wp-content\/uploads\/2024\/01\/Mixer-And-Wear-Parts2-210x300.webp 210w, https:\/\/miningspareparts.com\/wp-content\/uploads\/2024\/01\/Mixer-And-Wear-Parts2-600x856.webp 600w\" sizes=\"(max-width: 454px) 100vw, 454px\" \/><\/p>\n<p>En tant que fabricant leader de pales, de bras de malaxage et de rev\u00eatements d'enrob\u00e9s Speco AP-2000P, nous sommes fiers de fournir des pi\u00e8ces de rechange d'origine, garantissant des performances et une durabilit\u00e9 optimales. Notre engagement s'\u00e9tend \u00e0 l'offre de solutions apr\u00e8s-vente qui r\u00e9pondent aux normes les plus \u00e9lev\u00e9es de l'industrie. Ces composants sont con\u00e7us pour offrir une r\u00e9sistance sup\u00e9rieure \u00e0 l'usure, contribuant ainsi \u00e0 prolonger la dur\u00e9e de vie de votre \u00e9quipement. Notre d\u00e9vouement \u00e0 la qualit\u00e9, \u00e0 la durabilit\u00e9 et \u00e0 la performance nous distingue sur le march\u00e9, faisant de nous le choix pr\u00e9f\u00e9r\u00e9 de ceux qui recherchent des composants d'enrob\u00e9s fiables et efficaces.<\/p>","protected":false},"excerpt":{"rendered":"<table width=\"1223\">\n<tbody>\n<tr>\n<td colspan=\"6\" width=\"1223\"><b>Mod\u00e8les :<\/b><i>Speco<\/i><i>\u00a0AP-2000P<\/i><\/td>\n<\/tr>\n<\/tbody>\n<\/table>","protected":false},"featured_media":1582,"template":"","meta":{"_uag_custom_page_level_css":"","site-sidebar-layout":"default","site-content-layout":"","ast-site-content-layout":"default","site-content-style":"default","site-sidebar-style":"default","ast-global-header-display":"","ast-banner-title-visibility":"","ast-main-header-display":"","ast-hfb-above-header-display":"","ast-hfb-below-header-display":"","ast-hfb-mobile-header-display":"","site-post-title":"","ast-breadcrumbs-content":"","ast-featured-img":"","footer-sml-layout":"","ast-disable-related-posts":"","theme-transparent-header-meta":"default","adv-header-id-meta":"","stick-header-meta":"default","header-above-stick-meta":"","header-main-stick-meta":"","header-below-stick-meta":"","astra-migrate-meta-layouts":"set","ast-page-background-enabled":"default","ast-page-background-meta":{"desktop":{"background-color":"var(--ast-global-color-4)","background-image":"","background-repeat":"repeat","background-position":"center center","background-size":"auto","background-attachment":"scroll","background-type":"","background-media":"","overlay-type":"","overlay-color":"","overlay-opacity":"","overlay-gradient":""},"tablet":{"background-color":"","background-image":"","background-repeat":"repeat","background-position":"center center","background-size":"auto","background-attachment":"scroll","background-type":"","background-media":"","overlay-type":"","overlay-color":"","overlay-opacity":"","overlay-gradient":""},"mobile":{"background-color":"","background-image":"","background-repeat":"repeat","background-position":"center center","background-size":"auto","background-attachment":"scroll","background-type":"","background-media":"","overlay-type":"","overlay-color":"","overlay-opacity":"","overlay-gradient":""}},"ast-content-background-meta":{"desktop":{"background-color":"var(--ast-global-color-5)","background-image":"","background-repeat":"repeat","background-position":"center center","background-size":"auto","background-attachment":"scroll","background-type":"","background-media":"","overlay-type":"","overlay-color":"","overlay-opacity":"","overlay-gradient":""},"tablet":{"background-color":"var(--ast-global-color-5)","background-image":"","background-repeat":"repeat","background-position":"center center","background-size":"auto","background-attachment":"scroll","background-type":"","background-media":"","overlay-type":"","overlay-color":"","overlay-opacity":"","overlay-gradient":""},"mobile":{"background-color":"var(--ast-global-color-5)","background-image":"","background-repeat":"repeat","background-position":"center center","background-size":"auto","background-attachment":"scroll","background-type":"","background-media":"","overlay-type":"","overlay-color":"","overlay-opacity":"","overlay-gradient":""}}},"product_brand":[],"product_cat":[82,86],"product_tag":[267],"class_list":{"0":"post-1580","1":"product","2":"type-product","3":"status-publish","4":"has-post-thumbnail","6":"product_cat-asphalt-mixer-parts","7":"product_cat-speco","8":"product_tag-asphalt","9":"desktop-align-left","10":"tablet-align-left","11":"mobile-align-left","12":"ast-product-gallery-layout-horizontal-slider","13":"ast-product-single-variable","14":"ast-product-tabs-layout-horizontal","16":"first","17":"instock","18":"shipping-taxable","19":"purchasable","20":"product-type-variable"},"yoast_head":"<!-- This site is optimized with the Yoast SEO plugin v27.4 - https:\/\/yoast.com\/product\/yoast-seo-wordpress\/ -->\n<title>Speco AP-2000P Asphalt Mixer And Parts - Crusher parts, Slurry Pump Parts, Excavator shovel parts<\/title>\n<meta name=\"description\" content=\"Speco AP-2000P asphalt twin-shaft mixer blades, mixing arms, and liners, as original replacements, boast exceptional wear resistance, ensuring longevity\" \/>\n<meta name=\"robots\" content=\"index, follow, max-snippet:-1, max-image-preview:large, max-video-preview:-1\" \/>\n<link rel=\"canonical\" href=\"https:\/\/miningspareparts.com\/fr\/produit\/speco-ap-2000p-mixer-and-parts\/\" \/>\n<meta property=\"og:locale\" content=\"fr_FR\" \/>\n<meta property=\"og:type\" content=\"article\" \/>\n<meta property=\"og:title\" content=\"Speco AP-2000P Asphalt Mixer And Parts - Crusher parts, Slurry Pump Parts, Excavator shovel parts\" \/>\n<meta property=\"og:description\" content=\"Speco AP-2000P asphalt twin-shaft mixer blades, mixing arms, and liners, as original replacements, boast exceptional wear resistance, ensuring longevity\" \/>\n<meta property=\"og:url\" content=\"https:\/\/miningspareparts.com\/fr\/produit\/speco-ap-2000p-mixer-and-parts\/\" \/>\n<meta property=\"og:site_name\" content=\"Crusher parts, Slurry Pump Parts, Excavator shovel parts\" \/>\n<meta property=\"article:modified_time\" content=\"2024-01-16T08:31:46+00:00\" \/>\n<meta property=\"og:image\" content=\"https:\/\/miningspareparts.com\/wp-content\/uploads\/2023\/12\/speco-ap-2000p-stojka-v-sbore.jpg\" \/>\n\t<meta property=\"og:image:width\" content=\"1417\" \/>\n\t<meta property=\"og:image:height\" content=\"1417\" \/>\n\t<meta property=\"og:image:type\" content=\"image\/jpeg\" \/>\n<meta name=\"twitter:card\" content=\"summary_large_image\" \/>\n<meta name=\"twitter:label1\" content=\"Dur\u00e9e de lecture estim\u00e9e\" \/>\n\t<meta name=\"twitter:data1\" content=\"2 minutes\" \/>\n<script type=\"application\/ld+json\" class=\"yoast-schema-graph\">{\"@context\":\"https:\\\/\\\/schema.org\",\"@graph\":[{\"@type\":\"WebPage\",\"@id\":\"https:\\\/\\\/miningspareparts.com\\\/product\\\/speco-ap-2000p-mixer-and-parts\\\/\",\"url\":\"https:\\\/\\\/miningspareparts.com\\\/product\\\/speco-ap-2000p-mixer-and-parts\\\/\",\"name\":\"Speco AP-2000P Asphalt Mixer And Parts - Crusher parts, Slurry Pump Parts, Excavator shovel parts\",\"isPartOf\":{\"@id\":\"https:\\\/\\\/miningspareparts.com\\\/#website\"},\"primaryImageOfPage\":{\"@id\":\"https:\\\/\\\/miningspareparts.com\\\/product\\\/speco-ap-2000p-mixer-and-parts\\\/#primaryimage\"},\"image\":{\"@id\":\"https:\\\/\\\/miningspareparts.com\\\/product\\\/speco-ap-2000p-mixer-and-parts\\\/#primaryimage\"},\"thumbnailUrl\":\"https:\\\/\\\/miningspareparts.com\\\/wp-content\\\/uploads\\\/2023\\\/12\\\/speco-ap-2000p-stojka-v-sbore.jpg\",\"datePublished\":\"2023-12-20T04:58:50+00:00\",\"dateModified\":\"2024-01-16T08:31:46+00:00\",\"description\":\"Speco AP-2000P asphalt twin-shaft mixer blades, mixing arms, and liners, as original replacements, boast exceptional wear resistance, ensuring longevity\",\"breadcrumb\":{\"@id\":\"https:\\\/\\\/miningspareparts.com\\\/product\\\/speco-ap-2000p-mixer-and-parts\\\/#breadcrumb\"},\"inLanguage\":\"fr-FR\",\"potentialAction\":[{\"@type\":\"ReadAction\",\"target\":[\"https:\\\/\\\/miningspareparts.com\\\/product\\\/speco-ap-2000p-mixer-and-parts\\\/\"]}]},{\"@type\":\"ImageObject\",\"inLanguage\":\"fr-FR\",\"@id\":\"https:\\\/\\\/miningspareparts.com\\\/product\\\/speco-ap-2000p-mixer-and-parts\\\/#primaryimage\",\"url\":\"https:\\\/\\\/miningspareparts.com\\\/wp-content\\\/uploads\\\/2023\\\/12\\\/speco-ap-2000p-stojka-v-sbore.jpg\",\"contentUrl\":\"https:\\\/\\\/miningspareparts.com\\\/wp-content\\\/uploads\\\/2023\\\/12\\\/speco-ap-2000p-stojka-v-sbore.jpg\",\"width\":1417,\"height\":1417,\"caption\":\"asphalt Speco AP-2000P Mixer Parts mixing arm\"},{\"@type\":\"BreadcrumbList\",\"@id\":\"https:\\\/\\\/miningspareparts.com\\\/product\\\/speco-ap-2000p-mixer-and-parts\\\/#breadcrumb\",\"itemListElement\":[{\"@type\":\"ListItem\",\"position\":1,\"name\":\"Home\",\"item\":\"https:\\\/\\\/miningspareparts.com\\\/\"},{\"@type\":\"ListItem\",\"position\":2,\"name\":\"Premium Mining Wear And Spare Parts\",\"item\":\"https:\\\/\\\/miningspareparts.com\\\/shop\\\/\"},{\"@type\":\"ListItem\",\"position\":3,\"name\":\"Speco AP-2000P Mixer And Parts\"}]},{\"@type\":\"WebSite\",\"@id\":\"https:\\\/\\\/miningspareparts.com\\\/#website\",\"url\":\"https:\\\/\\\/miningspareparts.com\\\/\",\"name\":\"Crusher parts , Concrete Mixer Parts, Slurry Pump Parts, Mining Spares\",\"description\":\"Mining Wear &amp; Spare Parts Supplier\",\"publisher\":{\"@id\":\"https:\\\/\\\/miningspareparts.com\\\/#organization\"},\"potentialAction\":[{\"@type\":\"SearchAction\",\"target\":{\"@type\":\"EntryPoint\",\"urlTemplate\":\"https:\\\/\\\/miningspareparts.com\\\/?s={search_term_string}\"},\"query-input\":{\"@type\":\"PropertyValueSpecification\",\"valueRequired\":true,\"valueName\":\"search_term_string\"}}],\"inLanguage\":\"fr-FR\"},{\"@type\":\"Organization\",\"@id\":\"https:\\\/\\\/miningspareparts.com\\\/#organization\",\"name\":\"Crusher parts , Concrete Mixer Parts, Slurry Pump Parts, Mining Spares\",\"url\":\"https:\\\/\\\/miningspareparts.com\\\/\",\"logo\":{\"@type\":\"ImageObject\",\"inLanguage\":\"fr-FR\",\"@id\":\"https:\\\/\\\/miningspareparts.com\\\/#\\\/schema\\\/logo\\\/image\\\/\",\"url\":\"https:\\\/\\\/miningspareparts.com\\\/wp-content\\\/uploads\\\/2025\\\/04\\\/cropped-cropped-logo\u6b63\u65b9\u5f62.png\",\"contentUrl\":\"https:\\\/\\\/miningspareparts.com\\\/wp-content\\\/uploads\\\/2025\\\/04\\\/cropped-cropped-logo\u6b63\u65b9\u5f62.png\",\"width\":511,\"height\":171,\"caption\":\"Crusher parts , Concrete Mixer Parts, Slurry Pump Parts, Mining Spares\"},\"image\":{\"@id\":\"https:\\\/\\\/miningspareparts.com\\\/#\\\/schema\\\/logo\\\/image\\\/\"}}]}<\/script>\n<!-- \/ Yoast SEO plugin. -->","yoast_head_json":{"title":"Speco AP-2000P Asphalt Mixer And Parts - Crusher parts, Slurry Pump Parts, Excavator shovel parts","description":"Speco AP-2000P asphalt twin-shaft mixer blades, mixing arms, and liners, as original replacements, boast exceptional wear resistance, ensuring longevity","robots":{"index":"index","follow":"follow","max-snippet":"max-snippet:-1","max-image-preview":"max-image-preview:large","max-video-preview":"max-video-preview:-1"},"canonical":"https:\/\/miningspareparts.com\/fr\/produit\/speco-ap-2000p-mixer-and-parts\/","og_locale":"fr_FR","og_type":"article","og_title":"Speco AP-2000P Asphalt Mixer And Parts - Crusher parts, Slurry Pump Parts, Excavator shovel parts","og_description":"Speco AP-2000P asphalt twin-shaft mixer blades, mixing arms, and liners, as original replacements, boast exceptional wear resistance, ensuring longevity","og_url":"https:\/\/miningspareparts.com\/fr\/produit\/speco-ap-2000p-mixer-and-parts\/","og_site_name":"Crusher parts, Slurry Pump Parts, Excavator shovel parts","article_modified_time":"2024-01-16T08:31:46+00:00","og_image":[{"width":1417,"height":1417,"url":"https:\/\/miningspareparts.com\/wp-content\/uploads\/2023\/12\/speco-ap-2000p-stojka-v-sbore.jpg","type":"image\/jpeg"}],"twitter_card":"summary_large_image","twitter_misc":{"Dur\u00e9e de lecture estim\u00e9e":"2 minutes"},"schema":{"@context":"https:\/\/schema.org","@graph":[{"@type":"WebPage","@id":"https:\/\/miningspareparts.com\/product\/speco-ap-2000p-mixer-and-parts\/","url":"https:\/\/miningspareparts.com\/product\/speco-ap-2000p-mixer-and-parts\/","name":"Speco AP-2000P Asphalt Mixer And Parts - Crusher parts, Slurry Pump Parts, Excavator shovel parts","isPartOf":{"@id":"https:\/\/miningspareparts.com\/#website"},"primaryImageOfPage":{"@id":"https:\/\/miningspareparts.com\/product\/speco-ap-2000p-mixer-and-parts\/#primaryimage"},"image":{"@id":"https:\/\/miningspareparts.com\/product\/speco-ap-2000p-mixer-and-parts\/#primaryimage"},"thumbnailUrl":"https:\/\/miningspareparts.com\/wp-content\/uploads\/2023\/12\/speco-ap-2000p-stojka-v-sbore.jpg","datePublished":"2023-12-20T04:58:50+00:00","dateModified":"2024-01-16T08:31:46+00:00","description":"Speco AP-2000P asphalt twin-shaft mixer blades, mixing arms, and liners, as original replacements, boast exceptional wear resistance, ensuring longevity","breadcrumb":{"@id":"https:\/\/miningspareparts.com\/product\/speco-ap-2000p-mixer-and-parts\/#breadcrumb"},"inLanguage":"fr-FR","potentialAction":[{"@type":"ReadAction","target":["https:\/\/miningspareparts.com\/product\/speco-ap-2000p-mixer-and-parts\/"]}]},{"@type":"ImageObject","inLanguage":"fr-FR","@id":"https:\/\/miningspareparts.com\/product\/speco-ap-2000p-mixer-and-parts\/#primaryimage","url":"https:\/\/miningspareparts.com\/wp-content\/uploads\/2023\/12\/speco-ap-2000p-stojka-v-sbore.jpg","contentUrl":"https:\/\/miningspareparts.com\/wp-content\/uploads\/2023\/12\/speco-ap-2000p-stojka-v-sbore.jpg","width":1417,"height":1417,"caption":"asphalt Speco AP-2000P Mixer Parts mixing arm"},{"@type":"BreadcrumbList","@id":"https:\/\/miningspareparts.com\/product\/speco-ap-2000p-mixer-and-parts\/#breadcrumb","itemListElement":[{"@type":"ListItem","position":1,"name":"Home","item":"https:\/\/miningspareparts.com\/"},{"@type":"ListItem","position":2,"name":"Premium Mining Wear And Spare Parts","item":"https:\/\/miningspareparts.com\/shop\/"},{"@type":"ListItem","position":3,"name":"Speco AP-2000P Mixer And Parts"}]},{"@type":"WebSite","@id":"https:\/\/miningspareparts.com\/#website","url":"https:\/\/miningspareparts.com\/","name":"Crusher parts , Concrete Mixer Parts, Slurry Pump Parts, Mining Spares","description":"Mining Wear &amp; Spare Parts Supplier","publisher":{"@id":"https:\/\/miningspareparts.com\/#organization"},"potentialAction":[{"@type":"SearchAction","target":{"@type":"EntryPoint","urlTemplate":"https:\/\/miningspareparts.com\/?s={search_term_string}"},"query-input":{"@type":"PropertyValueSpecification","valueRequired":true,"valueName":"search_term_string"}}],"inLanguage":"fr-FR"},{"@type":"Organization","@id":"https:\/\/miningspareparts.com\/#organization","name":"Crusher parts , Concrete Mixer Parts, Slurry Pump Parts, Mining Spares","url":"https:\/\/miningspareparts.com\/","logo":{"@type":"ImageObject","inLanguage":"fr-FR","@id":"https:\/\/miningspareparts.com\/#\/schema\/logo\/image\/","url":"https:\/\/miningspareparts.com\/wp-content\/uploads\/2025\/04\/cropped-cropped-logo\u6b63\u65b9\u5f62.png","contentUrl":"https:\/\/miningspareparts.com\/wp-content\/uploads\/2025\/04\/cropped-cropped-logo\u6b63\u65b9\u5f62.png","width":511,"height":171,"caption":"Crusher parts , Concrete Mixer Parts, Slurry Pump Parts, Mining Spares"},"image":{"@id":"https:\/\/miningspareparts.com\/#\/schema\/logo\/image\/"}}]}},"uagb_featured_image_src":{"full":["https:\/\/miningspareparts.com\/wp-content\/uploads\/2023\/12\/speco-ap-2000p-stojka-v-sbore.jpg",1417,1417,false],"thumbnail":["https:\/\/miningspareparts.com\/wp-content\/uploads\/2023\/12\/speco-ap-2000p-stojka-v-sbore-150x150.jpg",150,150,true],"medium":["https:\/\/miningspareparts.com\/wp-content\/uploads\/2023\/12\/speco-ap-2000p-stojka-v-sbore-300x300.jpg",300,300,true],"medium_large":["https:\/\/miningspareparts.com\/wp-content\/uploads\/2023\/12\/speco-ap-2000p-stojka-v-sbore-768x768.jpg",768,768,true],"large":["https:\/\/miningspareparts.com\/wp-content\/uploads\/2023\/12\/speco-ap-2000p-stojka-v-sbore-1024x1024.jpg",1024,1024,true],"1536x1536":["https:\/\/miningspareparts.com\/wp-content\/uploads\/2023\/12\/speco-ap-2000p-stojka-v-sbore.jpg",1417,1417,false],"2048x2048":["https:\/\/miningspareparts.com\/wp-content\/uploads\/2023\/12\/speco-ap-2000p-stojka-v-sbore.jpg",1417,1417,false],"trp-custom-language-flag":["https:\/\/miningspareparts.com\/wp-content\/uploads\/2023\/12\/speco-ap-2000p-stojka-v-sbore.jpg",12,12,false],"woocommerce_thumbnail":["https:\/\/miningspareparts.com\/wp-content\/uploads\/2023\/12\/speco-ap-2000p-stojka-v-sbore-300x300.jpg",300,300,true],"woocommerce_single":["https:\/\/miningspareparts.com\/wp-content\/uploads\/2023\/12\/speco-ap-2000p-stojka-v-sbore-600x600.jpg",600,600,true],"woocommerce_gallery_thumbnail":["https:\/\/miningspareparts.com\/wp-content\/uploads\/2023\/12\/speco-ap-2000p-stojka-v-sbore-100x100.jpg",100,100,true]},"uagb_author_info":{"display_name":"Miningspareparts","author_link":"https:\/\/miningspareparts.com\/fr\/author\/"},"uagb_comment_info":0,"uagb_excerpt":"Models:Speco\u00a0AP-2000P","_links":{"self":[{"href":"https:\/\/miningspareparts.com\/fr\/wp-json\/wp\/v2\/product\/1580","targetHints":{"allow":["GET"]}}],"collection":[{"href":"https:\/\/miningspareparts.com\/fr\/wp-json\/wp\/v2\/product"}],"about":[{"href":"https:\/\/miningspareparts.com\/fr\/wp-json\/wp\/v2\/types\/product"}],"wp:featuredmedia":[{"embeddable":true,"href":"https:\/\/miningspareparts.com\/fr\/wp-json\/wp\/v2\/media\/1582"}],"wp:attachment":[{"href":"https:\/\/miningspareparts.com\/fr\/wp-json\/wp\/v2\/media?parent=1580"}],"wp:term":[{"taxonomy":"product_brand","embeddable":true,"href":"https:\/\/miningspareparts.com\/fr\/wp-json\/wp\/v2\/product_brand?post=1580"},{"taxonomy":"product_cat","embeddable":true,"href":"https:\/\/miningspareparts.com\/fr\/wp-json\/wp\/v2\/product_cat?post=1580"},{"taxonomy":"product_tag","embeddable":true,"href":"https:\/\/miningspareparts.com\/fr\/wp-json\/wp\/v2\/product_tag?post=1580"}],"curies":[{"name":"wp","href":"https:\/\/api.w.org\/{rel}","templated":true}]}}