{"id":1593,"date":"2023-12-20T05:08:41","date_gmt":"2023-12-20T05:08:41","guid":{"rendered":"https:\/\/miningspareparts.com\/?post_type=product&#038;p=1593"},"modified":"2024-01-16T08:30:45","modified_gmt":"2024-01-16T08:30:45","slug":"wibau-120-mixer-and-parts","status":"publish","type":"product","link":"https:\/\/miningspareparts.com\/fr\/produit\/wibau-120-mixer-and-parts\/","title":{"rendered":"M\u00e9langeur Wibau 120 et pi\u00e8ces d\u00e9tach\u00e9es"},"content":{"rendered":"<table width=\"1246\">\n<tbody>\n<tr>\n<td colspan=\"6\" width=\"1246\"><b>Mod\u00e8les:WIBAU-120<\/b><\/td>\n<\/tr>\n<tr>\n<td width=\"175\"><\/td>\n<td width=\"182\"><b>POSITION<\/b><\/td>\n<td width=\"252\"><b>CODE DE L'\u00c9L\u00c9MENT<\/b><\/td>\n<td width=\"127\"><b>QT\u00c9<\/b><\/td>\n<td width=\"230\"><b>CAT\u00c9GORIE<\/b><\/td>\n<td width=\"277\"><b>POIDS NET<\/b><\/td>\n<\/tr>\n<tr>\n<td rowspan=\"6\" width=\"175\"><b>Rev\u00eatements muraux<\/b><\/td>\n<td width=\"182\">1<\/td>\n<td width=\"252\">024<\/td>\n<td width=\"127\">4<\/td>\n<td width=\"230\">Rev\u00eatements muraux 1<\/td>\n<td width=\"277\"><\/td>\n<\/tr>\n<tr>\n<td width=\"182\">2<\/td>\n<td width=\"252\">023<\/td>\n<td width=\"127\">8<\/td>\n<td width=\"230\">Rev\u00eatements muraux 2<\/td>\n<td width=\"277\"><\/td>\n<\/tr>\n<tr>\n<td width=\"182\">3<\/td>\n<td width=\"252\">026<\/td>\n<td width=\"127\">2<\/td>\n<td width=\"230\">Rev\u00eatements muraux 3<\/td>\n<td width=\"277\"><\/td>\n<\/tr>\n<tr>\n<td width=\"182\">4<\/td>\n<td width=\"252\">027<\/td>\n<td width=\"127\">2<\/td>\n<td width=\"230\">Rev\u00eatements muraux 4<\/td>\n<td width=\"277\"><\/td>\n<\/tr>\n<tr>\n<td width=\"182\">5<\/td>\n<td width=\"252\">025<\/td>\n<td width=\"127\">2<\/td>\n<td width=\"230\">Rev\u00eatements muraux 5<\/td>\n<td width=\"277\"><\/td>\n<\/tr>\n<tr>\n<td width=\"182\">6<\/td>\n<td width=\"252\">078<\/td>\n<td width=\"127\">3<\/td>\n<td width=\"230\">Rev\u00eatements muraux 6<\/td>\n<td width=\"277\"><\/td>\n<\/tr>\n<tr>\n<td width=\"175\"><\/td>\n<td width=\"182\"><\/td>\n<td width=\"252\"><\/td>\n<td width=\"127\"><\/td>\n<td width=\"230\"><\/td>\n<td width=\"277\"><\/td>\n<\/tr>\n<tr>\n<td rowspan=\"6\" width=\"175\"><b>Doublure d'extr\u00e9mit\u00e9<\/b><\/td>\n<td width=\"182\">1<\/td>\n<td width=\"252\">W750900633L<\/td>\n<td width=\"127\">2<\/td>\n<td width=\"230\">Doublure d'extr\u00e9mit\u00e9 1<\/td>\n<td width=\"277\"><\/td>\n<\/tr>\n<tr>\n<td width=\"182\">2<\/td>\n<td width=\"252\">W750900633R<\/td>\n<td width=\"127\">2<\/td>\n<td width=\"230\">Rev\u00eatement d'extr\u00e9mit\u00e92<\/td>\n<td width=\"277\"><\/td>\n<\/tr>\n<tr>\n<td width=\"182\">3<\/td>\n<td width=\"252\">108<\/td>\n<td width=\"127\">2<\/td>\n<td width=\"230\">Doublure d'extr\u00e9mit\u00e9 3<\/td>\n<td width=\"277\"><\/td>\n<\/tr>\n<tr>\n<td width=\"182\">4<\/td>\n<td width=\"252\">111<\/td>\n<td width=\"127\">2<\/td>\n<td width=\"230\">Doublure d'extr\u00e9mit\u00e9 4<\/td>\n<td width=\"277\"><\/td>\n<\/tr>\n<tr>\n<td width=\"182\">5<\/td>\n<td width=\"252\">109<\/td>\n<td width=\"127\">2<\/td>\n<td width=\"230\">Rev\u00eatement d'extr\u00e9mit\u00e95<\/td>\n<td width=\"277\"><\/td>\n<\/tr>\n<tr>\n<td width=\"182\">6<\/td>\n<td width=\"252\">110<\/td>\n<td width=\"127\">2<\/td>\n<td width=\"230\">Rev\u00eatement d'extr\u00e9mit\u00e96<\/td>\n<td width=\"277\"><\/td>\n<\/tr>\n<tr>\n<td width=\"175\"><\/td>\n<td width=\"182\"><\/td>\n<td width=\"252\"><\/td>\n<td width=\"127\"><\/td>\n<td width=\"230\"><\/td>\n<td width=\"277\"><\/td>\n<\/tr>\n<tr>\n<td rowspan=\"4\" width=\"175\"><b>Bras et conseils<\/b><\/td>\n<td width=\"182\">1<\/td>\n<td width=\"252\">130<\/td>\n<td width=\"127\"><\/td>\n<td width=\"230\">Spatule gauche<\/td>\n<td width=\"277\"><\/td>\n<\/tr>\n<tr>\n<td width=\"182\">2<\/td>\n<td width=\"252\">129<\/td>\n<td width=\"127\"><\/td>\n<td width=\"230\">Pelle droite<\/td>\n<td width=\"277\"><\/td>\n<\/tr>\n<tr>\n<td width=\"182\">3<\/td>\n<td width=\"252\">8146L<\/td>\n<td width=\"127\"><\/td>\n<td width=\"230\">Rack \u00e0 gauche<\/td>\n<td width=\"277\"><\/td>\n<\/tr>\n<tr>\n<td width=\"182\">4<\/td>\n<td width=\"252\">8147R<\/td>\n<td width=\"127\"><\/td>\n<td width=\"230\">Rayon droit<\/td>\n<td width=\"277\"><\/td>\n<\/tr>\n<\/tbody>\n<\/table>\n<p><img fetchpriority=\"high\" decoding=\"async\" class=\"wp-image-3550 alignleft\" src=\"https:\/\/miningspareparts.com\/wp-content\/uploads\/2024\/01\/Mixer-And-Wear-Parts1-239x300.webp\" alt=\"\" width=\"498\" height=\"625\" srcset=\"https:\/\/miningspareparts.com\/wp-content\/uploads\/2024\/01\/Mixer-And-Wear-Parts1-239x300.webp 239w, https:\/\/miningspareparts.com\/wp-content\/uploads\/2024\/01\/Mixer-And-Wear-Parts1-817x1024.webp 817w, https:\/\/miningspareparts.com\/wp-content\/uploads\/2024\/01\/Mixer-And-Wear-Parts1-768x963.webp 768w, https:\/\/miningspareparts.com\/wp-content\/uploads\/2024\/01\/Mixer-And-Wear-Parts1-1226x1536.webp 1226w, https:\/\/miningspareparts.com\/wp-content\/uploads\/2024\/01\/Mixer-And-Wear-Parts1-1634x2048.webp 1634w, https:\/\/miningspareparts.com\/wp-content\/uploads\/2024\/01\/Mixer-And-Wear-Parts1-600x752.webp 600w, https:\/\/miningspareparts.com\/wp-content\/uploads\/2024\/01\/Mixer-And-Wear-Parts1.webp 2037w\" sizes=\"(max-width: 498px) 100vw, 498px\" \/><span style=\"font-size: 16px\">\u00a0<\/span><img decoding=\"async\" class=\"wp-image-3551 alignnone\" style=\"font-weight: inherit\" src=\"https:\/\/miningspareparts.com\/wp-content\/uploads\/2024\/01\/Mixer-And-Wear-Parts2-210x300.webp\" alt=\"\" width=\"454\" height=\"649\" srcset=\"https:\/\/miningspareparts.com\/wp-content\/uploads\/2024\/01\/Mixer-And-Wear-Parts2-210x300.webp 210w, https:\/\/miningspareparts.com\/wp-content\/uploads\/2024\/01\/Mixer-And-Wear-Parts2-600x856.webp 600w\" sizes=\"(max-width: 454px) 100vw, 454px\" \/><\/p>\n<p>En tant que fabricant leader dans l'industrie, nous sommes sp\u00e9cialis\u00e9s dans la fabrication de pales, de bras de malaxage et de rev\u00eatements de malaxeur d'asphalte \u00e0 deux arbres Wibau 120 de haute qualit\u00e9. Notre engagement consiste \u00e0 fournir des pi\u00e8ces de rechange d'origine, \u00e0 proposer des options apr\u00e8s-vente et \u00e0 assurer une durabilit\u00e9 qui nous distingue de la concurrence.<\/p>\n<p>Les pales des malaxeurs d'asphalte \u00e0 deux arbres Wibau 120 sont m\u00e9ticuleusement con\u00e7ues pour servir de pi\u00e8ces de rechange d'origine, en respectant les sp\u00e9cifications exactes des composants d'origine. Cela garantit une int\u00e9gration parfaite dans les malaxeurs Wibau 120, en maintenant, voire en am\u00e9liorant leurs performances. Notre souci de pr\u00e9cision et de qualit\u00e9 garantit que nos pi\u00e8ces de rechange d'origine r\u00e9pondent aux normes rigoureuses de l'industrie.<\/p>\n<p>Outre les remplacements d'origine, nous comprenons les divers besoins de nos clients. Nos solutions d'apr\u00e8s-vente r\u00e9pondent \u00e0 cette demande, en proposant une gamme d'options qui offrent flexibilit\u00e9 et choix. Ces composants du march\u00e9 des pi\u00e8ces de rechange sont con\u00e7us non seulement pour r\u00e9pondre aux normes de l'industrie, mais aussi pour les d\u00e9passer, offrant ainsi \u00e0 nos clients des alternatives fiables aux caract\u00e9ristiques vari\u00e9es.<\/p>\n<p>La durabilit\u00e9 est la pierre angulaire de notre philosophie de fabrication. Les pales, les bras de malaxage et les rev\u00eatements du malaxeur d'asphalte \u00e0 double arbre Wibau 120 sont construits avec des mat\u00e9riaux robustes et des conceptions innovantes pour r\u00e9sister aux conditions exigeantes du malaxage d'asphalte. Qu'il s'agisse d'agr\u00e9gats abrasifs ou de temp\u00e9ratures extr\u00eames, nos composants offrent constamment des performances exceptionnelles, contribuant ainsi \u00e0 la long\u00e9vit\u00e9 de l'enrob\u00e9.<\/p>\n<p>Nos produits sont soumis \u00e0 des mesures rigoureuses de contr\u00f4le de la qualit\u00e9 tout au long du processus de fabrication. Chaque composant est soumis \u00e0 des tests approfondis pour s'assurer qu'il r\u00e9pond \u00e0 nos normes de qualit\u00e9 rigoureuses. Cet engagement en faveur de la qualit\u00e9 s'applique aussi bien \u00e0 nos produits de remplacement d'origine qu'\u00e0 nos produits de rechange, ce qui garantit \u00e0 nos clients des solutions fiables et durables.<\/p>\n<p>En conclusion, les composants de notre malaxeur d'asphalte \u00e0 deux arbres Wibau 120 t\u00e9moignent de notre engagement en faveur de l'excellence. Gr\u00e2ce aux pi\u00e8ces de rechange d'origine, aux options polyvalentes du march\u00e9 secondaire et \u00e0 l'accent mis sur la durabilit\u00e9, nous fournissons \u00e0 nos clients des solutions qui am\u00e9liorent les performances et la long\u00e9vit\u00e9 de leurs malaxeurs d'asphalte. Choisissez nos produits pour une exp\u00e9rience d'enrobage fiable, efficace et durable.<\/p>","protected":false},"excerpt":{"rendered":"<table width=\"1246\">\n<tbody>\n<tr>\n<td colspan=\"6\" width=\"1246\"><b>Mod\u00e8les:WIBAU-120<\/b><\/td>\n<\/tr>\n<\/tbody>\n<\/table>","protected":false},"featured_media":1595,"template":"","meta":{"_uag_custom_page_level_css":"","site-sidebar-layout":"default","site-content-layout":"","ast-site-content-layout":"default","site-content-style":"default","site-sidebar-style":"default","ast-global-header-display":"","ast-banner-title-visibility":"","ast-main-header-display":"","ast-hfb-above-header-display":"","ast-hfb-below-header-display":"","ast-hfb-mobile-header-display":"","site-post-title":"","ast-breadcrumbs-content":"","ast-featured-img":"","footer-sml-layout":"","ast-disable-related-posts":"","theme-transparent-header-meta":"default","adv-header-id-meta":"","stick-header-meta":"default","header-above-stick-meta":"","header-main-stick-meta":"","header-below-stick-meta":"","astra-migrate-meta-layouts":"set","ast-page-background-enabled":"default","ast-page-background-meta":{"desktop":{"background-color":"var(--ast-global-color-4)","background-image":"","background-repeat":"repeat","background-position":"center center","background-size":"auto","background-attachment":"scroll","background-type":"","background-media":"","overlay-type":"","overlay-color":"","overlay-opacity":"","overlay-gradient":""},"tablet":{"background-color":"","background-image":"","background-repeat":"repeat","background-position":"center center","background-size":"auto","background-attachment":"scroll","background-type":"","background-media":"","overlay-type":"","overlay-color":"","overlay-opacity":"","overlay-gradient":""},"mobile":{"background-color":"","background-image":"","background-repeat":"repeat","background-position":"center center","background-size":"auto","background-attachment":"scroll","background-type":"","background-media":"","overlay-type":"","overlay-color":"","overlay-opacity":"","overlay-gradient":""}},"ast-content-background-meta":{"desktop":{"background-color":"var(--ast-global-color-5)","background-image":"","background-repeat":"repeat","background-position":"center center","background-size":"auto","background-attachment":"scroll","background-type":"","background-media":"","overlay-type":"","overlay-color":"","overlay-opacity":"","overlay-gradient":""},"tablet":{"background-color":"var(--ast-global-color-5)","background-image":"","background-repeat":"repeat","background-position":"center center","background-size":"auto","background-attachment":"scroll","background-type":"","background-media":"","overlay-type":"","overlay-color":"","overlay-opacity":"","overlay-gradient":""},"mobile":{"background-color":"var(--ast-global-color-5)","background-image":"","background-repeat":"repeat","background-position":"center center","background-size":"auto","background-attachment":"scroll","background-type":"","background-media":"","overlay-type":"","overlay-color":"","overlay-opacity":"","overlay-gradient":""}}},"product_brand":[],"product_cat":[275,82],"product_tag":[267,269],"class_list":{"0":"post-1593","1":"product","2":"type-product","3":"status-publish","4":"has-post-thumbnail","6":"product_cat-other","7":"product_cat-asphalt-mixer-parts","8":"product_tag-asphalt","9":"product_tag-mixing-arm","10":"desktop-align-left","11":"tablet-align-left","12":"mobile-align-left","13":"ast-product-gallery-layout-horizontal-slider","14":"ast-product-single-variable","15":"ast-product-tabs-layout-horizontal","17":"first","18":"instock","19":"shipping-taxable","20":"purchasable","21":"product-type-variable"},"yoast_head":"<!-- This site is optimized with the Yoast SEO plugin v27.4 - https:\/\/yoast.com\/product\/yoast-seo-wordpress\/ -->\n<title>Wibau 120 Asphalt Mixer And Parts - Crusher parts, Slurry Pump Parts, Excavator shovel parts<\/title>\n<meta name=\"description\" content=\"Crafted for durability, Wibau 120 asphalt twin-shaft mixer blades, mixing arms, and liners excel as original replacements with exceptional wear resistance.\" \/>\n<meta name=\"robots\" content=\"index, follow, max-snippet:-1, max-image-preview:large, max-video-preview:-1\" \/>\n<link rel=\"canonical\" href=\"https:\/\/miningspareparts.com\/fr\/produit\/wibau-120-mixer-and-parts\/\" \/>\n<meta property=\"og:locale\" content=\"fr_FR\" \/>\n<meta property=\"og:type\" content=\"article\" \/>\n<meta property=\"og:title\" content=\"Wibau 120 Asphalt Mixer And Parts - Crusher parts, Slurry Pump Parts, Excavator shovel parts\" \/>\n<meta property=\"og:description\" content=\"Crafted for durability, Wibau 120 asphalt twin-shaft mixer blades, mixing arms, and liners excel as original replacements with exceptional wear resistance.\" \/>\n<meta property=\"og:url\" content=\"https:\/\/miningspareparts.com\/fr\/produit\/wibau-120-mixer-and-parts\/\" \/>\n<meta property=\"og:site_name\" content=\"Crusher parts, Slurry Pump Parts, Excavator shovel parts\" \/>\n<meta property=\"article:modified_time\" content=\"2024-01-16T08:30:45+00:00\" \/>\n<meta property=\"og:image\" content=\"https:\/\/miningspareparts.com\/wp-content\/uploads\/2023\/12\/stojka-v-sbore-8.jpg\" \/>\n\t<meta property=\"og:image:width\" content=\"1417\" \/>\n\t<meta property=\"og:image:height\" content=\"1417\" \/>\n\t<meta property=\"og:image:type\" content=\"image\/jpeg\" \/>\n<meta name=\"twitter:card\" content=\"summary_large_image\" \/>\n<meta name=\"twitter:label1\" content=\"Dur\u00e9e de lecture estim\u00e9e\" \/>\n\t<meta name=\"twitter:data1\" content=\"3 minutes\" \/>\n<script type=\"application\/ld+json\" class=\"yoast-schema-graph\">{\"@context\":\"https:\\\/\\\/schema.org\",\"@graph\":[{\"@type\":\"WebPage\",\"@id\":\"https:\\\/\\\/miningspareparts.com\\\/product\\\/wibau-120-mixer-and-parts\\\/\",\"url\":\"https:\\\/\\\/miningspareparts.com\\\/product\\\/wibau-120-mixer-and-parts\\\/\",\"name\":\"Wibau 120 Asphalt Mixer And Parts - Crusher parts, Slurry Pump Parts, Excavator shovel parts\",\"isPartOf\":{\"@id\":\"https:\\\/\\\/miningspareparts.com\\\/#website\"},\"primaryImageOfPage\":{\"@id\":\"https:\\\/\\\/miningspareparts.com\\\/product\\\/wibau-120-mixer-and-parts\\\/#primaryimage\"},\"image\":{\"@id\":\"https:\\\/\\\/miningspareparts.com\\\/product\\\/wibau-120-mixer-and-parts\\\/#primaryimage\"},\"thumbnailUrl\":\"https:\\\/\\\/miningspareparts.com\\\/wp-content\\\/uploads\\\/2023\\\/12\\\/stojka-v-sbore-8.jpg\",\"datePublished\":\"2023-12-20T05:08:41+00:00\",\"dateModified\":\"2024-01-16T08:30:45+00:00\",\"description\":\"Crafted for durability, Wibau 120 asphalt twin-shaft mixer blades, mixing arms, and liners excel as original replacements with exceptional wear resistance.\",\"breadcrumb\":{\"@id\":\"https:\\\/\\\/miningspareparts.com\\\/product\\\/wibau-120-mixer-and-parts\\\/#breadcrumb\"},\"inLanguage\":\"fr-FR\",\"potentialAction\":[{\"@type\":\"ReadAction\",\"target\":[\"https:\\\/\\\/miningspareparts.com\\\/product\\\/wibau-120-mixer-and-parts\\\/\"]}]},{\"@type\":\"ImageObject\",\"inLanguage\":\"fr-FR\",\"@id\":\"https:\\\/\\\/miningspareparts.com\\\/product\\\/wibau-120-mixer-and-parts\\\/#primaryimage\",\"url\":\"https:\\\/\\\/miningspareparts.com\\\/wp-content\\\/uploads\\\/2023\\\/12\\\/stojka-v-sbore-8.jpg\",\"contentUrl\":\"https:\\\/\\\/miningspareparts.com\\\/wp-content\\\/uploads\\\/2023\\\/12\\\/stojka-v-sbore-8.jpg\",\"width\":1417,\"height\":1417,\"caption\":\"asphalt Wibau 120 Mixer And Parts mixing arm\"},{\"@type\":\"BreadcrumbList\",\"@id\":\"https:\\\/\\\/miningspareparts.com\\\/product\\\/wibau-120-mixer-and-parts\\\/#breadcrumb\",\"itemListElement\":[{\"@type\":\"ListItem\",\"position\":1,\"name\":\"Home\",\"item\":\"https:\\\/\\\/miningspareparts.com\\\/\"},{\"@type\":\"ListItem\",\"position\":2,\"name\":\"Premium Mining Wear And Spare Parts\",\"item\":\"https:\\\/\\\/miningspareparts.com\\\/shop\\\/\"},{\"@type\":\"ListItem\",\"position\":3,\"name\":\"Wibau 120 Mixer And Parts\"}]},{\"@type\":\"WebSite\",\"@id\":\"https:\\\/\\\/miningspareparts.com\\\/#website\",\"url\":\"https:\\\/\\\/miningspareparts.com\\\/\",\"name\":\"Crusher parts , Concrete Mixer Parts, Slurry Pump Parts, Mining Spares\",\"description\":\"Mining Wear &amp; Spare Parts Supplier\",\"publisher\":{\"@id\":\"https:\\\/\\\/miningspareparts.com\\\/#organization\"},\"potentialAction\":[{\"@type\":\"SearchAction\",\"target\":{\"@type\":\"EntryPoint\",\"urlTemplate\":\"https:\\\/\\\/miningspareparts.com\\\/?s={search_term_string}\"},\"query-input\":{\"@type\":\"PropertyValueSpecification\",\"valueRequired\":true,\"valueName\":\"search_term_string\"}}],\"inLanguage\":\"fr-FR\"},{\"@type\":\"Organization\",\"@id\":\"https:\\\/\\\/miningspareparts.com\\\/#organization\",\"name\":\"Crusher parts , Concrete Mixer Parts, Slurry Pump Parts, Mining Spares\",\"url\":\"https:\\\/\\\/miningspareparts.com\\\/\",\"logo\":{\"@type\":\"ImageObject\",\"inLanguage\":\"fr-FR\",\"@id\":\"https:\\\/\\\/miningspareparts.com\\\/#\\\/schema\\\/logo\\\/image\\\/\",\"url\":\"https:\\\/\\\/miningspareparts.com\\\/wp-content\\\/uploads\\\/2025\\\/04\\\/cropped-cropped-logo\u6b63\u65b9\u5f62.png\",\"contentUrl\":\"https:\\\/\\\/miningspareparts.com\\\/wp-content\\\/uploads\\\/2025\\\/04\\\/cropped-cropped-logo\u6b63\u65b9\u5f62.png\",\"width\":511,\"height\":171,\"caption\":\"Crusher parts , Concrete Mixer Parts, Slurry Pump Parts, Mining Spares\"},\"image\":{\"@id\":\"https:\\\/\\\/miningspareparts.com\\\/#\\\/schema\\\/logo\\\/image\\\/\"}}]}<\/script>\n<!-- \/ Yoast SEO plugin. -->","yoast_head_json":{"title":"Wibau 120 Asphalt Mixer And Parts - Crusher parts, Slurry Pump Parts, Excavator shovel parts","description":"Crafted for durability, Wibau 120 asphalt twin-shaft mixer blades, mixing arms, and liners excel as original replacements with exceptional wear resistance.","robots":{"index":"index","follow":"follow","max-snippet":"max-snippet:-1","max-image-preview":"max-image-preview:large","max-video-preview":"max-video-preview:-1"},"canonical":"https:\/\/miningspareparts.com\/fr\/produit\/wibau-120-mixer-and-parts\/","og_locale":"fr_FR","og_type":"article","og_title":"Wibau 120 Asphalt Mixer And Parts - Crusher parts, Slurry Pump Parts, Excavator shovel parts","og_description":"Crafted for durability, Wibau 120 asphalt twin-shaft mixer blades, mixing arms, and liners excel as original replacements with exceptional wear resistance.","og_url":"https:\/\/miningspareparts.com\/fr\/produit\/wibau-120-mixer-and-parts\/","og_site_name":"Crusher parts, Slurry Pump Parts, Excavator shovel parts","article_modified_time":"2024-01-16T08:30:45+00:00","og_image":[{"width":1417,"height":1417,"url":"https:\/\/miningspareparts.com\/wp-content\/uploads\/2023\/12\/stojka-v-sbore-8.jpg","type":"image\/jpeg"}],"twitter_card":"summary_large_image","twitter_misc":{"Dur\u00e9e de lecture estim\u00e9e":"3 minutes"},"schema":{"@context":"https:\/\/schema.org","@graph":[{"@type":"WebPage","@id":"https:\/\/miningspareparts.com\/product\/wibau-120-mixer-and-parts\/","url":"https:\/\/miningspareparts.com\/product\/wibau-120-mixer-and-parts\/","name":"Wibau 120 Asphalt Mixer And Parts - Crusher parts, Slurry Pump Parts, Excavator shovel parts","isPartOf":{"@id":"https:\/\/miningspareparts.com\/#website"},"primaryImageOfPage":{"@id":"https:\/\/miningspareparts.com\/product\/wibau-120-mixer-and-parts\/#primaryimage"},"image":{"@id":"https:\/\/miningspareparts.com\/product\/wibau-120-mixer-and-parts\/#primaryimage"},"thumbnailUrl":"https:\/\/miningspareparts.com\/wp-content\/uploads\/2023\/12\/stojka-v-sbore-8.jpg","datePublished":"2023-12-20T05:08:41+00:00","dateModified":"2024-01-16T08:30:45+00:00","description":"Crafted for durability, Wibau 120 asphalt twin-shaft mixer blades, mixing arms, and liners excel as original replacements with exceptional wear resistance.","breadcrumb":{"@id":"https:\/\/miningspareparts.com\/product\/wibau-120-mixer-and-parts\/#breadcrumb"},"inLanguage":"fr-FR","potentialAction":[{"@type":"ReadAction","target":["https:\/\/miningspareparts.com\/product\/wibau-120-mixer-and-parts\/"]}]},{"@type":"ImageObject","inLanguage":"fr-FR","@id":"https:\/\/miningspareparts.com\/product\/wibau-120-mixer-and-parts\/#primaryimage","url":"https:\/\/miningspareparts.com\/wp-content\/uploads\/2023\/12\/stojka-v-sbore-8.jpg","contentUrl":"https:\/\/miningspareparts.com\/wp-content\/uploads\/2023\/12\/stojka-v-sbore-8.jpg","width":1417,"height":1417,"caption":"asphalt Wibau 120 Mixer And Parts mixing arm"},{"@type":"BreadcrumbList","@id":"https:\/\/miningspareparts.com\/product\/wibau-120-mixer-and-parts\/#breadcrumb","itemListElement":[{"@type":"ListItem","position":1,"name":"Home","item":"https:\/\/miningspareparts.com\/"},{"@type":"ListItem","position":2,"name":"Premium Mining Wear And Spare Parts","item":"https:\/\/miningspareparts.com\/shop\/"},{"@type":"ListItem","position":3,"name":"Wibau 120 Mixer And Parts"}]},{"@type":"WebSite","@id":"https:\/\/miningspareparts.com\/#website","url":"https:\/\/miningspareparts.com\/","name":"Crusher parts , Concrete Mixer Parts, Slurry Pump Parts, Mining Spares","description":"Mining Wear &amp; Spare Parts Supplier","publisher":{"@id":"https:\/\/miningspareparts.com\/#organization"},"potentialAction":[{"@type":"SearchAction","target":{"@type":"EntryPoint","urlTemplate":"https:\/\/miningspareparts.com\/?s={search_term_string}"},"query-input":{"@type":"PropertyValueSpecification","valueRequired":true,"valueName":"search_term_string"}}],"inLanguage":"fr-FR"},{"@type":"Organization","@id":"https:\/\/miningspareparts.com\/#organization","name":"Crusher parts , Concrete Mixer Parts, Slurry Pump Parts, Mining Spares","url":"https:\/\/miningspareparts.com\/","logo":{"@type":"ImageObject","inLanguage":"fr-FR","@id":"https:\/\/miningspareparts.com\/#\/schema\/logo\/image\/","url":"https:\/\/miningspareparts.com\/wp-content\/uploads\/2025\/04\/cropped-cropped-logo\u6b63\u65b9\u5f62.png","contentUrl":"https:\/\/miningspareparts.com\/wp-content\/uploads\/2025\/04\/cropped-cropped-logo\u6b63\u65b9\u5f62.png","width":511,"height":171,"caption":"Crusher parts , Concrete Mixer Parts, Slurry Pump Parts, Mining Spares"},"image":{"@id":"https:\/\/miningspareparts.com\/#\/schema\/logo\/image\/"}}]}},"uagb_featured_image_src":{"full":["https:\/\/miningspareparts.com\/wp-content\/uploads\/2023\/12\/stojka-v-sbore-8.jpg",1417,1417,false],"thumbnail":["https:\/\/miningspareparts.com\/wp-content\/uploads\/2023\/12\/stojka-v-sbore-8-150x150.jpg",150,150,true],"medium":["https:\/\/miningspareparts.com\/wp-content\/uploads\/2023\/12\/stojka-v-sbore-8-300x300.jpg",300,300,true],"medium_large":["https:\/\/miningspareparts.com\/wp-content\/uploads\/2023\/12\/stojka-v-sbore-8-768x768.jpg",768,768,true],"large":["https:\/\/miningspareparts.com\/wp-content\/uploads\/2023\/12\/stojka-v-sbore-8-1024x1024.jpg",1024,1024,true],"1536x1536":["https:\/\/miningspareparts.com\/wp-content\/uploads\/2023\/12\/stojka-v-sbore-8.jpg",1417,1417,false],"2048x2048":["https:\/\/miningspareparts.com\/wp-content\/uploads\/2023\/12\/stojka-v-sbore-8.jpg",1417,1417,false],"trp-custom-language-flag":["https:\/\/miningspareparts.com\/wp-content\/uploads\/2023\/12\/stojka-v-sbore-8.jpg",12,12,false],"woocommerce_thumbnail":["https:\/\/miningspareparts.com\/wp-content\/uploads\/2023\/12\/stojka-v-sbore-8-300x300.jpg",300,300,true],"woocommerce_single":["https:\/\/miningspareparts.com\/wp-content\/uploads\/2023\/12\/stojka-v-sbore-8-600x600.jpg",600,600,true],"woocommerce_gallery_thumbnail":["https:\/\/miningspareparts.com\/wp-content\/uploads\/2023\/12\/stojka-v-sbore-8-100x100.jpg",100,100,true]},"uagb_author_info":{"display_name":"Miningspareparts","author_link":"https:\/\/miningspareparts.com\/fr\/author\/"},"uagb_comment_info":0,"uagb_excerpt":"Models:WIBAU-120","_links":{"self":[{"href":"https:\/\/miningspareparts.com\/fr\/wp-json\/wp\/v2\/product\/1593","targetHints":{"allow":["GET"]}}],"collection":[{"href":"https:\/\/miningspareparts.com\/fr\/wp-json\/wp\/v2\/product"}],"about":[{"href":"https:\/\/miningspareparts.com\/fr\/wp-json\/wp\/v2\/types\/product"}],"wp:featuredmedia":[{"embeddable":true,"href":"https:\/\/miningspareparts.com\/fr\/wp-json\/wp\/v2\/media\/1595"}],"wp:attachment":[{"href":"https:\/\/miningspareparts.com\/fr\/wp-json\/wp\/v2\/media?parent=1593"}],"wp:term":[{"taxonomy":"product_brand","embeddable":true,"href":"https:\/\/miningspareparts.com\/fr\/wp-json\/wp\/v2\/product_brand?post=1593"},{"taxonomy":"product_cat","embeddable":true,"href":"https:\/\/miningspareparts.com\/fr\/wp-json\/wp\/v2\/product_cat?post=1593"},{"taxonomy":"product_tag","embeddable":true,"href":"https:\/\/miningspareparts.com\/fr\/wp-json\/wp\/v2\/product_tag?post=1593"}],"curies":[{"name":"wp","href":"https:\/\/api.w.org\/{rel}","templated":true}]}}