{"id":1601,"date":"2023-12-20T05:14:23","date_gmt":"2023-12-20T05:14:23","guid":{"rendered":"https:\/\/miningspareparts.com\/?post_type=product&#038;p=1601"},"modified":"2024-01-16T08:30:05","modified_gmt":"2024-01-16T08:30:05","slug":"%d0%bd%d0%be%d0%bc%d0%b1%d1%83%d1%81-160-mixer-and-parts","status":"publish","type":"product","link":"https:\/\/miningspareparts.com\/fr\/produit\/%d0%bd%d0%be%d0%bc%d0%b1%d1%83%d1%81-160-mixer-and-parts\/","title":{"rendered":"\u041d\u043e\u043c\u0431\u0443\u0441 160 M\u00e9langeur et pi\u00e8ces d\u00e9tach\u00e9es"},"content":{"rendered":"<p><strong>Voici une description du \u041d\u043e\u043c\u0431\u0443\u0441 160 Mixer And Parts<\/strong><\/p>\n<table width=\"1279\">\n<tbody>\n<tr>\n<td colspan=\"6\" width=\"1280\"><b>Mod\u00e8les :<\/b><i>\u041d\u043e\u043c\u0431\u0443\u0441 160<\/i><\/td>\n<\/tr>\n<tr>\n<td width=\"222\"><\/td>\n<td width=\"179\"><b>POSITION<\/b><\/td>\n<td width=\"248\"><b>CODE DE L'\u00c9L\u00c9MENT<\/b><\/td>\n<td width=\"125\"><b>QT\u00c9<\/b><\/td>\n<td width=\"226\"><b>CAT\u00c9GORIE<\/b><\/td>\n<td width=\"277\"><b>POIDS NET<\/b><\/td>\n<\/tr>\n<tr>\n<td rowspan=\"4\" width=\"222\"><b>Bras et conseils<\/b><\/td>\n<td width=\"179\">1<\/td>\n<td width=\"248\"><\/td>\n<td width=\"125\"><\/td>\n<td width=\"226\">Omoplate gauche<\/td>\n<td width=\"277\"><\/td>\n<\/tr>\n<tr>\n<td width=\"179\">2<\/td>\n<td width=\"248\"><\/td>\n<td width=\"125\"><\/td>\n<td width=\"226\">Omoplate droite<\/td>\n<td width=\"277\"><\/td>\n<\/tr>\n<tr>\n<td width=\"179\">3<\/td>\n<td width=\"248\"><\/td>\n<td width=\"125\"><\/td>\n<td width=\"226\">Rack \u00e0 gauche<\/td>\n<td width=\"277\"><\/td>\n<\/tr>\n<tr>\n<td width=\"179\">4<\/td>\n<td width=\"248\"><\/td>\n<td width=\"125\"><\/td>\n<td width=\"226\">Rayon droit<\/td>\n<td width=\"277\"><\/td>\n<\/tr>\n<\/tbody>\n<\/table>\n<p><img fetchpriority=\"high\" decoding=\"async\" class=\"wp-image-3550 alignleft\" src=\"https:\/\/miningspareparts.com\/wp-content\/uploads\/2024\/01\/Mixer-And-Wear-Parts1-239x300.webp\" alt=\"\" width=\"498\" height=\"625\" srcset=\"https:\/\/miningspareparts.com\/wp-content\/uploads\/2024\/01\/Mixer-And-Wear-Parts1-239x300.webp 239w, https:\/\/miningspareparts.com\/wp-content\/uploads\/2024\/01\/Mixer-And-Wear-Parts1-817x1024.webp 817w, https:\/\/miningspareparts.com\/wp-content\/uploads\/2024\/01\/Mixer-And-Wear-Parts1-768x963.webp 768w, https:\/\/miningspareparts.com\/wp-content\/uploads\/2024\/01\/Mixer-And-Wear-Parts1-1226x1536.webp 1226w, https:\/\/miningspareparts.com\/wp-content\/uploads\/2024\/01\/Mixer-And-Wear-Parts1-1634x2048.webp 1634w, https:\/\/miningspareparts.com\/wp-content\/uploads\/2024\/01\/Mixer-And-Wear-Parts1-600x752.webp 600w, https:\/\/miningspareparts.com\/wp-content\/uploads\/2024\/01\/Mixer-And-Wear-Parts1.webp 2037w\" sizes=\"(max-width: 498px) 100vw, 498px\" \/><span style=\"font-size: 16px\">\u00a0<\/span><img decoding=\"async\" class=\"wp-image-3551 alignnone\" style=\"font-weight: inherit\" src=\"https:\/\/miningspareparts.com\/wp-content\/uploads\/2024\/01\/Mixer-And-Wear-Parts2-210x300.webp\" alt=\"\" width=\"454\" height=\"649\" srcset=\"https:\/\/miningspareparts.com\/wp-content\/uploads\/2024\/01\/Mixer-And-Wear-Parts2-210x300.webp 210w, https:\/\/miningspareparts.com\/wp-content\/uploads\/2024\/01\/Mixer-And-Wear-Parts2-600x856.webp 600w\" sizes=\"(max-width: 454px) 100vw, 454px\" \/><\/p>\n<p>Nos pales, bras de malaxage et rev\u00eatements pour malaxeurs d'asphalte \u00e0 double arbre \u041d\u043e\u043c\u0431\u0443\u0441 160 incarnent l'excellence en mati\u00e8re de remplacement d'origine et garantissent une durabilit\u00e9 in\u00e9gal\u00e9e. Sur le march\u00e9 des pi\u00e8ces de rechange, nos produits conservent une qualit\u00e9 sup\u00e9rieure et offrent des performances \u00e9lev\u00e9es et durables. Fabriqu\u00e9s avec pr\u00e9cision, ces composants sont con\u00e7us pour une long\u00e9vit\u00e9 prolong\u00e9e et pr\u00e9sentent une r\u00e9sistance \u00e0 l'usure remarquable. En tant que fabricant engag\u00e9 dans l'excellence, notre engagement va au-del\u00e0 de la simple fourniture de pi\u00e8ces de rechange ; nous fournissons des solutions durables pour des applications exigeantes. Nos produits incarnent une synergie de mat\u00e9riaux de qualit\u00e9, de technologies de pointe et de savoir-faire d'experts, \u00e9tablissant ainsi une r\u00e9f\u00e9rence dans l'industrie. Qu'il s'agisse de pi\u00e8ces de rechange d'origine ou d'apr\u00e8s-vente, notre engagement en faveur de la durabilit\u00e9 reste in\u00e9branlable et refl\u00e8te notre volont\u00e9 de satisfaire nos clients. Une grammaire fluide permet de communiquer clairement la valeur que nos composants \u041d\u043e\u043c\u0431\u0443\u0441 160 apportent aux malaxeurs d'asphalte \u00e0 double arbre. Gr\u00e2ce \u00e0 une approche globale et \u00e0 un engagement in\u00e9branlable en faveur de la qualit\u00e9, nos offres red\u00e9finissent les attentes dans l'industrie des machines de construction.<\/p>","protected":false},"excerpt":{"rendered":"<p><b>Mod\u00e8les :<\/b><i>\u041d\u043e\u043c\u0431\u0443\u0441 160<\/i><\/p>","protected":false},"featured_media":1602,"template":"","meta":{"_uag_custom_page_level_css":"","site-sidebar-layout":"default","site-content-layout":"","ast-site-content-layout":"default","site-content-style":"default","site-sidebar-style":"default","ast-global-header-display":"","ast-banner-title-visibility":"","ast-main-header-display":"","ast-hfb-above-header-display":"","ast-hfb-below-header-display":"","ast-hfb-mobile-header-display":"","site-post-title":"","ast-breadcrumbs-content":"","ast-featured-img":"","footer-sml-layout":"","ast-disable-related-posts":"","theme-transparent-header-meta":"default","adv-header-id-meta":"","stick-header-meta":"default","header-above-stick-meta":"","header-main-stick-meta":"","header-below-stick-meta":"","astra-migrate-meta-layouts":"set","ast-page-background-enabled":"default","ast-page-background-meta":{"desktop":{"background-color":"var(--ast-global-color-4)","background-image":"","background-repeat":"repeat","background-position":"center center","background-size":"auto","background-attachment":"scroll","background-type":"","background-media":"","overlay-type":"","overlay-color":"","overlay-opacity":"","overlay-gradient":""},"tablet":{"background-color":"","background-image":"","background-repeat":"repeat","background-position":"center center","background-size":"auto","background-attachment":"scroll","background-type":"","background-media":"","overlay-type":"","overlay-color":"","overlay-opacity":"","overlay-gradient":""},"mobile":{"background-color":"","background-image":"","background-repeat":"repeat","background-position":"center center","background-size":"auto","background-attachment":"scroll","background-type":"","background-media":"","overlay-type":"","overlay-color":"","overlay-opacity":"","overlay-gradient":""}},"ast-content-background-meta":{"desktop":{"background-color":"var(--ast-global-color-5)","background-image":"","background-repeat":"repeat","background-position":"center center","background-size":"auto","background-attachment":"scroll","background-type":"","background-media":"","overlay-type":"","overlay-color":"","overlay-opacity":"","overlay-gradient":""},"tablet":{"background-color":"var(--ast-global-color-5)","background-image":"","background-repeat":"repeat","background-position":"center center","background-size":"auto","background-attachment":"scroll","background-type":"","background-media":"","overlay-type":"","overlay-color":"","overlay-opacity":"","overlay-gradient":""},"mobile":{"background-color":"var(--ast-global-color-5)","background-image":"","background-repeat":"repeat","background-position":"center center","background-size":"auto","background-attachment":"scroll","background-type":"","background-media":"","overlay-type":"","overlay-color":"","overlay-opacity":"","overlay-gradient":""}}},"product_brand":[],"product_cat":[275,82],"product_tag":[],"class_list":{"0":"post-1601","1":"product","2":"type-product","3":"status-publish","4":"has-post-thumbnail","6":"product_cat-other","7":"product_cat-asphalt-mixer-parts","8":"desktop-align-left","9":"tablet-align-left","10":"mobile-align-left","11":"ast-product-gallery-layout-horizontal-slider","12":"ast-product-gallery-with-no-image","13":"ast-product-single-variable","14":"ast-product-tabs-layout-horizontal","16":"first","17":"instock","18":"shipping-taxable","19":"purchasable","20":"product-type-variable"},"yoast_head":"<!-- This site is optimized with the Yoast SEO plugin v27.4 - https:\/\/yoast.com\/product\/yoast-seo-wordpress\/ -->\n<title>\u041d\u043e\u043c\u0431\u0443\u0441 160 Asphalt Mixer And Parts - Crusher parts, Slurry Pump Parts, Excavator shovel parts<\/title>\n<meta name=\"description\" content=\"Our \u041d\u043e\u043c\u0431\u0443\u0441 160 asphalt twin-shaft mixer blades, mixing arms, and liners are original replacements with exceptional wear resistance, ensuring longevity\" \/>\n<meta name=\"robots\" content=\"index, follow, max-snippet:-1, max-image-preview:large, max-video-preview:-1\" \/>\n<link rel=\"canonical\" href=\"https:\/\/miningspareparts.com\/fr\/produit\/\u043d\u043e\u043c\u0431\u0443\u0441-160-mixer-and-parts\/\" \/>\n<meta property=\"og:locale\" content=\"fr_FR\" \/>\n<meta property=\"og:type\" content=\"article\" \/>\n<meta property=\"og:title\" content=\"\u041d\u043e\u043c\u0431\u0443\u0441 160 Asphalt Mixer And Parts - Crusher parts, Slurry Pump Parts, Excavator shovel parts\" \/>\n<meta property=\"og:description\" content=\"Our \u041d\u043e\u043c\u0431\u0443\u0441 160 asphalt twin-shaft mixer blades, mixing arms, and liners are original replacements with exceptional wear resistance, ensuring longevity\" \/>\n<meta property=\"og:url\" content=\"https:\/\/miningspareparts.com\/fr\/produit\/\u043d\u043e\u043c\u0431\u0443\u0441-160-mixer-and-parts\/\" \/>\n<meta property=\"og:site_name\" content=\"Crusher parts, Slurry Pump Parts, Excavator shovel parts\" \/>\n<meta property=\"article:modified_time\" content=\"2024-01-16T08:30:05+00:00\" \/>\n<meta property=\"og:image\" content=\"https:\/\/miningspareparts.com\/wp-content\/uploads\/2023\/12\/nombus-160-stojka-v-sbore.jpg\" \/>\n\t<meta property=\"og:image:width\" content=\"1417\" \/>\n\t<meta property=\"og:image:height\" content=\"1417\" \/>\n\t<meta property=\"og:image:type\" content=\"image\/jpeg\" \/>\n<meta name=\"twitter:card\" content=\"summary_large_image\" \/>\n<meta name=\"twitter:label1\" content=\"Dur\u00e9e de lecture estim\u00e9e\" \/>\n\t<meta name=\"twitter:data1\" content=\"1 minute\" \/>\n<script type=\"application\/ld+json\" class=\"yoast-schema-graph\">{\"@context\":\"https:\\\/\\\/schema.org\",\"@graph\":[{\"@type\":\"WebPage\",\"@id\":\"https:\\\/\\\/miningspareparts.com\\\/product\\\/%d0%bd%d0%be%d0%bc%d0%b1%d1%83%d1%81-160-mixer-and-parts\\\/\",\"url\":\"https:\\\/\\\/miningspareparts.com\\\/product\\\/%d0%bd%d0%be%d0%bc%d0%b1%d1%83%d1%81-160-mixer-and-parts\\\/\",\"name\":\"\u041d\u043e\u043c\u0431\u0443\u0441 160 Asphalt Mixer And Parts - Crusher parts, Slurry Pump Parts, Excavator shovel parts\",\"isPartOf\":{\"@id\":\"https:\\\/\\\/miningspareparts.com\\\/#website\"},\"primaryImageOfPage\":{\"@id\":\"https:\\\/\\\/miningspareparts.com\\\/product\\\/%d0%bd%d0%be%d0%bc%d0%b1%d1%83%d1%81-160-mixer-and-parts\\\/#primaryimage\"},\"image\":{\"@id\":\"https:\\\/\\\/miningspareparts.com\\\/product\\\/%d0%bd%d0%be%d0%bc%d0%b1%d1%83%d1%81-160-mixer-and-parts\\\/#primaryimage\"},\"thumbnailUrl\":\"https:\\\/\\\/miningspareparts.com\\\/wp-content\\\/uploads\\\/2023\\\/12\\\/nombus-160-stojka-v-sbore.jpg\",\"datePublished\":\"2023-12-20T05:14:23+00:00\",\"dateModified\":\"2024-01-16T08:30:05+00:00\",\"description\":\"Our \u041d\u043e\u043c\u0431\u0443\u0441 160 asphalt twin-shaft mixer blades, mixing arms, and liners are original replacements with exceptional wear resistance, ensuring longevity\",\"breadcrumb\":{\"@id\":\"https:\\\/\\\/miningspareparts.com\\\/product\\\/%d0%bd%d0%be%d0%bc%d0%b1%d1%83%d1%81-160-mixer-and-parts\\\/#breadcrumb\"},\"inLanguage\":\"fr-FR\",\"potentialAction\":[{\"@type\":\"ReadAction\",\"target\":[\"https:\\\/\\\/miningspareparts.com\\\/product\\\/%d0%bd%d0%be%d0%bc%d0%b1%d1%83%d1%81-160-mixer-and-parts\\\/\"]}]},{\"@type\":\"ImageObject\",\"inLanguage\":\"fr-FR\",\"@id\":\"https:\\\/\\\/miningspareparts.com\\\/product\\\/%d0%bd%d0%be%d0%bc%d0%b1%d1%83%d1%81-160-mixer-and-parts\\\/#primaryimage\",\"url\":\"https:\\\/\\\/miningspareparts.com\\\/wp-content\\\/uploads\\\/2023\\\/12\\\/nombus-160-stojka-v-sbore.jpg\",\"contentUrl\":\"https:\\\/\\\/miningspareparts.com\\\/wp-content\\\/uploads\\\/2023\\\/12\\\/nombus-160-stojka-v-sbore.jpg\",\"width\":1417,\"height\":1417,\"caption\":\"asphalt \u041d\u043e\u043c\u0431\u0443\u0441 160 Mixer And Parts mixing arm\"},{\"@type\":\"BreadcrumbList\",\"@id\":\"https:\\\/\\\/miningspareparts.com\\\/product\\\/%d0%bd%d0%be%d0%bc%d0%b1%d1%83%d1%81-160-mixer-and-parts\\\/#breadcrumb\",\"itemListElement\":[{\"@type\":\"ListItem\",\"position\":1,\"name\":\"Home\",\"item\":\"https:\\\/\\\/miningspareparts.com\\\/\"},{\"@type\":\"ListItem\",\"position\":2,\"name\":\"Premium Mining Wear And Spare Parts\",\"item\":\"https:\\\/\\\/miningspareparts.com\\\/shop\\\/\"},{\"@type\":\"ListItem\",\"position\":3,\"name\":\"\u041d\u043e\u043c\u0431\u0443\u0441 160 Mixer And Parts\"}]},{\"@type\":\"WebSite\",\"@id\":\"https:\\\/\\\/miningspareparts.com\\\/#website\",\"url\":\"https:\\\/\\\/miningspareparts.com\\\/\",\"name\":\"Crusher parts , Concrete Mixer Parts, Slurry Pump Parts, Mining Spares\",\"description\":\"Mining Wear &amp; Spare Parts Supplier\",\"publisher\":{\"@id\":\"https:\\\/\\\/miningspareparts.com\\\/#organization\"},\"potentialAction\":[{\"@type\":\"SearchAction\",\"target\":{\"@type\":\"EntryPoint\",\"urlTemplate\":\"https:\\\/\\\/miningspareparts.com\\\/?s={search_term_string}\"},\"query-input\":{\"@type\":\"PropertyValueSpecification\",\"valueRequired\":true,\"valueName\":\"search_term_string\"}}],\"inLanguage\":\"fr-FR\"},{\"@type\":\"Organization\",\"@id\":\"https:\\\/\\\/miningspareparts.com\\\/#organization\",\"name\":\"Crusher parts , Concrete Mixer Parts, Slurry Pump Parts, Mining Spares\",\"url\":\"https:\\\/\\\/miningspareparts.com\\\/\",\"logo\":{\"@type\":\"ImageObject\",\"inLanguage\":\"fr-FR\",\"@id\":\"https:\\\/\\\/miningspareparts.com\\\/#\\\/schema\\\/logo\\\/image\\\/\",\"url\":\"https:\\\/\\\/miningspareparts.com\\\/wp-content\\\/uploads\\\/2025\\\/04\\\/cropped-cropped-logo\u6b63\u65b9\u5f62.png\",\"contentUrl\":\"https:\\\/\\\/miningspareparts.com\\\/wp-content\\\/uploads\\\/2025\\\/04\\\/cropped-cropped-logo\u6b63\u65b9\u5f62.png\",\"width\":511,\"height\":171,\"caption\":\"Crusher parts , Concrete Mixer Parts, Slurry Pump Parts, Mining Spares\"},\"image\":{\"@id\":\"https:\\\/\\\/miningspareparts.com\\\/#\\\/schema\\\/logo\\\/image\\\/\"}}]}<\/script>\n<!-- \/ Yoast SEO plugin. -->","yoast_head_json":{"title":"\u041d\u043e\u043c\u0431\u0443\u0441 160 Asphalt Mixer And Parts - Crusher parts, Slurry Pump Parts, Excavator shovel parts","description":"Our \u041d\u043e\u043c\u0431\u0443\u0441 160 asphalt twin-shaft mixer blades, mixing arms, and liners are original replacements with exceptional wear resistance, ensuring longevity","robots":{"index":"index","follow":"follow","max-snippet":"max-snippet:-1","max-image-preview":"max-image-preview:large","max-video-preview":"max-video-preview:-1"},"canonical":"https:\/\/miningspareparts.com\/fr\/produit\/\u043d\u043e\u043c\u0431\u0443\u0441-160-mixer-and-parts\/","og_locale":"fr_FR","og_type":"article","og_title":"\u041d\u043e\u043c\u0431\u0443\u0441 160 Asphalt Mixer And Parts - Crusher parts, Slurry Pump Parts, Excavator shovel parts","og_description":"Our \u041d\u043e\u043c\u0431\u0443\u0441 160 asphalt twin-shaft mixer blades, mixing arms, and liners are original replacements with exceptional wear resistance, ensuring longevity","og_url":"https:\/\/miningspareparts.com\/fr\/produit\/\u043d\u043e\u043c\u0431\u0443\u0441-160-mixer-and-parts\/","og_site_name":"Crusher parts, Slurry Pump Parts, Excavator shovel parts","article_modified_time":"2024-01-16T08:30:05+00:00","og_image":[{"width":1417,"height":1417,"url":"https:\/\/miningspareparts.com\/wp-content\/uploads\/2023\/12\/nombus-160-stojka-v-sbore.jpg","type":"image\/jpeg"}],"twitter_card":"summary_large_image","twitter_misc":{"Dur\u00e9e de lecture estim\u00e9e":"1 minute"},"schema":{"@context":"https:\/\/schema.org","@graph":[{"@type":"WebPage","@id":"https:\/\/miningspareparts.com\/product\/%d0%bd%d0%be%d0%bc%d0%b1%d1%83%d1%81-160-mixer-and-parts\/","url":"https:\/\/miningspareparts.com\/product\/%d0%bd%d0%be%d0%bc%d0%b1%d1%83%d1%81-160-mixer-and-parts\/","name":"\u041d\u043e\u043c\u0431\u0443\u0441 160 Asphalt Mixer And Parts - Crusher parts, Slurry Pump Parts, Excavator shovel parts","isPartOf":{"@id":"https:\/\/miningspareparts.com\/#website"},"primaryImageOfPage":{"@id":"https:\/\/miningspareparts.com\/product\/%d0%bd%d0%be%d0%bc%d0%b1%d1%83%d1%81-160-mixer-and-parts\/#primaryimage"},"image":{"@id":"https:\/\/miningspareparts.com\/product\/%d0%bd%d0%be%d0%bc%d0%b1%d1%83%d1%81-160-mixer-and-parts\/#primaryimage"},"thumbnailUrl":"https:\/\/miningspareparts.com\/wp-content\/uploads\/2023\/12\/nombus-160-stojka-v-sbore.jpg","datePublished":"2023-12-20T05:14:23+00:00","dateModified":"2024-01-16T08:30:05+00:00","description":"Our \u041d\u043e\u043c\u0431\u0443\u0441 160 asphalt twin-shaft mixer blades, mixing arms, and liners are original replacements with exceptional wear resistance, ensuring longevity","breadcrumb":{"@id":"https:\/\/miningspareparts.com\/product\/%d0%bd%d0%be%d0%bc%d0%b1%d1%83%d1%81-160-mixer-and-parts\/#breadcrumb"},"inLanguage":"fr-FR","potentialAction":[{"@type":"ReadAction","target":["https:\/\/miningspareparts.com\/product\/%d0%bd%d0%be%d0%bc%d0%b1%d1%83%d1%81-160-mixer-and-parts\/"]}]},{"@type":"ImageObject","inLanguage":"fr-FR","@id":"https:\/\/miningspareparts.com\/product\/%d0%bd%d0%be%d0%bc%d0%b1%d1%83%d1%81-160-mixer-and-parts\/#primaryimage","url":"https:\/\/miningspareparts.com\/wp-content\/uploads\/2023\/12\/nombus-160-stojka-v-sbore.jpg","contentUrl":"https:\/\/miningspareparts.com\/wp-content\/uploads\/2023\/12\/nombus-160-stojka-v-sbore.jpg","width":1417,"height":1417,"caption":"asphalt \u041d\u043e\u043c\u0431\u0443\u0441 160 Mixer And Parts mixing arm"},{"@type":"BreadcrumbList","@id":"https:\/\/miningspareparts.com\/product\/%d0%bd%d0%be%d0%bc%d0%b1%d1%83%d1%81-160-mixer-and-parts\/#breadcrumb","itemListElement":[{"@type":"ListItem","position":1,"name":"Home","item":"https:\/\/miningspareparts.com\/"},{"@type":"ListItem","position":2,"name":"Premium Mining Wear And Spare Parts","item":"https:\/\/miningspareparts.com\/shop\/"},{"@type":"ListItem","position":3,"name":"\u041d\u043e\u043c\u0431\u0443\u0441 160 Mixer And Parts"}]},{"@type":"WebSite","@id":"https:\/\/miningspareparts.com\/#website","url":"https:\/\/miningspareparts.com\/","name":"Crusher parts , Concrete Mixer Parts, Slurry Pump Parts, Mining Spares","description":"Mining Wear &amp; Spare Parts Supplier","publisher":{"@id":"https:\/\/miningspareparts.com\/#organization"},"potentialAction":[{"@type":"SearchAction","target":{"@type":"EntryPoint","urlTemplate":"https:\/\/miningspareparts.com\/?s={search_term_string}"},"query-input":{"@type":"PropertyValueSpecification","valueRequired":true,"valueName":"search_term_string"}}],"inLanguage":"fr-FR"},{"@type":"Organization","@id":"https:\/\/miningspareparts.com\/#organization","name":"Crusher parts , Concrete Mixer Parts, Slurry Pump Parts, Mining Spares","url":"https:\/\/miningspareparts.com\/","logo":{"@type":"ImageObject","inLanguage":"fr-FR","@id":"https:\/\/miningspareparts.com\/#\/schema\/logo\/image\/","url":"https:\/\/miningspareparts.com\/wp-content\/uploads\/2025\/04\/cropped-cropped-logo\u6b63\u65b9\u5f62.png","contentUrl":"https:\/\/miningspareparts.com\/wp-content\/uploads\/2025\/04\/cropped-cropped-logo\u6b63\u65b9\u5f62.png","width":511,"height":171,"caption":"Crusher parts , Concrete Mixer Parts, Slurry Pump Parts, Mining Spares"},"image":{"@id":"https:\/\/miningspareparts.com\/#\/schema\/logo\/image\/"}}]}},"uagb_featured_image_src":{"full":["https:\/\/miningspareparts.com\/wp-content\/uploads\/2023\/12\/nombus-160-stojka-v-sbore.jpg",1417,1417,false],"thumbnail":["https:\/\/miningspareparts.com\/wp-content\/uploads\/2023\/12\/nombus-160-stojka-v-sbore-150x150.jpg",150,150,true],"medium":["https:\/\/miningspareparts.com\/wp-content\/uploads\/2023\/12\/nombus-160-stojka-v-sbore-300x300.jpg",300,300,true],"medium_large":["https:\/\/miningspareparts.com\/wp-content\/uploads\/2023\/12\/nombus-160-stojka-v-sbore-768x768.jpg",768,768,true],"large":["https:\/\/miningspareparts.com\/wp-content\/uploads\/2023\/12\/nombus-160-stojka-v-sbore-1024x1024.jpg",1024,1024,true],"1536x1536":["https:\/\/miningspareparts.com\/wp-content\/uploads\/2023\/12\/nombus-160-stojka-v-sbore.jpg",1417,1417,false],"2048x2048":["https:\/\/miningspareparts.com\/wp-content\/uploads\/2023\/12\/nombus-160-stojka-v-sbore.jpg",1417,1417,false],"trp-custom-language-flag":["https:\/\/miningspareparts.com\/wp-content\/uploads\/2023\/12\/nombus-160-stojka-v-sbore.jpg",12,12,false],"woocommerce_thumbnail":["https:\/\/miningspareparts.com\/wp-content\/uploads\/2023\/12\/nombus-160-stojka-v-sbore-300x300.jpg",300,300,true],"woocommerce_single":["https:\/\/miningspareparts.com\/wp-content\/uploads\/2023\/12\/nombus-160-stojka-v-sbore-600x600.jpg",600,600,true],"woocommerce_gallery_thumbnail":["https:\/\/miningspareparts.com\/wp-content\/uploads\/2023\/12\/nombus-160-stojka-v-sbore-100x100.jpg",100,100,true]},"uagb_author_info":{"display_name":"Miningspareparts","author_link":"https:\/\/miningspareparts.com\/fr\/author\/"},"uagb_comment_info":0,"uagb_excerpt":"Models:\u041d\u043e\u043c\u0431\u0443\u0441\u00a0160","_links":{"self":[{"href":"https:\/\/miningspareparts.com\/fr\/wp-json\/wp\/v2\/product\/1601","targetHints":{"allow":["GET"]}}],"collection":[{"href":"https:\/\/miningspareparts.com\/fr\/wp-json\/wp\/v2\/product"}],"about":[{"href":"https:\/\/miningspareparts.com\/fr\/wp-json\/wp\/v2\/types\/product"}],"wp:featuredmedia":[{"embeddable":true,"href":"https:\/\/miningspareparts.com\/fr\/wp-json\/wp\/v2\/media\/1602"}],"wp:attachment":[{"href":"https:\/\/miningspareparts.com\/fr\/wp-json\/wp\/v2\/media?parent=1601"}],"wp:term":[{"taxonomy":"product_brand","embeddable":true,"href":"https:\/\/miningspareparts.com\/fr\/wp-json\/wp\/v2\/product_brand?post=1601"},{"taxonomy":"product_cat","embeddable":true,"href":"https:\/\/miningspareparts.com\/fr\/wp-json\/wp\/v2\/product_cat?post=1601"},{"taxonomy":"product_tag","embeddable":true,"href":"https:\/\/miningspareparts.com\/fr\/wp-json\/wp\/v2\/product_tag?post=1601"}],"curies":[{"name":"wp","href":"https:\/\/api.w.org\/{rel}","templated":true}]}}