{"id":1612,"date":"2023-12-20T05:21:58","date_gmt":"2023-12-20T05:21:58","guid":{"rendered":"https:\/\/miningspareparts.com\/?post_type=product&#038;p=1612"},"modified":"2024-01-16T08:28:38","modified_gmt":"2024-01-16T08:28:38","slug":"%d1%83%d0%b4%d0%bc-120-%d1%83%d0%b4%d0%bc-80-mixer-and-parts","status":"publish","type":"product","link":"https:\/\/miningspareparts.com\/fr\/produit\/%d1%83%d0%b4%d0%bc-120-%d1%83%d0%b4%d0%bc-80-mixer-and-parts\/","title":{"rendered":"M\u00e9langeur \u0423\u0414\u041c-120, \u0423\u0414\u041c-80 et pi\u00e8ces d\u00e9tach\u00e9es"},"content":{"rendered":"<table width=\"1291\">\n<tbody>\n<tr>\n<td colspan=\"6\" width=\"1291\"><b>Mod\u00e8les :<\/b><i>\u0423\u0414\u041c-120, \u0423\u0414\u041c-80<\/i><\/td>\n<\/tr>\n<tr>\n<td width=\"185\"><\/td>\n<td width=\"188\"><b>POSITION<\/b><\/td>\n<td width=\"260\"><b>CODE DE L'\u00c9L\u00c9MENT<\/b><\/td>\n<td width=\"131\"><b>QT\u00c9<\/b><\/td>\n<td width=\"238\"><b>CAT\u00c9GORIE<\/b><\/td>\n<td width=\"286\"><b>POIDS NET<\/b><\/td>\n<\/tr>\n<tr>\n<td rowspan=\"4\" width=\"185\"><b>Rev\u00eatements muraux<\/b><\/td>\n<td width=\"188\">1<\/td>\n<td width=\"260\">Armure F\/D\/E<\/td>\n<td width=\"131\">2\/2\/2<\/td>\n<td width=\"238\">Rev\u00eatements muraux 1<\/td>\n<td width=\"286\"><\/td>\n<\/tr>\n<tr>\n<td width=\"188\">2<\/td>\n<td width=\"260\">Armure C<\/td>\n<td width=\"131\">6<\/td>\n<td width=\"238\">Rev\u00eatements muraux 2<\/td>\n<td width=\"286\"><\/td>\n<\/tr>\n<tr>\n<td width=\"188\">3<\/td>\n<td width=\"260\">Armure B<\/td>\n<td width=\"131\">6<\/td>\n<td width=\"238\">Rev\u00eatements muraux 3<\/td>\n<td width=\"286\"><\/td>\n<\/tr>\n<tr>\n<td width=\"188\">4<\/td>\n<td width=\"260\">Armure A<\/td>\n<td width=\"131\">6<\/td>\n<td width=\"238\">Rev\u00eatements muraux 4<\/td>\n<td width=\"286\"><\/td>\n<\/tr>\n<tr>\n<td width=\"185\"><\/td>\n<td width=\"188\"><\/td>\n<td width=\"260\"><\/td>\n<td width=\"131\"><\/td>\n<td width=\"238\"><\/td>\n<td width=\"286\"><\/td>\n<\/tr>\n<tr>\n<td rowspan=\"3\" width=\"185\"><b>Bras et conseils<\/b><\/td>\n<td width=\"188\">1<\/td>\n<td width=\"260\">Pelle<\/td>\n<td width=\"131\">16<\/td>\n<td width=\"238\">Pelle<\/td>\n<td width=\"286\"><\/td>\n<\/tr>\n<tr>\n<td width=\"188\">2<\/td>\n<td width=\"260\">Rack \u0410<\/td>\n<td width=\"131\">12<\/td>\n<td width=\"238\">Rack \u00e0 gauche<\/td>\n<td width=\"286\"><\/td>\n<\/tr>\n<tr>\n<td width=\"188\">3<\/td>\n<td width=\"260\">Rack \u0412<\/td>\n<td width=\"131\">4<\/td>\n<td width=\"238\">Rayon droit<\/td>\n<td width=\"286\"><\/td>\n<\/tr>\n<tr>\n<td width=\"185\"><\/td>\n<td width=\"188\"><\/td>\n<td width=\"260\"><\/td>\n<td width=\"131\"><\/td>\n<td width=\"238\"><\/td>\n<td width=\"286\"><\/td>\n<\/tr>\n<\/tbody>\n<\/table>\n<p><img fetchpriority=\"high\" decoding=\"async\" class=\"wp-image-3550 alignleft\" src=\"https:\/\/miningspareparts.com\/wp-content\/uploads\/2024\/01\/Mixer-And-Wear-Parts1-239x300.webp\" alt=\"\" width=\"498\" height=\"625\" srcset=\"https:\/\/miningspareparts.com\/wp-content\/uploads\/2024\/01\/Mixer-And-Wear-Parts1-239x300.webp 239w, https:\/\/miningspareparts.com\/wp-content\/uploads\/2024\/01\/Mixer-And-Wear-Parts1-817x1024.webp 817w, https:\/\/miningspareparts.com\/wp-content\/uploads\/2024\/01\/Mixer-And-Wear-Parts1-768x963.webp 768w, https:\/\/miningspareparts.com\/wp-content\/uploads\/2024\/01\/Mixer-And-Wear-Parts1-1226x1536.webp 1226w, https:\/\/miningspareparts.com\/wp-content\/uploads\/2024\/01\/Mixer-And-Wear-Parts1-1634x2048.webp 1634w, https:\/\/miningspareparts.com\/wp-content\/uploads\/2024\/01\/Mixer-And-Wear-Parts1-600x752.webp 600w, https:\/\/miningspareparts.com\/wp-content\/uploads\/2024\/01\/Mixer-And-Wear-Parts1.webp 2037w\" sizes=\"(max-width: 498px) 100vw, 498px\" \/><span style=\"font-size: 16px\">\u00a0<\/span><img decoding=\"async\" class=\"wp-image-3551 alignnone\" style=\"font-weight: inherit\" src=\"https:\/\/miningspareparts.com\/wp-content\/uploads\/2024\/01\/Mixer-And-Wear-Parts2-210x300.webp\" alt=\"\" width=\"454\" height=\"649\" srcset=\"https:\/\/miningspareparts.com\/wp-content\/uploads\/2024\/01\/Mixer-And-Wear-Parts2-210x300.webp 210w, https:\/\/miningspareparts.com\/wp-content\/uploads\/2024\/01\/Mixer-And-Wear-Parts2-600x856.webp 600w\" sizes=\"(max-width: 454px) 100vw, 454px\" \/><\/p>\n<p>En tant que fabricant leader de pales, bras et rev\u00eatements de m\u00e9langeurs \u00e0 double arbre \u0423\u0414\u041c-120 et \u0423\u0414\u041c-80, nous sommes fiers de fournir des composants de remplacement d'origine r\u00e9put\u00e9s pour leur r\u00e9sistance \u00e0 l'usure et leur long\u00e9vit\u00e9. Notre engagement va au-del\u00e0 de la fourniture de solutions pour le march\u00e9 de l'apr\u00e8s-vente ; nous donnons la priorit\u00e9 \u00e0 la qualit\u00e9, en veillant \u00e0 ce que nos produits r\u00e9sistent aux rigueurs d'applications exigeantes.<\/p>\n<p>Les pales des m\u00e9langeurs \u00e0 deux arbres \u0423\u0414\u041c-120 et \u0423\u0414\u041c-80 sont m\u00e9ticuleusement fabriqu\u00e9es \u00e0 l'aide de mat\u00e9riaux avanc\u00e9s, garantissant une r\u00e9sistance \u00e0 l'usure exceptionnelle. Qu'il s'agisse des bras de m\u00e9lange ou des rev\u00eatements, chaque composant est soumis \u00e0 des tests rigoureux pour r\u00e9pondre aux normes industrielles les plus strictes. Notre engagement \u00e0 fournir des pi\u00e8ces de rechange d'origine souligne notre volont\u00e9 de proposer des solutions fiables qui surpassent celles de nos concurrents.<\/p>\n<p>Outre la robustesse de nos produits, nos services apr\u00e8s-vente nous distinguent encore davantage sur le march\u00e9. Nous comprenons l'importance d'offrir des solutions compl\u00e8tes, y compris une livraison rapide et efficace, une assistance technique experte et des prix comp\u00e9titifs. Notre approche centr\u00e9e sur le client garantit que vos op\u00e9rations subissent un minimum de temps d'arr\u00eat, ce qui permet une production continue et sans faille.<\/p>\n<p>En outre, notre engagement en faveur du d\u00e9veloppement durable se refl\u00e8te dans la durabilit\u00e9 de nos composants. En fournissant des pales, des bras de m\u00e9lange et des rev\u00eatements durables et fiables pour les m\u00e9langeurs \u00e0 deux arbres \u0423\u0414\u041c-120 et \u0423\u0414\u041c-80, nous contribuons \u00e0 r\u00e9duire l'impact sur l'environnement associ\u00e9 aux remplacements fr\u00e9quents.<\/p>\n<p>En conclusion, nos composants de m\u00e9langeurs \u00e0 deux arbres \u0423\u0414\u041c-120 et \u0423\u0414\u041c-80 repr\u00e9sentent le summum des pi\u00e8ces de rechange d'origine, offrant une r\u00e9sistance \u00e0 l'usure et une durabilit\u00e9 imbattables. Adoptez nos solutions de rechange pour un partenariat complet et fiable qui garantit la long\u00e9vit\u00e9 et l'efficacit\u00e9 de votre \u00e9quipement.<\/p>","protected":false},"excerpt":{"rendered":"<p>\u0423\u0414\u041c-120, \u0423\u0414\u041c-80<\/p>","protected":false},"featured_media":1614,"template":"","meta":{"_uag_custom_page_level_css":"","site-sidebar-layout":"default","site-content-layout":"","ast-site-content-layout":"default","site-content-style":"default","site-sidebar-style":"default","ast-global-header-display":"","ast-banner-title-visibility":"","ast-main-header-display":"","ast-hfb-above-header-display":"","ast-hfb-below-header-display":"","ast-hfb-mobile-header-display":"","site-post-title":"","ast-breadcrumbs-content":"","ast-featured-img":"","footer-sml-layout":"","ast-disable-related-posts":"","theme-transparent-header-meta":"default","adv-header-id-meta":"","stick-header-meta":"default","header-above-stick-meta":"","header-main-stick-meta":"","header-below-stick-meta":"","astra-migrate-meta-layouts":"set","ast-page-background-enabled":"default","ast-page-background-meta":{"desktop":{"background-color":"var(--ast-global-color-4)","background-image":"","background-repeat":"repeat","background-position":"center center","background-size":"auto","background-attachment":"scroll","background-type":"","background-media":"","overlay-type":"","overlay-color":"","overlay-opacity":"","overlay-gradient":""},"tablet":{"background-color":"","background-image":"","background-repeat":"repeat","background-position":"center center","background-size":"auto","background-attachment":"scroll","background-type":"","background-media":"","overlay-type":"","overlay-color":"","overlay-opacity":"","overlay-gradient":""},"mobile":{"background-color":"","background-image":"","background-repeat":"repeat","background-position":"center center","background-size":"auto","background-attachment":"scroll","background-type":"","background-media":"","overlay-type":"","overlay-color":"","overlay-opacity":"","overlay-gradient":""}},"ast-content-background-meta":{"desktop":{"background-color":"var(--ast-global-color-5)","background-image":"","background-repeat":"repeat","background-position":"center center","background-size":"auto","background-attachment":"scroll","background-type":"","background-media":"","overlay-type":"","overlay-color":"","overlay-opacity":"","overlay-gradient":""},"tablet":{"background-color":"var(--ast-global-color-5)","background-image":"","background-repeat":"repeat","background-position":"center center","background-size":"auto","background-attachment":"scroll","background-type":"","background-media":"","overlay-type":"","overlay-color":"","overlay-opacity":"","overlay-gradient":""},"mobile":{"background-color":"var(--ast-global-color-5)","background-image":"","background-repeat":"repeat","background-position":"center center","background-size":"auto","background-attachment":"scroll","background-type":"","background-media":"","overlay-type":"","overlay-color":"","overlay-opacity":"","overlay-gradient":""}}},"product_brand":[],"product_cat":[275,82],"product_tag":[267,268],"class_list":{"0":"post-1612","1":"product","2":"type-product","3":"status-publish","4":"has-post-thumbnail","6":"product_cat-other","7":"product_cat-asphalt-mixer-parts","8":"product_tag-asphalt","9":"product_tag-blade","10":"desktop-align-left","11":"tablet-align-left","12":"mobile-align-left","13":"ast-product-gallery-layout-horizontal-slider","14":"ast-product-single-variable","15":"ast-product-tabs-layout-horizontal","17":"first","18":"instock","19":"shipping-taxable","20":"purchasable","21":"product-type-variable"},"yoast_head":"<!-- This site is optimized with the Yoast SEO plugin v27.4 - https:\/\/yoast.com\/product\/yoast-seo-wordpress\/ -->\n<title>\u0423\u0414\u041c-120, \u0423\u0414\u041c-80 Asphalt Mixer And Parts - Crusher parts, Slurry Pump Parts, Excavator shovel parts<\/title>\n<meta name=\"description\" content=\"\u0423\u0414\u041c-120, \u0423\u0414\u041c-80 twin-shaft mixer blades, mixing arms, and liners provide unmatched wear resistance as original replacements, ensuring durable performance.\" \/>\n<meta name=\"robots\" content=\"index, follow, max-snippet:-1, max-image-preview:large, max-video-preview:-1\" \/>\n<link rel=\"canonical\" href=\"https:\/\/miningspareparts.com\/fr\/produit\/\u0443\u0434\u043c-120-\u0443\u0434\u043c-80-mixer-and-parts\/\" \/>\n<meta property=\"og:locale\" content=\"fr_FR\" \/>\n<meta property=\"og:type\" content=\"article\" \/>\n<meta property=\"og:title\" content=\"\u0423\u0414\u041c-120, \u0423\u0414\u041c-80 Asphalt Mixer And Parts - Crusher parts, Slurry Pump Parts, Excavator shovel parts\" \/>\n<meta property=\"og:description\" content=\"\u0423\u0414\u041c-120, \u0423\u0414\u041c-80 twin-shaft mixer blades, mixing arms, and liners provide unmatched wear resistance as original replacements, ensuring durable performance.\" \/>\n<meta property=\"og:url\" content=\"https:\/\/miningspareparts.com\/fr\/produit\/\u0443\u0434\u043c-120-\u0443\u0434\u043c-80-mixer-and-parts\/\" \/>\n<meta property=\"og:site_name\" content=\"Crusher parts, Slurry Pump Parts, Excavator shovel parts\" \/>\n<meta property=\"article:modified_time\" content=\"2024-01-16T08:28:38+00:00\" \/>\n<meta property=\"og:image\" content=\"https:\/\/miningspareparts.com\/wp-content\/uploads\/2023\/12\/udm-80-120-stojki-v-sbore.jpg\" \/>\n\t<meta property=\"og:image:width\" content=\"1417\" \/>\n\t<meta property=\"og:image:height\" content=\"1417\" \/>\n\t<meta property=\"og:image:type\" content=\"image\/jpeg\" \/>\n<meta name=\"twitter:card\" content=\"summary_large_image\" \/>\n<meta name=\"twitter:label1\" content=\"Dur\u00e9e de lecture estim\u00e9e\" \/>\n\t<meta name=\"twitter:data1\" content=\"2 minutes\" \/>\n<script type=\"application\/ld+json\" class=\"yoast-schema-graph\">{\"@context\":\"https:\\\/\\\/schema.org\",\"@graph\":[{\"@type\":\"WebPage\",\"@id\":\"https:\\\/\\\/miningspareparts.com\\\/product\\\/%d1%83%d0%b4%d0%bc-120-%d1%83%d0%b4%d0%bc-80-mixer-and-parts\\\/\",\"url\":\"https:\\\/\\\/miningspareparts.com\\\/product\\\/%d1%83%d0%b4%d0%bc-120-%d1%83%d0%b4%d0%bc-80-mixer-and-parts\\\/\",\"name\":\"\u0423\u0414\u041c-120, \u0423\u0414\u041c-80 Asphalt Mixer And Parts - Crusher parts, Slurry Pump Parts, Excavator shovel parts\",\"isPartOf\":{\"@id\":\"https:\\\/\\\/miningspareparts.com\\\/#website\"},\"primaryImageOfPage\":{\"@id\":\"https:\\\/\\\/miningspareparts.com\\\/product\\\/%d1%83%d0%b4%d0%bc-120-%d1%83%d0%b4%d0%bc-80-mixer-and-parts\\\/#primaryimage\"},\"image\":{\"@id\":\"https:\\\/\\\/miningspareparts.com\\\/product\\\/%d1%83%d0%b4%d0%bc-120-%d1%83%d0%b4%d0%bc-80-mixer-and-parts\\\/#primaryimage\"},\"thumbnailUrl\":\"https:\\\/\\\/miningspareparts.com\\\/wp-content\\\/uploads\\\/2023\\\/12\\\/udm-80-120-stojki-v-sbore.jpg\",\"datePublished\":\"2023-12-20T05:21:58+00:00\",\"dateModified\":\"2024-01-16T08:28:38+00:00\",\"description\":\"\u0423\u0414\u041c-120, \u0423\u0414\u041c-80 twin-shaft mixer blades, mixing arms, and liners provide unmatched wear resistance as original replacements, ensuring durable performance.\",\"breadcrumb\":{\"@id\":\"https:\\\/\\\/miningspareparts.com\\\/product\\\/%d1%83%d0%b4%d0%bc-120-%d1%83%d0%b4%d0%bc-80-mixer-and-parts\\\/#breadcrumb\"},\"inLanguage\":\"fr-FR\",\"potentialAction\":[{\"@type\":\"ReadAction\",\"target\":[\"https:\\\/\\\/miningspareparts.com\\\/product\\\/%d1%83%d0%b4%d0%bc-120-%d1%83%d0%b4%d0%bc-80-mixer-and-parts\\\/\"]}]},{\"@type\":\"ImageObject\",\"inLanguage\":\"fr-FR\",\"@id\":\"https:\\\/\\\/miningspareparts.com\\\/product\\\/%d1%83%d0%b4%d0%bc-120-%d1%83%d0%b4%d0%bc-80-mixer-and-parts\\\/#primaryimage\",\"url\":\"https:\\\/\\\/miningspareparts.com\\\/wp-content\\\/uploads\\\/2023\\\/12\\\/udm-80-120-stojki-v-sbore.jpg\",\"contentUrl\":\"https:\\\/\\\/miningspareparts.com\\\/wp-content\\\/uploads\\\/2023\\\/12\\\/udm-80-120-stojki-v-sbore.jpg\",\"width\":1417,\"height\":1417,\"caption\":\"asphalt \u0423\u0414\u041c-120, \u0423\u0414\u041c-80 Mixer And Parts mixing arm\"},{\"@type\":\"BreadcrumbList\",\"@id\":\"https:\\\/\\\/miningspareparts.com\\\/product\\\/%d1%83%d0%b4%d0%bc-120-%d1%83%d0%b4%d0%bc-80-mixer-and-parts\\\/#breadcrumb\",\"itemListElement\":[{\"@type\":\"ListItem\",\"position\":1,\"name\":\"Home\",\"item\":\"https:\\\/\\\/miningspareparts.com\\\/\"},{\"@type\":\"ListItem\",\"position\":2,\"name\":\"Premium Mining Wear And Spare Parts\",\"item\":\"https:\\\/\\\/miningspareparts.com\\\/shop\\\/\"},{\"@type\":\"ListItem\",\"position\":3,\"name\":\"\u0423\u0414\u041c-120, \u0423\u0414\u041c-80 Mixer And Parts\"}]},{\"@type\":\"WebSite\",\"@id\":\"https:\\\/\\\/miningspareparts.com\\\/#website\",\"url\":\"https:\\\/\\\/miningspareparts.com\\\/\",\"name\":\"Crusher parts , Concrete Mixer Parts, Slurry Pump Parts, Mining Spares\",\"description\":\"Mining Wear &amp; Spare Parts Supplier\",\"publisher\":{\"@id\":\"https:\\\/\\\/miningspareparts.com\\\/#organization\"},\"potentialAction\":[{\"@type\":\"SearchAction\",\"target\":{\"@type\":\"EntryPoint\",\"urlTemplate\":\"https:\\\/\\\/miningspareparts.com\\\/?s={search_term_string}\"},\"query-input\":{\"@type\":\"PropertyValueSpecification\",\"valueRequired\":true,\"valueName\":\"search_term_string\"}}],\"inLanguage\":\"fr-FR\"},{\"@type\":\"Organization\",\"@id\":\"https:\\\/\\\/miningspareparts.com\\\/#organization\",\"name\":\"Crusher parts , Concrete Mixer Parts, Slurry Pump Parts, Mining Spares\",\"url\":\"https:\\\/\\\/miningspareparts.com\\\/\",\"logo\":{\"@type\":\"ImageObject\",\"inLanguage\":\"fr-FR\",\"@id\":\"https:\\\/\\\/miningspareparts.com\\\/#\\\/schema\\\/logo\\\/image\\\/\",\"url\":\"https:\\\/\\\/miningspareparts.com\\\/wp-content\\\/uploads\\\/2025\\\/04\\\/cropped-cropped-logo\u6b63\u65b9\u5f62.png\",\"contentUrl\":\"https:\\\/\\\/miningspareparts.com\\\/wp-content\\\/uploads\\\/2025\\\/04\\\/cropped-cropped-logo\u6b63\u65b9\u5f62.png\",\"width\":511,\"height\":171,\"caption\":\"Crusher parts , Concrete Mixer Parts, Slurry Pump Parts, Mining Spares\"},\"image\":{\"@id\":\"https:\\\/\\\/miningspareparts.com\\\/#\\\/schema\\\/logo\\\/image\\\/\"}}]}<\/script>\n<!-- \/ Yoast SEO plugin. -->","yoast_head_json":{"title":"\u0423\u0414\u041c-120, \u0423\u0414\u041c-80 Asphalt Mixer And Parts - Crusher parts, Slurry Pump Parts, Excavator shovel parts","description":"\u0423\u0414\u041c-120, \u0423\u0414\u041c-80 twin-shaft mixer blades, mixing arms, and liners provide unmatched wear resistance as original replacements, ensuring durable performance.","robots":{"index":"index","follow":"follow","max-snippet":"max-snippet:-1","max-image-preview":"max-image-preview:large","max-video-preview":"max-video-preview:-1"},"canonical":"https:\/\/miningspareparts.com\/fr\/produit\/\u0443\u0434\u043c-120-\u0443\u0434\u043c-80-mixer-and-parts\/","og_locale":"fr_FR","og_type":"article","og_title":"\u0423\u0414\u041c-120, \u0423\u0414\u041c-80 Asphalt Mixer And Parts - Crusher parts, Slurry Pump Parts, Excavator shovel parts","og_description":"\u0423\u0414\u041c-120, \u0423\u0414\u041c-80 twin-shaft mixer blades, mixing arms, and liners provide unmatched wear resistance as original replacements, ensuring durable performance.","og_url":"https:\/\/miningspareparts.com\/fr\/produit\/\u0443\u0434\u043c-120-\u0443\u0434\u043c-80-mixer-and-parts\/","og_site_name":"Crusher parts, Slurry Pump Parts, Excavator shovel parts","article_modified_time":"2024-01-16T08:28:38+00:00","og_image":[{"width":1417,"height":1417,"url":"https:\/\/miningspareparts.com\/wp-content\/uploads\/2023\/12\/udm-80-120-stojki-v-sbore.jpg","type":"image\/jpeg"}],"twitter_card":"summary_large_image","twitter_misc":{"Dur\u00e9e de lecture estim\u00e9e":"2 minutes"},"schema":{"@context":"https:\/\/schema.org","@graph":[{"@type":"WebPage","@id":"https:\/\/miningspareparts.com\/product\/%d1%83%d0%b4%d0%bc-120-%d1%83%d0%b4%d0%bc-80-mixer-and-parts\/","url":"https:\/\/miningspareparts.com\/product\/%d1%83%d0%b4%d0%bc-120-%d1%83%d0%b4%d0%bc-80-mixer-and-parts\/","name":"\u0423\u0414\u041c-120, \u0423\u0414\u041c-80 Asphalt Mixer And Parts - Crusher parts, Slurry Pump Parts, Excavator shovel parts","isPartOf":{"@id":"https:\/\/miningspareparts.com\/#website"},"primaryImageOfPage":{"@id":"https:\/\/miningspareparts.com\/product\/%d1%83%d0%b4%d0%bc-120-%d1%83%d0%b4%d0%bc-80-mixer-and-parts\/#primaryimage"},"image":{"@id":"https:\/\/miningspareparts.com\/product\/%d1%83%d0%b4%d0%bc-120-%d1%83%d0%b4%d0%bc-80-mixer-and-parts\/#primaryimage"},"thumbnailUrl":"https:\/\/miningspareparts.com\/wp-content\/uploads\/2023\/12\/udm-80-120-stojki-v-sbore.jpg","datePublished":"2023-12-20T05:21:58+00:00","dateModified":"2024-01-16T08:28:38+00:00","description":"\u0423\u0414\u041c-120, \u0423\u0414\u041c-80 twin-shaft mixer blades, mixing arms, and liners provide unmatched wear resistance as original replacements, ensuring durable performance.","breadcrumb":{"@id":"https:\/\/miningspareparts.com\/product\/%d1%83%d0%b4%d0%bc-120-%d1%83%d0%b4%d0%bc-80-mixer-and-parts\/#breadcrumb"},"inLanguage":"fr-FR","potentialAction":[{"@type":"ReadAction","target":["https:\/\/miningspareparts.com\/product\/%d1%83%d0%b4%d0%bc-120-%d1%83%d0%b4%d0%bc-80-mixer-and-parts\/"]}]},{"@type":"ImageObject","inLanguage":"fr-FR","@id":"https:\/\/miningspareparts.com\/product\/%d1%83%d0%b4%d0%bc-120-%d1%83%d0%b4%d0%bc-80-mixer-and-parts\/#primaryimage","url":"https:\/\/miningspareparts.com\/wp-content\/uploads\/2023\/12\/udm-80-120-stojki-v-sbore.jpg","contentUrl":"https:\/\/miningspareparts.com\/wp-content\/uploads\/2023\/12\/udm-80-120-stojki-v-sbore.jpg","width":1417,"height":1417,"caption":"asphalt \u0423\u0414\u041c-120, \u0423\u0414\u041c-80 Mixer And Parts mixing arm"},{"@type":"BreadcrumbList","@id":"https:\/\/miningspareparts.com\/product\/%d1%83%d0%b4%d0%bc-120-%d1%83%d0%b4%d0%bc-80-mixer-and-parts\/#breadcrumb","itemListElement":[{"@type":"ListItem","position":1,"name":"Home","item":"https:\/\/miningspareparts.com\/"},{"@type":"ListItem","position":2,"name":"Premium Mining Wear And Spare Parts","item":"https:\/\/miningspareparts.com\/shop\/"},{"@type":"ListItem","position":3,"name":"\u0423\u0414\u041c-120, \u0423\u0414\u041c-80 Mixer And Parts"}]},{"@type":"WebSite","@id":"https:\/\/miningspareparts.com\/#website","url":"https:\/\/miningspareparts.com\/","name":"Crusher parts , Concrete Mixer Parts, Slurry Pump Parts, Mining Spares","description":"Mining Wear &amp; Spare Parts Supplier","publisher":{"@id":"https:\/\/miningspareparts.com\/#organization"},"potentialAction":[{"@type":"SearchAction","target":{"@type":"EntryPoint","urlTemplate":"https:\/\/miningspareparts.com\/?s={search_term_string}"},"query-input":{"@type":"PropertyValueSpecification","valueRequired":true,"valueName":"search_term_string"}}],"inLanguage":"fr-FR"},{"@type":"Organization","@id":"https:\/\/miningspareparts.com\/#organization","name":"Crusher parts , Concrete Mixer Parts, Slurry Pump Parts, Mining Spares","url":"https:\/\/miningspareparts.com\/","logo":{"@type":"ImageObject","inLanguage":"fr-FR","@id":"https:\/\/miningspareparts.com\/#\/schema\/logo\/image\/","url":"https:\/\/miningspareparts.com\/wp-content\/uploads\/2025\/04\/cropped-cropped-logo\u6b63\u65b9\u5f62.png","contentUrl":"https:\/\/miningspareparts.com\/wp-content\/uploads\/2025\/04\/cropped-cropped-logo\u6b63\u65b9\u5f62.png","width":511,"height":171,"caption":"Crusher parts , Concrete Mixer Parts, Slurry Pump Parts, Mining Spares"},"image":{"@id":"https:\/\/miningspareparts.com\/#\/schema\/logo\/image\/"}}]}},"uagb_featured_image_src":{"full":["https:\/\/miningspareparts.com\/wp-content\/uploads\/2023\/12\/udm-80-120-stojki-v-sbore.jpg",1417,1417,false],"thumbnail":["https:\/\/miningspareparts.com\/wp-content\/uploads\/2023\/12\/udm-80-120-stojki-v-sbore-150x150.jpg",150,150,true],"medium":["https:\/\/miningspareparts.com\/wp-content\/uploads\/2023\/12\/udm-80-120-stojki-v-sbore-300x300.jpg",300,300,true],"medium_large":["https:\/\/miningspareparts.com\/wp-content\/uploads\/2023\/12\/udm-80-120-stojki-v-sbore-768x768.jpg",768,768,true],"large":["https:\/\/miningspareparts.com\/wp-content\/uploads\/2023\/12\/udm-80-120-stojki-v-sbore-1024x1024.jpg",1024,1024,true],"1536x1536":["https:\/\/miningspareparts.com\/wp-content\/uploads\/2023\/12\/udm-80-120-stojki-v-sbore.jpg",1417,1417,false],"2048x2048":["https:\/\/miningspareparts.com\/wp-content\/uploads\/2023\/12\/udm-80-120-stojki-v-sbore.jpg",1417,1417,false],"trp-custom-language-flag":["https:\/\/miningspareparts.com\/wp-content\/uploads\/2023\/12\/udm-80-120-stojki-v-sbore.jpg",12,12,false],"woocommerce_thumbnail":["https:\/\/miningspareparts.com\/wp-content\/uploads\/2023\/12\/udm-80-120-stojki-v-sbore-300x300.jpg",300,300,true],"woocommerce_single":["https:\/\/miningspareparts.com\/wp-content\/uploads\/2023\/12\/udm-80-120-stojki-v-sbore-600x600.jpg",600,600,true],"woocommerce_gallery_thumbnail":["https:\/\/miningspareparts.com\/wp-content\/uploads\/2023\/12\/udm-80-120-stojki-v-sbore-100x100.jpg",100,100,true]},"uagb_author_info":{"display_name":"Miningspareparts","author_link":"https:\/\/miningspareparts.com\/fr\/author\/"},"uagb_comment_info":0,"uagb_excerpt":"\u0423\u0414\u041c-120, \u0423\u0414\u041c-80","_links":{"self":[{"href":"https:\/\/miningspareparts.com\/fr\/wp-json\/wp\/v2\/product\/1612","targetHints":{"allow":["GET"]}}],"collection":[{"href":"https:\/\/miningspareparts.com\/fr\/wp-json\/wp\/v2\/product"}],"about":[{"href":"https:\/\/miningspareparts.com\/fr\/wp-json\/wp\/v2\/types\/product"}],"wp:featuredmedia":[{"embeddable":true,"href":"https:\/\/miningspareparts.com\/fr\/wp-json\/wp\/v2\/media\/1614"}],"wp:attachment":[{"href":"https:\/\/miningspareparts.com\/fr\/wp-json\/wp\/v2\/media?parent=1612"}],"wp:term":[{"taxonomy":"product_brand","embeddable":true,"href":"https:\/\/miningspareparts.com\/fr\/wp-json\/wp\/v2\/product_brand?post=1612"},{"taxonomy":"product_cat","embeddable":true,"href":"https:\/\/miningspareparts.com\/fr\/wp-json\/wp\/v2\/product_cat?post=1612"},{"taxonomy":"product_tag","embeddable":true,"href":"https:\/\/miningspareparts.com\/fr\/wp-json\/wp\/v2\/product_tag?post=1612"}],"curies":[{"name":"wp","href":"https:\/\/api.w.org\/{rel}","templated":true}]}}