{"id":1625,"date":"2023-12-20T05:31:36","date_gmt":"2023-12-20T05:31:36","guid":{"rendered":"https:\/\/miningspareparts.com\/?post_type=product&#038;p=1625"},"modified":"2024-01-16T08:27:17","modified_gmt":"2024-01-16T08:27:17","slug":"nflg-140-mixer-and-parts","status":"publish","type":"product","link":"https:\/\/miningspareparts.com\/fr\/produit\/nflg-140-mixer-and-parts\/","title":{"rendered":"M\u00e9langeur NFLG 140 et pi\u00e8ces d\u00e9tach\u00e9es"},"content":{"rendered":"<table width=\"1370\">\n<tbody>\n<tr>\n<td colspan=\"6\" width=\"1370\">Mod\u00e8les:NFLG 140<\/td>\n<\/tr>\n<tr>\n<td><\/td>\n<td width=\"149\">POSITION<\/td>\n<td width=\"272\">CODE DE L'\u00c9L\u00c9MENT<\/td>\n<td width=\"263\">CAT\u00c9GORIE<\/td>\n<td width=\"258\">QT\u00c9\/SET<\/td>\n<td width=\"258\">POIDS NET<\/td>\n<\/tr>\n<tr>\n<td rowspan=\"4\" width=\"170\">Bras et conseils<\/td>\n<td width=\"149\">1<\/td>\n<td width=\"272\">JB3000D\/6A-<br \/>\n1\/1100014602<\/td>\n<td width=\"263\">Girouette A<\/td>\n<td width=\"258\">4<\/td>\n<td>13.5<\/td>\n<\/tr>\n<tr>\n<td width=\"149\">2<\/td>\n<td width=\"272\">JB3000D\/6A-4\/1100014603<\/td>\n<td width=\"263\">Girouette B<\/td>\n<td width=\"258\">14<\/td>\n<td>13.5<\/td>\n<\/tr>\n<tr>\n<td width=\"149\">3<\/td>\n<td width=\"272\">JB3000D\/6-2\/2100001570<\/td>\n<td width=\"263\">Pilier A<\/td>\n<td width=\"258\">4<\/td>\n<td>33.5<\/td>\n<\/tr>\n<tr>\n<td width=\"149\">4<\/td>\n<td width=\"272\">JB3000D\/6-5\/2100001572<\/td>\n<td width=\"263\">Pilier B<\/td>\n<td width=\"258\">14<\/td>\n<td>33.5<\/td>\n<\/tr>\n<tr>\n<td width=\"170\"><\/td>\n<td width=\"149\">5<\/td>\n<td width=\"272\">JB3000D.6-<br \/>\n3\/2100001571<\/td>\n<td width=\"263\">Connecteur de rack (pi\u00e8ce d'usinage)<\/td>\n<td width=\"258\">14<\/td>\n<td>20<\/td>\n<\/tr>\n<tr>\n<td>Doublures<\/td>\n<td><\/td>\n<td><\/td>\n<td>Doublures dans le m\u00e9langeur (Incl. pcs)<\/td>\n<td><\/td>\n<td><\/td>\n<\/tr>\n<tr>\n<td rowspan=\"2\" width=\"170\">Rev\u00eatement mural<\/td>\n<td width=\"149\">1<\/td>\n<td>JB2250C.6A-1\/1100014601<\/td>\n<td width=\"263\">Doublure de porte longue<\/td>\n<td width=\"258\">6<\/td>\n<td>10<\/td>\n<\/tr>\n<tr>\n<td width=\"149\">2<\/td>\n<td>JB3000D.3A-6\/1100014600<\/td>\n<td width=\"263\">Doublure de porte courte<\/td>\n<td width=\"258\">4<\/td>\n<td>3.1<\/td>\n<\/tr>\n<tr>\n<td rowspan=\"3\" width=\"170\">Doublure d'extr\u00e9mit\u00e9<\/td>\n<td width=\"149\">3<\/td>\n<td>JB3000D 3A-1\/1100014595<\/td>\n<td width=\"263\">Rev\u00eatement d'extr\u00e9mit\u00e9 I<\/td>\n<td width=\"258\">8<\/td>\n<td>25<\/td>\n<\/tr>\n<tr>\n<td width=\"149\">4<\/td>\n<td>JB3000D 3A-2\/1100014596<\/td>\n<td width=\"263\">End Liner II<\/td>\n<td width=\"258\">4<\/td>\n<td>20<\/td>\n<\/tr>\n<tr>\n<td width=\"149\">5<\/td>\n<td>JB3000D 3A-3\/1100014597<\/td>\n<td width=\"263\">End Liner III<\/td>\n<td width=\"258\">4<\/td>\n<td>20<\/td>\n<\/tr>\n<tr>\n<td>Filtre \u00e0 poussi\u00e8re<\/td>\n<td><\/td>\n<td><\/td>\n<td><\/td>\n<td><\/td>\n<td><\/td>\n<\/tr>\n<\/tbody>\n<\/table>\n<p><img fetchpriority=\"high\" decoding=\"async\" class=\"wp-image-3550 alignleft\" src=\"https:\/\/miningspareparts.com\/wp-content\/uploads\/2024\/01\/Mixer-And-Wear-Parts1-239x300.webp\" alt=\"\" width=\"498\" height=\"625\" srcset=\"https:\/\/miningspareparts.com\/wp-content\/uploads\/2024\/01\/Mixer-And-Wear-Parts1-239x300.webp 239w, https:\/\/miningspareparts.com\/wp-content\/uploads\/2024\/01\/Mixer-And-Wear-Parts1-817x1024.webp 817w, https:\/\/miningspareparts.com\/wp-content\/uploads\/2024\/01\/Mixer-And-Wear-Parts1-768x963.webp 768w, https:\/\/miningspareparts.com\/wp-content\/uploads\/2024\/01\/Mixer-And-Wear-Parts1-1226x1536.webp 1226w, https:\/\/miningspareparts.com\/wp-content\/uploads\/2024\/01\/Mixer-And-Wear-Parts1-1634x2048.webp 1634w, https:\/\/miningspareparts.com\/wp-content\/uploads\/2024\/01\/Mixer-And-Wear-Parts1-600x752.webp 600w, https:\/\/miningspareparts.com\/wp-content\/uploads\/2024\/01\/Mixer-And-Wear-Parts1.webp 2037w\" sizes=\"(max-width: 498px) 100vw, 498px\" \/><span style=\"font-size: 16px\">\u00a0<\/span><img decoding=\"async\" class=\"wp-image-3551 alignnone\" style=\"font-weight: inherit\" src=\"https:\/\/miningspareparts.com\/wp-content\/uploads\/2024\/01\/Mixer-And-Wear-Parts2-210x300.webp\" alt=\"\" width=\"454\" height=\"649\" srcset=\"https:\/\/miningspareparts.com\/wp-content\/uploads\/2024\/01\/Mixer-And-Wear-Parts2-210x300.webp 210w, https:\/\/miningspareparts.com\/wp-content\/uploads\/2024\/01\/Mixer-And-Wear-Parts2-600x856.webp 600w\" sizes=\"(max-width: 454px) 100vw, 454px\" \/><\/p>\n<p>Nos pales, bras de m\u00e9lange et rev\u00eatements de m\u00e9langeurs \u00e0 deux arbres NFLG 140 illustrent la pr\u00e9cision des pi\u00e8ces de rechange d'origine, offrant l'excellence du march\u00e9 de l'apr\u00e8s-vente avec une durabilit\u00e9 durable. M\u00e9ticuleusement fabriqu\u00e9s, nos produits garantissent des performances prolong\u00e9es et r\u00e9pondent aux normes industrielles les plus strictes.<\/p>\n<p>En tant que fabricant de premier plan, nous sommes fiers de proposer une gamme compl\u00e8te de composants con\u00e7us pour remplacer sans probl\u00e8me les pi\u00e8ces us\u00e9es des malaxeurs \u00e0 deux arbres. Le terme \"remplacement d'origine\" signifie que nous nous engageons \u00e0 fournir des composants qui refl\u00e8tent les sp\u00e9cifications de l'\u00e9quipement d'origine, garantissant un ajustement parfait et une fonctionnalit\u00e9 optimale.<\/p>\n<p>Dans le domaine des solutions pour le march\u00e9 de l'apr\u00e8s-vente, nous nous distinguons par notre engagement en faveur de la qualit\u00e9. Nos produits sont soumis \u00e0 des tests rigoureux pour r\u00e9pondre \u00e0 des crit\u00e8res de performance stricts. Cet engagement s'\u00e9tend \u00e0 la durabilit\u00e9, car nos pales de malaxeur \u00e0 double arbre, nos bras de malaxage et nos rev\u00eatements sont fabriqu\u00e9s \u00e0 partir de mat\u00e9riaux robustes, capables de r\u00e9sister aux conditions difficiles du malaxage d'asphalte.<\/p>\n<p>Les avantages d'opter pour nos produits sont multiples. Tout d'abord, nos composants garantissent un ajustement pr\u00e9cis, facilitant une int\u00e9gration transparente dans les syst\u00e8mes existants. Cela permet de minimiser les temps d'arr\u00eat lors du remplacement et contribue \u00e0 l'efficacit\u00e9 globale du processus de m\u00e9lange.<\/p>\n<p>En outre, l'accent mis sur la durabilit\u00e9 se traduit par une rentabilit\u00e9 pour nos clients. En r\u00e9duisant la fr\u00e9quence des remplacements et de la maintenance, les entreprises peuvent optimiser leurs op\u00e9rations et allouer leurs ressources plus efficacement.<\/p>\n<p>En conclusion, nos pales, bras de malaxage et rev\u00eatements pour malaxeurs \u00e0 double arbre NFLG 140 incarnent l'essence du remplacement d'origine, offrant des solutions apr\u00e8s-vente ax\u00e9es sur une durabilit\u00e9 durable. En tant que fabricant engag\u00e9 dans l'excellence, nous nous effor\u00e7ons d'\u00e9lever les performances des malaxeurs \u00e0 double arbre, contribuant ainsi au succ\u00e8s des op\u00e9rations d'enrobage dans le monde entier.<\/p>","protected":false},"excerpt":{"rendered":"<table width=\"1239\">\n<tbody>\n<tr>\n<td colspan=\"6\" width=\"1239\"><b>Mod\u00e8les:NFLG<\/b><b>\u00a0140<\/b><\/td>\n<\/tr>\n<\/tbody>\n<\/table>","protected":false},"featured_media":1627,"template":"","meta":{"_uag_custom_page_level_css":"","site-sidebar-layout":"default","site-content-layout":"","ast-site-content-layout":"default","site-content-style":"default","site-sidebar-style":"default","ast-global-header-display":"","ast-banner-title-visibility":"","ast-main-header-display":"","ast-hfb-above-header-display":"","ast-hfb-below-header-display":"","ast-hfb-mobile-header-display":"","site-post-title":"","ast-breadcrumbs-content":"","ast-featured-img":"","footer-sml-layout":"","ast-disable-related-posts":"","theme-transparent-header-meta":"default","adv-header-id-meta":"","stick-header-meta":"default","header-above-stick-meta":"","header-main-stick-meta":"","header-below-stick-meta":"","astra-migrate-meta-layouts":"set","ast-page-background-enabled":"default","ast-page-background-meta":{"desktop":{"background-color":"var(--ast-global-color-4)","background-image":"","background-repeat":"repeat","background-position":"center center","background-size":"auto","background-attachment":"scroll","background-type":"","background-media":"","overlay-type":"","overlay-color":"","overlay-opacity":"","overlay-gradient":""},"tablet":{"background-color":"","background-image":"","background-repeat":"repeat","background-position":"center center","background-size":"auto","background-attachment":"scroll","background-type":"","background-media":"","overlay-type":"","overlay-color":"","overlay-opacity":"","overlay-gradient":""},"mobile":{"background-color":"","background-image":"","background-repeat":"repeat","background-position":"center center","background-size":"auto","background-attachment":"scroll","background-type":"","background-media":"","overlay-type":"","overlay-color":"","overlay-opacity":"","overlay-gradient":""}},"ast-content-background-meta":{"desktop":{"background-color":"var(--ast-global-color-5)","background-image":"","background-repeat":"repeat","background-position":"center center","background-size":"auto","background-attachment":"scroll","background-type":"","background-media":"","overlay-type":"","overlay-color":"","overlay-opacity":"","overlay-gradient":""},"tablet":{"background-color":"var(--ast-global-color-5)","background-image":"","background-repeat":"repeat","background-position":"center center","background-size":"auto","background-attachment":"scroll","background-type":"","background-media":"","overlay-type":"","overlay-color":"","overlay-opacity":"","overlay-gradient":""},"mobile":{"background-color":"var(--ast-global-color-5)","background-image":"","background-repeat":"repeat","background-position":"center center","background-size":"auto","background-attachment":"scroll","background-type":"","background-media":"","overlay-type":"","overlay-color":"","overlay-opacity":"","overlay-gradient":""}}},"product_brand":[],"product_cat":[82,248],"product_tag":[267],"class_list":{"0":"post-1625","1":"product","2":"type-product","3":"status-publish","4":"has-post-thumbnail","6":"product_cat-asphalt-mixer-parts","7":"product_cat-nflg","8":"product_tag-asphalt","9":"desktop-align-left","10":"tablet-align-left","11":"mobile-align-left","12":"ast-product-gallery-layout-horizontal-slider","13":"ast-product-single-variable","14":"ast-product-tabs-layout-horizontal","16":"first","17":"instock","18":"shipping-taxable","19":"purchasable","20":"product-type-variable"},"yoast_head":"<!-- This site is optimized with the Yoast SEO plugin v27.4 - https:\/\/yoast.com\/product\/yoast-seo-wordpress\/ -->\n<title>NFLG 140 Mixer And Parts - Crusher parts, Slurry Pump Parts, Excavator shovel parts<\/title>\n<meta name=\"description\" content=\"NFLG 140 twin-shaft mixer blades, mixing arms, and liners: original replacement precision, ensuring wear resistance for optimal performance and longevity.\" \/>\n<meta name=\"robots\" content=\"index, follow, max-snippet:-1, max-image-preview:large, max-video-preview:-1\" \/>\n<link rel=\"canonical\" href=\"https:\/\/miningspareparts.com\/fr\/produit\/nflg-140-mixer-and-parts\/\" \/>\n<meta property=\"og:locale\" content=\"fr_FR\" \/>\n<meta property=\"og:type\" content=\"article\" \/>\n<meta property=\"og:title\" content=\"NFLG 140 Mixer And Parts - Crusher parts, Slurry Pump Parts, Excavator shovel parts\" \/>\n<meta property=\"og:description\" content=\"NFLG 140 twin-shaft mixer blades, mixing arms, and liners: original replacement precision, ensuring wear resistance for optimal performance and longevity.\" \/>\n<meta property=\"og:url\" content=\"https:\/\/miningspareparts.com\/fr\/produit\/nflg-140-mixer-and-parts\/\" \/>\n<meta property=\"og:site_name\" content=\"Crusher parts, Slurry Pump Parts, Excavator shovel parts\" \/>\n<meta property=\"article:modified_time\" content=\"2024-01-16T08:27:17+00:00\" \/>\n<meta property=\"og:image\" content=\"https:\/\/miningspareparts.com\/wp-content\/uploads\/2023\/12\/nflg-140-stojka-300-1.jpg\" \/>\n\t<meta property=\"og:image:width\" content=\"1000\" \/>\n\t<meta property=\"og:image:height\" content=\"1000\" \/>\n\t<meta property=\"og:image:type\" content=\"image\/jpeg\" \/>\n<meta name=\"twitter:card\" content=\"summary_large_image\" \/>\n<meta name=\"twitter:label1\" content=\"Dur\u00e9e de lecture estim\u00e9e\" \/>\n\t<meta name=\"twitter:data1\" content=\"3 minutes\" \/>\n<script type=\"application\/ld+json\" class=\"yoast-schema-graph\">{\"@context\":\"https:\\\/\\\/schema.org\",\"@graph\":[{\"@type\":\"WebPage\",\"@id\":\"https:\\\/\\\/miningspareparts.com\\\/product\\\/nflg-140-mixer-and-parts\\\/\",\"url\":\"https:\\\/\\\/miningspareparts.com\\\/product\\\/nflg-140-mixer-and-parts\\\/\",\"name\":\"NFLG 140 Mixer And Parts - Crusher parts, Slurry Pump Parts, Excavator shovel parts\",\"isPartOf\":{\"@id\":\"https:\\\/\\\/miningspareparts.com\\\/#website\"},\"primaryImageOfPage\":{\"@id\":\"https:\\\/\\\/miningspareparts.com\\\/product\\\/nflg-140-mixer-and-parts\\\/#primaryimage\"},\"image\":{\"@id\":\"https:\\\/\\\/miningspareparts.com\\\/product\\\/nflg-140-mixer-and-parts\\\/#primaryimage\"},\"thumbnailUrl\":\"https:\\\/\\\/miningspareparts.com\\\/wp-content\\\/uploads\\\/2023\\\/12\\\/nflg-140-stojka-300-1.jpg\",\"datePublished\":\"2023-12-20T05:31:36+00:00\",\"dateModified\":\"2024-01-16T08:27:17+00:00\",\"description\":\"NFLG 140 twin-shaft mixer blades, mixing arms, and liners: original replacement precision, ensuring wear resistance for optimal performance and longevity.\",\"breadcrumb\":{\"@id\":\"https:\\\/\\\/miningspareparts.com\\\/product\\\/nflg-140-mixer-and-parts\\\/#breadcrumb\"},\"inLanguage\":\"fr-FR\",\"potentialAction\":[{\"@type\":\"ReadAction\",\"target\":[\"https:\\\/\\\/miningspareparts.com\\\/product\\\/nflg-140-mixer-and-parts\\\/\"]}]},{\"@type\":\"ImageObject\",\"inLanguage\":\"fr-FR\",\"@id\":\"https:\\\/\\\/miningspareparts.com\\\/product\\\/nflg-140-mixer-and-parts\\\/#primaryimage\",\"url\":\"https:\\\/\\\/miningspareparts.com\\\/wp-content\\\/uploads\\\/2023\\\/12\\\/nflg-140-stojka-300-1.jpg\",\"contentUrl\":\"https:\\\/\\\/miningspareparts.com\\\/wp-content\\\/uploads\\\/2023\\\/12\\\/nflg-140-stojka-300-1.jpg\",\"width\":1000,\"height\":1000,\"caption\":\"asphalt NFLG 140 Mixer And Parts mixing arm\"},{\"@type\":\"BreadcrumbList\",\"@id\":\"https:\\\/\\\/miningspareparts.com\\\/product\\\/nflg-140-mixer-and-parts\\\/#breadcrumb\",\"itemListElement\":[{\"@type\":\"ListItem\",\"position\":1,\"name\":\"Home\",\"item\":\"https:\\\/\\\/miningspareparts.com\\\/\"},{\"@type\":\"ListItem\",\"position\":2,\"name\":\"Premium Mining Wear And Spare Parts\",\"item\":\"https:\\\/\\\/miningspareparts.com\\\/shop\\\/\"},{\"@type\":\"ListItem\",\"position\":3,\"name\":\"NFLG 140 Mixer And Parts\"}]},{\"@type\":\"WebSite\",\"@id\":\"https:\\\/\\\/miningspareparts.com\\\/#website\",\"url\":\"https:\\\/\\\/miningspareparts.com\\\/\",\"name\":\"Crusher parts , Concrete Mixer Parts, Slurry Pump Parts, Mining Spares\",\"description\":\"Mining Wear &amp; Spare Parts Supplier\",\"publisher\":{\"@id\":\"https:\\\/\\\/miningspareparts.com\\\/#organization\"},\"potentialAction\":[{\"@type\":\"SearchAction\",\"target\":{\"@type\":\"EntryPoint\",\"urlTemplate\":\"https:\\\/\\\/miningspareparts.com\\\/?s={search_term_string}\"},\"query-input\":{\"@type\":\"PropertyValueSpecification\",\"valueRequired\":true,\"valueName\":\"search_term_string\"}}],\"inLanguage\":\"fr-FR\"},{\"@type\":\"Organization\",\"@id\":\"https:\\\/\\\/miningspareparts.com\\\/#organization\",\"name\":\"Crusher parts , Concrete Mixer Parts, Slurry Pump Parts, Mining Spares\",\"url\":\"https:\\\/\\\/miningspareparts.com\\\/\",\"logo\":{\"@type\":\"ImageObject\",\"inLanguage\":\"fr-FR\",\"@id\":\"https:\\\/\\\/miningspareparts.com\\\/#\\\/schema\\\/logo\\\/image\\\/\",\"url\":\"https:\\\/\\\/miningspareparts.com\\\/wp-content\\\/uploads\\\/2025\\\/04\\\/cropped-cropped-logo\u6b63\u65b9\u5f62.png\",\"contentUrl\":\"https:\\\/\\\/miningspareparts.com\\\/wp-content\\\/uploads\\\/2025\\\/04\\\/cropped-cropped-logo\u6b63\u65b9\u5f62.png\",\"width\":511,\"height\":171,\"caption\":\"Crusher parts , Concrete Mixer Parts, Slurry Pump Parts, Mining Spares\"},\"image\":{\"@id\":\"https:\\\/\\\/miningspareparts.com\\\/#\\\/schema\\\/logo\\\/image\\\/\"}}]}<\/script>\n<!-- \/ Yoast SEO plugin. -->","yoast_head_json":{"title":"NFLG 140 Mixer And Parts - Crusher parts, Slurry Pump Parts, Excavator shovel parts","description":"NFLG 140 twin-shaft mixer blades, mixing arms, and liners: original replacement precision, ensuring wear resistance for optimal performance and longevity.","robots":{"index":"index","follow":"follow","max-snippet":"max-snippet:-1","max-image-preview":"max-image-preview:large","max-video-preview":"max-video-preview:-1"},"canonical":"https:\/\/miningspareparts.com\/fr\/produit\/nflg-140-mixer-and-parts\/","og_locale":"fr_FR","og_type":"article","og_title":"NFLG 140 Mixer And Parts - Crusher parts, Slurry Pump Parts, Excavator shovel parts","og_description":"NFLG 140 twin-shaft mixer blades, mixing arms, and liners: original replacement precision, ensuring wear resistance for optimal performance and longevity.","og_url":"https:\/\/miningspareparts.com\/fr\/produit\/nflg-140-mixer-and-parts\/","og_site_name":"Crusher parts, Slurry Pump Parts, Excavator shovel parts","article_modified_time":"2024-01-16T08:27:17+00:00","og_image":[{"width":1000,"height":1000,"url":"https:\/\/miningspareparts.com\/wp-content\/uploads\/2023\/12\/nflg-140-stojka-300-1.jpg","type":"image\/jpeg"}],"twitter_card":"summary_large_image","twitter_misc":{"Dur\u00e9e de lecture estim\u00e9e":"3 minutes"},"schema":{"@context":"https:\/\/schema.org","@graph":[{"@type":"WebPage","@id":"https:\/\/miningspareparts.com\/product\/nflg-140-mixer-and-parts\/","url":"https:\/\/miningspareparts.com\/product\/nflg-140-mixer-and-parts\/","name":"NFLG 140 Mixer And Parts - Crusher parts, Slurry Pump Parts, Excavator shovel parts","isPartOf":{"@id":"https:\/\/miningspareparts.com\/#website"},"primaryImageOfPage":{"@id":"https:\/\/miningspareparts.com\/product\/nflg-140-mixer-and-parts\/#primaryimage"},"image":{"@id":"https:\/\/miningspareparts.com\/product\/nflg-140-mixer-and-parts\/#primaryimage"},"thumbnailUrl":"https:\/\/miningspareparts.com\/wp-content\/uploads\/2023\/12\/nflg-140-stojka-300-1.jpg","datePublished":"2023-12-20T05:31:36+00:00","dateModified":"2024-01-16T08:27:17+00:00","description":"NFLG 140 twin-shaft mixer blades, mixing arms, and liners: original replacement precision, ensuring wear resistance for optimal performance and longevity.","breadcrumb":{"@id":"https:\/\/miningspareparts.com\/product\/nflg-140-mixer-and-parts\/#breadcrumb"},"inLanguage":"fr-FR","potentialAction":[{"@type":"ReadAction","target":["https:\/\/miningspareparts.com\/product\/nflg-140-mixer-and-parts\/"]}]},{"@type":"ImageObject","inLanguage":"fr-FR","@id":"https:\/\/miningspareparts.com\/product\/nflg-140-mixer-and-parts\/#primaryimage","url":"https:\/\/miningspareparts.com\/wp-content\/uploads\/2023\/12\/nflg-140-stojka-300-1.jpg","contentUrl":"https:\/\/miningspareparts.com\/wp-content\/uploads\/2023\/12\/nflg-140-stojka-300-1.jpg","width":1000,"height":1000,"caption":"asphalt NFLG 140 Mixer And Parts mixing arm"},{"@type":"BreadcrumbList","@id":"https:\/\/miningspareparts.com\/product\/nflg-140-mixer-and-parts\/#breadcrumb","itemListElement":[{"@type":"ListItem","position":1,"name":"Home","item":"https:\/\/miningspareparts.com\/"},{"@type":"ListItem","position":2,"name":"Premium Mining Wear And Spare Parts","item":"https:\/\/miningspareparts.com\/shop\/"},{"@type":"ListItem","position":3,"name":"NFLG 140 Mixer And Parts"}]},{"@type":"WebSite","@id":"https:\/\/miningspareparts.com\/#website","url":"https:\/\/miningspareparts.com\/","name":"Crusher parts , Concrete Mixer Parts, Slurry Pump Parts, Mining Spares","description":"Mining Wear &amp; Spare Parts Supplier","publisher":{"@id":"https:\/\/miningspareparts.com\/#organization"},"potentialAction":[{"@type":"SearchAction","target":{"@type":"EntryPoint","urlTemplate":"https:\/\/miningspareparts.com\/?s={search_term_string}"},"query-input":{"@type":"PropertyValueSpecification","valueRequired":true,"valueName":"search_term_string"}}],"inLanguage":"fr-FR"},{"@type":"Organization","@id":"https:\/\/miningspareparts.com\/#organization","name":"Crusher parts , Concrete Mixer Parts, Slurry Pump Parts, Mining Spares","url":"https:\/\/miningspareparts.com\/","logo":{"@type":"ImageObject","inLanguage":"fr-FR","@id":"https:\/\/miningspareparts.com\/#\/schema\/logo\/image\/","url":"https:\/\/miningspareparts.com\/wp-content\/uploads\/2025\/04\/cropped-cropped-logo\u6b63\u65b9\u5f62.png","contentUrl":"https:\/\/miningspareparts.com\/wp-content\/uploads\/2025\/04\/cropped-cropped-logo\u6b63\u65b9\u5f62.png","width":511,"height":171,"caption":"Crusher parts , Concrete Mixer Parts, Slurry Pump Parts, Mining Spares"},"image":{"@id":"https:\/\/miningspareparts.com\/#\/schema\/logo\/image\/"}}]}},"uagb_featured_image_src":{"full":["https:\/\/miningspareparts.com\/wp-content\/uploads\/2023\/12\/nflg-140-stojka-300-1.jpg",1000,1000,false],"thumbnail":["https:\/\/miningspareparts.com\/wp-content\/uploads\/2023\/12\/nflg-140-stojka-300-1-150x150.jpg",150,150,true],"medium":["https:\/\/miningspareparts.com\/wp-content\/uploads\/2023\/12\/nflg-140-stojka-300-1-300x300.jpg",300,300,true],"medium_large":["https:\/\/miningspareparts.com\/wp-content\/uploads\/2023\/12\/nflg-140-stojka-300-1-768x768.jpg",768,768,true],"large":["https:\/\/miningspareparts.com\/wp-content\/uploads\/2023\/12\/nflg-140-stojka-300-1.jpg",1000,1000,false],"1536x1536":["https:\/\/miningspareparts.com\/wp-content\/uploads\/2023\/12\/nflg-140-stojka-300-1.jpg",1000,1000,false],"2048x2048":["https:\/\/miningspareparts.com\/wp-content\/uploads\/2023\/12\/nflg-140-stojka-300-1.jpg",1000,1000,false],"trp-custom-language-flag":["https:\/\/miningspareparts.com\/wp-content\/uploads\/2023\/12\/nflg-140-stojka-300-1.jpg",12,12,false],"woocommerce_thumbnail":["https:\/\/miningspareparts.com\/wp-content\/uploads\/2023\/12\/nflg-140-stojka-300-1-300x300.jpg",300,300,true],"woocommerce_single":["https:\/\/miningspareparts.com\/wp-content\/uploads\/2023\/12\/nflg-140-stojka-300-1-600x600.jpg",600,600,true],"woocommerce_gallery_thumbnail":["https:\/\/miningspareparts.com\/wp-content\/uploads\/2023\/12\/nflg-140-stojka-300-1-100x100.jpg",100,100,true]},"uagb_author_info":{"display_name":"Miningspareparts","author_link":"https:\/\/miningspareparts.com\/fr\/author\/"},"uagb_comment_info":0,"uagb_excerpt":"Models:NFLG\u00a0140","_links":{"self":[{"href":"https:\/\/miningspareparts.com\/fr\/wp-json\/wp\/v2\/product\/1625","targetHints":{"allow":["GET"]}}],"collection":[{"href":"https:\/\/miningspareparts.com\/fr\/wp-json\/wp\/v2\/product"}],"about":[{"href":"https:\/\/miningspareparts.com\/fr\/wp-json\/wp\/v2\/types\/product"}],"wp:featuredmedia":[{"embeddable":true,"href":"https:\/\/miningspareparts.com\/fr\/wp-json\/wp\/v2\/media\/1627"}],"wp:attachment":[{"href":"https:\/\/miningspareparts.com\/fr\/wp-json\/wp\/v2\/media?parent=1625"}],"wp:term":[{"taxonomy":"product_brand","embeddable":true,"href":"https:\/\/miningspareparts.com\/fr\/wp-json\/wp\/v2\/product_brand?post=1625"},{"taxonomy":"product_cat","embeddable":true,"href":"https:\/\/miningspareparts.com\/fr\/wp-json\/wp\/v2\/product_cat?post=1625"},{"taxonomy":"product_tag","embeddable":true,"href":"https:\/\/miningspareparts.com\/fr\/wp-json\/wp\/v2\/product_tag?post=1625"}],"curies":[{"name":"wp","href":"https:\/\/api.w.org\/{rel}","templated":true}]}}