{"id":1640,"date":"2023-12-20T05:41:09","date_gmt":"2023-12-20T05:41:09","guid":{"rendered":"https:\/\/miningspareparts.com\/?post_type=product&#038;p=1640"},"modified":"2024-01-16T08:24:27","modified_gmt":"2024-01-16T08:24:27","slug":"sany-240-mixer-and-parts","status":"publish","type":"product","link":"https:\/\/miningspareparts.com\/fr\/produit\/sany-240-mixer-and-parts\/","title":{"rendered":"M\u00e9langeur Sany 240 et pi\u00e8ces d\u00e9tach\u00e9es"},"content":{"rendered":"<table width=\"1239\">\n<tbody>\n<tr>\n<td colspan=\"6\" width=\"1239\"><b>Mod\u00e8les :<\/b><i>Sany<\/i><i>\u00a0240<\/i><\/td>\n<\/tr>\n<tr>\n<td width=\"168\"><\/td>\n<td width=\"182\"><b>POSITION<\/b><\/td>\n<td width=\"252\"><b>CODE DE L'\u00c9L\u00c9MENT<\/b><\/td>\n<td width=\"127\"><b>QT\u00c9<\/b><\/td>\n<td width=\"230\"><b>CAT\u00c9GORIE<\/b><\/td>\n<td width=\"277\"><b>POIDS NET<\/b><\/td>\n<\/tr>\n<tr>\n<td rowspan=\"3\" width=\"168\"><b>Rev\u00eatements muraux<\/b><\/td>\n<td width=\"182\">1<\/td>\n<td width=\"252\">14361938<\/td>\n<td width=\"127\">10<\/td>\n<td width=\"230\">Rev\u00eatements muraux 1<\/td>\n<td width=\"277\"><\/td>\n<\/tr>\n<tr>\n<td width=\"182\">2<\/td>\n<td width=\"252\">14361984<\/td>\n<td width=\"127\">20<\/td>\n<td width=\"230\">Rev\u00eatements muraux 2<\/td>\n<td width=\"277\"><\/td>\n<\/tr>\n<tr>\n<td width=\"182\">3<\/td>\n<td width=\"252\">14362214<\/td>\n<td width=\"127\">2<\/td>\n<td width=\"230\">Rev\u00eatements muraux 3<\/td>\n<td width=\"277\"><\/td>\n<\/tr>\n<tr>\n<td width=\"168\"><\/td>\n<td width=\"182\"><\/td>\n<td width=\"252\"><\/td>\n<td width=\"127\"><\/td>\n<td width=\"230\"><\/td>\n<td width=\"277\"><\/td>\n<\/tr>\n<tr>\n<td rowspan=\"5\" width=\"168\"><b>Doublure d'extr\u00e9mit\u00e9<\/b><\/td>\n<td width=\"182\">1<\/td>\n<td width=\"252\">14362212<\/td>\n<td width=\"127\">20<\/td>\n<td width=\"230\">Doublure d'extr\u00e9mit\u00e9 1<\/td>\n<td width=\"277\"><\/td>\n<\/tr>\n<tr>\n<td width=\"182\">2<\/td>\n<td width=\"252\">14362213<\/td>\n<td width=\"127\">4<\/td>\n<td width=\"230\">Doublure d'extr\u00e9mit\u00e9 2<\/td>\n<td width=\"277\"><\/td>\n<\/tr>\n<tr>\n<td width=\"182\">3<\/td>\n<td width=\"252\">14362215<\/td>\n<td width=\"127\">4<\/td>\n<td width=\"230\">Doublure d'extr\u00e9mit\u00e9 3<\/td>\n<td width=\"277\"><\/td>\n<\/tr>\n<tr>\n<td width=\"182\">4<\/td>\n<td width=\"252\"><\/td>\n<td width=\"127\"><\/td>\n<td width=\"230\"><\/td>\n<td width=\"277\"><\/td>\n<\/tr>\n<tr>\n<td width=\"182\">5<\/td>\n<td width=\"252\"><\/td>\n<td width=\"127\"><\/td>\n<td width=\"230\"><\/td>\n<td width=\"277\"><\/td>\n<\/tr>\n<tr>\n<td width=\"168\"><\/td>\n<td width=\"182\"><\/td>\n<td width=\"252\"><\/td>\n<td width=\"127\"><\/td>\n<td width=\"230\"><\/td>\n<td width=\"277\"><\/td>\n<\/tr>\n<tr>\n<td rowspan=\"6\" width=\"168\"><b>Bras et conseils<\/b><\/td>\n<td width=\"182\">1<\/td>\n<td width=\"252\"><\/td>\n<td width=\"127\">16<\/td>\n<td width=\"230\">Pelle<\/td>\n<td width=\"277\"><\/td>\n<\/tr>\n<tr>\n<td width=\"182\">2<\/td>\n<td width=\"252\">13928940<\/td>\n<td width=\"127\">4<\/td>\n<td width=\"230\">Rack \u00e0 gauche<\/td>\n<td width=\"277\"><\/td>\n<\/tr>\n<tr>\n<td width=\"182\">3<\/td>\n<td width=\"252\">13928939<\/td>\n<td width=\"127\">12<\/td>\n<td width=\"230\">Rayon droit<\/td>\n<td width=\"277\"><\/td>\n<\/tr>\n<tr>\n<td width=\"182\">4<\/td>\n<td width=\"252\"><\/td>\n<td width=\"127\">6<\/td>\n<td width=\"230\">Protecteur de cr\u00e9maill\u00e8re gauche<\/td>\n<td width=\"277\"><\/td>\n<\/tr>\n<tr>\n<td width=\"182\">5<\/td>\n<td width=\"252\"><\/td>\n<td width=\"127\">10<\/td>\n<td width=\"230\">Protecteur de rack droit<\/td>\n<td width=\"277\"><\/td>\n<\/tr>\n<tr>\n<td width=\"182\">6<\/td>\n<td width=\"252\"><\/td>\n<td width=\"127\">12<\/td>\n<td width=\"230\">Chariot<\/td>\n<td width=\"277\"><\/td>\n<\/tr>\n<\/tbody>\n<\/table>\n<p><img fetchpriority=\"high\" decoding=\"async\" class=\"wp-image-3550 alignleft\" src=\"https:\/\/miningspareparts.com\/wp-content\/uploads\/2024\/01\/Mixer-And-Wear-Parts1-239x300.webp\" alt=\"\" width=\"498\" height=\"625\" srcset=\"https:\/\/miningspareparts.com\/wp-content\/uploads\/2024\/01\/Mixer-And-Wear-Parts1-239x300.webp 239w, https:\/\/miningspareparts.com\/wp-content\/uploads\/2024\/01\/Mixer-And-Wear-Parts1-817x1024.webp 817w, https:\/\/miningspareparts.com\/wp-content\/uploads\/2024\/01\/Mixer-And-Wear-Parts1-768x963.webp 768w, https:\/\/miningspareparts.com\/wp-content\/uploads\/2024\/01\/Mixer-And-Wear-Parts1-1226x1536.webp 1226w, https:\/\/miningspareparts.com\/wp-content\/uploads\/2024\/01\/Mixer-And-Wear-Parts1-1634x2048.webp 1634w, https:\/\/miningspareparts.com\/wp-content\/uploads\/2024\/01\/Mixer-And-Wear-Parts1-600x752.webp 600w, https:\/\/miningspareparts.com\/wp-content\/uploads\/2024\/01\/Mixer-And-Wear-Parts1.webp 2037w\" sizes=\"(max-width: 498px) 100vw, 498px\" \/><span style=\"font-size: 16px\">\u00a0<\/span><img decoding=\"async\" class=\"wp-image-3551 alignnone\" style=\"font-weight: inherit\" src=\"https:\/\/miningspareparts.com\/wp-content\/uploads\/2024\/01\/Mixer-And-Wear-Parts2-210x300.webp\" alt=\"\" width=\"454\" height=\"649\" srcset=\"https:\/\/miningspareparts.com\/wp-content\/uploads\/2024\/01\/Mixer-And-Wear-Parts2-210x300.webp 210w, https:\/\/miningspareparts.com\/wp-content\/uploads\/2024\/01\/Mixer-And-Wear-Parts2-600x856.webp 600w\" sizes=\"(max-width: 454px) 100vw, 454px\" \/><\/p>\n<p>Voici le m\u00e9langeur Sany 240 et ses pi\u00e8ces, o\u00f9 la pr\u00e9cision rencontre la durabilit\u00e9 dans les pales de m\u00e9langeurs \u00e0 deux arbres, les bras de m\u00e9lange et les rev\u00eatements. En tant que fabricant fiable, nous red\u00e9finissons l'excellence avec des composants de remplacement d'origine, garantissant une int\u00e9gration parfaite dans votre \u00e9quipement.<\/p>\n<p>Notre engagement s'\u00e9tend au march\u00e9 de l'apr\u00e8s-vente, o\u00f9 nous fournissons une assistance compl\u00e8te. En plus de fournir des produits de premi\u00e8re qualit\u00e9, nous nous effor\u00e7ons de minimiser les temps d'arr\u00eat en proposant des remplacements rapides et efficaces. Choisissez Sany pour une exp\u00e9rience apr\u00e8s-vente qui compl\u00e8te la durabilit\u00e9 de nos pales de malaxeur, bras de malaxage et rev\u00eatements.<\/p>\n<p>Les composants de remplacement d'origine de Sany sont fabriqu\u00e9s avec des mat\u00e9riaux de haute qualit\u00e9, synonymes de long\u00e9vit\u00e9 et de fiabilit\u00e9. Nous comprenons les d\u00e9fis pos\u00e9s par les applications exigeantes, et nos produits sont con\u00e7us pour r\u00e9sister aux rigueurs des op\u00e9rations de m\u00e9lange \u00e0 usage intensif.<\/p>\n<p>En plus d'\u00eatre des pi\u00e8ces de rechange d'origine, nos composants de m\u00e9langeurs \u00e0 deux arbres sont synonymes de durabilit\u00e9. Nous savons que la long\u00e9vit\u00e9 est la cl\u00e9 de votre succ\u00e8s op\u00e9rationnel, et nos produits sont con\u00e7us pour offrir des performances qui r\u00e9sistent \u00e0 l'\u00e9preuve du temps.<\/p>\n<p>Les m\u00e9langeurs Sany 240 et les pi\u00e8ces d\u00e9tach\u00e9es sont plus que de simples composants ; ils repr\u00e9sentent un engagement envers votre succ\u00e8s op\u00e9rationnel. Faites l'exp\u00e9rience de la durabilit\u00e9, de la fiabilit\u00e9 et de la performance in\u00e9gal\u00e9e de nos pales de m\u00e9langeurs \u00e0 deux arbres, de nos bras de m\u00e9lange et de nos rev\u00eatements. Choisissez Sany pour une solution de m\u00e9lange qui d\u00e9passe les attentes et \u00e9tablit de nouvelles normes industrielles.<\/p>","protected":false},"excerpt":{"rendered":"<p><b>Mod\u00e8les :<\/b><i>Sany<\/i><i>\u00a0240<\/i><\/p>","protected":false},"featured_media":1642,"template":"","meta":{"_uag_custom_page_level_css":"","site-sidebar-layout":"default","site-content-layout":"","ast-site-content-layout":"default","site-content-style":"default","site-sidebar-style":"default","ast-global-header-display":"","ast-banner-title-visibility":"","ast-main-header-display":"","ast-hfb-above-header-display":"","ast-hfb-below-header-display":"","ast-hfb-mobile-header-display":"","site-post-title":"","ast-breadcrumbs-content":"","ast-featured-img":"","footer-sml-layout":"","ast-disable-related-posts":"","theme-transparent-header-meta":"default","adv-header-id-meta":"","stick-header-meta":"default","header-above-stick-meta":"","header-main-stick-meta":"","header-below-stick-meta":"","astra-migrate-meta-layouts":"set","ast-page-background-enabled":"default","ast-page-background-meta":{"desktop":{"background-color":"var(--ast-global-color-4)","background-image":"","background-repeat":"repeat","background-position":"center center","background-size":"auto","background-attachment":"scroll","background-type":"","background-media":"","overlay-type":"","overlay-color":"","overlay-opacity":"","overlay-gradient":""},"tablet":{"background-color":"","background-image":"","background-repeat":"repeat","background-position":"center center","background-size":"auto","background-attachment":"scroll","background-type":"","background-media":"","overlay-type":"","overlay-color":"","overlay-opacity":"","overlay-gradient":""},"mobile":{"background-color":"","background-image":"","background-repeat":"repeat","background-position":"center center","background-size":"auto","background-attachment":"scroll","background-type":"","background-media":"","overlay-type":"","overlay-color":"","overlay-opacity":"","overlay-gradient":""}},"ast-content-background-meta":{"desktop":{"background-color":"var(--ast-global-color-5)","background-image":"","background-repeat":"repeat","background-position":"center center","background-size":"auto","background-attachment":"scroll","background-type":"","background-media":"","overlay-type":"","overlay-color":"","overlay-opacity":"","overlay-gradient":""},"tablet":{"background-color":"var(--ast-global-color-5)","background-image":"","background-repeat":"repeat","background-position":"center center","background-size":"auto","background-attachment":"scroll","background-type":"","background-media":"","overlay-type":"","overlay-color":"","overlay-opacity":"","overlay-gradient":""},"mobile":{"background-color":"var(--ast-global-color-5)","background-image":"","background-repeat":"repeat","background-position":"center center","background-size":"auto","background-attachment":"scroll","background-type":"","background-media":"","overlay-type":"","overlay-color":"","overlay-opacity":"","overlay-gradient":""}}},"product_brand":[],"product_cat":[275,82],"product_tag":[],"class_list":{"0":"post-1640","1":"product","2":"type-product","3":"status-publish","4":"has-post-thumbnail","6":"product_cat-other","7":"product_cat-asphalt-mixer-parts","8":"desktop-align-left","9":"tablet-align-left","10":"mobile-align-left","11":"ast-product-gallery-layout-horizontal-slider","12":"ast-product-single-variable","13":"ast-product-tabs-layout-horizontal","15":"first","16":"instock","17":"shipping-taxable","18":"purchasable","19":"product-type-variable"},"yoast_head":"<!-- This site is optimized with the Yoast SEO plugin v27.4 - https:\/\/yoast.com\/product\/yoast-seo-wordpress\/ -->\n<title>Sany\u00a0240 Mixer And Parts- Crusher parts, Slurry Pump Parts, Excavator shovel parts<\/title>\n<meta name=\"description\" content=\"Sany 240 twin-shaft mixer blades, mixing arms, and liners ensure wear resistance, setting industry standards for original replacements.\" \/>\n<meta name=\"robots\" content=\"index, follow, max-snippet:-1, max-image-preview:large, max-video-preview:-1\" \/>\n<link rel=\"canonical\" href=\"https:\/\/miningspareparts.com\/fr\/produit\/sany-240-mixer-and-parts\/\" \/>\n<meta property=\"og:locale\" content=\"fr_FR\" \/>\n<meta property=\"og:type\" content=\"article\" \/>\n<meta property=\"og:title\" content=\"Sany\u00a0240 Mixer And Parts- Crusher parts, Slurry Pump Parts, Excavator shovel parts\" \/>\n<meta property=\"og:description\" content=\"Sany 240 twin-shaft mixer blades, mixing arms, and liners ensure wear resistance, setting industry standards for original replacements.\" \/>\n<meta property=\"og:url\" content=\"https:\/\/miningspareparts.com\/fr\/produit\/sany-240-mixer-and-parts\/\" \/>\n<meta property=\"og:site_name\" content=\"Crusher parts, Slurry Pump Parts, Excavator shovel parts\" \/>\n<meta property=\"article:modified_time\" content=\"2024-01-16T08:24:27+00:00\" \/>\n<meta property=\"og:image\" content=\"https:\/\/miningspareparts.com\/wp-content\/uploads\/2023\/12\/smesitel-6.jpg\" \/>\n\t<meta property=\"og:image:width\" content=\"1417\" \/>\n\t<meta property=\"og:image:height\" content=\"1417\" \/>\n\t<meta property=\"og:image:type\" content=\"image\/jpeg\" \/>\n<meta name=\"twitter:card\" content=\"summary_large_image\" \/>\n<meta name=\"twitter:label1\" content=\"Dur\u00e9e de lecture estim\u00e9e\" \/>\n\t<meta name=\"twitter:data1\" content=\"2 minutes\" \/>\n<script type=\"application\/ld+json\" class=\"yoast-schema-graph\">{\"@context\":\"https:\\\/\\\/schema.org\",\"@graph\":[{\"@type\":\"WebPage\",\"@id\":\"https:\\\/\\\/miningspareparts.com\\\/product\\\/sany-240-mixer-and-parts\\\/\",\"url\":\"https:\\\/\\\/miningspareparts.com\\\/product\\\/sany-240-mixer-and-parts\\\/\",\"name\":\"Sany\u00a0240 Mixer And Parts- Crusher parts, Slurry Pump Parts, Excavator shovel parts\",\"isPartOf\":{\"@id\":\"https:\\\/\\\/miningspareparts.com\\\/#website\"},\"primaryImageOfPage\":{\"@id\":\"https:\\\/\\\/miningspareparts.com\\\/product\\\/sany-240-mixer-and-parts\\\/#primaryimage\"},\"image\":{\"@id\":\"https:\\\/\\\/miningspareparts.com\\\/product\\\/sany-240-mixer-and-parts\\\/#primaryimage\"},\"thumbnailUrl\":\"https:\\\/\\\/miningspareparts.com\\\/wp-content\\\/uploads\\\/2023\\\/12\\\/smesitel-6.jpg\",\"datePublished\":\"2023-12-20T05:41:09+00:00\",\"dateModified\":\"2024-01-16T08:24:27+00:00\",\"description\":\"Sany 240 twin-shaft mixer blades, mixing arms, and liners ensure wear resistance, setting industry standards for original replacements.\",\"breadcrumb\":{\"@id\":\"https:\\\/\\\/miningspareparts.com\\\/product\\\/sany-240-mixer-and-parts\\\/#breadcrumb\"},\"inLanguage\":\"fr-FR\",\"potentialAction\":[{\"@type\":\"ReadAction\",\"target\":[\"https:\\\/\\\/miningspareparts.com\\\/product\\\/sany-240-mixer-and-parts\\\/\"]}]},{\"@type\":\"ImageObject\",\"inLanguage\":\"fr-FR\",\"@id\":\"https:\\\/\\\/miningspareparts.com\\\/product\\\/sany-240-mixer-and-parts\\\/#primaryimage\",\"url\":\"https:\\\/\\\/miningspareparts.com\\\/wp-content\\\/uploads\\\/2023\\\/12\\\/smesitel-6.jpg\",\"contentUrl\":\"https:\\\/\\\/miningspareparts.com\\\/wp-content\\\/uploads\\\/2023\\\/12\\\/smesitel-6.jpg\",\"width\":1417,\"height\":1417,\"caption\":\"asphalt sany 240 Mixer And Parts\"},{\"@type\":\"BreadcrumbList\",\"@id\":\"https:\\\/\\\/miningspareparts.com\\\/product\\\/sany-240-mixer-and-parts\\\/#breadcrumb\",\"itemListElement\":[{\"@type\":\"ListItem\",\"position\":1,\"name\":\"Home\",\"item\":\"https:\\\/\\\/miningspareparts.com\\\/\"},{\"@type\":\"ListItem\",\"position\":2,\"name\":\"Premium Mining Wear And Spare Parts\",\"item\":\"https:\\\/\\\/miningspareparts.com\\\/shop\\\/\"},{\"@type\":\"ListItem\",\"position\":3,\"name\":\"Sany\u00a0240 Mixer And Parts\"}]},{\"@type\":\"WebSite\",\"@id\":\"https:\\\/\\\/miningspareparts.com\\\/#website\",\"url\":\"https:\\\/\\\/miningspareparts.com\\\/\",\"name\":\"Crusher parts , Concrete Mixer Parts, Slurry Pump Parts, Mining Spares\",\"description\":\"Mining Wear &amp; Spare Parts Supplier\",\"publisher\":{\"@id\":\"https:\\\/\\\/miningspareparts.com\\\/#organization\"},\"potentialAction\":[{\"@type\":\"SearchAction\",\"target\":{\"@type\":\"EntryPoint\",\"urlTemplate\":\"https:\\\/\\\/miningspareparts.com\\\/?s={search_term_string}\"},\"query-input\":{\"@type\":\"PropertyValueSpecification\",\"valueRequired\":true,\"valueName\":\"search_term_string\"}}],\"inLanguage\":\"fr-FR\"},{\"@type\":\"Organization\",\"@id\":\"https:\\\/\\\/miningspareparts.com\\\/#organization\",\"name\":\"Crusher parts , Concrete Mixer Parts, Slurry Pump Parts, Mining Spares\",\"url\":\"https:\\\/\\\/miningspareparts.com\\\/\",\"logo\":{\"@type\":\"ImageObject\",\"inLanguage\":\"fr-FR\",\"@id\":\"https:\\\/\\\/miningspareparts.com\\\/#\\\/schema\\\/logo\\\/image\\\/\",\"url\":\"https:\\\/\\\/miningspareparts.com\\\/wp-content\\\/uploads\\\/2025\\\/04\\\/cropped-cropped-logo\u6b63\u65b9\u5f62.png\",\"contentUrl\":\"https:\\\/\\\/miningspareparts.com\\\/wp-content\\\/uploads\\\/2025\\\/04\\\/cropped-cropped-logo\u6b63\u65b9\u5f62.png\",\"width\":511,\"height\":171,\"caption\":\"Crusher parts , Concrete Mixer Parts, Slurry Pump Parts, Mining Spares\"},\"image\":{\"@id\":\"https:\\\/\\\/miningspareparts.com\\\/#\\\/schema\\\/logo\\\/image\\\/\"}}]}<\/script>\n<!-- \/ Yoast SEO plugin. -->","yoast_head_json":{"title":"Sany\u00a0240 Mixer And Parts- Crusher parts, Slurry Pump Parts, Excavator shovel parts","description":"Sany 240 twin-shaft mixer blades, mixing arms, and liners ensure wear resistance, setting industry standards for original replacements.","robots":{"index":"index","follow":"follow","max-snippet":"max-snippet:-1","max-image-preview":"max-image-preview:large","max-video-preview":"max-video-preview:-1"},"canonical":"https:\/\/miningspareparts.com\/fr\/produit\/sany-240-mixer-and-parts\/","og_locale":"fr_FR","og_type":"article","og_title":"Sany\u00a0240 Mixer And Parts- Crusher parts, Slurry Pump Parts, Excavator shovel parts","og_description":"Sany 240 twin-shaft mixer blades, mixing arms, and liners ensure wear resistance, setting industry standards for original replacements.","og_url":"https:\/\/miningspareparts.com\/fr\/produit\/sany-240-mixer-and-parts\/","og_site_name":"Crusher parts, Slurry Pump Parts, Excavator shovel parts","article_modified_time":"2024-01-16T08:24:27+00:00","og_image":[{"width":1417,"height":1417,"url":"https:\/\/miningspareparts.com\/wp-content\/uploads\/2023\/12\/smesitel-6.jpg","type":"image\/jpeg"}],"twitter_card":"summary_large_image","twitter_misc":{"Dur\u00e9e de lecture estim\u00e9e":"2 minutes"},"schema":{"@context":"https:\/\/schema.org","@graph":[{"@type":"WebPage","@id":"https:\/\/miningspareparts.com\/product\/sany-240-mixer-and-parts\/","url":"https:\/\/miningspareparts.com\/product\/sany-240-mixer-and-parts\/","name":"Sany\u00a0240 Mixer And Parts- Crusher parts, Slurry Pump Parts, Excavator shovel parts","isPartOf":{"@id":"https:\/\/miningspareparts.com\/#website"},"primaryImageOfPage":{"@id":"https:\/\/miningspareparts.com\/product\/sany-240-mixer-and-parts\/#primaryimage"},"image":{"@id":"https:\/\/miningspareparts.com\/product\/sany-240-mixer-and-parts\/#primaryimage"},"thumbnailUrl":"https:\/\/miningspareparts.com\/wp-content\/uploads\/2023\/12\/smesitel-6.jpg","datePublished":"2023-12-20T05:41:09+00:00","dateModified":"2024-01-16T08:24:27+00:00","description":"Sany 240 twin-shaft mixer blades, mixing arms, and liners ensure wear resistance, setting industry standards for original replacements.","breadcrumb":{"@id":"https:\/\/miningspareparts.com\/product\/sany-240-mixer-and-parts\/#breadcrumb"},"inLanguage":"fr-FR","potentialAction":[{"@type":"ReadAction","target":["https:\/\/miningspareparts.com\/product\/sany-240-mixer-and-parts\/"]}]},{"@type":"ImageObject","inLanguage":"fr-FR","@id":"https:\/\/miningspareparts.com\/product\/sany-240-mixer-and-parts\/#primaryimage","url":"https:\/\/miningspareparts.com\/wp-content\/uploads\/2023\/12\/smesitel-6.jpg","contentUrl":"https:\/\/miningspareparts.com\/wp-content\/uploads\/2023\/12\/smesitel-6.jpg","width":1417,"height":1417,"caption":"asphalt sany 240 Mixer And Parts"},{"@type":"BreadcrumbList","@id":"https:\/\/miningspareparts.com\/product\/sany-240-mixer-and-parts\/#breadcrumb","itemListElement":[{"@type":"ListItem","position":1,"name":"Home","item":"https:\/\/miningspareparts.com\/"},{"@type":"ListItem","position":2,"name":"Premium Mining Wear And Spare Parts","item":"https:\/\/miningspareparts.com\/shop\/"},{"@type":"ListItem","position":3,"name":"Sany\u00a0240 Mixer And Parts"}]},{"@type":"WebSite","@id":"https:\/\/miningspareparts.com\/#website","url":"https:\/\/miningspareparts.com\/","name":"Crusher parts , Concrete Mixer Parts, Slurry Pump Parts, Mining Spares","description":"Mining Wear &amp; Spare Parts Supplier","publisher":{"@id":"https:\/\/miningspareparts.com\/#organization"},"potentialAction":[{"@type":"SearchAction","target":{"@type":"EntryPoint","urlTemplate":"https:\/\/miningspareparts.com\/?s={search_term_string}"},"query-input":{"@type":"PropertyValueSpecification","valueRequired":true,"valueName":"search_term_string"}}],"inLanguage":"fr-FR"},{"@type":"Organization","@id":"https:\/\/miningspareparts.com\/#organization","name":"Crusher parts , Concrete Mixer Parts, Slurry Pump Parts, Mining Spares","url":"https:\/\/miningspareparts.com\/","logo":{"@type":"ImageObject","inLanguage":"fr-FR","@id":"https:\/\/miningspareparts.com\/#\/schema\/logo\/image\/","url":"https:\/\/miningspareparts.com\/wp-content\/uploads\/2025\/04\/cropped-cropped-logo\u6b63\u65b9\u5f62.png","contentUrl":"https:\/\/miningspareparts.com\/wp-content\/uploads\/2025\/04\/cropped-cropped-logo\u6b63\u65b9\u5f62.png","width":511,"height":171,"caption":"Crusher parts , Concrete Mixer Parts, Slurry Pump Parts, Mining Spares"},"image":{"@id":"https:\/\/miningspareparts.com\/#\/schema\/logo\/image\/"}}]}},"uagb_featured_image_src":{"full":["https:\/\/miningspareparts.com\/wp-content\/uploads\/2023\/12\/smesitel-6.jpg",1417,1417,false],"thumbnail":["https:\/\/miningspareparts.com\/wp-content\/uploads\/2023\/12\/smesitel-6-150x150.jpg",150,150,true],"medium":["https:\/\/miningspareparts.com\/wp-content\/uploads\/2023\/12\/smesitel-6-300x300.jpg",300,300,true],"medium_large":["https:\/\/miningspareparts.com\/wp-content\/uploads\/2023\/12\/smesitel-6-768x768.jpg",768,768,true],"large":["https:\/\/miningspareparts.com\/wp-content\/uploads\/2023\/12\/smesitel-6-1024x1024.jpg",1024,1024,true],"1536x1536":["https:\/\/miningspareparts.com\/wp-content\/uploads\/2023\/12\/smesitel-6.jpg",1417,1417,false],"2048x2048":["https:\/\/miningspareparts.com\/wp-content\/uploads\/2023\/12\/smesitel-6.jpg",1417,1417,false],"trp-custom-language-flag":["https:\/\/miningspareparts.com\/wp-content\/uploads\/2023\/12\/smesitel-6.jpg",12,12,false],"woocommerce_thumbnail":["https:\/\/miningspareparts.com\/wp-content\/uploads\/2023\/12\/smesitel-6-300x300.jpg",300,300,true],"woocommerce_single":["https:\/\/miningspareparts.com\/wp-content\/uploads\/2023\/12\/smesitel-6-600x600.jpg",600,600,true],"woocommerce_gallery_thumbnail":["https:\/\/miningspareparts.com\/wp-content\/uploads\/2023\/12\/smesitel-6-100x100.jpg",100,100,true]},"uagb_author_info":{"display_name":"Miningspareparts","author_link":"https:\/\/miningspareparts.com\/fr\/author\/"},"uagb_comment_info":0,"uagb_excerpt":"Models:Sany\u00a0240","_links":{"self":[{"href":"https:\/\/miningspareparts.com\/fr\/wp-json\/wp\/v2\/product\/1640","targetHints":{"allow":["GET"]}}],"collection":[{"href":"https:\/\/miningspareparts.com\/fr\/wp-json\/wp\/v2\/product"}],"about":[{"href":"https:\/\/miningspareparts.com\/fr\/wp-json\/wp\/v2\/types\/product"}],"wp:featuredmedia":[{"embeddable":true,"href":"https:\/\/miningspareparts.com\/fr\/wp-json\/wp\/v2\/media\/1642"}],"wp:attachment":[{"href":"https:\/\/miningspareparts.com\/fr\/wp-json\/wp\/v2\/media?parent=1640"}],"wp:term":[{"taxonomy":"product_brand","embeddable":true,"href":"https:\/\/miningspareparts.com\/fr\/wp-json\/wp\/v2\/product_brand?post=1640"},{"taxonomy":"product_cat","embeddable":true,"href":"https:\/\/miningspareparts.com\/fr\/wp-json\/wp\/v2\/product_cat?post=1640"},{"taxonomy":"product_tag","embeddable":true,"href":"https:\/\/miningspareparts.com\/fr\/wp-json\/wp\/v2\/product_tag?post=1640"}],"curies":[{"name":"wp","href":"https:\/\/api.w.org\/{rel}","templated":true}]}}