{"id":1790,"date":"2023-12-25T03:13:33","date_gmt":"2023-12-25T03:13:33","guid":{"rendered":"https:\/\/miningspareparts.com\/?post_type=product&#038;p=1790"},"modified":"2024-01-16T08:23:16","modified_gmt":"2024-01-16T08:23:16","slug":"calong-cl-1000-mixer-and-parts","status":"publish","type":"product","link":"https:\/\/miningspareparts.com\/fr\/produit\/calong-cl-1000-mixer-and-parts\/","title":{"rendered":"M\u00e9langeur Calong CL-1000 et pi\u00e8ces d\u00e9tach\u00e9es"},"content":{"rendered":"<p><strong>Voici une description du m\u00e9langeur Calong CL-1000 et de ses pi\u00e8ces d\u00e9tach\u00e9es<\/strong><\/p>\n<table width=\"1369\">\n<tbody>\n<tr>\n<td colspan=\"6\" width=\"1369\">Mod\u00e8les:CA-Long CL-1000<\/td>\n<\/tr>\n<tr>\n<td><\/td>\n<td width=\"149\">POSITION<\/td>\n<td width=\"249\">CODE DE L'\u00c9L\u00c9MENT<\/td>\n<td width=\"285\">CAT\u00c9GORIE<\/td>\n<td width=\"258\">QT\u00c9\/SET<\/td>\n<td width=\"258\">POIDS NET<\/td>\n<\/tr>\n<tr>\n<td rowspan=\"4\" width=\"170\">Bras et conseils<\/td>\n<td width=\"149\">1<\/td>\n<td width=\"249\">CL1000.7.1.14<\/td>\n<td width=\"285\">Conseil de m\u00e9lange I<\/td>\n<td width=\"258\">8<\/td>\n<td>4.5<\/td>\n<\/tr>\n<tr>\n<td width=\"149\">2<\/td>\n<td width=\"249\">CL1000.7.1.17<\/td>\n<td width=\"285\">Conseil de mixage II<\/td>\n<td width=\"258\">20<\/td>\n<td>5.5<\/td>\n<\/tr>\n<tr>\n<td width=\"149\">2<\/td>\n<td width=\"249\">CL1000.7.1.15<\/td>\n<td width=\"285\">Bras de m\u00e9lange lI<\/td>\n<td width=\"258\">4<\/td>\n<td>12<\/td>\n<\/tr>\n<tr>\n<td width=\"149\">3<\/td>\n<td width=\"249\">CL1000.7.1.16<\/td>\n<td width=\"285\">Bras de m\u00e9lange I<\/td>\n<td width=\"258\">24<\/td>\n<td>12<\/td>\n<\/tr>\n<tr>\n<td>Doublures<\/td>\n<td><\/td>\n<td><\/td>\n<td>Doublures dans le m\u00e9langeur (60 pi\u00e8ces incluses)<\/td>\n<td><\/td>\n<td><\/td>\n<\/tr>\n<tr>\n<td rowspan=\"4\" width=\"170\">Rev\u00eatement mural<\/td>\n<td width=\"149\">1<\/td>\n<td width=\"249\">CL1000.7.1.20<\/td>\n<td width=\"285\">Doublures ARC<\/td>\n<td width=\"258\">24<\/td>\n<td>8<\/td>\n<\/tr>\n<tr>\n<td width=\"149\">2<\/td>\n<td width=\"249\">CL1000.7.1.23<\/td>\n<td width=\"285\">Doublure lat\u00e9rale<\/td>\n<td width=\"258\">8<\/td>\n<td>5.5<\/td>\n<\/tr>\n<tr>\n<td width=\"149\">3<\/td>\n<td width=\"249\">CL1000.7.1.45<\/td>\n<td width=\"285\">Doublure inf\u00e9rieure<\/td>\n<td width=\"258\">2<\/td>\n<td>9.8<\/td>\n<\/tr>\n<tr>\n<td width=\"149\">4<\/td>\n<td width=\"249\">CL1000.7.1.22<\/td>\n<td width=\"285\">Porte d'entr\u00e9e<\/td>\n<td width=\"258\">10<\/td>\n<td>10<\/td>\n<\/tr>\n<tr>\n<td rowspan=\"3\" width=\"170\">Doublure d'extr\u00e9mit\u00e9<\/td>\n<td width=\"149\">6<\/td>\n<td width=\"249\">CL1000.7.1.19<\/td>\n<td width=\"285\">Rev\u00eatement d'extr\u00e9mit\u00e9 I<\/td>\n<td width=\"258\">8<\/td>\n<td>11.5<\/td>\n<\/tr>\n<tr>\n<td width=\"149\">7<\/td>\n<td width=\"249\">CL1000.7.1.21<\/td>\n<td width=\"285\">End Liner II<\/td>\n<td width=\"258\">4<\/td>\n<td>10.5<\/td>\n<\/tr>\n<tr>\n<td width=\"149\">8<\/td>\n<td width=\"249\">CL1000.7.1.23<\/td>\n<td width=\"285\">End Liner III<\/td>\n<td width=\"258\">4<\/td>\n<td>10.5<\/td>\n<\/tr>\n<tr>\n<td width=\"170\"><\/td>\n<td width=\"149\"><\/td>\n<td width=\"249\"><\/td>\n<td width=\"285\"><\/td>\n<td width=\"258\"><\/td>\n<td><\/td>\n<\/tr>\n<tr>\n<td rowspan=\"5\" width=\"170\">\u00c9l\u00e9vateur \u00e0 chaud<\/td>\n<td width=\"149\"><\/td>\n<td width=\"249\">CL1000.3.1.5.1<\/td>\n<td width=\"285\">Cha\u00eene \u00e0 plaques pour ascenseurs \u00e0 chaud 56.5-170 x375<\/td>\n<td width=\"258\">33.5M<\/td>\n<td><\/td>\n<\/tr>\n<tr>\n<td width=\"149\"><\/td>\n<td width=\"249\">CL1000.3.1.5.2<\/td>\n<td width=\"285\">Godets d'\u00e9l\u00e9vateur \u00e0 chaud<\/td>\n<td width=\"258\">90<\/td>\n<td><\/td>\n<\/tr>\n<tr>\n<td width=\"149\"><\/td>\n<td width=\"249\">CL1000.3.1.3.10<\/td>\n<td width=\"285\">Roues dent\u00e9es de l'\u00e9l\u00e9vateur \u00e0 chaud<\/td>\n<td width=\"258\">2<\/td>\n<td><\/td>\n<\/tr>\n<tr>\n<td width=\"149\"><\/td>\n<td width=\"249\">CL1000.3.1.3.4<\/td>\n<td width=\"285\">Roues dent\u00e9es de l'ascenseur<\/td>\n<td width=\"258\">1<\/td>\n<td><\/td>\n<\/tr>\n<tr>\n<td width=\"149\"><\/td>\n<td width=\"249\">CL1000.3.1.3.9<\/td>\n<td width=\"285\">Essieu conducteur<\/td>\n<td width=\"258\">1<\/td>\n<td><\/td>\n<\/tr>\n<tr>\n<td width=\"170\"><\/td>\n<td width=\"149\"><\/td>\n<td width=\"249\"><\/td>\n<td width=\"285\"><\/td>\n<td width=\"258\"><\/td>\n<td><\/td>\n<\/tr>\n<tr>\n<td>Filtre \u00e0 poussi\u00e8re<\/td>\n<td><\/td>\n<td><\/td>\n<td>Sacs filtrants 223*58*1920<\/td>\n<td>432<\/td>\n<td><\/td>\n<\/tr>\n<\/tbody>\n<\/table>\n<p><img fetchpriority=\"high\" decoding=\"async\" class=\"wp-image-3550 alignleft\" src=\"https:\/\/miningspareparts.com\/wp-content\/uploads\/2024\/01\/Mixer-And-Wear-Parts1-239x300.webp\" alt=\"\" width=\"498\" height=\"625\" srcset=\"https:\/\/miningspareparts.com\/wp-content\/uploads\/2024\/01\/Mixer-And-Wear-Parts1-239x300.webp 239w, https:\/\/miningspareparts.com\/wp-content\/uploads\/2024\/01\/Mixer-And-Wear-Parts1-817x1024.webp 817w, https:\/\/miningspareparts.com\/wp-content\/uploads\/2024\/01\/Mixer-And-Wear-Parts1-768x963.webp 768w, https:\/\/miningspareparts.com\/wp-content\/uploads\/2024\/01\/Mixer-And-Wear-Parts1-1226x1536.webp 1226w, https:\/\/miningspareparts.com\/wp-content\/uploads\/2024\/01\/Mixer-And-Wear-Parts1-1634x2048.webp 1634w, https:\/\/miningspareparts.com\/wp-content\/uploads\/2024\/01\/Mixer-And-Wear-Parts1-600x752.webp 600w, https:\/\/miningspareparts.com\/wp-content\/uploads\/2024\/01\/Mixer-And-Wear-Parts1.webp 2037w\" sizes=\"(max-width: 498px) 100vw, 498px\" \/><span style=\"font-size: 16px\">\u00a0<\/span><img decoding=\"async\" class=\"wp-image-3551 alignnone\" style=\"font-weight: inherit\" src=\"https:\/\/miningspareparts.com\/wp-content\/uploads\/2024\/01\/Mixer-And-Wear-Parts2-210x300.webp\" alt=\"\" width=\"454\" height=\"649\" srcset=\"https:\/\/miningspareparts.com\/wp-content\/uploads\/2024\/01\/Mixer-And-Wear-Parts2-210x300.webp 210w, https:\/\/miningspareparts.com\/wp-content\/uploads\/2024\/01\/Mixer-And-Wear-Parts2-600x856.webp 600w\" sizes=\"(max-width: 454px) 100vw, 454px\" \/><\/p>\n<p>Les pales, les bras de m\u00e9lange et les rev\u00eatements du m\u00e9langeur \u00e0 deux arbres Calong CL-1000 incarnent l'excellence en mati\u00e8re de remplacement d'origine, de disponibilit\u00e9 sur le march\u00e9 de l'apr\u00e8s-vente et de durabilit\u00e9. En tant que fabricant leader, nous donnons la priorit\u00e9 \u00e0 l'ing\u00e9nierie de pr\u00e9cision et aux mat\u00e9riaux de qualit\u00e9 sup\u00e9rieure afin d'assurer une compatibilit\u00e9 parfaite en tant que pi\u00e8ces de rechange d'origine pour les composants de votre m\u00e9langeur.<\/p>\n<p>Dans le domaine des options de rechange, notre engagement va au-del\u00e0 de la simple compatibilit\u00e9. Nous proposons des solutions qui non seulement s'adaptent parfaitement \u00e0 votre m\u00e9langeur \u00e0 deux arbres Calong CL-1000, mais qui en am\u00e9liorent \u00e9galement les performances. Nos offres de pi\u00e8ces d\u00e9tach\u00e9es sont soumises \u00e0 des tests rigoureux pour garantir leur fiabilit\u00e9, leur efficacit\u00e9 et leur dur\u00e9e de vie prolong\u00e9e.<\/p>\n<p>Nos produits se distinguent par leur remarquable durabilit\u00e9. Fabriqu\u00e9s \u00e0 partir de mat\u00e9riaux de haute qualit\u00e9 et soumis \u00e0 des mesures rigoureuses de contr\u00f4le de la qualit\u00e9, nos pales de malaxeur, bras de malaxage et rev\u00eatements pr\u00e9sentent une r\u00e9sistance exceptionnelle \u00e0 l'usure et \u00e0 la d\u00e9chirure. Cette long\u00e9vit\u00e9 se traduit par des temps d'arr\u00eat r\u00e9duits, des co\u00fbts de maintenance moindres et une fonctionnalit\u00e9 optimale, ce qui renforce notre engagement \u00e0 offrir de la valeur \u00e0 nos clients.<\/p>\n<p>En outre, notre engagement va au-del\u00e0 de l'excellence des produits. Nous donnons la priorit\u00e9 \u00e0 la satisfaction de nos clients en garantissant des transactions fluides, des livraisons dans les d\u00e9lais et une assistance client\u00e8le r\u00e9active. Lorsque vous choisissez les composants de notre m\u00e9langeur \u00e0 deux arbres Calong CL-1000, vous investissez dans un partenariat fiable qui va au-del\u00e0 de la vente de produits.<\/p>\n<p>Que vous recherchiez des pi\u00e8ces de rechange d'origine ou que vous exploriez les solutions du march\u00e9 secondaire, nos pales, bras de malaxage et rev\u00eatements de malaxeur \u00e0 deux arbres Calong CL-1000 sont des parangons de qualit\u00e9, de pr\u00e9cision et de durabilit\u00e9. D\u00e9couvrez la diff\u00e9rence que l'engagement pour l'excellence fait dans le domaine des composants de malaxage du b\u00e9ton.<\/p>","protected":false},"excerpt":{"rendered":"<table style=\"font-size: 16px;font-style: normal\" width=\"1249\">\n<tbody>\n<tr>\n<td colspan=\"6\" width=\"1249\"><b>Mod\u00e8les :<\/b><i>CaLong CL-1000<\/i><\/td>\n<\/tr>\n<\/tbody>\n<\/table>","protected":false},"featured_media":1795,"template":"","meta":{"_uag_custom_page_level_css":"","site-sidebar-layout":"default","site-content-layout":"","ast-site-content-layout":"default","site-content-style":"default","site-sidebar-style":"default","ast-global-header-display":"","ast-banner-title-visibility":"","ast-main-header-display":"","ast-hfb-above-header-display":"","ast-hfb-below-header-display":"","ast-hfb-mobile-header-display":"","site-post-title":"","ast-breadcrumbs-content":"","ast-featured-img":"","footer-sml-layout":"","ast-disable-related-posts":"","theme-transparent-header-meta":"default","adv-header-id-meta":"","stick-header-meta":"default","header-above-stick-meta":"","header-main-stick-meta":"","header-below-stick-meta":"","astra-migrate-meta-layouts":"set","ast-page-background-enabled":"default","ast-page-background-meta":{"desktop":{"background-color":"var(--ast-global-color-4)","background-image":"","background-repeat":"repeat","background-position":"center center","background-size":"auto","background-attachment":"scroll","background-type":"","background-media":"","overlay-type":"","overlay-color":"","overlay-opacity":"","overlay-gradient":""},"tablet":{"background-color":"","background-image":"","background-repeat":"repeat","background-position":"center center","background-size":"auto","background-attachment":"scroll","background-type":"","background-media":"","overlay-type":"","overlay-color":"","overlay-opacity":"","overlay-gradient":""},"mobile":{"background-color":"","background-image":"","background-repeat":"repeat","background-position":"center center","background-size":"auto","background-attachment":"scroll","background-type":"","background-media":"","overlay-type":"","overlay-color":"","overlay-opacity":"","overlay-gradient":""}},"ast-content-background-meta":{"desktop":{"background-color":"var(--ast-global-color-5)","background-image":"","background-repeat":"repeat","background-position":"center center","background-size":"auto","background-attachment":"scroll","background-type":"","background-media":"","overlay-type":"","overlay-color":"","overlay-opacity":"","overlay-gradient":""},"tablet":{"background-color":"var(--ast-global-color-5)","background-image":"","background-repeat":"repeat","background-position":"center center","background-size":"auto","background-attachment":"scroll","background-type":"","background-media":"","overlay-type":"","overlay-color":"","overlay-opacity":"","overlay-gradient":""},"mobile":{"background-color":"var(--ast-global-color-5)","background-image":"","background-repeat":"repeat","background-position":"center center","background-size":"auto","background-attachment":"scroll","background-type":"","background-media":"","overlay-type":"","overlay-color":"","overlay-opacity":"","overlay-gradient":""}}},"product_brand":[],"product_cat":[274,82],"product_tag":[267,268,269],"class_list":{"0":"post-1790","1":"product","2":"type-product","3":"status-publish","4":"has-post-thumbnail","6":"product_cat-calong","7":"product_cat-asphalt-mixer-parts","8":"product_tag-asphalt","9":"product_tag-blade","10":"product_tag-mixing-arm","11":"desktop-align-left","12":"tablet-align-left","13":"mobile-align-left","14":"ast-product-gallery-layout-horizontal-slider","15":"ast-product-single-variable","16":"ast-product-tabs-layout-horizontal","18":"first","19":"instock","20":"shipping-taxable","21":"purchasable","22":"product-type-variable"},"yoast_head":"<!-- This site is optimized with the Yoast SEO plugin v27.4 - https:\/\/yoast.com\/product\/yoast-seo-wordpress\/ -->\n<title>Calong CL-1000 Mixer And Parts - Crusher parts, Slurry Pump Parts, Excavator shovel parts<\/title>\n<meta name=\"description\" content=\"Calong CL-1000 twin-shaft mixer blades, mixing arms, and liners: Original replacements with unparalleled wear resistance, ensuring lasting performance\" \/>\n<meta name=\"robots\" content=\"index, follow, max-snippet:-1, max-image-preview:large, max-video-preview:-1\" \/>\n<link rel=\"canonical\" href=\"https:\/\/miningspareparts.com\/fr\/produit\/calong-cl-1000-mixer-and-parts\/\" \/>\n<meta property=\"og:locale\" content=\"fr_FR\" \/>\n<meta property=\"og:type\" content=\"article\" \/>\n<meta property=\"og:title\" content=\"Calong CL-1000 Mixer And Parts - Crusher parts, Slurry Pump Parts, Excavator shovel parts\" \/>\n<meta property=\"og:description\" content=\"Calong CL-1000 twin-shaft mixer blades, mixing arms, and liners: Original replacements with unparalleled wear resistance, ensuring lasting performance\" \/>\n<meta property=\"og:url\" content=\"https:\/\/miningspareparts.com\/fr\/produit\/calong-cl-1000-mixer-and-parts\/\" \/>\n<meta property=\"og:site_name\" content=\"Crusher parts, Slurry Pump Parts, Excavator shovel parts\" \/>\n<meta property=\"article:modified_time\" content=\"2024-01-16T08:23:16+00:00\" \/>\n<meta property=\"og:image\" content=\"https:\/\/miningspareparts.com\/wp-content\/uploads\/2023\/12\/calong-1500-stojka-v-sbore-1.jpg\" \/>\n\t<meta property=\"og:image:width\" content=\"1417\" \/>\n\t<meta property=\"og:image:height\" content=\"1417\" \/>\n\t<meta property=\"og:image:type\" content=\"image\/jpeg\" \/>\n<meta name=\"twitter:card\" content=\"summary_large_image\" \/>\n<meta name=\"twitter:label1\" content=\"Dur\u00e9e de lecture estim\u00e9e\" \/>\n\t<meta name=\"twitter:data1\" content=\"2 minutes\" \/>\n<script type=\"application\/ld+json\" class=\"yoast-schema-graph\">{\"@context\":\"https:\\\/\\\/schema.org\",\"@graph\":[{\"@type\":\"WebPage\",\"@id\":\"https:\\\/\\\/miningspareparts.com\\\/product\\\/calong-cl-1000-mixer-and-parts\\\/\",\"url\":\"https:\\\/\\\/miningspareparts.com\\\/product\\\/calong-cl-1000-mixer-and-parts\\\/\",\"name\":\"Calong CL-1000 Mixer And Parts - Crusher parts, Slurry Pump Parts, Excavator shovel parts\",\"isPartOf\":{\"@id\":\"https:\\\/\\\/miningspareparts.com\\\/#website\"},\"primaryImageOfPage\":{\"@id\":\"https:\\\/\\\/miningspareparts.com\\\/product\\\/calong-cl-1000-mixer-and-parts\\\/#primaryimage\"},\"image\":{\"@id\":\"https:\\\/\\\/miningspareparts.com\\\/product\\\/calong-cl-1000-mixer-and-parts\\\/#primaryimage\"},\"thumbnailUrl\":\"https:\\\/\\\/miningspareparts.com\\\/wp-content\\\/uploads\\\/2023\\\/12\\\/calong-1500-stojka-v-sbore-1.jpg\",\"datePublished\":\"2023-12-25T03:13:33+00:00\",\"dateModified\":\"2024-01-16T08:23:16+00:00\",\"description\":\"Calong CL-1000 twin-shaft mixer blades, mixing arms, and liners: Original replacements with unparalleled wear resistance, ensuring lasting performance\",\"breadcrumb\":{\"@id\":\"https:\\\/\\\/miningspareparts.com\\\/product\\\/calong-cl-1000-mixer-and-parts\\\/#breadcrumb\"},\"inLanguage\":\"fr-FR\",\"potentialAction\":[{\"@type\":\"ReadAction\",\"target\":[\"https:\\\/\\\/miningspareparts.com\\\/product\\\/calong-cl-1000-mixer-and-parts\\\/\"]}]},{\"@type\":\"ImageObject\",\"inLanguage\":\"fr-FR\",\"@id\":\"https:\\\/\\\/miningspareparts.com\\\/product\\\/calong-cl-1000-mixer-and-parts\\\/#primaryimage\",\"url\":\"https:\\\/\\\/miningspareparts.com\\\/wp-content\\\/uploads\\\/2023\\\/12\\\/calong-1500-stojka-v-sbore-1.jpg\",\"contentUrl\":\"https:\\\/\\\/miningspareparts.com\\\/wp-content\\\/uploads\\\/2023\\\/12\\\/calong-1500-stojka-v-sbore-1.jpg\",\"width\":1417,\"height\":1417,\"caption\":\"asphalt Calong CL-1200 Mixer And Parts mixing arm\"},{\"@type\":\"BreadcrumbList\",\"@id\":\"https:\\\/\\\/miningspareparts.com\\\/product\\\/calong-cl-1000-mixer-and-parts\\\/#breadcrumb\",\"itemListElement\":[{\"@type\":\"ListItem\",\"position\":1,\"name\":\"Home\",\"item\":\"https:\\\/\\\/miningspareparts.com\\\/\"},{\"@type\":\"ListItem\",\"position\":2,\"name\":\"Premium Mining Wear And Spare Parts\",\"item\":\"https:\\\/\\\/miningspareparts.com\\\/shop\\\/\"},{\"@type\":\"ListItem\",\"position\":3,\"name\":\"Calong CL-1000 Mixer And Parts\"}]},{\"@type\":\"WebSite\",\"@id\":\"https:\\\/\\\/miningspareparts.com\\\/#website\",\"url\":\"https:\\\/\\\/miningspareparts.com\\\/\",\"name\":\"Crusher parts , Concrete Mixer Parts, Slurry Pump Parts, Mining Spares\",\"description\":\"Mining Wear &amp; Spare Parts Supplier\",\"publisher\":{\"@id\":\"https:\\\/\\\/miningspareparts.com\\\/#organization\"},\"potentialAction\":[{\"@type\":\"SearchAction\",\"target\":{\"@type\":\"EntryPoint\",\"urlTemplate\":\"https:\\\/\\\/miningspareparts.com\\\/?s={search_term_string}\"},\"query-input\":{\"@type\":\"PropertyValueSpecification\",\"valueRequired\":true,\"valueName\":\"search_term_string\"}}],\"inLanguage\":\"fr-FR\"},{\"@type\":\"Organization\",\"@id\":\"https:\\\/\\\/miningspareparts.com\\\/#organization\",\"name\":\"Crusher parts , Concrete Mixer Parts, Slurry Pump Parts, Mining Spares\",\"url\":\"https:\\\/\\\/miningspareparts.com\\\/\",\"logo\":{\"@type\":\"ImageObject\",\"inLanguage\":\"fr-FR\",\"@id\":\"https:\\\/\\\/miningspareparts.com\\\/#\\\/schema\\\/logo\\\/image\\\/\",\"url\":\"https:\\\/\\\/miningspareparts.com\\\/wp-content\\\/uploads\\\/2025\\\/04\\\/cropped-cropped-logo\u6b63\u65b9\u5f62.png\",\"contentUrl\":\"https:\\\/\\\/miningspareparts.com\\\/wp-content\\\/uploads\\\/2025\\\/04\\\/cropped-cropped-logo\u6b63\u65b9\u5f62.png\",\"width\":511,\"height\":171,\"caption\":\"Crusher parts , Concrete Mixer Parts, Slurry Pump Parts, Mining Spares\"},\"image\":{\"@id\":\"https:\\\/\\\/miningspareparts.com\\\/#\\\/schema\\\/logo\\\/image\\\/\"}}]}<\/script>\n<!-- \/ Yoast SEO plugin. -->","yoast_head_json":{"title":"Calong CL-1000 Mixer And Parts - Crusher parts, Slurry Pump Parts, Excavator shovel parts","description":"Calong CL-1000 twin-shaft mixer blades, mixing arms, and liners: Original replacements with unparalleled wear resistance, ensuring lasting performance","robots":{"index":"index","follow":"follow","max-snippet":"max-snippet:-1","max-image-preview":"max-image-preview:large","max-video-preview":"max-video-preview:-1"},"canonical":"https:\/\/miningspareparts.com\/fr\/produit\/calong-cl-1000-mixer-and-parts\/","og_locale":"fr_FR","og_type":"article","og_title":"Calong CL-1000 Mixer And Parts - Crusher parts, Slurry Pump Parts, Excavator shovel parts","og_description":"Calong CL-1000 twin-shaft mixer blades, mixing arms, and liners: Original replacements with unparalleled wear resistance, ensuring lasting performance","og_url":"https:\/\/miningspareparts.com\/fr\/produit\/calong-cl-1000-mixer-and-parts\/","og_site_name":"Crusher parts, Slurry Pump Parts, Excavator shovel parts","article_modified_time":"2024-01-16T08:23:16+00:00","og_image":[{"width":1417,"height":1417,"url":"https:\/\/miningspareparts.com\/wp-content\/uploads\/2023\/12\/calong-1500-stojka-v-sbore-1.jpg","type":"image\/jpeg"}],"twitter_card":"summary_large_image","twitter_misc":{"Dur\u00e9e de lecture estim\u00e9e":"2 minutes"},"schema":{"@context":"https:\/\/schema.org","@graph":[{"@type":"WebPage","@id":"https:\/\/miningspareparts.com\/product\/calong-cl-1000-mixer-and-parts\/","url":"https:\/\/miningspareparts.com\/product\/calong-cl-1000-mixer-and-parts\/","name":"Calong CL-1000 Mixer And Parts - Crusher parts, Slurry Pump Parts, Excavator shovel parts","isPartOf":{"@id":"https:\/\/miningspareparts.com\/#website"},"primaryImageOfPage":{"@id":"https:\/\/miningspareparts.com\/product\/calong-cl-1000-mixer-and-parts\/#primaryimage"},"image":{"@id":"https:\/\/miningspareparts.com\/product\/calong-cl-1000-mixer-and-parts\/#primaryimage"},"thumbnailUrl":"https:\/\/miningspareparts.com\/wp-content\/uploads\/2023\/12\/calong-1500-stojka-v-sbore-1.jpg","datePublished":"2023-12-25T03:13:33+00:00","dateModified":"2024-01-16T08:23:16+00:00","description":"Calong CL-1000 twin-shaft mixer blades, mixing arms, and liners: Original replacements with unparalleled wear resistance, ensuring lasting performance","breadcrumb":{"@id":"https:\/\/miningspareparts.com\/product\/calong-cl-1000-mixer-and-parts\/#breadcrumb"},"inLanguage":"fr-FR","potentialAction":[{"@type":"ReadAction","target":["https:\/\/miningspareparts.com\/product\/calong-cl-1000-mixer-and-parts\/"]}]},{"@type":"ImageObject","inLanguage":"fr-FR","@id":"https:\/\/miningspareparts.com\/product\/calong-cl-1000-mixer-and-parts\/#primaryimage","url":"https:\/\/miningspareparts.com\/wp-content\/uploads\/2023\/12\/calong-1500-stojka-v-sbore-1.jpg","contentUrl":"https:\/\/miningspareparts.com\/wp-content\/uploads\/2023\/12\/calong-1500-stojka-v-sbore-1.jpg","width":1417,"height":1417,"caption":"asphalt Calong CL-1200 Mixer And Parts mixing arm"},{"@type":"BreadcrumbList","@id":"https:\/\/miningspareparts.com\/product\/calong-cl-1000-mixer-and-parts\/#breadcrumb","itemListElement":[{"@type":"ListItem","position":1,"name":"Home","item":"https:\/\/miningspareparts.com\/"},{"@type":"ListItem","position":2,"name":"Premium Mining Wear And Spare Parts","item":"https:\/\/miningspareparts.com\/shop\/"},{"@type":"ListItem","position":3,"name":"Calong CL-1000 Mixer And Parts"}]},{"@type":"WebSite","@id":"https:\/\/miningspareparts.com\/#website","url":"https:\/\/miningspareparts.com\/","name":"Crusher parts , Concrete Mixer Parts, Slurry Pump Parts, Mining Spares","description":"Mining Wear &amp; Spare Parts Supplier","publisher":{"@id":"https:\/\/miningspareparts.com\/#organization"},"potentialAction":[{"@type":"SearchAction","target":{"@type":"EntryPoint","urlTemplate":"https:\/\/miningspareparts.com\/?s={search_term_string}"},"query-input":{"@type":"PropertyValueSpecification","valueRequired":true,"valueName":"search_term_string"}}],"inLanguage":"fr-FR"},{"@type":"Organization","@id":"https:\/\/miningspareparts.com\/#organization","name":"Crusher parts , Concrete Mixer Parts, Slurry Pump Parts, Mining Spares","url":"https:\/\/miningspareparts.com\/","logo":{"@type":"ImageObject","inLanguage":"fr-FR","@id":"https:\/\/miningspareparts.com\/#\/schema\/logo\/image\/","url":"https:\/\/miningspareparts.com\/wp-content\/uploads\/2025\/04\/cropped-cropped-logo\u6b63\u65b9\u5f62.png","contentUrl":"https:\/\/miningspareparts.com\/wp-content\/uploads\/2025\/04\/cropped-cropped-logo\u6b63\u65b9\u5f62.png","width":511,"height":171,"caption":"Crusher parts , Concrete Mixer Parts, Slurry Pump Parts, Mining Spares"},"image":{"@id":"https:\/\/miningspareparts.com\/#\/schema\/logo\/image\/"}}]}},"uagb_featured_image_src":{"full":["https:\/\/miningspareparts.com\/wp-content\/uploads\/2023\/12\/calong-1500-stojka-v-sbore-1.jpg",1417,1417,false],"thumbnail":["https:\/\/miningspareparts.com\/wp-content\/uploads\/2023\/12\/calong-1500-stojka-v-sbore-1-150x150.jpg",150,150,true],"medium":["https:\/\/miningspareparts.com\/wp-content\/uploads\/2023\/12\/calong-1500-stojka-v-sbore-1-300x300.jpg",300,300,true],"medium_large":["https:\/\/miningspareparts.com\/wp-content\/uploads\/2023\/12\/calong-1500-stojka-v-sbore-1-768x768.jpg",768,768,true],"large":["https:\/\/miningspareparts.com\/wp-content\/uploads\/2023\/12\/calong-1500-stojka-v-sbore-1-1024x1024.jpg",1024,1024,true],"1536x1536":["https:\/\/miningspareparts.com\/wp-content\/uploads\/2023\/12\/calong-1500-stojka-v-sbore-1.jpg",1417,1417,false],"2048x2048":["https:\/\/miningspareparts.com\/wp-content\/uploads\/2023\/12\/calong-1500-stojka-v-sbore-1.jpg",1417,1417,false],"trp-custom-language-flag":["https:\/\/miningspareparts.com\/wp-content\/uploads\/2023\/12\/calong-1500-stojka-v-sbore-1.jpg",12,12,false],"woocommerce_thumbnail":["https:\/\/miningspareparts.com\/wp-content\/uploads\/2023\/12\/calong-1500-stojka-v-sbore-1-300x300.jpg",300,300,true],"woocommerce_single":["https:\/\/miningspareparts.com\/wp-content\/uploads\/2023\/12\/calong-1500-stojka-v-sbore-1-600x600.jpg",600,600,true],"woocommerce_gallery_thumbnail":["https:\/\/miningspareparts.com\/wp-content\/uploads\/2023\/12\/calong-1500-stojka-v-sbore-1-100x100.jpg",100,100,true]},"uagb_author_info":{"display_name":"Miningspareparts","author_link":"https:\/\/miningspareparts.com\/fr\/author\/"},"uagb_comment_info":0,"uagb_excerpt":"Models:CaLong CL-1000","_links":{"self":[{"href":"https:\/\/miningspareparts.com\/fr\/wp-json\/wp\/v2\/product\/1790","targetHints":{"allow":["GET"]}}],"collection":[{"href":"https:\/\/miningspareparts.com\/fr\/wp-json\/wp\/v2\/product"}],"about":[{"href":"https:\/\/miningspareparts.com\/fr\/wp-json\/wp\/v2\/types\/product"}],"wp:featuredmedia":[{"embeddable":true,"href":"https:\/\/miningspareparts.com\/fr\/wp-json\/wp\/v2\/media\/1795"}],"wp:attachment":[{"href":"https:\/\/miningspareparts.com\/fr\/wp-json\/wp\/v2\/media?parent=1790"}],"wp:term":[{"taxonomy":"product_brand","embeddable":true,"href":"https:\/\/miningspareparts.com\/fr\/wp-json\/wp\/v2\/product_brand?post=1790"},{"taxonomy":"product_cat","embeddable":true,"href":"https:\/\/miningspareparts.com\/fr\/wp-json\/wp\/v2\/product_cat?post=1790"},{"taxonomy":"product_tag","embeddable":true,"href":"https:\/\/miningspareparts.com\/fr\/wp-json\/wp\/v2\/product_tag?post=1790"}],"curies":[{"name":"wp","href":"https:\/\/api.w.org\/{rel}","templated":true}]}}