{"id":1792,"date":"2023-12-25T03:20:48","date_gmt":"2023-12-25T03:20:48","guid":{"rendered":"https:\/\/miningspareparts.com\/?post_type=product&#038;p=1792"},"modified":"2024-01-16T08:21:50","modified_gmt":"2024-01-16T08:21:50","slug":"calong-cl-2000-mixer-and-parts","status":"publish","type":"product","link":"https:\/\/miningspareparts.com\/fr\/produit\/calong-cl-2000-mixer-and-parts\/","title":{"rendered":"M\u00e9langeur Calong CL-2000 et pi\u00e8ces d\u00e9tach\u00e9es"},"content":{"rendered":"<p><strong>Voici une description du mixeur Calong CL-2000 et de ses pi\u00e8ces d\u00e9tach\u00e9es<\/strong><\/p>\n<table width=\"1369\">\n<tbody>\n<tr>\n<td colspan=\"6\" width=\"1369\">Mod\u00e8les:CA-Long CL-2000<\/td>\n<\/tr>\n<tr>\n<td><\/td>\n<td width=\"149\">POSITION<\/td>\n<td width=\"249\">CODE DE L'\u00c9L\u00c9MENT<\/td>\n<td width=\"285\">CAT\u00c9GORIE<\/td>\n<td width=\"258\">QT\u00c9\/SET<\/td>\n<td width=\"258\">POIDS NET<\/td>\n<\/tr>\n<tr>\n<td rowspan=\"4\" width=\"170\">Bras et conseils<\/td>\n<td width=\"149\">1<\/td>\n<td width=\"249\">CL2000.15.25<\/td>\n<td width=\"285\">Bras de m\u00e9lange invers\u00e9<\/td>\n<td width=\"258\">4<\/td>\n<td>30<\/td>\n<\/tr>\n<tr>\n<td width=\"149\">2<\/td>\n<td width=\"249\">CL2000.15.26<\/td>\n<td width=\"285\">Bras de m\u00e9lange positif<\/td>\n<td width=\"258\">12<\/td>\n<td>30<\/td>\n<\/tr>\n<tr>\n<td width=\"149\">3<\/td>\n<td width=\"249\">CL2000.15.27<\/td>\n<td width=\"285\">\u00a0Conseil de m\u00e9lange<\/td>\n<td width=\"258\">16<\/td>\n<td>8<\/td>\n<\/tr>\n<tr>\n<td width=\"149\">4<\/td>\n<td width=\"249\">CL2000.15.38<\/td>\n<td width=\"285\">Pince pour bras de m\u00e9lange<\/td>\n<td width=\"258\">12<\/td>\n<td>16<\/td>\n<\/tr>\n<tr>\n<td>Doublures<\/td>\n<td><\/td>\n<td><\/td>\n<td>Doublures dans le m\u00e9langeur (64 pi\u00e8ces incluses)<\/td>\n<td><\/td>\n<td><\/td>\n<\/tr>\n<tr>\n<td rowspan=\"4\" width=\"170\">Rev\u00eatement mural<\/td>\n<td width=\"149\">1<\/td>\n<td>CL2000.15.33<\/td>\n<td width=\"285\">Arc Liner 1<\/td>\n<td width=\"258\">14<\/td>\n<td>12<\/td>\n<\/tr>\n<tr>\n<td width=\"149\">2<\/td>\n<td width=\"249\">\u00a0CL2000.15.35<\/td>\n<td width=\"285\">Arc Liner 2<\/td>\n<td width=\"258\">14<\/td>\n<td>16.5<\/td>\n<\/tr>\n<tr>\n<td width=\"149\">3<\/td>\n<td width=\"249\">CL2000.15.36<\/td>\n<td width=\"285\">Doublure lat\u00e9rale 1<\/td>\n<td width=\"258\">4<\/td>\n<td>11<\/td>\n<\/tr>\n<tr>\n<td width=\"149\">4<\/td>\n<td width=\"249\">CL2000.15.37<\/td>\n<td width=\"285\">Doublure lat\u00e9rale 2<\/td>\n<td width=\"258\">2<\/td>\n<td>16.5<\/td>\n<\/tr>\n<tr>\n<td width=\"170\"><\/td>\n<td width=\"149\"><\/td>\n<td width=\"249\">CL2000.15.32<\/td>\n<td width=\"285\">Doublure inf\u00e9rieure<\/td>\n<td width=\"258\">14<\/td>\n<td>7<\/td>\n<\/tr>\n<tr>\n<td rowspan=\"3\" width=\"170\">Doublure d'extr\u00e9mit\u00e9<\/td>\n<td width=\"149\">6<\/td>\n<td width=\"249\">CL2000.15.30<\/td>\n<td width=\"285\">Rev\u00eatement d'extr\u00e9mit\u00e9 I<\/td>\n<td width=\"258\">8<\/td>\n<td>26<\/td>\n<\/tr>\n<tr>\n<td width=\"149\">7<\/td>\n<td width=\"249\">CL2000.15.31<\/td>\n<td width=\"285\">End Liner II<\/td>\n<td width=\"258\">4<\/td>\n<td>23<\/td>\n<\/tr>\n<tr>\n<td width=\"149\">8<\/td>\n<td width=\"249\">CL2000.15.34<\/td>\n<td width=\"285\">End Liner III<\/td>\n<td width=\"258\">4<\/td>\n<td>22.5<\/td>\n<\/tr>\n<tr>\n<td>Filtre \u00e0 poussi\u00e8re<\/td>\n<td><\/td>\n<td><\/td>\n<td><\/td>\n<td><\/td>\n<td><\/td>\n<\/tr>\n<\/tbody>\n<\/table>\n<p><img fetchpriority=\"high\" decoding=\"async\" class=\"wp-image-3550 alignleft\" src=\"https:\/\/miningspareparts.com\/wp-content\/uploads\/2024\/01\/Mixer-And-Wear-Parts1-239x300.webp\" alt=\"\" width=\"498\" height=\"625\" srcset=\"https:\/\/miningspareparts.com\/wp-content\/uploads\/2024\/01\/Mixer-And-Wear-Parts1-239x300.webp 239w, https:\/\/miningspareparts.com\/wp-content\/uploads\/2024\/01\/Mixer-And-Wear-Parts1-817x1024.webp 817w, https:\/\/miningspareparts.com\/wp-content\/uploads\/2024\/01\/Mixer-And-Wear-Parts1-768x963.webp 768w, https:\/\/miningspareparts.com\/wp-content\/uploads\/2024\/01\/Mixer-And-Wear-Parts1-1226x1536.webp 1226w, https:\/\/miningspareparts.com\/wp-content\/uploads\/2024\/01\/Mixer-And-Wear-Parts1-1634x2048.webp 1634w, https:\/\/miningspareparts.com\/wp-content\/uploads\/2024\/01\/Mixer-And-Wear-Parts1-600x752.webp 600w, https:\/\/miningspareparts.com\/wp-content\/uploads\/2024\/01\/Mixer-And-Wear-Parts1.webp 2037w\" sizes=\"(max-width: 498px) 100vw, 498px\" \/><span style=\"font-size: 16px\">\u00a0<\/span><img decoding=\"async\" class=\"wp-image-3551 alignnone\" style=\"font-weight: inherit\" src=\"https:\/\/miningspareparts.com\/wp-content\/uploads\/2024\/01\/Mixer-And-Wear-Parts2-210x300.webp\" alt=\"\" width=\"454\" height=\"649\" srcset=\"https:\/\/miningspareparts.com\/wp-content\/uploads\/2024\/01\/Mixer-And-Wear-Parts2-210x300.webp 210w, https:\/\/miningspareparts.com\/wp-content\/uploads\/2024\/01\/Mixer-And-Wear-Parts2-600x856.webp 600w\" sizes=\"(max-width: 454px) 100vw, 454px\" \/><\/p>\n<p>Les pales, les bras de m\u00e9lange et les rev\u00eatements du m\u00e9langeur \u00e0 deux arbres Calong CL-2000 incarnent l'excellence. En tant que fabricant d'origine, nous assurons un remplacement sans faille, une durabilit\u00e9 et une assistance apr\u00e8s-vente. Notre engagement en faveur d'une ing\u00e9nierie de pr\u00e9cision se traduit par des composants qui t\u00e9moignent de la qualit\u00e9 et de la fiabilit\u00e9.<\/p>\n<p>Original Replacement Assurance :<br \/>\nNos produits sont con\u00e7us comme des remplacements directs, pr\u00e9servant l'int\u00e9grit\u00e9 de votre m\u00e9langeur \u00e0 deux arbres Calong CL-2000. Gr\u00e2ce \u00e0 des dimensions et des mat\u00e9riaux pr\u00e9cis, nos composants s'int\u00e8grent parfaitement, garantissant des performances et une long\u00e9vit\u00e9 optimales. Cet engagement d'authenticit\u00e9 garantit l'efficacit\u00e9 et la dur\u00e9e de vie de votre \u00e9quipement.<\/p>\n<p>Excellence du march\u00e9 de l'apr\u00e8s-vente :<br \/>\nAu-del\u00e0 des remplacements d'origine, notre support apr\u00e8s-vente est in\u00e9gal\u00e9. Nous fournissons des solutions compl\u00e8tes, r\u00e9pondant aux besoins \u00e9volutifs de l'industrie. Notre engagement s'\u00e9tend \u00e0 l'am\u00e9lioration continue et \u00e0 l'innovation, en proposant des mises \u00e0 niveau et des am\u00e9liorations qui permettent \u00e0 votre Calong CL-2000 de rester \u00e0 la pointe de l'efficacit\u00e9 et de la technologie.<\/p>\n<p>Ing\u00e9nierie durable :<br \/>\nLa durabilit\u00e9 est au c\u0153ur de notre philosophie de fabrication. Nous utilisons des mat\u00e9riaux de haute qualit\u00e9, des processus avanc\u00e9s et des mesures strictes de contr\u00f4le de la qualit\u00e9 pour cr\u00e9er des composants qui r\u00e9sistent aux rigueurs des op\u00e9rations de m\u00e9lange intensives. Nos pales, bras de malaxage et rev\u00eatements pr\u00e9sentent une r\u00e9sistance \u00e0 l'usure exceptionnelle, ce qui minimise les temps d'arr\u00eat et les co\u00fbts de maintenance.<\/p>\n<p>Artisanat et expertise :<br \/>\nS'appuyant sur des ann\u00e9es d'expertise industrielle, notre \u00e9quipe d'ing\u00e9nieurs et de techniciens qualifi\u00e9s veille \u00e0 ce que chaque composant r\u00e9ponde aux normes les plus strictes. De la s\u00e9lection des mat\u00e9riaux \u00e0 l'usinage de pr\u00e9cision, notre engagement envers le savoir-faire est \u00e9vident dans chaque pale, bras de m\u00e9lange et rev\u00eatement du m\u00e9langeur \u00e0 deux arbres Calong CL-2000.<\/p>\n<p>Responsabilit\u00e9 environnementale :<br \/>\nOutre la performance, nous donnons la priorit\u00e9 \u00e0 la durabilit\u00e9 environnementale. Nos processus de fabrication respectent des pratiques \u00e9cologiques, refl\u00e9tant notre engagement pour un avenir plus vert et plus durable.<\/p>\n<p>Choisissez Calong comme partenaire fiable pour am\u00e9liorer les performances et la durabilit\u00e9 de votre m\u00e9langeur \u00e0 deux arbres. Nos composants ne se contentent pas de r\u00e9pondre aux attentes, mais les d\u00e9passent, ce qui fait de nous le choix privil\u00e9gi\u00e9 de l'industrie.<\/p>","protected":false},"excerpt":{"rendered":"<table style=\"font-size: 16px;font-style: normal\" width=\"1249\">\n<tbody>\n<tr>\n<td colspan=\"6\" width=\"1249\"><b>Mod\u00e8les :<\/b><i>CaLong CL-2000<\/i><\/td>\n<\/tr>\n<\/tbody>\n<\/table>","protected":false},"featured_media":1542,"template":"","meta":{"_uag_custom_page_level_css":"","site-sidebar-layout":"default","site-content-layout":"","ast-site-content-layout":"default","site-content-style":"default","site-sidebar-style":"default","ast-global-header-display":"","ast-banner-title-visibility":"","ast-main-header-display":"","ast-hfb-above-header-display":"","ast-hfb-below-header-display":"","ast-hfb-mobile-header-display":"","site-post-title":"","ast-breadcrumbs-content":"","ast-featured-img":"","footer-sml-layout":"","ast-disable-related-posts":"","theme-transparent-header-meta":"default","adv-header-id-meta":"","stick-header-meta":"default","header-above-stick-meta":"","header-main-stick-meta":"","header-below-stick-meta":"","astra-migrate-meta-layouts":"set","ast-page-background-enabled":"default","ast-page-background-meta":{"desktop":{"background-color":"var(--ast-global-color-4)","background-image":"","background-repeat":"repeat","background-position":"center center","background-size":"auto","background-attachment":"scroll","background-type":"","background-media":"","overlay-type":"","overlay-color":"","overlay-opacity":"","overlay-gradient":""},"tablet":{"background-color":"","background-image":"","background-repeat":"repeat","background-position":"center center","background-size":"auto","background-attachment":"scroll","background-type":"","background-media":"","overlay-type":"","overlay-color":"","overlay-opacity":"","overlay-gradient":""},"mobile":{"background-color":"","background-image":"","background-repeat":"repeat","background-position":"center center","background-size":"auto","background-attachment":"scroll","background-type":"","background-media":"","overlay-type":"","overlay-color":"","overlay-opacity":"","overlay-gradient":""}},"ast-content-background-meta":{"desktop":{"background-color":"var(--ast-global-color-5)","background-image":"","background-repeat":"repeat","background-position":"center center","background-size":"auto","background-attachment":"scroll","background-type":"","background-media":"","overlay-type":"","overlay-color":"","overlay-opacity":"","overlay-gradient":""},"tablet":{"background-color":"var(--ast-global-color-5)","background-image":"","background-repeat":"repeat","background-position":"center center","background-size":"auto","background-attachment":"scroll","background-type":"","background-media":"","overlay-type":"","overlay-color":"","overlay-opacity":"","overlay-gradient":""},"mobile":{"background-color":"var(--ast-global-color-5)","background-image":"","background-repeat":"repeat","background-position":"center center","background-size":"auto","background-attachment":"scroll","background-type":"","background-media":"","overlay-type":"","overlay-color":"","overlay-opacity":"","overlay-gradient":""}}},"product_brand":[],"product_cat":[274,82],"product_tag":[267,268,269],"class_list":{"0":"post-1792","1":"product","2":"type-product","3":"status-publish","4":"has-post-thumbnail","6":"product_cat-calong","7":"product_cat-asphalt-mixer-parts","8":"product_tag-asphalt","9":"product_tag-blade","10":"product_tag-mixing-arm","11":"desktop-align-left","12":"tablet-align-left","13":"mobile-align-left","14":"ast-product-gallery-layout-horizontal-slider","15":"ast-product-single-variable","16":"ast-product-tabs-layout-horizontal","18":"first","19":"instock","20":"shipping-taxable","21":"purchasable","22":"product-type-variable"},"yoast_head":"<!-- This site is optimized with the Yoast SEO plugin v27.4 - https:\/\/yoast.com\/product\/yoast-seo-wordpress\/ -->\n<title>Calong CL-2000 Mixer And Parts - Crusher parts, Slurry Pump Parts, Excavator shovel parts<\/title>\n<meta name=\"description\" content=\"Calong CL-2000 twin-shaft mixer blades, mixing arms, and liners: Original replacements with unbeatable wear resistance, ensuring durability\" \/>\n<meta name=\"robots\" content=\"index, follow, max-snippet:-1, max-image-preview:large, max-video-preview:-1\" \/>\n<link rel=\"canonical\" href=\"https:\/\/miningspareparts.com\/fr\/produit\/calong-cl-2000-mixer-and-parts\/\" \/>\n<meta property=\"og:locale\" content=\"fr_FR\" \/>\n<meta property=\"og:type\" content=\"article\" \/>\n<meta property=\"og:title\" content=\"Calong CL-2000 Mixer And Parts - Crusher parts, Slurry Pump Parts, Excavator shovel parts\" \/>\n<meta property=\"og:description\" content=\"Calong CL-2000 twin-shaft mixer blades, mixing arms, and liners: Original replacements with unbeatable wear resistance, ensuring durability\" \/>\n<meta property=\"og:url\" content=\"https:\/\/miningspareparts.com\/fr\/produit\/calong-cl-2000-mixer-and-parts\/\" \/>\n<meta property=\"og:site_name\" content=\"Crusher parts, Slurry Pump Parts, Excavator shovel parts\" \/>\n<meta property=\"article:modified_time\" content=\"2024-01-16T08:21:50+00:00\" \/>\n<meta property=\"og:image\" content=\"https:\/\/miningspareparts.com\/wp-content\/uploads\/2023\/12\/calong-1500-smesitel.jpg\" \/>\n\t<meta property=\"og:image:width\" content=\"1417\" \/>\n\t<meta property=\"og:image:height\" content=\"1417\" \/>\n\t<meta property=\"og:image:type\" content=\"image\/jpeg\" \/>\n<meta name=\"twitter:card\" content=\"summary_large_image\" \/>\n<meta name=\"twitter:label1\" content=\"Dur\u00e9e de lecture estim\u00e9e\" \/>\n\t<meta name=\"twitter:data1\" content=\"2 minutes\" \/>\n<script type=\"application\/ld+json\" class=\"yoast-schema-graph\">{\"@context\":\"https:\\\/\\\/schema.org\",\"@graph\":[{\"@type\":\"WebPage\",\"@id\":\"https:\\\/\\\/miningspareparts.com\\\/product\\\/calong-cl-2000-mixer-and-parts\\\/\",\"url\":\"https:\\\/\\\/miningspareparts.com\\\/product\\\/calong-cl-2000-mixer-and-parts\\\/\",\"name\":\"Calong CL-2000 Mixer And Parts - Crusher parts, Slurry Pump Parts, Excavator shovel parts\",\"isPartOf\":{\"@id\":\"https:\\\/\\\/miningspareparts.com\\\/#website\"},\"primaryImageOfPage\":{\"@id\":\"https:\\\/\\\/miningspareparts.com\\\/product\\\/calong-cl-2000-mixer-and-parts\\\/#primaryimage\"},\"image\":{\"@id\":\"https:\\\/\\\/miningspareparts.com\\\/product\\\/calong-cl-2000-mixer-and-parts\\\/#primaryimage\"},\"thumbnailUrl\":\"https:\\\/\\\/miningspareparts.com\\\/wp-content\\\/uploads\\\/2023\\\/12\\\/calong-1500-smesitel.jpg\",\"datePublished\":\"2023-12-25T03:20:48+00:00\",\"dateModified\":\"2024-01-16T08:21:50+00:00\",\"description\":\"Calong CL-2000 twin-shaft mixer blades, mixing arms, and liners: Original replacements with unbeatable wear resistance, ensuring durability\",\"breadcrumb\":{\"@id\":\"https:\\\/\\\/miningspareparts.com\\\/product\\\/calong-cl-2000-mixer-and-parts\\\/#breadcrumb\"},\"inLanguage\":\"fr-FR\",\"potentialAction\":[{\"@type\":\"ReadAction\",\"target\":[\"https:\\\/\\\/miningspareparts.com\\\/product\\\/calong-cl-2000-mixer-and-parts\\\/\"]}]},{\"@type\":\"ImageObject\",\"inLanguage\":\"fr-FR\",\"@id\":\"https:\\\/\\\/miningspareparts.com\\\/product\\\/calong-cl-2000-mixer-and-parts\\\/#primaryimage\",\"url\":\"https:\\\/\\\/miningspareparts.com\\\/wp-content\\\/uploads\\\/2023\\\/12\\\/calong-1500-smesitel.jpg\",\"contentUrl\":\"https:\\\/\\\/miningspareparts.com\\\/wp-content\\\/uploads\\\/2023\\\/12\\\/calong-1500-smesitel.jpg\",\"width\":1417,\"height\":1417,\"caption\":\"asphalt Ca-long 1500 Mixer And Parts\"},{\"@type\":\"BreadcrumbList\",\"@id\":\"https:\\\/\\\/miningspareparts.com\\\/product\\\/calong-cl-2000-mixer-and-parts\\\/#breadcrumb\",\"itemListElement\":[{\"@type\":\"ListItem\",\"position\":1,\"name\":\"Home\",\"item\":\"https:\\\/\\\/miningspareparts.com\\\/\"},{\"@type\":\"ListItem\",\"position\":2,\"name\":\"Premium Mining Wear And Spare Parts\",\"item\":\"https:\\\/\\\/miningspareparts.com\\\/shop\\\/\"},{\"@type\":\"ListItem\",\"position\":3,\"name\":\"Calong CL-2000 Mixer And Parts\"}]},{\"@type\":\"WebSite\",\"@id\":\"https:\\\/\\\/miningspareparts.com\\\/#website\",\"url\":\"https:\\\/\\\/miningspareparts.com\\\/\",\"name\":\"Crusher parts , Concrete Mixer Parts, Slurry Pump Parts, Mining Spares\",\"description\":\"Mining Wear &amp; Spare Parts Supplier\",\"publisher\":{\"@id\":\"https:\\\/\\\/miningspareparts.com\\\/#organization\"},\"potentialAction\":[{\"@type\":\"SearchAction\",\"target\":{\"@type\":\"EntryPoint\",\"urlTemplate\":\"https:\\\/\\\/miningspareparts.com\\\/?s={search_term_string}\"},\"query-input\":{\"@type\":\"PropertyValueSpecification\",\"valueRequired\":true,\"valueName\":\"search_term_string\"}}],\"inLanguage\":\"fr-FR\"},{\"@type\":\"Organization\",\"@id\":\"https:\\\/\\\/miningspareparts.com\\\/#organization\",\"name\":\"Crusher parts , Concrete Mixer Parts, Slurry Pump Parts, Mining Spares\",\"url\":\"https:\\\/\\\/miningspareparts.com\\\/\",\"logo\":{\"@type\":\"ImageObject\",\"inLanguage\":\"fr-FR\",\"@id\":\"https:\\\/\\\/miningspareparts.com\\\/#\\\/schema\\\/logo\\\/image\\\/\",\"url\":\"https:\\\/\\\/miningspareparts.com\\\/wp-content\\\/uploads\\\/2025\\\/04\\\/cropped-cropped-logo\u6b63\u65b9\u5f62.png\",\"contentUrl\":\"https:\\\/\\\/miningspareparts.com\\\/wp-content\\\/uploads\\\/2025\\\/04\\\/cropped-cropped-logo\u6b63\u65b9\u5f62.png\",\"width\":511,\"height\":171,\"caption\":\"Crusher parts , Concrete Mixer Parts, Slurry Pump Parts, Mining Spares\"},\"image\":{\"@id\":\"https:\\\/\\\/miningspareparts.com\\\/#\\\/schema\\\/logo\\\/image\\\/\"}}]}<\/script>\n<!-- \/ Yoast SEO plugin. -->","yoast_head_json":{"title":"Calong CL-2000 Mixer And Parts - Crusher parts, Slurry Pump Parts, Excavator shovel parts","description":"Calong CL-2000 twin-shaft mixer blades, mixing arms, and liners: Original replacements with unbeatable wear resistance, ensuring durability","robots":{"index":"index","follow":"follow","max-snippet":"max-snippet:-1","max-image-preview":"max-image-preview:large","max-video-preview":"max-video-preview:-1"},"canonical":"https:\/\/miningspareparts.com\/fr\/produit\/calong-cl-2000-mixer-and-parts\/","og_locale":"fr_FR","og_type":"article","og_title":"Calong CL-2000 Mixer And Parts - Crusher parts, Slurry Pump Parts, Excavator shovel parts","og_description":"Calong CL-2000 twin-shaft mixer blades, mixing arms, and liners: Original replacements with unbeatable wear resistance, ensuring durability","og_url":"https:\/\/miningspareparts.com\/fr\/produit\/calong-cl-2000-mixer-and-parts\/","og_site_name":"Crusher parts, Slurry Pump Parts, Excavator shovel parts","article_modified_time":"2024-01-16T08:21:50+00:00","og_image":[{"width":1417,"height":1417,"url":"https:\/\/miningspareparts.com\/wp-content\/uploads\/2023\/12\/calong-1500-smesitel.jpg","type":"image\/jpeg"}],"twitter_card":"summary_large_image","twitter_misc":{"Dur\u00e9e de lecture estim\u00e9e":"2 minutes"},"schema":{"@context":"https:\/\/schema.org","@graph":[{"@type":"WebPage","@id":"https:\/\/miningspareparts.com\/product\/calong-cl-2000-mixer-and-parts\/","url":"https:\/\/miningspareparts.com\/product\/calong-cl-2000-mixer-and-parts\/","name":"Calong CL-2000 Mixer And Parts - Crusher parts, Slurry Pump Parts, Excavator shovel parts","isPartOf":{"@id":"https:\/\/miningspareparts.com\/#website"},"primaryImageOfPage":{"@id":"https:\/\/miningspareparts.com\/product\/calong-cl-2000-mixer-and-parts\/#primaryimage"},"image":{"@id":"https:\/\/miningspareparts.com\/product\/calong-cl-2000-mixer-and-parts\/#primaryimage"},"thumbnailUrl":"https:\/\/miningspareparts.com\/wp-content\/uploads\/2023\/12\/calong-1500-smesitel.jpg","datePublished":"2023-12-25T03:20:48+00:00","dateModified":"2024-01-16T08:21:50+00:00","description":"Calong CL-2000 twin-shaft mixer blades, mixing arms, and liners: Original replacements with unbeatable wear resistance, ensuring durability","breadcrumb":{"@id":"https:\/\/miningspareparts.com\/product\/calong-cl-2000-mixer-and-parts\/#breadcrumb"},"inLanguage":"fr-FR","potentialAction":[{"@type":"ReadAction","target":["https:\/\/miningspareparts.com\/product\/calong-cl-2000-mixer-and-parts\/"]}]},{"@type":"ImageObject","inLanguage":"fr-FR","@id":"https:\/\/miningspareparts.com\/product\/calong-cl-2000-mixer-and-parts\/#primaryimage","url":"https:\/\/miningspareparts.com\/wp-content\/uploads\/2023\/12\/calong-1500-smesitel.jpg","contentUrl":"https:\/\/miningspareparts.com\/wp-content\/uploads\/2023\/12\/calong-1500-smesitel.jpg","width":1417,"height":1417,"caption":"asphalt Ca-long 1500 Mixer And Parts"},{"@type":"BreadcrumbList","@id":"https:\/\/miningspareparts.com\/product\/calong-cl-2000-mixer-and-parts\/#breadcrumb","itemListElement":[{"@type":"ListItem","position":1,"name":"Home","item":"https:\/\/miningspareparts.com\/"},{"@type":"ListItem","position":2,"name":"Premium Mining Wear And Spare Parts","item":"https:\/\/miningspareparts.com\/shop\/"},{"@type":"ListItem","position":3,"name":"Calong CL-2000 Mixer And Parts"}]},{"@type":"WebSite","@id":"https:\/\/miningspareparts.com\/#website","url":"https:\/\/miningspareparts.com\/","name":"Crusher parts , Concrete Mixer Parts, Slurry Pump Parts, Mining Spares","description":"Mining Wear &amp; Spare Parts Supplier","publisher":{"@id":"https:\/\/miningspareparts.com\/#organization"},"potentialAction":[{"@type":"SearchAction","target":{"@type":"EntryPoint","urlTemplate":"https:\/\/miningspareparts.com\/?s={search_term_string}"},"query-input":{"@type":"PropertyValueSpecification","valueRequired":true,"valueName":"search_term_string"}}],"inLanguage":"fr-FR"},{"@type":"Organization","@id":"https:\/\/miningspareparts.com\/#organization","name":"Crusher parts , Concrete Mixer Parts, Slurry Pump Parts, Mining Spares","url":"https:\/\/miningspareparts.com\/","logo":{"@type":"ImageObject","inLanguage":"fr-FR","@id":"https:\/\/miningspareparts.com\/#\/schema\/logo\/image\/","url":"https:\/\/miningspareparts.com\/wp-content\/uploads\/2025\/04\/cropped-cropped-logo\u6b63\u65b9\u5f62.png","contentUrl":"https:\/\/miningspareparts.com\/wp-content\/uploads\/2025\/04\/cropped-cropped-logo\u6b63\u65b9\u5f62.png","width":511,"height":171,"caption":"Crusher parts , Concrete Mixer Parts, Slurry Pump Parts, Mining Spares"},"image":{"@id":"https:\/\/miningspareparts.com\/#\/schema\/logo\/image\/"}}]}},"uagb_featured_image_src":{"full":["https:\/\/miningspareparts.com\/wp-content\/uploads\/2023\/12\/calong-1500-smesitel.jpg",1417,1417,false],"thumbnail":["https:\/\/miningspareparts.com\/wp-content\/uploads\/2023\/12\/calong-1500-smesitel-150x150.jpg",150,150,true],"medium":["https:\/\/miningspareparts.com\/wp-content\/uploads\/2023\/12\/calong-1500-smesitel-300x300.jpg",300,300,true],"medium_large":["https:\/\/miningspareparts.com\/wp-content\/uploads\/2023\/12\/calong-1500-smesitel-768x768.jpg",768,768,true],"large":["https:\/\/miningspareparts.com\/wp-content\/uploads\/2023\/12\/calong-1500-smesitel-1024x1024.jpg",1024,1024,true],"1536x1536":["https:\/\/miningspareparts.com\/wp-content\/uploads\/2023\/12\/calong-1500-smesitel.jpg",1417,1417,false],"2048x2048":["https:\/\/miningspareparts.com\/wp-content\/uploads\/2023\/12\/calong-1500-smesitel.jpg",1417,1417,false],"trp-custom-language-flag":["https:\/\/miningspareparts.com\/wp-content\/uploads\/2023\/12\/calong-1500-smesitel.jpg",12,12,false],"woocommerce_thumbnail":["https:\/\/miningspareparts.com\/wp-content\/uploads\/2023\/12\/calong-1500-smesitel-300x300.jpg",300,300,true],"woocommerce_single":["https:\/\/miningspareparts.com\/wp-content\/uploads\/2023\/12\/calong-1500-smesitel-600x600.jpg",600,600,true],"woocommerce_gallery_thumbnail":["https:\/\/miningspareparts.com\/wp-content\/uploads\/2023\/12\/calong-1500-smesitel-100x100.jpg",100,100,true]},"uagb_author_info":{"display_name":"Miningspareparts","author_link":"https:\/\/miningspareparts.com\/fr\/author\/"},"uagb_comment_info":0,"uagb_excerpt":"Models:CaLong CL-2000","_links":{"self":[{"href":"https:\/\/miningspareparts.com\/fr\/wp-json\/wp\/v2\/product\/1792","targetHints":{"allow":["GET"]}}],"collection":[{"href":"https:\/\/miningspareparts.com\/fr\/wp-json\/wp\/v2\/product"}],"about":[{"href":"https:\/\/miningspareparts.com\/fr\/wp-json\/wp\/v2\/types\/product"}],"wp:featuredmedia":[{"embeddable":true,"href":"https:\/\/miningspareparts.com\/fr\/wp-json\/wp\/v2\/media\/1542"}],"wp:attachment":[{"href":"https:\/\/miningspareparts.com\/fr\/wp-json\/wp\/v2\/media?parent=1792"}],"wp:term":[{"taxonomy":"product_brand","embeddable":true,"href":"https:\/\/miningspareparts.com\/fr\/wp-json\/wp\/v2\/product_brand?post=1792"},{"taxonomy":"product_cat","embeddable":true,"href":"https:\/\/miningspareparts.com\/fr\/wp-json\/wp\/v2\/product_cat?post=1792"},{"taxonomy":"product_tag","embeddable":true,"href":"https:\/\/miningspareparts.com\/fr\/wp-json\/wp\/v2\/product_tag?post=1792"}],"curies":[{"name":"wp","href":"https:\/\/api.w.org\/{rel}","templated":true}]}}