{"id":1804,"date":"2023-12-26T05:11:38","date_gmt":"2023-12-26T05:11:38","guid":{"rendered":"https:\/\/miningspareparts.com\/?post_type=product&#038;p=1804"},"modified":"2024-01-16T08:21:03","modified_gmt":"2024-01-16T08:21:03","slug":"marini-320-4t-mixer-and-parts","status":"publish","type":"product","link":"https:\/\/miningspareparts.com\/fr\/produit\/marini-320-4t-mixer-and-parts\/","title":{"rendered":"M\u00e9langeur Marini 320 4T et pi\u00e8ces d\u00e9tach\u00e9es"},"content":{"rendered":"<p><strong>Voici une description du Marini 320 4T Mixer And Parts<\/strong><\/p>\n<table width=\"586\">\n<tbody>\n<tr>\n<td width=\"71\">Nombre<\/td>\n<td width=\"184\">Code de l'article<\/td>\n<td width=\"151\">Nom de l'article<\/td>\n<td width=\"94\">Quantit\u00e9\/set<\/td>\n<td width=\"86\">Poids<\/td>\n<\/tr>\n<tr>\n<td>1<\/td>\n<td>D2549016<\/td>\n<td>Rev\u00eatement mural<\/td>\n<td>2<\/td>\n<td>33.6<\/td>\n<\/tr>\n<tr>\n<td>2<\/td>\n<td>D2549017<\/td>\n<td>Rev\u00eatement mural<\/td>\n<td>4<\/td>\n<td>35.3<\/td>\n<\/tr>\n<tr>\n<td>3<\/td>\n<td>D2549018<\/td>\n<td>Rev\u00eatement mural<\/td>\n<td>2<\/td>\n<td>27.4<\/td>\n<\/tr>\n<tr>\n<td>4<\/td>\n<td>D2549019<\/td>\n<td>Rev\u00eatement mural<\/td>\n<td>36<\/td>\n<td>15.8<\/td>\n<\/tr>\n<tr>\n<td>6<\/td>\n<td>D2549040<\/td>\n<td>Rev\u00eatement mural<\/td>\n<td>2<\/td>\n<td>30.9<\/td>\n<\/tr>\n<tr>\n<td>7<\/td>\n<td>D2549041<\/td>\n<td>Rev\u00eatement mural<\/td>\n<td>2<\/td>\n<td>30.9<\/td>\n<\/tr>\n<tr>\n<td>8<\/td>\n<td>D2553004<\/td>\n<td>Rev\u00eatement mural<\/td>\n<td>2<\/td>\n<td>15<\/td>\n<\/tr>\n<tr>\n<td>9<\/td>\n<td>D2549045<\/td>\n<td>Rev\u00eatement mural<\/td>\n<td>2<\/td>\n<td>33.6<\/td>\n<\/tr>\n<tr>\n<td>10<\/td>\n<td>D2549046<\/td>\n<td>Rev\u00eatement mural<\/td>\n<td>2<\/td>\n<td>27.4<\/td>\n<\/tr>\n<tr>\n<td>11<\/td>\n<td>N.573-01<\/td>\n<td>Conseils-R<\/td>\n<td>20<\/td>\n<td>11.9<\/td>\n<\/tr>\n<tr>\n<td>12<\/td>\n<td>N.573-02<\/td>\n<td>Tips-L<\/td>\n<td>8<\/td>\n<td>15<\/td>\n<\/tr>\n<tr>\n<td>13<\/td>\n<td>Total<\/td>\n<td><\/td>\n<td>82<\/td>\n<td><\/td>\n<\/tr>\n<\/tbody>\n<\/table>\n<p><img fetchpriority=\"high\" decoding=\"async\" class=\"wp-image-3550 alignleft\" src=\"https:\/\/miningspareparts.com\/wp-content\/uploads\/2024\/01\/Mixer-And-Wear-Parts1-239x300.webp\" alt=\"\" width=\"498\" height=\"625\" srcset=\"https:\/\/miningspareparts.com\/wp-content\/uploads\/2024\/01\/Mixer-And-Wear-Parts1-239x300.webp 239w, https:\/\/miningspareparts.com\/wp-content\/uploads\/2024\/01\/Mixer-And-Wear-Parts1-817x1024.webp 817w, https:\/\/miningspareparts.com\/wp-content\/uploads\/2024\/01\/Mixer-And-Wear-Parts1-768x963.webp 768w, https:\/\/miningspareparts.com\/wp-content\/uploads\/2024\/01\/Mixer-And-Wear-Parts1-1226x1536.webp 1226w, https:\/\/miningspareparts.com\/wp-content\/uploads\/2024\/01\/Mixer-And-Wear-Parts1-1634x2048.webp 1634w, https:\/\/miningspareparts.com\/wp-content\/uploads\/2024\/01\/Mixer-And-Wear-Parts1-600x752.webp 600w, https:\/\/miningspareparts.com\/wp-content\/uploads\/2024\/01\/Mixer-And-Wear-Parts1.webp 2037w\" sizes=\"(max-width: 498px) 100vw, 498px\" \/><span style=\"font-size: 16px\">\u00a0<\/span><img decoding=\"async\" class=\"wp-image-3551 alignnone\" style=\"font-weight: inherit\" src=\"https:\/\/miningspareparts.com\/wp-content\/uploads\/2024\/01\/Mixer-And-Wear-Parts2-210x300.webp\" alt=\"\" width=\"454\" height=\"649\" srcset=\"https:\/\/miningspareparts.com\/wp-content\/uploads\/2024\/01\/Mixer-And-Wear-Parts2-210x300.webp 210w, https:\/\/miningspareparts.com\/wp-content\/uploads\/2024\/01\/Mixer-And-Wear-Parts2-600x856.webp 600w\" sizes=\"(max-width: 454px) 100vw, 454px\" \/><\/p>\n<p>Notre engagement envers l'excellence est incarn\u00e9 par les pales, les bras de malaxage et les rev\u00eatements du malaxeur \u00e0 deux arbres Marini 320 4T que nous fabriquons. Ces composants sont des \u00e9l\u00e9ments cruciaux dans le malaxage de l'asphalte, garantissant des performances optimales et une grande long\u00e9vit\u00e9.<\/p>\n<p>Remplacement d'origine :<br \/>\nDans notre usine de fabrication, nous donnons la priorit\u00e9 \u00e0 la production de pi\u00e8ces de rechange originales qui s'int\u00e8grent parfaitement dans les malaxeurs \u00e0 deux arbres Marini 320 4T. Ce d\u00e9vouement \u00e0 l'authenticit\u00e9 garantit un ajustement parfait et une fonctionnalit\u00e9 sans compromis, en maintenant les sp\u00e9cifications de conception originales du m\u00e9langeur.<\/p>\n<p>Avantage du march\u00e9 de l'apr\u00e8s-vente :<br \/>\nNous reconnaissons l'importance de fournir des solutions au-del\u00e0 de l'achat initial. Nos composants de rechange pour le m\u00e9langeur Marini 320 4T sont soumis \u00e0 un contr\u00f4le de qualit\u00e9 rigoureux, garantissant qu'ils respectent ou d\u00e9passent les normes de l'industrie. Cet engagement envers l'excellence prolonge la dur\u00e9e de vie de votre \u00e9quipement, r\u00e9duisant les temps d'arr\u00eat et am\u00e9liorant l'efficacit\u00e9 op\u00e9rationnelle globale.<\/p>\n<p>Durabilit\u00e9 red\u00e9finie :<br \/>\nLes pales, les bras de malaxage et les rev\u00eatements des malaxeurs \u00e0 deux arbres Marini sont fabriqu\u00e9s \u00e0 partir de mat\u00e9riaux de haute qualit\u00e9, mettant l'accent sur la durabilit\u00e9 et la r\u00e9sistance \u00e0 l'usure. Ces composants supportent les conditions exigeantes du malaxage d'asphalte, d\u00e9montrant une r\u00e9sistance \u00e0 l'abrasion et aux facteurs environnementaux difficiles. Il en r\u00e9sulte une dur\u00e9e de vie plus longue, r\u00e9duisant le besoin de remplacements fr\u00e9quents et contribuant \u00e0 la r\u00e9duction des co\u00fbts.<\/p>\n<p>Les avantages d\u00e9voil\u00e9s :<br \/>\nNotre processus de fabrication int\u00e8gre l'ing\u00e9nierie de pr\u00e9cision et les mat\u00e9riaux avanc\u00e9s, ce qui permet d'obtenir des composants qui d\u00e9passent constamment les attentes. Le m\u00e9langeur \u00e0 deux arbres Marini b\u00e9n\u00e9ficie de notre expertise, garantissant des op\u00e9rations de m\u00e9lange fiables et efficaces. Que vous recherchiez des pi\u00e8ces de rechange d'origine ou des solutions apr\u00e8s-vente, nos offres privil\u00e9gient la qualit\u00e9, la fiabilit\u00e9 et la durabilit\u00e9.<\/p>\n<p>Grammaire fluide, performance sans faille :<br \/>\nDans tous les aspects de notre production et de notre communication, nous insistons sur l'importance d'une grammaire fluide et d'une articulation pr\u00e9cise. Cet engagement s'\u00e9tend de l'atelier de fabrication \u00e0 la mani\u00e8re dont nous communiquons les avantages de nos pales de m\u00e9langeurs \u00e0 double arbre, bras de m\u00e9lange et rev\u00eatements Marini. Votre exp\u00e9rience avec nos produits n'est pas seulement une question de durabilit\u00e9, mais aussi de clart\u00e9 et de coh\u00e9rence de l'information.<\/p>\n<p>Choisissez les composants de nos malaxeurs \u00e0 double arbre Marini pour un m\u00e9lange harmonieux de qualit\u00e9, de long\u00e9vit\u00e9 et d'excellence op\u00e9rationnelle dans l'industrie du m\u00e9lange d'asphalte.<\/p>","protected":false},"excerpt":{"rendered":"<p><b>Mod\u00e8les :<\/b><i>Marini<\/i><i>\u00a0 320 4T<\/i><\/p>","protected":false},"featured_media":1807,"template":"","meta":{"_uag_custom_page_level_css":"","site-sidebar-layout":"default","site-content-layout":"","ast-site-content-layout":"default","site-content-style":"default","site-sidebar-style":"default","ast-global-header-display":"","ast-banner-title-visibility":"","ast-main-header-display":"","ast-hfb-above-header-display":"","ast-hfb-below-header-display":"","ast-hfb-mobile-header-display":"","site-post-title":"","ast-breadcrumbs-content":"","ast-featured-img":"","footer-sml-layout":"","ast-disable-related-posts":"","theme-transparent-header-meta":"default","adv-header-id-meta":"","stick-header-meta":"default","header-above-stick-meta":"","header-main-stick-meta":"","header-below-stick-meta":"","astra-migrate-meta-layouts":"set","ast-page-background-enabled":"default","ast-page-background-meta":{"desktop":{"background-color":"var(--ast-global-color-4)","background-image":"","background-repeat":"repeat","background-position":"center center","background-size":"auto","background-attachment":"scroll","background-type":"","background-media":"","overlay-type":"","overlay-color":"","overlay-opacity":"","overlay-gradient":""},"tablet":{"background-color":"","background-image":"","background-repeat":"repeat","background-position":"center center","background-size":"auto","background-attachment":"scroll","background-type":"","background-media":"","overlay-type":"","overlay-color":"","overlay-opacity":"","overlay-gradient":""},"mobile":{"background-color":"","background-image":"","background-repeat":"repeat","background-position":"center center","background-size":"auto","background-attachment":"scroll","background-type":"","background-media":"","overlay-type":"","overlay-color":"","overlay-opacity":"","overlay-gradient":""}},"ast-content-background-meta":{"desktop":{"background-color":"var(--ast-global-color-5)","background-image":"","background-repeat":"repeat","background-position":"center center","background-size":"auto","background-attachment":"scroll","background-type":"","background-media":"","overlay-type":"","overlay-color":"","overlay-opacity":"","overlay-gradient":""},"tablet":{"background-color":"var(--ast-global-color-5)","background-image":"","background-repeat":"repeat","background-position":"center center","background-size":"auto","background-attachment":"scroll","background-type":"","background-media":"","overlay-type":"","overlay-color":"","overlay-opacity":"","overlay-gradient":""},"mobile":{"background-color":"var(--ast-global-color-5)","background-image":"","background-repeat":"repeat","background-position":"center center","background-size":"auto","background-attachment":"scroll","background-type":"","background-media":"","overlay-type":"","overlay-color":"","overlay-opacity":"","overlay-gradient":""}}},"product_brand":[],"product_cat":[82,85],"product_tag":[267,268,269],"class_list":{"0":"post-1804","1":"product","2":"type-product","3":"status-publish","4":"has-post-thumbnail","6":"product_cat-asphalt-mixer-parts","7":"product_cat-marini","8":"product_tag-asphalt","9":"product_tag-blade","10":"product_tag-mixing-arm","11":"desktop-align-left","12":"tablet-align-left","13":"mobile-align-left","14":"ast-product-gallery-layout-horizontal-slider","15":"ast-product-single-variable","16":"ast-product-tabs-layout-horizontal","18":"first","19":"instock","20":"shipping-taxable","21":"purchasable","22":"product-type-variable"},"yoast_head":"<!-- This site is optimized with the Yoast SEO plugin v27.4 - https:\/\/yoast.com\/product\/yoast-seo-wordpress\/ -->\n<title>Marini 320 4T Mixer And Parts - Crusher parts, Slurry Pump Parts, Excavator shovel parts<\/title>\n<meta name=\"description\" content=\"Marini 320 4T Twin Shaft Mixer Blades, Mixer Arms and Liners, Original Replacement Parts, Unparalleled Wear Resistance for Long-lasting Performance\" \/>\n<meta name=\"robots\" content=\"index, follow, max-snippet:-1, max-image-preview:large, max-video-preview:-1\" \/>\n<link rel=\"canonical\" href=\"https:\/\/miningspareparts.com\/fr\/produit\/marini-320-4t-mixer-and-parts\/\" \/>\n<meta property=\"og:locale\" content=\"fr_FR\" \/>\n<meta property=\"og:type\" content=\"article\" \/>\n<meta property=\"og:title\" content=\"Marini 320 4T Mixer And Parts - Crusher parts, Slurry Pump Parts, Excavator shovel parts\" \/>\n<meta property=\"og:description\" content=\"Marini 320 4T Twin Shaft Mixer Blades, Mixer Arms and Liners, Original Replacement Parts, Unparalleled Wear Resistance for Long-lasting Performance\" \/>\n<meta property=\"og:url\" content=\"https:\/\/miningspareparts.com\/fr\/produit\/marini-320-4t-mixer-and-parts\/\" \/>\n<meta property=\"og:site_name\" content=\"Crusher parts, Slurry Pump Parts, Excavator shovel parts\" \/>\n<meta property=\"article:modified_time\" content=\"2024-01-16T08:21:03+00:00\" \/>\n<meta property=\"og:image\" content=\"https:\/\/miningspareparts.com\/wp-content\/uploads\/2023\/12\/\u6405\u62cc\u81c2-6.webp\" \/>\n\t<meta property=\"og:image:width\" content=\"1417\" \/>\n\t<meta property=\"og:image:height\" content=\"1417\" \/>\n\t<meta property=\"og:image:type\" content=\"image\/webp\" \/>\n<meta name=\"twitter:card\" content=\"summary_large_image\" \/>\n<meta name=\"twitter:label1\" content=\"Dur\u00e9e de lecture estim\u00e9e\" \/>\n\t<meta name=\"twitter:data1\" content=\"2 minutes\" \/>\n<script type=\"application\/ld+json\" class=\"yoast-schema-graph\">{\"@context\":\"https:\\\/\\\/schema.org\",\"@graph\":[{\"@type\":\"WebPage\",\"@id\":\"https:\\\/\\\/miningspareparts.com\\\/product\\\/marini-320-4t-mixer-and-parts\\\/\",\"url\":\"https:\\\/\\\/miningspareparts.com\\\/product\\\/marini-320-4t-mixer-and-parts\\\/\",\"name\":\"Marini 320 4T Mixer And Parts - Crusher parts, Slurry Pump Parts, Excavator shovel parts\",\"isPartOf\":{\"@id\":\"https:\\\/\\\/miningspareparts.com\\\/#website\"},\"primaryImageOfPage\":{\"@id\":\"https:\\\/\\\/miningspareparts.com\\\/product\\\/marini-320-4t-mixer-and-parts\\\/#primaryimage\"},\"image\":{\"@id\":\"https:\\\/\\\/miningspareparts.com\\\/product\\\/marini-320-4t-mixer-and-parts\\\/#primaryimage\"},\"thumbnailUrl\":\"https:\\\/\\\/miningspareparts.com\\\/wp-content\\\/uploads\\\/2023\\\/12\\\/\u6405\u62cc\u81c2-6.webp\",\"datePublished\":\"2023-12-26T05:11:38+00:00\",\"dateModified\":\"2024-01-16T08:21:03+00:00\",\"description\":\"Marini 320 4T Twin Shaft Mixer Blades, Mixer Arms and Liners, Original Replacement Parts, Unparalleled Wear Resistance for Long-lasting Performance\",\"breadcrumb\":{\"@id\":\"https:\\\/\\\/miningspareparts.com\\\/product\\\/marini-320-4t-mixer-and-parts\\\/#breadcrumb\"},\"inLanguage\":\"fr-FR\",\"potentialAction\":[{\"@type\":\"ReadAction\",\"target\":[\"https:\\\/\\\/miningspareparts.com\\\/product\\\/marini-320-4t-mixer-and-parts\\\/\"]}]},{\"@type\":\"ImageObject\",\"inLanguage\":\"fr-FR\",\"@id\":\"https:\\\/\\\/miningspareparts.com\\\/product\\\/marini-320-4t-mixer-and-parts\\\/#primaryimage\",\"url\":\"https:\\\/\\\/miningspareparts.com\\\/wp-content\\\/uploads\\\/2023\\\/12\\\/\u6405\u62cc\u81c2-6.webp\",\"contentUrl\":\"https:\\\/\\\/miningspareparts.com\\\/wp-content\\\/uploads\\\/2023\\\/12\\\/\u6405\u62cc\u81c2-6.webp\",\"width\":1417,\"height\":1417,\"caption\":\"asphalt Marini 320 4T Mixer And Parts mixing arm\"},{\"@type\":\"BreadcrumbList\",\"@id\":\"https:\\\/\\\/miningspareparts.com\\\/product\\\/marini-320-4t-mixer-and-parts\\\/#breadcrumb\",\"itemListElement\":[{\"@type\":\"ListItem\",\"position\":1,\"name\":\"Home\",\"item\":\"https:\\\/\\\/miningspareparts.com\\\/\"},{\"@type\":\"ListItem\",\"position\":2,\"name\":\"Premium Mining Wear And Spare Parts\",\"item\":\"https:\\\/\\\/miningspareparts.com\\\/shop\\\/\"},{\"@type\":\"ListItem\",\"position\":3,\"name\":\"Marini 320 4T Mixer And Parts\"}]},{\"@type\":\"WebSite\",\"@id\":\"https:\\\/\\\/miningspareparts.com\\\/#website\",\"url\":\"https:\\\/\\\/miningspareparts.com\\\/\",\"name\":\"Crusher parts , Concrete Mixer Parts, Slurry Pump Parts, Mining Spares\",\"description\":\"Mining Wear &amp; Spare Parts Supplier\",\"publisher\":{\"@id\":\"https:\\\/\\\/miningspareparts.com\\\/#organization\"},\"potentialAction\":[{\"@type\":\"SearchAction\",\"target\":{\"@type\":\"EntryPoint\",\"urlTemplate\":\"https:\\\/\\\/miningspareparts.com\\\/?s={search_term_string}\"},\"query-input\":{\"@type\":\"PropertyValueSpecification\",\"valueRequired\":true,\"valueName\":\"search_term_string\"}}],\"inLanguage\":\"fr-FR\"},{\"@type\":\"Organization\",\"@id\":\"https:\\\/\\\/miningspareparts.com\\\/#organization\",\"name\":\"Crusher parts , Concrete Mixer Parts, Slurry Pump Parts, Mining Spares\",\"url\":\"https:\\\/\\\/miningspareparts.com\\\/\",\"logo\":{\"@type\":\"ImageObject\",\"inLanguage\":\"fr-FR\",\"@id\":\"https:\\\/\\\/miningspareparts.com\\\/#\\\/schema\\\/logo\\\/image\\\/\",\"url\":\"https:\\\/\\\/miningspareparts.com\\\/wp-content\\\/uploads\\\/2025\\\/04\\\/cropped-cropped-logo\u6b63\u65b9\u5f62.png\",\"contentUrl\":\"https:\\\/\\\/miningspareparts.com\\\/wp-content\\\/uploads\\\/2025\\\/04\\\/cropped-cropped-logo\u6b63\u65b9\u5f62.png\",\"width\":511,\"height\":171,\"caption\":\"Crusher parts , Concrete Mixer Parts, Slurry Pump Parts, Mining Spares\"},\"image\":{\"@id\":\"https:\\\/\\\/miningspareparts.com\\\/#\\\/schema\\\/logo\\\/image\\\/\"}}]}<\/script>\n<!-- \/ Yoast SEO plugin. -->","yoast_head_json":{"title":"Marini 320 4T Mixer And Parts - Crusher parts, Slurry Pump Parts, Excavator shovel parts","description":"Marini 320 4T Twin Shaft Mixer Blades, Mixer Arms and Liners, Original Replacement Parts, Unparalleled Wear Resistance for Long-lasting Performance","robots":{"index":"index","follow":"follow","max-snippet":"max-snippet:-1","max-image-preview":"max-image-preview:large","max-video-preview":"max-video-preview:-1"},"canonical":"https:\/\/miningspareparts.com\/fr\/produit\/marini-320-4t-mixer-and-parts\/","og_locale":"fr_FR","og_type":"article","og_title":"Marini 320 4T Mixer And Parts - Crusher parts, Slurry Pump Parts, Excavator shovel parts","og_description":"Marini 320 4T Twin Shaft Mixer Blades, Mixer Arms and Liners, Original Replacement Parts, Unparalleled Wear Resistance for Long-lasting Performance","og_url":"https:\/\/miningspareparts.com\/fr\/produit\/marini-320-4t-mixer-and-parts\/","og_site_name":"Crusher parts, Slurry Pump Parts, Excavator shovel parts","article_modified_time":"2024-01-16T08:21:03+00:00","og_image":[{"width":1417,"height":1417,"url":"https:\/\/miningspareparts.com\/wp-content\/uploads\/2023\/12\/\u6405\u62cc\u81c2-6.webp","type":"image\/webp"}],"twitter_card":"summary_large_image","twitter_misc":{"Dur\u00e9e de lecture estim\u00e9e":"2 minutes"},"schema":{"@context":"https:\/\/schema.org","@graph":[{"@type":"WebPage","@id":"https:\/\/miningspareparts.com\/product\/marini-320-4t-mixer-and-parts\/","url":"https:\/\/miningspareparts.com\/product\/marini-320-4t-mixer-and-parts\/","name":"Marini 320 4T Mixer And Parts - Crusher parts, Slurry Pump Parts, Excavator shovel parts","isPartOf":{"@id":"https:\/\/miningspareparts.com\/#website"},"primaryImageOfPage":{"@id":"https:\/\/miningspareparts.com\/product\/marini-320-4t-mixer-and-parts\/#primaryimage"},"image":{"@id":"https:\/\/miningspareparts.com\/product\/marini-320-4t-mixer-and-parts\/#primaryimage"},"thumbnailUrl":"https:\/\/miningspareparts.com\/wp-content\/uploads\/2023\/12\/\u6405\u62cc\u81c2-6.webp","datePublished":"2023-12-26T05:11:38+00:00","dateModified":"2024-01-16T08:21:03+00:00","description":"Marini 320 4T Twin Shaft Mixer Blades, Mixer Arms and Liners, Original Replacement Parts, Unparalleled Wear Resistance for Long-lasting Performance","breadcrumb":{"@id":"https:\/\/miningspareparts.com\/product\/marini-320-4t-mixer-and-parts\/#breadcrumb"},"inLanguage":"fr-FR","potentialAction":[{"@type":"ReadAction","target":["https:\/\/miningspareparts.com\/product\/marini-320-4t-mixer-and-parts\/"]}]},{"@type":"ImageObject","inLanguage":"fr-FR","@id":"https:\/\/miningspareparts.com\/product\/marini-320-4t-mixer-and-parts\/#primaryimage","url":"https:\/\/miningspareparts.com\/wp-content\/uploads\/2023\/12\/\u6405\u62cc\u81c2-6.webp","contentUrl":"https:\/\/miningspareparts.com\/wp-content\/uploads\/2023\/12\/\u6405\u62cc\u81c2-6.webp","width":1417,"height":1417,"caption":"asphalt Marini 320 4T Mixer And Parts mixing arm"},{"@type":"BreadcrumbList","@id":"https:\/\/miningspareparts.com\/product\/marini-320-4t-mixer-and-parts\/#breadcrumb","itemListElement":[{"@type":"ListItem","position":1,"name":"Home","item":"https:\/\/miningspareparts.com\/"},{"@type":"ListItem","position":2,"name":"Premium Mining Wear And Spare Parts","item":"https:\/\/miningspareparts.com\/shop\/"},{"@type":"ListItem","position":3,"name":"Marini 320 4T Mixer And Parts"}]},{"@type":"WebSite","@id":"https:\/\/miningspareparts.com\/#website","url":"https:\/\/miningspareparts.com\/","name":"Crusher parts , Concrete Mixer Parts, Slurry Pump Parts, Mining Spares","description":"Mining Wear &amp; Spare Parts Supplier","publisher":{"@id":"https:\/\/miningspareparts.com\/#organization"},"potentialAction":[{"@type":"SearchAction","target":{"@type":"EntryPoint","urlTemplate":"https:\/\/miningspareparts.com\/?s={search_term_string}"},"query-input":{"@type":"PropertyValueSpecification","valueRequired":true,"valueName":"search_term_string"}}],"inLanguage":"fr-FR"},{"@type":"Organization","@id":"https:\/\/miningspareparts.com\/#organization","name":"Crusher parts , Concrete Mixer Parts, Slurry Pump Parts, Mining Spares","url":"https:\/\/miningspareparts.com\/","logo":{"@type":"ImageObject","inLanguage":"fr-FR","@id":"https:\/\/miningspareparts.com\/#\/schema\/logo\/image\/","url":"https:\/\/miningspareparts.com\/wp-content\/uploads\/2025\/04\/cropped-cropped-logo\u6b63\u65b9\u5f62.png","contentUrl":"https:\/\/miningspareparts.com\/wp-content\/uploads\/2025\/04\/cropped-cropped-logo\u6b63\u65b9\u5f62.png","width":511,"height":171,"caption":"Crusher parts , Concrete Mixer Parts, Slurry Pump Parts, Mining Spares"},"image":{"@id":"https:\/\/miningspareparts.com\/#\/schema\/logo\/image\/"}}]}},"uagb_featured_image_src":{"full":["https:\/\/miningspareparts.com\/wp-content\/uploads\/2023\/12\/\u6405\u62cc\u81c2-6.webp",1417,1417,false],"thumbnail":["https:\/\/miningspareparts.com\/wp-content\/uploads\/2023\/12\/\u6405\u62cc\u81c2-6-150x150.webp",150,150,true],"medium":["https:\/\/miningspareparts.com\/wp-content\/uploads\/2023\/12\/\u6405\u62cc\u81c2-6-300x300.webp",300,300,true],"medium_large":["https:\/\/miningspareparts.com\/wp-content\/uploads\/2023\/12\/\u6405\u62cc\u81c2-6-768x768.webp",768,768,true],"large":["https:\/\/miningspareparts.com\/wp-content\/uploads\/2023\/12\/\u6405\u62cc\u81c2-6-1024x1024.webp",1024,1024,true],"1536x1536":["https:\/\/miningspareparts.com\/wp-content\/uploads\/2023\/12\/\u6405\u62cc\u81c2-6.webp",1417,1417,false],"2048x2048":["https:\/\/miningspareparts.com\/wp-content\/uploads\/2023\/12\/\u6405\u62cc\u81c2-6.webp",1417,1417,false],"trp-custom-language-flag":["https:\/\/miningspareparts.com\/wp-content\/uploads\/2023\/12\/\u6405\u62cc\u81c2-6.webp",12,12,false],"woocommerce_thumbnail":["https:\/\/miningspareparts.com\/wp-content\/uploads\/2023\/12\/\u6405\u62cc\u81c2-6-300x300.webp",300,300,true],"woocommerce_single":["https:\/\/miningspareparts.com\/wp-content\/uploads\/2023\/12\/\u6405\u62cc\u81c2-6-600x600.webp",600,600,true],"woocommerce_gallery_thumbnail":["https:\/\/miningspareparts.com\/wp-content\/uploads\/2023\/12\/\u6405\u62cc\u81c2-6-100x100.webp",100,100,true]},"uagb_author_info":{"display_name":"Miningspareparts","author_link":"https:\/\/miningspareparts.com\/fr\/author\/"},"uagb_comment_info":0,"uagb_excerpt":"Models:Marini\u00a0 320 4T","_links":{"self":[{"href":"https:\/\/miningspareparts.com\/fr\/wp-json\/wp\/v2\/product\/1804","targetHints":{"allow":["GET"]}}],"collection":[{"href":"https:\/\/miningspareparts.com\/fr\/wp-json\/wp\/v2\/product"}],"about":[{"href":"https:\/\/miningspareparts.com\/fr\/wp-json\/wp\/v2\/types\/product"}],"wp:featuredmedia":[{"embeddable":true,"href":"https:\/\/miningspareparts.com\/fr\/wp-json\/wp\/v2\/media\/1807"}],"wp:attachment":[{"href":"https:\/\/miningspareparts.com\/fr\/wp-json\/wp\/v2\/media?parent=1804"}],"wp:term":[{"taxonomy":"product_brand","embeddable":true,"href":"https:\/\/miningspareparts.com\/fr\/wp-json\/wp\/v2\/product_brand?post=1804"},{"taxonomy":"product_cat","embeddable":true,"href":"https:\/\/miningspareparts.com\/fr\/wp-json\/wp\/v2\/product_cat?post=1804"},{"taxonomy":"product_tag","embeddable":true,"href":"https:\/\/miningspareparts.com\/fr\/wp-json\/wp\/v2\/product_tag?post=1804"}],"curies":[{"name":"wp","href":"https:\/\/api.w.org\/{rel}","templated":true}]}}