{"id":1812,"date":"2023-12-26T05:28:47","date_gmt":"2023-12-26T05:28:47","guid":{"rendered":"https:\/\/miningspareparts.com\/?post_type=product&#038;p=1812"},"modified":"2024-01-16T08:19:52","modified_gmt":"2024-01-16T08:19:52","slug":"marini-mac200-mixer-and-parts","status":"publish","type":"product","link":"https:\/\/miningspareparts.com\/fr\/produit\/marini-mac200-mixer-and-parts\/","title":{"rendered":"M\u00e9langeur Marini MAC200 et pi\u00e8ces d\u00e9tach\u00e9es"},"content":{"rendered":"<p><strong>Voici une description du Marini MAC200 Mixer And Parts<\/strong><\/p>\n<table width=\"586\">\n<tbody>\n<tr>\n<td width=\"71\">Nombre<\/td>\n<td width=\"184\">Code de l'article<\/td>\n<td width=\"151\">Nom de l'article<\/td>\n<td width=\"94\">Quantit\u00e9\/set<\/td>\n<td width=\"86\">Poids<\/td>\n<\/tr>\n<tr>\n<td>8<\/td>\n<td>D0368001<\/td>\n<td>Conseils<\/td>\n<td><\/td>\n<td>7.1<\/td>\n<\/tr>\n<tr>\n<td>9<\/td>\n<td>D0368005<\/td>\n<td>Conseils<\/td>\n<td><\/td>\n<td>10<\/td>\n<\/tr>\n<tr>\n<td>10<\/td>\n<td>D089600201<\/td>\n<td>Rev\u00eatement mural<\/td>\n<td><\/td>\n<td>26.7<\/td>\n<\/tr>\n<tr>\n<td>11<\/td>\n<td>D089600202<\/td>\n<td>Rev\u00eatement mural<\/td>\n<td><\/td>\n<td>26.2<\/td>\n<\/tr>\n<tr>\n<td>12<\/td>\n<td>D0896003<\/td>\n<td>Rev\u00eatement mural<\/td>\n<td><\/td>\n<td>9.7<\/td>\n<\/tr>\n<tr>\n<td>13<\/td>\n<td>D089600401<\/td>\n<td>Rev\u00eatement mural<\/td>\n<td><\/td>\n<td>38<\/td>\n<\/tr>\n<tr>\n<td>14<\/td>\n<td>D089600402<\/td>\n<td>Rev\u00eatement mural<\/td>\n<td><\/td>\n<td>41.4<\/td>\n<\/tr>\n<tr>\n<td>15<\/td>\n<td>D089600403<\/td>\n<td>Rev\u00eatement mural<\/td>\n<td><\/td>\n<td>38<\/td>\n<\/tr>\n<tr>\n<td>16<\/td>\n<td>D0896001<\/td>\n<td>Rev\u00eatement mural<\/td>\n<td><\/td>\n<td>26.8<\/td>\n<\/tr>\n<\/tbody>\n<\/table>\n<p><img fetchpriority=\"high\" decoding=\"async\" class=\"wp-image-3550 alignleft\" src=\"https:\/\/miningspareparts.com\/wp-content\/uploads\/2024\/01\/Mixer-And-Wear-Parts1-239x300.webp\" alt=\"\" width=\"498\" height=\"625\" srcset=\"https:\/\/miningspareparts.com\/wp-content\/uploads\/2024\/01\/Mixer-And-Wear-Parts1-239x300.webp 239w, https:\/\/miningspareparts.com\/wp-content\/uploads\/2024\/01\/Mixer-And-Wear-Parts1-817x1024.webp 817w, https:\/\/miningspareparts.com\/wp-content\/uploads\/2024\/01\/Mixer-And-Wear-Parts1-768x963.webp 768w, https:\/\/miningspareparts.com\/wp-content\/uploads\/2024\/01\/Mixer-And-Wear-Parts1-1226x1536.webp 1226w, https:\/\/miningspareparts.com\/wp-content\/uploads\/2024\/01\/Mixer-And-Wear-Parts1-1634x2048.webp 1634w, https:\/\/miningspareparts.com\/wp-content\/uploads\/2024\/01\/Mixer-And-Wear-Parts1-600x752.webp 600w, https:\/\/miningspareparts.com\/wp-content\/uploads\/2024\/01\/Mixer-And-Wear-Parts1.webp 2037w\" sizes=\"(max-width: 498px) 100vw, 498px\" \/><span style=\"font-size: 16px\">\u00a0<\/span><img decoding=\"async\" class=\"wp-image-3551 alignnone\" style=\"font-weight: inherit\" src=\"https:\/\/miningspareparts.com\/wp-content\/uploads\/2024\/01\/Mixer-And-Wear-Parts2-210x300.webp\" alt=\"\" width=\"454\" height=\"649\" srcset=\"https:\/\/miningspareparts.com\/wp-content\/uploads\/2024\/01\/Mixer-And-Wear-Parts2-210x300.webp 210w, https:\/\/miningspareparts.com\/wp-content\/uploads\/2024\/01\/Mixer-And-Wear-Parts2-600x856.webp 600w\" sizes=\"(max-width: 454px) 100vw, 454px\" \/><\/p>\n<p>En tant que fabricant leader, nous sommes sp\u00e9cialis\u00e9s dans la fourniture de composants de remplacement d'origine qui red\u00e9finissent les normes de l'industrie.<\/p>\n<p>Original Replacement Excellence :<br \/>\nNos lames, bras de m\u00e9lange et rev\u00eatements du m\u00e9langeur \u00e0 deux arbres Marini MAC200 sont l'exemple m\u00eame du remplacement d'origine. Fabriqu\u00e9s avec pr\u00e9cision et con\u00e7us selon des sp\u00e9cifications exactes, nos composants s'int\u00e8grent parfaitement \u00e0 votre m\u00e9langeur, garantissant des performances optimales. Choisir nos produits, c'est choisir l'authenticit\u00e9 et la fiabilit\u00e9.<\/p>\n<p>Innovation sur le march\u00e9 de l'apr\u00e8s-vente :<br \/>\nDans le domaine de l'enrobage, les solutions du march\u00e9 secondaire jouent un r\u00f4le crucial. Nos offres vont au-del\u00e0 des simples remplacements ; elles repr\u00e9sentent une approche innovante pour am\u00e9liorer l'efficacit\u00e9 de votre malaxeur. Nos composants de rechange sont m\u00e9ticuleusement con\u00e7us, introduisant des avanc\u00e9es qui augmentent les capacit\u00e9s de votre \u00e9quipement.<\/p>\n<p>Performance durable :<br \/>\nLa durabilit\u00e9 n'est pas n\u00e9gociable dans le monde exigeant de l'enrobage. Nos composants Marini MAC200 sont synonymes de long\u00e9vit\u00e9 et de robustesse. Con\u00e7ues \u00e0 partir de mat\u00e9riaux de haute qualit\u00e9, ces pi\u00e8ces supportent les rigueurs d'un fonctionnement continu, minimisant les temps d'arr\u00eat et maximisant votre productivit\u00e9.<\/p>\n<p>Des avantages in\u00e9gal\u00e9s :<br \/>\nEn choisissant les pales, les bras de m\u00e9lange et les rev\u00eatements de notre m\u00e9langeur \u00e0 deux arbres Marini MAC200, vous b\u00e9n\u00e9ficiez d'un avantage concurrentiel. Notre engagement en faveur de l'excellence s'\u00e9tend de la fabrication aux performances sur le terrain. Nous comprenons les exigences uniques de l'industrie et adaptons nos composants pour r\u00e9pondre et d\u00e9passer ces attentes.<\/p>\n<p>Grammaire douce, produits de qualit\u00e9 sup\u00e9rieure :<br \/>\nNotre souci de qualit\u00e9 s'\u00e9tend \u00e0 tous les aspects de notre communication. Il s'agit notamment de vous fournir des informations non seulement compl\u00e8tes, mais aussi pr\u00e9sent\u00e9es avec une grammaire fluide. Nous pensons que la clart\u00e9 et la pr\u00e9cision de la communication refl\u00e8tent la qualit\u00e9 de nos produits.<\/p>\n<p>En conclusion, les pales, les bras de m\u00e9lange et les rev\u00eatements de notre m\u00e9langeur \u00e0 deux arbres Marini MAC200 repr\u00e9sentent plus que des composants ; ils incarnent un engagement envers l'excellence. Faites l'exp\u00e9rience de la synergie parfaite entre le remplacement d'origine, l'innovation du march\u00e9 secondaire et la performance durable - un t\u00e9moignage de notre d\u00e9vouement in\u00e9branlable \u00e0 votre succ\u00e8s.<\/p>","protected":false},"excerpt":{"rendered":"<p><b>Mod\u00e8les :<\/b><i>Marini<\/i><i>\u00a0 MAC200<\/i><\/p>","protected":false},"featured_media":1808,"template":"","meta":{"_uag_custom_page_level_css":"","site-sidebar-layout":"default","site-content-layout":"","ast-site-content-layout":"default","site-content-style":"default","site-sidebar-style":"default","ast-global-header-display":"","ast-banner-title-visibility":"","ast-main-header-display":"","ast-hfb-above-header-display":"","ast-hfb-below-header-display":"","ast-hfb-mobile-header-display":"","site-post-title":"","ast-breadcrumbs-content":"","ast-featured-img":"","footer-sml-layout":"","ast-disable-related-posts":"","theme-transparent-header-meta":"default","adv-header-id-meta":"","stick-header-meta":"default","header-above-stick-meta":"","header-main-stick-meta":"","header-below-stick-meta":"","astra-migrate-meta-layouts":"set","ast-page-background-enabled":"default","ast-page-background-meta":{"desktop":{"background-color":"var(--ast-global-color-4)","background-image":"","background-repeat":"repeat","background-position":"center center","background-size":"auto","background-attachment":"scroll","background-type":"","background-media":"","overlay-type":"","overlay-color":"","overlay-opacity":"","overlay-gradient":""},"tablet":{"background-color":"","background-image":"","background-repeat":"repeat","background-position":"center center","background-size":"auto","background-attachment":"scroll","background-type":"","background-media":"","overlay-type":"","overlay-color":"","overlay-opacity":"","overlay-gradient":""},"mobile":{"background-color":"","background-image":"","background-repeat":"repeat","background-position":"center center","background-size":"auto","background-attachment":"scroll","background-type":"","background-media":"","overlay-type":"","overlay-color":"","overlay-opacity":"","overlay-gradient":""}},"ast-content-background-meta":{"desktop":{"background-color":"var(--ast-global-color-5)","background-image":"","background-repeat":"repeat","background-position":"center center","background-size":"auto","background-attachment":"scroll","background-type":"","background-media":"","overlay-type":"","overlay-color":"","overlay-opacity":"","overlay-gradient":""},"tablet":{"background-color":"var(--ast-global-color-5)","background-image":"","background-repeat":"repeat","background-position":"center center","background-size":"auto","background-attachment":"scroll","background-type":"","background-media":"","overlay-type":"","overlay-color":"","overlay-opacity":"","overlay-gradient":""},"mobile":{"background-color":"var(--ast-global-color-5)","background-image":"","background-repeat":"repeat","background-position":"center center","background-size":"auto","background-attachment":"scroll","background-type":"","background-media":"","overlay-type":"","overlay-color":"","overlay-opacity":"","overlay-gradient":""}}},"product_brand":[],"product_cat":[82,85],"product_tag":[267,268,269],"class_list":{"0":"post-1812","1":"product","2":"type-product","3":"status-publish","4":"has-post-thumbnail","6":"product_cat-asphalt-mixer-parts","7":"product_cat-marini","8":"product_tag-asphalt","9":"product_tag-blade","10":"product_tag-mixing-arm","11":"desktop-align-left","12":"tablet-align-left","13":"mobile-align-left","14":"ast-product-gallery-layout-horizontal-slider","15":"ast-product-single-variable","16":"ast-product-tabs-layout-horizontal","18":"first","19":"instock","20":"shipping-taxable","21":"purchasable","22":"product-type-variable"},"yoast_head":"<!-- This site is optimized with the Yoast SEO plugin v27.4 - https:\/\/yoast.com\/product\/yoast-seo-wordpress\/ -->\n<title>Marini MAC200 Asphalt Mixer And Parts - Crusher parts, Slurry Pump Parts, Excavator shovel parts<\/title>\n<meta name=\"description\" content=\"Integrating the superior performance of Marini MAC200 twin-shaft mixer blades, mixing arms and liners, original replacement parts ensure precision\" \/>\n<meta name=\"robots\" content=\"index, follow, max-snippet:-1, max-image-preview:large, max-video-preview:-1\" \/>\n<link rel=\"canonical\" href=\"https:\/\/miningspareparts.com\/fr\/produit\/marini-mac200-mixer-and-parts\/\" \/>\n<meta property=\"og:locale\" content=\"fr_FR\" \/>\n<meta property=\"og:type\" content=\"article\" \/>\n<meta property=\"og:title\" content=\"Marini MAC200 Asphalt Mixer And Parts - Crusher parts, Slurry Pump Parts, Excavator shovel parts\" \/>\n<meta property=\"og:description\" content=\"Integrating the superior performance of Marini MAC200 twin-shaft mixer blades, mixing arms and liners, original replacement parts ensure precision\" \/>\n<meta property=\"og:url\" content=\"https:\/\/miningspareparts.com\/fr\/produit\/marini-mac200-mixer-and-parts\/\" \/>\n<meta property=\"og:site_name\" content=\"Crusher parts, Slurry Pump Parts, Excavator shovel parts\" \/>\n<meta property=\"article:modified_time\" content=\"2024-01-16T08:19:52+00:00\" \/>\n<meta property=\"og:image\" content=\"https:\/\/miningspareparts.com\/wp-content\/uploads\/2023\/12\/\u5168\u89c6\u56fe-5.webp\" \/>\n\t<meta property=\"og:image:width\" content=\"1417\" \/>\n\t<meta property=\"og:image:height\" content=\"1417\" \/>\n\t<meta property=\"og:image:type\" content=\"image\/webp\" \/>\n<meta name=\"twitter:card\" content=\"summary_large_image\" \/>\n<meta name=\"twitter:label1\" content=\"Dur\u00e9e de lecture estim\u00e9e\" \/>\n\t<meta name=\"twitter:data1\" content=\"2 minutes\" \/>\n<script type=\"application\/ld+json\" class=\"yoast-schema-graph\">{\"@context\":\"https:\\\/\\\/schema.org\",\"@graph\":[{\"@type\":\"WebPage\",\"@id\":\"https:\\\/\\\/miningspareparts.com\\\/product\\\/marini-mac200-mixer-and-parts\\\/\",\"url\":\"https:\\\/\\\/miningspareparts.com\\\/product\\\/marini-mac200-mixer-and-parts\\\/\",\"name\":\"Marini MAC200 Asphalt Mixer And Parts - Crusher parts, Slurry Pump Parts, Excavator shovel parts\",\"isPartOf\":{\"@id\":\"https:\\\/\\\/miningspareparts.com\\\/#website\"},\"primaryImageOfPage\":{\"@id\":\"https:\\\/\\\/miningspareparts.com\\\/product\\\/marini-mac200-mixer-and-parts\\\/#primaryimage\"},\"image\":{\"@id\":\"https:\\\/\\\/miningspareparts.com\\\/product\\\/marini-mac200-mixer-and-parts\\\/#primaryimage\"},\"thumbnailUrl\":\"https:\\\/\\\/miningspareparts.com\\\/wp-content\\\/uploads\\\/2023\\\/12\\\/\u5168\u89c6\u56fe-5.webp\",\"datePublished\":\"2023-12-26T05:28:47+00:00\",\"dateModified\":\"2024-01-16T08:19:52+00:00\",\"description\":\"Integrating the superior performance of Marini MAC200 twin-shaft mixer blades, mixing arms and liners, original replacement parts ensure precision\",\"breadcrumb\":{\"@id\":\"https:\\\/\\\/miningspareparts.com\\\/product\\\/marini-mac200-mixer-and-parts\\\/#breadcrumb\"},\"inLanguage\":\"fr-FR\",\"potentialAction\":[{\"@type\":\"ReadAction\",\"target\":[\"https:\\\/\\\/miningspareparts.com\\\/product\\\/marini-mac200-mixer-and-parts\\\/\"]}]},{\"@type\":\"ImageObject\",\"inLanguage\":\"fr-FR\",\"@id\":\"https:\\\/\\\/miningspareparts.com\\\/product\\\/marini-mac200-mixer-and-parts\\\/#primaryimage\",\"url\":\"https:\\\/\\\/miningspareparts.com\\\/wp-content\\\/uploads\\\/2023\\\/12\\\/\u5168\u89c6\u56fe-5.webp\",\"contentUrl\":\"https:\\\/\\\/miningspareparts.com\\\/wp-content\\\/uploads\\\/2023\\\/12\\\/\u5168\u89c6\u56fe-5.webp\",\"width\":1417,\"height\":1417,\"caption\":\"asphalt Marini 320 4T Mixer And Parts\"},{\"@type\":\"BreadcrumbList\",\"@id\":\"https:\\\/\\\/miningspareparts.com\\\/product\\\/marini-mac200-mixer-and-parts\\\/#breadcrumb\",\"itemListElement\":[{\"@type\":\"ListItem\",\"position\":1,\"name\":\"Home\",\"item\":\"https:\\\/\\\/miningspareparts.com\\\/\"},{\"@type\":\"ListItem\",\"position\":2,\"name\":\"Premium Mining Wear And Spare Parts\",\"item\":\"https:\\\/\\\/miningspareparts.com\\\/shop\\\/\"},{\"@type\":\"ListItem\",\"position\":3,\"name\":\"Marini MAC200 Mixer And Parts\"}]},{\"@type\":\"WebSite\",\"@id\":\"https:\\\/\\\/miningspareparts.com\\\/#website\",\"url\":\"https:\\\/\\\/miningspareparts.com\\\/\",\"name\":\"Crusher parts , Concrete Mixer Parts, Slurry Pump Parts, Mining Spares\",\"description\":\"Mining Wear &amp; Spare Parts Supplier\",\"publisher\":{\"@id\":\"https:\\\/\\\/miningspareparts.com\\\/#organization\"},\"potentialAction\":[{\"@type\":\"SearchAction\",\"target\":{\"@type\":\"EntryPoint\",\"urlTemplate\":\"https:\\\/\\\/miningspareparts.com\\\/?s={search_term_string}\"},\"query-input\":{\"@type\":\"PropertyValueSpecification\",\"valueRequired\":true,\"valueName\":\"search_term_string\"}}],\"inLanguage\":\"fr-FR\"},{\"@type\":\"Organization\",\"@id\":\"https:\\\/\\\/miningspareparts.com\\\/#organization\",\"name\":\"Crusher parts , Concrete Mixer Parts, Slurry Pump Parts, Mining Spares\",\"url\":\"https:\\\/\\\/miningspareparts.com\\\/\",\"logo\":{\"@type\":\"ImageObject\",\"inLanguage\":\"fr-FR\",\"@id\":\"https:\\\/\\\/miningspareparts.com\\\/#\\\/schema\\\/logo\\\/image\\\/\",\"url\":\"https:\\\/\\\/miningspareparts.com\\\/wp-content\\\/uploads\\\/2025\\\/04\\\/cropped-cropped-logo\u6b63\u65b9\u5f62.png\",\"contentUrl\":\"https:\\\/\\\/miningspareparts.com\\\/wp-content\\\/uploads\\\/2025\\\/04\\\/cropped-cropped-logo\u6b63\u65b9\u5f62.png\",\"width\":511,\"height\":171,\"caption\":\"Crusher parts , Concrete Mixer Parts, Slurry Pump Parts, Mining Spares\"},\"image\":{\"@id\":\"https:\\\/\\\/miningspareparts.com\\\/#\\\/schema\\\/logo\\\/image\\\/\"}}]}<\/script>\n<!-- \/ Yoast SEO plugin. -->","yoast_head_json":{"title":"Marini MAC200 Asphalt Mixer And Parts - Crusher parts, Slurry Pump Parts, Excavator shovel parts","description":"Integrating the superior performance of Marini MAC200 twin-shaft mixer blades, mixing arms and liners, original replacement parts ensure precision","robots":{"index":"index","follow":"follow","max-snippet":"max-snippet:-1","max-image-preview":"max-image-preview:large","max-video-preview":"max-video-preview:-1"},"canonical":"https:\/\/miningspareparts.com\/fr\/produit\/marini-mac200-mixer-and-parts\/","og_locale":"fr_FR","og_type":"article","og_title":"Marini MAC200 Asphalt Mixer And Parts - Crusher parts, Slurry Pump Parts, Excavator shovel parts","og_description":"Integrating the superior performance of Marini MAC200 twin-shaft mixer blades, mixing arms and liners, original replacement parts ensure precision","og_url":"https:\/\/miningspareparts.com\/fr\/produit\/marini-mac200-mixer-and-parts\/","og_site_name":"Crusher parts, Slurry Pump Parts, Excavator shovel parts","article_modified_time":"2024-01-16T08:19:52+00:00","og_image":[{"width":1417,"height":1417,"url":"https:\/\/miningspareparts.com\/wp-content\/uploads\/2023\/12\/\u5168\u89c6\u56fe-5.webp","type":"image\/webp"}],"twitter_card":"summary_large_image","twitter_misc":{"Dur\u00e9e de lecture estim\u00e9e":"2 minutes"},"schema":{"@context":"https:\/\/schema.org","@graph":[{"@type":"WebPage","@id":"https:\/\/miningspareparts.com\/product\/marini-mac200-mixer-and-parts\/","url":"https:\/\/miningspareparts.com\/product\/marini-mac200-mixer-and-parts\/","name":"Marini MAC200 Asphalt Mixer And Parts - Crusher parts, Slurry Pump Parts, Excavator shovel parts","isPartOf":{"@id":"https:\/\/miningspareparts.com\/#website"},"primaryImageOfPage":{"@id":"https:\/\/miningspareparts.com\/product\/marini-mac200-mixer-and-parts\/#primaryimage"},"image":{"@id":"https:\/\/miningspareparts.com\/product\/marini-mac200-mixer-and-parts\/#primaryimage"},"thumbnailUrl":"https:\/\/miningspareparts.com\/wp-content\/uploads\/2023\/12\/\u5168\u89c6\u56fe-5.webp","datePublished":"2023-12-26T05:28:47+00:00","dateModified":"2024-01-16T08:19:52+00:00","description":"Integrating the superior performance of Marini MAC200 twin-shaft mixer blades, mixing arms and liners, original replacement parts ensure precision","breadcrumb":{"@id":"https:\/\/miningspareparts.com\/product\/marini-mac200-mixer-and-parts\/#breadcrumb"},"inLanguage":"fr-FR","potentialAction":[{"@type":"ReadAction","target":["https:\/\/miningspareparts.com\/product\/marini-mac200-mixer-and-parts\/"]}]},{"@type":"ImageObject","inLanguage":"fr-FR","@id":"https:\/\/miningspareparts.com\/product\/marini-mac200-mixer-and-parts\/#primaryimage","url":"https:\/\/miningspareparts.com\/wp-content\/uploads\/2023\/12\/\u5168\u89c6\u56fe-5.webp","contentUrl":"https:\/\/miningspareparts.com\/wp-content\/uploads\/2023\/12\/\u5168\u89c6\u56fe-5.webp","width":1417,"height":1417,"caption":"asphalt Marini 320 4T Mixer And Parts"},{"@type":"BreadcrumbList","@id":"https:\/\/miningspareparts.com\/product\/marini-mac200-mixer-and-parts\/#breadcrumb","itemListElement":[{"@type":"ListItem","position":1,"name":"Home","item":"https:\/\/miningspareparts.com\/"},{"@type":"ListItem","position":2,"name":"Premium Mining Wear And Spare Parts","item":"https:\/\/miningspareparts.com\/shop\/"},{"@type":"ListItem","position":3,"name":"Marini MAC200 Mixer And Parts"}]},{"@type":"WebSite","@id":"https:\/\/miningspareparts.com\/#website","url":"https:\/\/miningspareparts.com\/","name":"Crusher parts , Concrete Mixer Parts, Slurry Pump Parts, Mining Spares","description":"Mining Wear &amp; Spare Parts Supplier","publisher":{"@id":"https:\/\/miningspareparts.com\/#organization"},"potentialAction":[{"@type":"SearchAction","target":{"@type":"EntryPoint","urlTemplate":"https:\/\/miningspareparts.com\/?s={search_term_string}"},"query-input":{"@type":"PropertyValueSpecification","valueRequired":true,"valueName":"search_term_string"}}],"inLanguage":"fr-FR"},{"@type":"Organization","@id":"https:\/\/miningspareparts.com\/#organization","name":"Crusher parts , Concrete Mixer Parts, Slurry Pump Parts, Mining Spares","url":"https:\/\/miningspareparts.com\/","logo":{"@type":"ImageObject","inLanguage":"fr-FR","@id":"https:\/\/miningspareparts.com\/#\/schema\/logo\/image\/","url":"https:\/\/miningspareparts.com\/wp-content\/uploads\/2025\/04\/cropped-cropped-logo\u6b63\u65b9\u5f62.png","contentUrl":"https:\/\/miningspareparts.com\/wp-content\/uploads\/2025\/04\/cropped-cropped-logo\u6b63\u65b9\u5f62.png","width":511,"height":171,"caption":"Crusher parts , Concrete Mixer Parts, Slurry Pump Parts, Mining Spares"},"image":{"@id":"https:\/\/miningspareparts.com\/#\/schema\/logo\/image\/"}}]}},"uagb_featured_image_src":{"full":["https:\/\/miningspareparts.com\/wp-content\/uploads\/2023\/12\/\u5168\u89c6\u56fe-5.webp",1417,1417,false],"thumbnail":["https:\/\/miningspareparts.com\/wp-content\/uploads\/2023\/12\/\u5168\u89c6\u56fe-5-150x150.webp",150,150,true],"medium":["https:\/\/miningspareparts.com\/wp-content\/uploads\/2023\/12\/\u5168\u89c6\u56fe-5-300x300.webp",300,300,true],"medium_large":["https:\/\/miningspareparts.com\/wp-content\/uploads\/2023\/12\/\u5168\u89c6\u56fe-5-768x768.webp",768,768,true],"large":["https:\/\/miningspareparts.com\/wp-content\/uploads\/2023\/12\/\u5168\u89c6\u56fe-5-1024x1024.webp",1024,1024,true],"1536x1536":["https:\/\/miningspareparts.com\/wp-content\/uploads\/2023\/12\/\u5168\u89c6\u56fe-5.webp",1417,1417,false],"2048x2048":["https:\/\/miningspareparts.com\/wp-content\/uploads\/2023\/12\/\u5168\u89c6\u56fe-5.webp",1417,1417,false],"trp-custom-language-flag":["https:\/\/miningspareparts.com\/wp-content\/uploads\/2023\/12\/\u5168\u89c6\u56fe-5.webp",12,12,false],"woocommerce_thumbnail":["https:\/\/miningspareparts.com\/wp-content\/uploads\/2023\/12\/\u5168\u89c6\u56fe-5-300x300.webp",300,300,true],"woocommerce_single":["https:\/\/miningspareparts.com\/wp-content\/uploads\/2023\/12\/\u5168\u89c6\u56fe-5-600x600.webp",600,600,true],"woocommerce_gallery_thumbnail":["https:\/\/miningspareparts.com\/wp-content\/uploads\/2023\/12\/\u5168\u89c6\u56fe-5-100x100.webp",100,100,true]},"uagb_author_info":{"display_name":"Miningspareparts","author_link":"https:\/\/miningspareparts.com\/fr\/author\/"},"uagb_comment_info":0,"uagb_excerpt":"Models:Marini\u00a0 MAC200","_links":{"self":[{"href":"https:\/\/miningspareparts.com\/fr\/wp-json\/wp\/v2\/product\/1812","targetHints":{"allow":["GET"]}}],"collection":[{"href":"https:\/\/miningspareparts.com\/fr\/wp-json\/wp\/v2\/product"}],"about":[{"href":"https:\/\/miningspareparts.com\/fr\/wp-json\/wp\/v2\/types\/product"}],"wp:featuredmedia":[{"embeddable":true,"href":"https:\/\/miningspareparts.com\/fr\/wp-json\/wp\/v2\/media\/1808"}],"wp:attachment":[{"href":"https:\/\/miningspareparts.com\/fr\/wp-json\/wp\/v2\/media?parent=1812"}],"wp:term":[{"taxonomy":"product_brand","embeddable":true,"href":"https:\/\/miningspareparts.com\/fr\/wp-json\/wp\/v2\/product_brand?post=1812"},{"taxonomy":"product_cat","embeddable":true,"href":"https:\/\/miningspareparts.com\/fr\/wp-json\/wp\/v2\/product_cat?post=1812"},{"taxonomy":"product_tag","embeddable":true,"href":"https:\/\/miningspareparts.com\/fr\/wp-json\/wp\/v2\/product_tag?post=1812"}],"curies":[{"name":"wp","href":"https:\/\/api.w.org\/{rel}","templated":true}]}}