{"id":1813,"date":"2023-12-26T05:31:26","date_gmt":"2023-12-26T05:31:26","guid":{"rendered":"https:\/\/miningspareparts.com\/?post_type=product&#038;p=1813"},"modified":"2024-01-16T08:19:27","modified_gmt":"2024-01-16T08:19:27","slug":"marini-xpress-2500-mixer-and-parts","status":"publish","type":"product","link":"https:\/\/miningspareparts.com\/fr\/produit\/marini-xpress-2500-mixer-and-parts\/","title":{"rendered":"Marini XPRESS 2500 Mixeur et pi\u00e8ces d\u00e9tach\u00e9es"},"content":{"rendered":"<p><strong>Voici une description du Marini XPRESS 2500 Mixer And Parts<\/strong><\/p>\n<table width=\"586\">\n<tbody>\n<tr>\n<td width=\"71\">Nombre<\/td>\n<td width=\"184\">Code de l'article<\/td>\n<td width=\"151\">Nom de l'article<\/td>\n<td width=\"94\">Quantit\u00e9\/set<\/td>\n<td width=\"86\">Poids<\/td>\n<\/tr>\n<tr>\n<td>1<\/td>\n<td>MD2773122<\/td>\n<td>Bras<\/td>\n<td>28<\/td>\n<td>24.4<\/td>\n<\/tr>\n<tr>\n<td>2<\/td>\n<td>MD2773147<\/td>\n<td>Hub<\/td>\n<td>28<\/td>\n<td>14<\/td>\n<\/tr>\n<tr>\n<td>3<\/td>\n<td>MD2773074<\/td>\n<td>Bras<\/td>\n<td>8<\/td>\n<td>24.4<\/td>\n<\/tr>\n<tr>\n<td>4<\/td>\n<td>MD2773119<\/td>\n<td>Rev\u00eatement mural<\/td>\n<td>28<\/td>\n<td>9.7<\/td>\n<\/tr>\n<tr>\n<td>5<\/td>\n<td>MD2773138<\/td>\n<td>Rev\u00eatement mural<\/td>\n<td>8<\/td>\n<td>9.7<\/td>\n<\/tr>\n<tr>\n<td>6<\/td>\n<td>MD2773122<\/td>\n<td>Bras<\/td>\n<td>12<\/td>\n<td>24.4<\/td>\n<\/tr>\n<tr>\n<td>7<\/td>\n<td>MD2773147<\/td>\n<td>Hub<\/td>\n<td>12<\/td>\n<td>14<\/td>\n<\/tr>\n<tr>\n<td>8<\/td>\n<td>MD2773074<\/td>\n<td>Bras<\/td>\n<td>6<\/td>\n<td>24.4<\/td>\n<\/tr>\n<tr>\n<td>9<\/td>\n<td>MD2773119<\/td>\n<td>Rev\u00eatement mural<\/td>\n<td>17<\/td>\n<td>9.7<\/td>\n<\/tr>\n<tr>\n<td>10<\/td>\n<td>MD2773138<\/td>\n<td>Rev\u00eatement mural<\/td>\n<td>8<\/td>\n<td>9.7<\/td>\n<\/tr>\n<tr>\n<td>11<\/td>\n<td>MD2773059<\/td>\n<td>Rev\u00eatement mural<\/td>\n<td>24<\/td>\n<td>16.7<\/td>\n<\/tr>\n<tr>\n<td>12<\/td>\n<td>MD2773060<\/td>\n<td>Rev\u00eatement mural<\/td>\n<td>12<\/td>\n<td>14.4<\/td>\n<\/tr>\n<tr>\n<td>13<\/td>\n<td>MD2773061<\/td>\n<td>Rev\u00eatement mural<\/td>\n<td>12<\/td>\n<td>14.4<\/td>\n<\/tr>\n<tr>\n<td>14<\/td>\n<td>MD2773120<\/td>\n<td>Rev\u00eatement mural<\/td>\n<td>12<\/td>\n<td>12.3<\/td>\n<\/tr>\n<tr>\n<td>15<\/td>\n<td>MD2773092<\/td>\n<td>Rev\u00eatement mural<\/td>\n<td>12<\/td>\n<td>15.6<\/td>\n<\/tr>\n<tr>\n<td>16<\/td>\n<td>MD2773123<\/td>\n<td>Rev\u00eatement mural<\/td>\n<td>68<\/td>\n<td>15.7<\/td>\n<\/tr>\n<tr>\n<td>17<\/td>\n<td>MD2773088<\/td>\n<td>Rev\u00eatement mural<\/td>\n<td>12<\/td>\n<td>4.3<\/td>\n<\/tr>\n<tr>\n<td>18<\/td>\n<td>MD2773089<\/td>\n<td>Rev\u00eatement mural<\/td>\n<td>36<\/td>\n<td>5<\/td>\n<\/tr>\n<\/tbody>\n<\/table>\n<p><img fetchpriority=\"high\" decoding=\"async\" class=\"wp-image-3550 alignleft\" src=\"https:\/\/miningspareparts.com\/wp-content\/uploads\/2024\/01\/Mixer-And-Wear-Parts1-239x300.webp\" alt=\"\" width=\"498\" height=\"625\" srcset=\"https:\/\/miningspareparts.com\/wp-content\/uploads\/2024\/01\/Mixer-And-Wear-Parts1-239x300.webp 239w, https:\/\/miningspareparts.com\/wp-content\/uploads\/2024\/01\/Mixer-And-Wear-Parts1-817x1024.webp 817w, https:\/\/miningspareparts.com\/wp-content\/uploads\/2024\/01\/Mixer-And-Wear-Parts1-768x963.webp 768w, https:\/\/miningspareparts.com\/wp-content\/uploads\/2024\/01\/Mixer-And-Wear-Parts1-1226x1536.webp 1226w, https:\/\/miningspareparts.com\/wp-content\/uploads\/2024\/01\/Mixer-And-Wear-Parts1-1634x2048.webp 1634w, https:\/\/miningspareparts.com\/wp-content\/uploads\/2024\/01\/Mixer-And-Wear-Parts1-600x752.webp 600w, https:\/\/miningspareparts.com\/wp-content\/uploads\/2024\/01\/Mixer-And-Wear-Parts1.webp 2037w\" sizes=\"(max-width: 498px) 100vw, 498px\" \/><span style=\"font-size: 16px\">\u00a0<\/span><img decoding=\"async\" class=\"wp-image-3551 alignnone\" style=\"font-weight: inherit\" src=\"https:\/\/miningspareparts.com\/wp-content\/uploads\/2024\/01\/Mixer-And-Wear-Parts2-210x300.webp\" alt=\"\" width=\"454\" height=\"649\" srcset=\"https:\/\/miningspareparts.com\/wp-content\/uploads\/2024\/01\/Mixer-And-Wear-Parts2-210x300.webp 210w, https:\/\/miningspareparts.com\/wp-content\/uploads\/2024\/01\/Mixer-And-Wear-Parts2-600x856.webp 600w\" sizes=\"(max-width: 454px) 100vw, 454px\" \/><\/p>\n<p>Am\u00e9liorez votre production d'asphalte avec nos pales, bras de malaxage et rev\u00eatements de malaxeur \u00e0 deux arbres Marini XPRESS 2500. En tant que fabricant de premier plan, nous mettons l'accent sur les remplacements d'origine, en proposant des composants qui s'int\u00e8grent parfaitement \u00e0 votre syst\u00e8me pour des performances optimales.<\/p>\n<p>Notre engagement en faveur de la qualit\u00e9 va au-del\u00e0 des simples remplacements ; nous fournissons des solutions apr\u00e8s-vente qui r\u00e9pondent \u00e0 l'\u00e9volution des besoins de l'industrie. Nos produits se distinguent par leur durabilit\u00e9, garantissant une dur\u00e9e de vie prolong\u00e9e et des temps d'arr\u00eat r\u00e9duits.<\/p>\n<p>Les pi\u00e8ces de rechange d'origine sont fabriqu\u00e9es selon les normes rigoureuses de Marini, pr\u00e9servant ainsi l'efficacit\u00e9 et la fiabilit\u00e9 du m\u00e9langeur. Les composants du march\u00e9 secondaire s'int\u00e8grent parfaitement \u00e0 votre syst\u00e8me existant, offrant une solution rentable sans compromettre les performances.<\/p>\n<p>La construction durable est la marque de fabrique de nos produits, con\u00e7us pour r\u00e9sister aux exigences s\u00e9v\u00e8res du malaxage d'asphalte. Nous donnons la priorit\u00e9 \u00e0 la long\u00e9vit\u00e9, en reconnaissant l'importance des composants qui supportent les rigueurs d'un fonctionnement continu.<\/p>\n<p>Dans une industrie en constante \u00e9volution, notre engagement envers l'excellence reste in\u00e9branlable. Que vous ayez besoin de remplacements d'origine ou de solutions apr\u00e8s-vente, nos pales, bras de malaxage et rev\u00eatements incarnent la durabilit\u00e9, garantissant que votre malaxeur \u00e0 deux arbres Marini XPRESS 2500 fonctionne au mieux pour les ann\u00e9es \u00e0 venir. Faites \u00e9quipe avec nous pour une exp\u00e9rience d'enrobage fiable et efficace.<\/p>","protected":false},"excerpt":{"rendered":"<p><b>Mod\u00e8les :<\/b><i>Marini<\/i><i> XPRESS 2500<\/i><\/p>","protected":false},"featured_media":1805,"template":"","meta":{"_uag_custom_page_level_css":"","site-sidebar-layout":"default","site-content-layout":"","ast-site-content-layout":"default","site-content-style":"default","site-sidebar-style":"default","ast-global-header-display":"","ast-banner-title-visibility":"","ast-main-header-display":"","ast-hfb-above-header-display":"","ast-hfb-below-header-display":"","ast-hfb-mobile-header-display":"","site-post-title":"","ast-breadcrumbs-content":"","ast-featured-img":"","footer-sml-layout":"","ast-disable-related-posts":"","theme-transparent-header-meta":"default","adv-header-id-meta":"","stick-header-meta":"default","header-above-stick-meta":"","header-main-stick-meta":"","header-below-stick-meta":"","astra-migrate-meta-layouts":"set","ast-page-background-enabled":"default","ast-page-background-meta":{"desktop":{"background-color":"var(--ast-global-color-4)","background-image":"","background-repeat":"repeat","background-position":"center center","background-size":"auto","background-attachment":"scroll","background-type":"","background-media":"","overlay-type":"","overlay-color":"","overlay-opacity":"","overlay-gradient":""},"tablet":{"background-color":"","background-image":"","background-repeat":"repeat","background-position":"center center","background-size":"auto","background-attachment":"scroll","background-type":"","background-media":"","overlay-type":"","overlay-color":"","overlay-opacity":"","overlay-gradient":""},"mobile":{"background-color":"","background-image":"","background-repeat":"repeat","background-position":"center center","background-size":"auto","background-attachment":"scroll","background-type":"","background-media":"","overlay-type":"","overlay-color":"","overlay-opacity":"","overlay-gradient":""}},"ast-content-background-meta":{"desktop":{"background-color":"var(--ast-global-color-5)","background-image":"","background-repeat":"repeat","background-position":"center center","background-size":"auto","background-attachment":"scroll","background-type":"","background-media":"","overlay-type":"","overlay-color":"","overlay-opacity":"","overlay-gradient":""},"tablet":{"background-color":"var(--ast-global-color-5)","background-image":"","background-repeat":"repeat","background-position":"center center","background-size":"auto","background-attachment":"scroll","background-type":"","background-media":"","overlay-type":"","overlay-color":"","overlay-opacity":"","overlay-gradient":""},"mobile":{"background-color":"var(--ast-global-color-5)","background-image":"","background-repeat":"repeat","background-position":"center center","background-size":"auto","background-attachment":"scroll","background-type":"","background-media":"","overlay-type":"","overlay-color":"","overlay-opacity":"","overlay-gradient":""}}},"product_brand":[],"product_cat":[82,85],"product_tag":[267,268,269],"class_list":{"0":"post-1813","1":"product","2":"type-product","3":"status-publish","4":"has-post-thumbnail","6":"product_cat-asphalt-mixer-parts","7":"product_cat-marini","8":"product_tag-asphalt","9":"product_tag-blade","10":"product_tag-mixing-arm","11":"desktop-align-left","12":"tablet-align-left","13":"mobile-align-left","14":"ast-product-gallery-layout-horizontal-slider","15":"ast-product-single-variable","16":"ast-product-tabs-layout-horizontal","18":"first","19":"instock","20":"shipping-taxable","21":"purchasable","22":"product-type-variable"},"yoast_head":"<!-- This site is optimized with the Yoast SEO plugin v27.4 - https:\/\/yoast.com\/product\/yoast-seo-wordpress\/ -->\n<title>Marini XPRESS 2500 Mixer And Parts- Crusher parts, Slurry Pump Parts, Excavator shovel parts<\/title>\n<meta name=\"description\" content=\"Marini XPRESS 2500 twin-shaft mixer components, original products guarantee seamless replacement, durability and optimal performance.\" \/>\n<meta name=\"robots\" content=\"index, follow, max-snippet:-1, max-image-preview:large, max-video-preview:-1\" \/>\n<link rel=\"canonical\" href=\"https:\/\/miningspareparts.com\/fr\/produit\/marini-xpress-2500-mixer-and-parts\/\" \/>\n<meta property=\"og:locale\" content=\"fr_FR\" \/>\n<meta property=\"og:type\" content=\"article\" \/>\n<meta property=\"og:title\" content=\"Marini XPRESS 2500 Mixer And Parts- Crusher parts, Slurry Pump Parts, Excavator shovel parts\" \/>\n<meta property=\"og:description\" content=\"Marini XPRESS 2500 twin-shaft mixer components, original products guarantee seamless replacement, durability and optimal performance.\" \/>\n<meta property=\"og:url\" content=\"https:\/\/miningspareparts.com\/fr\/produit\/marini-xpress-2500-mixer-and-parts\/\" \/>\n<meta property=\"og:site_name\" content=\"Crusher parts, Slurry Pump Parts, Excavator shovel parts\" \/>\n<meta property=\"article:modified_time\" content=\"2024-01-16T08:19:27+00:00\" \/>\n<meta property=\"og:image\" content=\"https:\/\/miningspareparts.com\/wp-content\/uploads\/2023\/12\/ASCOM\u886c\u677f-120.webp\" \/>\n\t<meta property=\"og:image:width\" content=\"1417\" \/>\n\t<meta property=\"og:image:height\" content=\"1417\" \/>\n\t<meta property=\"og:image:type\" content=\"image\/webp\" \/>\n<meta name=\"twitter:card\" content=\"summary_large_image\" \/>\n<meta name=\"twitter:label1\" content=\"Dur\u00e9e de lecture estim\u00e9e\" \/>\n\t<meta name=\"twitter:data1\" content=\"2 minutes\" \/>\n<script type=\"application\/ld+json\" class=\"yoast-schema-graph\">{\"@context\":\"https:\\\/\\\/schema.org\",\"@graph\":[{\"@type\":\"WebPage\",\"@id\":\"https:\\\/\\\/miningspareparts.com\\\/product\\\/marini-xpress-2500-mixer-and-parts\\\/\",\"url\":\"https:\\\/\\\/miningspareparts.com\\\/product\\\/marini-xpress-2500-mixer-and-parts\\\/\",\"name\":\"Marini XPRESS 2500 Mixer And Parts- Crusher parts, Slurry Pump Parts, Excavator shovel parts\",\"isPartOf\":{\"@id\":\"https:\\\/\\\/miningspareparts.com\\\/#website\"},\"primaryImageOfPage\":{\"@id\":\"https:\\\/\\\/miningspareparts.com\\\/product\\\/marini-xpress-2500-mixer-and-parts\\\/#primaryimage\"},\"image\":{\"@id\":\"https:\\\/\\\/miningspareparts.com\\\/product\\\/marini-xpress-2500-mixer-and-parts\\\/#primaryimage\"},\"thumbnailUrl\":\"https:\\\/\\\/miningspareparts.com\\\/wp-content\\\/uploads\\\/2023\\\/12\\\/ASCOM\u886c\u677f-120.webp\",\"datePublished\":\"2023-12-26T05:31:26+00:00\",\"dateModified\":\"2024-01-16T08:19:27+00:00\",\"description\":\"Marini XPRESS 2500 twin-shaft mixer components, original products guarantee seamless replacement, durability and optimal performance.\",\"breadcrumb\":{\"@id\":\"https:\\\/\\\/miningspareparts.com\\\/product\\\/marini-xpress-2500-mixer-and-parts\\\/#breadcrumb\"},\"inLanguage\":\"fr-FR\",\"potentialAction\":[{\"@type\":\"ReadAction\",\"target\":[\"https:\\\/\\\/miningspareparts.com\\\/product\\\/marini-xpress-2500-mixer-and-parts\\\/\"]}]},{\"@type\":\"ImageObject\",\"inLanguage\":\"fr-FR\",\"@id\":\"https:\\\/\\\/miningspareparts.com\\\/product\\\/marini-xpress-2500-mixer-and-parts\\\/#primaryimage\",\"url\":\"https:\\\/\\\/miningspareparts.com\\\/wp-content\\\/uploads\\\/2023\\\/12\\\/ASCOM\u886c\u677f-120.webp\",\"contentUrl\":\"https:\\\/\\\/miningspareparts.com\\\/wp-content\\\/uploads\\\/2023\\\/12\\\/ASCOM\u886c\u677f-120.webp\",\"width\":1417,\"height\":1417,\"caption\":\"asphalt Marini 320 4T Mixer And Parts liner\"},{\"@type\":\"BreadcrumbList\",\"@id\":\"https:\\\/\\\/miningspareparts.com\\\/product\\\/marini-xpress-2500-mixer-and-parts\\\/#breadcrumb\",\"itemListElement\":[{\"@type\":\"ListItem\",\"position\":1,\"name\":\"Home\",\"item\":\"https:\\\/\\\/miningspareparts.com\\\/\"},{\"@type\":\"ListItem\",\"position\":2,\"name\":\"Premium Mining Wear And Spare Parts\",\"item\":\"https:\\\/\\\/miningspareparts.com\\\/shop\\\/\"},{\"@type\":\"ListItem\",\"position\":3,\"name\":\"Marini XPRESS 2500 Mixer And Parts\"}]},{\"@type\":\"WebSite\",\"@id\":\"https:\\\/\\\/miningspareparts.com\\\/#website\",\"url\":\"https:\\\/\\\/miningspareparts.com\\\/\",\"name\":\"Crusher parts , Concrete Mixer Parts, Slurry Pump Parts, Mining Spares\",\"description\":\"Mining Wear &amp; Spare Parts Supplier\",\"publisher\":{\"@id\":\"https:\\\/\\\/miningspareparts.com\\\/#organization\"},\"potentialAction\":[{\"@type\":\"SearchAction\",\"target\":{\"@type\":\"EntryPoint\",\"urlTemplate\":\"https:\\\/\\\/miningspareparts.com\\\/?s={search_term_string}\"},\"query-input\":{\"@type\":\"PropertyValueSpecification\",\"valueRequired\":true,\"valueName\":\"search_term_string\"}}],\"inLanguage\":\"fr-FR\"},{\"@type\":\"Organization\",\"@id\":\"https:\\\/\\\/miningspareparts.com\\\/#organization\",\"name\":\"Crusher parts , Concrete Mixer Parts, Slurry Pump Parts, Mining Spares\",\"url\":\"https:\\\/\\\/miningspareparts.com\\\/\",\"logo\":{\"@type\":\"ImageObject\",\"inLanguage\":\"fr-FR\",\"@id\":\"https:\\\/\\\/miningspareparts.com\\\/#\\\/schema\\\/logo\\\/image\\\/\",\"url\":\"https:\\\/\\\/miningspareparts.com\\\/wp-content\\\/uploads\\\/2025\\\/04\\\/cropped-cropped-logo\u6b63\u65b9\u5f62.png\",\"contentUrl\":\"https:\\\/\\\/miningspareparts.com\\\/wp-content\\\/uploads\\\/2025\\\/04\\\/cropped-cropped-logo\u6b63\u65b9\u5f62.png\",\"width\":511,\"height\":171,\"caption\":\"Crusher parts , Concrete Mixer Parts, Slurry Pump Parts, Mining Spares\"},\"image\":{\"@id\":\"https:\\\/\\\/miningspareparts.com\\\/#\\\/schema\\\/logo\\\/image\\\/\"}}]}<\/script>\n<!-- \/ Yoast SEO plugin. -->","yoast_head_json":{"title":"Marini XPRESS 2500 Mixer And Parts- Crusher parts, Slurry Pump Parts, Excavator shovel parts","description":"Marini XPRESS 2500 twin-shaft mixer components, original products guarantee seamless replacement, durability and optimal performance.","robots":{"index":"index","follow":"follow","max-snippet":"max-snippet:-1","max-image-preview":"max-image-preview:large","max-video-preview":"max-video-preview:-1"},"canonical":"https:\/\/miningspareparts.com\/fr\/produit\/marini-xpress-2500-mixer-and-parts\/","og_locale":"fr_FR","og_type":"article","og_title":"Marini XPRESS 2500 Mixer And Parts- Crusher parts, Slurry Pump Parts, Excavator shovel parts","og_description":"Marini XPRESS 2500 twin-shaft mixer components, original products guarantee seamless replacement, durability and optimal performance.","og_url":"https:\/\/miningspareparts.com\/fr\/produit\/marini-xpress-2500-mixer-and-parts\/","og_site_name":"Crusher parts, Slurry Pump Parts, Excavator shovel parts","article_modified_time":"2024-01-16T08:19:27+00:00","og_image":[{"width":1417,"height":1417,"url":"https:\/\/miningspareparts.com\/wp-content\/uploads\/2023\/12\/ASCOM\u886c\u677f-120.webp","type":"image\/webp"}],"twitter_card":"summary_large_image","twitter_misc":{"Dur\u00e9e de lecture estim\u00e9e":"2 minutes"},"schema":{"@context":"https:\/\/schema.org","@graph":[{"@type":"WebPage","@id":"https:\/\/miningspareparts.com\/product\/marini-xpress-2500-mixer-and-parts\/","url":"https:\/\/miningspareparts.com\/product\/marini-xpress-2500-mixer-and-parts\/","name":"Marini XPRESS 2500 Mixer And Parts- Crusher parts, Slurry Pump Parts, Excavator shovel parts","isPartOf":{"@id":"https:\/\/miningspareparts.com\/#website"},"primaryImageOfPage":{"@id":"https:\/\/miningspareparts.com\/product\/marini-xpress-2500-mixer-and-parts\/#primaryimage"},"image":{"@id":"https:\/\/miningspareparts.com\/product\/marini-xpress-2500-mixer-and-parts\/#primaryimage"},"thumbnailUrl":"https:\/\/miningspareparts.com\/wp-content\/uploads\/2023\/12\/ASCOM\u886c\u677f-120.webp","datePublished":"2023-12-26T05:31:26+00:00","dateModified":"2024-01-16T08:19:27+00:00","description":"Marini XPRESS 2500 twin-shaft mixer components, original products guarantee seamless replacement, durability and optimal performance.","breadcrumb":{"@id":"https:\/\/miningspareparts.com\/product\/marini-xpress-2500-mixer-and-parts\/#breadcrumb"},"inLanguage":"fr-FR","potentialAction":[{"@type":"ReadAction","target":["https:\/\/miningspareparts.com\/product\/marini-xpress-2500-mixer-and-parts\/"]}]},{"@type":"ImageObject","inLanguage":"fr-FR","@id":"https:\/\/miningspareparts.com\/product\/marini-xpress-2500-mixer-and-parts\/#primaryimage","url":"https:\/\/miningspareparts.com\/wp-content\/uploads\/2023\/12\/ASCOM\u886c\u677f-120.webp","contentUrl":"https:\/\/miningspareparts.com\/wp-content\/uploads\/2023\/12\/ASCOM\u886c\u677f-120.webp","width":1417,"height":1417,"caption":"asphalt Marini 320 4T Mixer And Parts liner"},{"@type":"BreadcrumbList","@id":"https:\/\/miningspareparts.com\/product\/marini-xpress-2500-mixer-and-parts\/#breadcrumb","itemListElement":[{"@type":"ListItem","position":1,"name":"Home","item":"https:\/\/miningspareparts.com\/"},{"@type":"ListItem","position":2,"name":"Premium Mining Wear And Spare Parts","item":"https:\/\/miningspareparts.com\/shop\/"},{"@type":"ListItem","position":3,"name":"Marini XPRESS 2500 Mixer And Parts"}]},{"@type":"WebSite","@id":"https:\/\/miningspareparts.com\/#website","url":"https:\/\/miningspareparts.com\/","name":"Crusher parts , Concrete Mixer Parts, Slurry Pump Parts, Mining Spares","description":"Mining Wear &amp; Spare Parts Supplier","publisher":{"@id":"https:\/\/miningspareparts.com\/#organization"},"potentialAction":[{"@type":"SearchAction","target":{"@type":"EntryPoint","urlTemplate":"https:\/\/miningspareparts.com\/?s={search_term_string}"},"query-input":{"@type":"PropertyValueSpecification","valueRequired":true,"valueName":"search_term_string"}}],"inLanguage":"fr-FR"},{"@type":"Organization","@id":"https:\/\/miningspareparts.com\/#organization","name":"Crusher parts , Concrete Mixer Parts, Slurry Pump Parts, Mining Spares","url":"https:\/\/miningspareparts.com\/","logo":{"@type":"ImageObject","inLanguage":"fr-FR","@id":"https:\/\/miningspareparts.com\/#\/schema\/logo\/image\/","url":"https:\/\/miningspareparts.com\/wp-content\/uploads\/2025\/04\/cropped-cropped-logo\u6b63\u65b9\u5f62.png","contentUrl":"https:\/\/miningspareparts.com\/wp-content\/uploads\/2025\/04\/cropped-cropped-logo\u6b63\u65b9\u5f62.png","width":511,"height":171,"caption":"Crusher parts , Concrete Mixer Parts, Slurry Pump Parts, Mining Spares"},"image":{"@id":"https:\/\/miningspareparts.com\/#\/schema\/logo\/image\/"}}]}},"uagb_featured_image_src":{"full":["https:\/\/miningspareparts.com\/wp-content\/uploads\/2023\/12\/ASCOM\u886c\u677f-120.webp",1417,1417,false],"thumbnail":["https:\/\/miningspareparts.com\/wp-content\/uploads\/2023\/12\/ASCOM\u886c\u677f-120-150x150.webp",150,150,true],"medium":["https:\/\/miningspareparts.com\/wp-content\/uploads\/2023\/12\/ASCOM\u886c\u677f-120-300x300.webp",300,300,true],"medium_large":["https:\/\/miningspareparts.com\/wp-content\/uploads\/2023\/12\/ASCOM\u886c\u677f-120-768x768.webp",768,768,true],"large":["https:\/\/miningspareparts.com\/wp-content\/uploads\/2023\/12\/ASCOM\u886c\u677f-120-1024x1024.webp",1024,1024,true],"1536x1536":["https:\/\/miningspareparts.com\/wp-content\/uploads\/2023\/12\/ASCOM\u886c\u677f-120.webp",1417,1417,false],"2048x2048":["https:\/\/miningspareparts.com\/wp-content\/uploads\/2023\/12\/ASCOM\u886c\u677f-120.webp",1417,1417,false],"trp-custom-language-flag":["https:\/\/miningspareparts.com\/wp-content\/uploads\/2023\/12\/ASCOM\u886c\u677f-120.webp",12,12,false],"woocommerce_thumbnail":["https:\/\/miningspareparts.com\/wp-content\/uploads\/2023\/12\/ASCOM\u886c\u677f-120-300x300.webp",300,300,true],"woocommerce_single":["https:\/\/miningspareparts.com\/wp-content\/uploads\/2023\/12\/ASCOM\u886c\u677f-120-600x600.webp",600,600,true],"woocommerce_gallery_thumbnail":["https:\/\/miningspareparts.com\/wp-content\/uploads\/2023\/12\/ASCOM\u886c\u677f-120-100x100.webp",100,100,true]},"uagb_author_info":{"display_name":"Miningspareparts","author_link":"https:\/\/miningspareparts.com\/fr\/author\/"},"uagb_comment_info":0,"uagb_excerpt":"Models:Marini XPRESS 2500","_links":{"self":[{"href":"https:\/\/miningspareparts.com\/fr\/wp-json\/wp\/v2\/product\/1813","targetHints":{"allow":["GET"]}}],"collection":[{"href":"https:\/\/miningspareparts.com\/fr\/wp-json\/wp\/v2\/product"}],"about":[{"href":"https:\/\/miningspareparts.com\/fr\/wp-json\/wp\/v2\/types\/product"}],"wp:featuredmedia":[{"embeddable":true,"href":"https:\/\/miningspareparts.com\/fr\/wp-json\/wp\/v2\/media\/1805"}],"wp:attachment":[{"href":"https:\/\/miningspareparts.com\/fr\/wp-json\/wp\/v2\/media?parent=1813"}],"wp:term":[{"taxonomy":"product_brand","embeddable":true,"href":"https:\/\/miningspareparts.com\/fr\/wp-json\/wp\/v2\/product_brand?post=1813"},{"taxonomy":"product_cat","embeddable":true,"href":"https:\/\/miningspareparts.com\/fr\/wp-json\/wp\/v2\/product_cat?post=1813"},{"taxonomy":"product_tag","embeddable":true,"href":"https:\/\/miningspareparts.com\/fr\/wp-json\/wp\/v2\/product_tag?post=1813"}],"curies":[{"name":"wp","href":"https:\/\/api.w.org\/{rel}","templated":true}]}}