{"id":1822,"date":"2023-12-26T06:15:31","date_gmt":"2023-12-26T06:15:31","guid":{"rendered":"https:\/\/miningspareparts.com\/?post_type=product&#038;p=1822"},"modified":"2024-01-16T08:18:09","modified_gmt":"2024-01-16T08:18:09","slug":"lintec-m12-mixer-and-parts","status":"publish","type":"product","link":"https:\/\/miningspareparts.com\/fr\/produit\/lintec-m12-mixer-and-parts\/","title":{"rendered":"M\u00e9langeur Lintec M12 et pi\u00e8ces d\u00e9tach\u00e9es"},"content":{"rendered":"<p><strong>Voici une description du Lintec M12 Mixer And Parts<\/strong><\/p>\n<table width=\"515\">\n<tbody>\n<tr>\n<td width=\"184\">Code de l'article<\/td>\n<td width=\"151\">Nom de l'article<\/td>\n<td width=\"94\">Quantit\u00e9\/set<\/td>\n<td width=\"86\">Poids<\/td>\n<\/tr>\n<tr>\n<td width=\"184\">MX12-3150.14A<\/td>\n<td width=\"151\">Doublure circulaire<\/td>\n<td>1<\/td>\n<td width=\"86\">20.5<\/td>\n<\/tr>\n<tr>\n<td width=\"184\">MX12-3150.17A<\/td>\n<td width=\"151\">Doublure circulaire<\/td>\n<td>4<\/td>\n<td width=\"86\">17.6<\/td>\n<\/tr>\n<tr>\n<td width=\"184\">MX12-3150.18A<\/td>\n<td width=\"151\">Doublure circulaire<\/td>\n<td>1<\/td>\n<td width=\"86\">18.7<\/td>\n<\/tr>\n<tr>\n<td width=\"184\">MX12-3150.10A<\/td>\n<td width=\"151\">Doublure lat\u00e9rale<\/td>\n<td>8<\/td>\n<td width=\"86\">18.2<\/td>\n<\/tr>\n<tr>\n<td width=\"184\">MX12-3150.11A<\/td>\n<td width=\"151\">Rev\u00eatement mural<\/td>\n<td>4<\/td>\n<td width=\"86\">32.8<\/td>\n<\/tr>\n<tr>\n<td width=\"184\">MX12-3150.12A<\/td>\n<td width=\"151\">\u00a0\u00a0 Rev\u00eatement de carreaux<\/td>\n<td>24<\/td>\n<td width=\"86\">14.5<\/td>\n<\/tr>\n<tr>\n<td width=\"184\">MX12-3150.13A<\/td>\n<td width=\"151\">Doublure de squat<\/td>\n<td>12<\/td>\n<td width=\"86\">6<\/td>\n<\/tr>\n<tr>\n<td width=\"184\">MX12.3130.11A-bruz<\/td>\n<td>Bras-L<\/td>\n<td>24<\/td>\n<td width=\"86\">13<\/td>\n<\/tr>\n<tr>\n<td width=\"184\">MX12.3130.13A-bruz<\/td>\n<td>Bras-R<\/td>\n<td>8<\/td>\n<td>13<\/td>\n<\/tr>\n<tr>\n<td width=\"184\">MX12.3130.12A-bruz<\/td>\n<td>Conseils-R<\/td>\n<td>8<\/td>\n<td>6.8<\/td>\n<\/tr>\n<tr>\n<td width=\"184\">MX12.3130.14A-bruz<\/td>\n<td>Tips-L<\/td>\n<td>24<\/td>\n<td>6.8<\/td>\n<\/tr>\n<tr>\n<td width=\"184\">MX12.3130.22A-bruz<\/td>\n<td>Protection des bras L<\/td>\n<td>24<\/td>\n<td>1<\/td>\n<\/tr>\n<tr>\n<td width=\"184\">MX12.3130.21A-bruz<\/td>\n<td>Protection des bras-R<\/td>\n<td>8<\/td>\n<td>1<\/td>\n<\/tr>\n<\/tbody>\n<\/table>\n<p><img fetchpriority=\"high\" decoding=\"async\" class=\"wp-image-3550 alignleft\" src=\"https:\/\/miningspareparts.com\/wp-content\/uploads\/2024\/01\/Mixer-And-Wear-Parts1-239x300.webp\" alt=\"\" width=\"498\" height=\"625\" srcset=\"https:\/\/miningspareparts.com\/wp-content\/uploads\/2024\/01\/Mixer-And-Wear-Parts1-239x300.webp 239w, https:\/\/miningspareparts.com\/wp-content\/uploads\/2024\/01\/Mixer-And-Wear-Parts1-817x1024.webp 817w, https:\/\/miningspareparts.com\/wp-content\/uploads\/2024\/01\/Mixer-And-Wear-Parts1-768x963.webp 768w, https:\/\/miningspareparts.com\/wp-content\/uploads\/2024\/01\/Mixer-And-Wear-Parts1-1226x1536.webp 1226w, https:\/\/miningspareparts.com\/wp-content\/uploads\/2024\/01\/Mixer-And-Wear-Parts1-1634x2048.webp 1634w, https:\/\/miningspareparts.com\/wp-content\/uploads\/2024\/01\/Mixer-And-Wear-Parts1-600x752.webp 600w, https:\/\/miningspareparts.com\/wp-content\/uploads\/2024\/01\/Mixer-And-Wear-Parts1.webp 2037w\" sizes=\"(max-width: 498px) 100vw, 498px\" \/><span style=\"font-size: 16px\">\u00a0<\/span><img decoding=\"async\" class=\"wp-image-3551 alignnone\" style=\"font-weight: inherit\" src=\"https:\/\/miningspareparts.com\/wp-content\/uploads\/2024\/01\/Mixer-And-Wear-Parts2-210x300.webp\" alt=\"\" width=\"454\" height=\"649\" srcset=\"https:\/\/miningspareparts.com\/wp-content\/uploads\/2024\/01\/Mixer-And-Wear-Parts2-210x300.webp 210w, https:\/\/miningspareparts.com\/wp-content\/uploads\/2024\/01\/Mixer-And-Wear-Parts2-600x856.webp 600w\" sizes=\"(max-width: 454px) 100vw, 454px\" \/><\/p>\n<p>Obtenez une pr\u00e9cision de m\u00e9lange in\u00e9gal\u00e9e avec les pales, les bras de m\u00e9lange et les rev\u00eatements des m\u00e9langeurs \u00e0 deux arbres Lintec M12. Notre engagement \u00e0 fournir des composants de remplacement d'origine garantit des performances optimales, la long\u00e9vit\u00e9 et la fiabilit\u00e9 de vos processus de m\u00e9lange.<\/p>\n<p>Le remplacement d'origine signifie que nous nous engageons \u00e0 fournir des composants qui s'int\u00e8grent parfaitement \u00e0 votre m\u00e9langeur Lintec M12, refl\u00e9tant la pr\u00e9cision et la qualit\u00e9 des originaux d'usine. Le choix de nos composants garantit un ajustement parfait, pr\u00e9servant l'efficacit\u00e9 et la fonctionnalit\u00e9 du m\u00e9langeur.<\/p>\n<p>Contrairement aux pi\u00e8ces de rechange d'origine, les options du march\u00e9 secondaire peuvent compromettre la qualit\u00e9, l'ajustement et la performance. Notre engagement en faveur de l'excellence garantit que nos composants respectent les normes les plus strictes, offrant ainsi une alternative fiable et efficace aux pi\u00e8ces d'origine. Nous comprenons les exigences uniques de l'industrie du m\u00e9lange, et nos solutions de rechange offrent une option rentable sans compromettre les performances.<\/p>\n<p>La durabilit\u00e9 est au c\u0153ur de notre philosophie de conception. Nos pales, bras de malaxage et rev\u00eatements pour le malaxeur \u00e0 deux arbres Lintec M12 sont fabriqu\u00e9s \u00e0 partir de mat\u00e9riaux robustes, con\u00e7us pour r\u00e9sister aux rigueurs des applications de malaxage \u00e0 usage intensif. Que vous produisiez du b\u00e9ton, de l'asphalte ou d'autres mat\u00e9riaux, nos composants garantissent la long\u00e9vit\u00e9, r\u00e9duisant ainsi les temps d'arr\u00eat et les co\u00fbts de maintenance.<\/p>\n<p>L'ing\u00e9nierie de pr\u00e9cision d\u00e9finit nos composants, garantissant une performance de m\u00e9lange optimale, une homog\u00e9n\u00e9isation efficace des mat\u00e9riaux et une r\u00e9duction de l'usure. La synergie entre nos pi\u00e8ces de rechange d'origine, nos pi\u00e8ces de rechange et nos composants durables garantit que votre m\u00e9langeur \u00e0 deux arbres Lintec M12 fonctionne avec une efficacit\u00e9 maximale, r\u00e9pondant \u00e0 vos exigences de production et les d\u00e9passant.<\/p>","protected":false},"excerpt":{"rendered":"<table width=\"1258\">\n<tbody>\n<tr>\n<td colspan=\"6\" width=\"1258\"><b>Mod\u00e8les :<\/b><i>Lintec<\/i><i> M12<\/i><\/td>\n<\/tr>\n<\/tbody>\n<\/table>","protected":false},"featured_media":1817,"template":"","meta":{"_uag_custom_page_level_css":"","site-sidebar-layout":"default","site-content-layout":"","ast-site-content-layout":"default","site-content-style":"default","site-sidebar-style":"default","ast-global-header-display":"","ast-banner-title-visibility":"","ast-main-header-display":"","ast-hfb-above-header-display":"","ast-hfb-below-header-display":"","ast-hfb-mobile-header-display":"","site-post-title":"","ast-breadcrumbs-content":"","ast-featured-img":"","footer-sml-layout":"","ast-disable-related-posts":"","theme-transparent-header-meta":"default","adv-header-id-meta":"","stick-header-meta":"default","header-above-stick-meta":"","header-main-stick-meta":"","header-below-stick-meta":"","astra-migrate-meta-layouts":"set","ast-page-background-enabled":"default","ast-page-background-meta":{"desktop":{"background-color":"var(--ast-global-color-4)","background-image":"","background-repeat":"repeat","background-position":"center center","background-size":"auto","background-attachment":"scroll","background-type":"","background-media":"","overlay-type":"","overlay-color":"","overlay-opacity":"","overlay-gradient":""},"tablet":{"background-color":"","background-image":"","background-repeat":"repeat","background-position":"center center","background-size":"auto","background-attachment":"scroll","background-type":"","background-media":"","overlay-type":"","overlay-color":"","overlay-opacity":"","overlay-gradient":""},"mobile":{"background-color":"","background-image":"","background-repeat":"repeat","background-position":"center center","background-size":"auto","background-attachment":"scroll","background-type":"","background-media":"","overlay-type":"","overlay-color":"","overlay-opacity":"","overlay-gradient":""}},"ast-content-background-meta":{"desktop":{"background-color":"var(--ast-global-color-5)","background-image":"","background-repeat":"repeat","background-position":"center center","background-size":"auto","background-attachment":"scroll","background-type":"","background-media":"","overlay-type":"","overlay-color":"","overlay-opacity":"","overlay-gradient":""},"tablet":{"background-color":"var(--ast-global-color-5)","background-image":"","background-repeat":"repeat","background-position":"center center","background-size":"auto","background-attachment":"scroll","background-type":"","background-media":"","overlay-type":"","overlay-color":"","overlay-opacity":"","overlay-gradient":""},"mobile":{"background-color":"var(--ast-global-color-5)","background-image":"","background-repeat":"repeat","background-position":"center center","background-size":"auto","background-attachment":"scroll","background-type":"","background-media":"","overlay-type":"","overlay-color":"","overlay-opacity":"","overlay-gradient":""}}},"product_brand":[],"product_cat":[82,83],"product_tag":[267,268,271,269],"class_list":{"0":"post-1822","1":"product","2":"type-product","3":"status-publish","4":"has-post-thumbnail","6":"product_cat-asphalt-mixer-parts","7":"product_cat-lintec","8":"product_tag-asphalt","9":"product_tag-blade","10":"product_tag-lintec","11":"product_tag-mixing-arm","12":"desktop-align-left","13":"tablet-align-left","14":"mobile-align-left","15":"ast-product-gallery-layout-horizontal-slider","16":"ast-product-single-variable","17":"ast-product-tabs-layout-horizontal","19":"first","20":"instock","21":"shipping-taxable","22":"purchasable","23":"product-type-variable"},"yoast_head":"<!-- This site is optimized with the Yoast SEO plugin v27.4 - https:\/\/yoast.com\/product\/yoast-seo-wordpress\/ -->\n<title>Lintec M12 Mixer And Parts - Crusher parts, Slurry Pump Parts, Excavator shovel parts<\/title>\n<meta name=\"description\" content=\"Elevate your mixing efficiency with Lintec M12 twin-shaft mixer blades, mixing arms, and liners\u2014crafted for wear resistance and original replacement precision.\" \/>\n<meta name=\"robots\" content=\"index, follow, max-snippet:-1, max-image-preview:large, max-video-preview:-1\" \/>\n<link rel=\"canonical\" href=\"https:\/\/miningspareparts.com\/fr\/produit\/lintec-m12-mixer-and-parts\/\" \/>\n<meta property=\"og:locale\" content=\"fr_FR\" \/>\n<meta property=\"og:type\" content=\"article\" \/>\n<meta property=\"og:title\" content=\"Lintec M12 Mixer And Parts - Crusher parts, Slurry Pump Parts, Excavator shovel parts\" \/>\n<meta property=\"og:description\" content=\"Elevate your mixing efficiency with Lintec M12 twin-shaft mixer blades, mixing arms, and liners\u2014crafted for wear resistance and original replacement precision.\" \/>\n<meta property=\"og:url\" content=\"https:\/\/miningspareparts.com\/fr\/produit\/lintec-m12-mixer-and-parts\/\" \/>\n<meta property=\"og:site_name\" content=\"Crusher parts, Slurry Pump Parts, Excavator shovel parts\" \/>\n<meta property=\"article:modified_time\" content=\"2024-01-16T08:18:09+00:00\" \/>\n<meta property=\"og:image\" content=\"https:\/\/miningspareparts.com\/wp-content\/uploads\/2023\/12\/\u7aef\u7532-7.webp\" \/>\n\t<meta property=\"og:image:width\" content=\"1417\" \/>\n\t<meta property=\"og:image:height\" content=\"1417\" \/>\n\t<meta property=\"og:image:type\" content=\"image\/webp\" \/>\n<meta name=\"twitter:card\" content=\"summary_large_image\" \/>\n<meta name=\"twitter:label1\" content=\"Dur\u00e9e de lecture estim\u00e9e\" \/>\n\t<meta name=\"twitter:data1\" content=\"2 minutes\" \/>\n<script type=\"application\/ld+json\" class=\"yoast-schema-graph\">{\"@context\":\"https:\\\/\\\/schema.org\",\"@graph\":[{\"@type\":\"WebPage\",\"@id\":\"https:\\\/\\\/miningspareparts.com\\\/product\\\/lintec-m12-mixer-and-parts\\\/\",\"url\":\"https:\\\/\\\/miningspareparts.com\\\/product\\\/lintec-m12-mixer-and-parts\\\/\",\"name\":\"Lintec M12 Mixer And Parts - Crusher parts, Slurry Pump Parts, Excavator shovel parts\",\"isPartOf\":{\"@id\":\"https:\\\/\\\/miningspareparts.com\\\/#website\"},\"primaryImageOfPage\":{\"@id\":\"https:\\\/\\\/miningspareparts.com\\\/product\\\/lintec-m12-mixer-and-parts\\\/#primaryimage\"},\"image\":{\"@id\":\"https:\\\/\\\/miningspareparts.com\\\/product\\\/lintec-m12-mixer-and-parts\\\/#primaryimage\"},\"thumbnailUrl\":\"https:\\\/\\\/miningspareparts.com\\\/wp-content\\\/uploads\\\/2023\\\/12\\\/\u7aef\u7532-7.webp\",\"datePublished\":\"2023-12-26T06:15:31+00:00\",\"dateModified\":\"2024-01-16T08:18:09+00:00\",\"description\":\"Elevate your mixing efficiency with Lintec M12 twin-shaft mixer blades, mixing arms, and liners\u2014crafted for wear resistance and original replacement precision.\",\"breadcrumb\":{\"@id\":\"https:\\\/\\\/miningspareparts.com\\\/product\\\/lintec-m12-mixer-and-parts\\\/#breadcrumb\"},\"inLanguage\":\"fr-FR\",\"potentialAction\":[{\"@type\":\"ReadAction\",\"target\":[\"https:\\\/\\\/miningspareparts.com\\\/product\\\/lintec-m12-mixer-and-parts\\\/\"]}]},{\"@type\":\"ImageObject\",\"inLanguage\":\"fr-FR\",\"@id\":\"https:\\\/\\\/miningspareparts.com\\\/product\\\/lintec-m12-mixer-and-parts\\\/#primaryimage\",\"url\":\"https:\\\/\\\/miningspareparts.com\\\/wp-content\\\/uploads\\\/2023\\\/12\\\/\u7aef\u7532-7.webp\",\"contentUrl\":\"https:\\\/\\\/miningspareparts.com\\\/wp-content\\\/uploads\\\/2023\\\/12\\\/\u7aef\u7532-7.webp\",\"width\":1417,\"height\":1417,\"caption\":\"asphalt Lintec 1500 Mixer And Parts end liner\"},{\"@type\":\"BreadcrumbList\",\"@id\":\"https:\\\/\\\/miningspareparts.com\\\/product\\\/lintec-m12-mixer-and-parts\\\/#breadcrumb\",\"itemListElement\":[{\"@type\":\"ListItem\",\"position\":1,\"name\":\"Home\",\"item\":\"https:\\\/\\\/miningspareparts.com\\\/\"},{\"@type\":\"ListItem\",\"position\":2,\"name\":\"Premium Mining Wear And Spare Parts\",\"item\":\"https:\\\/\\\/miningspareparts.com\\\/shop\\\/\"},{\"@type\":\"ListItem\",\"position\":3,\"name\":\"Lintec M12 Mixer And Parts\"}]},{\"@type\":\"WebSite\",\"@id\":\"https:\\\/\\\/miningspareparts.com\\\/#website\",\"url\":\"https:\\\/\\\/miningspareparts.com\\\/\",\"name\":\"Crusher parts , Concrete Mixer Parts, Slurry Pump Parts, Mining Spares\",\"description\":\"Mining Wear &amp; Spare Parts Supplier\",\"publisher\":{\"@id\":\"https:\\\/\\\/miningspareparts.com\\\/#organization\"},\"potentialAction\":[{\"@type\":\"SearchAction\",\"target\":{\"@type\":\"EntryPoint\",\"urlTemplate\":\"https:\\\/\\\/miningspareparts.com\\\/?s={search_term_string}\"},\"query-input\":{\"@type\":\"PropertyValueSpecification\",\"valueRequired\":true,\"valueName\":\"search_term_string\"}}],\"inLanguage\":\"fr-FR\"},{\"@type\":\"Organization\",\"@id\":\"https:\\\/\\\/miningspareparts.com\\\/#organization\",\"name\":\"Crusher parts , Concrete Mixer Parts, Slurry Pump Parts, Mining Spares\",\"url\":\"https:\\\/\\\/miningspareparts.com\\\/\",\"logo\":{\"@type\":\"ImageObject\",\"inLanguage\":\"fr-FR\",\"@id\":\"https:\\\/\\\/miningspareparts.com\\\/#\\\/schema\\\/logo\\\/image\\\/\",\"url\":\"https:\\\/\\\/miningspareparts.com\\\/wp-content\\\/uploads\\\/2025\\\/04\\\/cropped-cropped-logo\u6b63\u65b9\u5f62.png\",\"contentUrl\":\"https:\\\/\\\/miningspareparts.com\\\/wp-content\\\/uploads\\\/2025\\\/04\\\/cropped-cropped-logo\u6b63\u65b9\u5f62.png\",\"width\":511,\"height\":171,\"caption\":\"Crusher parts , Concrete Mixer Parts, Slurry Pump Parts, Mining Spares\"},\"image\":{\"@id\":\"https:\\\/\\\/miningspareparts.com\\\/#\\\/schema\\\/logo\\\/image\\\/\"}}]}<\/script>\n<!-- \/ Yoast SEO plugin. -->","yoast_head_json":{"title":"Lintec M12 Mixer And Parts - Crusher parts, Slurry Pump Parts, Excavator shovel parts","description":"Elevate your mixing efficiency with Lintec M12 twin-shaft mixer blades, mixing arms, and liners\u2014crafted for wear resistance and original replacement precision.","robots":{"index":"index","follow":"follow","max-snippet":"max-snippet:-1","max-image-preview":"max-image-preview:large","max-video-preview":"max-video-preview:-1"},"canonical":"https:\/\/miningspareparts.com\/fr\/produit\/lintec-m12-mixer-and-parts\/","og_locale":"fr_FR","og_type":"article","og_title":"Lintec M12 Mixer And Parts - Crusher parts, Slurry Pump Parts, Excavator shovel parts","og_description":"Elevate your mixing efficiency with Lintec M12 twin-shaft mixer blades, mixing arms, and liners\u2014crafted for wear resistance and original replacement precision.","og_url":"https:\/\/miningspareparts.com\/fr\/produit\/lintec-m12-mixer-and-parts\/","og_site_name":"Crusher parts, Slurry Pump Parts, Excavator shovel parts","article_modified_time":"2024-01-16T08:18:09+00:00","og_image":[{"width":1417,"height":1417,"url":"https:\/\/miningspareparts.com\/wp-content\/uploads\/2023\/12\/\u7aef\u7532-7.webp","type":"image\/webp"}],"twitter_card":"summary_large_image","twitter_misc":{"Dur\u00e9e de lecture estim\u00e9e":"2 minutes"},"schema":{"@context":"https:\/\/schema.org","@graph":[{"@type":"WebPage","@id":"https:\/\/miningspareparts.com\/product\/lintec-m12-mixer-and-parts\/","url":"https:\/\/miningspareparts.com\/product\/lintec-m12-mixer-and-parts\/","name":"Lintec M12 Mixer And Parts - Crusher parts, Slurry Pump Parts, Excavator shovel parts","isPartOf":{"@id":"https:\/\/miningspareparts.com\/#website"},"primaryImageOfPage":{"@id":"https:\/\/miningspareparts.com\/product\/lintec-m12-mixer-and-parts\/#primaryimage"},"image":{"@id":"https:\/\/miningspareparts.com\/product\/lintec-m12-mixer-and-parts\/#primaryimage"},"thumbnailUrl":"https:\/\/miningspareparts.com\/wp-content\/uploads\/2023\/12\/\u7aef\u7532-7.webp","datePublished":"2023-12-26T06:15:31+00:00","dateModified":"2024-01-16T08:18:09+00:00","description":"Elevate your mixing efficiency with Lintec M12 twin-shaft mixer blades, mixing arms, and liners\u2014crafted for wear resistance and original replacement precision.","breadcrumb":{"@id":"https:\/\/miningspareparts.com\/product\/lintec-m12-mixer-and-parts\/#breadcrumb"},"inLanguage":"fr-FR","potentialAction":[{"@type":"ReadAction","target":["https:\/\/miningspareparts.com\/product\/lintec-m12-mixer-and-parts\/"]}]},{"@type":"ImageObject","inLanguage":"fr-FR","@id":"https:\/\/miningspareparts.com\/product\/lintec-m12-mixer-and-parts\/#primaryimage","url":"https:\/\/miningspareparts.com\/wp-content\/uploads\/2023\/12\/\u7aef\u7532-7.webp","contentUrl":"https:\/\/miningspareparts.com\/wp-content\/uploads\/2023\/12\/\u7aef\u7532-7.webp","width":1417,"height":1417,"caption":"asphalt Lintec 1500 Mixer And Parts end liner"},{"@type":"BreadcrumbList","@id":"https:\/\/miningspareparts.com\/product\/lintec-m12-mixer-and-parts\/#breadcrumb","itemListElement":[{"@type":"ListItem","position":1,"name":"Home","item":"https:\/\/miningspareparts.com\/"},{"@type":"ListItem","position":2,"name":"Premium Mining Wear And Spare Parts","item":"https:\/\/miningspareparts.com\/shop\/"},{"@type":"ListItem","position":3,"name":"Lintec M12 Mixer And Parts"}]},{"@type":"WebSite","@id":"https:\/\/miningspareparts.com\/#website","url":"https:\/\/miningspareparts.com\/","name":"Crusher parts , Concrete Mixer Parts, Slurry Pump Parts, Mining Spares","description":"Mining Wear &amp; Spare Parts Supplier","publisher":{"@id":"https:\/\/miningspareparts.com\/#organization"},"potentialAction":[{"@type":"SearchAction","target":{"@type":"EntryPoint","urlTemplate":"https:\/\/miningspareparts.com\/?s={search_term_string}"},"query-input":{"@type":"PropertyValueSpecification","valueRequired":true,"valueName":"search_term_string"}}],"inLanguage":"fr-FR"},{"@type":"Organization","@id":"https:\/\/miningspareparts.com\/#organization","name":"Crusher parts , Concrete Mixer Parts, Slurry Pump Parts, Mining Spares","url":"https:\/\/miningspareparts.com\/","logo":{"@type":"ImageObject","inLanguage":"fr-FR","@id":"https:\/\/miningspareparts.com\/#\/schema\/logo\/image\/","url":"https:\/\/miningspareparts.com\/wp-content\/uploads\/2025\/04\/cropped-cropped-logo\u6b63\u65b9\u5f62.png","contentUrl":"https:\/\/miningspareparts.com\/wp-content\/uploads\/2025\/04\/cropped-cropped-logo\u6b63\u65b9\u5f62.png","width":511,"height":171,"caption":"Crusher parts , Concrete Mixer Parts, Slurry Pump Parts, Mining Spares"},"image":{"@id":"https:\/\/miningspareparts.com\/#\/schema\/logo\/image\/"}}]}},"uagb_featured_image_src":{"full":["https:\/\/miningspareparts.com\/wp-content\/uploads\/2023\/12\/\u7aef\u7532-7.webp",1417,1417,false],"thumbnail":["https:\/\/miningspareparts.com\/wp-content\/uploads\/2023\/12\/\u7aef\u7532-7-150x150.webp",150,150,true],"medium":["https:\/\/miningspareparts.com\/wp-content\/uploads\/2023\/12\/\u7aef\u7532-7-300x300.webp",300,300,true],"medium_large":["https:\/\/miningspareparts.com\/wp-content\/uploads\/2023\/12\/\u7aef\u7532-7-768x768.webp",768,768,true],"large":["https:\/\/miningspareparts.com\/wp-content\/uploads\/2023\/12\/\u7aef\u7532-7-1024x1024.webp",1024,1024,true],"1536x1536":["https:\/\/miningspareparts.com\/wp-content\/uploads\/2023\/12\/\u7aef\u7532-7.webp",1417,1417,false],"2048x2048":["https:\/\/miningspareparts.com\/wp-content\/uploads\/2023\/12\/\u7aef\u7532-7.webp",1417,1417,false],"trp-custom-language-flag":["https:\/\/miningspareparts.com\/wp-content\/uploads\/2023\/12\/\u7aef\u7532-7.webp",12,12,false],"woocommerce_thumbnail":["https:\/\/miningspareparts.com\/wp-content\/uploads\/2023\/12\/\u7aef\u7532-7-300x300.webp",300,300,true],"woocommerce_single":["https:\/\/miningspareparts.com\/wp-content\/uploads\/2023\/12\/\u7aef\u7532-7-600x600.webp",600,600,true],"woocommerce_gallery_thumbnail":["https:\/\/miningspareparts.com\/wp-content\/uploads\/2023\/12\/\u7aef\u7532-7-100x100.webp",100,100,true]},"uagb_author_info":{"display_name":"Miningspareparts","author_link":"https:\/\/miningspareparts.com\/fr\/author\/"},"uagb_comment_info":0,"uagb_excerpt":"Models:Lintec M12","_links":{"self":[{"href":"https:\/\/miningspareparts.com\/fr\/wp-json\/wp\/v2\/product\/1822","targetHints":{"allow":["GET"]}}],"collection":[{"href":"https:\/\/miningspareparts.com\/fr\/wp-json\/wp\/v2\/product"}],"about":[{"href":"https:\/\/miningspareparts.com\/fr\/wp-json\/wp\/v2\/types\/product"}],"wp:featuredmedia":[{"embeddable":true,"href":"https:\/\/miningspareparts.com\/fr\/wp-json\/wp\/v2\/media\/1817"}],"wp:attachment":[{"href":"https:\/\/miningspareparts.com\/fr\/wp-json\/wp\/v2\/media?parent=1822"}],"wp:term":[{"taxonomy":"product_brand","embeddable":true,"href":"https:\/\/miningspareparts.com\/fr\/wp-json\/wp\/v2\/product_brand?post=1822"},{"taxonomy":"product_cat","embeddable":true,"href":"https:\/\/miningspareparts.com\/fr\/wp-json\/wp\/v2\/product_cat?post=1822"},{"taxonomy":"product_tag","embeddable":true,"href":"https:\/\/miningspareparts.com\/fr\/wp-json\/wp\/v2\/product_tag?post=1822"}],"curies":[{"name":"wp","href":"https:\/\/api.w.org\/{rel}","templated":true}]}}