{"id":1848,"date":"2023-12-27T08:20:15","date_gmt":"2023-12-27T08:20:15","guid":{"rendered":"https:\/\/miningspareparts.com\/?post_type=product&#038;p=1848"},"modified":"2024-04-06T05:54:29","modified_gmt":"2024-04-06T05:54:29","slug":"liebherr-betomix-3-0b-r-dw","status":"publish","type":"product","link":"https:\/\/miningspareparts.com\/fr\/produit\/liebherr-betomix-3-0b-r-dw\/","title":{"rendered":"LIEBHERR BETOMIX 3.0B-R\/DW (Double arbre)"},"content":{"rendered":"<p><strong>Voici une description de la LIEBHERR BETOMIX 3.0B-R\/DW (Twin-shaft)<\/strong><\/p>\n<table width=\"100%\">\n<tbody>\n<tr>\n<td width=\"8%\">NON.<\/td>\n<td width=\"23%\">Sp\u00e9cifications<\/td>\n<td width=\"18%\">Code de l'article<\/td>\n<td width=\"9%\">Poids net<\/td>\n<td width=\"15%\">Qt\u00e9<\/td>\n<td width=\"13%\">Total<\/td>\n<td width=\"10%\">Remarques<\/td>\n<\/tr>\n<tr>\n<td width=\"8%\">1<\/td>\n<td width=\"23%\">Bras central<\/td>\n<td width=\"18%\">970162705<\/td>\n<td width=\"9%\">46.00<\/td>\n<td width=\"15%\">12<\/td>\n<td width=\"13%\">552.00<\/td>\n<td width=\"10%\">8<\/td>\n<\/tr>\n<tr>\n<td width=\"8%\">2<\/td>\n<td width=\"23%\">Si\u00e8ge \u00e0 accoudoir central<\/td>\n<td width=\"18%\">970164105<\/td>\n<td width=\"9%\">23.00<\/td>\n<td width=\"15%\">12<\/td>\n<td width=\"13%\">276.00<\/td>\n<td width=\"10%\">8<\/td>\n<\/tr>\n<tr>\n<td width=\"8%\">3<\/td>\n<td width=\"23%\">Bras gauche<\/td>\n<td width=\"18%\">970162505<\/td>\n<td width=\"9%\">38.00<\/td>\n<td width=\"15%\">4<\/td>\n<td width=\"13%\">152.00<\/td>\n<td width=\"10%\"><\/td>\n<\/tr>\n<tr>\n<td width=\"8%\">4<\/td>\n<td width=\"23%\">Bras droit<\/td>\n<td width=\"18%\">970162605<\/td>\n<td width=\"9%\">38.00<\/td>\n<td width=\"15%\">2<\/td>\n<td width=\"13%\">76.00<\/td>\n<td width=\"10%\"><\/td>\n<\/tr>\n<tr>\n<td width=\"8%\">5<\/td>\n<td width=\"23%\">Accoudoir<\/td>\n<td width=\"18%\">970162805<\/td>\n<td width=\"9%\">19.00<\/td>\n<td width=\"15%\">6<\/td>\n<td width=\"13%\">114.00<\/td>\n<td width=\"10%\"><\/td>\n<\/tr>\n<tr>\n<td width=\"8%\">6<\/td>\n<td width=\"23%\">Bras de garde<\/td>\n<td width=\"18%\">970163105<\/td>\n<td width=\"9%\">2.00<\/td>\n<td width=\"15%\">4<\/td>\n<td width=\"13%\">8.00<\/td>\n<td width=\"10%\"><\/td>\n<\/tr>\n<tr>\n<td width=\"8%\">7<\/td>\n<td width=\"23%\">Lame de m\u00e9lange centrale<\/td>\n<td width=\"18%\">970163305<\/td>\n<td width=\"9%\">18.40<\/td>\n<td width=\"15%\">12<\/td>\n<td width=\"13%\">220.80<\/td>\n<td width=\"10%\">8<\/td>\n<\/tr>\n<tr>\n<td width=\"8%\">8<\/td>\n<td width=\"23%\">Lame gauche<\/td>\n<td width=\"18%\">970162905<\/td>\n<td width=\"9%\">13.30<\/td>\n<td width=\"15%\">4<\/td>\n<td width=\"13%\">53.20<\/td>\n<td width=\"10%\">4<\/td>\n<\/tr>\n<tr>\n<td width=\"8%\">9<\/td>\n<td width=\"23%\">Lame droite<\/td>\n<td width=\"18%\">970163205<\/td>\n<td width=\"9%\">13.30<\/td>\n<td width=\"15%\">2<\/td>\n<td width=\"13%\">26.60<\/td>\n<td width=\"10%\">2<\/td>\n<\/tr>\n<tr>\n<td width=\"8%\">10<\/td>\n<td width=\"23%\">Grattoir lat\u00e9ral<\/td>\n<td width=\"18%\">970163005<\/td>\n<td width=\"9%\">9.50<\/td>\n<td width=\"15%\">6<\/td>\n<td width=\"13%\">57.00<\/td>\n<td width=\"10%\">6<\/td>\n<\/tr>\n<tr>\n<td width=\"8%\">11<\/td>\n<td width=\"23%\">Doublure lat\u00e9rale A<\/td>\n<td width=\"18%\">970051105<\/td>\n<td width=\"9%\">38.80<\/td>\n<td width=\"15%\">8<\/td>\n<td width=\"13%\">310.40<\/td>\n<td width=\"10%\"><\/td>\n<\/tr>\n<tr>\n<td width=\"8%\">12<\/td>\n<td width=\"23%\">Doublure lat\u00e9rale B<\/td>\n<td width=\"18%\">970050805<\/td>\n<td width=\"9%\">37.00<\/td>\n<td width=\"15%\">4<\/td>\n<td width=\"13%\">148.00<\/td>\n<td width=\"10%\"><\/td>\n<\/tr>\n<tr>\n<td width=\"8%\">13<\/td>\n<td width=\"23%\">Doublure lat\u00e9rale C<\/td>\n<td width=\"18%\">970050905<\/td>\n<td width=\"9%\">37.00<\/td>\n<td width=\"15%\">4<\/td>\n<td width=\"13%\">148.00<\/td>\n<td width=\"10%\"><\/td>\n<\/tr>\n<tr>\n<td width=\"8%\">14<\/td>\n<td width=\"23%\">Doublure lat\u00e9rale D<\/td>\n<td width=\"18%\">970051005<\/td>\n<td width=\"9%\">15.00<\/td>\n<td width=\"15%\">4<\/td>\n<td width=\"13%\">60.00<\/td>\n<td width=\"10%\"><\/td>\n<\/tr>\n<tr>\n<td width=\"8%\">15<\/td>\n<td width=\"23%\">Doublure simple S<\/td>\n<td width=\"18%\">970155105<\/td>\n<td width=\"9%\">13.40<\/td>\n<td width=\"15%\">16<\/td>\n<td width=\"13%\">214.40<\/td>\n<td width=\"10%\">16<\/td>\n<\/tr>\n<tr>\n<td width=\"8%\">16<\/td>\n<td width=\"23%\">Doublure double S<\/td>\n<td width=\"18%\">970160905<\/td>\n<td width=\"9%\">13.20<\/td>\n<td width=\"15%\">48<\/td>\n<td width=\"13%\">633.60<\/td>\n<td width=\"10%\">32<\/td>\n<\/tr>\n<tr>\n<td width=\"8%\">17<\/td>\n<td width=\"23%\">Capuchon de la porte de d\u00e9charge<\/td>\n<td width=\"18%\">970164305<\/td>\n<td width=\"9%\">25.40<\/td>\n<td width=\"15%\">4<\/td>\n<td width=\"13%\">101.60<\/td>\n<td width=\"10%\"><\/td>\n<\/tr>\n<tr>\n<td width=\"8%\">18<\/td>\n<td width=\"23%\">\u00c9trier de la porte de d\u00e9charge<\/td>\n<td width=\"18%\">970050605<\/td>\n<td width=\"9%\">11.40<\/td>\n<td width=\"15%\">6<\/td>\n<td width=\"13%\">68.40<\/td>\n<td width=\"10%\">4<\/td>\n<\/tr>\n<tr>\n<td width=\"8%\">19<\/td>\n<td width=\"23%\">Protection de la porte de d\u00e9chargement<\/td>\n<td width=\"18%\">970050505<\/td>\n<td width=\"9%\">9.80<\/td>\n<td width=\"15%\">8<\/td>\n<td width=\"13%\">78.40<\/td>\n<td width=\"10%\">4<\/td>\n<\/tr>\n<tr>\n<td width=\"8%\">20<\/td>\n<td width=\"23%\">Boulon de l'\u00e9trier de la porte de chargement<\/td>\n<td width=\"18%\">970172505<\/td>\n<td width=\"9%\"><\/td>\n<td width=\"15%\">12<\/td>\n<td width=\"13%\"><\/td>\n<td width=\"10%\"><\/td>\n<\/tr>\n<tr>\n<td width=\"8%\"><\/td>\n<td width=\"23%\"><\/td>\n<td width=\"18%\"><\/td>\n<td width=\"9%\"><\/td>\n<td width=\"15%\">178<\/td>\n<td width=\"13%\">3298.40<\/td>\n<td width=\"10%\"><\/td>\n<\/tr>\n<\/tbody>\n<\/table>\n<p><img fetchpriority=\"high\" decoding=\"async\" class=\"wp-image-3550 alignleft\" src=\"https:\/\/miningspareparts.com\/wp-content\/uploads\/2024\/01\/Mixer-And-Wear-Parts1-239x300.webp\" alt=\"\" width=\"498\" height=\"625\" srcset=\"https:\/\/miningspareparts.com\/wp-content\/uploads\/2024\/01\/Mixer-And-Wear-Parts1-239x300.webp 239w, https:\/\/miningspareparts.com\/wp-content\/uploads\/2024\/01\/Mixer-And-Wear-Parts1-817x1024.webp 817w, https:\/\/miningspareparts.com\/wp-content\/uploads\/2024\/01\/Mixer-And-Wear-Parts1-768x963.webp 768w, https:\/\/miningspareparts.com\/wp-content\/uploads\/2024\/01\/Mixer-And-Wear-Parts1-1226x1536.webp 1226w, https:\/\/miningspareparts.com\/wp-content\/uploads\/2024\/01\/Mixer-And-Wear-Parts1-1634x2048.webp 1634w, https:\/\/miningspareparts.com\/wp-content\/uploads\/2024\/01\/Mixer-And-Wear-Parts1-600x752.webp 600w, https:\/\/miningspareparts.com\/wp-content\/uploads\/2024\/01\/Mixer-And-Wear-Parts1.webp 2037w\" sizes=\"(max-width: 498px) 100vw, 498px\" \/><span style=\"font-size: 16px\">\u00a0<\/span><img decoding=\"async\" class=\"wp-image-3551 alignnone\" style=\"font-weight: inherit\" src=\"https:\/\/miningspareparts.com\/wp-content\/uploads\/2024\/01\/Mixer-And-Wear-Parts2-210x300.webp\" alt=\"\" width=\"454\" height=\"649\" srcset=\"https:\/\/miningspareparts.com\/wp-content\/uploads\/2024\/01\/Mixer-And-Wear-Parts2-210x300.webp 210w, https:\/\/miningspareparts.com\/wp-content\/uploads\/2024\/01\/Mixer-And-Wear-Parts2-600x856.webp 600w\" sizes=\"(max-width: 454px) 100vw, 454px\" \/><\/p>\n<p>Am\u00e9liorez votre exp\u00e9rience de malaxage du b\u00e9ton avec nos pales, bras de malaxage et rev\u00eatements de malaxeur \u00e0 deux arbres LIEBHERR BETOMIX 3.0B fabriqu\u00e9s avec pr\u00e9cision. En tant que fabricant leader, nous donnons la priorit\u00e9 \u00e0 la qualit\u00e9 et \u00e0 la performance, en veillant \u00e0 ce que nos produits se distinguent dans le paysage concurrentiel.<\/p>\n<p>Le remplacement des pi\u00e8ces d'origine est au c\u0153ur de notre engagement en faveur de l'excellence. Chaque lame, bras de m\u00e9lange et rev\u00eatement est m\u00e9ticuleusement con\u00e7u pour reproduire les sp\u00e9cifications exactes des composants d'origine. Ce souci d'authenticit\u00e9 garantit un ajustement parfait et un fonctionnement optimal de votre m\u00e9langeur LIEBHERR BETOMIX 3.0B. Le choix de nos pi\u00e8ces de rechange d'origine garantit la compatibilit\u00e9, pr\u00e9serve l'efficacit\u00e9 du m\u00e9langeur et prolonge sa dur\u00e9e de vie.<\/p>\n<p>Contrairement aux pi\u00e8ces de rechange d'origine, les options du march\u00e9 secondaire peuvent manquer de la pr\u00e9cision et de l'assurance qualit\u00e9 n\u00e9cessaires \u00e0 une performance optimale. Notre engagement \u00e0 fournir des produits de premi\u00e8re qualit\u00e9 signifie que nous donnons la priorit\u00e9 \u00e0 l'utilisation de mat\u00e9riaux durables dans le processus de fabrication. Les composants qui en r\u00e9sultent pr\u00e9sentent une r\u00e9sistance \u00e0 l'usure exceptionnelle, ce qui r\u00e9duit le besoin de remplacements fr\u00e9quents et minimise les temps d'arr\u00eat.<\/p>\n<p>Notre souci de durabilit\u00e9 va au-del\u00e0 de la r\u00e9sistance \u00e0 l'usure et englobe la robustesse globale. Les conditions difficiles du malaxage du b\u00e9ton exigent des composants capables de r\u00e9sister aux rigueurs d'une utilisation intensive. Les pales, les bras de malaxage et les rev\u00eatements de nos malaxeurs \u00e0 double arbre LIEBHERR BETOMIX 3.0B sont con\u00e7us dans un souci de durabilit\u00e9, ce qui leur permet de r\u00e9sister aux exigences des applications soumises \u00e0 de fortes contraintes.<\/p>\n<p>En r\u00e9sum\u00e9, nos composants de remplacement d'origine \u00e9tablissent la norme en mati\u00e8re de pr\u00e9cision et de compatibilit\u00e9. Choisir nos produits, c'est choisir la durabilit\u00e9 et la performance, en r\u00e9duisant les co\u00fbts \u00e0 long terme associ\u00e9s aux remplacements fr\u00e9quents. D\u00e9couvrez la diff\u00e9rence avec les composants de notre m\u00e9langeur \u00e0 deux arbres LIEBHERR BETOMIX 3.0B - o\u00f9 la qualit\u00e9 rencontre l'innovation pour des r\u00e9sultats in\u00e9gal\u00e9s.<\/p>","protected":false},"excerpt":{"rendered":"<p>Mod\u00e8les:LIEBHERR BETO MIX 3.0B-R\/DW (Twin-shaft)<\/p>","protected":false},"featured_media":4810,"template":"","meta":{"_uag_custom_page_level_css":"","site-sidebar-layout":"default","site-content-layout":"","ast-site-content-layout":"default","site-content-style":"default","site-sidebar-style":"default","ast-global-header-display":"","ast-banner-title-visibility":"","ast-main-header-display":"","ast-hfb-above-header-display":"","ast-hfb-below-header-display":"","ast-hfb-mobile-header-display":"","site-post-title":"","ast-breadcrumbs-content":"","ast-featured-img":"","footer-sml-layout":"","ast-disable-related-posts":"","theme-transparent-header-meta":"default","adv-header-id-meta":"","stick-header-meta":"default","header-above-stick-meta":"","header-main-stick-meta":"","header-below-stick-meta":"","astra-migrate-meta-layouts":"set","ast-page-background-enabled":"default","ast-page-background-meta":{"desktop":{"background-color":"var(--ast-global-color-4)","background-image":"","background-repeat":"repeat","background-position":"center center","background-size":"auto","background-attachment":"scroll","background-type":"","background-media":"","overlay-type":"","overlay-color":"","overlay-opacity":"","overlay-gradient":""},"tablet":{"background-color":"","background-image":"","background-repeat":"repeat","background-position":"center center","background-size":"auto","background-attachment":"scroll","background-type":"","background-media":"","overlay-type":"","overlay-color":"","overlay-opacity":"","overlay-gradient":""},"mobile":{"background-color":"","background-image":"","background-repeat":"repeat","background-position":"center center","background-size":"auto","background-attachment":"scroll","background-type":"","background-media":"","overlay-type":"","overlay-color":"","overlay-opacity":"","overlay-gradient":""}},"ast-content-background-meta":{"desktop":{"background-color":"var(--ast-global-color-5)","background-image":"","background-repeat":"repeat","background-position":"center center","background-size":"auto","background-attachment":"scroll","background-type":"","background-media":"","overlay-type":"","overlay-color":"","overlay-opacity":"","overlay-gradient":""},"tablet":{"background-color":"var(--ast-global-color-5)","background-image":"","background-repeat":"repeat","background-position":"center center","background-size":"auto","background-attachment":"scroll","background-type":"","background-media":"","overlay-type":"","overlay-color":"","overlay-opacity":"","overlay-gradient":""},"mobile":{"background-color":"var(--ast-global-color-5)","background-image":"","background-repeat":"repeat","background-position":"center center","background-size":"auto","background-attachment":"scroll","background-type":"","background-media":"","overlay-type":"","overlay-color":"","overlay-opacity":"","overlay-gradient":""}}},"product_brand":[],"product_cat":[80,77],"product_tag":[268,288,269],"class_list":{"0":"post-1848","1":"product","2":"type-product","3":"status-publish","4":"has-post-thumbnail","6":"product_cat-liebherr","7":"product_cat-concrete-mixer-parts","8":"product_tag-blade","9":"product_tag-concrete-mixer","10":"product_tag-mixing-arm","11":"desktop-align-left","12":"tablet-align-left","13":"mobile-align-left","14":"ast-product-gallery-layout-horizontal-slider","15":"ast-product-gallery-with-no-image","16":"ast-product-single-variable","17":"ast-product-tabs-layout-horizontal","19":"first","20":"instock","21":"shipping-taxable","22":"purchasable","23":"product-type-variable"},"yoast_head":"<!-- This site is optimized with the Yoast SEO plugin v27.4 - https:\/\/yoast.com\/product\/yoast-seo-wordpress\/ -->\n<title>LIEBHERR BETOMIX 3.0B-R\/DW - Crusher parts, Slurry Pump Parts, Excavator shovel parts<\/title>\n<meta name=\"description\" content=\"Use genuine Liebherr BETOMIX 3.0B replacement stirrer arms, stirrer arms and liners, engineered for precision and wear resistance\" \/>\n<meta name=\"robots\" content=\"index, follow, max-snippet:-1, max-image-preview:large, max-video-preview:-1\" \/>\n<link rel=\"canonical\" href=\"https:\/\/miningspareparts.com\/fr\/produit\/liebherr-betomix-3-0b-r-dw\/\" \/>\n<meta property=\"og:locale\" content=\"fr_FR\" \/>\n<meta property=\"og:type\" content=\"article\" \/>\n<meta property=\"og:title\" content=\"LIEBHERR BETOMIX 3.0B-R\/DW - Crusher parts, Slurry Pump Parts, Excavator shovel parts\" \/>\n<meta property=\"og:description\" content=\"Use genuine Liebherr BETOMIX 3.0B replacement stirrer arms, stirrer arms and liners, engineered for precision and wear resistance\" \/>\n<meta property=\"og:url\" content=\"https:\/\/miningspareparts.com\/fr\/produit\/liebherr-betomix-3-0b-r-dw\/\" \/>\n<meta property=\"og:site_name\" content=\"Crusher parts, Slurry Pump Parts, Excavator shovel parts\" \/>\n<meta property=\"article:modified_time\" content=\"2024-04-06T05:54:29+00:00\" \/>\n<meta property=\"og:image\" content=\"https:\/\/miningspareparts.com\/wp-content\/uploads\/2023\/12\/LIEBHERR-BETOMIX-3.0B-RDW-Twin-shaft.webp\" \/>\n\t<meta property=\"og:image:width\" content=\"800\" \/>\n\t<meta property=\"og:image:height\" content=\"800\" \/>\n\t<meta property=\"og:image:type\" content=\"image\/webp\" \/>\n<meta name=\"twitter:card\" content=\"summary_large_image\" \/>\n<meta name=\"twitter:label1\" content=\"Dur\u00e9e de lecture estim\u00e9e\" \/>\n\t<meta name=\"twitter:data1\" content=\"3 minutes\" \/>\n<script type=\"application\/ld+json\" class=\"yoast-schema-graph\">{\"@context\":\"https:\\\/\\\/schema.org\",\"@graph\":[{\"@type\":\"WebPage\",\"@id\":\"https:\\\/\\\/miningspareparts.com\\\/product\\\/liebherr-betomix-3-0b-r-dw\\\/\",\"url\":\"https:\\\/\\\/miningspareparts.com\\\/product\\\/liebherr-betomix-3-0b-r-dw\\\/\",\"name\":\"LIEBHERR BETOMIX 3.0B-R\\\/DW - Crusher parts, Slurry Pump Parts, Excavator shovel parts\",\"isPartOf\":{\"@id\":\"https:\\\/\\\/miningspareparts.com\\\/#website\"},\"primaryImageOfPage\":{\"@id\":\"https:\\\/\\\/miningspareparts.com\\\/product\\\/liebherr-betomix-3-0b-r-dw\\\/#primaryimage\"},\"image\":{\"@id\":\"https:\\\/\\\/miningspareparts.com\\\/product\\\/liebherr-betomix-3-0b-r-dw\\\/#primaryimage\"},\"thumbnailUrl\":\"https:\\\/\\\/miningspareparts.com\\\/wp-content\\\/uploads\\\/2023\\\/12\\\/LIEBHERR-BETOMIX-3.0B-RDW-Twin-shaft.webp\",\"datePublished\":\"2023-12-27T08:20:15+00:00\",\"dateModified\":\"2024-04-06T05:54:29+00:00\",\"description\":\"Use genuine Liebherr BETOMIX 3.0B replacement stirrer arms, stirrer arms and liners, engineered for precision and wear resistance\",\"breadcrumb\":{\"@id\":\"https:\\\/\\\/miningspareparts.com\\\/product\\\/liebherr-betomix-3-0b-r-dw\\\/#breadcrumb\"},\"inLanguage\":\"fr-FR\",\"potentialAction\":[{\"@type\":\"ReadAction\",\"target\":[\"https:\\\/\\\/miningspareparts.com\\\/product\\\/liebherr-betomix-3-0b-r-dw\\\/\"]}]},{\"@type\":\"ImageObject\",\"inLanguage\":\"fr-FR\",\"@id\":\"https:\\\/\\\/miningspareparts.com\\\/product\\\/liebherr-betomix-3-0b-r-dw\\\/#primaryimage\",\"url\":\"https:\\\/\\\/miningspareparts.com\\\/wp-content\\\/uploads\\\/2023\\\/12\\\/LIEBHERR-BETOMIX-3.0B-RDW-Twin-shaft.webp\",\"contentUrl\":\"https:\\\/\\\/miningspareparts.com\\\/wp-content\\\/uploads\\\/2023\\\/12\\\/LIEBHERR-BETOMIX-3.0B-RDW-Twin-shaft.webp\",\"width\":800,\"height\":800},{\"@type\":\"BreadcrumbList\",\"@id\":\"https:\\\/\\\/miningspareparts.com\\\/product\\\/liebherr-betomix-3-0b-r-dw\\\/#breadcrumb\",\"itemListElement\":[{\"@type\":\"ListItem\",\"position\":1,\"name\":\"Home\",\"item\":\"https:\\\/\\\/miningspareparts.com\\\/\"},{\"@type\":\"ListItem\",\"position\":2,\"name\":\"Premium Mining Wear And Spare Parts\",\"item\":\"https:\\\/\\\/miningspareparts.com\\\/shop\\\/\"},{\"@type\":\"ListItem\",\"position\":3,\"name\":\"LIEBHERR BETOMIX 3.0B-R\\\/DW (Twin-shaft)\"}]},{\"@type\":\"WebSite\",\"@id\":\"https:\\\/\\\/miningspareparts.com\\\/#website\",\"url\":\"https:\\\/\\\/miningspareparts.com\\\/\",\"name\":\"Crusher parts , Concrete Mixer Parts, Slurry Pump Parts, Mining Spares\",\"description\":\"Mining Wear &amp; Spare Parts Supplier\",\"publisher\":{\"@id\":\"https:\\\/\\\/miningspareparts.com\\\/#organization\"},\"potentialAction\":[{\"@type\":\"SearchAction\",\"target\":{\"@type\":\"EntryPoint\",\"urlTemplate\":\"https:\\\/\\\/miningspareparts.com\\\/?s={search_term_string}\"},\"query-input\":{\"@type\":\"PropertyValueSpecification\",\"valueRequired\":true,\"valueName\":\"search_term_string\"}}],\"inLanguage\":\"fr-FR\"},{\"@type\":\"Organization\",\"@id\":\"https:\\\/\\\/miningspareparts.com\\\/#organization\",\"name\":\"Crusher parts , Concrete Mixer Parts, Slurry Pump Parts, Mining Spares\",\"url\":\"https:\\\/\\\/miningspareparts.com\\\/\",\"logo\":{\"@type\":\"ImageObject\",\"inLanguage\":\"fr-FR\",\"@id\":\"https:\\\/\\\/miningspareparts.com\\\/#\\\/schema\\\/logo\\\/image\\\/\",\"url\":\"https:\\\/\\\/miningspareparts.com\\\/wp-content\\\/uploads\\\/2025\\\/04\\\/cropped-cropped-logo\u6b63\u65b9\u5f62.png\",\"contentUrl\":\"https:\\\/\\\/miningspareparts.com\\\/wp-content\\\/uploads\\\/2025\\\/04\\\/cropped-cropped-logo\u6b63\u65b9\u5f62.png\",\"width\":511,\"height\":171,\"caption\":\"Crusher parts , Concrete Mixer Parts, Slurry Pump Parts, Mining Spares\"},\"image\":{\"@id\":\"https:\\\/\\\/miningspareparts.com\\\/#\\\/schema\\\/logo\\\/image\\\/\"}}]}<\/script>\n<!-- \/ Yoast SEO plugin. -->","yoast_head_json":{"title":"LIEBHERR BETOMIX 3.0B-R\/DW - Crusher parts, Slurry Pump Parts, Excavator shovel parts","description":"Use genuine Liebherr BETOMIX 3.0B replacement stirrer arms, stirrer arms and liners, engineered for precision and wear resistance","robots":{"index":"index","follow":"follow","max-snippet":"max-snippet:-1","max-image-preview":"max-image-preview:large","max-video-preview":"max-video-preview:-1"},"canonical":"https:\/\/miningspareparts.com\/fr\/produit\/liebherr-betomix-3-0b-r-dw\/","og_locale":"fr_FR","og_type":"article","og_title":"LIEBHERR BETOMIX 3.0B-R\/DW - Crusher parts, Slurry Pump Parts, Excavator shovel parts","og_description":"Use genuine Liebherr BETOMIX 3.0B replacement stirrer arms, stirrer arms and liners, engineered for precision and wear resistance","og_url":"https:\/\/miningspareparts.com\/fr\/produit\/liebherr-betomix-3-0b-r-dw\/","og_site_name":"Crusher parts, Slurry Pump Parts, Excavator shovel parts","article_modified_time":"2024-04-06T05:54:29+00:00","og_image":[{"width":800,"height":800,"url":"https:\/\/miningspareparts.com\/wp-content\/uploads\/2023\/12\/LIEBHERR-BETOMIX-3.0B-RDW-Twin-shaft.webp","type":"image\/webp"}],"twitter_card":"summary_large_image","twitter_misc":{"Dur\u00e9e de lecture estim\u00e9e":"3 minutes"},"schema":{"@context":"https:\/\/schema.org","@graph":[{"@type":"WebPage","@id":"https:\/\/miningspareparts.com\/product\/liebherr-betomix-3-0b-r-dw\/","url":"https:\/\/miningspareparts.com\/product\/liebherr-betomix-3-0b-r-dw\/","name":"LIEBHERR BETOMIX 3.0B-R\/DW - Crusher parts, Slurry Pump Parts, Excavator shovel parts","isPartOf":{"@id":"https:\/\/miningspareparts.com\/#website"},"primaryImageOfPage":{"@id":"https:\/\/miningspareparts.com\/product\/liebherr-betomix-3-0b-r-dw\/#primaryimage"},"image":{"@id":"https:\/\/miningspareparts.com\/product\/liebherr-betomix-3-0b-r-dw\/#primaryimage"},"thumbnailUrl":"https:\/\/miningspareparts.com\/wp-content\/uploads\/2023\/12\/LIEBHERR-BETOMIX-3.0B-RDW-Twin-shaft.webp","datePublished":"2023-12-27T08:20:15+00:00","dateModified":"2024-04-06T05:54:29+00:00","description":"Use genuine Liebherr BETOMIX 3.0B replacement stirrer arms, stirrer arms and liners, engineered for precision and wear resistance","breadcrumb":{"@id":"https:\/\/miningspareparts.com\/product\/liebherr-betomix-3-0b-r-dw\/#breadcrumb"},"inLanguage":"fr-FR","potentialAction":[{"@type":"ReadAction","target":["https:\/\/miningspareparts.com\/product\/liebherr-betomix-3-0b-r-dw\/"]}]},{"@type":"ImageObject","inLanguage":"fr-FR","@id":"https:\/\/miningspareparts.com\/product\/liebherr-betomix-3-0b-r-dw\/#primaryimage","url":"https:\/\/miningspareparts.com\/wp-content\/uploads\/2023\/12\/LIEBHERR-BETOMIX-3.0B-RDW-Twin-shaft.webp","contentUrl":"https:\/\/miningspareparts.com\/wp-content\/uploads\/2023\/12\/LIEBHERR-BETOMIX-3.0B-RDW-Twin-shaft.webp","width":800,"height":800},{"@type":"BreadcrumbList","@id":"https:\/\/miningspareparts.com\/product\/liebherr-betomix-3-0b-r-dw\/#breadcrumb","itemListElement":[{"@type":"ListItem","position":1,"name":"Home","item":"https:\/\/miningspareparts.com\/"},{"@type":"ListItem","position":2,"name":"Premium Mining Wear And Spare Parts","item":"https:\/\/miningspareparts.com\/shop\/"},{"@type":"ListItem","position":3,"name":"LIEBHERR BETOMIX 3.0B-R\/DW (Twin-shaft)"}]},{"@type":"WebSite","@id":"https:\/\/miningspareparts.com\/#website","url":"https:\/\/miningspareparts.com\/","name":"Crusher parts , Concrete Mixer Parts, Slurry Pump Parts, Mining Spares","description":"Mining Wear &amp; Spare Parts Supplier","publisher":{"@id":"https:\/\/miningspareparts.com\/#organization"},"potentialAction":[{"@type":"SearchAction","target":{"@type":"EntryPoint","urlTemplate":"https:\/\/miningspareparts.com\/?s={search_term_string}"},"query-input":{"@type":"PropertyValueSpecification","valueRequired":true,"valueName":"search_term_string"}}],"inLanguage":"fr-FR"},{"@type":"Organization","@id":"https:\/\/miningspareparts.com\/#organization","name":"Crusher parts , Concrete Mixer Parts, Slurry Pump Parts, Mining Spares","url":"https:\/\/miningspareparts.com\/","logo":{"@type":"ImageObject","inLanguage":"fr-FR","@id":"https:\/\/miningspareparts.com\/#\/schema\/logo\/image\/","url":"https:\/\/miningspareparts.com\/wp-content\/uploads\/2025\/04\/cropped-cropped-logo\u6b63\u65b9\u5f62.png","contentUrl":"https:\/\/miningspareparts.com\/wp-content\/uploads\/2025\/04\/cropped-cropped-logo\u6b63\u65b9\u5f62.png","width":511,"height":171,"caption":"Crusher parts , Concrete Mixer Parts, Slurry Pump Parts, Mining Spares"},"image":{"@id":"https:\/\/miningspareparts.com\/#\/schema\/logo\/image\/"}}]}},"uagb_featured_image_src":{"full":["https:\/\/miningspareparts.com\/wp-content\/uploads\/2023\/12\/LIEBHERR-BETOMIX-3.0B-RDW-Twin-shaft.webp",800,800,false],"thumbnail":["https:\/\/miningspareparts.com\/wp-content\/uploads\/2023\/12\/LIEBHERR-BETOMIX-3.0B-RDW-Twin-shaft-150x150.webp",150,150,true],"medium":["https:\/\/miningspareparts.com\/wp-content\/uploads\/2023\/12\/LIEBHERR-BETOMIX-3.0B-RDW-Twin-shaft-300x300.webp",300,300,true],"medium_large":["https:\/\/miningspareparts.com\/wp-content\/uploads\/2023\/12\/LIEBHERR-BETOMIX-3.0B-RDW-Twin-shaft-768x768.webp",768,768,true],"large":["https:\/\/miningspareparts.com\/wp-content\/uploads\/2023\/12\/LIEBHERR-BETOMIX-3.0B-RDW-Twin-shaft.webp",800,800,false],"1536x1536":["https:\/\/miningspareparts.com\/wp-content\/uploads\/2023\/12\/LIEBHERR-BETOMIX-3.0B-RDW-Twin-shaft.webp",800,800,false],"2048x2048":["https:\/\/miningspareparts.com\/wp-content\/uploads\/2023\/12\/LIEBHERR-BETOMIX-3.0B-RDW-Twin-shaft.webp",800,800,false],"trp-custom-language-flag":["https:\/\/miningspareparts.com\/wp-content\/uploads\/2023\/12\/LIEBHERR-BETOMIX-3.0B-RDW-Twin-shaft-12x12.webp",12,12,true],"woocommerce_thumbnail":["https:\/\/miningspareparts.com\/wp-content\/uploads\/2023\/12\/LIEBHERR-BETOMIX-3.0B-RDW-Twin-shaft-300x300.webp",300,300,true],"woocommerce_single":["https:\/\/miningspareparts.com\/wp-content\/uploads\/2023\/12\/LIEBHERR-BETOMIX-3.0B-RDW-Twin-shaft-600x600.webp",600,600,true],"woocommerce_gallery_thumbnail":["https:\/\/miningspareparts.com\/wp-content\/uploads\/2023\/12\/LIEBHERR-BETOMIX-3.0B-RDW-Twin-shaft-100x100.webp",100,100,true]},"uagb_author_info":{"display_name":"Miningspareparts","author_link":"https:\/\/miningspareparts.com\/fr\/author\/"},"uagb_comment_info":0,"uagb_excerpt":"Models:LIEBHERR BETO MIX 3.0B-R\/DW (Twin-shaft)","_links":{"self":[{"href":"https:\/\/miningspareparts.com\/fr\/wp-json\/wp\/v2\/product\/1848","targetHints":{"allow":["GET"]}}],"collection":[{"href":"https:\/\/miningspareparts.com\/fr\/wp-json\/wp\/v2\/product"}],"about":[{"href":"https:\/\/miningspareparts.com\/fr\/wp-json\/wp\/v2\/types\/product"}],"wp:featuredmedia":[{"embeddable":true,"href":"https:\/\/miningspareparts.com\/fr\/wp-json\/wp\/v2\/media\/4810"}],"wp:attachment":[{"href":"https:\/\/miningspareparts.com\/fr\/wp-json\/wp\/v2\/media?parent=1848"}],"wp:term":[{"taxonomy":"product_brand","embeddable":true,"href":"https:\/\/miningspareparts.com\/fr\/wp-json\/wp\/v2\/product_brand?post=1848"},{"taxonomy":"product_cat","embeddable":true,"href":"https:\/\/miningspareparts.com\/fr\/wp-json\/wp\/v2\/product_cat?post=1848"},{"taxonomy":"product_tag","embeddable":true,"href":"https:\/\/miningspareparts.com\/fr\/wp-json\/wp\/v2\/product_tag?post=1848"}],"curies":[{"name":"wp","href":"https:\/\/api.w.org\/{rel}","templated":true}]}}