{"id":1852,"date":"2023-12-27T08:26:10","date_gmt":"2023-12-27T08:26:10","guid":{"rendered":"https:\/\/miningspareparts.com\/?post_type=product&#038;p=1852"},"modified":"2024-01-16T08:15:40","modified_gmt":"2024-01-16T08:15:40","slug":"shantui-janeoo-1000a-mixer-and-parts","status":"publish","type":"product","link":"https:\/\/miningspareparts.com\/fr\/produit\/shantui-janeoo-1000a-mixer-and-parts\/","title":{"rendered":"SHANTUI Janeoo 1000A M\u00e9langeur et pi\u00e8ces d\u00e9tach\u00e9es"},"content":{"rendered":"<p><strong>Voici une description du m\u00e9langeur SHANTUI Janeoo 1000A et de ses pi\u00e8ces d\u00e9tach\u00e9es.<\/strong><\/p>\n<table width=\"100%\">\n<tbody>\n<tr>\n<td width=\"8%\">NON.<\/td>\n<td width=\"17%\">Sp\u00e9cifications<\/td>\n<td width=\"8%\">Qt\u00e9<\/td>\n<td width=\"8%\">Unit\u00e9.<\/td>\n<td width=\"16%\">Poids unitaire (Kg)<\/td>\n<td width=\"21%\">Poids total (Kg)<\/td>\n<td width=\"17%\">Remarques<\/td>\n<\/tr>\n<tr>\n<td width=\"8%\">1<\/td>\n<td width=\"17%\">Bras central<\/td>\n<td width=\"8%\">12<\/td>\n<td width=\"8%\">Pcs<\/td>\n<td width=\"16%\">25<\/td>\n<td width=\"21%\">300<\/td>\n<td width=\"17%\"><\/td>\n<\/tr>\n<tr>\n<td width=\"8%\">2<\/td>\n<td width=\"17%\">Si\u00e8ge central<\/td>\n<td width=\"8%\">12<\/td>\n<td width=\"8%\">Pcs<\/td>\n<td width=\"16%\">12.2<\/td>\n<td width=\"21%\">146.4<\/td>\n<td width=\"17%\"><\/td>\n<\/tr>\n<tr>\n<td width=\"8%\">3<\/td>\n<td width=\"17%\">Bras lat\u00e9ral<\/td>\n<td width=\"8%\">4<\/td>\n<td width=\"8%\">Pcs<\/td>\n<td width=\"16%\">25<\/td>\n<td width=\"21%\">100<\/td>\n<td width=\"17%\"><\/td>\n<\/tr>\n<tr>\n<td width=\"8%\">4<\/td>\n<td width=\"17%\">Si\u00e8ge lat\u00e9ral<\/td>\n<td width=\"8%\">4<\/td>\n<td width=\"8%\">Pcs<\/td>\n<td width=\"16%\">12.2<\/td>\n<td width=\"21%\">48.8<\/td>\n<td width=\"17%\"><\/td>\n<\/tr>\n<tr>\n<td width=\"8%\">5<\/td>\n<td width=\"17%\">Lame centrale<\/td>\n<td width=\"8%\">12<\/td>\n<td width=\"8%\">Pcs<\/td>\n<td width=\"16%\">8.5<\/td>\n<td width=\"21%\">102<\/td>\n<td width=\"17%\">\u6b6310\u53cd2<\/td>\n<\/tr>\n<tr>\n<td width=\"8%\">6<\/td>\n<td width=\"17%\">Lame lat\u00e9rale<\/td>\n<td width=\"8%\">4<\/td>\n<td width=\"8%\">Pcs<\/td>\n<td width=\"16%\">11.9<\/td>\n<td width=\"21%\">47.6<\/td>\n<td width=\"17%\">\u54042<\/td>\n<\/tr>\n<tr>\n<td width=\"8%\">7<\/td>\n<td width=\"17%\">Doublure de l'arc<\/td>\n<td width=\"8%\">98<\/td>\n<td width=\"8%\">Pcs<\/td>\n<td width=\"16%\">3.6<\/td>\n<td width=\"21%\">352.8<\/td>\n<td width=\"17%\"><\/td>\n<\/tr>\n<tr>\n<td width=\"8%\">8<\/td>\n<td width=\"17%\">Garniture buccale<\/td>\n<td width=\"8%\">14<\/td>\n<td width=\"8%\">Pcs<\/td>\n<td width=\"16%\">4.8<\/td>\n<td width=\"21%\">67.2<\/td>\n<td width=\"17%\"><\/td>\n<\/tr>\n<tr>\n<td width=\"8%\">9<\/td>\n<td width=\"17%\">Garniture d'extr\u00e9mit\u00e9 en forme d'\u00e9ventail<\/td>\n<td width=\"8%\">16<\/td>\n<td width=\"8%\">Pcs<\/td>\n<td width=\"16%\">13.6<\/td>\n<td width=\"21%\">217.6<\/td>\n<td width=\"17%\"><\/td>\n<\/tr>\n<tr>\n<td width=\"8%\">10<\/td>\n<td width=\"17%\">Doublure en cuir<\/td>\n<td width=\"8%\">8<\/td>\n<td width=\"8%\">Pcs<\/td>\n<td width=\"16%\">9<\/td>\n<td width=\"21%\">72<\/td>\n<td width=\"17%\">\u54044<\/td>\n<\/tr>\n<tr>\n<td width=\"8%\">total<\/td>\n<td width=\"17%\"><\/td>\n<td width=\"8%\">184<\/td>\n<td width=\"8%\"><\/td>\n<td width=\"16%\"><\/td>\n<td width=\"21%\">1454.4<\/td>\n<td width=\"17%\"><\/td>\n<\/tr>\n<\/tbody>\n<\/table>\n<p><img fetchpriority=\"high\" decoding=\"async\" class=\"wp-image-3550 alignleft\" src=\"https:\/\/miningspareparts.com\/wp-content\/uploads\/2024\/01\/Mixer-And-Wear-Parts1-239x300.webp\" alt=\"\" width=\"498\" height=\"625\" srcset=\"https:\/\/miningspareparts.com\/wp-content\/uploads\/2024\/01\/Mixer-And-Wear-Parts1-239x300.webp 239w, https:\/\/miningspareparts.com\/wp-content\/uploads\/2024\/01\/Mixer-And-Wear-Parts1-817x1024.webp 817w, https:\/\/miningspareparts.com\/wp-content\/uploads\/2024\/01\/Mixer-And-Wear-Parts1-768x963.webp 768w, https:\/\/miningspareparts.com\/wp-content\/uploads\/2024\/01\/Mixer-And-Wear-Parts1-1226x1536.webp 1226w, https:\/\/miningspareparts.com\/wp-content\/uploads\/2024\/01\/Mixer-And-Wear-Parts1-1634x2048.webp 1634w, https:\/\/miningspareparts.com\/wp-content\/uploads\/2024\/01\/Mixer-And-Wear-Parts1-600x752.webp 600w, https:\/\/miningspareparts.com\/wp-content\/uploads\/2024\/01\/Mixer-And-Wear-Parts1.webp 2037w\" sizes=\"(max-width: 498px) 100vw, 498px\" \/><span style=\"font-size: 16px\">\u00a0<\/span><img decoding=\"async\" class=\"wp-image-3551 alignnone\" style=\"font-weight: inherit\" src=\"https:\/\/miningspareparts.com\/wp-content\/uploads\/2024\/01\/Mixer-And-Wear-Parts2-210x300.webp\" alt=\"\" width=\"454\" height=\"649\" srcset=\"https:\/\/miningspareparts.com\/wp-content\/uploads\/2024\/01\/Mixer-And-Wear-Parts2-210x300.webp 210w, https:\/\/miningspareparts.com\/wp-content\/uploads\/2024\/01\/Mixer-And-Wear-Parts2-600x856.webp 600w\" sizes=\"(max-width: 454px) 100vw, 454px\" \/><\/p>\n<p>Dans le domaine du m\u00e9lange du b\u00e9ton, la pr\u00e9cision et la long\u00e9vit\u00e9 sont primordiales, et nos pales, bras de m\u00e9lange et rev\u00eatements du m\u00e9langeur \u00e0 deux arbres SHANTUI Janeoo 1000A sont l'incarnation de l'excellence. En tant que fabricant distingu\u00e9, nous sommes fiers de fournir des composants de remplacement d'origine qui transcendent les normes de l'industrie.<\/p>\n<p>Remplacement d'origine Signification :<br \/>\nNotre engagement \u00e0 fournir des pi\u00e8ces de rechange d'origine souligne notre attachement \u00e0 la qualit\u00e9 et \u00e0 la fonctionnalit\u00e9. Les composants du m\u00e9langeur SHANTUI Janeoo 1000A sont m\u00e9ticuleusement con\u00e7us pour s'adapter et fonctionner avec pr\u00e9cision dans le m\u00e9langeur, garantissant un fonctionnement sans faille et des performances optimales. L'utilisation de pi\u00e8ces de rechange d'origine garantit l'efficacit\u00e9 du m\u00e9langeur, offrant une exp\u00e9rience de m\u00e9lange fiable et coh\u00e9rente.<\/p>\n<p>Assurance apr\u00e8s-vente :<br \/>\nSi l'originalit\u00e9 est primordiale, nous comprenons \u00e9galement le besoin de flexibilit\u00e9. Nos composants de rechange respectent les m\u00eames normes \u00e9lev\u00e9es que nos pi\u00e8ces d'origine. Con\u00e7us dans un souci de compatibilit\u00e9 et de durabilit\u00e9, ces produits constituent une excellente alternative sans compromis sur les performances. Les clients peuvent faire confiance \u00e0 la fiabilit\u00e9 de nos solutions d'apr\u00e8s-vente, qui garantissent la fonctionnalit\u00e9 continue des m\u00e9langeurs.<\/p>\n<p>Excellence durable :<br \/>\nLa durabilit\u00e9 est au c\u0153ur de notre philosophie de conception. Les pales du malaxeur SHANTUI Janeoo 1000A, les bras de malaxage et les rev\u00eatements sont con\u00e7us pour r\u00e9sister aux rigueurs des applications de malaxage du b\u00e9ton. Les mat\u00e9riaux utilis\u00e9s assurent une r\u00e9sistance \u00e0 l'usure, \u00e0 la corrosion et aux conditions extr\u00eames, garantissant une dur\u00e9e de vie prolong\u00e9e. Cette durabilit\u00e9 se traduit par une r\u00e9duction des temps d'arr\u00eat, des co\u00fbts de maintenance et de l'efficacit\u00e9 globale.<\/p>\n<p>Artisanat et expertise :<br \/>\nNotre processus de fabrication fait appel \u00e0 des techniques avanc\u00e9es et \u00e0 une technologie de pointe. La pr\u00e9cision de la fabrication de chaque composant refl\u00e8te notre engagement in\u00e9branlable en faveur de l'excellence. L'expertise de nos ing\u00e9nieurs et techniciens qualifi\u00e9s garantit que chaque lame, bras de m\u00e9lange et rev\u00eatement r\u00e9pond aux normes de qualit\u00e9 rigoureuses \u00e9tablies par notre soci\u00e9t\u00e9.<\/p>\n<p>Assurance client :<br \/>\nChoisir les composants du m\u00e9langeur \u00e0 deux arbres SHANTUI Janeoo 1000A signifie un engagement envers la fiabilit\u00e9 et la long\u00e9vit\u00e9. Nous donnons la priorit\u00e9 \u00e0 la satisfaction du client en livrant des produits qui d\u00e9passent les attentes. Notre compr\u00e9hension approfondie de l'industrie du m\u00e9lange du b\u00e9ton nous permet de r\u00e9pondre aux besoins uniques de nos clients, en leur fournissant des solutions qui am\u00e9liorent leurs processus de m\u00e9lange.<\/p>\n<p>En conclusion, nos pales, bras de malaxage et rev\u00eatements de malaxeur \u00e0 deux arbres SHANTUI Janeoo 1000A incarnent le triptyque de l'originalit\u00e9, de l'adaptabilit\u00e9 apr\u00e8s-vente et de l'excellence durable. Am\u00e9liorez votre exp\u00e9rience du malaxage du b\u00e9ton avec des composants qui t\u00e9moignent de notre d\u00e9vouement \u00e0 l'innovation et \u00e0 la qualit\u00e9.<\/p>","protected":false},"excerpt":{"rendered":"<p>Mod\u00e8les:SHANTUI Janeoo 1000A<\/p>","protected":false},"featured_media":1866,"template":"","meta":{"_uag_custom_page_level_css":"","site-sidebar-layout":"default","site-content-layout":"","ast-site-content-layout":"default","site-content-style":"default","site-sidebar-style":"default","ast-global-header-display":"","ast-banner-title-visibility":"","ast-main-header-display":"","ast-hfb-above-header-display":"","ast-hfb-below-header-display":"","ast-hfb-mobile-header-display":"","site-post-title":"","ast-breadcrumbs-content":"","ast-featured-img":"","footer-sml-layout":"","ast-disable-related-posts":"","theme-transparent-header-meta":"default","adv-header-id-meta":"","stick-header-meta":"default","header-above-stick-meta":"","header-main-stick-meta":"","header-below-stick-meta":"","astra-migrate-meta-layouts":"set","ast-page-background-enabled":"default","ast-page-background-meta":{"desktop":{"background-color":"var(--ast-global-color-4)","background-image":"","background-repeat":"repeat","background-position":"center center","background-size":"auto","background-attachment":"scroll","background-type":"","background-media":"","overlay-type":"","overlay-color":"","overlay-opacity":"","overlay-gradient":""},"tablet":{"background-color":"","background-image":"","background-repeat":"repeat","background-position":"center center","background-size":"auto","background-attachment":"scroll","background-type":"","background-media":"","overlay-type":"","overlay-color":"","overlay-opacity":"","overlay-gradient":""},"mobile":{"background-color":"","background-image":"","background-repeat":"repeat","background-position":"center center","background-size":"auto","background-attachment":"scroll","background-type":"","background-media":"","overlay-type":"","overlay-color":"","overlay-opacity":"","overlay-gradient":""}},"ast-content-background-meta":{"desktop":{"background-color":"var(--ast-global-color-5)","background-image":"","background-repeat":"repeat","background-position":"center center","background-size":"auto","background-attachment":"scroll","background-type":"","background-media":"","overlay-type":"","overlay-color":"","overlay-opacity":"","overlay-gradient":""},"tablet":{"background-color":"var(--ast-global-color-5)","background-image":"","background-repeat":"repeat","background-position":"center center","background-size":"auto","background-attachment":"scroll","background-type":"","background-media":"","overlay-type":"","overlay-color":"","overlay-opacity":"","overlay-gradient":""},"mobile":{"background-color":"var(--ast-global-color-5)","background-image":"","background-repeat":"repeat","background-position":"center center","background-size":"auto","background-attachment":"scroll","background-type":"","background-media":"","overlay-type":"","overlay-color":"","overlay-opacity":"","overlay-gradient":""}}},"product_brand":[],"product_cat":[289,77],"product_tag":[268,288,269],"class_list":{"0":"post-1852","1":"product","2":"type-product","3":"status-publish","4":"has-post-thumbnail","6":"product_cat-other-concrete-mixer-parts","7":"product_cat-concrete-mixer-parts","8":"product_tag-blade","9":"product_tag-concrete-mixer","10":"product_tag-mixing-arm","11":"desktop-align-left","12":"tablet-align-left","13":"mobile-align-left","14":"ast-product-gallery-layout-horizontal-slider","15":"ast-product-gallery-with-no-image","16":"ast-product-single-variable","17":"ast-product-tabs-layout-horizontal","19":"first","20":"instock","21":"shipping-taxable","22":"purchasable","23":"product-type-variable"},"yoast_head":"<!-- This site is optimized with the Yoast SEO plugin v27.4 - https:\/\/yoast.com\/product\/yoast-seo-wordpress\/ -->\n<title>SHANTUI Janeoo 1000A Mixer And Parts- Crusher parts, Slurry Pump Parts, Excavator shovel parts<\/title>\n<meta name=\"description\" content=\"SHANTUI Janeoo 1000A twin-shaft mixer blades, mixing arms and liners, original replacement parts designed for wear resistance, ensuring extended efficiency\" \/>\n<meta name=\"robots\" content=\"index, follow, max-snippet:-1, max-image-preview:large, max-video-preview:-1\" \/>\n<link rel=\"canonical\" href=\"https:\/\/miningspareparts.com\/fr\/produit\/shantui-janeoo-1000a-mixer-and-parts\/\" \/>\n<meta property=\"og:locale\" content=\"fr_FR\" \/>\n<meta property=\"og:type\" content=\"article\" \/>\n<meta property=\"og:title\" content=\"SHANTUI Janeoo 1000A Mixer And Parts- Crusher parts, Slurry Pump Parts, Excavator shovel parts\" \/>\n<meta property=\"og:description\" content=\"SHANTUI Janeoo 1000A twin-shaft mixer blades, mixing arms and liners, original replacement parts designed for wear resistance, ensuring extended efficiency\" \/>\n<meta property=\"og:url\" content=\"https:\/\/miningspareparts.com\/fr\/produit\/shantui-janeoo-1000a-mixer-and-parts\/\" \/>\n<meta property=\"og:site_name\" content=\"Crusher parts, Slurry Pump Parts, Excavator shovel parts\" \/>\n<meta property=\"article:modified_time\" content=\"2024-01-16T08:15:40+00:00\" \/>\n<meta property=\"og:image\" content=\"https:\/\/miningspareparts.com\/wp-content\/uploads\/2023\/12\/\u5efa\u673a1000A.webp\" \/>\n\t<meta property=\"og:image:width\" content=\"350\" \/>\n\t<meta property=\"og:image:height\" content=\"350\" \/>\n\t<meta property=\"og:image:type\" content=\"image\/webp\" \/>\n<meta name=\"twitter:card\" content=\"summary_large_image\" \/>\n<meta name=\"twitter:label1\" content=\"Dur\u00e9e de lecture estim\u00e9e\" \/>\n\t<meta name=\"twitter:data1\" content=\"3 minutes\" \/>\n<script type=\"application\/ld+json\" class=\"yoast-schema-graph\">{\"@context\":\"https:\\\/\\\/schema.org\",\"@graph\":[{\"@type\":\"WebPage\",\"@id\":\"https:\\\/\\\/miningspareparts.com\\\/product\\\/shantui-janeoo-1000a-mixer-and-parts\\\/\",\"url\":\"https:\\\/\\\/miningspareparts.com\\\/product\\\/shantui-janeoo-1000a-mixer-and-parts\\\/\",\"name\":\"SHANTUI Janeoo 1000A Mixer And Parts- Crusher parts, Slurry Pump Parts, Excavator shovel parts\",\"isPartOf\":{\"@id\":\"https:\\\/\\\/miningspareparts.com\\\/#website\"},\"primaryImageOfPage\":{\"@id\":\"https:\\\/\\\/miningspareparts.com\\\/product\\\/shantui-janeoo-1000a-mixer-and-parts\\\/#primaryimage\"},\"image\":{\"@id\":\"https:\\\/\\\/miningspareparts.com\\\/product\\\/shantui-janeoo-1000a-mixer-and-parts\\\/#primaryimage\"},\"thumbnailUrl\":\"https:\\\/\\\/miningspareparts.com\\\/wp-content\\\/uploads\\\/2023\\\/12\\\/\u5efa\u673a1000A.webp\",\"datePublished\":\"2023-12-27T08:26:10+00:00\",\"dateModified\":\"2024-01-16T08:15:40+00:00\",\"description\":\"SHANTUI Janeoo 1000A twin-shaft mixer blades, mixing arms and liners, original replacement parts designed for wear resistance, ensuring extended efficiency\",\"breadcrumb\":{\"@id\":\"https:\\\/\\\/miningspareparts.com\\\/product\\\/shantui-janeoo-1000a-mixer-and-parts\\\/#breadcrumb\"},\"inLanguage\":\"fr-FR\",\"potentialAction\":[{\"@type\":\"ReadAction\",\"target\":[\"https:\\\/\\\/miningspareparts.com\\\/product\\\/shantui-janeoo-1000a-mixer-and-parts\\\/\"]}]},{\"@type\":\"ImageObject\",\"inLanguage\":\"fr-FR\",\"@id\":\"https:\\\/\\\/miningspareparts.com\\\/product\\\/shantui-janeoo-1000a-mixer-and-parts\\\/#primaryimage\",\"url\":\"https:\\\/\\\/miningspareparts.com\\\/wp-content\\\/uploads\\\/2023\\\/12\\\/\u5efa\u673a1000A.webp\",\"contentUrl\":\"https:\\\/\\\/miningspareparts.com\\\/wp-content\\\/uploads\\\/2023\\\/12\\\/\u5efa\u673a1000A.webp\",\"width\":350,\"height\":350,\"caption\":\"shantui janeoo 1000a concrete mixer\"},{\"@type\":\"BreadcrumbList\",\"@id\":\"https:\\\/\\\/miningspareparts.com\\\/product\\\/shantui-janeoo-1000a-mixer-and-parts\\\/#breadcrumb\",\"itemListElement\":[{\"@type\":\"ListItem\",\"position\":1,\"name\":\"Home\",\"item\":\"https:\\\/\\\/miningspareparts.com\\\/\"},{\"@type\":\"ListItem\",\"position\":2,\"name\":\"Premium Mining Wear And Spare Parts\",\"item\":\"https:\\\/\\\/miningspareparts.com\\\/shop\\\/\"},{\"@type\":\"ListItem\",\"position\":3,\"name\":\"SHANTUI Janeoo 1000A Mixer And Parts\"}]},{\"@type\":\"WebSite\",\"@id\":\"https:\\\/\\\/miningspareparts.com\\\/#website\",\"url\":\"https:\\\/\\\/miningspareparts.com\\\/\",\"name\":\"Crusher parts , Concrete Mixer Parts, Slurry Pump Parts, Mining Spares\",\"description\":\"Mining Wear &amp; Spare Parts Supplier\",\"publisher\":{\"@id\":\"https:\\\/\\\/miningspareparts.com\\\/#organization\"},\"potentialAction\":[{\"@type\":\"SearchAction\",\"target\":{\"@type\":\"EntryPoint\",\"urlTemplate\":\"https:\\\/\\\/miningspareparts.com\\\/?s={search_term_string}\"},\"query-input\":{\"@type\":\"PropertyValueSpecification\",\"valueRequired\":true,\"valueName\":\"search_term_string\"}}],\"inLanguage\":\"fr-FR\"},{\"@type\":\"Organization\",\"@id\":\"https:\\\/\\\/miningspareparts.com\\\/#organization\",\"name\":\"Crusher parts , Concrete Mixer Parts, Slurry Pump Parts, Mining Spares\",\"url\":\"https:\\\/\\\/miningspareparts.com\\\/\",\"logo\":{\"@type\":\"ImageObject\",\"inLanguage\":\"fr-FR\",\"@id\":\"https:\\\/\\\/miningspareparts.com\\\/#\\\/schema\\\/logo\\\/image\\\/\",\"url\":\"https:\\\/\\\/miningspareparts.com\\\/wp-content\\\/uploads\\\/2025\\\/04\\\/cropped-cropped-logo\u6b63\u65b9\u5f62.png\",\"contentUrl\":\"https:\\\/\\\/miningspareparts.com\\\/wp-content\\\/uploads\\\/2025\\\/04\\\/cropped-cropped-logo\u6b63\u65b9\u5f62.png\",\"width\":511,\"height\":171,\"caption\":\"Crusher parts , Concrete Mixer Parts, Slurry Pump Parts, Mining Spares\"},\"image\":{\"@id\":\"https:\\\/\\\/miningspareparts.com\\\/#\\\/schema\\\/logo\\\/image\\\/\"}}]}<\/script>\n<!-- \/ Yoast SEO plugin. -->","yoast_head_json":{"title":"SHANTUI Janeoo 1000A Mixer And Parts- Crusher parts, Slurry Pump Parts, Excavator shovel parts","description":"SHANTUI Janeoo 1000A twin-shaft mixer blades, mixing arms and liners, original replacement parts designed for wear resistance, ensuring extended efficiency","robots":{"index":"index","follow":"follow","max-snippet":"max-snippet:-1","max-image-preview":"max-image-preview:large","max-video-preview":"max-video-preview:-1"},"canonical":"https:\/\/miningspareparts.com\/fr\/produit\/shantui-janeoo-1000a-mixer-and-parts\/","og_locale":"fr_FR","og_type":"article","og_title":"SHANTUI Janeoo 1000A Mixer And Parts- Crusher parts, Slurry Pump Parts, Excavator shovel parts","og_description":"SHANTUI Janeoo 1000A twin-shaft mixer blades, mixing arms and liners, original replacement parts designed for wear resistance, ensuring extended efficiency","og_url":"https:\/\/miningspareparts.com\/fr\/produit\/shantui-janeoo-1000a-mixer-and-parts\/","og_site_name":"Crusher parts, Slurry Pump Parts, Excavator shovel parts","article_modified_time":"2024-01-16T08:15:40+00:00","og_image":[{"width":350,"height":350,"url":"https:\/\/miningspareparts.com\/wp-content\/uploads\/2023\/12\/\u5efa\u673a1000A.webp","type":"image\/webp"}],"twitter_card":"summary_large_image","twitter_misc":{"Dur\u00e9e de lecture estim\u00e9e":"3 minutes"},"schema":{"@context":"https:\/\/schema.org","@graph":[{"@type":"WebPage","@id":"https:\/\/miningspareparts.com\/product\/shantui-janeoo-1000a-mixer-and-parts\/","url":"https:\/\/miningspareparts.com\/product\/shantui-janeoo-1000a-mixer-and-parts\/","name":"SHANTUI Janeoo 1000A Mixer And Parts- Crusher parts, Slurry Pump Parts, Excavator shovel parts","isPartOf":{"@id":"https:\/\/miningspareparts.com\/#website"},"primaryImageOfPage":{"@id":"https:\/\/miningspareparts.com\/product\/shantui-janeoo-1000a-mixer-and-parts\/#primaryimage"},"image":{"@id":"https:\/\/miningspareparts.com\/product\/shantui-janeoo-1000a-mixer-and-parts\/#primaryimage"},"thumbnailUrl":"https:\/\/miningspareparts.com\/wp-content\/uploads\/2023\/12\/\u5efa\u673a1000A.webp","datePublished":"2023-12-27T08:26:10+00:00","dateModified":"2024-01-16T08:15:40+00:00","description":"SHANTUI Janeoo 1000A twin-shaft mixer blades, mixing arms and liners, original replacement parts designed for wear resistance, ensuring extended efficiency","breadcrumb":{"@id":"https:\/\/miningspareparts.com\/product\/shantui-janeoo-1000a-mixer-and-parts\/#breadcrumb"},"inLanguage":"fr-FR","potentialAction":[{"@type":"ReadAction","target":["https:\/\/miningspareparts.com\/product\/shantui-janeoo-1000a-mixer-and-parts\/"]}]},{"@type":"ImageObject","inLanguage":"fr-FR","@id":"https:\/\/miningspareparts.com\/product\/shantui-janeoo-1000a-mixer-and-parts\/#primaryimage","url":"https:\/\/miningspareparts.com\/wp-content\/uploads\/2023\/12\/\u5efa\u673a1000A.webp","contentUrl":"https:\/\/miningspareparts.com\/wp-content\/uploads\/2023\/12\/\u5efa\u673a1000A.webp","width":350,"height":350,"caption":"shantui janeoo 1000a concrete mixer"},{"@type":"BreadcrumbList","@id":"https:\/\/miningspareparts.com\/product\/shantui-janeoo-1000a-mixer-and-parts\/#breadcrumb","itemListElement":[{"@type":"ListItem","position":1,"name":"Home","item":"https:\/\/miningspareparts.com\/"},{"@type":"ListItem","position":2,"name":"Premium Mining Wear And Spare Parts","item":"https:\/\/miningspareparts.com\/shop\/"},{"@type":"ListItem","position":3,"name":"SHANTUI Janeoo 1000A Mixer And Parts"}]},{"@type":"WebSite","@id":"https:\/\/miningspareparts.com\/#website","url":"https:\/\/miningspareparts.com\/","name":"Crusher parts , Concrete Mixer Parts, Slurry Pump Parts, Mining Spares","description":"Mining Wear &amp; Spare Parts Supplier","publisher":{"@id":"https:\/\/miningspareparts.com\/#organization"},"potentialAction":[{"@type":"SearchAction","target":{"@type":"EntryPoint","urlTemplate":"https:\/\/miningspareparts.com\/?s={search_term_string}"},"query-input":{"@type":"PropertyValueSpecification","valueRequired":true,"valueName":"search_term_string"}}],"inLanguage":"fr-FR"},{"@type":"Organization","@id":"https:\/\/miningspareparts.com\/#organization","name":"Crusher parts , Concrete Mixer Parts, Slurry Pump Parts, Mining Spares","url":"https:\/\/miningspareparts.com\/","logo":{"@type":"ImageObject","inLanguage":"fr-FR","@id":"https:\/\/miningspareparts.com\/#\/schema\/logo\/image\/","url":"https:\/\/miningspareparts.com\/wp-content\/uploads\/2025\/04\/cropped-cropped-logo\u6b63\u65b9\u5f62.png","contentUrl":"https:\/\/miningspareparts.com\/wp-content\/uploads\/2025\/04\/cropped-cropped-logo\u6b63\u65b9\u5f62.png","width":511,"height":171,"caption":"Crusher parts , Concrete Mixer Parts, Slurry Pump Parts, Mining Spares"},"image":{"@id":"https:\/\/miningspareparts.com\/#\/schema\/logo\/image\/"}}]}},"uagb_featured_image_src":{"full":["https:\/\/miningspareparts.com\/wp-content\/uploads\/2023\/12\/\u5efa\u673a1000A.webp",350,350,false],"thumbnail":["https:\/\/miningspareparts.com\/wp-content\/uploads\/2023\/12\/\u5efa\u673a1000A-150x150.webp",150,150,true],"medium":["https:\/\/miningspareparts.com\/wp-content\/uploads\/2023\/12\/\u5efa\u673a1000A-300x300.webp",300,300,true],"medium_large":["https:\/\/miningspareparts.com\/wp-content\/uploads\/2023\/12\/\u5efa\u673a1000A.webp",350,350,false],"large":["https:\/\/miningspareparts.com\/wp-content\/uploads\/2023\/12\/\u5efa\u673a1000A.webp",350,350,false],"1536x1536":["https:\/\/miningspareparts.com\/wp-content\/uploads\/2023\/12\/\u5efa\u673a1000A.webp",350,350,false],"2048x2048":["https:\/\/miningspareparts.com\/wp-content\/uploads\/2023\/12\/\u5efa\u673a1000A.webp",350,350,false],"trp-custom-language-flag":["https:\/\/miningspareparts.com\/wp-content\/uploads\/2023\/12\/\u5efa\u673a1000A.webp",12,12,false],"woocommerce_thumbnail":["https:\/\/miningspareparts.com\/wp-content\/uploads\/2023\/12\/\u5efa\u673a1000A-300x300.webp",300,300,true],"woocommerce_single":["https:\/\/miningspareparts.com\/wp-content\/uploads\/2023\/12\/\u5efa\u673a1000A.webp",350,350,false],"woocommerce_gallery_thumbnail":["https:\/\/miningspareparts.com\/wp-content\/uploads\/2023\/12\/\u5efa\u673a1000A-100x100.webp",100,100,true]},"uagb_author_info":{"display_name":"Miningspareparts","author_link":"https:\/\/miningspareparts.com\/fr\/author\/"},"uagb_comment_info":0,"uagb_excerpt":"Models:SHANTUI Janeoo 1000A","_links":{"self":[{"href":"https:\/\/miningspareparts.com\/fr\/wp-json\/wp\/v2\/product\/1852","targetHints":{"allow":["GET"]}}],"collection":[{"href":"https:\/\/miningspareparts.com\/fr\/wp-json\/wp\/v2\/product"}],"about":[{"href":"https:\/\/miningspareparts.com\/fr\/wp-json\/wp\/v2\/types\/product"}],"wp:featuredmedia":[{"embeddable":true,"href":"https:\/\/miningspareparts.com\/fr\/wp-json\/wp\/v2\/media\/1866"}],"wp:attachment":[{"href":"https:\/\/miningspareparts.com\/fr\/wp-json\/wp\/v2\/media?parent=1852"}],"wp:term":[{"taxonomy":"product_brand","embeddable":true,"href":"https:\/\/miningspareparts.com\/fr\/wp-json\/wp\/v2\/product_brand?post=1852"},{"taxonomy":"product_cat","embeddable":true,"href":"https:\/\/miningspareparts.com\/fr\/wp-json\/wp\/v2\/product_cat?post=1852"},{"taxonomy":"product_tag","embeddable":true,"href":"https:\/\/miningspareparts.com\/fr\/wp-json\/wp\/v2\/product_tag?post=1852"}],"curies":[{"name":"wp","href":"https:\/\/api.w.org\/{rel}","templated":true}]}}