{"id":1875,"date":"2023-12-30T03:31:07","date_gmt":"2023-12-30T03:31:07","guid":{"rendered":"https:\/\/miningspareparts.com\/?post_type=product&#038;p=1875"},"modified":"2024-04-05T12:14:06","modified_gmt":"2024-04-05T12:14:06","slug":"nflg-2000d-mixer-and-parts","status":"publish","type":"product","link":"https:\/\/miningspareparts.com\/fr\/produit\/nflg-2000d-mixer-and-parts\/","title":{"rendered":"M\u00e9langeur NFLG 2000D et pi\u00e8ces d\u00e9tach\u00e9es"},"content":{"rendered":"<p><strong>Voici une description du m\u00e9langeur et des pi\u00e8ces NFLG 2000D<\/strong><\/p>\n<table>\n<tbody>\n<tr>\n<td width=\"46\">NON.<\/td>\n<td width=\"218\">Sp\u00e9cifications<\/td>\n<td width=\"151\">Code de l'article<\/td>\n<td width=\"47\">Qt\u00e9<\/td>\n<td width=\"66\">Unit\u00e9.<\/td>\n<td width=\"76\">Poids unitaire (Kg)<\/td>\n<td width=\"80\">Poids total (Kg)<\/td>\n<td width=\"33\">Remarques<\/td>\n<\/tr>\n<tr>\n<td width=\"46\">1<\/td>\n<td width=\"218\">Bras long d'alimentation<\/td>\n<td width=\"151\">JS3000XD.5.2-2<\/td>\n<td width=\"47\">12<\/td>\n<td width=\"66\">Pcs<\/td>\n<td width=\"76\">46.2<\/td>\n<td width=\"80\">554.4<\/td>\n<td width=\"33\"><\/td>\n<\/tr>\n<tr>\n<td width=\"46\">2<\/td>\n<td width=\"218\">Retour bras long<\/td>\n<td width=\"151\">JS3000XD.5.5-2<\/td>\n<td width=\"47\">4<\/td>\n<td width=\"66\">Pcs<\/td>\n<td width=\"76\">46.2<\/td>\n<td width=\"80\">184.8<\/td>\n<td width=\"33\"><\/td>\n<\/tr>\n<tr>\n<td width=\"46\">3<\/td>\n<td width=\"218\">Alimentation Bras court<\/td>\n<td width=\"151\">JS3000XD.5.1-2<\/td>\n<td width=\"47\">12<\/td>\n<td width=\"66\">Pcs<\/td>\n<td width=\"76\">28.4<\/td>\n<td width=\"80\">340.8<\/td>\n<td width=\"33\"><\/td>\n<\/tr>\n<tr>\n<td width=\"46\">4<\/td>\n<td width=\"218\">Bras de retour court<\/td>\n<td width=\"151\">JS3000XD.5.6-2<\/td>\n<td width=\"47\">4<\/td>\n<td width=\"66\">Pcs<\/td>\n<td width=\"76\">28.4<\/td>\n<td width=\"80\">113.6<\/td>\n<td width=\"33\"><\/td>\n<\/tr>\n<tr>\n<td width=\"46\">5<\/td>\n<td width=\"218\">Lame d'alimentation (longue)<\/td>\n<td width=\"151\">JS3000XD.5.4-1<\/td>\n<td width=\"47\">10<\/td>\n<td width=\"66\">Pcs<\/td>\n<td width=\"76\">17.8<\/td>\n<td width=\"80\">178<\/td>\n<td width=\"33\"><\/td>\n<\/tr>\n<tr>\n<td width=\"46\">6<\/td>\n<td width=\"218\">Lame de retour (longue)<\/td>\n<td width=\"151\">JS3000XD.5.5-1<\/td>\n<td width=\"47\">2<\/td>\n<td width=\"66\">Pcs<\/td>\n<td width=\"76\">17.8<\/td>\n<td width=\"80\">35.6<\/td>\n<td width=\"33\"><\/td>\n<\/tr>\n<tr>\n<td width=\"46\">7<\/td>\n<td width=\"218\">Lame d'alimentation (courte)<\/td>\n<td width=\"151\">JS3000XD.5.3-1<\/td>\n<td width=\"47\">10<\/td>\n<td width=\"66\">Pcs<\/td>\n<td width=\"76\">7.3<\/td>\n<td width=\"80\">73<\/td>\n<td width=\"33\"><\/td>\n<\/tr>\n<tr>\n<td width=\"46\">8<\/td>\n<td width=\"218\">Lame de retour (court m\u00e9trage)<\/td>\n<td width=\"151\">JS3000XD.5.6-1<\/td>\n<td width=\"47\">2<\/td>\n<td width=\"66\">Pcs<\/td>\n<td width=\"76\">7.3<\/td>\n<td width=\"80\">14.6<\/td>\n<td width=\"33\"><\/td>\n<\/tr>\n<tr>\n<td width=\"46\">9<\/td>\n<td width=\"218\">Lame d'alimentation lat\u00e9rale (longue)<\/td>\n<td width=\"151\">JS3000XD.5.2-1<\/td>\n<td width=\"47\">2<\/td>\n<td width=\"66\">Pcs<\/td>\n<td width=\"76\">22.4<\/td>\n<td width=\"80\">44.8<\/td>\n<td width=\"33\"><\/td>\n<\/tr>\n<tr>\n<td width=\"46\">10<\/td>\n<td width=\"218\">Lame de retour lat\u00e9rale (longue)<\/td>\n<td width=\"151\">JS3000XD.5.8-1<\/td>\n<td width=\"47\">2<\/td>\n<td width=\"66\">Pcs<\/td>\n<td width=\"76\">22.4<\/td>\n<td width=\"80\">44.8<\/td>\n<td width=\"33\"><\/td>\n<\/tr>\n<tr>\n<td width=\"46\">11<\/td>\n<td width=\"218\">Lame d'alimentation lat\u00e9rale (courte)<\/td>\n<td width=\"151\">JS3000XD.5.1-1.<\/td>\n<td width=\"47\">2<\/td>\n<td width=\"66\">Pcs<\/td>\n<td width=\"76\">8.8<\/td>\n<td width=\"80\">17.6<\/td>\n<td width=\"33\"><\/td>\n<\/tr>\n<tr>\n<td width=\"46\">12<\/td>\n<td width=\"218\">Lame de retour lat\u00e9rale (courte)<\/td>\n<td width=\"151\">JS3000XD.5.7-1<\/td>\n<td width=\"47\">2<\/td>\n<td width=\"66\">Pcs<\/td>\n<td width=\"76\">8.8<\/td>\n<td width=\"80\">17.6<\/td>\n<td width=\"33\"><\/td>\n<\/tr>\n<tr>\n<td width=\"46\">13<\/td>\n<td width=\"218\">Liner oblique (losange)<\/td>\n<td width=\"151\">JS3000XD.5.3-8.<\/td>\n<td width=\"47\">70<\/td>\n<td width=\"66\">Pcs<\/td>\n<td width=\"76\">7<\/td>\n<td width=\"80\">490<\/td>\n<td width=\"33\"><\/td>\n<\/tr>\n<tr>\n<td width=\"46\">14<\/td>\n<td width=\"218\">Liner oblique (trap\u00e9zo\u00efdal)<\/td>\n<td width=\"151\">JS3000XD.5.3-9<\/td>\n<td width=\"47\">28<\/td>\n<td width=\"66\">Pcs<\/td>\n<td width=\"76\">4.8<\/td>\n<td width=\"80\">134.4<\/td>\n<td width=\"33\"><\/td>\n<\/tr>\n<tr>\n<td width=\"46\">16<\/td>\n<td width=\"218\">Doublure en forme d'\u00e9ventail<\/td>\n<td width=\"151\">JS3000XD.5.3-4<\/td>\n<td width=\"47\">16<\/td>\n<td width=\"66\">Pcs<\/td>\n<td width=\"76\">18<\/td>\n<td width=\"80\">288<\/td>\n<td width=\"33\"><\/td>\n<\/tr>\n<tr>\n<td width=\"46\">17<\/td>\n<td width=\"218\">Doublure de collier (positive)<\/td>\n<td width=\"151\">JS3000XD.5.3-5<\/td>\n<td width=\"47\">4<\/td>\n<td width=\"66\">Pcs<\/td>\n<td width=\"76\">15.5<\/td>\n<td width=\"80\">62<\/td>\n<td width=\"33\"><\/td>\n<\/tr>\n<tr>\n<td width=\"46\">18<\/td>\n<td width=\"218\">Doublure de col (verso)<\/td>\n<td width=\"151\">JS3000XD.5.3-6<\/td>\n<td width=\"47\">4<\/td>\n<td width=\"66\">Pcs<\/td>\n<td width=\"76\">15.5<\/td>\n<td width=\"80\">62<\/td>\n<td width=\"33\"><\/td>\n<\/tr>\n<tr>\n<td width=\"46\">19<\/td>\n<td width=\"218\">Petit demi-cercle<\/td>\n<td width=\"151\">JS2000C.3a-4b<\/td>\n<td width=\"47\">24<\/td>\n<td width=\"66\">Pcs<\/td>\n<td width=\"76\">7<\/td>\n<td width=\"80\">168<\/td>\n<td width=\"33\"><\/td>\n<\/tr>\n<tr>\n<td width=\"46\">Total<\/td>\n<td width=\"218\"><\/td>\n<td width=\"151\"><\/td>\n<td width=\"47\">210<\/td>\n<td width=\"66\"><\/td>\n<td width=\"76\"><\/td>\n<td width=\"80\">2824<\/td>\n<td width=\"33\"><\/td>\n<\/tr>\n<\/tbody>\n<\/table>\n<p><img fetchpriority=\"high\" decoding=\"async\" class=\"wp-image-3550 alignleft\" src=\"https:\/\/miningspareparts.com\/wp-content\/uploads\/2024\/01\/Mixer-And-Wear-Parts1-239x300.webp\" alt=\"\" width=\"498\" height=\"625\" srcset=\"https:\/\/miningspareparts.com\/wp-content\/uploads\/2024\/01\/Mixer-And-Wear-Parts1-239x300.webp 239w, https:\/\/miningspareparts.com\/wp-content\/uploads\/2024\/01\/Mixer-And-Wear-Parts1-817x1024.webp 817w, https:\/\/miningspareparts.com\/wp-content\/uploads\/2024\/01\/Mixer-And-Wear-Parts1-768x963.webp 768w, https:\/\/miningspareparts.com\/wp-content\/uploads\/2024\/01\/Mixer-And-Wear-Parts1-1226x1536.webp 1226w, https:\/\/miningspareparts.com\/wp-content\/uploads\/2024\/01\/Mixer-And-Wear-Parts1-1634x2048.webp 1634w, https:\/\/miningspareparts.com\/wp-content\/uploads\/2024\/01\/Mixer-And-Wear-Parts1-600x752.webp 600w, https:\/\/miningspareparts.com\/wp-content\/uploads\/2024\/01\/Mixer-And-Wear-Parts1.webp 2037w\" sizes=\"(max-width: 498px) 100vw, 498px\" \/><span style=\"font-size: 16px\">\u00a0<\/span><img decoding=\"async\" class=\"wp-image-3551 alignnone\" style=\"font-weight: inherit\" src=\"https:\/\/miningspareparts.com\/wp-content\/uploads\/2024\/01\/Mixer-And-Wear-Parts2-210x300.webp\" alt=\"\" width=\"454\" height=\"649\" srcset=\"https:\/\/miningspareparts.com\/wp-content\/uploads\/2024\/01\/Mixer-And-Wear-Parts2-210x300.webp 210w, https:\/\/miningspareparts.com\/wp-content\/uploads\/2024\/01\/Mixer-And-Wear-Parts2-600x856.webp 600w\" sizes=\"(max-width: 454px) 100vw, 454px\" \/><\/p>\n<p>Notre fabrication de pointe de pales, de bras de m\u00e9lange et de rev\u00eatements de m\u00e9langeurs \u00e0 deux arbres NFLG 2000D repr\u00e9sente le summum des composants de remplacement d'origine. Nous donnons la priorit\u00e9 \u00e0 la durabilit\u00e9, ce qui garantit une dur\u00e9e de vie prolong\u00e9e du produit et des performances constantes.<\/p>\n<p>Dans le domaine de l'enrobage, les pi\u00e8ces de rechange d'origine jouent un r\u00f4le essentiel dans le maintien de l'efficacit\u00e9 et de la long\u00e9vit\u00e9 de votre \u00e9quipement. Dans nos installations, nous sommes sp\u00e9cialis\u00e9s dans la fabrication de pales de malaxeur \u00e0 deux arbres NFLG 2000D, de bras de malaxage et de rev\u00eatements de haute qualit\u00e9, con\u00e7us pour remplacer sans probl\u00e8me les composants us\u00e9s, afin que votre machine fonctionne au mieux de ses performances.<\/p>\n<p>Le terme \"remplacement d'origine\" r\u00e9sume notre engagement en mati\u00e8re d'ing\u00e9nierie de pr\u00e9cision, en adh\u00e9rant aux sp\u00e9cifications et aux normes exactes \u00e9tablies par NFLG. Choisir nos pi\u00e8ces de rechange, c'est choisir des composants qui s'int\u00e8grent parfaitement \u00e0 votre syst\u00e8me existant, r\u00e9duisant ainsi les temps d'arr\u00eat et optimisant la fonctionnalit\u00e9 de votre m\u00e9langeur.<\/p>\n<p>En plus d'\u00eatre des pi\u00e8ces de rechange d'origine, nos composants b\u00e9n\u00e9ficient d'une durabilit\u00e9 exceptionnelle. Fabriqu\u00e9s \u00e0 partir de mat\u00e9riaux robustes, les pales, les bras de malaxage et les rev\u00eatements du malaxeur \u00e0 deux arbres NFLG 2000D r\u00e9sistent \u00e0 l'usure, m\u00eame dans les environnements de malaxage les plus exigeants. Cette long\u00e9vit\u00e9 permet non seulement de r\u00e9duire la fr\u00e9quence des remplacements, mais aussi de r\u00e9aliser des \u00e9conomies sur la dur\u00e9e de vie de l'\u00e9quipement.<\/p>\n<p>En outre, notre engagement va au-del\u00e0 de la fourniture de pi\u00e8ces de rechange pour garantir l'efficacit\u00e9 globale de votre \u00e9quipement. La r\u00e9sistance \u00e0 l'usure de nos composants se traduit par des performances constantes et fiables, contribuant au bon fonctionnement de vos processus de m\u00e9lange.<\/p>","protected":false},"excerpt":{"rendered":"<p>Mod\u00e8les:NFLG 2000D<\/p>","protected":false},"featured_media":4779,"template":"","meta":{"_uag_custom_page_level_css":"","site-sidebar-layout":"default","site-content-layout":"","ast-site-content-layout":"default","site-content-style":"default","site-sidebar-style":"default","ast-global-header-display":"","ast-banner-title-visibility":"","ast-main-header-display":"","ast-hfb-above-header-display":"","ast-hfb-below-header-display":"","ast-hfb-mobile-header-display":"","site-post-title":"","ast-breadcrumbs-content":"","ast-featured-img":"","footer-sml-layout":"","ast-disable-related-posts":"","theme-transparent-header-meta":"default","adv-header-id-meta":"","stick-header-meta":"default","header-above-stick-meta":"","header-main-stick-meta":"","header-below-stick-meta":"","astra-migrate-meta-layouts":"set","ast-page-background-enabled":"default","ast-page-background-meta":{"desktop":{"background-color":"var(--ast-global-color-4)","background-image":"","background-repeat":"repeat","background-position":"center center","background-size":"auto","background-attachment":"scroll","background-type":"","background-media":"","overlay-type":"","overlay-color":"","overlay-opacity":"","overlay-gradient":""},"tablet":{"background-color":"","background-image":"","background-repeat":"repeat","background-position":"center center","background-size":"auto","background-attachment":"scroll","background-type":"","background-media":"","overlay-type":"","overlay-color":"","overlay-opacity":"","overlay-gradient":""},"mobile":{"background-color":"","background-image":"","background-repeat":"repeat","background-position":"center center","background-size":"auto","background-attachment":"scroll","background-type":"","background-media":"","overlay-type":"","overlay-color":"","overlay-opacity":"","overlay-gradient":""}},"ast-content-background-meta":{"desktop":{"background-color":"var(--ast-global-color-5)","background-image":"","background-repeat":"repeat","background-position":"center center","background-size":"auto","background-attachment":"scroll","background-type":"","background-media":"","overlay-type":"","overlay-color":"","overlay-opacity":"","overlay-gradient":""},"tablet":{"background-color":"var(--ast-global-color-5)","background-image":"","background-repeat":"repeat","background-position":"center center","background-size":"auto","background-attachment":"scroll","background-type":"","background-media":"","overlay-type":"","overlay-color":"","overlay-opacity":"","overlay-gradient":""},"mobile":{"background-color":"var(--ast-global-color-5)","background-image":"","background-repeat":"repeat","background-position":"center center","background-size":"auto","background-attachment":"scroll","background-type":"","background-media":"","overlay-type":"","overlay-color":"","overlay-opacity":"","overlay-gradient":""}}},"product_brand":[],"product_cat":[82,248],"product_tag":[267,268,269],"class_list":{"0":"post-1875","1":"product","2":"type-product","3":"status-publish","4":"has-post-thumbnail","6":"product_cat-asphalt-mixer-parts","7":"product_cat-nflg","8":"product_tag-asphalt","9":"product_tag-blade","10":"product_tag-mixing-arm","11":"desktop-align-left","12":"tablet-align-left","13":"mobile-align-left","14":"ast-product-gallery-layout-horizontal-slider","15":"ast-product-gallery-with-no-image","16":"ast-product-single-variable","17":"ast-product-tabs-layout-horizontal","19":"first","20":"instock","21":"shipping-taxable","22":"purchasable","23":"product-type-variable"},"yoast_head":"<!-- This site is optimized with the Yoast SEO plugin v27.4 - https:\/\/yoast.com\/product\/yoast-seo-wordpress\/ -->\n<title>NFLG 2000D Mixer And Parts - Crusher parts, Slurry Pump Parts, Excavator shovel parts<\/title>\n<meta name=\"description\" content=\"Our NFLG 2000D twin-shaft mixer blades, mixing arms, and liners: original replacements ensuring seamless integration, durability, and wear resistance.\" \/>\n<meta name=\"robots\" content=\"index, follow, max-snippet:-1, max-image-preview:large, max-video-preview:-1\" \/>\n<link rel=\"canonical\" href=\"https:\/\/miningspareparts.com\/fr\/produit\/nflg-2000d-mixer-and-parts\/\" \/>\n<meta property=\"og:locale\" content=\"fr_FR\" \/>\n<meta property=\"og:type\" content=\"article\" \/>\n<meta property=\"og:title\" content=\"NFLG 2000D Mixer And Parts - Crusher parts, Slurry Pump Parts, Excavator shovel parts\" \/>\n<meta property=\"og:description\" content=\"Our NFLG 2000D twin-shaft mixer blades, mixing arms, and liners: original replacements ensuring seamless integration, durability, and wear resistance.\" \/>\n<meta property=\"og:url\" content=\"https:\/\/miningspareparts.com\/fr\/produit\/nflg-2000d-mixer-and-parts\/\" \/>\n<meta property=\"og:site_name\" content=\"Crusher parts, Slurry Pump Parts, Excavator shovel parts\" \/>\n<meta property=\"article:modified_time\" content=\"2024-04-05T12:14:06+00:00\" \/>\n<meta property=\"og:image\" content=\"https:\/\/miningspareparts.com\/wp-content\/uploads\/2023\/12\/NFLG-2000D-Mixer-And-Parts.webp\" \/>\n\t<meta property=\"og:image:width\" content=\"800\" \/>\n\t<meta property=\"og:image:height\" content=\"800\" \/>\n\t<meta property=\"og:image:type\" content=\"image\/webp\" \/>\n<meta name=\"twitter:card\" content=\"summary_large_image\" \/>\n<meta name=\"twitter:label1\" content=\"Dur\u00e9e de lecture estim\u00e9e\" \/>\n\t<meta name=\"twitter:data1\" content=\"3 minutes\" \/>\n<script type=\"application\/ld+json\" class=\"yoast-schema-graph\">{\"@context\":\"https:\\\/\\\/schema.org\",\"@graph\":[{\"@type\":\"WebPage\",\"@id\":\"https:\\\/\\\/miningspareparts.com\\\/product\\\/nflg-2000d-mixer-and-parts\\\/\",\"url\":\"https:\\\/\\\/miningspareparts.com\\\/product\\\/nflg-2000d-mixer-and-parts\\\/\",\"name\":\"NFLG 2000D Mixer And Parts - Crusher parts, Slurry Pump Parts, Excavator shovel parts\",\"isPartOf\":{\"@id\":\"https:\\\/\\\/miningspareparts.com\\\/#website\"},\"primaryImageOfPage\":{\"@id\":\"https:\\\/\\\/miningspareparts.com\\\/product\\\/nflg-2000d-mixer-and-parts\\\/#primaryimage\"},\"image\":{\"@id\":\"https:\\\/\\\/miningspareparts.com\\\/product\\\/nflg-2000d-mixer-and-parts\\\/#primaryimage\"},\"thumbnailUrl\":\"https:\\\/\\\/miningspareparts.com\\\/wp-content\\\/uploads\\\/2023\\\/12\\\/NFLG-2000D-Mixer-And-Parts.webp\",\"datePublished\":\"2023-12-30T03:31:07+00:00\",\"dateModified\":\"2024-04-05T12:14:06+00:00\",\"description\":\"Our NFLG 2000D twin-shaft mixer blades, mixing arms, and liners: original replacements ensuring seamless integration, durability, and wear resistance.\",\"breadcrumb\":{\"@id\":\"https:\\\/\\\/miningspareparts.com\\\/product\\\/nflg-2000d-mixer-and-parts\\\/#breadcrumb\"},\"inLanguage\":\"fr-FR\",\"potentialAction\":[{\"@type\":\"ReadAction\",\"target\":[\"https:\\\/\\\/miningspareparts.com\\\/product\\\/nflg-2000d-mixer-and-parts\\\/\"]}]},{\"@type\":\"ImageObject\",\"inLanguage\":\"fr-FR\",\"@id\":\"https:\\\/\\\/miningspareparts.com\\\/product\\\/nflg-2000d-mixer-and-parts\\\/#primaryimage\",\"url\":\"https:\\\/\\\/miningspareparts.com\\\/wp-content\\\/uploads\\\/2023\\\/12\\\/NFLG-2000D-Mixer-And-Parts.webp\",\"contentUrl\":\"https:\\\/\\\/miningspareparts.com\\\/wp-content\\\/uploads\\\/2023\\\/12\\\/NFLG-2000D-Mixer-And-Parts.webp\",\"width\":800,\"height\":800},{\"@type\":\"BreadcrumbList\",\"@id\":\"https:\\\/\\\/miningspareparts.com\\\/product\\\/nflg-2000d-mixer-and-parts\\\/#breadcrumb\",\"itemListElement\":[{\"@type\":\"ListItem\",\"position\":1,\"name\":\"Home\",\"item\":\"https:\\\/\\\/miningspareparts.com\\\/\"},{\"@type\":\"ListItem\",\"position\":2,\"name\":\"Premium Mining Wear And Spare Parts\",\"item\":\"https:\\\/\\\/miningspareparts.com\\\/shop\\\/\"},{\"@type\":\"ListItem\",\"position\":3,\"name\":\"NFLG 2000D Mixer And Parts\"}]},{\"@type\":\"WebSite\",\"@id\":\"https:\\\/\\\/miningspareparts.com\\\/#website\",\"url\":\"https:\\\/\\\/miningspareparts.com\\\/\",\"name\":\"Crusher parts , Concrete Mixer Parts, Slurry Pump Parts, Mining Spares\",\"description\":\"Mining Wear &amp; Spare Parts Supplier\",\"publisher\":{\"@id\":\"https:\\\/\\\/miningspareparts.com\\\/#organization\"},\"potentialAction\":[{\"@type\":\"SearchAction\",\"target\":{\"@type\":\"EntryPoint\",\"urlTemplate\":\"https:\\\/\\\/miningspareparts.com\\\/?s={search_term_string}\"},\"query-input\":{\"@type\":\"PropertyValueSpecification\",\"valueRequired\":true,\"valueName\":\"search_term_string\"}}],\"inLanguage\":\"fr-FR\"},{\"@type\":\"Organization\",\"@id\":\"https:\\\/\\\/miningspareparts.com\\\/#organization\",\"name\":\"Crusher parts , Concrete Mixer Parts, Slurry Pump Parts, Mining Spares\",\"url\":\"https:\\\/\\\/miningspareparts.com\\\/\",\"logo\":{\"@type\":\"ImageObject\",\"inLanguage\":\"fr-FR\",\"@id\":\"https:\\\/\\\/miningspareparts.com\\\/#\\\/schema\\\/logo\\\/image\\\/\",\"url\":\"https:\\\/\\\/miningspareparts.com\\\/wp-content\\\/uploads\\\/2025\\\/04\\\/cropped-cropped-logo\u6b63\u65b9\u5f62.png\",\"contentUrl\":\"https:\\\/\\\/miningspareparts.com\\\/wp-content\\\/uploads\\\/2025\\\/04\\\/cropped-cropped-logo\u6b63\u65b9\u5f62.png\",\"width\":511,\"height\":171,\"caption\":\"Crusher parts , Concrete Mixer Parts, Slurry Pump Parts, Mining Spares\"},\"image\":{\"@id\":\"https:\\\/\\\/miningspareparts.com\\\/#\\\/schema\\\/logo\\\/image\\\/\"}}]}<\/script>\n<!-- \/ Yoast SEO plugin. -->","yoast_head_json":{"title":"NFLG 2000D Mixer And Parts - Crusher parts, Slurry Pump Parts, Excavator shovel parts","description":"Our NFLG 2000D twin-shaft mixer blades, mixing arms, and liners: original replacements ensuring seamless integration, durability, and wear resistance.","robots":{"index":"index","follow":"follow","max-snippet":"max-snippet:-1","max-image-preview":"max-image-preview:large","max-video-preview":"max-video-preview:-1"},"canonical":"https:\/\/miningspareparts.com\/fr\/produit\/nflg-2000d-mixer-and-parts\/","og_locale":"fr_FR","og_type":"article","og_title":"NFLG 2000D Mixer And Parts - Crusher parts, Slurry Pump Parts, Excavator shovel parts","og_description":"Our NFLG 2000D twin-shaft mixer blades, mixing arms, and liners: original replacements ensuring seamless integration, durability, and wear resistance.","og_url":"https:\/\/miningspareparts.com\/fr\/produit\/nflg-2000d-mixer-and-parts\/","og_site_name":"Crusher parts, Slurry Pump Parts, Excavator shovel parts","article_modified_time":"2024-04-05T12:14:06+00:00","og_image":[{"width":800,"height":800,"url":"https:\/\/miningspareparts.com\/wp-content\/uploads\/2023\/12\/NFLG-2000D-Mixer-And-Parts.webp","type":"image\/webp"}],"twitter_card":"summary_large_image","twitter_misc":{"Dur\u00e9e de lecture estim\u00e9e":"3 minutes"},"schema":{"@context":"https:\/\/schema.org","@graph":[{"@type":"WebPage","@id":"https:\/\/miningspareparts.com\/product\/nflg-2000d-mixer-and-parts\/","url":"https:\/\/miningspareparts.com\/product\/nflg-2000d-mixer-and-parts\/","name":"NFLG 2000D Mixer And Parts - Crusher parts, Slurry Pump Parts, Excavator shovel parts","isPartOf":{"@id":"https:\/\/miningspareparts.com\/#website"},"primaryImageOfPage":{"@id":"https:\/\/miningspareparts.com\/product\/nflg-2000d-mixer-and-parts\/#primaryimage"},"image":{"@id":"https:\/\/miningspareparts.com\/product\/nflg-2000d-mixer-and-parts\/#primaryimage"},"thumbnailUrl":"https:\/\/miningspareparts.com\/wp-content\/uploads\/2023\/12\/NFLG-2000D-Mixer-And-Parts.webp","datePublished":"2023-12-30T03:31:07+00:00","dateModified":"2024-04-05T12:14:06+00:00","description":"Our NFLG 2000D twin-shaft mixer blades, mixing arms, and liners: original replacements ensuring seamless integration, durability, and wear resistance.","breadcrumb":{"@id":"https:\/\/miningspareparts.com\/product\/nflg-2000d-mixer-and-parts\/#breadcrumb"},"inLanguage":"fr-FR","potentialAction":[{"@type":"ReadAction","target":["https:\/\/miningspareparts.com\/product\/nflg-2000d-mixer-and-parts\/"]}]},{"@type":"ImageObject","inLanguage":"fr-FR","@id":"https:\/\/miningspareparts.com\/product\/nflg-2000d-mixer-and-parts\/#primaryimage","url":"https:\/\/miningspareparts.com\/wp-content\/uploads\/2023\/12\/NFLG-2000D-Mixer-And-Parts.webp","contentUrl":"https:\/\/miningspareparts.com\/wp-content\/uploads\/2023\/12\/NFLG-2000D-Mixer-And-Parts.webp","width":800,"height":800},{"@type":"BreadcrumbList","@id":"https:\/\/miningspareparts.com\/product\/nflg-2000d-mixer-and-parts\/#breadcrumb","itemListElement":[{"@type":"ListItem","position":1,"name":"Home","item":"https:\/\/miningspareparts.com\/"},{"@type":"ListItem","position":2,"name":"Premium Mining Wear And Spare Parts","item":"https:\/\/miningspareparts.com\/shop\/"},{"@type":"ListItem","position":3,"name":"NFLG 2000D Mixer And Parts"}]},{"@type":"WebSite","@id":"https:\/\/miningspareparts.com\/#website","url":"https:\/\/miningspareparts.com\/","name":"Crusher parts , Concrete Mixer Parts, Slurry Pump Parts, Mining Spares","description":"Mining Wear &amp; Spare Parts Supplier","publisher":{"@id":"https:\/\/miningspareparts.com\/#organization"},"potentialAction":[{"@type":"SearchAction","target":{"@type":"EntryPoint","urlTemplate":"https:\/\/miningspareparts.com\/?s={search_term_string}"},"query-input":{"@type":"PropertyValueSpecification","valueRequired":true,"valueName":"search_term_string"}}],"inLanguage":"fr-FR"},{"@type":"Organization","@id":"https:\/\/miningspareparts.com\/#organization","name":"Crusher parts , Concrete Mixer Parts, Slurry Pump Parts, Mining Spares","url":"https:\/\/miningspareparts.com\/","logo":{"@type":"ImageObject","inLanguage":"fr-FR","@id":"https:\/\/miningspareparts.com\/#\/schema\/logo\/image\/","url":"https:\/\/miningspareparts.com\/wp-content\/uploads\/2025\/04\/cropped-cropped-logo\u6b63\u65b9\u5f62.png","contentUrl":"https:\/\/miningspareparts.com\/wp-content\/uploads\/2025\/04\/cropped-cropped-logo\u6b63\u65b9\u5f62.png","width":511,"height":171,"caption":"Crusher parts , Concrete Mixer Parts, Slurry Pump Parts, Mining Spares"},"image":{"@id":"https:\/\/miningspareparts.com\/#\/schema\/logo\/image\/"}}]}},"uagb_featured_image_src":{"full":["https:\/\/miningspareparts.com\/wp-content\/uploads\/2023\/12\/NFLG-2000D-Mixer-And-Parts.webp",800,800,false],"thumbnail":["https:\/\/miningspareparts.com\/wp-content\/uploads\/2023\/12\/NFLG-2000D-Mixer-And-Parts-150x150.webp",150,150,true],"medium":["https:\/\/miningspareparts.com\/wp-content\/uploads\/2023\/12\/NFLG-2000D-Mixer-And-Parts-300x300.webp",300,300,true],"medium_large":["https:\/\/miningspareparts.com\/wp-content\/uploads\/2023\/12\/NFLG-2000D-Mixer-And-Parts-768x768.webp",768,768,true],"large":["https:\/\/miningspareparts.com\/wp-content\/uploads\/2023\/12\/NFLG-2000D-Mixer-And-Parts.webp",800,800,false],"1536x1536":["https:\/\/miningspareparts.com\/wp-content\/uploads\/2023\/12\/NFLG-2000D-Mixer-And-Parts.webp",800,800,false],"2048x2048":["https:\/\/miningspareparts.com\/wp-content\/uploads\/2023\/12\/NFLG-2000D-Mixer-And-Parts.webp",800,800,false],"trp-custom-language-flag":["https:\/\/miningspareparts.com\/wp-content\/uploads\/2023\/12\/NFLG-2000D-Mixer-And-Parts-12x12.webp",12,12,true],"woocommerce_thumbnail":["https:\/\/miningspareparts.com\/wp-content\/uploads\/2023\/12\/NFLG-2000D-Mixer-And-Parts-300x300.webp",300,300,true],"woocommerce_single":["https:\/\/miningspareparts.com\/wp-content\/uploads\/2023\/12\/NFLG-2000D-Mixer-And-Parts-600x600.webp",600,600,true],"woocommerce_gallery_thumbnail":["https:\/\/miningspareparts.com\/wp-content\/uploads\/2023\/12\/NFLG-2000D-Mixer-And-Parts-100x100.webp",100,100,true]},"uagb_author_info":{"display_name":"Miningspareparts","author_link":"https:\/\/miningspareparts.com\/fr\/author\/"},"uagb_comment_info":0,"uagb_excerpt":"Models:NFLG 2000D","_links":{"self":[{"href":"https:\/\/miningspareparts.com\/fr\/wp-json\/wp\/v2\/product\/1875","targetHints":{"allow":["GET"]}}],"collection":[{"href":"https:\/\/miningspareparts.com\/fr\/wp-json\/wp\/v2\/product"}],"about":[{"href":"https:\/\/miningspareparts.com\/fr\/wp-json\/wp\/v2\/types\/product"}],"wp:featuredmedia":[{"embeddable":true,"href":"https:\/\/miningspareparts.com\/fr\/wp-json\/wp\/v2\/media\/4779"}],"wp:attachment":[{"href":"https:\/\/miningspareparts.com\/fr\/wp-json\/wp\/v2\/media?parent=1875"}],"wp:term":[{"taxonomy":"product_brand","embeddable":true,"href":"https:\/\/miningspareparts.com\/fr\/wp-json\/wp\/v2\/product_brand?post=1875"},{"taxonomy":"product_cat","embeddable":true,"href":"https:\/\/miningspareparts.com\/fr\/wp-json\/wp\/v2\/product_cat?post=1875"},{"taxonomy":"product_tag","embeddable":true,"href":"https:\/\/miningspareparts.com\/fr\/wp-json\/wp\/v2\/product_tag?post=1875"}],"curies":[{"name":"wp","href":"https:\/\/api.w.org\/{rel}","templated":true}]}}