{"id":1876,"date":"2023-12-30T03:34:59","date_gmt":"2023-12-30T03:34:59","guid":{"rendered":"https:\/\/miningspareparts.com\/?post_type=product&#038;p=1876"},"modified":"2024-04-05T12:15:03","modified_gmt":"2024-04-05T12:15:03","slug":"nflg-3000c-mixer-and-parts","status":"publish","type":"product","link":"https:\/\/miningspareparts.com\/fr\/produit\/nflg-3000c-mixer-and-parts\/","title":{"rendered":"M\u00e9langeur NFLG 3000C et pi\u00e8ces d\u00e9tach\u00e9es"},"content":{"rendered":"<p><strong>Voici une description du m\u00e9langeur et des pi\u00e8ces NFLG 3000C<\/strong><\/p>\n<table>\n<tbody>\n<tr>\n<td width=\"66\">NON.<\/td>\n<td width=\"199\">Sp\u00e9cifications<\/td>\n<td width=\"142\">Qt\u00e9<\/td>\n<td width=\"57\">Unit\u00e9.<\/td>\n<td width=\"76\">Poids unitaire (Kg)<\/td>\n<td width=\"95\">Poids total (Kg)<\/td>\n<\/tr>\n<tr>\n<td width=\"66\">1<\/td>\n<td width=\"199\">Bras central<\/td>\n<td width=\"142\">16<\/td>\n<td width=\"57\">Pcs<\/td>\n<td width=\"76\">56<\/td>\n<td width=\"95\">896<\/td>\n<\/tr>\n<tr>\n<td width=\"66\">2<\/td>\n<td width=\"199\">Si\u00e8ge central<\/td>\n<td width=\"142\">16<\/td>\n<td width=\"57\">Pcs<\/td>\n<td width=\"76\">29.7<\/td>\n<td width=\"95\">475.2<\/td>\n<\/tr>\n<tr>\n<td width=\"66\">3<\/td>\n<td width=\"199\">Bras lat\u00e9ral<\/td>\n<td width=\"142\">4<\/td>\n<td width=\"57\">Pcs<\/td>\n<td width=\"76\">52.2<\/td>\n<td width=\"95\">208.8<\/td>\n<\/tr>\n<tr>\n<td width=\"66\">4<\/td>\n<td width=\"199\">Si\u00e8ge lat\u00e9ral<\/td>\n<td width=\"142\">4<\/td>\n<td width=\"57\">Pcs<\/td>\n<td width=\"76\">28<\/td>\n<td width=\"95\">112<\/td>\n<\/tr>\n<tr>\n<td width=\"66\">5<\/td>\n<td width=\"199\">Lame centrale<\/td>\n<td width=\"142\">16<\/td>\n<td width=\"57\">Pcs<\/td>\n<td width=\"76\">10.2<\/td>\n<td width=\"95\">163.2<\/td>\n<\/tr>\n<tr>\n<td width=\"66\">6<\/td>\n<td width=\"199\">Lame lat\u00e9rale<\/td>\n<td width=\"142\">4<\/td>\n<td width=\"57\">Pcs<\/td>\n<td width=\"76\">11.4<\/td>\n<td width=\"95\">45.6<\/td>\n<\/tr>\n<tr>\n<td width=\"66\">7<\/td>\n<td width=\"199\">Grattoir<\/td>\n<td width=\"142\">4<\/td>\n<td width=\"57\">Pcs<\/td>\n<td width=\"76\">9.4<\/td>\n<td width=\"95\">37.6<\/td>\n<\/tr>\n<tr>\n<td width=\"66\">8<\/td>\n<td width=\"199\">Losange<\/td>\n<td width=\"142\">98<\/td>\n<td width=\"57\">Pcs<\/td>\n<td width=\"76\">6.4<\/td>\n<td width=\"95\">627.2<\/td>\n<\/tr>\n<tr>\n<td width=\"66\">9<\/td>\n<td width=\"199\">Trap\u00e8ze<\/td>\n<td width=\"142\">28<\/td>\n<td width=\"57\">Pcs<\/td>\n<td width=\"76\">4.6<\/td>\n<td width=\"95\">128.8<\/td>\n<\/tr>\n<tr>\n<td width=\"66\">10<\/td>\n<td width=\"199\">Doublure en forme d'\u00e9ventail<\/td>\n<td width=\"142\">16<\/td>\n<td width=\"57\">Pcs<\/td>\n<td width=\"76\">18<\/td>\n<td width=\"95\">288<\/td>\n<\/tr>\n<tr>\n<td width=\"66\">11<\/td>\n<td width=\"199\">Doublure de col<\/td>\n<td width=\"142\">8<\/td>\n<td width=\"57\">Pcs<\/td>\n<td width=\"76\">15.2<\/td>\n<td width=\"95\">121.6<\/td>\n<\/tr>\n<tr>\n<td width=\"66\">12<\/td>\n<td width=\"199\">Petit demi-cercle<\/td>\n<td width=\"142\">24<\/td>\n<td width=\"57\">Pcs<\/td>\n<td width=\"76\">6.5<\/td>\n<td width=\"95\">156<\/td>\n<\/tr>\n<tr>\n<td width=\"66\">Total<\/td>\n<td width=\"199\"><\/td>\n<td width=\"142\">238<\/td>\n<td width=\"57\"><\/td>\n<td width=\"76\"><\/td>\n<td width=\"95\">3260<\/td>\n<\/tr>\n<\/tbody>\n<\/table>\n<p><img fetchpriority=\"high\" decoding=\"async\" class=\"wp-image-3550 alignleft\" src=\"https:\/\/miningspareparts.com\/wp-content\/uploads\/2024\/01\/Mixer-And-Wear-Parts1-239x300.webp\" alt=\"\" width=\"498\" height=\"625\" srcset=\"https:\/\/miningspareparts.com\/wp-content\/uploads\/2024\/01\/Mixer-And-Wear-Parts1-239x300.webp 239w, https:\/\/miningspareparts.com\/wp-content\/uploads\/2024\/01\/Mixer-And-Wear-Parts1-817x1024.webp 817w, https:\/\/miningspareparts.com\/wp-content\/uploads\/2024\/01\/Mixer-And-Wear-Parts1-768x963.webp 768w, https:\/\/miningspareparts.com\/wp-content\/uploads\/2024\/01\/Mixer-And-Wear-Parts1-1226x1536.webp 1226w, https:\/\/miningspareparts.com\/wp-content\/uploads\/2024\/01\/Mixer-And-Wear-Parts1-1634x2048.webp 1634w, https:\/\/miningspareparts.com\/wp-content\/uploads\/2024\/01\/Mixer-And-Wear-Parts1-600x752.webp 600w, https:\/\/miningspareparts.com\/wp-content\/uploads\/2024\/01\/Mixer-And-Wear-Parts1.webp 2037w\" sizes=\"(max-width: 498px) 100vw, 498px\" \/><span style=\"font-size: 16px\">\u00a0<\/span><img decoding=\"async\" class=\"wp-image-3551 alignnone\" style=\"font-weight: inherit\" src=\"https:\/\/miningspareparts.com\/wp-content\/uploads\/2024\/01\/Mixer-And-Wear-Parts2-210x300.webp\" alt=\"\" width=\"454\" height=\"649\" srcset=\"https:\/\/miningspareparts.com\/wp-content\/uploads\/2024\/01\/Mixer-And-Wear-Parts2-210x300.webp 210w, https:\/\/miningspareparts.com\/wp-content\/uploads\/2024\/01\/Mixer-And-Wear-Parts2-600x856.webp 600w\" sizes=\"(max-width: 454px) 100vw, 454px\" \/><\/p>\n<p>En tant que fabricant r\u00e9put\u00e9, nos pales, bras de m\u00e9lange et rev\u00eatements du m\u00e9langeur \u00e0 deux arbres NFLG 3000C \u00e9tablissent la norme en mati\u00e8re de remplacement d'origine, d'excellence sur le march\u00e9 de l'apr\u00e8s-vente et de durabilit\u00e9. Fabriqu\u00e9s avec pr\u00e9cision, nos produits s'int\u00e8grent parfaitement aux pi\u00e8ces de rechange d'origine, garantissant ainsi des performances optimales. Sur le march\u00e9 des pi\u00e8ces de rechange, nous nous distinguons en proposant des solutions de remplacement de premier ordre qui conservent une qualit\u00e9 et une fonctionnalit\u00e9 optimales.<\/p>\n<p>Le terme \"remplacement d'origine\" d\u00e9finit notre engagement \u00e0 produire des composants qui remplacent et reproduisent parfaitement les performances des pi\u00e8ces d'origine, en garantissant un ajustement et une fonctionnalit\u00e9 parfaits. Cet accent mis sur la pr\u00e9cision et la compatibilit\u00e9 s'\u00e9tend \u00e0 nos offres pour le march\u00e9 de l'apr\u00e8s-vente, o\u00f9 nous fournissons des solutions qui respectent ou d\u00e9passent les normes de l'industrie.<\/p>\n<p>En outre, l'accent mis sur la durabilit\u00e9 garantit que les pales, les bras de m\u00e9lange et les rev\u00eatements de nos m\u00e9langeurs r\u00e9sistent aux rigueurs d'un fonctionnement continu. Les mat\u00e9riaux que nous utilisons sont s\u00e9lectionn\u00e9s pour leur robustesse et leur r\u00e9sistance \u00e0 l'usure, ce qui contribue \u00e0 la long\u00e9vit\u00e9 de nos produits.<\/p>\n<p>Dans le domaine des composants de m\u00e9langeurs \u00e0 double arbre, notre engagement envers la qualit\u00e9 et la durabilit\u00e9 est in\u00e9branlable. Nous sommes fiers de fournir des solutions qui non seulement r\u00e9pondent aux attentes de nos clients, mais les d\u00e9passent. En tant que fabricant d\u00e9di\u00e9 \u00e0 l'excellence, nous vous invitons \u00e0 d\u00e9couvrir la fiabilit\u00e9 et la long\u00e9vit\u00e9 de nos pales, bras de m\u00e9lange et rev\u00eatements de malaxeur \u00e0 double arbre NFLG 3000C.<\/p>","protected":false},"excerpt":{"rendered":"<p>Mod\u00e8les:NFLG 3000C<\/p>","protected":false},"featured_media":4780,"template":"","meta":{"_uag_custom_page_level_css":"","site-sidebar-layout":"default","site-content-layout":"","ast-site-content-layout":"default","site-content-style":"default","site-sidebar-style":"default","ast-global-header-display":"","ast-banner-title-visibility":"","ast-main-header-display":"","ast-hfb-above-header-display":"","ast-hfb-below-header-display":"","ast-hfb-mobile-header-display":"","site-post-title":"","ast-breadcrumbs-content":"","ast-featured-img":"","footer-sml-layout":"","ast-disable-related-posts":"","theme-transparent-header-meta":"default","adv-header-id-meta":"","stick-header-meta":"default","header-above-stick-meta":"","header-main-stick-meta":"","header-below-stick-meta":"","astra-migrate-meta-layouts":"set","ast-page-background-enabled":"default","ast-page-background-meta":{"desktop":{"background-color":"var(--ast-global-color-4)","background-image":"","background-repeat":"repeat","background-position":"center center","background-size":"auto","background-attachment":"scroll","background-type":"","background-media":"","overlay-type":"","overlay-color":"","overlay-opacity":"","overlay-gradient":""},"tablet":{"background-color":"","background-image":"","background-repeat":"repeat","background-position":"center center","background-size":"auto","background-attachment":"scroll","background-type":"","background-media":"","overlay-type":"","overlay-color":"","overlay-opacity":"","overlay-gradient":""},"mobile":{"background-color":"","background-image":"","background-repeat":"repeat","background-position":"center center","background-size":"auto","background-attachment":"scroll","background-type":"","background-media":"","overlay-type":"","overlay-color":"","overlay-opacity":"","overlay-gradient":""}},"ast-content-background-meta":{"desktop":{"background-color":"var(--ast-global-color-5)","background-image":"","background-repeat":"repeat","background-position":"center center","background-size":"auto","background-attachment":"scroll","background-type":"","background-media":"","overlay-type":"","overlay-color":"","overlay-opacity":"","overlay-gradient":""},"tablet":{"background-color":"var(--ast-global-color-5)","background-image":"","background-repeat":"repeat","background-position":"center center","background-size":"auto","background-attachment":"scroll","background-type":"","background-media":"","overlay-type":"","overlay-color":"","overlay-opacity":"","overlay-gradient":""},"mobile":{"background-color":"var(--ast-global-color-5)","background-image":"","background-repeat":"repeat","background-position":"center center","background-size":"auto","background-attachment":"scroll","background-type":"","background-media":"","overlay-type":"","overlay-color":"","overlay-opacity":"","overlay-gradient":""}}},"product_brand":[],"product_cat":[82,248],"product_tag":[267,268,269],"class_list":{"0":"post-1876","1":"product","2":"type-product","3":"status-publish","4":"has-post-thumbnail","6":"product_cat-asphalt-mixer-parts","7":"product_cat-nflg","8":"product_tag-asphalt","9":"product_tag-blade","10":"product_tag-mixing-arm","11":"desktop-align-left","12":"tablet-align-left","13":"mobile-align-left","14":"ast-product-gallery-layout-horizontal-slider","15":"ast-product-gallery-with-no-image","16":"ast-product-single-variable","17":"ast-product-tabs-layout-horizontal","19":"first","20":"instock","21":"shipping-taxable","22":"purchasable","23":"product-type-variable"},"yoast_head":"<!-- This site is optimized with the Yoast SEO plugin v27.4 - https:\/\/yoast.com\/product\/yoast-seo-wordpress\/ -->\n<title>NFLG 3000C Mixer And Parts - Crusher parts, Slurry Pump Parts, Excavator shovel parts<\/title>\n<meta name=\"description\" content=\"our NFLG 3000C twin-shaft mixer blades, mixing arms, and liners epitomize original replacements, aftermarket excellence, and unparalleled durability.\" \/>\n<meta name=\"robots\" content=\"index, follow, max-snippet:-1, max-image-preview:large, max-video-preview:-1\" \/>\n<link rel=\"canonical\" href=\"https:\/\/miningspareparts.com\/fr\/produit\/nflg-3000c-mixer-and-parts\/\" \/>\n<meta property=\"og:locale\" content=\"fr_FR\" \/>\n<meta property=\"og:type\" content=\"article\" \/>\n<meta property=\"og:title\" content=\"NFLG 3000C Mixer And Parts - Crusher parts, Slurry Pump Parts, Excavator shovel parts\" \/>\n<meta property=\"og:description\" content=\"our NFLG 3000C twin-shaft mixer blades, mixing arms, and liners epitomize original replacements, aftermarket excellence, and unparalleled durability.\" \/>\n<meta property=\"og:url\" content=\"https:\/\/miningspareparts.com\/fr\/produit\/nflg-3000c-mixer-and-parts\/\" \/>\n<meta property=\"og:site_name\" content=\"Crusher parts, Slurry Pump Parts, Excavator shovel parts\" \/>\n<meta property=\"article:modified_time\" content=\"2024-04-05T12:15:03+00:00\" \/>\n<meta property=\"og:image\" content=\"https:\/\/miningspareparts.com\/wp-content\/uploads\/2023\/12\/NFLG-3000C-Mixer-And-Parts.webp\" \/>\n\t<meta property=\"og:image:width\" content=\"800\" \/>\n\t<meta property=\"og:image:height\" content=\"800\" \/>\n\t<meta property=\"og:image:type\" content=\"image\/webp\" \/>\n<meta name=\"twitter:card\" content=\"summary_large_image\" \/>\n<meta name=\"twitter:label1\" content=\"Dur\u00e9e de lecture estim\u00e9e\" \/>\n\t<meta name=\"twitter:data1\" content=\"2 minutes\" \/>\n<script type=\"application\/ld+json\" class=\"yoast-schema-graph\">{\"@context\":\"https:\\\/\\\/schema.org\",\"@graph\":[{\"@type\":\"WebPage\",\"@id\":\"https:\\\/\\\/miningspareparts.com\\\/product\\\/nflg-3000c-mixer-and-parts\\\/\",\"url\":\"https:\\\/\\\/miningspareparts.com\\\/product\\\/nflg-3000c-mixer-and-parts\\\/\",\"name\":\"NFLG 3000C Mixer And Parts - Crusher parts, Slurry Pump Parts, Excavator shovel parts\",\"isPartOf\":{\"@id\":\"https:\\\/\\\/miningspareparts.com\\\/#website\"},\"primaryImageOfPage\":{\"@id\":\"https:\\\/\\\/miningspareparts.com\\\/product\\\/nflg-3000c-mixer-and-parts\\\/#primaryimage\"},\"image\":{\"@id\":\"https:\\\/\\\/miningspareparts.com\\\/product\\\/nflg-3000c-mixer-and-parts\\\/#primaryimage\"},\"thumbnailUrl\":\"https:\\\/\\\/miningspareparts.com\\\/wp-content\\\/uploads\\\/2023\\\/12\\\/NFLG-3000C-Mixer-And-Parts.webp\",\"datePublished\":\"2023-12-30T03:34:59+00:00\",\"dateModified\":\"2024-04-05T12:15:03+00:00\",\"description\":\"our NFLG 3000C twin-shaft mixer blades, mixing arms, and liners epitomize original replacements, aftermarket excellence, and unparalleled durability.\",\"breadcrumb\":{\"@id\":\"https:\\\/\\\/miningspareparts.com\\\/product\\\/nflg-3000c-mixer-and-parts\\\/#breadcrumb\"},\"inLanguage\":\"fr-FR\",\"potentialAction\":[{\"@type\":\"ReadAction\",\"target\":[\"https:\\\/\\\/miningspareparts.com\\\/product\\\/nflg-3000c-mixer-and-parts\\\/\"]}]},{\"@type\":\"ImageObject\",\"inLanguage\":\"fr-FR\",\"@id\":\"https:\\\/\\\/miningspareparts.com\\\/product\\\/nflg-3000c-mixer-and-parts\\\/#primaryimage\",\"url\":\"https:\\\/\\\/miningspareparts.com\\\/wp-content\\\/uploads\\\/2023\\\/12\\\/NFLG-3000C-Mixer-And-Parts.webp\",\"contentUrl\":\"https:\\\/\\\/miningspareparts.com\\\/wp-content\\\/uploads\\\/2023\\\/12\\\/NFLG-3000C-Mixer-And-Parts.webp\",\"width\":800,\"height\":800},{\"@type\":\"BreadcrumbList\",\"@id\":\"https:\\\/\\\/miningspareparts.com\\\/product\\\/nflg-3000c-mixer-and-parts\\\/#breadcrumb\",\"itemListElement\":[{\"@type\":\"ListItem\",\"position\":1,\"name\":\"Home\",\"item\":\"https:\\\/\\\/miningspareparts.com\\\/\"},{\"@type\":\"ListItem\",\"position\":2,\"name\":\"Premium Mining Wear And Spare Parts\",\"item\":\"https:\\\/\\\/miningspareparts.com\\\/shop\\\/\"},{\"@type\":\"ListItem\",\"position\":3,\"name\":\"NFLG 3000C Mixer And Parts\"}]},{\"@type\":\"WebSite\",\"@id\":\"https:\\\/\\\/miningspareparts.com\\\/#website\",\"url\":\"https:\\\/\\\/miningspareparts.com\\\/\",\"name\":\"Crusher parts , Concrete Mixer Parts, Slurry Pump Parts, Mining Spares\",\"description\":\"Mining Wear &amp; Spare Parts Supplier\",\"publisher\":{\"@id\":\"https:\\\/\\\/miningspareparts.com\\\/#organization\"},\"potentialAction\":[{\"@type\":\"SearchAction\",\"target\":{\"@type\":\"EntryPoint\",\"urlTemplate\":\"https:\\\/\\\/miningspareparts.com\\\/?s={search_term_string}\"},\"query-input\":{\"@type\":\"PropertyValueSpecification\",\"valueRequired\":true,\"valueName\":\"search_term_string\"}}],\"inLanguage\":\"fr-FR\"},{\"@type\":\"Organization\",\"@id\":\"https:\\\/\\\/miningspareparts.com\\\/#organization\",\"name\":\"Crusher parts , Concrete Mixer Parts, Slurry Pump Parts, Mining Spares\",\"url\":\"https:\\\/\\\/miningspareparts.com\\\/\",\"logo\":{\"@type\":\"ImageObject\",\"inLanguage\":\"fr-FR\",\"@id\":\"https:\\\/\\\/miningspareparts.com\\\/#\\\/schema\\\/logo\\\/image\\\/\",\"url\":\"https:\\\/\\\/miningspareparts.com\\\/wp-content\\\/uploads\\\/2025\\\/04\\\/cropped-cropped-logo\u6b63\u65b9\u5f62.png\",\"contentUrl\":\"https:\\\/\\\/miningspareparts.com\\\/wp-content\\\/uploads\\\/2025\\\/04\\\/cropped-cropped-logo\u6b63\u65b9\u5f62.png\",\"width\":511,\"height\":171,\"caption\":\"Crusher parts , Concrete Mixer Parts, Slurry Pump Parts, Mining Spares\"},\"image\":{\"@id\":\"https:\\\/\\\/miningspareparts.com\\\/#\\\/schema\\\/logo\\\/image\\\/\"}}]}<\/script>\n<!-- \/ Yoast SEO plugin. -->","yoast_head_json":{"title":"NFLG 3000C Mixer And Parts - Crusher parts, Slurry Pump Parts, Excavator shovel parts","description":"our NFLG 3000C twin-shaft mixer blades, mixing arms, and liners epitomize original replacements, aftermarket excellence, and unparalleled durability.","robots":{"index":"index","follow":"follow","max-snippet":"max-snippet:-1","max-image-preview":"max-image-preview:large","max-video-preview":"max-video-preview:-1"},"canonical":"https:\/\/miningspareparts.com\/fr\/produit\/nflg-3000c-mixer-and-parts\/","og_locale":"fr_FR","og_type":"article","og_title":"NFLG 3000C Mixer And Parts - Crusher parts, Slurry Pump Parts, Excavator shovel parts","og_description":"our NFLG 3000C twin-shaft mixer blades, mixing arms, and liners epitomize original replacements, aftermarket excellence, and unparalleled durability.","og_url":"https:\/\/miningspareparts.com\/fr\/produit\/nflg-3000c-mixer-and-parts\/","og_site_name":"Crusher parts, Slurry Pump Parts, Excavator shovel parts","article_modified_time":"2024-04-05T12:15:03+00:00","og_image":[{"width":800,"height":800,"url":"https:\/\/miningspareparts.com\/wp-content\/uploads\/2023\/12\/NFLG-3000C-Mixer-And-Parts.webp","type":"image\/webp"}],"twitter_card":"summary_large_image","twitter_misc":{"Dur\u00e9e de lecture estim\u00e9e":"2 minutes"},"schema":{"@context":"https:\/\/schema.org","@graph":[{"@type":"WebPage","@id":"https:\/\/miningspareparts.com\/product\/nflg-3000c-mixer-and-parts\/","url":"https:\/\/miningspareparts.com\/product\/nflg-3000c-mixer-and-parts\/","name":"NFLG 3000C Mixer And Parts - Crusher parts, Slurry Pump Parts, Excavator shovel parts","isPartOf":{"@id":"https:\/\/miningspareparts.com\/#website"},"primaryImageOfPage":{"@id":"https:\/\/miningspareparts.com\/product\/nflg-3000c-mixer-and-parts\/#primaryimage"},"image":{"@id":"https:\/\/miningspareparts.com\/product\/nflg-3000c-mixer-and-parts\/#primaryimage"},"thumbnailUrl":"https:\/\/miningspareparts.com\/wp-content\/uploads\/2023\/12\/NFLG-3000C-Mixer-And-Parts.webp","datePublished":"2023-12-30T03:34:59+00:00","dateModified":"2024-04-05T12:15:03+00:00","description":"our NFLG 3000C twin-shaft mixer blades, mixing arms, and liners epitomize original replacements, aftermarket excellence, and unparalleled durability.","breadcrumb":{"@id":"https:\/\/miningspareparts.com\/product\/nflg-3000c-mixer-and-parts\/#breadcrumb"},"inLanguage":"fr-FR","potentialAction":[{"@type":"ReadAction","target":["https:\/\/miningspareparts.com\/product\/nflg-3000c-mixer-and-parts\/"]}]},{"@type":"ImageObject","inLanguage":"fr-FR","@id":"https:\/\/miningspareparts.com\/product\/nflg-3000c-mixer-and-parts\/#primaryimage","url":"https:\/\/miningspareparts.com\/wp-content\/uploads\/2023\/12\/NFLG-3000C-Mixer-And-Parts.webp","contentUrl":"https:\/\/miningspareparts.com\/wp-content\/uploads\/2023\/12\/NFLG-3000C-Mixer-And-Parts.webp","width":800,"height":800},{"@type":"BreadcrumbList","@id":"https:\/\/miningspareparts.com\/product\/nflg-3000c-mixer-and-parts\/#breadcrumb","itemListElement":[{"@type":"ListItem","position":1,"name":"Home","item":"https:\/\/miningspareparts.com\/"},{"@type":"ListItem","position":2,"name":"Premium Mining Wear And Spare Parts","item":"https:\/\/miningspareparts.com\/shop\/"},{"@type":"ListItem","position":3,"name":"NFLG 3000C Mixer And Parts"}]},{"@type":"WebSite","@id":"https:\/\/miningspareparts.com\/#website","url":"https:\/\/miningspareparts.com\/","name":"Crusher parts , Concrete Mixer Parts, Slurry Pump Parts, Mining Spares","description":"Mining Wear &amp; Spare Parts Supplier","publisher":{"@id":"https:\/\/miningspareparts.com\/#organization"},"potentialAction":[{"@type":"SearchAction","target":{"@type":"EntryPoint","urlTemplate":"https:\/\/miningspareparts.com\/?s={search_term_string}"},"query-input":{"@type":"PropertyValueSpecification","valueRequired":true,"valueName":"search_term_string"}}],"inLanguage":"fr-FR"},{"@type":"Organization","@id":"https:\/\/miningspareparts.com\/#organization","name":"Crusher parts , Concrete Mixer Parts, Slurry Pump Parts, Mining Spares","url":"https:\/\/miningspareparts.com\/","logo":{"@type":"ImageObject","inLanguage":"fr-FR","@id":"https:\/\/miningspareparts.com\/#\/schema\/logo\/image\/","url":"https:\/\/miningspareparts.com\/wp-content\/uploads\/2025\/04\/cropped-cropped-logo\u6b63\u65b9\u5f62.png","contentUrl":"https:\/\/miningspareparts.com\/wp-content\/uploads\/2025\/04\/cropped-cropped-logo\u6b63\u65b9\u5f62.png","width":511,"height":171,"caption":"Crusher parts , Concrete Mixer Parts, Slurry Pump Parts, Mining Spares"},"image":{"@id":"https:\/\/miningspareparts.com\/#\/schema\/logo\/image\/"}}]}},"uagb_featured_image_src":{"full":["https:\/\/miningspareparts.com\/wp-content\/uploads\/2023\/12\/NFLG-3000C-Mixer-And-Parts.webp",800,800,false],"thumbnail":["https:\/\/miningspareparts.com\/wp-content\/uploads\/2023\/12\/NFLG-3000C-Mixer-And-Parts-150x150.webp",150,150,true],"medium":["https:\/\/miningspareparts.com\/wp-content\/uploads\/2023\/12\/NFLG-3000C-Mixer-And-Parts-300x300.webp",300,300,true],"medium_large":["https:\/\/miningspareparts.com\/wp-content\/uploads\/2023\/12\/NFLG-3000C-Mixer-And-Parts-768x768.webp",768,768,true],"large":["https:\/\/miningspareparts.com\/wp-content\/uploads\/2023\/12\/NFLG-3000C-Mixer-And-Parts.webp",800,800,false],"1536x1536":["https:\/\/miningspareparts.com\/wp-content\/uploads\/2023\/12\/NFLG-3000C-Mixer-And-Parts.webp",800,800,false],"2048x2048":["https:\/\/miningspareparts.com\/wp-content\/uploads\/2023\/12\/NFLG-3000C-Mixer-And-Parts.webp",800,800,false],"trp-custom-language-flag":["https:\/\/miningspareparts.com\/wp-content\/uploads\/2023\/12\/NFLG-3000C-Mixer-And-Parts-12x12.webp",12,12,true],"woocommerce_thumbnail":["https:\/\/miningspareparts.com\/wp-content\/uploads\/2023\/12\/NFLG-3000C-Mixer-And-Parts-300x300.webp",300,300,true],"woocommerce_single":["https:\/\/miningspareparts.com\/wp-content\/uploads\/2023\/12\/NFLG-3000C-Mixer-And-Parts-600x600.webp",600,600,true],"woocommerce_gallery_thumbnail":["https:\/\/miningspareparts.com\/wp-content\/uploads\/2023\/12\/NFLG-3000C-Mixer-And-Parts-100x100.webp",100,100,true]},"uagb_author_info":{"display_name":"Miningspareparts","author_link":"https:\/\/miningspareparts.com\/fr\/author\/"},"uagb_comment_info":0,"uagb_excerpt":"Models:NFLG 3000C","_links":{"self":[{"href":"https:\/\/miningspareparts.com\/fr\/wp-json\/wp\/v2\/product\/1876","targetHints":{"allow":["GET"]}}],"collection":[{"href":"https:\/\/miningspareparts.com\/fr\/wp-json\/wp\/v2\/product"}],"about":[{"href":"https:\/\/miningspareparts.com\/fr\/wp-json\/wp\/v2\/types\/product"}],"wp:featuredmedia":[{"embeddable":true,"href":"https:\/\/miningspareparts.com\/fr\/wp-json\/wp\/v2\/media\/4780"}],"wp:attachment":[{"href":"https:\/\/miningspareparts.com\/fr\/wp-json\/wp\/v2\/media?parent=1876"}],"wp:term":[{"taxonomy":"product_brand","embeddable":true,"href":"https:\/\/miningspareparts.com\/fr\/wp-json\/wp\/v2\/product_brand?post=1876"},{"taxonomy":"product_cat","embeddable":true,"href":"https:\/\/miningspareparts.com\/fr\/wp-json\/wp\/v2\/product_cat?post=1876"},{"taxonomy":"product_tag","embeddable":true,"href":"https:\/\/miningspareparts.com\/fr\/wp-json\/wp\/v2\/product_tag?post=1876"}],"curies":[{"name":"wp","href":"https:\/\/api.w.org\/{rel}","templated":true}]}}