{"id":1964,"date":"2023-12-30T04:51:11","date_gmt":"2023-12-30T04:51:11","guid":{"rendered":"https:\/\/miningspareparts.com\/?post_type=product&#038;p=1964"},"modified":"2024-01-17T06:35:08","modified_gmt":"2024-01-17T06:35:08","slug":"sany-js4500-mixer-and-parts","status":"publish","type":"product","link":"https:\/\/miningspareparts.com\/fr\/produit\/sany-js4500-mixer-and-parts\/","title":{"rendered":"SANY JS4500 M\u00e9langeur et pi\u00e8ces d\u00e9tach\u00e9es"},"content":{"rendered":"<p><strong>Voici une description du m\u00e9langeur et des pi\u00e8ces SANY JS4500<\/strong><\/p>\n<table>\n<tbody>\n<tr>\n<td width=\"38\">NON.<\/td>\n<td width=\"230\">Sp\u00e9cifications<\/td>\n<td width=\"146\">Code de l'article<\/td>\n<td width=\"46\">Unit\u00e9.<\/td>\n<td width=\"44\">Qt\u00e9<\/td>\n<td width=\"64\">Poids unitaire (Kg)<\/td>\n<td width=\"71\">Poids total (Kg)<\/td>\n<td width=\"78\">Remarques<\/td>\n<\/tr>\n<tr>\n<td width=\"38\">1<\/td>\n<td width=\"230\">Bras central<\/td>\n<td width=\"146\">10434862<\/td>\n<td width=\"46\">Pcs<\/td>\n<td width=\"44\">12<\/td>\n<td width=\"64\">75<\/td>\n<td width=\"71\">900<\/td>\n<td width=\"78\"><\/td>\n<\/tr>\n<tr>\n<td width=\"38\">2<\/td>\n<td width=\"230\">Am gauche<\/td>\n<td width=\"146\">10437795<\/td>\n<td width=\"46\">Pcs<\/td>\n<td width=\"44\">4<\/td>\n<td width=\"64\">65<\/td>\n<td width=\"71\">260<\/td>\n<td width=\"78\"><\/td>\n<\/tr>\n<tr>\n<td width=\"38\">3<\/td>\n<td width=\"230\">Bras droit<\/td>\n<td width=\"146\">10437781<\/td>\n<td width=\"46\">Pcs<\/td>\n<td width=\"44\">2<\/td>\n<td width=\"64\">65<\/td>\n<td width=\"71\">130<\/td>\n<td width=\"78\"><\/td>\n<\/tr>\n<tr>\n<td width=\"38\">4<\/td>\n<td width=\"230\">Base centrale<\/td>\n<td width=\"146\">10446973<\/td>\n<td width=\"46\">Pcs<\/td>\n<td width=\"44\">12<\/td>\n<td width=\"64\">27<\/td>\n<td width=\"71\">324<\/td>\n<td width=\"78\"><\/td>\n<\/tr>\n<tr>\n<td width=\"38\">5<\/td>\n<td width=\"230\">Base lat\u00e9rale<\/td>\n<td width=\"146\">10435034<\/td>\n<td width=\"46\">Pcs<\/td>\n<td width=\"44\">6<\/td>\n<td width=\"64\">27<\/td>\n<td width=\"71\">162<\/td>\n<td width=\"78\"><\/td>\n<\/tr>\n<tr>\n<td width=\"38\">6<\/td>\n<td width=\"230\">Lame centrale<\/td>\n<td width=\"146\">10432721<\/td>\n<td width=\"46\">Pcs<\/td>\n<td width=\"44\">12<\/td>\n<td width=\"64\">25.5<\/td>\n<td width=\"71\">306<\/td>\n<td width=\"78\"><\/td>\n<\/tr>\n<tr>\n<td width=\"38\">7<\/td>\n<td width=\"230\">Lame lat\u00e9rale gauche<\/td>\n<td width=\"146\">10437821<\/td>\n<td width=\"46\">Pcs<\/td>\n<td width=\"44\">4<\/td>\n<td width=\"64\">24<\/td>\n<td width=\"71\">96<\/td>\n<td width=\"78\"><\/td>\n<\/tr>\n<tr>\n<td width=\"38\">8<\/td>\n<td width=\"230\">Lame lat\u00e9rale droite<\/td>\n<td width=\"146\">10437771<\/td>\n<td width=\"46\">Pcs<\/td>\n<td width=\"44\">2<\/td>\n<td width=\"64\">26<\/td>\n<td width=\"71\">52<\/td>\n<td width=\"78\"><\/td>\n<\/tr>\n<tr>\n<td width=\"38\">9<\/td>\n<td width=\"230\">Grattoir inf\u00e9rieur gauche<\/td>\n<td width=\"146\">10437820<\/td>\n<td width=\"46\">Pcs<\/td>\n<td width=\"44\">4<\/td>\n<td width=\"64\">16<\/td>\n<td width=\"71\">64<\/td>\n<td width=\"78\"><\/td>\n<\/tr>\n<tr>\n<td width=\"38\">10<\/td>\n<td width=\"230\">Racleur inf\u00e9rieur droit<\/td>\n<td width=\"146\">10437772<\/td>\n<td width=\"46\">Pcs<\/td>\n<td width=\"44\">2<\/td>\n<td width=\"64\">17.5<\/td>\n<td width=\"71\">35<\/td>\n<td width=\"78\"><\/td>\n<\/tr>\n<tr>\n<td width=\"38\">11<\/td>\n<td width=\"230\">Doublure de l'arc sup\u00e9rieur<\/td>\n<td width=\"146\">10440516<\/td>\n<td width=\"46\">Pcs<\/td>\n<td width=\"44\">16<\/td>\n<td width=\"64\">20<\/td>\n<td width=\"71\">320<\/td>\n<td width=\"78\"><\/td>\n<\/tr>\n<tr>\n<td width=\"38\">12<\/td>\n<td width=\"230\">Rev\u00eatement en diamant<\/td>\n<td width=\"146\">10428141<\/td>\n<td width=\"46\">Pcs<\/td>\n<td width=\"44\">48<\/td>\n<td width=\"64\">12<\/td>\n<td width=\"71\">576<\/td>\n<td width=\"78\"><\/td>\n<\/tr>\n<tr>\n<td width=\"38\">13<\/td>\n<td width=\"230\">Doublure trap\u00e9zo\u00efdale<\/td>\n<td width=\"146\">10428121<\/td>\n<td width=\"46\">Pcs<\/td>\n<td width=\"44\">16<\/td>\n<td width=\"64\">12<\/td>\n<td width=\"71\">192<\/td>\n<td width=\"78\"><\/td>\n<\/tr>\n<tr>\n<td width=\"38\">14<\/td>\n<td width=\"230\">Rev\u00eatement de l'extr\u00e9mit\u00e9 ext\u00e9rieure<\/td>\n<td width=\"146\">10427426<\/td>\n<td width=\"46\">Pcs<\/td>\n<td width=\"44\">40<\/td>\n<td width=\"64\">10<\/td>\n<td width=\"71\">400<\/td>\n<td width=\"78\"><\/td>\n<\/tr>\n<tr>\n<td width=\"38\">15<\/td>\n<td width=\"230\">Doublure d'extr\u00e9mit\u00e9 int\u00e9rieure<\/td>\n<td width=\"146\">10427749<\/td>\n<td width=\"46\">Pcs<\/td>\n<td width=\"44\">32<\/td>\n<td width=\"64\">9.5<\/td>\n<td width=\"71\">304<\/td>\n<td width=\"78\"><\/td>\n<\/tr>\n<tr>\n<td width=\"38\">16<\/td>\n<td width=\"230\">Rev\u00eatement de l'extr\u00e9mit\u00e9 centrale 1<\/td>\n<td width=\"146\">10428090<\/td>\n<td width=\"46\">Pcs<\/td>\n<td width=\"44\">4<\/td>\n<td width=\"64\">18<\/td>\n<td width=\"71\">72<\/td>\n<td width=\"78\"><\/td>\n<\/tr>\n<tr>\n<td width=\"38\">17<\/td>\n<td width=\"230\">Rev\u00eatement de l'extr\u00e9mit\u00e9 centrale 2<\/td>\n<td width=\"146\">10428104<\/td>\n<td width=\"46\">Pcs<\/td>\n<td width=\"44\">2<\/td>\n<td width=\"64\">12<\/td>\n<td width=\"71\">24<\/td>\n<td width=\"78\"><\/td>\n<\/tr>\n<tr>\n<td width=\"38\">18<\/td>\n<td width=\"230\">Porte de d\u00e9charge T\u00eate de carreau<\/td>\n<td width=\"146\">A820401000261<\/td>\n<td width=\"46\">Pcs<\/td>\n<td width=\"44\">4<\/td>\n<td width=\"64\">20<\/td>\n<td width=\"71\">80<\/td>\n<td width=\"78\"><\/td>\n<\/tr>\n<tr>\n<td width=\"38\">19<\/td>\n<td width=\"230\">Bord de la porte de d\u00e9chargement<\/td>\n<td width=\"146\">10440120<\/td>\n<td width=\"46\">Pcs<\/td>\n<td width=\"44\">6<\/td>\n<td width=\"64\">7.5<\/td>\n<td width=\"71\">45<\/td>\n<td width=\"78\"><\/td>\n<\/tr>\n<tr>\n<td width=\"38\">20<\/td>\n<td width=\"230\">Changer la doublure de l'arc de la porte<\/td>\n<td width=\"146\">11074193<\/td>\n<td width=\"46\">Pcs<\/td>\n<td width=\"44\">6<\/td>\n<td width=\"64\">10.5<\/td>\n<td width=\"71\">63<\/td>\n<td width=\"78\"><\/td>\n<\/tr>\n<tr>\n<td width=\"38\"><\/td>\n<td width=\"230\"><\/td>\n<td width=\"146\"><\/td>\n<td width=\"46\"><\/td>\n<td width=\"44\">234<\/td>\n<td width=\"64\"><\/td>\n<td width=\"71\">4405<\/td>\n<td width=\"78\"><\/td>\n<\/tr>\n<\/tbody>\n<\/table>\n<p><img fetchpriority=\"high\" decoding=\"async\" class=\"wp-image-3550 alignleft\" src=\"https:\/\/miningspareparts.com\/wp-content\/uploads\/2024\/01\/Mixer-And-Wear-Parts1-239x300.webp\" alt=\"\" width=\"498\" height=\"625\" srcset=\"https:\/\/miningspareparts.com\/wp-content\/uploads\/2024\/01\/Mixer-And-Wear-Parts1-239x300.webp 239w, https:\/\/miningspareparts.com\/wp-content\/uploads\/2024\/01\/Mixer-And-Wear-Parts1-817x1024.webp 817w, https:\/\/miningspareparts.com\/wp-content\/uploads\/2024\/01\/Mixer-And-Wear-Parts1-768x963.webp 768w, https:\/\/miningspareparts.com\/wp-content\/uploads\/2024\/01\/Mixer-And-Wear-Parts1-1226x1536.webp 1226w, https:\/\/miningspareparts.com\/wp-content\/uploads\/2024\/01\/Mixer-And-Wear-Parts1-1634x2048.webp 1634w, https:\/\/miningspareparts.com\/wp-content\/uploads\/2024\/01\/Mixer-And-Wear-Parts1-600x752.webp 600w, https:\/\/miningspareparts.com\/wp-content\/uploads\/2024\/01\/Mixer-And-Wear-Parts1.webp 2037w\" sizes=\"(max-width: 498px) 100vw, 498px\" \/><span style=\"font-size: 16px\">\u00a0<\/span><img decoding=\"async\" class=\"wp-image-3551 alignnone\" style=\"font-weight: inherit\" src=\"https:\/\/miningspareparts.com\/wp-content\/uploads\/2024\/01\/Mixer-And-Wear-Parts2-210x300.webp\" alt=\"\" width=\"454\" height=\"649\" srcset=\"https:\/\/miningspareparts.com\/wp-content\/uploads\/2024\/01\/Mixer-And-Wear-Parts2-210x300.webp 210w, https:\/\/miningspareparts.com\/wp-content\/uploads\/2024\/01\/Mixer-And-Wear-Parts2-600x856.webp 600w\" sizes=\"(max-width: 454px) 100vw, 454px\" \/><\/p>\n<p>Dans le domaine de la construction, le m\u00e9langeur \u00e0 deux arbres SANY JS4500 est une pierre angulaire de l'efficacit\u00e9. En tant que fabricant sp\u00e9cialis\u00e9 dans les pales, les bras de malaxage et les rev\u00eatements pour cette machine, nous sommes fiers de fournir des pi\u00e8ces de rechange d'origine qui incarnent l'ing\u00e9nierie de pr\u00e9cision.<\/p>\n<p>Remplacement d'origine :<br \/>\nNotre engagement consiste \u00e0 offrir des composants qui s'int\u00e8grent parfaitement aux m\u00e9langeurs SANY JS4500, en maintenant les normes \u00e9lev\u00e9es \u00e9tablies par le fabricant d'\u00e9quipement d'origine (OEM). Lorsque vous choisissez nos pi\u00e8ces de rechange d'origine, vous optez pour un ajustement pr\u00e9cis, des performances optimales et une garantie d'authenticit\u00e9.<\/p>\n<p>Excellence du march\u00e9 de l'apr\u00e8s-vente :<br \/>\nAu-del\u00e0 des remplacements d'origine, nous excellons dans le domaine de l'apr\u00e8s-vente. Nos composants ne se contentent pas d'\u00e9galer les performances des pi\u00e8ces d'origine, ils les surpassent souvent. Con\u00e7ues \u00e0 partir de mat\u00e9riaux avanc\u00e9s et d'une fabrication de pr\u00e9cision, nos solutions pour le march\u00e9 secondaire garantissent long\u00e9vit\u00e9 et fiabilit\u00e9, r\u00e9pondant ainsi aux divers besoins des projets de construction.<\/p>\n<p>Avantages durables :<br \/>\nLa durabilit\u00e9 est l'\u00e9pine dorsale de nos produits. Les conditions difficiles des chantiers de construction exigent des \u00e9quipements capables de r\u00e9sister \u00e0 l'\u00e9preuve du temps. Nos lames, nos bras de malaxage et nos rev\u00eatements pr\u00e9sentent une durabilit\u00e9 exceptionnelle, ce qui permet de prolonger leur dur\u00e9e de vie et de minimiser les temps d'arr\u00eat. Cette long\u00e9vit\u00e9 se traduit par une rentabilit\u00e9 pour nos clients.<\/p>","protected":false},"excerpt":{"rendered":"<p>Mod\u00e8les:SANY JS4500<\/p>","protected":false},"featured_media":2622,"template":"","meta":{"_uag_custom_page_level_css":"","site-sidebar-layout":"default","site-content-layout":"","ast-site-content-layout":"default","site-content-style":"default","site-sidebar-style":"default","ast-global-header-display":"","ast-banner-title-visibility":"","ast-main-header-display":"","ast-hfb-above-header-display":"","ast-hfb-below-header-display":"","ast-hfb-mobile-header-display":"","site-post-title":"","ast-breadcrumbs-content":"","ast-featured-img":"","footer-sml-layout":"","ast-disable-related-posts":"","theme-transparent-header-meta":"default","adv-header-id-meta":"","stick-header-meta":"default","header-above-stick-meta":"","header-main-stick-meta":"","header-below-stick-meta":"","astra-migrate-meta-layouts":"set","ast-page-background-enabled":"default","ast-page-background-meta":{"desktop":{"background-color":"var(--ast-global-color-4)","background-image":"","background-repeat":"repeat","background-position":"center center","background-size":"auto","background-attachment":"scroll","background-type":"","background-media":"","overlay-type":"","overlay-color":"","overlay-opacity":"","overlay-gradient":""},"tablet":{"background-color":"","background-image":"","background-repeat":"repeat","background-position":"center center","background-size":"auto","background-attachment":"scroll","background-type":"","background-media":"","overlay-type":"","overlay-color":"","overlay-opacity":"","overlay-gradient":""},"mobile":{"background-color":"","background-image":"","background-repeat":"repeat","background-position":"center center","background-size":"auto","background-attachment":"scroll","background-type":"","background-media":"","overlay-type":"","overlay-color":"","overlay-opacity":"","overlay-gradient":""}},"ast-content-background-meta":{"desktop":{"background-color":"var(--ast-global-color-5)","background-image":"","background-repeat":"repeat","background-position":"center center","background-size":"auto","background-attachment":"scroll","background-type":"","background-media":"","overlay-type":"","overlay-color":"","overlay-opacity":"","overlay-gradient":""},"tablet":{"background-color":"var(--ast-global-color-5)","background-image":"","background-repeat":"repeat","background-position":"center center","background-size":"auto","background-attachment":"scroll","background-type":"","background-media":"","overlay-type":"","overlay-color":"","overlay-opacity":"","overlay-gradient":""},"mobile":{"background-color":"var(--ast-global-color-5)","background-image":"","background-repeat":"repeat","background-position":"center center","background-size":"auto","background-attachment":"scroll","background-type":"","background-media":"","overlay-type":"","overlay-color":"","overlay-opacity":"","overlay-gradient":""}}},"product_brand":[],"product_cat":[282,77],"product_tag":[267,268,269],"class_list":{"0":"post-1964","1":"product","2":"type-product","3":"status-publish","4":"has-post-thumbnail","6":"product_cat-sany-concrete-mixer-parts","7":"product_cat-concrete-mixer-parts","8":"product_tag-asphalt","9":"product_tag-blade","10":"product_tag-mixing-arm","11":"desktop-align-left","12":"tablet-align-left","13":"mobile-align-left","14":"ast-product-gallery-layout-horizontal-slider","15":"ast-product-single-variable","16":"ast-product-tabs-layout-horizontal","18":"first","19":"instock","20":"shipping-taxable","21":"purchasable","22":"product-type-variable"},"yoast_head":"<!-- This site is optimized with the Yoast SEO plugin v27.4 - https:\/\/yoast.com\/product\/yoast-seo-wordpress\/ -->\n<title>SANY JS4500 Mixer And Parts - Crusher parts, Slurry Pump Parts, Excavator shovel parts<\/title>\n<meta name=\"description\" content=\"SANY JS4500 twin-shaft mixer blades, mixing arms, and liners offer original replacement precision and exceptional wear resistance\" \/>\n<meta name=\"robots\" content=\"index, follow, max-snippet:-1, max-image-preview:large, max-video-preview:-1\" \/>\n<link rel=\"canonical\" href=\"https:\/\/miningspareparts.com\/fr\/produit\/sany-js4500-mixer-and-parts\/\" \/>\n<meta property=\"og:locale\" content=\"fr_FR\" \/>\n<meta property=\"og:type\" content=\"article\" \/>\n<meta property=\"og:title\" content=\"SANY JS4500 Mixer And Parts - Crusher parts, Slurry Pump Parts, Excavator shovel parts\" \/>\n<meta property=\"og:description\" content=\"SANY JS4500 twin-shaft mixer blades, mixing arms, and liners offer original replacement precision and exceptional wear resistance\" \/>\n<meta property=\"og:url\" content=\"https:\/\/miningspareparts.com\/fr\/produit\/sany-js4500-mixer-and-parts\/\" \/>\n<meta property=\"og:site_name\" content=\"Crusher parts, Slurry Pump Parts, Excavator shovel parts\" \/>\n<meta property=\"article:modified_time\" content=\"2024-01-17T06:35:08+00:00\" \/>\n<meta property=\"og:image\" content=\"https:\/\/miningspareparts.com\/wp-content\/uploads\/2023\/12\/SANY-JS4500-concrete-mixer-and-parts.webp\" \/>\n\t<meta property=\"og:image:width\" content=\"895\" \/>\n\t<meta property=\"og:image:height\" content=\"535\" \/>\n\t<meta property=\"og:image:type\" content=\"image\/webp\" \/>\n<meta name=\"twitter:card\" content=\"summary_large_image\" \/>\n<meta name=\"twitter:label1\" content=\"Dur\u00e9e de lecture estim\u00e9e\" \/>\n\t<meta name=\"twitter:data1\" content=\"3 minutes\" \/>\n<script type=\"application\/ld+json\" class=\"yoast-schema-graph\">{\"@context\":\"https:\\\/\\\/schema.org\",\"@graph\":[{\"@type\":\"WebPage\",\"@id\":\"https:\\\/\\\/miningspareparts.com\\\/product\\\/sany-js4500-mixer-and-parts\\\/\",\"url\":\"https:\\\/\\\/miningspareparts.com\\\/product\\\/sany-js4500-mixer-and-parts\\\/\",\"name\":\"SANY JS4500 Mixer And Parts - Crusher parts, Slurry Pump Parts, Excavator shovel parts\",\"isPartOf\":{\"@id\":\"https:\\\/\\\/miningspareparts.com\\\/#website\"},\"primaryImageOfPage\":{\"@id\":\"https:\\\/\\\/miningspareparts.com\\\/product\\\/sany-js4500-mixer-and-parts\\\/#primaryimage\"},\"image\":{\"@id\":\"https:\\\/\\\/miningspareparts.com\\\/product\\\/sany-js4500-mixer-and-parts\\\/#primaryimage\"},\"thumbnailUrl\":\"https:\\\/\\\/miningspareparts.com\\\/wp-content\\\/uploads\\\/2023\\\/12\\\/SANY-JS4500-concrete-mixer-and-parts.webp\",\"datePublished\":\"2023-12-30T04:51:11+00:00\",\"dateModified\":\"2024-01-17T06:35:08+00:00\",\"description\":\"SANY JS4500 twin-shaft mixer blades, mixing arms, and liners offer original replacement precision and exceptional wear resistance\",\"breadcrumb\":{\"@id\":\"https:\\\/\\\/miningspareparts.com\\\/product\\\/sany-js4500-mixer-and-parts\\\/#breadcrumb\"},\"inLanguage\":\"fr-FR\",\"potentialAction\":[{\"@type\":\"ReadAction\",\"target\":[\"https:\\\/\\\/miningspareparts.com\\\/product\\\/sany-js4500-mixer-and-parts\\\/\"]}]},{\"@type\":\"ImageObject\",\"inLanguage\":\"fr-FR\",\"@id\":\"https:\\\/\\\/miningspareparts.com\\\/product\\\/sany-js4500-mixer-and-parts\\\/#primaryimage\",\"url\":\"https:\\\/\\\/miningspareparts.com\\\/wp-content\\\/uploads\\\/2023\\\/12\\\/SANY-JS4500-concrete-mixer-and-parts.webp\",\"contentUrl\":\"https:\\\/\\\/miningspareparts.com\\\/wp-content\\\/uploads\\\/2023\\\/12\\\/SANY-JS4500-concrete-mixer-and-parts.webp\",\"width\":895,\"height\":535},{\"@type\":\"BreadcrumbList\",\"@id\":\"https:\\\/\\\/miningspareparts.com\\\/product\\\/sany-js4500-mixer-and-parts\\\/#breadcrumb\",\"itemListElement\":[{\"@type\":\"ListItem\",\"position\":1,\"name\":\"Home\",\"item\":\"https:\\\/\\\/miningspareparts.com\\\/\"},{\"@type\":\"ListItem\",\"position\":2,\"name\":\"Premium Mining Wear And Spare Parts\",\"item\":\"https:\\\/\\\/miningspareparts.com\\\/shop\\\/\"},{\"@type\":\"ListItem\",\"position\":3,\"name\":\"SANY JS4500 Mixer And Parts\"}]},{\"@type\":\"WebSite\",\"@id\":\"https:\\\/\\\/miningspareparts.com\\\/#website\",\"url\":\"https:\\\/\\\/miningspareparts.com\\\/\",\"name\":\"Crusher parts , Concrete Mixer Parts, Slurry Pump Parts, Mining Spares\",\"description\":\"Mining Wear &amp; Spare Parts Supplier\",\"publisher\":{\"@id\":\"https:\\\/\\\/miningspareparts.com\\\/#organization\"},\"potentialAction\":[{\"@type\":\"SearchAction\",\"target\":{\"@type\":\"EntryPoint\",\"urlTemplate\":\"https:\\\/\\\/miningspareparts.com\\\/?s={search_term_string}\"},\"query-input\":{\"@type\":\"PropertyValueSpecification\",\"valueRequired\":true,\"valueName\":\"search_term_string\"}}],\"inLanguage\":\"fr-FR\"},{\"@type\":\"Organization\",\"@id\":\"https:\\\/\\\/miningspareparts.com\\\/#organization\",\"name\":\"Crusher parts , Concrete Mixer Parts, Slurry Pump Parts, Mining Spares\",\"url\":\"https:\\\/\\\/miningspareparts.com\\\/\",\"logo\":{\"@type\":\"ImageObject\",\"inLanguage\":\"fr-FR\",\"@id\":\"https:\\\/\\\/miningspareparts.com\\\/#\\\/schema\\\/logo\\\/image\\\/\",\"url\":\"https:\\\/\\\/miningspareparts.com\\\/wp-content\\\/uploads\\\/2025\\\/04\\\/cropped-cropped-logo\u6b63\u65b9\u5f62.png\",\"contentUrl\":\"https:\\\/\\\/miningspareparts.com\\\/wp-content\\\/uploads\\\/2025\\\/04\\\/cropped-cropped-logo\u6b63\u65b9\u5f62.png\",\"width\":511,\"height\":171,\"caption\":\"Crusher parts , Concrete Mixer Parts, Slurry Pump Parts, Mining Spares\"},\"image\":{\"@id\":\"https:\\\/\\\/miningspareparts.com\\\/#\\\/schema\\\/logo\\\/image\\\/\"}}]}<\/script>\n<!-- \/ Yoast SEO plugin. -->","yoast_head_json":{"title":"SANY JS4500 Mixer And Parts - Crusher parts, Slurry Pump Parts, Excavator shovel parts","description":"SANY JS4500 twin-shaft mixer blades, mixing arms, and liners offer original replacement precision and exceptional wear resistance","robots":{"index":"index","follow":"follow","max-snippet":"max-snippet:-1","max-image-preview":"max-image-preview:large","max-video-preview":"max-video-preview:-1"},"canonical":"https:\/\/miningspareparts.com\/fr\/produit\/sany-js4500-mixer-and-parts\/","og_locale":"fr_FR","og_type":"article","og_title":"SANY JS4500 Mixer And Parts - Crusher parts, Slurry Pump Parts, Excavator shovel parts","og_description":"SANY JS4500 twin-shaft mixer blades, mixing arms, and liners offer original replacement precision and exceptional wear resistance","og_url":"https:\/\/miningspareparts.com\/fr\/produit\/sany-js4500-mixer-and-parts\/","og_site_name":"Crusher parts, Slurry Pump Parts, Excavator shovel parts","article_modified_time":"2024-01-17T06:35:08+00:00","og_image":[{"width":895,"height":535,"url":"https:\/\/miningspareparts.com\/wp-content\/uploads\/2023\/12\/SANY-JS4500-concrete-mixer-and-parts.webp","type":"image\/webp"}],"twitter_card":"summary_large_image","twitter_misc":{"Dur\u00e9e de lecture estim\u00e9e":"3 minutes"},"schema":{"@context":"https:\/\/schema.org","@graph":[{"@type":"WebPage","@id":"https:\/\/miningspareparts.com\/product\/sany-js4500-mixer-and-parts\/","url":"https:\/\/miningspareparts.com\/product\/sany-js4500-mixer-and-parts\/","name":"SANY JS4500 Mixer And Parts - Crusher parts, Slurry Pump Parts, Excavator shovel parts","isPartOf":{"@id":"https:\/\/miningspareparts.com\/#website"},"primaryImageOfPage":{"@id":"https:\/\/miningspareparts.com\/product\/sany-js4500-mixer-and-parts\/#primaryimage"},"image":{"@id":"https:\/\/miningspareparts.com\/product\/sany-js4500-mixer-and-parts\/#primaryimage"},"thumbnailUrl":"https:\/\/miningspareparts.com\/wp-content\/uploads\/2023\/12\/SANY-JS4500-concrete-mixer-and-parts.webp","datePublished":"2023-12-30T04:51:11+00:00","dateModified":"2024-01-17T06:35:08+00:00","description":"SANY JS4500 twin-shaft mixer blades, mixing arms, and liners offer original replacement precision and exceptional wear resistance","breadcrumb":{"@id":"https:\/\/miningspareparts.com\/product\/sany-js4500-mixer-and-parts\/#breadcrumb"},"inLanguage":"fr-FR","potentialAction":[{"@type":"ReadAction","target":["https:\/\/miningspareparts.com\/product\/sany-js4500-mixer-and-parts\/"]}]},{"@type":"ImageObject","inLanguage":"fr-FR","@id":"https:\/\/miningspareparts.com\/product\/sany-js4500-mixer-and-parts\/#primaryimage","url":"https:\/\/miningspareparts.com\/wp-content\/uploads\/2023\/12\/SANY-JS4500-concrete-mixer-and-parts.webp","contentUrl":"https:\/\/miningspareparts.com\/wp-content\/uploads\/2023\/12\/SANY-JS4500-concrete-mixer-and-parts.webp","width":895,"height":535},{"@type":"BreadcrumbList","@id":"https:\/\/miningspareparts.com\/product\/sany-js4500-mixer-and-parts\/#breadcrumb","itemListElement":[{"@type":"ListItem","position":1,"name":"Home","item":"https:\/\/miningspareparts.com\/"},{"@type":"ListItem","position":2,"name":"Premium Mining Wear And Spare Parts","item":"https:\/\/miningspareparts.com\/shop\/"},{"@type":"ListItem","position":3,"name":"SANY JS4500 Mixer And Parts"}]},{"@type":"WebSite","@id":"https:\/\/miningspareparts.com\/#website","url":"https:\/\/miningspareparts.com\/","name":"Crusher parts , Concrete Mixer Parts, Slurry Pump Parts, Mining Spares","description":"Mining Wear &amp; Spare Parts Supplier","publisher":{"@id":"https:\/\/miningspareparts.com\/#organization"},"potentialAction":[{"@type":"SearchAction","target":{"@type":"EntryPoint","urlTemplate":"https:\/\/miningspareparts.com\/?s={search_term_string}"},"query-input":{"@type":"PropertyValueSpecification","valueRequired":true,"valueName":"search_term_string"}}],"inLanguage":"fr-FR"},{"@type":"Organization","@id":"https:\/\/miningspareparts.com\/#organization","name":"Crusher parts , Concrete Mixer Parts, Slurry Pump Parts, Mining Spares","url":"https:\/\/miningspareparts.com\/","logo":{"@type":"ImageObject","inLanguage":"fr-FR","@id":"https:\/\/miningspareparts.com\/#\/schema\/logo\/image\/","url":"https:\/\/miningspareparts.com\/wp-content\/uploads\/2025\/04\/cropped-cropped-logo\u6b63\u65b9\u5f62.png","contentUrl":"https:\/\/miningspareparts.com\/wp-content\/uploads\/2025\/04\/cropped-cropped-logo\u6b63\u65b9\u5f62.png","width":511,"height":171,"caption":"Crusher parts , Concrete Mixer Parts, Slurry Pump Parts, Mining Spares"},"image":{"@id":"https:\/\/miningspareparts.com\/#\/schema\/logo\/image\/"}}]}},"uagb_featured_image_src":{"full":["https:\/\/miningspareparts.com\/wp-content\/uploads\/2023\/12\/SANY-JS4500-concrete-mixer-and-parts.webp",895,535,false],"thumbnail":["https:\/\/miningspareparts.com\/wp-content\/uploads\/2023\/12\/SANY-JS4500-concrete-mixer-and-parts-150x150.webp",150,150,true],"medium":["https:\/\/miningspareparts.com\/wp-content\/uploads\/2023\/12\/SANY-JS4500-concrete-mixer-and-parts-300x179.webp",300,179,true],"medium_large":["https:\/\/miningspareparts.com\/wp-content\/uploads\/2023\/12\/SANY-JS4500-concrete-mixer-and-parts-768x459.webp",768,459,true],"large":["https:\/\/miningspareparts.com\/wp-content\/uploads\/2023\/12\/SANY-JS4500-concrete-mixer-and-parts.webp",895,535,false],"1536x1536":["https:\/\/miningspareparts.com\/wp-content\/uploads\/2023\/12\/SANY-JS4500-concrete-mixer-and-parts.webp",895,535,false],"2048x2048":["https:\/\/miningspareparts.com\/wp-content\/uploads\/2023\/12\/SANY-JS4500-concrete-mixer-and-parts.webp",895,535,false],"trp-custom-language-flag":["https:\/\/miningspareparts.com\/wp-content\/uploads\/2023\/12\/SANY-JS4500-concrete-mixer-and-parts.webp",18,12,false],"woocommerce_thumbnail":["https:\/\/miningspareparts.com\/wp-content\/uploads\/2023\/12\/SANY-JS4500-concrete-mixer-and-parts-300x300.webp",300,300,true],"woocommerce_single":["https:\/\/miningspareparts.com\/wp-content\/uploads\/2023\/12\/SANY-JS4500-concrete-mixer-and-parts-600x359.webp",600,359,true],"woocommerce_gallery_thumbnail":["https:\/\/miningspareparts.com\/wp-content\/uploads\/2023\/12\/SANY-JS4500-concrete-mixer-and-parts-100x100.webp",100,100,true]},"uagb_author_info":{"display_name":"Miningspareparts","author_link":"https:\/\/miningspareparts.com\/fr\/author\/"},"uagb_comment_info":0,"uagb_excerpt":"Models:SANY JS4500","_links":{"self":[{"href":"https:\/\/miningspareparts.com\/fr\/wp-json\/wp\/v2\/product\/1964","targetHints":{"allow":["GET"]}}],"collection":[{"href":"https:\/\/miningspareparts.com\/fr\/wp-json\/wp\/v2\/product"}],"about":[{"href":"https:\/\/miningspareparts.com\/fr\/wp-json\/wp\/v2\/types\/product"}],"wp:featuredmedia":[{"embeddable":true,"href":"https:\/\/miningspareparts.com\/fr\/wp-json\/wp\/v2\/media\/2622"}],"wp:attachment":[{"href":"https:\/\/miningspareparts.com\/fr\/wp-json\/wp\/v2\/media?parent=1964"}],"wp:term":[{"taxonomy":"product_brand","embeddable":true,"href":"https:\/\/miningspareparts.com\/fr\/wp-json\/wp\/v2\/product_brand?post=1964"},{"taxonomy":"product_cat","embeddable":true,"href":"https:\/\/miningspareparts.com\/fr\/wp-json\/wp\/v2\/product_cat?post=1964"},{"taxonomy":"product_tag","embeddable":true,"href":"https:\/\/miningspareparts.com\/fr\/wp-json\/wp\/v2\/product_tag?post=1964"}],"curies":[{"name":"wp","href":"https:\/\/api.w.org\/{rel}","templated":true}]}}