{"id":1972,"date":"2023-12-30T05:07:14","date_gmt":"2023-12-30T05:07:14","guid":{"rendered":"https:\/\/miningspareparts.com\/?post_type=product&#038;p=1972"},"modified":"2024-01-17T06:43:52","modified_gmt":"2024-01-17T06:43:52","slug":"sany-4000-mixer-and-parts","status":"publish","type":"product","link":"https:\/\/miningspareparts.com\/fr\/produit\/sany-4000-mixer-and-parts\/","title":{"rendered":"SANY JS4000 M\u00e9langeur et pi\u00e8ces d\u00e9tach\u00e9es"},"content":{"rendered":"<p><strong>Voici une description du m\u00e9langeur et des pi\u00e8ces SANY JS4000<\/strong><\/p>\n<table>\n<tbody>\n<tr>\n<td width=\"349\">Sp\u00e9cifications<\/td>\n<td width=\"104\">Code de l'article<\/td>\n<td width=\"47\">Qt\u00e9<\/td>\n<td width=\"47\">Unit\u00e9.<\/td>\n<td width=\"66\">Poids unitaire (Kg)<\/td>\n<td width=\"58\">Poids total (Kg)<\/td>\n<td width=\"46\">Remarques<\/td>\n<\/tr>\n<tr>\n<td width=\"349\">Plaque de rev\u00eatement d'extr\u00e9mit\u00e9 ext\u00e9rieure JS3000F.2-9C<\/td>\n<td width=\"104\">12939767<\/td>\n<td width=\"47\">40<\/td>\n<td width=\"47\">Pcs<\/td>\n<td width=\"66\">7.62<\/td>\n<td width=\"58\">304.8<\/td>\n<td width=\"46\"><\/td>\n<\/tr>\n<tr>\n<td width=\"349\">Plaque de rev\u00eatement de l'extr\u00e9mit\u00e9 centrale JS3000F.3.2-5<\/td>\n<td width=\"104\">12939768<\/td>\n<td width=\"47\">4<\/td>\n<td width=\"47\">Pcs<\/td>\n<td width=\"66\">18.65<\/td>\n<td width=\"58\">74.6<\/td>\n<td width=\"46\"><\/td>\n<\/tr>\n<tr>\n<td width=\"349\">Plaque de rev\u00eatement de l'extr\u00e9mit\u00e9 centrale JS3000F.3.2-6<\/td>\n<td width=\"104\">12939769<\/td>\n<td width=\"47\">2<\/td>\n<td width=\"47\">Pcs<\/td>\n<td width=\"66\">13.63<\/td>\n<td width=\"58\">27.26<\/td>\n<td width=\"46\"><\/td>\n<\/tr>\n<tr>\n<td width=\"349\">Plaque de rev\u00eatement int\u00e9rieur JS4500F.3.2-4<\/td>\n<td width=\"104\">10427749<\/td>\n<td width=\"47\">32<\/td>\n<td width=\"47\">Pcs<\/td>\n<td width=\"66\">10.9<\/td>\n<td width=\"58\">348.8<\/td>\n<td width=\"46\"><\/td>\n<\/tr>\n<tr>\n<td width=\"349\">Plaque de rev\u00eatement \u00e0 arc carr\u00e9<\/td>\n<td width=\"104\"><\/td>\n<td width=\"47\">32<\/td>\n<td width=\"47\">Pcs<\/td>\n<td width=\"66\">11<\/td>\n<td width=\"58\">352<\/td>\n<td width=\"46\"><\/td>\n<\/tr>\n<tr>\n<td width=\"349\">Plaque de rev\u00eatement \u00e0 arc trap\u00e9zo\u00efdal JS3000F.3.2-1<\/td>\n<td width=\"104\">12939764<\/td>\n<td width=\"47\">16<\/td>\n<td width=\"47\">Pcs<\/td>\n<td width=\"66\">12<\/td>\n<td width=\"58\">192<\/td>\n<td width=\"46\"><\/td>\n<\/tr>\n<tr>\n<td width=\"349\">Plaque de rev\u00eatement de l'arc diamant\u00e9 JS3000F.3.2-2<\/td>\n<td width=\"104\">12939765<\/td>\n<td width=\"47\">48<\/td>\n<td width=\"47\">Pcs<\/td>\n<td width=\"66\">12<\/td>\n<td width=\"58\">576<\/td>\n<td width=\"46\"><\/td>\n<\/tr>\n<tr>\n<td width=\"349\">Bord de porte JS3000F. JS3000F.3.2-8<\/td>\n<td width=\"104\">12939771<\/td>\n<td width=\"47\">6<\/td>\n<td width=\"47\">Pcs<\/td>\n<td width=\"66\">14.24<\/td>\n<td width=\"58\">85.44<\/td>\n<td width=\"46\"><\/td>\n<\/tr>\n<tr>\n<td width=\"349\">Carreau de couverture de la porte de d\u00e9charge JS3000F.3.2-9<\/td>\n<td width=\"104\">12939772<\/td>\n<td width=\"47\">4<\/td>\n<td width=\"47\">Pcs<\/td>\n<td width=\"66\">20.36<\/td>\n<td width=\"58\">81.44<\/td>\n<td width=\"46\"><\/td>\n<\/tr>\n<tr>\n<td width=\"349\">Lame de m\u00e9lange interm\u00e9diaire JS3000F.7.2-2<\/td>\n<td width=\"104\">12943526<\/td>\n<td width=\"47\">12<\/td>\n<td width=\"47\">Pcs<\/td>\n<td width=\"66\">20<\/td>\n<td width=\"58\">240<\/td>\n<td width=\"46\"><\/td>\n<\/tr>\n<tr>\n<td width=\"349\">Plaque de protection lat\u00e9rale JS3000F.7.1-2<\/td>\n<td width=\"104\">12943531<\/td>\n<td width=\"47\">2<\/td>\n<td width=\"47\">Pcs<\/td>\n<td width=\"66\">14.48<\/td>\n<td width=\"58\">28.96<\/td>\n<td width=\"46\"><\/td>\n<\/tr>\n<tr>\n<td width=\"349\">Plaque de protection lat\u00e9rale JS3000F.7.1-1<\/td>\n<td width=\"104\">12943526<\/td>\n<td width=\"47\">2<\/td>\n<td width=\"47\">Pcs<\/td>\n<td width=\"66\">22.36<\/td>\n<td width=\"58\">44.72<\/td>\n<td width=\"46\"><\/td>\n<\/tr>\n<tr>\n<td width=\"349\">Plaque de garde JS3000F.7.4-2<\/td>\n<td width=\"104\">12943889<\/td>\n<td width=\"47\">4<\/td>\n<td width=\"47\">Pcs<\/td>\n<td width=\"66\">11.74<\/td>\n<td width=\"58\">46.96<\/td>\n<td width=\"46\"><\/td>\n<\/tr>\n<tr>\n<td width=\"349\">Grattoir JS3000F.7.4-1<\/td>\n<td width=\"104\">12943888<\/td>\n<td width=\"47\">4<\/td>\n<td width=\"47\">Pcs<\/td>\n<td width=\"66\">17.84<\/td>\n<td width=\"58\">71.36<\/td>\n<td width=\"46\"><\/td>\n<\/tr>\n<tr>\n<td width=\"349\">Bras de m\u00e9lange principal JS3000F.7.2-1<\/td>\n<td width=\"104\">12943184<\/td>\n<td width=\"47\">12<\/td>\n<td width=\"47\">Pcs<\/td>\n<td width=\"66\">50.79<\/td>\n<td width=\"58\">609.48<\/td>\n<td width=\"46\"><\/td>\n<\/tr>\n<tr>\n<td width=\"349\">Si\u00e8ge \u00e0 connexion longue JSX2000F.7.2-4<\/td>\n<td width=\"104\">A820403000624<\/td>\n<td width=\"47\">12<\/td>\n<td width=\"47\">Pcs<\/td>\n<td width=\"66\">16.5<\/td>\n<td width=\"58\">198<\/td>\n<td width=\"46\"><\/td>\n<\/tr>\n<tr>\n<td width=\"349\">Bras de m\u00e9lange JS3000F JS3000F.7.4-3<\/td>\n<td width=\"104\">12943886<\/td>\n<td width=\"47\">4<\/td>\n<td width=\"47\">Pcs<\/td>\n<td width=\"66\">42.47<\/td>\n<td width=\"58\">169.88<\/td>\n<td width=\"46\"><\/td>\n<\/tr>\n<tr>\n<td width=\"349\">Si\u00e8ge \u00e0 connexion courte JSX2000.7.1-5B<\/td>\n<td width=\"104\">12771430<\/td>\n<td width=\"47\">6<\/td>\n<td width=\"47\">Pcs<\/td>\n<td width=\"66\">17.13<\/td>\n<td width=\"58\">102.78<\/td>\n<td width=\"46\"><\/td>\n<\/tr>\n<tr>\n<td width=\"349\">Bras de m\u00e9lange lat\u00e9ral JS3000F.7.4-3<\/td>\n<td width=\"104\">12943488<\/td>\n<td width=\"47\">2<\/td>\n<td width=\"47\">Pcs<\/td>\n<td width=\"66\">46.94<\/td>\n<td width=\"58\">93.88<\/td>\n<td width=\"46\"><\/td>\n<\/tr>\n<tr>\n<td width=\"349\">Plaque de rev\u00eatement de l'arc de la porte de d\u00e9charge JS1000A.6B-1<\/td>\n<td width=\"104\"><\/td>\n<td width=\"47\">6<\/td>\n<td width=\"47\">Pcs<\/td>\n<td width=\"66\"><\/td>\n<td width=\"58\"><\/td>\n<td width=\"46\"><\/td>\n<\/tr>\n<tr>\n<td width=\"349\">Total<\/td>\n<td width=\"104\"><\/td>\n<td width=\"47\">250<\/td>\n<td width=\"47\"><\/td>\n<td width=\"66\"><\/td>\n<td width=\"58\">3648.36<\/td>\n<td width=\"46\"><\/td>\n<\/tr>\n<\/tbody>\n<\/table>\n<p><img fetchpriority=\"high\" decoding=\"async\" class=\"wp-image-3550 alignleft\" src=\"https:\/\/miningspareparts.com\/wp-content\/uploads\/2024\/01\/Mixer-And-Wear-Parts1-239x300.webp\" alt=\"\" width=\"498\" height=\"625\" srcset=\"https:\/\/miningspareparts.com\/wp-content\/uploads\/2024\/01\/Mixer-And-Wear-Parts1-239x300.webp 239w, https:\/\/miningspareparts.com\/wp-content\/uploads\/2024\/01\/Mixer-And-Wear-Parts1-817x1024.webp 817w, https:\/\/miningspareparts.com\/wp-content\/uploads\/2024\/01\/Mixer-And-Wear-Parts1-768x963.webp 768w, https:\/\/miningspareparts.com\/wp-content\/uploads\/2024\/01\/Mixer-And-Wear-Parts1-1226x1536.webp 1226w, https:\/\/miningspareparts.com\/wp-content\/uploads\/2024\/01\/Mixer-And-Wear-Parts1-1634x2048.webp 1634w, https:\/\/miningspareparts.com\/wp-content\/uploads\/2024\/01\/Mixer-And-Wear-Parts1-600x752.webp 600w, https:\/\/miningspareparts.com\/wp-content\/uploads\/2024\/01\/Mixer-And-Wear-Parts1.webp 2037w\" sizes=\"(max-width: 498px) 100vw, 498px\" \/><span style=\"font-size: 16px\">\u00a0<\/span><img decoding=\"async\" class=\"wp-image-3551 alignnone\" style=\"font-weight: inherit\" src=\"https:\/\/miningspareparts.com\/wp-content\/uploads\/2024\/01\/Mixer-And-Wear-Parts2-210x300.webp\" alt=\"\" width=\"454\" height=\"649\" srcset=\"https:\/\/miningspareparts.com\/wp-content\/uploads\/2024\/01\/Mixer-And-Wear-Parts2-210x300.webp 210w, https:\/\/miningspareparts.com\/wp-content\/uploads\/2024\/01\/Mixer-And-Wear-Parts2-600x856.webp 600w\" sizes=\"(max-width: 454px) 100vw, 454px\" \/><\/p>\n<p>En tant que fabricant leader sp\u00e9cialis\u00e9 dans les pales, les bras de m\u00e9lange et les rev\u00eatements du m\u00e9langeur \u00e0 deux arbres SANY JS4000, nous sommes fiers de fournir des composants de remplacement d'origine avec une pr\u00e9cision in\u00e9gal\u00e9e. Notre engagement s'\u00e9tend \u00e0 la fourniture d'un support apr\u00e8s-vente sup\u00e9rieur, assurant la long\u00e9vit\u00e9 et la fiabilit\u00e9 de votre \u00e9quipement. Nos produits se distinguent par leur conception durable et leur r\u00e9sistance \u00e0 l'usure, ce qui permet d'obtenir des performances durables dans des environnements difficiles.<\/p>\n<p>Le terme \"remplacement d'origine\" r\u00e9sume notre engagement \u00e0 fabriquer des composants qui correspondent pr\u00e9cis\u00e9ment aux sp\u00e9cifications des pi\u00e8ces d'origine. Cet engagement garantit une int\u00e9gration parfaite, une fonctionnalit\u00e9 optimale et une efficacit\u00e9 globale accrue pour votre m\u00e9langeur \u00e0 deux arbres SANY JS4000.<\/p>\n<p>Dans le domaine de l'assistance apr\u00e8s-vente, nous allons au-del\u00e0 des simples remplacements. Nos services complets comprennent des conseils d'experts, une assistance technique et des ressources facilement accessibles, qui vous permettent d'entretenir et d'optimiser les performances de votre m\u00e9langeur tout au long de son cycle de vie. Cette approche centr\u00e9e sur le client nous distingue sur le march\u00e9, en vous offrant la tranquillit\u00e9 d'esprit et en maximisant le retour sur investissement de votre \u00e9quipement.<\/p>\n<p>La durabilit\u00e9 est la pierre angulaire de notre philosophie de conception. Nos pales, bras de malaxage et rev\u00eatements sont soumis \u00e0 des tests rigoureux pour garantir leur r\u00e9sistance \u00e0 l'usure, \u00e0 la corrosion et \u00e0 d'autres facteurs environnementaux. Cette construction robuste se traduit par une dur\u00e9e de vie prolong\u00e9e, des co\u00fbts de maintenance r\u00e9duits et une productivit\u00e9 accrue pour vos op\u00e9rations de malaxage du b\u00e9ton.<\/p>","protected":false},"excerpt":{"rendered":"<p>Mod\u00e8les:SANY JS4000<\/p>","protected":false},"featured_media":2621,"template":"","meta":{"_uag_custom_page_level_css":"","site-sidebar-layout":"default","site-content-layout":"","ast-site-content-layout":"default","site-content-style":"default","site-sidebar-style":"default","ast-global-header-display":"","ast-banner-title-visibility":"","ast-main-header-display":"","ast-hfb-above-header-display":"","ast-hfb-below-header-display":"","ast-hfb-mobile-header-display":"","site-post-title":"","ast-breadcrumbs-content":"","ast-featured-img":"","footer-sml-layout":"","ast-disable-related-posts":"","theme-transparent-header-meta":"default","adv-header-id-meta":"","stick-header-meta":"default","header-above-stick-meta":"","header-main-stick-meta":"","header-below-stick-meta":"","astra-migrate-meta-layouts":"set","ast-page-background-enabled":"default","ast-page-background-meta":{"desktop":{"background-color":"var(--ast-global-color-4)","background-image":"","background-repeat":"repeat","background-position":"center center","background-size":"auto","background-attachment":"scroll","background-type":"","background-media":"","overlay-type":"","overlay-color":"","overlay-opacity":"","overlay-gradient":""},"tablet":{"background-color":"","background-image":"","background-repeat":"repeat","background-position":"center center","background-size":"auto","background-attachment":"scroll","background-type":"","background-media":"","overlay-type":"","overlay-color":"","overlay-opacity":"","overlay-gradient":""},"mobile":{"background-color":"","background-image":"","background-repeat":"repeat","background-position":"center center","background-size":"auto","background-attachment":"scroll","background-type":"","background-media":"","overlay-type":"","overlay-color":"","overlay-opacity":"","overlay-gradient":""}},"ast-content-background-meta":{"desktop":{"background-color":"var(--ast-global-color-5)","background-image":"","background-repeat":"repeat","background-position":"center center","background-size":"auto","background-attachment":"scroll","background-type":"","background-media":"","overlay-type":"","overlay-color":"","overlay-opacity":"","overlay-gradient":""},"tablet":{"background-color":"var(--ast-global-color-5)","background-image":"","background-repeat":"repeat","background-position":"center center","background-size":"auto","background-attachment":"scroll","background-type":"","background-media":"","overlay-type":"","overlay-color":"","overlay-opacity":"","overlay-gradient":""},"mobile":{"background-color":"var(--ast-global-color-5)","background-image":"","background-repeat":"repeat","background-position":"center center","background-size":"auto","background-attachment":"scroll","background-type":"","background-media":"","overlay-type":"","overlay-color":"","overlay-opacity":"","overlay-gradient":""}}},"product_brand":[],"product_cat":[282,77],"product_tag":[267,268,269],"class_list":{"0":"post-1972","1":"product","2":"type-product","3":"status-publish","4":"has-post-thumbnail","6":"product_cat-sany-concrete-mixer-parts","7":"product_cat-concrete-mixer-parts","8":"product_tag-asphalt","9":"product_tag-blade","10":"product_tag-mixing-arm","11":"desktop-align-left","12":"tablet-align-left","13":"mobile-align-left","14":"ast-product-gallery-layout-horizontal-slider","15":"ast-product-single-variable","16":"ast-product-tabs-layout-horizontal","18":"first","19":"instock","20":"shipping-taxable","21":"purchasable","22":"product-type-variable"},"yoast_head":"<!-- This site is optimized with the Yoast SEO plugin v27.4 - https:\/\/yoast.com\/product\/yoast-seo-wordpress\/ -->\n<title>SANY JS4000 Mixer And Parts - Crusher parts, Slurry Pump Parts, Excavator shovel parts<\/title>\n<meta name=\"description\" content=\"SANY JS4000 twin-shaft mixer blades, mixing arms and bushings with original replacement accuracy and unparalleled wear resistance\" \/>\n<meta name=\"robots\" content=\"index, follow, max-snippet:-1, max-image-preview:large, max-video-preview:-1\" \/>\n<link rel=\"canonical\" href=\"https:\/\/miningspareparts.com\/fr\/produit\/sany-4000-mixer-and-parts\/\" \/>\n<meta property=\"og:locale\" content=\"fr_FR\" \/>\n<meta property=\"og:type\" content=\"article\" \/>\n<meta property=\"og:title\" content=\"SANY JS4000 Mixer And Parts - Crusher parts, Slurry Pump Parts, Excavator shovel parts\" \/>\n<meta property=\"og:description\" content=\"SANY JS4000 twin-shaft mixer blades, mixing arms and bushings with original replacement accuracy and unparalleled wear resistance\" \/>\n<meta property=\"og:url\" content=\"https:\/\/miningspareparts.com\/fr\/produit\/sany-4000-mixer-and-parts\/\" \/>\n<meta property=\"og:site_name\" content=\"Crusher parts, Slurry Pump Parts, Excavator shovel parts\" \/>\n<meta property=\"article:modified_time\" content=\"2024-01-17T06:43:52+00:00\" \/>\n<meta property=\"og:image\" content=\"https:\/\/miningspareparts.com\/wp-content\/uploads\/2023\/12\/SANY-JS4000-concrete-mixer-and-parts.webp\" \/>\n\t<meta property=\"og:image:width\" content=\"863\" \/>\n\t<meta property=\"og:image:height\" content=\"433\" \/>\n\t<meta property=\"og:image:type\" content=\"image\/webp\" \/>\n<meta name=\"twitter:card\" content=\"summary_large_image\" \/>\n<meta name=\"twitter:label1\" content=\"Dur\u00e9e de lecture estim\u00e9e\" \/>\n\t<meta name=\"twitter:data1\" content=\"3 minutes\" \/>\n<script type=\"application\/ld+json\" class=\"yoast-schema-graph\">{\"@context\":\"https:\\\/\\\/schema.org\",\"@graph\":[{\"@type\":\"WebPage\",\"@id\":\"https:\\\/\\\/miningspareparts.com\\\/product\\\/sany-4000-mixer-and-parts\\\/\",\"url\":\"https:\\\/\\\/miningspareparts.com\\\/product\\\/sany-4000-mixer-and-parts\\\/\",\"name\":\"SANY JS4000 Mixer And Parts - Crusher parts, Slurry Pump Parts, Excavator shovel parts\",\"isPartOf\":{\"@id\":\"https:\\\/\\\/miningspareparts.com\\\/#website\"},\"primaryImageOfPage\":{\"@id\":\"https:\\\/\\\/miningspareparts.com\\\/product\\\/sany-4000-mixer-and-parts\\\/#primaryimage\"},\"image\":{\"@id\":\"https:\\\/\\\/miningspareparts.com\\\/product\\\/sany-4000-mixer-and-parts\\\/#primaryimage\"},\"thumbnailUrl\":\"https:\\\/\\\/miningspareparts.com\\\/wp-content\\\/uploads\\\/2023\\\/12\\\/SANY-JS4000-concrete-mixer-and-parts.webp\",\"datePublished\":\"2023-12-30T05:07:14+00:00\",\"dateModified\":\"2024-01-17T06:43:52+00:00\",\"description\":\"SANY JS4000 twin-shaft mixer blades, mixing arms and bushings with original replacement accuracy and unparalleled wear resistance\",\"breadcrumb\":{\"@id\":\"https:\\\/\\\/miningspareparts.com\\\/product\\\/sany-4000-mixer-and-parts\\\/#breadcrumb\"},\"inLanguage\":\"fr-FR\",\"potentialAction\":[{\"@type\":\"ReadAction\",\"target\":[\"https:\\\/\\\/miningspareparts.com\\\/product\\\/sany-4000-mixer-and-parts\\\/\"]}]},{\"@type\":\"ImageObject\",\"inLanguage\":\"fr-FR\",\"@id\":\"https:\\\/\\\/miningspareparts.com\\\/product\\\/sany-4000-mixer-and-parts\\\/#primaryimage\",\"url\":\"https:\\\/\\\/miningspareparts.com\\\/wp-content\\\/uploads\\\/2023\\\/12\\\/SANY-JS4000-concrete-mixer-and-parts.webp\",\"contentUrl\":\"https:\\\/\\\/miningspareparts.com\\\/wp-content\\\/uploads\\\/2023\\\/12\\\/SANY-JS4000-concrete-mixer-and-parts.webp\",\"width\":863,\"height\":433},{\"@type\":\"BreadcrumbList\",\"@id\":\"https:\\\/\\\/miningspareparts.com\\\/product\\\/sany-4000-mixer-and-parts\\\/#breadcrumb\",\"itemListElement\":[{\"@type\":\"ListItem\",\"position\":1,\"name\":\"Home\",\"item\":\"https:\\\/\\\/miningspareparts.com\\\/\"},{\"@type\":\"ListItem\",\"position\":2,\"name\":\"Premium Mining Wear And Spare Parts\",\"item\":\"https:\\\/\\\/miningspareparts.com\\\/shop\\\/\"},{\"@type\":\"ListItem\",\"position\":3,\"name\":\"SANY JS4000 Mixer And Parts\"}]},{\"@type\":\"WebSite\",\"@id\":\"https:\\\/\\\/miningspareparts.com\\\/#website\",\"url\":\"https:\\\/\\\/miningspareparts.com\\\/\",\"name\":\"Crusher parts , Concrete Mixer Parts, Slurry Pump Parts, Mining Spares\",\"description\":\"Mining Wear &amp; Spare Parts Supplier\",\"publisher\":{\"@id\":\"https:\\\/\\\/miningspareparts.com\\\/#organization\"},\"potentialAction\":[{\"@type\":\"SearchAction\",\"target\":{\"@type\":\"EntryPoint\",\"urlTemplate\":\"https:\\\/\\\/miningspareparts.com\\\/?s={search_term_string}\"},\"query-input\":{\"@type\":\"PropertyValueSpecification\",\"valueRequired\":true,\"valueName\":\"search_term_string\"}}],\"inLanguage\":\"fr-FR\"},{\"@type\":\"Organization\",\"@id\":\"https:\\\/\\\/miningspareparts.com\\\/#organization\",\"name\":\"Crusher parts , Concrete Mixer Parts, Slurry Pump Parts, Mining Spares\",\"url\":\"https:\\\/\\\/miningspareparts.com\\\/\",\"logo\":{\"@type\":\"ImageObject\",\"inLanguage\":\"fr-FR\",\"@id\":\"https:\\\/\\\/miningspareparts.com\\\/#\\\/schema\\\/logo\\\/image\\\/\",\"url\":\"https:\\\/\\\/miningspareparts.com\\\/wp-content\\\/uploads\\\/2025\\\/04\\\/cropped-cropped-logo\u6b63\u65b9\u5f62.png\",\"contentUrl\":\"https:\\\/\\\/miningspareparts.com\\\/wp-content\\\/uploads\\\/2025\\\/04\\\/cropped-cropped-logo\u6b63\u65b9\u5f62.png\",\"width\":511,\"height\":171,\"caption\":\"Crusher parts , Concrete Mixer Parts, Slurry Pump Parts, Mining Spares\"},\"image\":{\"@id\":\"https:\\\/\\\/miningspareparts.com\\\/#\\\/schema\\\/logo\\\/image\\\/\"}}]}<\/script>\n<!-- \/ Yoast SEO plugin. -->","yoast_head_json":{"title":"SANY JS4000 Mixer And Parts - Crusher parts, Slurry Pump Parts, Excavator shovel parts","description":"SANY JS4000 twin-shaft mixer blades, mixing arms and bushings with original replacement accuracy and unparalleled wear resistance","robots":{"index":"index","follow":"follow","max-snippet":"max-snippet:-1","max-image-preview":"max-image-preview:large","max-video-preview":"max-video-preview:-1"},"canonical":"https:\/\/miningspareparts.com\/fr\/produit\/sany-4000-mixer-and-parts\/","og_locale":"fr_FR","og_type":"article","og_title":"SANY JS4000 Mixer And Parts - Crusher parts, Slurry Pump Parts, Excavator shovel parts","og_description":"SANY JS4000 twin-shaft mixer blades, mixing arms and bushings with original replacement accuracy and unparalleled wear resistance","og_url":"https:\/\/miningspareparts.com\/fr\/produit\/sany-4000-mixer-and-parts\/","og_site_name":"Crusher parts, Slurry Pump Parts, Excavator shovel parts","article_modified_time":"2024-01-17T06:43:52+00:00","og_image":[{"width":863,"height":433,"url":"https:\/\/miningspareparts.com\/wp-content\/uploads\/2023\/12\/SANY-JS4000-concrete-mixer-and-parts.webp","type":"image\/webp"}],"twitter_card":"summary_large_image","twitter_misc":{"Dur\u00e9e de lecture estim\u00e9e":"3 minutes"},"schema":{"@context":"https:\/\/schema.org","@graph":[{"@type":"WebPage","@id":"https:\/\/miningspareparts.com\/product\/sany-4000-mixer-and-parts\/","url":"https:\/\/miningspareparts.com\/product\/sany-4000-mixer-and-parts\/","name":"SANY JS4000 Mixer And Parts - Crusher parts, Slurry Pump Parts, Excavator shovel parts","isPartOf":{"@id":"https:\/\/miningspareparts.com\/#website"},"primaryImageOfPage":{"@id":"https:\/\/miningspareparts.com\/product\/sany-4000-mixer-and-parts\/#primaryimage"},"image":{"@id":"https:\/\/miningspareparts.com\/product\/sany-4000-mixer-and-parts\/#primaryimage"},"thumbnailUrl":"https:\/\/miningspareparts.com\/wp-content\/uploads\/2023\/12\/SANY-JS4000-concrete-mixer-and-parts.webp","datePublished":"2023-12-30T05:07:14+00:00","dateModified":"2024-01-17T06:43:52+00:00","description":"SANY JS4000 twin-shaft mixer blades, mixing arms and bushings with original replacement accuracy and unparalleled wear resistance","breadcrumb":{"@id":"https:\/\/miningspareparts.com\/product\/sany-4000-mixer-and-parts\/#breadcrumb"},"inLanguage":"fr-FR","potentialAction":[{"@type":"ReadAction","target":["https:\/\/miningspareparts.com\/product\/sany-4000-mixer-and-parts\/"]}]},{"@type":"ImageObject","inLanguage":"fr-FR","@id":"https:\/\/miningspareparts.com\/product\/sany-4000-mixer-and-parts\/#primaryimage","url":"https:\/\/miningspareparts.com\/wp-content\/uploads\/2023\/12\/SANY-JS4000-concrete-mixer-and-parts.webp","contentUrl":"https:\/\/miningspareparts.com\/wp-content\/uploads\/2023\/12\/SANY-JS4000-concrete-mixer-and-parts.webp","width":863,"height":433},{"@type":"BreadcrumbList","@id":"https:\/\/miningspareparts.com\/product\/sany-4000-mixer-and-parts\/#breadcrumb","itemListElement":[{"@type":"ListItem","position":1,"name":"Home","item":"https:\/\/miningspareparts.com\/"},{"@type":"ListItem","position":2,"name":"Premium Mining Wear And Spare Parts","item":"https:\/\/miningspareparts.com\/shop\/"},{"@type":"ListItem","position":3,"name":"SANY JS4000 Mixer And Parts"}]},{"@type":"WebSite","@id":"https:\/\/miningspareparts.com\/#website","url":"https:\/\/miningspareparts.com\/","name":"Crusher parts , Concrete Mixer Parts, Slurry Pump Parts, Mining Spares","description":"Mining Wear &amp; Spare Parts Supplier","publisher":{"@id":"https:\/\/miningspareparts.com\/#organization"},"potentialAction":[{"@type":"SearchAction","target":{"@type":"EntryPoint","urlTemplate":"https:\/\/miningspareparts.com\/?s={search_term_string}"},"query-input":{"@type":"PropertyValueSpecification","valueRequired":true,"valueName":"search_term_string"}}],"inLanguage":"fr-FR"},{"@type":"Organization","@id":"https:\/\/miningspareparts.com\/#organization","name":"Crusher parts , Concrete Mixer Parts, Slurry Pump Parts, Mining Spares","url":"https:\/\/miningspareparts.com\/","logo":{"@type":"ImageObject","inLanguage":"fr-FR","@id":"https:\/\/miningspareparts.com\/#\/schema\/logo\/image\/","url":"https:\/\/miningspareparts.com\/wp-content\/uploads\/2025\/04\/cropped-cropped-logo\u6b63\u65b9\u5f62.png","contentUrl":"https:\/\/miningspareparts.com\/wp-content\/uploads\/2025\/04\/cropped-cropped-logo\u6b63\u65b9\u5f62.png","width":511,"height":171,"caption":"Crusher parts , Concrete Mixer Parts, Slurry Pump Parts, Mining Spares"},"image":{"@id":"https:\/\/miningspareparts.com\/#\/schema\/logo\/image\/"}}]}},"uagb_featured_image_src":{"full":["https:\/\/miningspareparts.com\/wp-content\/uploads\/2023\/12\/SANY-JS4000-concrete-mixer-and-parts.webp",863,433,false],"thumbnail":["https:\/\/miningspareparts.com\/wp-content\/uploads\/2023\/12\/SANY-JS4000-concrete-mixer-and-parts-150x150.webp",150,150,true],"medium":["https:\/\/miningspareparts.com\/wp-content\/uploads\/2023\/12\/SANY-JS4000-concrete-mixer-and-parts-300x151.webp",300,151,true],"medium_large":["https:\/\/miningspareparts.com\/wp-content\/uploads\/2023\/12\/SANY-JS4000-concrete-mixer-and-parts-768x385.webp",768,385,true],"large":["https:\/\/miningspareparts.com\/wp-content\/uploads\/2023\/12\/SANY-JS4000-concrete-mixer-and-parts.webp",863,433,false],"1536x1536":["https:\/\/miningspareparts.com\/wp-content\/uploads\/2023\/12\/SANY-JS4000-concrete-mixer-and-parts.webp",863,433,false],"2048x2048":["https:\/\/miningspareparts.com\/wp-content\/uploads\/2023\/12\/SANY-JS4000-concrete-mixer-and-parts.webp",863,433,false],"trp-custom-language-flag":["https:\/\/miningspareparts.com\/wp-content\/uploads\/2023\/12\/SANY-JS4000-concrete-mixer-and-parts.webp",18,9,false],"woocommerce_thumbnail":["https:\/\/miningspareparts.com\/wp-content\/uploads\/2023\/12\/SANY-JS4000-concrete-mixer-and-parts-300x300.webp",300,300,true],"woocommerce_single":["https:\/\/miningspareparts.com\/wp-content\/uploads\/2023\/12\/SANY-JS4000-concrete-mixer-and-parts-600x301.webp",600,301,true],"woocommerce_gallery_thumbnail":["https:\/\/miningspareparts.com\/wp-content\/uploads\/2023\/12\/SANY-JS4000-concrete-mixer-and-parts-100x100.webp",100,100,true]},"uagb_author_info":{"display_name":"Miningspareparts","author_link":"https:\/\/miningspareparts.com\/fr\/author\/"},"uagb_comment_info":0,"uagb_excerpt":"Models:SANY JS4000","_links":{"self":[{"href":"https:\/\/miningspareparts.com\/fr\/wp-json\/wp\/v2\/product\/1972","targetHints":{"allow":["GET"]}}],"collection":[{"href":"https:\/\/miningspareparts.com\/fr\/wp-json\/wp\/v2\/product"}],"about":[{"href":"https:\/\/miningspareparts.com\/fr\/wp-json\/wp\/v2\/types\/product"}],"wp:featuredmedia":[{"embeddable":true,"href":"https:\/\/miningspareparts.com\/fr\/wp-json\/wp\/v2\/media\/2621"}],"wp:attachment":[{"href":"https:\/\/miningspareparts.com\/fr\/wp-json\/wp\/v2\/media?parent=1972"}],"wp:term":[{"taxonomy":"product_brand","embeddable":true,"href":"https:\/\/miningspareparts.com\/fr\/wp-json\/wp\/v2\/product_brand?post=1972"},{"taxonomy":"product_cat","embeddable":true,"href":"https:\/\/miningspareparts.com\/fr\/wp-json\/wp\/v2\/product_cat?post=1972"},{"taxonomy":"product_tag","embeddable":true,"href":"https:\/\/miningspareparts.com\/fr\/wp-json\/wp\/v2\/product_tag?post=1972"}],"curies":[{"name":"wp","href":"https:\/\/api.w.org\/{rel}","templated":true}]}}