{"id":1979,"date":"2023-12-30T05:09:38","date_gmt":"2023-12-30T05:09:38","guid":{"rendered":"https:\/\/miningspareparts.com\/?post_type=product&#038;p=1979"},"modified":"2024-01-17T06:53:19","modified_gmt":"2024-01-17T06:53:19","slug":"sany-js3000-mixer-and-parts","status":"publish","type":"product","link":"https:\/\/miningspareparts.com\/fr\/produit\/sany-js3000-mixer-and-parts\/","title":{"rendered":"SANY JS3000 M\u00e9langeur et pi\u00e8ces d\u00e9tach\u00e9es"},"content":{"rendered":"<p><strong>Voici une description du m\u00e9langeur et des pi\u00e8ces SANY JS3000<\/strong><\/p>\n<table width=\"100%\">\n<tbody>\n<tr>\n<td width=\"6%\">NON.<\/td>\n<td width=\"25%\">Sp\u00e9cifications<\/td>\n<td width=\"20%\">Code de l'article<\/td>\n<td width=\"7%\">Qt\u00e9<\/td>\n<td width=\"7%\">Unit\u00e9.<\/td>\n<td width=\"10%\">Poids unitaire (Kg)<\/td>\n<td width=\"11%\">Poids total (Kg)<\/td>\n<td width=\"10%\">Remarques<\/td>\n<\/tr>\n<tr>\n<td width=\"6%\">1<\/td>\n<td width=\"25%\">centre Feuille<\/td>\n<td width=\"20%\">11336330<\/td>\n<td width=\"7%\">12<\/td>\n<td width=\"7%\">Pcs<\/td>\n<td width=\"10%\">17.5<\/td>\n<td width=\"11%\">210<\/td>\n<td width=\"10%\"><\/td>\n<\/tr>\n<tr>\n<td width=\"6%\">2<\/td>\n<td width=\"25%\">Feuille gauche<\/td>\n<td width=\"20%\">11336331<\/td>\n<td width=\"7%\">4<\/td>\n<td width=\"7%\">Pcs<\/td>\n<td width=\"10%\">12.4<\/td>\n<td width=\"11%\">49.6<\/td>\n<td width=\"10%\"><\/td>\n<\/tr>\n<tr>\n<td width=\"6%\">3<\/td>\n<td width=\"25%\">Feuille droite<\/td>\n<td width=\"20%\">11336328<\/td>\n<td width=\"7%\">2<\/td>\n<td width=\"7%\">Pcs<\/td>\n<td width=\"10%\">15.4<\/td>\n<td width=\"11%\">30.8<\/td>\n<td width=\"10%\"><\/td>\n<\/tr>\n<tr>\n<td width=\"6%\">4<\/td>\n<td width=\"25%\">Lame gauche<\/td>\n<td width=\"20%\">11336332<\/td>\n<td width=\"7%\">4<\/td>\n<td width=\"7%\">Pcs<\/td>\n<td width=\"10%\">9.7<\/td>\n<td width=\"11%\">38.8<\/td>\n<td width=\"10%\"><\/td>\n<\/tr>\n<tr>\n<td width=\"6%\">5<\/td>\n<td width=\"25%\">Lame droite<\/td>\n<td width=\"20%\">11336329<\/td>\n<td width=\"7%\">2<\/td>\n<td width=\"7%\">Pcs<\/td>\n<td width=\"10%\">10.2<\/td>\n<td width=\"11%\">20.4<\/td>\n<td width=\"10%\"><\/td>\n<\/tr>\n<tr>\n<td width=\"6%\">6<\/td>\n<td width=\"25%\">Bras central<\/td>\n<td width=\"20%\">A820403000625<\/td>\n<td width=\"7%\">12<\/td>\n<td width=\"7%\">Pcs<\/td>\n<td width=\"10%\">41.4<\/td>\n<td width=\"11%\">496.8<\/td>\n<td width=\"10%\"><\/td>\n<\/tr>\n<tr>\n<td width=\"6%\">7<\/td>\n<td width=\"25%\">Bras gauche<\/td>\n<td width=\"20%\">A820403000627<\/td>\n<td width=\"7%\">4<\/td>\n<td width=\"7%\">Pcs<\/td>\n<td width=\"10%\">31.6<\/td>\n<td width=\"11%\">126.4<\/td>\n<td width=\"10%\"><\/td>\n<\/tr>\n<tr>\n<td width=\"6%\">8<\/td>\n<td width=\"25%\">Bras droit<\/td>\n<td width=\"20%\">A820403000223<\/td>\n<td width=\"7%\">2<\/td>\n<td width=\"7%\">Pcs<\/td>\n<td width=\"10%\">39.8<\/td>\n<td width=\"11%\">79.6<\/td>\n<td width=\"10%\"><\/td>\n<\/tr>\n<tr>\n<td width=\"6%\">9<\/td>\n<td width=\"25%\">Si\u00e8ge central<\/td>\n<td width=\"20%\"><\/td>\n<td width=\"7%\">12<\/td>\n<td width=\"7%\">Pcs<\/td>\n<td width=\"10%\">16.4<\/td>\n<td width=\"11%\">196.8<\/td>\n<td width=\"10%\"><\/td>\n<\/tr>\n<tr>\n<td width=\"6%\">10<\/td>\n<td width=\"25%\">Si\u00e8ge lat\u00e9ral<\/td>\n<td width=\"20%\"><\/td>\n<td width=\"7%\">6<\/td>\n<td width=\"7%\">Pcs<\/td>\n<td width=\"10%\">14.8<\/td>\n<td width=\"11%\">88.8<\/td>\n<td width=\"10%\"><\/td>\n<\/tr>\n<tr>\n<td width=\"6%\">11<\/td>\n<td width=\"25%\">Liner carr\u00e9<\/td>\n<td width=\"20%\">A810497000069<\/td>\n<td width=\"7%\">32<\/td>\n<td width=\"7%\">Pcs<\/td>\n<td width=\"10%\">8.4<\/td>\n<td width=\"11%\">268.8<\/td>\n<td width=\"10%\"><\/td>\n<\/tr>\n<tr>\n<td width=\"6%\">12<\/td>\n<td width=\"25%\">Rev\u00eatement en diamant<\/td>\n<td width=\"20%\">A820401000256<\/td>\n<td width=\"7%\">48<\/td>\n<td width=\"7%\">Pcs<\/td>\n<td width=\"10%\">9.8<\/td>\n<td width=\"11%\">470.4<\/td>\n<td width=\"10%\"><\/td>\n<\/tr>\n<tr>\n<td width=\"6%\">13<\/td>\n<td width=\"25%\">Doublure trap\u00e9zo\u00efdale<\/td>\n<td width=\"20%\">A820401000255<\/td>\n<td width=\"7%\">16<\/td>\n<td width=\"7%\">Pcs<\/td>\n<td width=\"10%\">10<\/td>\n<td width=\"11%\">160<\/td>\n<td width=\"10%\"><\/td>\n<\/tr>\n<tr>\n<td width=\"6%\">14<\/td>\n<td width=\"25%\">Manchette d'extr\u00e9mit\u00e9 en forme d'\u00e9ventail<\/td>\n<td width=\"20%\">A820401000257<\/td>\n<td width=\"7%\">8<\/td>\n<td width=\"7%\">Pcs<\/td>\n<td width=\"10%\">35.3<\/td>\n<td width=\"11%\">282.4<\/td>\n<td width=\"10%\"><\/td>\n<\/tr>\n<tr>\n<td width=\"6%\">15<\/td>\n<td width=\"25%\">Doublure de col gauche<\/td>\n<td width=\"20%\">A820401000258<\/td>\n<td width=\"7%\">4<\/td>\n<td width=\"7%\">Pcs<\/td>\n<td width=\"10%\">30.7<\/td>\n<td width=\"11%\">122.8<\/td>\n<td width=\"10%\"><\/td>\n<\/tr>\n<tr>\n<td width=\"6%\">16<\/td>\n<td width=\"25%\">Doublure du col droit<\/td>\n<td width=\"20%\">A820401000259<\/td>\n<td width=\"7%\">4<\/td>\n<td width=\"7%\">Pcs<\/td>\n<td width=\"10%\">30.7<\/td>\n<td width=\"11%\">122.8<\/td>\n<td width=\"10%\"><\/td>\n<\/tr>\n<tr>\n<td width=\"6%\">17<\/td>\n<td width=\"25%\">C\u00f4t\u00e9 milieu Doublure<\/td>\n<td width=\"20%\">A820401000260<\/td>\n<td width=\"7%\">4<\/td>\n<td width=\"7%\">Pcs<\/td>\n<td width=\"10%\">13.8<\/td>\n<td width=\"11%\">55.2<\/td>\n<td width=\"10%\"><\/td>\n<\/tr>\n<tr>\n<td width=\"6%\">18<\/td>\n<td width=\"25%\">Carreau de couverture<\/td>\n<td width=\"20%\">A820401000261<\/td>\n<td width=\"7%\">4<\/td>\n<td width=\"7%\">Pcs<\/td>\n<td width=\"10%\">18<\/td>\n<td width=\"11%\">72<\/td>\n<td width=\"10%\"><\/td>\n<\/tr>\n<tr>\n<td width=\"6%\">19<\/td>\n<td width=\"25%\">Porte Citron<\/td>\n<td width=\"20%\">11087192<\/td>\n<td width=\"7%\">6<\/td>\n<td width=\"7%\">Pcs<\/td>\n<td width=\"10%\">13.6<\/td>\n<td width=\"11%\">81.6<\/td>\n<td width=\"10%\"><\/td>\n<\/tr>\n<tr>\n<td width=\"6%\">20<\/td>\n<td width=\"25%\">Plaque de protection de porte<\/td>\n<td width=\"20%\">11074193<\/td>\n<td width=\"7%\">6<\/td>\n<td width=\"7%\">Pcs<\/td>\n<td width=\"10%\">9.8<\/td>\n<td width=\"11%\">58.8<\/td>\n<td width=\"10%\"><\/td>\n<\/tr>\n<tr>\n<td width=\"6%\">Total<\/td>\n<td width=\"25%\"><\/td>\n<td width=\"20%\"><\/td>\n<td width=\"7%\">192<\/td>\n<td width=\"7%\"><\/td>\n<td width=\"10%\"><\/td>\n<td width=\"11%\">3032.8<\/td>\n<td width=\"10%\"><\/td>\n<\/tr>\n<\/tbody>\n<\/table>\n<p><img fetchpriority=\"high\" decoding=\"async\" class=\"wp-image-3550 alignleft\" src=\"https:\/\/miningspareparts.com\/wp-content\/uploads\/2024\/01\/Mixer-And-Wear-Parts1-239x300.webp\" alt=\"\" width=\"498\" height=\"625\" srcset=\"https:\/\/miningspareparts.com\/wp-content\/uploads\/2024\/01\/Mixer-And-Wear-Parts1-239x300.webp 239w, https:\/\/miningspareparts.com\/wp-content\/uploads\/2024\/01\/Mixer-And-Wear-Parts1-817x1024.webp 817w, https:\/\/miningspareparts.com\/wp-content\/uploads\/2024\/01\/Mixer-And-Wear-Parts1-768x963.webp 768w, https:\/\/miningspareparts.com\/wp-content\/uploads\/2024\/01\/Mixer-And-Wear-Parts1-1226x1536.webp 1226w, https:\/\/miningspareparts.com\/wp-content\/uploads\/2024\/01\/Mixer-And-Wear-Parts1-1634x2048.webp 1634w, https:\/\/miningspareparts.com\/wp-content\/uploads\/2024\/01\/Mixer-And-Wear-Parts1-600x752.webp 600w, https:\/\/miningspareparts.com\/wp-content\/uploads\/2024\/01\/Mixer-And-Wear-Parts1.webp 2037w\" sizes=\"(max-width: 498px) 100vw, 498px\" \/><span style=\"font-size: 16px\">\u00a0<\/span><img decoding=\"async\" class=\"wp-image-3551 alignnone\" style=\"font-weight: inherit\" src=\"https:\/\/miningspareparts.com\/wp-content\/uploads\/2024\/01\/Mixer-And-Wear-Parts2-210x300.webp\" alt=\"\" width=\"454\" height=\"649\" srcset=\"https:\/\/miningspareparts.com\/wp-content\/uploads\/2024\/01\/Mixer-And-Wear-Parts2-210x300.webp 210w, https:\/\/miningspareparts.com\/wp-content\/uploads\/2024\/01\/Mixer-And-Wear-Parts2-600x856.webp 600w\" sizes=\"(max-width: 454px) 100vw, 454px\" \/><\/p>\n<p>Reconnu comme l'un des principaux fabricants de pales, de bras de m\u00e9lange et de rev\u00eatements du m\u00e9langeur \u00e0 deux arbres SANY JS3000, notre engagement en faveur de l'excellence s'articule autour des concepts fondamentaux de remplacement d'origine, de comp\u00e9tence apr\u00e8s-vente et de durabilit\u00e9.<\/p>\n<p>Le remplacement d'origine signifie plus qu'un simple \u00e9change de produit ; il incarne une ing\u00e9nierie de pr\u00e9cision et une conception m\u00e9ticuleuse. Lorsque vous choisissez nos composants SANY JS3000, vous optez pour un ajustement exact, garantissant une int\u00e9gration parfaite avec votre m\u00e9langeur. Cela permet non seulement de pr\u00e9server les performances d'origine du m\u00e9langeur, mais aussi de prolonger sa dur\u00e9e de vie.<\/p>\n<p>Dans le domaine des solutions de rechange, nous nous distinguons par notre engagement in\u00e9branlable \u00e0 offrir l'excellence au-del\u00e0 de l'achat initial. Nos produits d'apr\u00e8s-vente respectent les m\u00eames normes \u00e9lev\u00e9es que les originaux, offrant une alternative fiable et rentable sans compromis sur la qualit\u00e9. Nous comprenons l'importance du bon d\u00e9roulement de vos op\u00e9rations, et nos solutions apr\u00e8s-vente sont con\u00e7ues pour r\u00e9pondre \u00e0 cet imp\u00e9ratif.<\/p>\n<p>La durabilit\u00e9 est la pierre angulaire de notre philosophie de conception. Les conditions difficiles auxquelles sont soumis les composants du malaxeur exigent de la r\u00e9sistance, et nos pales, bras de malaxage et rev\u00eatements SANY JS3000 sont con\u00e7us pour r\u00e9sister aux rigueurs d'un malaxage intensif. Des mat\u00e9riaux robustes et des techniques de fabrication de pr\u00e9cision garantissent une r\u00e9sistance \u00e0 l'usure exceptionnelle, r\u00e9duisant le besoin de remplacements fr\u00e9quents et minimisant les temps d'arr\u00eat.<\/p>","protected":false},"excerpt":{"rendered":"<p>Mod\u00e8les:SANY JS3000<\/p>","protected":false},"featured_media":2415,"template":"","meta":{"_uag_custom_page_level_css":"","site-sidebar-layout":"default","site-content-layout":"","ast-site-content-layout":"default","site-content-style":"default","site-sidebar-style":"default","ast-global-header-display":"","ast-banner-title-visibility":"","ast-main-header-display":"","ast-hfb-above-header-display":"","ast-hfb-below-header-display":"","ast-hfb-mobile-header-display":"","site-post-title":"","ast-breadcrumbs-content":"","ast-featured-img":"","footer-sml-layout":"","ast-disable-related-posts":"","theme-transparent-header-meta":"default","adv-header-id-meta":"","stick-header-meta":"default","header-above-stick-meta":"","header-main-stick-meta":"","header-below-stick-meta":"","astra-migrate-meta-layouts":"set","ast-page-background-enabled":"default","ast-page-background-meta":{"desktop":{"background-color":"var(--ast-global-color-4)","background-image":"","background-repeat":"repeat","background-position":"center center","background-size":"auto","background-attachment":"scroll","background-type":"","background-media":"","overlay-type":"","overlay-color":"","overlay-opacity":"","overlay-gradient":""},"tablet":{"background-color":"","background-image":"","background-repeat":"repeat","background-position":"center center","background-size":"auto","background-attachment":"scroll","background-type":"","background-media":"","overlay-type":"","overlay-color":"","overlay-opacity":"","overlay-gradient":""},"mobile":{"background-color":"","background-image":"","background-repeat":"repeat","background-position":"center center","background-size":"auto","background-attachment":"scroll","background-type":"","background-media":"","overlay-type":"","overlay-color":"","overlay-opacity":"","overlay-gradient":""}},"ast-content-background-meta":{"desktop":{"background-color":"var(--ast-global-color-5)","background-image":"","background-repeat":"repeat","background-position":"center center","background-size":"auto","background-attachment":"scroll","background-type":"","background-media":"","overlay-type":"","overlay-color":"","overlay-opacity":"","overlay-gradient":""},"tablet":{"background-color":"var(--ast-global-color-5)","background-image":"","background-repeat":"repeat","background-position":"center center","background-size":"auto","background-attachment":"scroll","background-type":"","background-media":"","overlay-type":"","overlay-color":"","overlay-opacity":"","overlay-gradient":""},"mobile":{"background-color":"var(--ast-global-color-5)","background-image":"","background-repeat":"repeat","background-position":"center center","background-size":"auto","background-attachment":"scroll","background-type":"","background-media":"","overlay-type":"","overlay-color":"","overlay-opacity":"","overlay-gradient":""}}},"product_brand":[],"product_cat":[282,77],"product_tag":[267,268,269],"class_list":{"0":"post-1979","1":"product","2":"type-product","3":"status-publish","4":"has-post-thumbnail","6":"product_cat-sany-concrete-mixer-parts","7":"product_cat-concrete-mixer-parts","8":"product_tag-asphalt","9":"product_tag-blade","10":"product_tag-mixing-arm","11":"desktop-align-left","12":"tablet-align-left","13":"mobile-align-left","14":"ast-product-gallery-layout-horizontal-slider","15":"ast-product-single-variable","16":"ast-product-tabs-layout-horizontal","18":"first","19":"instock","20":"shipping-taxable","21":"purchasable","22":"product-type-variable"},"yoast_head":"<!-- This site is optimized with the Yoast SEO plugin v27.4 - https:\/\/yoast.com\/product\/yoast-seo-wordpress\/ -->\n<title>SANY JS3000 Mixer And Parts - Crusher parts, Slurry Pump Parts, Excavator shovel parts<\/title>\n<meta name=\"description\" content=\"SANY JS3000 twin-shaft mixer blades, mixing arms, and liners - synonymous with original replacement precision and unparalleled wear resistance\" \/>\n<meta name=\"robots\" content=\"index, follow, max-snippet:-1, max-image-preview:large, max-video-preview:-1\" \/>\n<link rel=\"canonical\" href=\"https:\/\/miningspareparts.com\/fr\/produit\/sany-js3000-mixer-and-parts\/\" \/>\n<meta property=\"og:locale\" content=\"fr_FR\" \/>\n<meta property=\"og:type\" content=\"article\" \/>\n<meta property=\"og:title\" content=\"SANY JS3000 Mixer And Parts - Crusher parts, Slurry Pump Parts, Excavator shovel parts\" \/>\n<meta property=\"og:description\" content=\"SANY JS3000 twin-shaft mixer blades, mixing arms, and liners - synonymous with original replacement precision and unparalleled wear resistance\" \/>\n<meta property=\"og:url\" content=\"https:\/\/miningspareparts.com\/fr\/produit\/sany-js3000-mixer-and-parts\/\" \/>\n<meta property=\"og:site_name\" content=\"Crusher parts, Slurry Pump Parts, Excavator shovel parts\" \/>\n<meta property=\"article:modified_time\" content=\"2024-01-17T06:53:19+00:00\" \/>\n<meta property=\"og:image\" content=\"https:\/\/miningspareparts.com\/wp-content\/uploads\/2023\/12\/SANY-JS3000-concrete-mixer-and-parts.webp\" \/>\n\t<meta property=\"og:image:width\" content=\"1162\" \/>\n\t<meta property=\"og:image:height\" content=\"657\" \/>\n\t<meta property=\"og:image:type\" content=\"image\/webp\" \/>\n<meta name=\"twitter:card\" content=\"summary_large_image\" \/>\n<meta name=\"twitter:label1\" content=\"Dur\u00e9e de lecture estim\u00e9e\" \/>\n\t<meta name=\"twitter:data1\" content=\"3 minutes\" \/>\n<script type=\"application\/ld+json\" class=\"yoast-schema-graph\">{\"@context\":\"https:\\\/\\\/schema.org\",\"@graph\":[{\"@type\":\"WebPage\",\"@id\":\"https:\\\/\\\/miningspareparts.com\\\/product\\\/sany-js3000-mixer-and-parts\\\/\",\"url\":\"https:\\\/\\\/miningspareparts.com\\\/product\\\/sany-js3000-mixer-and-parts\\\/\",\"name\":\"SANY JS3000 Mixer And Parts - Crusher parts, Slurry Pump Parts, Excavator shovel parts\",\"isPartOf\":{\"@id\":\"https:\\\/\\\/miningspareparts.com\\\/#website\"},\"primaryImageOfPage\":{\"@id\":\"https:\\\/\\\/miningspareparts.com\\\/product\\\/sany-js3000-mixer-and-parts\\\/#primaryimage\"},\"image\":{\"@id\":\"https:\\\/\\\/miningspareparts.com\\\/product\\\/sany-js3000-mixer-and-parts\\\/#primaryimage\"},\"thumbnailUrl\":\"https:\\\/\\\/miningspareparts.com\\\/wp-content\\\/uploads\\\/2023\\\/12\\\/SANY-JS3000-concrete-mixer-and-parts.webp\",\"datePublished\":\"2023-12-30T05:09:38+00:00\",\"dateModified\":\"2024-01-17T06:53:19+00:00\",\"description\":\"SANY JS3000 twin-shaft mixer blades, mixing arms, and liners - synonymous with original replacement precision and unparalleled wear resistance\",\"breadcrumb\":{\"@id\":\"https:\\\/\\\/miningspareparts.com\\\/product\\\/sany-js3000-mixer-and-parts\\\/#breadcrumb\"},\"inLanguage\":\"fr-FR\",\"potentialAction\":[{\"@type\":\"ReadAction\",\"target\":[\"https:\\\/\\\/miningspareparts.com\\\/product\\\/sany-js3000-mixer-and-parts\\\/\"]}]},{\"@type\":\"ImageObject\",\"inLanguage\":\"fr-FR\",\"@id\":\"https:\\\/\\\/miningspareparts.com\\\/product\\\/sany-js3000-mixer-and-parts\\\/#primaryimage\",\"url\":\"https:\\\/\\\/miningspareparts.com\\\/wp-content\\\/uploads\\\/2023\\\/12\\\/SANY-JS3000-concrete-mixer-and-parts.webp\",\"contentUrl\":\"https:\\\/\\\/miningspareparts.com\\\/wp-content\\\/uploads\\\/2023\\\/12\\\/SANY-JS3000-concrete-mixer-and-parts.webp\",\"width\":1162,\"height\":657},{\"@type\":\"BreadcrumbList\",\"@id\":\"https:\\\/\\\/miningspareparts.com\\\/product\\\/sany-js3000-mixer-and-parts\\\/#breadcrumb\",\"itemListElement\":[{\"@type\":\"ListItem\",\"position\":1,\"name\":\"Home\",\"item\":\"https:\\\/\\\/miningspareparts.com\\\/\"},{\"@type\":\"ListItem\",\"position\":2,\"name\":\"Premium Mining Wear And Spare Parts\",\"item\":\"https:\\\/\\\/miningspareparts.com\\\/shop\\\/\"},{\"@type\":\"ListItem\",\"position\":3,\"name\":\"SANY JS3000 Mixer And Parts\"}]},{\"@type\":\"WebSite\",\"@id\":\"https:\\\/\\\/miningspareparts.com\\\/#website\",\"url\":\"https:\\\/\\\/miningspareparts.com\\\/\",\"name\":\"Crusher parts , Concrete Mixer Parts, Slurry Pump Parts, Mining Spares\",\"description\":\"Mining Wear &amp; Spare Parts Supplier\",\"publisher\":{\"@id\":\"https:\\\/\\\/miningspareparts.com\\\/#organization\"},\"potentialAction\":[{\"@type\":\"SearchAction\",\"target\":{\"@type\":\"EntryPoint\",\"urlTemplate\":\"https:\\\/\\\/miningspareparts.com\\\/?s={search_term_string}\"},\"query-input\":{\"@type\":\"PropertyValueSpecification\",\"valueRequired\":true,\"valueName\":\"search_term_string\"}}],\"inLanguage\":\"fr-FR\"},{\"@type\":\"Organization\",\"@id\":\"https:\\\/\\\/miningspareparts.com\\\/#organization\",\"name\":\"Crusher parts , Concrete Mixer Parts, Slurry Pump Parts, Mining Spares\",\"url\":\"https:\\\/\\\/miningspareparts.com\\\/\",\"logo\":{\"@type\":\"ImageObject\",\"inLanguage\":\"fr-FR\",\"@id\":\"https:\\\/\\\/miningspareparts.com\\\/#\\\/schema\\\/logo\\\/image\\\/\",\"url\":\"https:\\\/\\\/miningspareparts.com\\\/wp-content\\\/uploads\\\/2025\\\/04\\\/cropped-cropped-logo\u6b63\u65b9\u5f62.png\",\"contentUrl\":\"https:\\\/\\\/miningspareparts.com\\\/wp-content\\\/uploads\\\/2025\\\/04\\\/cropped-cropped-logo\u6b63\u65b9\u5f62.png\",\"width\":511,\"height\":171,\"caption\":\"Crusher parts , Concrete Mixer Parts, Slurry Pump Parts, Mining Spares\"},\"image\":{\"@id\":\"https:\\\/\\\/miningspareparts.com\\\/#\\\/schema\\\/logo\\\/image\\\/\"}}]}<\/script>\n<!-- \/ Yoast SEO plugin. -->","yoast_head_json":{"title":"SANY JS3000 Mixer And Parts - Crusher parts, Slurry Pump Parts, Excavator shovel parts","description":"SANY JS3000 twin-shaft mixer blades, mixing arms, and liners - synonymous with original replacement precision and unparalleled wear resistance","robots":{"index":"index","follow":"follow","max-snippet":"max-snippet:-1","max-image-preview":"max-image-preview:large","max-video-preview":"max-video-preview:-1"},"canonical":"https:\/\/miningspareparts.com\/fr\/produit\/sany-js3000-mixer-and-parts\/","og_locale":"fr_FR","og_type":"article","og_title":"SANY JS3000 Mixer And Parts - Crusher parts, Slurry Pump Parts, Excavator shovel parts","og_description":"SANY JS3000 twin-shaft mixer blades, mixing arms, and liners - synonymous with original replacement precision and unparalleled wear resistance","og_url":"https:\/\/miningspareparts.com\/fr\/produit\/sany-js3000-mixer-and-parts\/","og_site_name":"Crusher parts, Slurry Pump Parts, Excavator shovel parts","article_modified_time":"2024-01-17T06:53:19+00:00","og_image":[{"width":1162,"height":657,"url":"https:\/\/miningspareparts.com\/wp-content\/uploads\/2023\/12\/SANY-JS3000-concrete-mixer-and-parts.webp","type":"image\/webp"}],"twitter_card":"summary_large_image","twitter_misc":{"Dur\u00e9e de lecture estim\u00e9e":"3 minutes"},"schema":{"@context":"https:\/\/schema.org","@graph":[{"@type":"WebPage","@id":"https:\/\/miningspareparts.com\/product\/sany-js3000-mixer-and-parts\/","url":"https:\/\/miningspareparts.com\/product\/sany-js3000-mixer-and-parts\/","name":"SANY JS3000 Mixer And Parts - Crusher parts, Slurry Pump Parts, Excavator shovel parts","isPartOf":{"@id":"https:\/\/miningspareparts.com\/#website"},"primaryImageOfPage":{"@id":"https:\/\/miningspareparts.com\/product\/sany-js3000-mixer-and-parts\/#primaryimage"},"image":{"@id":"https:\/\/miningspareparts.com\/product\/sany-js3000-mixer-and-parts\/#primaryimage"},"thumbnailUrl":"https:\/\/miningspareparts.com\/wp-content\/uploads\/2023\/12\/SANY-JS3000-concrete-mixer-and-parts.webp","datePublished":"2023-12-30T05:09:38+00:00","dateModified":"2024-01-17T06:53:19+00:00","description":"SANY JS3000 twin-shaft mixer blades, mixing arms, and liners - synonymous with original replacement precision and unparalleled wear resistance","breadcrumb":{"@id":"https:\/\/miningspareparts.com\/product\/sany-js3000-mixer-and-parts\/#breadcrumb"},"inLanguage":"fr-FR","potentialAction":[{"@type":"ReadAction","target":["https:\/\/miningspareparts.com\/product\/sany-js3000-mixer-and-parts\/"]}]},{"@type":"ImageObject","inLanguage":"fr-FR","@id":"https:\/\/miningspareparts.com\/product\/sany-js3000-mixer-and-parts\/#primaryimage","url":"https:\/\/miningspareparts.com\/wp-content\/uploads\/2023\/12\/SANY-JS3000-concrete-mixer-and-parts.webp","contentUrl":"https:\/\/miningspareparts.com\/wp-content\/uploads\/2023\/12\/SANY-JS3000-concrete-mixer-and-parts.webp","width":1162,"height":657},{"@type":"BreadcrumbList","@id":"https:\/\/miningspareparts.com\/product\/sany-js3000-mixer-and-parts\/#breadcrumb","itemListElement":[{"@type":"ListItem","position":1,"name":"Home","item":"https:\/\/miningspareparts.com\/"},{"@type":"ListItem","position":2,"name":"Premium Mining Wear And Spare Parts","item":"https:\/\/miningspareparts.com\/shop\/"},{"@type":"ListItem","position":3,"name":"SANY JS3000 Mixer And Parts"}]},{"@type":"WebSite","@id":"https:\/\/miningspareparts.com\/#website","url":"https:\/\/miningspareparts.com\/","name":"Crusher parts , Concrete Mixer Parts, Slurry Pump Parts, Mining Spares","description":"Mining Wear &amp; Spare Parts Supplier","publisher":{"@id":"https:\/\/miningspareparts.com\/#organization"},"potentialAction":[{"@type":"SearchAction","target":{"@type":"EntryPoint","urlTemplate":"https:\/\/miningspareparts.com\/?s={search_term_string}"},"query-input":{"@type":"PropertyValueSpecification","valueRequired":true,"valueName":"search_term_string"}}],"inLanguage":"fr-FR"},{"@type":"Organization","@id":"https:\/\/miningspareparts.com\/#organization","name":"Crusher parts , Concrete Mixer Parts, Slurry Pump Parts, Mining Spares","url":"https:\/\/miningspareparts.com\/","logo":{"@type":"ImageObject","inLanguage":"fr-FR","@id":"https:\/\/miningspareparts.com\/#\/schema\/logo\/image\/","url":"https:\/\/miningspareparts.com\/wp-content\/uploads\/2025\/04\/cropped-cropped-logo\u6b63\u65b9\u5f62.png","contentUrl":"https:\/\/miningspareparts.com\/wp-content\/uploads\/2025\/04\/cropped-cropped-logo\u6b63\u65b9\u5f62.png","width":511,"height":171,"caption":"Crusher parts , Concrete Mixer Parts, Slurry Pump Parts, Mining Spares"},"image":{"@id":"https:\/\/miningspareparts.com\/#\/schema\/logo\/image\/"}}]}},"uagb_featured_image_src":{"full":["https:\/\/miningspareparts.com\/wp-content\/uploads\/2023\/12\/SANY-JS3000-concrete-mixer-and-parts.webp",1162,657,false],"thumbnail":["https:\/\/miningspareparts.com\/wp-content\/uploads\/2023\/12\/SANY-JS3000-concrete-mixer-and-parts-150x150.webp",150,150,true],"medium":["https:\/\/miningspareparts.com\/wp-content\/uploads\/2023\/12\/SANY-JS3000-concrete-mixer-and-parts-300x170.webp",300,170,true],"medium_large":["https:\/\/miningspareparts.com\/wp-content\/uploads\/2023\/12\/SANY-JS3000-concrete-mixer-and-parts-768x434.webp",768,434,true],"large":["https:\/\/miningspareparts.com\/wp-content\/uploads\/2023\/12\/SANY-JS3000-concrete-mixer-and-parts-1024x579.webp",1024,579,true],"1536x1536":["https:\/\/miningspareparts.com\/wp-content\/uploads\/2023\/12\/SANY-JS3000-concrete-mixer-and-parts.webp",1162,657,false],"2048x2048":["https:\/\/miningspareparts.com\/wp-content\/uploads\/2023\/12\/SANY-JS3000-concrete-mixer-and-parts.webp",1162,657,false],"trp-custom-language-flag":["https:\/\/miningspareparts.com\/wp-content\/uploads\/2023\/12\/SANY-JS3000-concrete-mixer-and-parts.webp",18,10,false],"woocommerce_thumbnail":["https:\/\/miningspareparts.com\/wp-content\/uploads\/2023\/12\/SANY-JS3000-concrete-mixer-and-parts-300x300.webp",300,300,true],"woocommerce_single":["https:\/\/miningspareparts.com\/wp-content\/uploads\/2023\/12\/SANY-JS3000-concrete-mixer-and-parts-600x339.webp",600,339,true],"woocommerce_gallery_thumbnail":["https:\/\/miningspareparts.com\/wp-content\/uploads\/2023\/12\/SANY-JS3000-concrete-mixer-and-parts-100x100.webp",100,100,true]},"uagb_author_info":{"display_name":"Miningspareparts","author_link":"https:\/\/miningspareparts.com\/fr\/author\/"},"uagb_comment_info":0,"uagb_excerpt":"Models:SANY JS3000","_links":{"self":[{"href":"https:\/\/miningspareparts.com\/fr\/wp-json\/wp\/v2\/product\/1979","targetHints":{"allow":["GET"]}}],"collection":[{"href":"https:\/\/miningspareparts.com\/fr\/wp-json\/wp\/v2\/product"}],"about":[{"href":"https:\/\/miningspareparts.com\/fr\/wp-json\/wp\/v2\/types\/product"}],"wp:featuredmedia":[{"embeddable":true,"href":"https:\/\/miningspareparts.com\/fr\/wp-json\/wp\/v2\/media\/2415"}],"wp:attachment":[{"href":"https:\/\/miningspareparts.com\/fr\/wp-json\/wp\/v2\/media?parent=1979"}],"wp:term":[{"taxonomy":"product_brand","embeddable":true,"href":"https:\/\/miningspareparts.com\/fr\/wp-json\/wp\/v2\/product_brand?post=1979"},{"taxonomy":"product_cat","embeddable":true,"href":"https:\/\/miningspareparts.com\/fr\/wp-json\/wp\/v2\/product_cat?post=1979"},{"taxonomy":"product_tag","embeddable":true,"href":"https:\/\/miningspareparts.com\/fr\/wp-json\/wp\/v2\/product_tag?post=1979"}],"curies":[{"name":"wp","href":"https:\/\/api.w.org\/{rel}","templated":true}]}}