{"id":1993,"date":"2023-12-30T05:15:45","date_gmt":"2023-12-30T05:15:45","guid":{"rendered":"https:\/\/miningspareparts.com\/?post_type=product&#038;p=1993"},"modified":"2024-04-06T09:03:05","modified_gmt":"2024-04-06T09:03:05","slug":"sany-js2000-mixer-and-parts","status":"publish","type":"product","link":"https:\/\/miningspareparts.com\/fr\/produit\/sany-js2000-mixer-and-parts\/","title":{"rendered":"SANY JS2000 M\u00e9langeur et pi\u00e8ces d\u00e9tach\u00e9es"},"content":{"rendered":"<p><strong>Voici une description du m\u00e9langeur et des pi\u00e8ces SANY JS2000<\/strong><\/p>\n<table>\n<tbody>\n<tr>\n<td width=\"64\">NON.<\/td>\n<td width=\"257\">Sp\u00e9cifications<\/td>\n<td width=\"47\">Qt\u00e9<\/td>\n<td width=\"66\">Unit\u00e9.<\/td>\n<td width=\"104\">Poids unitaire (Kg)<\/td>\n<td width=\"95\">Poids total (Kg)<\/td>\n<td width=\"85\">Remarques<\/td>\n<\/tr>\n<tr>\n<td width=\"64\">1<\/td>\n<td width=\"257\">centre Feuille<\/td>\n<td width=\"47\">8<\/td>\n<td width=\"66\">Pcs<\/td>\n<td width=\"104\">17.5<\/td>\n<td width=\"95\">140<\/td>\n<td width=\"85\"><\/td>\n<\/tr>\n<tr>\n<td width=\"64\">2<\/td>\n<td width=\"257\">Feuille gauche<\/td>\n<td width=\"47\">4<\/td>\n<td width=\"66\">Pcs<\/td>\n<td width=\"104\">12.4<\/td>\n<td width=\"95\">49.6<\/td>\n<td width=\"85\"><\/td>\n<\/tr>\n<tr>\n<td width=\"64\">3<\/td>\n<td width=\"257\">Feuille droite<\/td>\n<td width=\"47\">2<\/td>\n<td width=\"66\">Pcs<\/td>\n<td width=\"104\">15.4<\/td>\n<td width=\"95\">30.8<\/td>\n<td width=\"85\"><\/td>\n<\/tr>\n<tr>\n<td width=\"64\">4<\/td>\n<td width=\"257\">Lame gauche<\/td>\n<td width=\"47\">4<\/td>\n<td width=\"66\">Pcs<\/td>\n<td width=\"104\">9.7<\/td>\n<td width=\"95\">38.8<\/td>\n<td width=\"85\"><\/td>\n<\/tr>\n<tr>\n<td width=\"64\">5<\/td>\n<td width=\"257\">Lame droite<\/td>\n<td width=\"47\">2<\/td>\n<td width=\"66\">Pcs<\/td>\n<td width=\"104\">10.2<\/td>\n<td width=\"95\">20.4<\/td>\n<td width=\"85\"><\/td>\n<\/tr>\n<tr>\n<td width=\"64\">6<\/td>\n<td width=\"257\">Bras central<\/td>\n<td width=\"47\">8<\/td>\n<td width=\"66\">Pcs<\/td>\n<td width=\"104\">41.2<\/td>\n<td width=\"95\">329.6<\/td>\n<td width=\"85\"><\/td>\n<\/tr>\n<tr>\n<td width=\"64\">7<\/td>\n<td width=\"257\">Bras gauche<\/td>\n<td width=\"47\">4<\/td>\n<td width=\"66\">Pcs<\/td>\n<td width=\"104\">32.6<\/td>\n<td width=\"95\">130.4<\/td>\n<td width=\"85\"><\/td>\n<\/tr>\n<tr>\n<td width=\"64\">8<\/td>\n<td width=\"257\">Bras droit<\/td>\n<td width=\"47\">2<\/td>\n<td width=\"66\">Pcs<\/td>\n<td width=\"104\">40.4<\/td>\n<td width=\"95\">80.8<\/td>\n<td width=\"85\"><\/td>\n<\/tr>\n<tr>\n<td width=\"64\">9<\/td>\n<td width=\"257\">Si\u00e8ge central<\/td>\n<td width=\"47\">8<\/td>\n<td width=\"66\">Pcs<\/td>\n<td width=\"104\">16.4<\/td>\n<td width=\"95\">131.2<\/td>\n<td width=\"85\"><\/td>\n<\/tr>\n<tr>\n<td width=\"64\">10<\/td>\n<td width=\"257\">Si\u00e8ge lat\u00e9ral<\/td>\n<td width=\"47\">6<\/td>\n<td width=\"66\">Pcs<\/td>\n<td width=\"104\">14.8<\/td>\n<td width=\"95\">88.8<\/td>\n<td width=\"85\"><\/td>\n<\/tr>\n<tr>\n<td width=\"64\">11<\/td>\n<td width=\"257\">Liner carr\u00e9<\/td>\n<td width=\"47\">24<\/td>\n<td width=\"66\">Pcs<\/td>\n<td width=\"104\">8.4<\/td>\n<td width=\"95\">201.6<\/td>\n<td width=\"85\"><\/td>\n<\/tr>\n<tr>\n<td width=\"64\">12<\/td>\n<td width=\"257\">Rev\u00eatement en diamant<\/td>\n<td width=\"47\">32<\/td>\n<td width=\"66\">Pcs<\/td>\n<td width=\"104\">9.5<\/td>\n<td width=\"95\">304<\/td>\n<td width=\"85\"><\/td>\n<\/tr>\n<tr>\n<td width=\"64\">13<\/td>\n<td width=\"257\">Doublure trap\u00e9zo\u00efdale<\/td>\n<td width=\"47\">16<\/td>\n<td width=\"66\">Pcs<\/td>\n<td width=\"104\">10<\/td>\n<td width=\"95\">160<\/td>\n<td width=\"85\"><\/td>\n<\/tr>\n<tr>\n<td width=\"64\">14<\/td>\n<td width=\"257\">Manchette d'extr\u00e9mit\u00e9 en forme d'\u00e9ventail<\/td>\n<td width=\"47\">8<\/td>\n<td width=\"66\">Pcs<\/td>\n<td width=\"104\">35.3<\/td>\n<td width=\"95\">282.4<\/td>\n<td width=\"85\"><\/td>\n<\/tr>\n<tr>\n<td width=\"64\">15<\/td>\n<td width=\"257\">Doublure de col<\/td>\n<td width=\"47\">8<\/td>\n<td width=\"66\">Pcs<\/td>\n<td width=\"104\">30.7<\/td>\n<td width=\"95\">245.6<\/td>\n<td width=\"85\">\u6b63\u53cd\u54044<\/td>\n<\/tr>\n<tr>\n<td width=\"64\">16<\/td>\n<td width=\"257\">C\u00f4t\u00e9 milieu Doublure<\/td>\n<td width=\"47\">4<\/td>\n<td width=\"66\">Pcs<\/td>\n<td width=\"104\">13.8<\/td>\n<td width=\"95\">55.2<\/td>\n<td width=\"85\"><\/td>\n<\/tr>\n<tr>\n<td width=\"64\">17<\/td>\n<td width=\"257\">Carreau de couverture<\/td>\n<td width=\"47\">4<\/td>\n<td width=\"66\">Pcs<\/td>\n<td width=\"104\">18<\/td>\n<td width=\"95\">72<\/td>\n<td width=\"85\"><\/td>\n<\/tr>\n<tr>\n<td width=\"64\">18<\/td>\n<td width=\"257\">Porte Citron<\/td>\n<td width=\"47\">4<\/td>\n<td width=\"66\">Pcs<\/td>\n<td width=\"104\">13.6<\/td>\n<td width=\"95\">54.4<\/td>\n<td width=\"85\"><\/td>\n<\/tr>\n<tr>\n<td width=\"64\">19<\/td>\n<td width=\"257\">Plaque de protection de porte<\/td>\n<td width=\"47\">5<\/td>\n<td width=\"66\">Pcs<\/td>\n<td width=\"104\">8.2<\/td>\n<td width=\"95\">41<\/td>\n<td width=\"85\"><\/td>\n<\/tr>\n<tr>\n<td width=\"64\">Total<\/td>\n<td width=\"257\"><\/td>\n<td width=\"47\">153<\/td>\n<td width=\"66\"><\/td>\n<td width=\"104\"><\/td>\n<td width=\"95\">2456.6<\/td>\n<td width=\"85\"><\/td>\n<\/tr>\n<\/tbody>\n<\/table>\n<p><img fetchpriority=\"high\" decoding=\"async\" class=\"wp-image-3550 alignleft\" src=\"https:\/\/miningspareparts.com\/wp-content\/uploads\/2024\/01\/Mixer-And-Wear-Parts1-239x300.webp\" alt=\"\" width=\"498\" height=\"625\" srcset=\"https:\/\/miningspareparts.com\/wp-content\/uploads\/2024\/01\/Mixer-And-Wear-Parts1-239x300.webp 239w, https:\/\/miningspareparts.com\/wp-content\/uploads\/2024\/01\/Mixer-And-Wear-Parts1-817x1024.webp 817w, https:\/\/miningspareparts.com\/wp-content\/uploads\/2024\/01\/Mixer-And-Wear-Parts1-768x963.webp 768w, https:\/\/miningspareparts.com\/wp-content\/uploads\/2024\/01\/Mixer-And-Wear-Parts1-1226x1536.webp 1226w, https:\/\/miningspareparts.com\/wp-content\/uploads\/2024\/01\/Mixer-And-Wear-Parts1-1634x2048.webp 1634w, https:\/\/miningspareparts.com\/wp-content\/uploads\/2024\/01\/Mixer-And-Wear-Parts1-600x752.webp 600w, https:\/\/miningspareparts.com\/wp-content\/uploads\/2024\/01\/Mixer-And-Wear-Parts1.webp 2037w\" sizes=\"(max-width: 498px) 100vw, 498px\" \/><span style=\"font-size: 16px\">\u00a0<\/span><img decoding=\"async\" class=\"wp-image-3551 alignnone\" style=\"font-weight: inherit\" src=\"https:\/\/miningspareparts.com\/wp-content\/uploads\/2024\/01\/Mixer-And-Wear-Parts2-210x300.webp\" alt=\"\" width=\"454\" height=\"649\" srcset=\"https:\/\/miningspareparts.com\/wp-content\/uploads\/2024\/01\/Mixer-And-Wear-Parts2-210x300.webp 210w, https:\/\/miningspareparts.com\/wp-content\/uploads\/2024\/01\/Mixer-And-Wear-Parts2-600x856.webp 600w\" sizes=\"(max-width: 454px) 100vw, 454px\" \/><\/p>\n<p>En tant que fabricant leader, nous sommes sp\u00e9cialis\u00e9s dans la fabrication de pales, de bras de m\u00e9lange et de rev\u00eatements de haute qualit\u00e9 pour le m\u00e9langeur \u00e0 deux arbres SANY JS2000. Notre engagement envers l'excellence s'\u00e9tend \u00e0 la fourniture de pi\u00e8ces de rechange d'origine, garantissant le fonctionnement sans faille de votre \u00e9quipement.<\/p>\n<p>Les pi\u00e8ces de rechange d'origine sont con\u00e7ues pour correspondre aux sp\u00e9cifications exactes des composants d'origine de votre m\u00e9langeur SANY JS2000. Cette pr\u00e9cision garantit des performances, une long\u00e9vit\u00e9 et une compatibilit\u00e9 optimales, r\u00e9duisant les temps d'arr\u00eat et am\u00e9liorant l'efficacit\u00e9 globale.<\/p>\n<p>Contrairement aux pi\u00e8ces de rechange, dont la qualit\u00e9 et la compatibilit\u00e9 peuvent varier, nos pi\u00e8ces de rechange d'origine garantissent un ajustement parfait et des performances fiables. Notre engagement en mati\u00e8re d'assurance qualit\u00e9 signifie que chaque composant r\u00e9pond \u00e0 des normes strictes, ce qui garantit la tranquillit\u00e9 d'esprit de nos clients.<\/p>\n<p>La durabilit\u00e9 des pales, des bras de malaxage et des rev\u00eatements de notre malaxeur \u00e0 double arbre SANY JS2000 t\u00e9moigne de notre engagement en faveur de l'excellence. Ces composants critiques subissent des tests rigoureux pour r\u00e9sister aux conditions exigeantes du malaxage du b\u00e9ton, ce qui garantit qu'ils conservent leur int\u00e9grit\u00e9 structurelle au fil du temps.<\/p>","protected":false},"excerpt":{"rendered":"<p>Mod\u00e8les:SANY JS2000<\/p>","protected":false},"featured_media":4821,"template":"","meta":{"_uag_custom_page_level_css":"","site-sidebar-layout":"default","site-content-layout":"","ast-site-content-layout":"default","site-content-style":"default","site-sidebar-style":"default","ast-global-header-display":"","ast-banner-title-visibility":"","ast-main-header-display":"","ast-hfb-above-header-display":"","ast-hfb-below-header-display":"","ast-hfb-mobile-header-display":"","site-post-title":"","ast-breadcrumbs-content":"","ast-featured-img":"","footer-sml-layout":"","ast-disable-related-posts":"","theme-transparent-header-meta":"default","adv-header-id-meta":"","stick-header-meta":"default","header-above-stick-meta":"","header-main-stick-meta":"","header-below-stick-meta":"","astra-migrate-meta-layouts":"set","ast-page-background-enabled":"default","ast-page-background-meta":{"desktop":{"background-color":"var(--ast-global-color-4)","background-image":"","background-repeat":"repeat","background-position":"center center","background-size":"auto","background-attachment":"scroll","background-type":"","background-media":"","overlay-type":"","overlay-color":"","overlay-opacity":"","overlay-gradient":""},"tablet":{"background-color":"","background-image":"","background-repeat":"repeat","background-position":"center center","background-size":"auto","background-attachment":"scroll","background-type":"","background-media":"","overlay-type":"","overlay-color":"","overlay-opacity":"","overlay-gradient":""},"mobile":{"background-color":"","background-image":"","background-repeat":"repeat","background-position":"center center","background-size":"auto","background-attachment":"scroll","background-type":"","background-media":"","overlay-type":"","overlay-color":"","overlay-opacity":"","overlay-gradient":""}},"ast-content-background-meta":{"desktop":{"background-color":"var(--ast-global-color-5)","background-image":"","background-repeat":"repeat","background-position":"center center","background-size":"auto","background-attachment":"scroll","background-type":"","background-media":"","overlay-type":"","overlay-color":"","overlay-opacity":"","overlay-gradient":""},"tablet":{"background-color":"var(--ast-global-color-5)","background-image":"","background-repeat":"repeat","background-position":"center center","background-size":"auto","background-attachment":"scroll","background-type":"","background-media":"","overlay-type":"","overlay-color":"","overlay-opacity":"","overlay-gradient":""},"mobile":{"background-color":"var(--ast-global-color-5)","background-image":"","background-repeat":"repeat","background-position":"center center","background-size":"auto","background-attachment":"scroll","background-type":"","background-media":"","overlay-type":"","overlay-color":"","overlay-opacity":"","overlay-gradient":""}}},"product_brand":[],"product_cat":[282,77],"product_tag":[267,268,269],"class_list":{"0":"post-1993","1":"product","2":"type-product","3":"status-publish","4":"has-post-thumbnail","6":"product_cat-sany-concrete-mixer-parts","7":"product_cat-concrete-mixer-parts","8":"product_tag-asphalt","9":"product_tag-blade","10":"product_tag-mixing-arm","11":"desktop-align-left","12":"tablet-align-left","13":"mobile-align-left","14":"ast-product-gallery-layout-horizontal-slider","15":"ast-product-gallery-with-no-image","16":"ast-product-single-variable","17":"ast-product-tabs-layout-horizontal","19":"first","20":"instock","21":"shipping-taxable","22":"purchasable","23":"product-type-variable"},"yoast_head":"<!-- This site is optimized with the Yoast SEO plugin v27.4 - https:\/\/yoast.com\/product\/yoast-seo-wordpress\/ -->\n<title>SANY JS2000 Mixer And Parts - Crusher parts, Slurry Pump Parts, Excavator shovel parts<\/title>\n<meta name=\"description\" content=\"Experience superior concrete mixing with SANY JS2000 twin-shaft mixer (original replacement), ensuring precision, wear resistance and longevity.\" \/>\n<meta name=\"robots\" content=\"index, follow, max-snippet:-1, max-image-preview:large, max-video-preview:-1\" \/>\n<link rel=\"canonical\" href=\"https:\/\/miningspareparts.com\/fr\/produit\/sany-js2000-mixer-and-parts\/\" \/>\n<meta property=\"og:locale\" content=\"fr_FR\" \/>\n<meta property=\"og:type\" content=\"article\" \/>\n<meta property=\"og:title\" content=\"SANY JS2000 Mixer And Parts - Crusher parts, Slurry Pump Parts, Excavator shovel parts\" \/>\n<meta property=\"og:description\" content=\"Experience superior concrete mixing with SANY JS2000 twin-shaft mixer (original replacement), ensuring precision, wear resistance and longevity.\" \/>\n<meta property=\"og:url\" content=\"https:\/\/miningspareparts.com\/fr\/produit\/sany-js2000-mixer-and-parts\/\" \/>\n<meta property=\"og:site_name\" content=\"Crusher parts, Slurry Pump Parts, Excavator shovel parts\" \/>\n<meta property=\"article:modified_time\" content=\"2024-04-06T09:03:05+00:00\" \/>\n<meta property=\"og:image\" content=\"https:\/\/miningspareparts.com\/wp-content\/uploads\/2023\/12\/SANY-JS2000-Mixer-And-Parts.webp\" \/>\n\t<meta property=\"og:image:width\" content=\"800\" \/>\n\t<meta property=\"og:image:height\" content=\"800\" \/>\n\t<meta property=\"og:image:type\" content=\"image\/webp\" \/>\n<meta name=\"twitter:card\" content=\"summary_large_image\" \/>\n<meta name=\"twitter:label1\" content=\"Dur\u00e9e de lecture estim\u00e9e\" \/>\n\t<meta name=\"twitter:data1\" content=\"2 minutes\" \/>\n<script type=\"application\/ld+json\" class=\"yoast-schema-graph\">{\"@context\":\"https:\\\/\\\/schema.org\",\"@graph\":[{\"@type\":\"WebPage\",\"@id\":\"https:\\\/\\\/miningspareparts.com\\\/product\\\/sany-js2000-mixer-and-parts\\\/\",\"url\":\"https:\\\/\\\/miningspareparts.com\\\/product\\\/sany-js2000-mixer-and-parts\\\/\",\"name\":\"SANY JS2000 Mixer And Parts - Crusher parts, Slurry Pump Parts, Excavator shovel parts\",\"isPartOf\":{\"@id\":\"https:\\\/\\\/miningspareparts.com\\\/#website\"},\"primaryImageOfPage\":{\"@id\":\"https:\\\/\\\/miningspareparts.com\\\/product\\\/sany-js2000-mixer-and-parts\\\/#primaryimage\"},\"image\":{\"@id\":\"https:\\\/\\\/miningspareparts.com\\\/product\\\/sany-js2000-mixer-and-parts\\\/#primaryimage\"},\"thumbnailUrl\":\"https:\\\/\\\/miningspareparts.com\\\/wp-content\\\/uploads\\\/2023\\\/12\\\/SANY-JS2000-Mixer-And-Parts.webp\",\"datePublished\":\"2023-12-30T05:15:45+00:00\",\"dateModified\":\"2024-04-06T09:03:05+00:00\",\"description\":\"Experience superior concrete mixing with SANY JS2000 twin-shaft mixer (original replacement), ensuring precision, wear resistance and longevity.\",\"breadcrumb\":{\"@id\":\"https:\\\/\\\/miningspareparts.com\\\/product\\\/sany-js2000-mixer-and-parts\\\/#breadcrumb\"},\"inLanguage\":\"fr-FR\",\"potentialAction\":[{\"@type\":\"ReadAction\",\"target\":[\"https:\\\/\\\/miningspareparts.com\\\/product\\\/sany-js2000-mixer-and-parts\\\/\"]}]},{\"@type\":\"ImageObject\",\"inLanguage\":\"fr-FR\",\"@id\":\"https:\\\/\\\/miningspareparts.com\\\/product\\\/sany-js2000-mixer-and-parts\\\/#primaryimage\",\"url\":\"https:\\\/\\\/miningspareparts.com\\\/wp-content\\\/uploads\\\/2023\\\/12\\\/SANY-JS2000-Mixer-And-Parts.webp\",\"contentUrl\":\"https:\\\/\\\/miningspareparts.com\\\/wp-content\\\/uploads\\\/2023\\\/12\\\/SANY-JS2000-Mixer-And-Parts.webp\",\"width\":800,\"height\":800},{\"@type\":\"BreadcrumbList\",\"@id\":\"https:\\\/\\\/miningspareparts.com\\\/product\\\/sany-js2000-mixer-and-parts\\\/#breadcrumb\",\"itemListElement\":[{\"@type\":\"ListItem\",\"position\":1,\"name\":\"Home\",\"item\":\"https:\\\/\\\/miningspareparts.com\\\/\"},{\"@type\":\"ListItem\",\"position\":2,\"name\":\"Premium Mining Wear And Spare Parts\",\"item\":\"https:\\\/\\\/miningspareparts.com\\\/shop\\\/\"},{\"@type\":\"ListItem\",\"position\":3,\"name\":\"SANY JS2000 Mixer And Parts\"}]},{\"@type\":\"WebSite\",\"@id\":\"https:\\\/\\\/miningspareparts.com\\\/#website\",\"url\":\"https:\\\/\\\/miningspareparts.com\\\/\",\"name\":\"Crusher parts , Concrete Mixer Parts, Slurry Pump Parts, Mining Spares\",\"description\":\"Mining Wear &amp; Spare Parts Supplier\",\"publisher\":{\"@id\":\"https:\\\/\\\/miningspareparts.com\\\/#organization\"},\"potentialAction\":[{\"@type\":\"SearchAction\",\"target\":{\"@type\":\"EntryPoint\",\"urlTemplate\":\"https:\\\/\\\/miningspareparts.com\\\/?s={search_term_string}\"},\"query-input\":{\"@type\":\"PropertyValueSpecification\",\"valueRequired\":true,\"valueName\":\"search_term_string\"}}],\"inLanguage\":\"fr-FR\"},{\"@type\":\"Organization\",\"@id\":\"https:\\\/\\\/miningspareparts.com\\\/#organization\",\"name\":\"Crusher parts , Concrete Mixer Parts, Slurry Pump Parts, Mining Spares\",\"url\":\"https:\\\/\\\/miningspareparts.com\\\/\",\"logo\":{\"@type\":\"ImageObject\",\"inLanguage\":\"fr-FR\",\"@id\":\"https:\\\/\\\/miningspareparts.com\\\/#\\\/schema\\\/logo\\\/image\\\/\",\"url\":\"https:\\\/\\\/miningspareparts.com\\\/wp-content\\\/uploads\\\/2025\\\/04\\\/cropped-cropped-logo\u6b63\u65b9\u5f62.png\",\"contentUrl\":\"https:\\\/\\\/miningspareparts.com\\\/wp-content\\\/uploads\\\/2025\\\/04\\\/cropped-cropped-logo\u6b63\u65b9\u5f62.png\",\"width\":511,\"height\":171,\"caption\":\"Crusher parts , Concrete Mixer Parts, Slurry Pump Parts, Mining Spares\"},\"image\":{\"@id\":\"https:\\\/\\\/miningspareparts.com\\\/#\\\/schema\\\/logo\\\/image\\\/\"}}]}<\/script>\n<!-- \/ Yoast SEO plugin. -->","yoast_head_json":{"title":"SANY JS2000 Mixer And Parts - Crusher parts, Slurry Pump Parts, Excavator shovel parts","description":"Experience superior concrete mixing with SANY JS2000 twin-shaft mixer (original replacement), ensuring precision, wear resistance and longevity.","robots":{"index":"index","follow":"follow","max-snippet":"max-snippet:-1","max-image-preview":"max-image-preview:large","max-video-preview":"max-video-preview:-1"},"canonical":"https:\/\/miningspareparts.com\/fr\/produit\/sany-js2000-mixer-and-parts\/","og_locale":"fr_FR","og_type":"article","og_title":"SANY JS2000 Mixer And Parts - Crusher parts, Slurry Pump Parts, Excavator shovel parts","og_description":"Experience superior concrete mixing with SANY JS2000 twin-shaft mixer (original replacement), ensuring precision, wear resistance and longevity.","og_url":"https:\/\/miningspareparts.com\/fr\/produit\/sany-js2000-mixer-and-parts\/","og_site_name":"Crusher parts, Slurry Pump Parts, Excavator shovel parts","article_modified_time":"2024-04-06T09:03:05+00:00","og_image":[{"width":800,"height":800,"url":"https:\/\/miningspareparts.com\/wp-content\/uploads\/2023\/12\/SANY-JS2000-Mixer-And-Parts.webp","type":"image\/webp"}],"twitter_card":"summary_large_image","twitter_misc":{"Dur\u00e9e de lecture estim\u00e9e":"2 minutes"},"schema":{"@context":"https:\/\/schema.org","@graph":[{"@type":"WebPage","@id":"https:\/\/miningspareparts.com\/product\/sany-js2000-mixer-and-parts\/","url":"https:\/\/miningspareparts.com\/product\/sany-js2000-mixer-and-parts\/","name":"SANY JS2000 Mixer And Parts - Crusher parts, Slurry Pump Parts, Excavator shovel parts","isPartOf":{"@id":"https:\/\/miningspareparts.com\/#website"},"primaryImageOfPage":{"@id":"https:\/\/miningspareparts.com\/product\/sany-js2000-mixer-and-parts\/#primaryimage"},"image":{"@id":"https:\/\/miningspareparts.com\/product\/sany-js2000-mixer-and-parts\/#primaryimage"},"thumbnailUrl":"https:\/\/miningspareparts.com\/wp-content\/uploads\/2023\/12\/SANY-JS2000-Mixer-And-Parts.webp","datePublished":"2023-12-30T05:15:45+00:00","dateModified":"2024-04-06T09:03:05+00:00","description":"Experience superior concrete mixing with SANY JS2000 twin-shaft mixer (original replacement), ensuring precision, wear resistance and longevity.","breadcrumb":{"@id":"https:\/\/miningspareparts.com\/product\/sany-js2000-mixer-and-parts\/#breadcrumb"},"inLanguage":"fr-FR","potentialAction":[{"@type":"ReadAction","target":["https:\/\/miningspareparts.com\/product\/sany-js2000-mixer-and-parts\/"]}]},{"@type":"ImageObject","inLanguage":"fr-FR","@id":"https:\/\/miningspareparts.com\/product\/sany-js2000-mixer-and-parts\/#primaryimage","url":"https:\/\/miningspareparts.com\/wp-content\/uploads\/2023\/12\/SANY-JS2000-Mixer-And-Parts.webp","contentUrl":"https:\/\/miningspareparts.com\/wp-content\/uploads\/2023\/12\/SANY-JS2000-Mixer-And-Parts.webp","width":800,"height":800},{"@type":"BreadcrumbList","@id":"https:\/\/miningspareparts.com\/product\/sany-js2000-mixer-and-parts\/#breadcrumb","itemListElement":[{"@type":"ListItem","position":1,"name":"Home","item":"https:\/\/miningspareparts.com\/"},{"@type":"ListItem","position":2,"name":"Premium Mining Wear And Spare Parts","item":"https:\/\/miningspareparts.com\/shop\/"},{"@type":"ListItem","position":3,"name":"SANY JS2000 Mixer And Parts"}]},{"@type":"WebSite","@id":"https:\/\/miningspareparts.com\/#website","url":"https:\/\/miningspareparts.com\/","name":"Crusher parts , Concrete Mixer Parts, Slurry Pump Parts, Mining Spares","description":"Mining Wear &amp; Spare Parts Supplier","publisher":{"@id":"https:\/\/miningspareparts.com\/#organization"},"potentialAction":[{"@type":"SearchAction","target":{"@type":"EntryPoint","urlTemplate":"https:\/\/miningspareparts.com\/?s={search_term_string}"},"query-input":{"@type":"PropertyValueSpecification","valueRequired":true,"valueName":"search_term_string"}}],"inLanguage":"fr-FR"},{"@type":"Organization","@id":"https:\/\/miningspareparts.com\/#organization","name":"Crusher parts , Concrete Mixer Parts, Slurry Pump Parts, Mining Spares","url":"https:\/\/miningspareparts.com\/","logo":{"@type":"ImageObject","inLanguage":"fr-FR","@id":"https:\/\/miningspareparts.com\/#\/schema\/logo\/image\/","url":"https:\/\/miningspareparts.com\/wp-content\/uploads\/2025\/04\/cropped-cropped-logo\u6b63\u65b9\u5f62.png","contentUrl":"https:\/\/miningspareparts.com\/wp-content\/uploads\/2025\/04\/cropped-cropped-logo\u6b63\u65b9\u5f62.png","width":511,"height":171,"caption":"Crusher parts , Concrete Mixer Parts, Slurry Pump Parts, Mining Spares"},"image":{"@id":"https:\/\/miningspareparts.com\/#\/schema\/logo\/image\/"}}]}},"uagb_featured_image_src":{"full":["https:\/\/miningspareparts.com\/wp-content\/uploads\/2023\/12\/SANY-JS2000-Mixer-And-Parts.webp",800,800,false],"thumbnail":["https:\/\/miningspareparts.com\/wp-content\/uploads\/2023\/12\/SANY-JS2000-Mixer-And-Parts-150x150.webp",150,150,true],"medium":["https:\/\/miningspareparts.com\/wp-content\/uploads\/2023\/12\/SANY-JS2000-Mixer-And-Parts-300x300.webp",300,300,true],"medium_large":["https:\/\/miningspareparts.com\/wp-content\/uploads\/2023\/12\/SANY-JS2000-Mixer-And-Parts-768x768.webp",768,768,true],"large":["https:\/\/miningspareparts.com\/wp-content\/uploads\/2023\/12\/SANY-JS2000-Mixer-And-Parts.webp",800,800,false],"1536x1536":["https:\/\/miningspareparts.com\/wp-content\/uploads\/2023\/12\/SANY-JS2000-Mixer-And-Parts.webp",800,800,false],"2048x2048":["https:\/\/miningspareparts.com\/wp-content\/uploads\/2023\/12\/SANY-JS2000-Mixer-And-Parts.webp",800,800,false],"trp-custom-language-flag":["https:\/\/miningspareparts.com\/wp-content\/uploads\/2023\/12\/SANY-JS2000-Mixer-And-Parts-12x12.webp",12,12,true],"woocommerce_thumbnail":["https:\/\/miningspareparts.com\/wp-content\/uploads\/2023\/12\/SANY-JS2000-Mixer-And-Parts-300x300.webp",300,300,true],"woocommerce_single":["https:\/\/miningspareparts.com\/wp-content\/uploads\/2023\/12\/SANY-JS2000-Mixer-And-Parts-600x600.webp",600,600,true],"woocommerce_gallery_thumbnail":["https:\/\/miningspareparts.com\/wp-content\/uploads\/2023\/12\/SANY-JS2000-Mixer-And-Parts-100x100.webp",100,100,true]},"uagb_author_info":{"display_name":"Miningspareparts","author_link":"https:\/\/miningspareparts.com\/fr\/author\/"},"uagb_comment_info":0,"uagb_excerpt":"Models:SANY JS2000","_links":{"self":[{"href":"https:\/\/miningspareparts.com\/fr\/wp-json\/wp\/v2\/product\/1993","targetHints":{"allow":["GET"]}}],"collection":[{"href":"https:\/\/miningspareparts.com\/fr\/wp-json\/wp\/v2\/product"}],"about":[{"href":"https:\/\/miningspareparts.com\/fr\/wp-json\/wp\/v2\/types\/product"}],"wp:featuredmedia":[{"embeddable":true,"href":"https:\/\/miningspareparts.com\/fr\/wp-json\/wp\/v2\/media\/4821"}],"wp:attachment":[{"href":"https:\/\/miningspareparts.com\/fr\/wp-json\/wp\/v2\/media?parent=1993"}],"wp:term":[{"taxonomy":"product_brand","embeddable":true,"href":"https:\/\/miningspareparts.com\/fr\/wp-json\/wp\/v2\/product_brand?post=1993"},{"taxonomy":"product_cat","embeddable":true,"href":"https:\/\/miningspareparts.com\/fr\/wp-json\/wp\/v2\/product_cat?post=1993"},{"taxonomy":"product_tag","embeddable":true,"href":"https:\/\/miningspareparts.com\/fr\/wp-json\/wp\/v2\/product_tag?post=1993"}],"curies":[{"name":"wp","href":"https:\/\/api.w.org\/{rel}","templated":true}]}}