{"id":2000,"date":"2023-12-30T05:17:00","date_gmt":"2023-12-30T05:17:00","guid":{"rendered":"https:\/\/miningspareparts.com\/?post_type=product&#038;p=2000"},"modified":"2024-04-06T09:01:38","modified_gmt":"2024-04-06T09:01:38","slug":"sany-js1500-mixer-and-parts","status":"publish","type":"product","link":"https:\/\/miningspareparts.com\/fr\/produit\/sany-js1500-mixer-and-parts\/","title":{"rendered":"SANY JS1500 M\u00e9langeur et pi\u00e8ces d\u00e9tach\u00e9es"},"content":{"rendered":"<p><strong>Voici une description du m\u00e9langeur et des pi\u00e8ces SANY JS1500<\/strong><\/p>\n<table>\n<tbody>\n<tr>\n<td width=\"68\">NON.<\/td>\n<td width=\"288\">Sp\u00e9cifications<\/td>\n<td width=\"75\">Qt\u00e9<\/td>\n<td width=\"56\">Unit\u00e9.<\/td>\n<td width=\"75\">Poids unitaire (Kg)<\/td>\n<td width=\"78\">Poids total (Kg)<\/td>\n<td width=\"78\">Remarques<\/td>\n<\/tr>\n<tr>\n<td width=\"68\">1<\/td>\n<td width=\"288\">Lame centrale<\/td>\n<td width=\"75\">10<\/td>\n<td width=\"56\">Pcs<\/td>\n<td width=\"75\">7.8<\/td>\n<td width=\"78\">78<\/td>\n<td width=\"78\"><\/td>\n<\/tr>\n<tr>\n<td width=\"68\">2<\/td>\n<td width=\"288\">Lame gauche<\/td>\n<td width=\"75\">4<\/td>\n<td width=\"56\">Pcs<\/td>\n<td width=\"75\">10<\/td>\n<td width=\"78\">40<\/td>\n<td width=\"78\"><\/td>\n<\/tr>\n<tr>\n<td width=\"68\">3<\/td>\n<td width=\"288\">Lame droite<\/td>\n<td width=\"75\">2<\/td>\n<td width=\"56\">Pcs<\/td>\n<td width=\"75\">12.2<\/td>\n<td width=\"78\">24.4<\/td>\n<td width=\"78\"><\/td>\n<\/tr>\n<tr>\n<td width=\"68\">4<\/td>\n<td width=\"288\">Grattoir gauche<\/td>\n<td width=\"75\">4<\/td>\n<td width=\"56\">Pcs<\/td>\n<td width=\"75\">7.6<\/td>\n<td width=\"78\">30.4<\/td>\n<td width=\"78\"><\/td>\n<\/tr>\n<tr>\n<td width=\"68\">5<\/td>\n<td width=\"288\">Grattoir droit<\/td>\n<td width=\"75\">2<\/td>\n<td width=\"56\">Pcs<\/td>\n<td width=\"75\">8.2<\/td>\n<td width=\"78\">16.4<\/td>\n<td width=\"78\"><\/td>\n<\/tr>\n<tr>\n<td width=\"68\">6<\/td>\n<td width=\"288\">Bras central<\/td>\n<td width=\"75\">10<\/td>\n<td width=\"56\">Pcs<\/td>\n<td width=\"75\">30<\/td>\n<td width=\"78\">300<\/td>\n<td width=\"78\"><\/td>\n<\/tr>\n<tr>\n<td width=\"68\">7<\/td>\n<td width=\"288\">Bras gauche<\/td>\n<td width=\"75\">4<\/td>\n<td width=\"56\">Pcs<\/td>\n<td width=\"75\">29.3<\/td>\n<td width=\"78\">117.2<\/td>\n<td width=\"78\"><\/td>\n<\/tr>\n<tr>\n<td width=\"68\">8<\/td>\n<td width=\"288\">Bras droit<\/td>\n<td width=\"75\">2<\/td>\n<td width=\"56\">Pcs<\/td>\n<td width=\"75\">30.2<\/td>\n<td width=\"78\">60.4<\/td>\n<td width=\"78\"><\/td>\n<\/tr>\n<tr>\n<td width=\"68\">9<\/td>\n<td width=\"288\">Si\u00e8ge inf\u00e9rieur<\/td>\n<td width=\"75\">16<\/td>\n<td width=\"56\">Pcs<\/td>\n<td width=\"75\">15.8<\/td>\n<td width=\"78\">252.8<\/td>\n<td width=\"78\"><\/td>\n<\/tr>\n<tr>\n<td width=\"68\">10<\/td>\n<td width=\"288\">EndLiner(Irr\u00e9gulier)<\/td>\n<td width=\"75\">8<\/td>\n<td width=\"56\">Pcs<\/td>\n<td width=\"75\">18.2<\/td>\n<td width=\"78\">145.6<\/td>\n<td width=\"78\"><\/td>\n<\/tr>\n<tr>\n<td width=\"68\">11<\/td>\n<td width=\"288\">Extr\u00e9mit\u00e9 de la doublure (en forme d'\u00e9ventail)<\/td>\n<td width=\"75\">8<\/td>\n<td width=\"56\">Pcs<\/td>\n<td width=\"75\">23.5<\/td>\n<td width=\"78\">188<\/td>\n<td width=\"78\"><\/td>\n<\/tr>\n<tr>\n<td width=\"68\">12<\/td>\n<td width=\"288\">Doublure d'extr\u00e9mit\u00e9 (centre)<\/td>\n<td width=\"75\">4<\/td>\n<td width=\"56\">Pcs<\/td>\n<td width=\"75\">8<\/td>\n<td width=\"78\">32<\/td>\n<td width=\"78\"><\/td>\n<\/tr>\n<tr>\n<td width=\"68\">13<\/td>\n<td width=\"288\">Plaque de doublure de porte<\/td>\n<td width=\"75\">6<\/td>\n<td width=\"56\">Pcs<\/td>\n<td width=\"75\">7.5<\/td>\n<td width=\"78\">45<\/td>\n<td width=\"78\"><\/td>\n<\/tr>\n<tr>\n<td width=\"68\">14<\/td>\n<td width=\"288\">Plaque de rev\u00eatement en diamant<\/td>\n<td width=\"75\">40<\/td>\n<td width=\"56\">Pcs<\/td>\n<td width=\"75\">6.5<\/td>\n<td width=\"78\">260<\/td>\n<td width=\"78\"><\/td>\n<\/tr>\n<tr>\n<td width=\"68\">15<\/td>\n<td width=\"288\">Plaque trap\u00e9zo\u00efdale<\/td>\n<td width=\"75\">16<\/td>\n<td width=\"56\">Pcs<\/td>\n<td width=\"75\">6.5<\/td>\n<td width=\"78\">104<\/td>\n<td width=\"78\"><\/td>\n<\/tr>\n<tr>\n<td width=\"68\">Total<\/td>\n<td width=\"288\"><\/td>\n<td width=\"75\">136<\/td>\n<td width=\"56\"><\/td>\n<td width=\"75\"><\/td>\n<td width=\"78\">1694.2<\/td>\n<td width=\"78\"><\/td>\n<\/tr>\n<\/tbody>\n<\/table>\n<p><img fetchpriority=\"high\" decoding=\"async\" class=\"wp-image-3550 alignleft\" src=\"https:\/\/miningspareparts.com\/wp-content\/uploads\/2024\/01\/Mixer-And-Wear-Parts1-239x300.webp\" alt=\"\" width=\"498\" height=\"625\" srcset=\"https:\/\/miningspareparts.com\/wp-content\/uploads\/2024\/01\/Mixer-And-Wear-Parts1-239x300.webp 239w, https:\/\/miningspareparts.com\/wp-content\/uploads\/2024\/01\/Mixer-And-Wear-Parts1-817x1024.webp 817w, https:\/\/miningspareparts.com\/wp-content\/uploads\/2024\/01\/Mixer-And-Wear-Parts1-768x963.webp 768w, https:\/\/miningspareparts.com\/wp-content\/uploads\/2024\/01\/Mixer-And-Wear-Parts1-1226x1536.webp 1226w, https:\/\/miningspareparts.com\/wp-content\/uploads\/2024\/01\/Mixer-And-Wear-Parts1-1634x2048.webp 1634w, https:\/\/miningspareparts.com\/wp-content\/uploads\/2024\/01\/Mixer-And-Wear-Parts1-600x752.webp 600w, https:\/\/miningspareparts.com\/wp-content\/uploads\/2024\/01\/Mixer-And-Wear-Parts1.webp 2037w\" sizes=\"(max-width: 498px) 100vw, 498px\" \/><span style=\"font-size: 16px\">\u00a0<\/span><img decoding=\"async\" class=\"wp-image-3551 alignnone\" style=\"font-weight: inherit\" src=\"https:\/\/miningspareparts.com\/wp-content\/uploads\/2024\/01\/Mixer-And-Wear-Parts2-210x300.webp\" alt=\"\" width=\"454\" height=\"649\" srcset=\"https:\/\/miningspareparts.com\/wp-content\/uploads\/2024\/01\/Mixer-And-Wear-Parts2-210x300.webp 210w, https:\/\/miningspareparts.com\/wp-content\/uploads\/2024\/01\/Mixer-And-Wear-Parts2-600x856.webp 600w\" sizes=\"(max-width: 454px) 100vw, 454px\" \/><\/p>\n<p>Am\u00e9liorez l'efficacit\u00e9 de votre m\u00e9lange de b\u00e9ton avec nos pales, bras de m\u00e9lange et rev\u00eatements du m\u00e9langeur \u00e0 deux arbres SANY JS1500. Nos composants se distinguent comme des remplacements d'origine, garantissant un ajustement parfait et des performances optimales. Lorsqu'il s'agit de remplacement d'origine, d'apr\u00e8s-vente et de durabilit\u00e9, nous sommes fiers de notre engagement \u00e0 fournir des produits de qualit\u00e9 sup\u00e9rieure.<\/p>\n<p>Le remplacement d'origine signifie que nous nous engageons \u00e0 fournir des composants qui refl\u00e8tent les sp\u00e9cifications exactes de l'\u00e9quipement d'origine, garantissant un ajustement parfait et une int\u00e9gration transparente dans les m\u00e9langeurs \u00e0 deux arbres SANY JS1500. Cette pr\u00e9cision assure le fonctionnement optimal du m\u00e9langeur, en maintenant les normes \u00e9lev\u00e9es \u00e9tablies par SANY.<\/p>\n<p>Dans le domaine des options de rechange, nos produits se distinguent par leur compatibilit\u00e9 et leurs performances sup\u00e9rieures. Fabriqu\u00e9s avec pr\u00e9cision et respectant des normes de qualit\u00e9 rigoureuses, nos composants de rechange offrent une alternative fiable, r\u00e9pondant aux m\u00eames crit\u00e8res de performance que les pi\u00e8ces d'origine.<\/p>\n<p>La durabilit\u00e9 est une caract\u00e9ristique de nos pales, bras de malaxage et rev\u00eatements de malaxeur \u00e0 double arbre SANY JS1500. Con\u00e7us avec des mat\u00e9riaux robustes et des techniques de fabrication avanc\u00e9es, nos composants sont construits pour r\u00e9sister aux rigueurs des applications de malaxage du b\u00e9ton. Qu'il s'agisse des forces de m\u00e9lange intenses ou de la nature abrasive des mat\u00e9riaux du b\u00e9ton, nos produits pr\u00e9sentent une r\u00e9sistance \u00e0 l'usure exceptionnelle, garantissant une dur\u00e9e de vie plus longue et des temps d'arr\u00eat r\u00e9duits.<\/p>","protected":false},"excerpt":{"rendered":"<p>Mod\u00e8les:SANY JS1500<\/p>","protected":false},"featured_media":4820,"template":"","meta":{"_uag_custom_page_level_css":"","site-sidebar-layout":"default","site-content-layout":"","ast-site-content-layout":"default","site-content-style":"default","site-sidebar-style":"default","ast-global-header-display":"","ast-banner-title-visibility":"","ast-main-header-display":"","ast-hfb-above-header-display":"","ast-hfb-below-header-display":"","ast-hfb-mobile-header-display":"","site-post-title":"","ast-breadcrumbs-content":"","ast-featured-img":"","footer-sml-layout":"","ast-disable-related-posts":"","theme-transparent-header-meta":"default","adv-header-id-meta":"","stick-header-meta":"default","header-above-stick-meta":"","header-main-stick-meta":"","header-below-stick-meta":"","astra-migrate-meta-layouts":"set","ast-page-background-enabled":"default","ast-page-background-meta":{"desktop":{"background-color":"var(--ast-global-color-4)","background-image":"","background-repeat":"repeat","background-position":"center center","background-size":"auto","background-attachment":"scroll","background-type":"","background-media":"","overlay-type":"","overlay-color":"","overlay-opacity":"","overlay-gradient":""},"tablet":{"background-color":"","background-image":"","background-repeat":"repeat","background-position":"center center","background-size":"auto","background-attachment":"scroll","background-type":"","background-media":"","overlay-type":"","overlay-color":"","overlay-opacity":"","overlay-gradient":""},"mobile":{"background-color":"","background-image":"","background-repeat":"repeat","background-position":"center center","background-size":"auto","background-attachment":"scroll","background-type":"","background-media":"","overlay-type":"","overlay-color":"","overlay-opacity":"","overlay-gradient":""}},"ast-content-background-meta":{"desktop":{"background-color":"var(--ast-global-color-5)","background-image":"","background-repeat":"repeat","background-position":"center center","background-size":"auto","background-attachment":"scroll","background-type":"","background-media":"","overlay-type":"","overlay-color":"","overlay-opacity":"","overlay-gradient":""},"tablet":{"background-color":"var(--ast-global-color-5)","background-image":"","background-repeat":"repeat","background-position":"center center","background-size":"auto","background-attachment":"scroll","background-type":"","background-media":"","overlay-type":"","overlay-color":"","overlay-opacity":"","overlay-gradient":""},"mobile":{"background-color":"var(--ast-global-color-5)","background-image":"","background-repeat":"repeat","background-position":"center center","background-size":"auto","background-attachment":"scroll","background-type":"","background-media":"","overlay-type":"","overlay-color":"","overlay-opacity":"","overlay-gradient":""}}},"product_brand":[],"product_cat":[282,77],"product_tag":[267,268,269],"class_list":{"0":"post-2000","1":"product","2":"type-product","3":"status-publish","4":"has-post-thumbnail","6":"product_cat-sany-concrete-mixer-parts","7":"product_cat-concrete-mixer-parts","8":"product_tag-asphalt","9":"product_tag-blade","10":"product_tag-mixing-arm","11":"desktop-align-left","12":"tablet-align-left","13":"mobile-align-left","14":"ast-product-gallery-layout-horizontal-slider","15":"ast-product-gallery-with-no-image","16":"ast-product-single-variable","17":"ast-product-tabs-layout-horizontal","19":"first","20":"instock","21":"shipping-taxable","22":"purchasable","23":"product-type-variable"},"yoast_head":"<!-- This site is optimized with the Yoast SEO plugin v27.4 - https:\/\/yoast.com\/product\/yoast-seo-wordpress\/ -->\n<title>SANY JS1500 Mixer And Parts - Crusher parts, Slurry Pump Parts, Excavator shovel parts<\/title>\n<meta name=\"description\" content=\"Optimize your SANY JS1500 twin-shaft mixer with our wear-resistant blades, mixing arms, and liners, ensuring original replacement precision for longevity.\" \/>\n<meta name=\"robots\" content=\"index, follow, max-snippet:-1, max-image-preview:large, max-video-preview:-1\" \/>\n<link rel=\"canonical\" href=\"https:\/\/miningspareparts.com\/fr\/produit\/sany-js1500-mixer-and-parts\/\" \/>\n<meta property=\"og:locale\" content=\"fr_FR\" \/>\n<meta property=\"og:type\" content=\"article\" \/>\n<meta property=\"og:title\" content=\"SANY JS1500 Mixer And Parts - Crusher parts, Slurry Pump Parts, Excavator shovel parts\" \/>\n<meta property=\"og:description\" content=\"Optimize your SANY JS1500 twin-shaft mixer with our wear-resistant blades, mixing arms, and liners, ensuring original replacement precision for longevity.\" \/>\n<meta property=\"og:url\" content=\"https:\/\/miningspareparts.com\/fr\/produit\/sany-js1500-mixer-and-parts\/\" \/>\n<meta property=\"og:site_name\" content=\"Crusher parts, Slurry Pump Parts, Excavator shovel parts\" \/>\n<meta property=\"article:modified_time\" content=\"2024-04-06T09:01:38+00:00\" \/>\n<meta property=\"og:image\" content=\"https:\/\/miningspareparts.com\/wp-content\/uploads\/2023\/12\/SANY-JS1500-Mixer-And-Parts.webp\" \/>\n\t<meta property=\"og:image:width\" content=\"800\" \/>\n\t<meta property=\"og:image:height\" content=\"800\" \/>\n\t<meta property=\"og:image:type\" content=\"image\/webp\" \/>\n<meta name=\"twitter:card\" content=\"summary_large_image\" \/>\n<meta name=\"twitter:label1\" content=\"Dur\u00e9e de lecture estim\u00e9e\" \/>\n\t<meta name=\"twitter:data1\" content=\"3 minutes\" \/>\n<script type=\"application\/ld+json\" class=\"yoast-schema-graph\">{\"@context\":\"https:\\\/\\\/schema.org\",\"@graph\":[{\"@type\":\"WebPage\",\"@id\":\"https:\\\/\\\/miningspareparts.com\\\/product\\\/sany-js1500-mixer-and-parts\\\/\",\"url\":\"https:\\\/\\\/miningspareparts.com\\\/product\\\/sany-js1500-mixer-and-parts\\\/\",\"name\":\"SANY JS1500 Mixer And Parts - Crusher parts, Slurry Pump Parts, Excavator shovel parts\",\"isPartOf\":{\"@id\":\"https:\\\/\\\/miningspareparts.com\\\/#website\"},\"primaryImageOfPage\":{\"@id\":\"https:\\\/\\\/miningspareparts.com\\\/product\\\/sany-js1500-mixer-and-parts\\\/#primaryimage\"},\"image\":{\"@id\":\"https:\\\/\\\/miningspareparts.com\\\/product\\\/sany-js1500-mixer-and-parts\\\/#primaryimage\"},\"thumbnailUrl\":\"https:\\\/\\\/miningspareparts.com\\\/wp-content\\\/uploads\\\/2023\\\/12\\\/SANY-JS1500-Mixer-And-Parts.webp\",\"datePublished\":\"2023-12-30T05:17:00+00:00\",\"dateModified\":\"2024-04-06T09:01:38+00:00\",\"description\":\"Optimize your SANY JS1500 twin-shaft mixer with our wear-resistant blades, mixing arms, and liners, ensuring original replacement precision for longevity.\",\"breadcrumb\":{\"@id\":\"https:\\\/\\\/miningspareparts.com\\\/product\\\/sany-js1500-mixer-and-parts\\\/#breadcrumb\"},\"inLanguage\":\"fr-FR\",\"potentialAction\":[{\"@type\":\"ReadAction\",\"target\":[\"https:\\\/\\\/miningspareparts.com\\\/product\\\/sany-js1500-mixer-and-parts\\\/\"]}]},{\"@type\":\"ImageObject\",\"inLanguage\":\"fr-FR\",\"@id\":\"https:\\\/\\\/miningspareparts.com\\\/product\\\/sany-js1500-mixer-and-parts\\\/#primaryimage\",\"url\":\"https:\\\/\\\/miningspareparts.com\\\/wp-content\\\/uploads\\\/2023\\\/12\\\/SANY-JS1500-Mixer-And-Parts.webp\",\"contentUrl\":\"https:\\\/\\\/miningspareparts.com\\\/wp-content\\\/uploads\\\/2023\\\/12\\\/SANY-JS1500-Mixer-And-Parts.webp\",\"width\":800,\"height\":800},{\"@type\":\"BreadcrumbList\",\"@id\":\"https:\\\/\\\/miningspareparts.com\\\/product\\\/sany-js1500-mixer-and-parts\\\/#breadcrumb\",\"itemListElement\":[{\"@type\":\"ListItem\",\"position\":1,\"name\":\"Home\",\"item\":\"https:\\\/\\\/miningspareparts.com\\\/\"},{\"@type\":\"ListItem\",\"position\":2,\"name\":\"Premium Mining Wear And Spare Parts\",\"item\":\"https:\\\/\\\/miningspareparts.com\\\/shop\\\/\"},{\"@type\":\"ListItem\",\"position\":3,\"name\":\"SANY JS1500 Mixer And Parts\"}]},{\"@type\":\"WebSite\",\"@id\":\"https:\\\/\\\/miningspareparts.com\\\/#website\",\"url\":\"https:\\\/\\\/miningspareparts.com\\\/\",\"name\":\"Crusher parts , Concrete Mixer Parts, Slurry Pump Parts, Mining Spares\",\"description\":\"Mining Wear &amp; Spare Parts Supplier\",\"publisher\":{\"@id\":\"https:\\\/\\\/miningspareparts.com\\\/#organization\"},\"potentialAction\":[{\"@type\":\"SearchAction\",\"target\":{\"@type\":\"EntryPoint\",\"urlTemplate\":\"https:\\\/\\\/miningspareparts.com\\\/?s={search_term_string}\"},\"query-input\":{\"@type\":\"PropertyValueSpecification\",\"valueRequired\":true,\"valueName\":\"search_term_string\"}}],\"inLanguage\":\"fr-FR\"},{\"@type\":\"Organization\",\"@id\":\"https:\\\/\\\/miningspareparts.com\\\/#organization\",\"name\":\"Crusher parts , Concrete Mixer Parts, Slurry Pump Parts, Mining Spares\",\"url\":\"https:\\\/\\\/miningspareparts.com\\\/\",\"logo\":{\"@type\":\"ImageObject\",\"inLanguage\":\"fr-FR\",\"@id\":\"https:\\\/\\\/miningspareparts.com\\\/#\\\/schema\\\/logo\\\/image\\\/\",\"url\":\"https:\\\/\\\/miningspareparts.com\\\/wp-content\\\/uploads\\\/2025\\\/04\\\/cropped-cropped-logo\u6b63\u65b9\u5f62.png\",\"contentUrl\":\"https:\\\/\\\/miningspareparts.com\\\/wp-content\\\/uploads\\\/2025\\\/04\\\/cropped-cropped-logo\u6b63\u65b9\u5f62.png\",\"width\":511,\"height\":171,\"caption\":\"Crusher parts , Concrete Mixer Parts, Slurry Pump Parts, Mining Spares\"},\"image\":{\"@id\":\"https:\\\/\\\/miningspareparts.com\\\/#\\\/schema\\\/logo\\\/image\\\/\"}}]}<\/script>\n<!-- \/ Yoast SEO plugin. -->","yoast_head_json":{"title":"SANY JS1500 Mixer And Parts - Crusher parts, Slurry Pump Parts, Excavator shovel parts","description":"Optimize your SANY JS1500 twin-shaft mixer with our wear-resistant blades, mixing arms, and liners, ensuring original replacement precision for longevity.","robots":{"index":"index","follow":"follow","max-snippet":"max-snippet:-1","max-image-preview":"max-image-preview:large","max-video-preview":"max-video-preview:-1"},"canonical":"https:\/\/miningspareparts.com\/fr\/produit\/sany-js1500-mixer-and-parts\/","og_locale":"fr_FR","og_type":"article","og_title":"SANY JS1500 Mixer And Parts - Crusher parts, Slurry Pump Parts, Excavator shovel parts","og_description":"Optimize your SANY JS1500 twin-shaft mixer with our wear-resistant blades, mixing arms, and liners, ensuring original replacement precision for longevity.","og_url":"https:\/\/miningspareparts.com\/fr\/produit\/sany-js1500-mixer-and-parts\/","og_site_name":"Crusher parts, Slurry Pump Parts, Excavator shovel parts","article_modified_time":"2024-04-06T09:01:38+00:00","og_image":[{"width":800,"height":800,"url":"https:\/\/miningspareparts.com\/wp-content\/uploads\/2023\/12\/SANY-JS1500-Mixer-And-Parts.webp","type":"image\/webp"}],"twitter_card":"summary_large_image","twitter_misc":{"Dur\u00e9e de lecture estim\u00e9e":"3 minutes"},"schema":{"@context":"https:\/\/schema.org","@graph":[{"@type":"WebPage","@id":"https:\/\/miningspareparts.com\/product\/sany-js1500-mixer-and-parts\/","url":"https:\/\/miningspareparts.com\/product\/sany-js1500-mixer-and-parts\/","name":"SANY JS1500 Mixer And Parts - Crusher parts, Slurry Pump Parts, Excavator shovel parts","isPartOf":{"@id":"https:\/\/miningspareparts.com\/#website"},"primaryImageOfPage":{"@id":"https:\/\/miningspareparts.com\/product\/sany-js1500-mixer-and-parts\/#primaryimage"},"image":{"@id":"https:\/\/miningspareparts.com\/product\/sany-js1500-mixer-and-parts\/#primaryimage"},"thumbnailUrl":"https:\/\/miningspareparts.com\/wp-content\/uploads\/2023\/12\/SANY-JS1500-Mixer-And-Parts.webp","datePublished":"2023-12-30T05:17:00+00:00","dateModified":"2024-04-06T09:01:38+00:00","description":"Optimize your SANY JS1500 twin-shaft mixer with our wear-resistant blades, mixing arms, and liners, ensuring original replacement precision for longevity.","breadcrumb":{"@id":"https:\/\/miningspareparts.com\/product\/sany-js1500-mixer-and-parts\/#breadcrumb"},"inLanguage":"fr-FR","potentialAction":[{"@type":"ReadAction","target":["https:\/\/miningspareparts.com\/product\/sany-js1500-mixer-and-parts\/"]}]},{"@type":"ImageObject","inLanguage":"fr-FR","@id":"https:\/\/miningspareparts.com\/product\/sany-js1500-mixer-and-parts\/#primaryimage","url":"https:\/\/miningspareparts.com\/wp-content\/uploads\/2023\/12\/SANY-JS1500-Mixer-And-Parts.webp","contentUrl":"https:\/\/miningspareparts.com\/wp-content\/uploads\/2023\/12\/SANY-JS1500-Mixer-And-Parts.webp","width":800,"height":800},{"@type":"BreadcrumbList","@id":"https:\/\/miningspareparts.com\/product\/sany-js1500-mixer-and-parts\/#breadcrumb","itemListElement":[{"@type":"ListItem","position":1,"name":"Home","item":"https:\/\/miningspareparts.com\/"},{"@type":"ListItem","position":2,"name":"Premium Mining Wear And Spare Parts","item":"https:\/\/miningspareparts.com\/shop\/"},{"@type":"ListItem","position":3,"name":"SANY JS1500 Mixer And Parts"}]},{"@type":"WebSite","@id":"https:\/\/miningspareparts.com\/#website","url":"https:\/\/miningspareparts.com\/","name":"Crusher parts , Concrete Mixer Parts, Slurry Pump Parts, Mining Spares","description":"Mining Wear &amp; Spare Parts Supplier","publisher":{"@id":"https:\/\/miningspareparts.com\/#organization"},"potentialAction":[{"@type":"SearchAction","target":{"@type":"EntryPoint","urlTemplate":"https:\/\/miningspareparts.com\/?s={search_term_string}"},"query-input":{"@type":"PropertyValueSpecification","valueRequired":true,"valueName":"search_term_string"}}],"inLanguage":"fr-FR"},{"@type":"Organization","@id":"https:\/\/miningspareparts.com\/#organization","name":"Crusher parts , Concrete Mixer Parts, Slurry Pump Parts, Mining Spares","url":"https:\/\/miningspareparts.com\/","logo":{"@type":"ImageObject","inLanguage":"fr-FR","@id":"https:\/\/miningspareparts.com\/#\/schema\/logo\/image\/","url":"https:\/\/miningspareparts.com\/wp-content\/uploads\/2025\/04\/cropped-cropped-logo\u6b63\u65b9\u5f62.png","contentUrl":"https:\/\/miningspareparts.com\/wp-content\/uploads\/2025\/04\/cropped-cropped-logo\u6b63\u65b9\u5f62.png","width":511,"height":171,"caption":"Crusher parts , Concrete Mixer Parts, Slurry Pump Parts, Mining Spares"},"image":{"@id":"https:\/\/miningspareparts.com\/#\/schema\/logo\/image\/"}}]}},"uagb_featured_image_src":{"full":["https:\/\/miningspareparts.com\/wp-content\/uploads\/2023\/12\/SANY-JS1500-Mixer-And-Parts.webp",800,800,false],"thumbnail":["https:\/\/miningspareparts.com\/wp-content\/uploads\/2023\/12\/SANY-JS1500-Mixer-And-Parts-150x150.webp",150,150,true],"medium":["https:\/\/miningspareparts.com\/wp-content\/uploads\/2023\/12\/SANY-JS1500-Mixer-And-Parts-300x300.webp",300,300,true],"medium_large":["https:\/\/miningspareparts.com\/wp-content\/uploads\/2023\/12\/SANY-JS1500-Mixer-And-Parts-768x768.webp",768,768,true],"large":["https:\/\/miningspareparts.com\/wp-content\/uploads\/2023\/12\/SANY-JS1500-Mixer-And-Parts.webp",800,800,false],"1536x1536":["https:\/\/miningspareparts.com\/wp-content\/uploads\/2023\/12\/SANY-JS1500-Mixer-And-Parts.webp",800,800,false],"2048x2048":["https:\/\/miningspareparts.com\/wp-content\/uploads\/2023\/12\/SANY-JS1500-Mixer-And-Parts.webp",800,800,false],"trp-custom-language-flag":["https:\/\/miningspareparts.com\/wp-content\/uploads\/2023\/12\/SANY-JS1500-Mixer-And-Parts-12x12.webp",12,12,true],"woocommerce_thumbnail":["https:\/\/miningspareparts.com\/wp-content\/uploads\/2023\/12\/SANY-JS1500-Mixer-And-Parts-300x300.webp",300,300,true],"woocommerce_single":["https:\/\/miningspareparts.com\/wp-content\/uploads\/2023\/12\/SANY-JS1500-Mixer-And-Parts-600x600.webp",600,600,true],"woocommerce_gallery_thumbnail":["https:\/\/miningspareparts.com\/wp-content\/uploads\/2023\/12\/SANY-JS1500-Mixer-And-Parts-100x100.webp",100,100,true]},"uagb_author_info":{"display_name":"Miningspareparts","author_link":"https:\/\/miningspareparts.com\/fr\/author\/"},"uagb_comment_info":0,"uagb_excerpt":"Models:SANY JS1500","_links":{"self":[{"href":"https:\/\/miningspareparts.com\/fr\/wp-json\/wp\/v2\/product\/2000","targetHints":{"allow":["GET"]}}],"collection":[{"href":"https:\/\/miningspareparts.com\/fr\/wp-json\/wp\/v2\/product"}],"about":[{"href":"https:\/\/miningspareparts.com\/fr\/wp-json\/wp\/v2\/types\/product"}],"wp:featuredmedia":[{"embeddable":true,"href":"https:\/\/miningspareparts.com\/fr\/wp-json\/wp\/v2\/media\/4820"}],"wp:attachment":[{"href":"https:\/\/miningspareparts.com\/fr\/wp-json\/wp\/v2\/media?parent=2000"}],"wp:term":[{"taxonomy":"product_brand","embeddable":true,"href":"https:\/\/miningspareparts.com\/fr\/wp-json\/wp\/v2\/product_brand?post=2000"},{"taxonomy":"product_cat","embeddable":true,"href":"https:\/\/miningspareparts.com\/fr\/wp-json\/wp\/v2\/product_cat?post=2000"},{"taxonomy":"product_tag","embeddable":true,"href":"https:\/\/miningspareparts.com\/fr\/wp-json\/wp\/v2\/product_tag?post=2000"}],"curies":[{"name":"wp","href":"https:\/\/api.w.org\/{rel}","templated":true}]}}