{"id":2049,"date":"2023-12-30T06:09:41","date_gmt":"2023-12-30T06:09:41","guid":{"rendered":"https:\/\/miningspareparts.com\/?post_type=product&#038;p=2049"},"modified":"2024-01-17T08:57:34","modified_gmt":"2024-01-17T08:57:34","slug":"sany-js5000-mixer-and-parts","status":"publish","type":"product","link":"https:\/\/miningspareparts.com\/fr\/produit\/sany-js5000-mixer-and-parts\/","title":{"rendered":"SANY JS5000 M\u00e9langeur et pi\u00e8ces d\u00e9tach\u00e9es"},"content":{"rendered":"<p><strong>Voici une description du m\u00e9langeur et des pi\u00e8ces SANY JS5000<\/strong><\/p>\n<table>\n<tbody>\n<tr>\n<td width=\"47\">NON.<\/td>\n<td width=\"229\">Sp\u00e9cifications<\/td>\n<td width=\"135\">Code de l'article<\/td>\n<td width=\"61\">Unit\u00e9.<\/td>\n<td width=\"44\">Qt\u00e9<\/td>\n<td width=\"62\">Poids unitaire (Kg)<\/td>\n<td width=\"62\">Poids total (Kg)<\/td>\n<td width=\"78\">Remarques<\/td>\n<\/tr>\n<tr>\n<td width=\"47\">1<\/td>\n<td width=\"229\">Bras de m\u00e9lange central<\/td>\n<td width=\"135\">10434862<\/td>\n<td width=\"61\">Pcs<\/td>\n<td width=\"44\">12<\/td>\n<td width=\"62\">64<\/td>\n<td width=\"62\">768<\/td>\n<td width=\"78\"><\/td>\n<\/tr>\n<tr>\n<td width=\"47\">2<\/td>\n<td width=\"229\">Bras de mixage gauche<\/td>\n<td width=\"135\">10437795<\/td>\n<td width=\"61\">Pcs<\/td>\n<td width=\"44\">6<\/td>\n<td width=\"62\">63<\/td>\n<td width=\"62\">378<\/td>\n<td width=\"78\"><\/td>\n<\/tr>\n<tr>\n<td width=\"47\">3<\/td>\n<td width=\"229\">Bras de m\u00e9lange droit<\/td>\n<td width=\"135\">10437781<\/td>\n<td width=\"61\">Pcs<\/td>\n<td width=\"44\">2<\/td>\n<td width=\"62\">63<\/td>\n<td width=\"62\">126<\/td>\n<td width=\"78\"><\/td>\n<\/tr>\n<tr>\n<td width=\"47\">4<\/td>\n<td width=\"229\">Base du bras central<\/td>\n<td width=\"135\">10436973<\/td>\n<td width=\"61\">Pcs<\/td>\n<td width=\"44\">12<\/td>\n<td width=\"62\">29.5<\/td>\n<td width=\"62\">354<\/td>\n<td width=\"78\"><\/td>\n<\/tr>\n<tr>\n<td width=\"47\">5<\/td>\n<td width=\"229\">Base du bras lat\u00e9ral<\/td>\n<td width=\"135\">10435034<\/td>\n<td width=\"61\">Pcs<\/td>\n<td width=\"44\">8<\/td>\n<td width=\"62\">29.5<\/td>\n<td width=\"62\">236<\/td>\n<td width=\"78\"><\/td>\n<\/tr>\n<tr>\n<td width=\"47\">6<\/td>\n<td width=\"229\">Lame centrale<\/td>\n<td width=\"135\">10432721<\/td>\n<td width=\"61\">Pcs<\/td>\n<td width=\"44\">12<\/td>\n<td width=\"62\">24<\/td>\n<td width=\"62\">288<\/td>\n<td width=\"78\"><\/td>\n<\/tr>\n<tr>\n<td width=\"47\">7<\/td>\n<td width=\"229\">Lame gauche<\/td>\n<td width=\"135\">10437821<\/td>\n<td width=\"61\">Pcs<\/td>\n<td width=\"44\">6<\/td>\n<td width=\"62\">23.5<\/td>\n<td width=\"62\">141<\/td>\n<td width=\"78\"><\/td>\n<\/tr>\n<tr>\n<td width=\"47\">8<\/td>\n<td width=\"229\">Lame droite<\/td>\n<td width=\"135\">10437771<\/td>\n<td width=\"61\">Pcs<\/td>\n<td width=\"44\">2<\/td>\n<td width=\"62\">25.6<\/td>\n<td width=\"62\">51.2<\/td>\n<td width=\"78\"><\/td>\n<\/tr>\n<tr>\n<td width=\"47\">9<\/td>\n<td width=\"229\">Leit Scraper<\/td>\n<td width=\"135\">10437820<\/td>\n<td width=\"61\">Pcs<\/td>\n<td width=\"44\">6<\/td>\n<td width=\"62\">14.5<\/td>\n<td width=\"62\">87<\/td>\n<td width=\"78\"><\/td>\n<\/tr>\n<tr>\n<td width=\"47\">10<\/td>\n<td width=\"229\">Grattoir droit<\/td>\n<td width=\"135\">10437772<\/td>\n<td width=\"61\">Pcs<\/td>\n<td width=\"44\">2<\/td>\n<td width=\"62\">16.2<\/td>\n<td width=\"62\">32.4<\/td>\n<td width=\"78\"><\/td>\n<\/tr>\n<tr>\n<td width=\"47\">11<\/td>\n<td width=\"229\">Plaque de rev\u00eatement de l'arc sup\u00e9rieur<\/td>\n<td width=\"135\">10440516<\/td>\n<td width=\"61\">Pcs<\/td>\n<td width=\"44\">36<\/td>\n<td width=\"62\">11<\/td>\n<td width=\"62\">396<\/td>\n<td width=\"78\"><\/td>\n<\/tr>\n<tr>\n<td width=\"47\">12<\/td>\n<td width=\"229\">Plaque de rev\u00eatement de l'arc diamant\u00e9e<\/td>\n<td width=\"135\">10428141<\/td>\n<td width=\"61\">Pcs<\/td>\n<td width=\"44\">56<\/td>\n<td width=\"62\">11<\/td>\n<td width=\"62\">616<\/td>\n<td width=\"78\"><\/td>\n<\/tr>\n<tr>\n<td width=\"47\">13<\/td>\n<td width=\"229\">Plaque de rev\u00eatement de l'arc trap\u00e9zo\u00efdal<\/td>\n<td width=\"135\">10428121<\/td>\n<td width=\"61\">Pcs<\/td>\n<td width=\"44\">16<\/td>\n<td width=\"62\">10.8<\/td>\n<td width=\"62\">172.8<\/td>\n<td width=\"78\"><\/td>\n<\/tr>\n<tr>\n<td width=\"47\">14<\/td>\n<td width=\"229\">Plaque de rev\u00eatement du c\u00f4t\u00e9 ext\u00e9rieur<\/td>\n<td width=\"135\">10427426<\/td>\n<td width=\"61\">Pcs<\/td>\n<td width=\"44\">40<\/td>\n<td width=\"62\">10<\/td>\n<td width=\"62\">400<\/td>\n<td width=\"78\"><\/td>\n<\/tr>\n<tr>\n<td width=\"47\">15<\/td>\n<td width=\"229\">Plaque de rev\u00eatement int\u00e9rieur<\/td>\n<td width=\"135\">10427749<\/td>\n<td width=\"61\">Pcs<\/td>\n<td width=\"44\">32<\/td>\n<td width=\"62\">10<\/td>\n<td width=\"62\">320<\/td>\n<td width=\"78\"><\/td>\n<\/tr>\n<tr>\n<td width=\"47\">16<\/td>\n<td width=\"229\">Plaque de la ligne m\u00e9diane 1<\/td>\n<td width=\"135\">10428090<\/td>\n<td width=\"61\">Pcs<\/td>\n<td width=\"44\">4<\/td>\n<td width=\"62\">17.8<\/td>\n<td width=\"62\">71.2<\/td>\n<td width=\"78\"><\/td>\n<\/tr>\n<tr>\n<td width=\"47\">17<\/td>\n<td width=\"229\">Plaque de la ligne m\u00e9diane 2<\/td>\n<td width=\"135\">10428104<\/td>\n<td width=\"61\">Pcs<\/td>\n<td width=\"44\">2<\/td>\n<td width=\"62\">12.8<\/td>\n<td width=\"62\">25.6<\/td>\n<td width=\"78\"><\/td>\n<\/tr>\n<tr>\n<td width=\"47\">18<\/td>\n<td width=\"229\">Tuile de couverture de la porte de d\u00e9charge<\/td>\n<td width=\"135\">A82040100061<\/td>\n<td width=\"61\">Pcs<\/td>\n<td width=\"44\">4<\/td>\n<td width=\"62\">17.8<\/td>\n<td width=\"62\">71.2<\/td>\n<td width=\"78\"><\/td>\n<\/tr>\n<tr>\n<td width=\"47\">19<\/td>\n<td width=\"229\">Bord de la porte de d\u00e9chargement<\/td>\n<td width=\"135\">10440120<\/td>\n<td width=\"61\">Pcs<\/td>\n<td width=\"44\">6<\/td>\n<td width=\"62\">13.7<\/td>\n<td width=\"62\">82.2<\/td>\n<td width=\"78\"><\/td>\n<\/tr>\n<tr>\n<td width=\"47\">20<\/td>\n<td width=\"229\">Porte de d\u00e9charge Arc Plaque de rev\u00eatement<\/td>\n<td width=\"135\">11074193<\/td>\n<td width=\"61\">Pcs<\/td>\n<td width=\"44\">6<\/td>\n<td width=\"62\">12.5<\/td>\n<td width=\"62\">75.<\/td>\n<td width=\"78\"><\/td>\n<\/tr>\n<tr>\n<td width=\"47\">21<\/td>\n<td width=\"229\">M12*50\u5e73\u673a<\/td>\n<td width=\"135\"><\/td>\n<td width=\"61\">Fixer<\/td>\n<td width=\"44\">262<\/td>\n<td width=\"62\"><\/td>\n<td width=\"62\"><\/td>\n<td width=\"78\"><\/td>\n<\/tr>\n<tr>\n<td width=\"47\">22<\/td>\n<td width=\"229\">M16*50\u5e73\u673a<\/td>\n<td width=\"135\"><\/td>\n<td width=\"61\">Fixer<\/td>\n<td width=\"44\">20<\/td>\n<td width=\"62\"><\/td>\n<td width=\"62\"><\/td>\n<td width=\"78\"><\/td>\n<\/tr>\n<tr>\n<td width=\"47\">23<\/td>\n<td width=\"229\">M20*100\u5e73\u673a<\/td>\n<td width=\"135\"><\/td>\n<td width=\"61\">Fixer<\/td>\n<td width=\"44\">48<\/td>\n<td width=\"62\"><\/td>\n<td width=\"62\"><\/td>\n<td width=\"78\"><\/td>\n<\/tr>\n<tr>\n<td width=\"47\">24<\/td>\n<td width=\"229\">M24*120\u5916\u516d\u89d2<\/td>\n<td width=\"135\"><\/td>\n<td width=\"61\">Fixer<\/td>\n<td width=\"44\">72<\/td>\n<td width=\"62\"><\/td>\n<td width=\"62\"><\/td>\n<td width=\"78\"><\/td>\n<\/tr>\n<tr>\n<td width=\"47\"><\/td>\n<td width=\"229\">Total<\/td>\n<td width=\"135\"><\/td>\n<td width=\"61\"><\/td>\n<td width=\"44\">270<\/td>\n<td width=\"62\"><\/td>\n<td width=\"62\">4691.6<\/td>\n<td width=\"78\"><\/td>\n<\/tr>\n<\/tbody>\n<\/table>\n<p><img fetchpriority=\"high\" decoding=\"async\" class=\"wp-image-3550 alignleft\" src=\"https:\/\/miningspareparts.com\/wp-content\/uploads\/2024\/01\/Mixer-And-Wear-Parts1-239x300.webp\" alt=\"\" width=\"498\" height=\"625\" srcset=\"https:\/\/miningspareparts.com\/wp-content\/uploads\/2024\/01\/Mixer-And-Wear-Parts1-239x300.webp 239w, https:\/\/miningspareparts.com\/wp-content\/uploads\/2024\/01\/Mixer-And-Wear-Parts1-817x1024.webp 817w, https:\/\/miningspareparts.com\/wp-content\/uploads\/2024\/01\/Mixer-And-Wear-Parts1-768x963.webp 768w, https:\/\/miningspareparts.com\/wp-content\/uploads\/2024\/01\/Mixer-And-Wear-Parts1-1226x1536.webp 1226w, https:\/\/miningspareparts.com\/wp-content\/uploads\/2024\/01\/Mixer-And-Wear-Parts1-1634x2048.webp 1634w, https:\/\/miningspareparts.com\/wp-content\/uploads\/2024\/01\/Mixer-And-Wear-Parts1-600x752.webp 600w, https:\/\/miningspareparts.com\/wp-content\/uploads\/2024\/01\/Mixer-And-Wear-Parts1.webp 2037w\" sizes=\"(max-width: 498px) 100vw, 498px\" \/><span style=\"font-size: 16px\">\u00a0<\/span><img decoding=\"async\" class=\"wp-image-3551 alignnone\" style=\"font-weight: inherit\" src=\"https:\/\/miningspareparts.com\/wp-content\/uploads\/2024\/01\/Mixer-And-Wear-Parts2-210x300.webp\" alt=\"\" width=\"454\" height=\"649\" srcset=\"https:\/\/miningspareparts.com\/wp-content\/uploads\/2024\/01\/Mixer-And-Wear-Parts2-210x300.webp 210w, https:\/\/miningspareparts.com\/wp-content\/uploads\/2024\/01\/Mixer-And-Wear-Parts2-600x856.webp 600w\" sizes=\"(max-width: 454px) 100vw, 454px\" \/><\/p>\n<p>Dans le domaine de l'excellence du m\u00e9lange du b\u00e9ton, nos composants de malaxeur \u00e0 deux arbres SANY JS5000 sont des parangons de qualit\u00e9. En tant que fabricant leader, nous sommes sp\u00e9cialis\u00e9s dans la fabrication de pi\u00e8ces de rechange d'origine qui red\u00e9finissent les attentes du march\u00e9 des pi\u00e8ces de rechange et pr\u00e9sentent une durabilit\u00e9 in\u00e9gal\u00e9e.<\/p>\n<p>Les composants de remplacement d'origine sont l'\u00e9pine dorsale de notre engagement envers l'excellence. Fabriqu\u00e9s avec pr\u00e9cision et finesse d'ing\u00e9nierie, ces composants remplacent directement les pi\u00e8ces d'origine de votre m\u00e9langeur \u00e0 deux arbres SANY JS5000. L'attention m\u00e9ticuleuse port\u00e9e aux d\u00e9tails dans notre processus de fabrication garantit que chaque pi\u00e8ce s'int\u00e8gre parfaitement \u00e0 votre m\u00e9langeur, lui redonnant ses performances optimales.<\/p>\n<p>Sur le march\u00e9 des pi\u00e8ces de rechange, nos offres vont au-del\u00e0 de simples alternatives ; elles constituent des innovations \u00e0 part enti\u00e8re. Nos composants ne sont pas de simples remplacements, ce sont des mises \u00e0 niveau qui am\u00e9liorent l'efficacit\u00e9 et la long\u00e9vit\u00e9 de votre m\u00e9langeur SANY JS5000. Plongez dans la confiance de savoir que chaque pi\u00e8ce de rechange que nous proposons d\u00e9passe les normes de l'industrie, promettant une exp\u00e9rience de m\u00e9lange qui surpasse l'original.<\/p>","protected":false},"excerpt":{"rendered":"<p>Mod\u00e8les:SANY JS5000<\/p>","protected":false},"featured_media":1971,"template":"","meta":{"_uag_custom_page_level_css":"","site-sidebar-layout":"default","site-content-layout":"","ast-site-content-layout":"default","site-content-style":"default","site-sidebar-style":"default","ast-global-header-display":"","ast-banner-title-visibility":"","ast-main-header-display":"","ast-hfb-above-header-display":"","ast-hfb-below-header-display":"","ast-hfb-mobile-header-display":"","site-post-title":"","ast-breadcrumbs-content":"","ast-featured-img":"","footer-sml-layout":"","ast-disable-related-posts":"","theme-transparent-header-meta":"default","adv-header-id-meta":"","stick-header-meta":"default","header-above-stick-meta":"","header-main-stick-meta":"","header-below-stick-meta":"","astra-migrate-meta-layouts":"set","ast-page-background-enabled":"default","ast-page-background-meta":{"desktop":{"background-color":"var(--ast-global-color-4)","background-image":"","background-repeat":"repeat","background-position":"center center","background-size":"auto","background-attachment":"scroll","background-type":"","background-media":"","overlay-type":"","overlay-color":"","overlay-opacity":"","overlay-gradient":""},"tablet":{"background-color":"","background-image":"","background-repeat":"repeat","background-position":"center center","background-size":"auto","background-attachment":"scroll","background-type":"","background-media":"","overlay-type":"","overlay-color":"","overlay-opacity":"","overlay-gradient":""},"mobile":{"background-color":"","background-image":"","background-repeat":"repeat","background-position":"center center","background-size":"auto","background-attachment":"scroll","background-type":"","background-media":"","overlay-type":"","overlay-color":"","overlay-opacity":"","overlay-gradient":""}},"ast-content-background-meta":{"desktop":{"background-color":"var(--ast-global-color-5)","background-image":"","background-repeat":"repeat","background-position":"center center","background-size":"auto","background-attachment":"scroll","background-type":"","background-media":"","overlay-type":"","overlay-color":"","overlay-opacity":"","overlay-gradient":""},"tablet":{"background-color":"var(--ast-global-color-5)","background-image":"","background-repeat":"repeat","background-position":"center center","background-size":"auto","background-attachment":"scroll","background-type":"","background-media":"","overlay-type":"","overlay-color":"","overlay-opacity":"","overlay-gradient":""},"mobile":{"background-color":"var(--ast-global-color-5)","background-image":"","background-repeat":"repeat","background-position":"center center","background-size":"auto","background-attachment":"scroll","background-type":"","background-media":"","overlay-type":"","overlay-color":"","overlay-opacity":"","overlay-gradient":""}}},"product_brand":[],"product_cat":[282,77],"product_tag":[267,268,269],"class_list":{"0":"post-2049","1":"product","2":"type-product","3":"status-publish","4":"has-post-thumbnail","6":"product_cat-sany-concrete-mixer-parts","7":"product_cat-concrete-mixer-parts","8":"product_tag-asphalt","9":"product_tag-blade","10":"product_tag-mixing-arm","11":"desktop-align-left","12":"tablet-align-left","13":"mobile-align-left","14":"ast-product-gallery-layout-horizontal-slider","15":"ast-product-gallery-with-no-image","16":"ast-product-single-variable","17":"ast-product-tabs-layout-horizontal","19":"first","20":"instock","21":"shipping-taxable","22":"purchasable","23":"product-type-variable"},"yoast_head":"<!-- This site is optimized with the Yoast SEO plugin v27.4 - https:\/\/yoast.com\/product\/yoast-seo-wordpress\/ -->\n<title>SANY JS5000 Mixer And Parts - Crusher parts, Slurry Pump Parts, Excavator shovel parts<\/title>\n<meta name=\"description\" content=\"Use our SANY JS5000 twin-shaft mixer components for long-lasting performance and a superior original replacement.\" \/>\n<meta name=\"robots\" content=\"index, follow, max-snippet:-1, max-image-preview:large, max-video-preview:-1\" \/>\n<link rel=\"canonical\" href=\"https:\/\/miningspareparts.com\/fr\/produit\/sany-js5000-mixer-and-parts\/\" \/>\n<meta property=\"og:locale\" content=\"fr_FR\" \/>\n<meta property=\"og:type\" content=\"article\" \/>\n<meta property=\"og:title\" content=\"SANY JS5000 Mixer And Parts - Crusher parts, Slurry Pump Parts, Excavator shovel parts\" \/>\n<meta property=\"og:description\" content=\"Use our SANY JS5000 twin-shaft mixer components for long-lasting performance and a superior original replacement.\" \/>\n<meta property=\"og:url\" content=\"https:\/\/miningspareparts.com\/fr\/produit\/sany-js5000-mixer-and-parts\/\" \/>\n<meta property=\"og:site_name\" content=\"Crusher parts, Slurry Pump Parts, Excavator shovel parts\" \/>\n<meta property=\"article:modified_time\" content=\"2024-01-17T08:57:34+00:00\" \/>\n<meta property=\"og:image\" content=\"https:\/\/miningspareparts.com\/wp-content\/uploads\/2023\/12\/SANY.webp\" \/>\n\t<meta property=\"og:image:width\" content=\"981\" \/>\n\t<meta property=\"og:image:height\" content=\"765\" \/>\n\t<meta property=\"og:image:type\" content=\"image\/webp\" \/>\n<meta name=\"twitter:card\" content=\"summary_large_image\" \/>\n<meta name=\"twitter:label1\" content=\"Dur\u00e9e de lecture estim\u00e9e\" \/>\n\t<meta name=\"twitter:data1\" content=\"3 minutes\" \/>\n<script type=\"application\/ld+json\" class=\"yoast-schema-graph\">{\"@context\":\"https:\\\/\\\/schema.org\",\"@graph\":[{\"@type\":\"WebPage\",\"@id\":\"https:\\\/\\\/miningspareparts.com\\\/product\\\/sany-js5000-mixer-and-parts\\\/\",\"url\":\"https:\\\/\\\/miningspareparts.com\\\/product\\\/sany-js5000-mixer-and-parts\\\/\",\"name\":\"SANY JS5000 Mixer And Parts - Crusher parts, Slurry Pump Parts, Excavator shovel parts\",\"isPartOf\":{\"@id\":\"https:\\\/\\\/miningspareparts.com\\\/#website\"},\"primaryImageOfPage\":{\"@id\":\"https:\\\/\\\/miningspareparts.com\\\/product\\\/sany-js5000-mixer-and-parts\\\/#primaryimage\"},\"image\":{\"@id\":\"https:\\\/\\\/miningspareparts.com\\\/product\\\/sany-js5000-mixer-and-parts\\\/#primaryimage\"},\"thumbnailUrl\":\"https:\\\/\\\/miningspareparts.com\\\/wp-content\\\/uploads\\\/2023\\\/12\\\/SANY.webp\",\"datePublished\":\"2023-12-30T06:09:41+00:00\",\"dateModified\":\"2024-01-17T08:57:34+00:00\",\"description\":\"Use our SANY JS5000 twin-shaft mixer components for long-lasting performance and a superior original replacement.\",\"breadcrumb\":{\"@id\":\"https:\\\/\\\/miningspareparts.com\\\/product\\\/sany-js5000-mixer-and-parts\\\/#breadcrumb\"},\"inLanguage\":\"fr-FR\",\"potentialAction\":[{\"@type\":\"ReadAction\",\"target\":[\"https:\\\/\\\/miningspareparts.com\\\/product\\\/sany-js5000-mixer-and-parts\\\/\"]}]},{\"@type\":\"ImageObject\",\"inLanguage\":\"fr-FR\",\"@id\":\"https:\\\/\\\/miningspareparts.com\\\/product\\\/sany-js5000-mixer-and-parts\\\/#primaryimage\",\"url\":\"https:\\\/\\\/miningspareparts.com\\\/wp-content\\\/uploads\\\/2023\\\/12\\\/SANY.webp\",\"contentUrl\":\"https:\\\/\\\/miningspareparts.com\\\/wp-content\\\/uploads\\\/2023\\\/12\\\/SANY.webp\",\"width\":981,\"height\":765,\"caption\":\"SANY JS4500 concrete mixer\"},{\"@type\":\"BreadcrumbList\",\"@id\":\"https:\\\/\\\/miningspareparts.com\\\/product\\\/sany-js5000-mixer-and-parts\\\/#breadcrumb\",\"itemListElement\":[{\"@type\":\"ListItem\",\"position\":1,\"name\":\"Home\",\"item\":\"https:\\\/\\\/miningspareparts.com\\\/\"},{\"@type\":\"ListItem\",\"position\":2,\"name\":\"Premium Mining Wear And Spare Parts\",\"item\":\"https:\\\/\\\/miningspareparts.com\\\/shop\\\/\"},{\"@type\":\"ListItem\",\"position\":3,\"name\":\"SANY JS5000 Mixer And Parts\"}]},{\"@type\":\"WebSite\",\"@id\":\"https:\\\/\\\/miningspareparts.com\\\/#website\",\"url\":\"https:\\\/\\\/miningspareparts.com\\\/\",\"name\":\"Crusher parts , Concrete Mixer Parts, Slurry Pump Parts, Mining Spares\",\"description\":\"Mining Wear &amp; Spare Parts Supplier\",\"publisher\":{\"@id\":\"https:\\\/\\\/miningspareparts.com\\\/#organization\"},\"potentialAction\":[{\"@type\":\"SearchAction\",\"target\":{\"@type\":\"EntryPoint\",\"urlTemplate\":\"https:\\\/\\\/miningspareparts.com\\\/?s={search_term_string}\"},\"query-input\":{\"@type\":\"PropertyValueSpecification\",\"valueRequired\":true,\"valueName\":\"search_term_string\"}}],\"inLanguage\":\"fr-FR\"},{\"@type\":\"Organization\",\"@id\":\"https:\\\/\\\/miningspareparts.com\\\/#organization\",\"name\":\"Crusher parts , Concrete Mixer Parts, Slurry Pump Parts, Mining Spares\",\"url\":\"https:\\\/\\\/miningspareparts.com\\\/\",\"logo\":{\"@type\":\"ImageObject\",\"inLanguage\":\"fr-FR\",\"@id\":\"https:\\\/\\\/miningspareparts.com\\\/#\\\/schema\\\/logo\\\/image\\\/\",\"url\":\"https:\\\/\\\/miningspareparts.com\\\/wp-content\\\/uploads\\\/2025\\\/04\\\/cropped-cropped-logo\u6b63\u65b9\u5f62.png\",\"contentUrl\":\"https:\\\/\\\/miningspareparts.com\\\/wp-content\\\/uploads\\\/2025\\\/04\\\/cropped-cropped-logo\u6b63\u65b9\u5f62.png\",\"width\":511,\"height\":171,\"caption\":\"Crusher parts , Concrete Mixer Parts, Slurry Pump Parts, Mining Spares\"},\"image\":{\"@id\":\"https:\\\/\\\/miningspareparts.com\\\/#\\\/schema\\\/logo\\\/image\\\/\"}}]}<\/script>\n<!-- \/ Yoast SEO plugin. -->","yoast_head_json":{"title":"SANY JS5000 Mixer And Parts - Crusher parts, Slurry Pump Parts, Excavator shovel parts","description":"Use our SANY JS5000 twin-shaft mixer components for long-lasting performance and a superior original replacement.","robots":{"index":"index","follow":"follow","max-snippet":"max-snippet:-1","max-image-preview":"max-image-preview:large","max-video-preview":"max-video-preview:-1"},"canonical":"https:\/\/miningspareparts.com\/fr\/produit\/sany-js5000-mixer-and-parts\/","og_locale":"fr_FR","og_type":"article","og_title":"SANY JS5000 Mixer And Parts - Crusher parts, Slurry Pump Parts, Excavator shovel parts","og_description":"Use our SANY JS5000 twin-shaft mixer components for long-lasting performance and a superior original replacement.","og_url":"https:\/\/miningspareparts.com\/fr\/produit\/sany-js5000-mixer-and-parts\/","og_site_name":"Crusher parts, Slurry Pump Parts, Excavator shovel parts","article_modified_time":"2024-01-17T08:57:34+00:00","og_image":[{"width":981,"height":765,"url":"https:\/\/miningspareparts.com\/wp-content\/uploads\/2023\/12\/SANY.webp","type":"image\/webp"}],"twitter_card":"summary_large_image","twitter_misc":{"Dur\u00e9e de lecture estim\u00e9e":"3 minutes"},"schema":{"@context":"https:\/\/schema.org","@graph":[{"@type":"WebPage","@id":"https:\/\/miningspareparts.com\/product\/sany-js5000-mixer-and-parts\/","url":"https:\/\/miningspareparts.com\/product\/sany-js5000-mixer-and-parts\/","name":"SANY JS5000 Mixer And Parts - Crusher parts, Slurry Pump Parts, Excavator shovel parts","isPartOf":{"@id":"https:\/\/miningspareparts.com\/#website"},"primaryImageOfPage":{"@id":"https:\/\/miningspareparts.com\/product\/sany-js5000-mixer-and-parts\/#primaryimage"},"image":{"@id":"https:\/\/miningspareparts.com\/product\/sany-js5000-mixer-and-parts\/#primaryimage"},"thumbnailUrl":"https:\/\/miningspareparts.com\/wp-content\/uploads\/2023\/12\/SANY.webp","datePublished":"2023-12-30T06:09:41+00:00","dateModified":"2024-01-17T08:57:34+00:00","description":"Use our SANY JS5000 twin-shaft mixer components for long-lasting performance and a superior original replacement.","breadcrumb":{"@id":"https:\/\/miningspareparts.com\/product\/sany-js5000-mixer-and-parts\/#breadcrumb"},"inLanguage":"fr-FR","potentialAction":[{"@type":"ReadAction","target":["https:\/\/miningspareparts.com\/product\/sany-js5000-mixer-and-parts\/"]}]},{"@type":"ImageObject","inLanguage":"fr-FR","@id":"https:\/\/miningspareparts.com\/product\/sany-js5000-mixer-and-parts\/#primaryimage","url":"https:\/\/miningspareparts.com\/wp-content\/uploads\/2023\/12\/SANY.webp","contentUrl":"https:\/\/miningspareparts.com\/wp-content\/uploads\/2023\/12\/SANY.webp","width":981,"height":765,"caption":"SANY JS4500 concrete mixer"},{"@type":"BreadcrumbList","@id":"https:\/\/miningspareparts.com\/product\/sany-js5000-mixer-and-parts\/#breadcrumb","itemListElement":[{"@type":"ListItem","position":1,"name":"Home","item":"https:\/\/miningspareparts.com\/"},{"@type":"ListItem","position":2,"name":"Premium Mining Wear And Spare Parts","item":"https:\/\/miningspareparts.com\/shop\/"},{"@type":"ListItem","position":3,"name":"SANY JS5000 Mixer And Parts"}]},{"@type":"WebSite","@id":"https:\/\/miningspareparts.com\/#website","url":"https:\/\/miningspareparts.com\/","name":"Crusher parts , Concrete Mixer Parts, Slurry Pump Parts, Mining Spares","description":"Mining Wear &amp; Spare Parts Supplier","publisher":{"@id":"https:\/\/miningspareparts.com\/#organization"},"potentialAction":[{"@type":"SearchAction","target":{"@type":"EntryPoint","urlTemplate":"https:\/\/miningspareparts.com\/?s={search_term_string}"},"query-input":{"@type":"PropertyValueSpecification","valueRequired":true,"valueName":"search_term_string"}}],"inLanguage":"fr-FR"},{"@type":"Organization","@id":"https:\/\/miningspareparts.com\/#organization","name":"Crusher parts , Concrete Mixer Parts, Slurry Pump Parts, Mining Spares","url":"https:\/\/miningspareparts.com\/","logo":{"@type":"ImageObject","inLanguage":"fr-FR","@id":"https:\/\/miningspareparts.com\/#\/schema\/logo\/image\/","url":"https:\/\/miningspareparts.com\/wp-content\/uploads\/2025\/04\/cropped-cropped-logo\u6b63\u65b9\u5f62.png","contentUrl":"https:\/\/miningspareparts.com\/wp-content\/uploads\/2025\/04\/cropped-cropped-logo\u6b63\u65b9\u5f62.png","width":511,"height":171,"caption":"Crusher parts , Concrete Mixer Parts, Slurry Pump Parts, Mining Spares"},"image":{"@id":"https:\/\/miningspareparts.com\/#\/schema\/logo\/image\/"}}]}},"uagb_featured_image_src":{"full":["https:\/\/miningspareparts.com\/wp-content\/uploads\/2023\/12\/SANY.webp",981,765,false],"thumbnail":["https:\/\/miningspareparts.com\/wp-content\/uploads\/2023\/12\/SANY-150x150.webp",150,150,true],"medium":["https:\/\/miningspareparts.com\/wp-content\/uploads\/2023\/12\/SANY-300x234.webp",300,234,true],"medium_large":["https:\/\/miningspareparts.com\/wp-content\/uploads\/2023\/12\/SANY-768x599.webp",768,599,true],"large":["https:\/\/miningspareparts.com\/wp-content\/uploads\/2023\/12\/SANY.webp",981,765,false],"1536x1536":["https:\/\/miningspareparts.com\/wp-content\/uploads\/2023\/12\/SANY.webp",981,765,false],"2048x2048":["https:\/\/miningspareparts.com\/wp-content\/uploads\/2023\/12\/SANY.webp",981,765,false],"trp-custom-language-flag":["https:\/\/miningspareparts.com\/wp-content\/uploads\/2023\/12\/SANY.webp",15,12,false],"woocommerce_thumbnail":["https:\/\/miningspareparts.com\/wp-content\/uploads\/2023\/12\/SANY-300x300.webp",300,300,true],"woocommerce_single":["https:\/\/miningspareparts.com\/wp-content\/uploads\/2023\/12\/SANY-600x468.webp",600,468,true],"woocommerce_gallery_thumbnail":["https:\/\/miningspareparts.com\/wp-content\/uploads\/2023\/12\/SANY-100x100.webp",100,100,true]},"uagb_author_info":{"display_name":"Miningspareparts","author_link":"https:\/\/miningspareparts.com\/fr\/author\/"},"uagb_comment_info":0,"uagb_excerpt":"Models:SANY JS5000","_links":{"self":[{"href":"https:\/\/miningspareparts.com\/fr\/wp-json\/wp\/v2\/product\/2049","targetHints":{"allow":["GET"]}}],"collection":[{"href":"https:\/\/miningspareparts.com\/fr\/wp-json\/wp\/v2\/product"}],"about":[{"href":"https:\/\/miningspareparts.com\/fr\/wp-json\/wp\/v2\/types\/product"}],"wp:featuredmedia":[{"embeddable":true,"href":"https:\/\/miningspareparts.com\/fr\/wp-json\/wp\/v2\/media\/1971"}],"wp:attachment":[{"href":"https:\/\/miningspareparts.com\/fr\/wp-json\/wp\/v2\/media?parent=2049"}],"wp:term":[{"taxonomy":"product_brand","embeddable":true,"href":"https:\/\/miningspareparts.com\/fr\/wp-json\/wp\/v2\/product_brand?post=2049"},{"taxonomy":"product_cat","embeddable":true,"href":"https:\/\/miningspareparts.com\/fr\/wp-json\/wp\/v2\/product_cat?post=2049"},{"taxonomy":"product_tag","embeddable":true,"href":"https:\/\/miningspareparts.com\/fr\/wp-json\/wp\/v2\/product_tag?post=2049"}],"curies":[{"name":"wp","href":"https:\/\/api.w.org\/{rel}","templated":true}]}}