{"id":2101,"date":"2023-12-31T05:23:11","date_gmt":"2023-12-31T05:23:11","guid":{"rendered":"https:\/\/miningspareparts.com\/?post_type=product&#038;p=2101"},"modified":"2024-04-06T02:56:41","modified_gmt":"2024-04-06T02:56:41","slug":"nflg-js3000xc-mixer-and-parts","status":"publish","type":"product","link":"https:\/\/miningspareparts.com\/fr\/produit\/nflg-js3000xc-mixer-and-parts\/","title":{"rendered":"NFLG JS3000XC M\u00e9langeur et pi\u00e8ces d\u00e9tach\u00e9es"},"content":{"rendered":"<p><strong>Voici une description du m\u00e9langeur et des pi\u00e8ces NFLG JS3000XC<\/strong><\/p>\n<table>\n<tbody>\n<tr>\n<td width=\"85\">NON.<\/td>\n<td width=\"178\">Sp\u00e9cifications<\/td>\n<td width=\"106\">Qt\u00e9<\/td>\n<td width=\"113\">Poids unitaire (Kg)<\/td>\n<td width=\"106\">Poids total (Kg)<\/td>\n<td width=\"130\">Remarques<\/td>\n<\/tr>\n<tr>\n<td width=\"85\">1<\/td>\n<td width=\"178\">Diamant<\/td>\n<td width=\"106\">84<\/td>\n<td width=\"113\">6<\/td>\n<td width=\"106\">504<\/td>\n<td width=\"130\"><\/td>\n<\/tr>\n<tr>\n<td width=\"85\">2<\/td>\n<td width=\"178\">Trap\u00e8ze<\/td>\n<td width=\"106\">28<\/td>\n<td width=\"113\">5.9<\/td>\n<td width=\"106\">165.2<\/td>\n<td width=\"130\"><\/td>\n<\/tr>\n<tr>\n<td width=\"85\">3<\/td>\n<td width=\"178\">Petite doublure<\/td>\n<td width=\"106\">18<\/td>\n<td width=\"113\">5.8<\/td>\n<td width=\"106\">104.4<\/td>\n<td width=\"130\"><\/td>\n<\/tr>\n<tr>\n<td width=\"85\">4<\/td>\n<td width=\"178\">Garniture d'extr\u00e9mit\u00e9 1 Big Arc<\/td>\n<td width=\"106\">16<\/td>\n<td width=\"113\">18.8<\/td>\n<td width=\"106\">300.8<\/td>\n<td width=\"130\"><\/td>\n<\/tr>\n<tr>\n<td width=\"85\">5<\/td>\n<td width=\"178\">Doublure d'extr\u00e9mit\u00e9 2 Petit arc<\/td>\n<td width=\"106\">24<\/td>\n<td width=\"113\">7.2<\/td>\n<td width=\"106\">172.8<\/td>\n<td width=\"130\"><\/td>\n<\/tr>\n<tr>\n<td width=\"85\">6<\/td>\n<td width=\"178\">Rev\u00eatement d'extr\u00e9mit\u00e9 3 lrregular 1<\/td>\n<td width=\"106\">4<\/td>\n<td width=\"113\">15.8<\/td>\n<td width=\"106\">63.2 59.2<\/td>\n<td width=\"130\"><\/td>\n<\/tr>\n<tr>\n<td width=\"85\">7<\/td>\n<td width=\"178\">Rev\u00eatement d'extr\u00e9mit\u00e9 4 lrregular 2<\/td>\n<td width=\"106\">4<\/td>\n<td width=\"113\">14.8<\/td>\n<td width=\"106\">74.4<\/td>\n<td width=\"130\">\u74e6\u5934<\/td>\n<\/tr>\n<tr>\n<td width=\"85\">8<\/td>\n<td width=\"178\">Porte unicorne<\/p>\n<p>Plaque de scellement<\/td>\n<td width=\"106\">4<\/td>\n<td width=\"113\">18.6<\/td>\n<td width=\"106\">226.8<\/td>\n<td width=\"130\"><\/td>\n<\/tr>\n<tr>\n<td width=\"85\">9<\/td>\n<td width=\"178\">Lame centrale<\/td>\n<td width=\"106\">14<\/td>\n<td width=\"113\">16.2<\/td>\n<td width=\"106\">74.4<\/td>\n<td width=\"130\"><\/td>\n<\/tr>\n<tr>\n<td width=\"85\">10<\/td>\n<td width=\"178\">Lame gauche<\/td>\n<td width=\"106\">4<\/td>\n<td width=\"113\">18.6<\/td>\n<td width=\"106\"><\/td>\n<td width=\"130\"><\/td>\n<\/tr>\n<tr>\n<td width=\"85\">11<\/td>\n<td width=\"178\">Lame droite<\/td>\n<td width=\"106\">2<\/td>\n<td width=\"113\">17.2<\/td>\n<td width=\"106\">34.4<\/td>\n<td width=\"130\"><\/td>\n<\/tr>\n<tr>\n<td width=\"85\">12<\/td>\n<td width=\"178\">Couteau gauche<\/td>\n<td width=\"106\">4<\/td>\n<td width=\"113\">9.4<\/td>\n<td width=\"106\">37.6<\/td>\n<td width=\"130\"><\/td>\n<\/tr>\n<tr>\n<td width=\"85\">13<\/td>\n<td width=\"178\">Couteau droit<\/td>\n<td width=\"106\">2<\/td>\n<td width=\"113\">9.2<\/td>\n<td width=\"106\">18.4<\/td>\n<td width=\"130\"><\/td>\n<\/tr>\n<tr>\n<td width=\"85\">14<\/td>\n<td width=\"178\">Bras central<\/td>\n<td width=\"106\">14<\/td>\n<td width=\"113\">58.2<\/td>\n<td width=\"106\">814.8<\/td>\n<td width=\"130\"><\/td>\n<\/tr>\n<tr>\n<td width=\"85\">15<\/td>\n<td width=\"178\">Bras gauche<\/td>\n<td width=\"106\">4<\/td>\n<td width=\"113\">63.2<\/td>\n<td width=\"106\">252.8<\/td>\n<td width=\"130\"><\/td>\n<\/tr>\n<tr>\n<td width=\"85\">16<\/td>\n<td width=\"178\">Bras droit<\/td>\n<td width=\"106\">2<\/td>\n<td width=\"113\">62.8<\/td>\n<td width=\"106\">125.6<\/td>\n<td width=\"130\"><\/td>\n<\/tr>\n<tr>\n<td width=\"85\"><\/td>\n<td width=\"178\">Total<\/td>\n<td width=\"106\">228<\/td>\n<td width=\"113\"><\/td>\n<td width=\"106\">3028.8<\/td>\n<td width=\"130\"><\/td>\n<\/tr>\n<\/tbody>\n<\/table>\n<p><img fetchpriority=\"high\" decoding=\"async\" class=\"wp-image-3550 alignleft\" src=\"https:\/\/miningspareparts.com\/wp-content\/uploads\/2024\/01\/Mixer-And-Wear-Parts1-239x300.webp\" alt=\"\" width=\"498\" height=\"625\" srcset=\"https:\/\/miningspareparts.com\/wp-content\/uploads\/2024\/01\/Mixer-And-Wear-Parts1-239x300.webp 239w, https:\/\/miningspareparts.com\/wp-content\/uploads\/2024\/01\/Mixer-And-Wear-Parts1-817x1024.webp 817w, https:\/\/miningspareparts.com\/wp-content\/uploads\/2024\/01\/Mixer-And-Wear-Parts1-768x963.webp 768w, https:\/\/miningspareparts.com\/wp-content\/uploads\/2024\/01\/Mixer-And-Wear-Parts1-1226x1536.webp 1226w, https:\/\/miningspareparts.com\/wp-content\/uploads\/2024\/01\/Mixer-And-Wear-Parts1-1634x2048.webp 1634w, https:\/\/miningspareparts.com\/wp-content\/uploads\/2024\/01\/Mixer-And-Wear-Parts1-600x752.webp 600w, https:\/\/miningspareparts.com\/wp-content\/uploads\/2024\/01\/Mixer-And-Wear-Parts1.webp 2037w\" sizes=\"(max-width: 498px) 100vw, 498px\" \/><span style=\"font-size: 16px\">\u00a0<\/span><img decoding=\"async\" class=\"wp-image-3551 alignnone\" style=\"font-weight: inherit\" src=\"https:\/\/miningspareparts.com\/wp-content\/uploads\/2024\/01\/Mixer-And-Wear-Parts2-210x300.webp\" alt=\"\" width=\"454\" height=\"649\" srcset=\"https:\/\/miningspareparts.com\/wp-content\/uploads\/2024\/01\/Mixer-And-Wear-Parts2-210x300.webp 210w, https:\/\/miningspareparts.com\/wp-content\/uploads\/2024\/01\/Mixer-And-Wear-Parts2-600x856.webp 600w\" sizes=\"(max-width: 454px) 100vw, 454px\" \/><\/p>\n<p>Dans le domaine de l'excellence du malaxage du b\u00e9ton, voici les pales, les bras de malaxage et les rev\u00eatements du malaxeur \u00e0 deux arbres JS3000XC de NFLG. Ces pi\u00e8ces de rechange d'origine garantissent la durabilit\u00e9, assurant des performances et une long\u00e9vit\u00e9 in\u00e9gal\u00e9es. Que vous recherchiez des pi\u00e8ces de rechange d'origine de qualit\u00e9 sup\u00e9rieure ou que vous exploriez le march\u00e9 des pi\u00e8ces de rechange, nos produits sont un t\u00e9moignage de qualit\u00e9 et de fiabilit\u00e9.<\/p>\n<p>En tant que fabricant engag\u00e9 dans l'innovation et l'excellence, nous sommes fiers de fabriquer des composants qui s'int\u00e8grent parfaitement \u00e0 vos syst\u00e8mes de m\u00e9lange. Le terme \"remplacement d'origine\" incarne notre d\u00e9vouement \u00e0 l'ing\u00e9nierie de pr\u00e9cision, garantissant que chaque lame, bras de m\u00e9lange et rev\u00eatement s'aligne parfaitement sur les sp\u00e9cifications du m\u00e9langeur.<\/p>\n<p>Sur le march\u00e9 de l'apr\u00e8s-vente, nos offres continuent de briller. M\u00e9ticuleusement con\u00e7us pour satisfaire ou d\u00e9passer les normes de l'industrie, nos composants s'int\u00e8grent parfaitement \u00e0 diverses configurations de mixage. N'attendez rien de moins que des performances et une long\u00e9vit\u00e9 optimales, vous permettant de maximiser la dur\u00e9e de vie de votre m\u00e9langeur.<\/p>\n<p>La durabilit\u00e9 est la pierre angulaire de notre philosophie de conception. Nous comprenons la nature exigeante des applications de malaxage du b\u00e9ton et nos produits sont con\u00e7us pour durer. La construction robuste de nos pales, bras de malaxage et rev\u00eatements garantit une r\u00e9sistance \u00e0 l'usure, ce qui en fait des atouts fiables dans vos processus de malaxage.<\/p>","protected":false},"excerpt":{"rendered":"<p>Mod\u00e8les:NFLG JS3000XC<\/p>","protected":false},"featured_media":4786,"template":"","meta":{"_uag_custom_page_level_css":"","site-sidebar-layout":"default","site-content-layout":"","ast-site-content-layout":"default","site-content-style":"default","site-sidebar-style":"default","ast-global-header-display":"","ast-banner-title-visibility":"","ast-main-header-display":"","ast-hfb-above-header-display":"","ast-hfb-below-header-display":"","ast-hfb-mobile-header-display":"","site-post-title":"","ast-breadcrumbs-content":"","ast-featured-img":"","footer-sml-layout":"","ast-disable-related-posts":"","theme-transparent-header-meta":"default","adv-header-id-meta":"","stick-header-meta":"default","header-above-stick-meta":"","header-main-stick-meta":"","header-below-stick-meta":"","astra-migrate-meta-layouts":"set","ast-page-background-enabled":"default","ast-page-background-meta":{"desktop":{"background-color":"var(--ast-global-color-4)","background-image":"","background-repeat":"repeat","background-position":"center center","background-size":"auto","background-attachment":"scroll","background-type":"","background-media":"","overlay-type":"","overlay-color":"","overlay-opacity":"","overlay-gradient":""},"tablet":{"background-color":"","background-image":"","background-repeat":"repeat","background-position":"center center","background-size":"auto","background-attachment":"scroll","background-type":"","background-media":"","overlay-type":"","overlay-color":"","overlay-opacity":"","overlay-gradient":""},"mobile":{"background-color":"","background-image":"","background-repeat":"repeat","background-position":"center center","background-size":"auto","background-attachment":"scroll","background-type":"","background-media":"","overlay-type":"","overlay-color":"","overlay-opacity":"","overlay-gradient":""}},"ast-content-background-meta":{"desktop":{"background-color":"var(--ast-global-color-5)","background-image":"","background-repeat":"repeat","background-position":"center center","background-size":"auto","background-attachment":"scroll","background-type":"","background-media":"","overlay-type":"","overlay-color":"","overlay-opacity":"","overlay-gradient":""},"tablet":{"background-color":"var(--ast-global-color-5)","background-image":"","background-repeat":"repeat","background-position":"center center","background-size":"auto","background-attachment":"scroll","background-type":"","background-media":"","overlay-type":"","overlay-color":"","overlay-opacity":"","overlay-gradient":""},"mobile":{"background-color":"var(--ast-global-color-5)","background-image":"","background-repeat":"repeat","background-position":"center center","background-size":"auto","background-attachment":"scroll","background-type":"","background-media":"","overlay-type":"","overlay-color":"","overlay-opacity":"","overlay-gradient":""}}},"product_brand":[],"product_cat":[82,248],"product_tag":[267,268,269],"class_list":{"0":"post-2101","1":"product","2":"type-product","3":"status-publish","4":"has-post-thumbnail","6":"product_cat-asphalt-mixer-parts","7":"product_cat-nflg","8":"product_tag-asphalt","9":"product_tag-blade","10":"product_tag-mixing-arm","11":"desktop-align-left","12":"tablet-align-left","13":"mobile-align-left","14":"ast-product-gallery-layout-horizontal-slider","15":"ast-product-gallery-with-no-image","16":"ast-product-single-variable","17":"ast-product-tabs-layout-horizontal","19":"first","20":"instock","21":"shipping-taxable","22":"purchasable","23":"product-type-variable"},"yoast_head":"<!-- This site is optimized with the Yoast SEO plugin v27.4 - https:\/\/yoast.com\/product\/yoast-seo-wordpress\/ -->\n<title>NFLG JS3000XC Mixer And Parts - Crusher parts, Slurry Pump Parts, Excavator shovel parts<\/title>\n<meta name=\"description\" content=\"NFLG JS3000XC twin-shaft mixer components, original replacement parts, ensure precise fit and wear resistance for superior performance and longevity.\" \/>\n<meta name=\"robots\" content=\"index, follow, max-snippet:-1, max-image-preview:large, max-video-preview:-1\" \/>\n<link rel=\"canonical\" href=\"https:\/\/miningspareparts.com\/fr\/produit\/nflg-js3000xc-mixer-and-parts\/\" \/>\n<meta property=\"og:locale\" content=\"fr_FR\" \/>\n<meta property=\"og:type\" content=\"article\" \/>\n<meta property=\"og:title\" content=\"NFLG JS3000XC Mixer And Parts - Crusher parts, Slurry Pump Parts, Excavator shovel parts\" \/>\n<meta property=\"og:description\" content=\"NFLG JS3000XC twin-shaft mixer components, original replacement parts, ensure precise fit and wear resistance for superior performance and longevity.\" \/>\n<meta property=\"og:url\" content=\"https:\/\/miningspareparts.com\/fr\/produit\/nflg-js3000xc-mixer-and-parts\/\" \/>\n<meta property=\"og:site_name\" content=\"Crusher parts, Slurry Pump Parts, Excavator shovel parts\" \/>\n<meta property=\"article:modified_time\" content=\"2024-04-06T02:56:41+00:00\" \/>\n<meta property=\"og:image\" content=\"https:\/\/miningspareparts.com\/wp-content\/uploads\/2023\/12\/NFLG-JS3000XC-Mixer-And-Parts.webp\" \/>\n\t<meta property=\"og:image:width\" content=\"800\" \/>\n\t<meta property=\"og:image:height\" content=\"800\" \/>\n\t<meta property=\"og:image:type\" content=\"image\/webp\" \/>\n<meta name=\"twitter:card\" content=\"summary_large_image\" \/>\n<meta name=\"twitter:label1\" content=\"Dur\u00e9e de lecture estim\u00e9e\" \/>\n\t<meta name=\"twitter:data1\" content=\"2 minutes\" \/>\n<script type=\"application\/ld+json\" class=\"yoast-schema-graph\">{\"@context\":\"https:\\\/\\\/schema.org\",\"@graph\":[{\"@type\":\"WebPage\",\"@id\":\"https:\\\/\\\/miningspareparts.com\\\/product\\\/nflg-js3000xc-mixer-and-parts\\\/\",\"url\":\"https:\\\/\\\/miningspareparts.com\\\/product\\\/nflg-js3000xc-mixer-and-parts\\\/\",\"name\":\"NFLG JS3000XC Mixer And Parts - Crusher parts, Slurry Pump Parts, Excavator shovel parts\",\"isPartOf\":{\"@id\":\"https:\\\/\\\/miningspareparts.com\\\/#website\"},\"primaryImageOfPage\":{\"@id\":\"https:\\\/\\\/miningspareparts.com\\\/product\\\/nflg-js3000xc-mixer-and-parts\\\/#primaryimage\"},\"image\":{\"@id\":\"https:\\\/\\\/miningspareparts.com\\\/product\\\/nflg-js3000xc-mixer-and-parts\\\/#primaryimage\"},\"thumbnailUrl\":\"https:\\\/\\\/miningspareparts.com\\\/wp-content\\\/uploads\\\/2023\\\/12\\\/NFLG-JS3000XC-Mixer-And-Parts.webp\",\"datePublished\":\"2023-12-31T05:23:11+00:00\",\"dateModified\":\"2024-04-06T02:56:41+00:00\",\"description\":\"NFLG JS3000XC twin-shaft mixer components, original replacement parts, ensure precise fit and wear resistance for superior performance and longevity.\",\"breadcrumb\":{\"@id\":\"https:\\\/\\\/miningspareparts.com\\\/product\\\/nflg-js3000xc-mixer-and-parts\\\/#breadcrumb\"},\"inLanguage\":\"fr-FR\",\"potentialAction\":[{\"@type\":\"ReadAction\",\"target\":[\"https:\\\/\\\/miningspareparts.com\\\/product\\\/nflg-js3000xc-mixer-and-parts\\\/\"]}]},{\"@type\":\"ImageObject\",\"inLanguage\":\"fr-FR\",\"@id\":\"https:\\\/\\\/miningspareparts.com\\\/product\\\/nflg-js3000xc-mixer-and-parts\\\/#primaryimage\",\"url\":\"https:\\\/\\\/miningspareparts.com\\\/wp-content\\\/uploads\\\/2023\\\/12\\\/NFLG-JS3000XC-Mixer-And-Parts.webp\",\"contentUrl\":\"https:\\\/\\\/miningspareparts.com\\\/wp-content\\\/uploads\\\/2023\\\/12\\\/NFLG-JS3000XC-Mixer-And-Parts.webp\",\"width\":800,\"height\":800},{\"@type\":\"BreadcrumbList\",\"@id\":\"https:\\\/\\\/miningspareparts.com\\\/product\\\/nflg-js3000xc-mixer-and-parts\\\/#breadcrumb\",\"itemListElement\":[{\"@type\":\"ListItem\",\"position\":1,\"name\":\"Home\",\"item\":\"https:\\\/\\\/miningspareparts.com\\\/\"},{\"@type\":\"ListItem\",\"position\":2,\"name\":\"Premium Mining Wear And Spare Parts\",\"item\":\"https:\\\/\\\/miningspareparts.com\\\/shop\\\/\"},{\"@type\":\"ListItem\",\"position\":3,\"name\":\"NFLG JS3000XC Mixer And Parts\"}]},{\"@type\":\"WebSite\",\"@id\":\"https:\\\/\\\/miningspareparts.com\\\/#website\",\"url\":\"https:\\\/\\\/miningspareparts.com\\\/\",\"name\":\"Crusher parts , Concrete Mixer Parts, Slurry Pump Parts, Mining Spares\",\"description\":\"Mining Wear &amp; Spare Parts Supplier\",\"publisher\":{\"@id\":\"https:\\\/\\\/miningspareparts.com\\\/#organization\"},\"potentialAction\":[{\"@type\":\"SearchAction\",\"target\":{\"@type\":\"EntryPoint\",\"urlTemplate\":\"https:\\\/\\\/miningspareparts.com\\\/?s={search_term_string}\"},\"query-input\":{\"@type\":\"PropertyValueSpecification\",\"valueRequired\":true,\"valueName\":\"search_term_string\"}}],\"inLanguage\":\"fr-FR\"},{\"@type\":\"Organization\",\"@id\":\"https:\\\/\\\/miningspareparts.com\\\/#organization\",\"name\":\"Crusher parts , Concrete Mixer Parts, Slurry Pump Parts, Mining Spares\",\"url\":\"https:\\\/\\\/miningspareparts.com\\\/\",\"logo\":{\"@type\":\"ImageObject\",\"inLanguage\":\"fr-FR\",\"@id\":\"https:\\\/\\\/miningspareparts.com\\\/#\\\/schema\\\/logo\\\/image\\\/\",\"url\":\"https:\\\/\\\/miningspareparts.com\\\/wp-content\\\/uploads\\\/2025\\\/04\\\/cropped-cropped-logo\u6b63\u65b9\u5f62.png\",\"contentUrl\":\"https:\\\/\\\/miningspareparts.com\\\/wp-content\\\/uploads\\\/2025\\\/04\\\/cropped-cropped-logo\u6b63\u65b9\u5f62.png\",\"width\":511,\"height\":171,\"caption\":\"Crusher parts , Concrete Mixer Parts, Slurry Pump Parts, Mining Spares\"},\"image\":{\"@id\":\"https:\\\/\\\/miningspareparts.com\\\/#\\\/schema\\\/logo\\\/image\\\/\"}}]}<\/script>\n<!-- \/ Yoast SEO plugin. -->","yoast_head_json":{"title":"NFLG JS3000XC Mixer And Parts - Crusher parts, Slurry Pump Parts, Excavator shovel parts","description":"NFLG JS3000XC twin-shaft mixer components, original replacement parts, ensure precise fit and wear resistance for superior performance and longevity.","robots":{"index":"index","follow":"follow","max-snippet":"max-snippet:-1","max-image-preview":"max-image-preview:large","max-video-preview":"max-video-preview:-1"},"canonical":"https:\/\/miningspareparts.com\/fr\/produit\/nflg-js3000xc-mixer-and-parts\/","og_locale":"fr_FR","og_type":"article","og_title":"NFLG JS3000XC Mixer And Parts - Crusher parts, Slurry Pump Parts, Excavator shovel parts","og_description":"NFLG JS3000XC twin-shaft mixer components, original replacement parts, ensure precise fit and wear resistance for superior performance and longevity.","og_url":"https:\/\/miningspareparts.com\/fr\/produit\/nflg-js3000xc-mixer-and-parts\/","og_site_name":"Crusher parts, Slurry Pump Parts, Excavator shovel parts","article_modified_time":"2024-04-06T02:56:41+00:00","og_image":[{"width":800,"height":800,"url":"https:\/\/miningspareparts.com\/wp-content\/uploads\/2023\/12\/NFLG-JS3000XC-Mixer-And-Parts.webp","type":"image\/webp"}],"twitter_card":"summary_large_image","twitter_misc":{"Dur\u00e9e de lecture estim\u00e9e":"2 minutes"},"schema":{"@context":"https:\/\/schema.org","@graph":[{"@type":"WebPage","@id":"https:\/\/miningspareparts.com\/product\/nflg-js3000xc-mixer-and-parts\/","url":"https:\/\/miningspareparts.com\/product\/nflg-js3000xc-mixer-and-parts\/","name":"NFLG JS3000XC Mixer And Parts - Crusher parts, Slurry Pump Parts, Excavator shovel parts","isPartOf":{"@id":"https:\/\/miningspareparts.com\/#website"},"primaryImageOfPage":{"@id":"https:\/\/miningspareparts.com\/product\/nflg-js3000xc-mixer-and-parts\/#primaryimage"},"image":{"@id":"https:\/\/miningspareparts.com\/product\/nflg-js3000xc-mixer-and-parts\/#primaryimage"},"thumbnailUrl":"https:\/\/miningspareparts.com\/wp-content\/uploads\/2023\/12\/NFLG-JS3000XC-Mixer-And-Parts.webp","datePublished":"2023-12-31T05:23:11+00:00","dateModified":"2024-04-06T02:56:41+00:00","description":"NFLG JS3000XC twin-shaft mixer components, original replacement parts, ensure precise fit and wear resistance for superior performance and longevity.","breadcrumb":{"@id":"https:\/\/miningspareparts.com\/product\/nflg-js3000xc-mixer-and-parts\/#breadcrumb"},"inLanguage":"fr-FR","potentialAction":[{"@type":"ReadAction","target":["https:\/\/miningspareparts.com\/product\/nflg-js3000xc-mixer-and-parts\/"]}]},{"@type":"ImageObject","inLanguage":"fr-FR","@id":"https:\/\/miningspareparts.com\/product\/nflg-js3000xc-mixer-and-parts\/#primaryimage","url":"https:\/\/miningspareparts.com\/wp-content\/uploads\/2023\/12\/NFLG-JS3000XC-Mixer-And-Parts.webp","contentUrl":"https:\/\/miningspareparts.com\/wp-content\/uploads\/2023\/12\/NFLG-JS3000XC-Mixer-And-Parts.webp","width":800,"height":800},{"@type":"BreadcrumbList","@id":"https:\/\/miningspareparts.com\/product\/nflg-js3000xc-mixer-and-parts\/#breadcrumb","itemListElement":[{"@type":"ListItem","position":1,"name":"Home","item":"https:\/\/miningspareparts.com\/"},{"@type":"ListItem","position":2,"name":"Premium Mining Wear And Spare Parts","item":"https:\/\/miningspareparts.com\/shop\/"},{"@type":"ListItem","position":3,"name":"NFLG JS3000XC Mixer And Parts"}]},{"@type":"WebSite","@id":"https:\/\/miningspareparts.com\/#website","url":"https:\/\/miningspareparts.com\/","name":"Crusher parts , Concrete Mixer Parts, Slurry Pump Parts, Mining Spares","description":"Mining Wear &amp; Spare Parts Supplier","publisher":{"@id":"https:\/\/miningspareparts.com\/#organization"},"potentialAction":[{"@type":"SearchAction","target":{"@type":"EntryPoint","urlTemplate":"https:\/\/miningspareparts.com\/?s={search_term_string}"},"query-input":{"@type":"PropertyValueSpecification","valueRequired":true,"valueName":"search_term_string"}}],"inLanguage":"fr-FR"},{"@type":"Organization","@id":"https:\/\/miningspareparts.com\/#organization","name":"Crusher parts , Concrete Mixer Parts, Slurry Pump Parts, Mining Spares","url":"https:\/\/miningspareparts.com\/","logo":{"@type":"ImageObject","inLanguage":"fr-FR","@id":"https:\/\/miningspareparts.com\/#\/schema\/logo\/image\/","url":"https:\/\/miningspareparts.com\/wp-content\/uploads\/2025\/04\/cropped-cropped-logo\u6b63\u65b9\u5f62.png","contentUrl":"https:\/\/miningspareparts.com\/wp-content\/uploads\/2025\/04\/cropped-cropped-logo\u6b63\u65b9\u5f62.png","width":511,"height":171,"caption":"Crusher parts , Concrete Mixer Parts, Slurry Pump Parts, Mining Spares"},"image":{"@id":"https:\/\/miningspareparts.com\/#\/schema\/logo\/image\/"}}]}},"uagb_featured_image_src":{"full":["https:\/\/miningspareparts.com\/wp-content\/uploads\/2023\/12\/NFLG-JS3000XC-Mixer-And-Parts.webp",800,800,false],"thumbnail":["https:\/\/miningspareparts.com\/wp-content\/uploads\/2023\/12\/NFLG-JS3000XC-Mixer-And-Parts-150x150.webp",150,150,true],"medium":["https:\/\/miningspareparts.com\/wp-content\/uploads\/2023\/12\/NFLG-JS3000XC-Mixer-And-Parts-300x300.webp",300,300,true],"medium_large":["https:\/\/miningspareparts.com\/wp-content\/uploads\/2023\/12\/NFLG-JS3000XC-Mixer-And-Parts-768x768.webp",768,768,true],"large":["https:\/\/miningspareparts.com\/wp-content\/uploads\/2023\/12\/NFLG-JS3000XC-Mixer-And-Parts.webp",800,800,false],"1536x1536":["https:\/\/miningspareparts.com\/wp-content\/uploads\/2023\/12\/NFLG-JS3000XC-Mixer-And-Parts.webp",800,800,false],"2048x2048":["https:\/\/miningspareparts.com\/wp-content\/uploads\/2023\/12\/NFLG-JS3000XC-Mixer-And-Parts.webp",800,800,false],"trp-custom-language-flag":["https:\/\/miningspareparts.com\/wp-content\/uploads\/2023\/12\/NFLG-JS3000XC-Mixer-And-Parts-12x12.webp",12,12,true],"woocommerce_thumbnail":["https:\/\/miningspareparts.com\/wp-content\/uploads\/2023\/12\/NFLG-JS3000XC-Mixer-And-Parts-300x300.webp",300,300,true],"woocommerce_single":["https:\/\/miningspareparts.com\/wp-content\/uploads\/2023\/12\/NFLG-JS3000XC-Mixer-And-Parts-600x600.webp",600,600,true],"woocommerce_gallery_thumbnail":["https:\/\/miningspareparts.com\/wp-content\/uploads\/2023\/12\/NFLG-JS3000XC-Mixer-And-Parts-100x100.webp",100,100,true]},"uagb_author_info":{"display_name":"Miningspareparts","author_link":"https:\/\/miningspareparts.com\/fr\/author\/"},"uagb_comment_info":0,"uagb_excerpt":"Models:NFLG JS3000XC","_links":{"self":[{"href":"https:\/\/miningspareparts.com\/fr\/wp-json\/wp\/v2\/product\/2101","targetHints":{"allow":["GET"]}}],"collection":[{"href":"https:\/\/miningspareparts.com\/fr\/wp-json\/wp\/v2\/product"}],"about":[{"href":"https:\/\/miningspareparts.com\/fr\/wp-json\/wp\/v2\/types\/product"}],"wp:featuredmedia":[{"embeddable":true,"href":"https:\/\/miningspareparts.com\/fr\/wp-json\/wp\/v2\/media\/4786"}],"wp:attachment":[{"href":"https:\/\/miningspareparts.com\/fr\/wp-json\/wp\/v2\/media?parent=2101"}],"wp:term":[{"taxonomy":"product_brand","embeddable":true,"href":"https:\/\/miningspareparts.com\/fr\/wp-json\/wp\/v2\/product_brand?post=2101"},{"taxonomy":"product_cat","embeddable":true,"href":"https:\/\/miningspareparts.com\/fr\/wp-json\/wp\/v2\/product_cat?post=2101"},{"taxonomy":"product_tag","embeddable":true,"href":"https:\/\/miningspareparts.com\/fr\/wp-json\/wp\/v2\/product_tag?post=2101"}],"curies":[{"name":"wp","href":"https:\/\/api.w.org\/{rel}","templated":true}]}}