{"id":2116,"date":"2023-12-31T05:32:02","date_gmt":"2023-12-31T05:32:02","guid":{"rendered":"https:\/\/miningspareparts.com\/?post_type=product&#038;p=2116"},"modified":"2024-04-06T02:59:06","modified_gmt":"2024-04-06T02:59:06","slug":"nflg-3000g-mixer-and-parts","status":"publish","type":"product","link":"https:\/\/miningspareparts.com\/fr\/produit\/nflg-3000g-mixer-and-parts\/","title":{"rendered":"M\u00e9langeur NFLG 3000G et pi\u00e8ces d\u00e9tach\u00e9es"},"content":{"rendered":"<p><strong>Voici une description du m\u00e9langeur et des pi\u00e8ces NFLG 3000G<\/strong><\/p>\n<table>\n<tbody>\n<tr>\n<td width=\"81\">NON.<\/td>\n<td width=\"278\">Sp\u00e9cifications<\/td>\n<td width=\"142\">Code de l'article<\/td>\n<td width=\"66\">Qt\u00e9<\/td>\n<td width=\"73\">Poids unitaire (Kg)<\/td>\n<td width=\"78\">Remarques<\/td>\n<\/tr>\n<tr>\n<td width=\"81\">1<\/td>\n<td width=\"278\">Plaque d'\u00e9tanch\u00e9it\u00e9 de la porte de d\u00e9chargement<\/td>\n<td width=\"142\">JS2250XC-3-3<\/td>\n<td width=\"66\">4<\/td>\n<td width=\"73\">18.6<\/td>\n<td width=\"78\"><\/td>\n<\/tr>\n<tr>\n<td width=\"81\">2<\/td>\n<td width=\"278\">Bande d'\u00e9tanch\u00e9it\u00e9 de la porte de d\u00e9chargement<\/td>\n<td width=\"142\">JS2250XC-3-2<\/td>\n<td width=\"66\">16<\/td>\n<td width=\"73\">5.8<\/td>\n<td width=\"78\"><\/td>\n<\/tr>\n<tr>\n<td width=\"81\">3<\/td>\n<td width=\"278\">Doublure de l'arc sup\u00e9rieur<\/td>\n<td width=\"142\">JS3000XD6-3-1<\/td>\n<td width=\"66\">8<\/td>\n<td width=\"73\">24<\/td>\n<td width=\"78\"><\/td>\n<\/tr>\n<tr>\n<td width=\"81\">4<\/td>\n<td width=\"278\">Diamant<\/td>\n<td width=\"142\">JS3000XD-3-11<\/td>\n<td width=\"66\">98<\/td>\n<td width=\"73\">6.4<\/td>\n<td width=\"78\"><\/td>\n<\/tr>\n<tr>\n<td width=\"81\">5<\/td>\n<td width=\"278\">Trap\u00e8ze<\/td>\n<td width=\"142\">JS3000XD-3-12<\/td>\n<td width=\"66\">28<\/td>\n<td width=\"73\">6.8<\/td>\n<td width=\"78\"><\/td>\n<\/tr>\n<tr>\n<td width=\"81\">6<\/td>\n<td width=\"278\">Garniture d'extr\u00e9mit\u00e9 Petit arc<\/td>\n<td width=\"142\">JS3000XD-3-7<\/td>\n<td width=\"66\">24<\/td>\n<td width=\"73\">7.3<\/td>\n<td width=\"78\"><\/td>\n<\/tr>\n<tr>\n<td width=\"81\">7<\/td>\n<td width=\"278\">Garniture d'extr\u00e9mit\u00e9 Arc fendu<\/td>\n<td width=\"142\">JSL2000XE-3-3<\/td>\n<td width=\"66\">32<\/td>\n<td width=\"73\">9.7<\/td>\n<td width=\"78\"><\/td>\n<\/tr>\n<tr>\n<td width=\"81\">8<\/td>\n<td width=\"278\">Rev\u00eatement d'extr\u00e9mit\u00e9 lrregular 1<\/td>\n<td width=\"142\">JS3000XD-3-4<\/td>\n<td width=\"66\">2<\/td>\n<td width=\"73\">15.8<\/td>\n<td width=\"78\"><\/td>\n<\/tr>\n<tr>\n<td width=\"81\">9<\/td>\n<td width=\"278\">Fin de la doublure irr\u00e9guli\u00e8re 2<\/td>\n<td width=\"142\">JS3000XD-3-5<\/td>\n<td width=\"66\">2<\/td>\n<td width=\"73\">15.8<\/td>\n<td width=\"78\"><\/td>\n<\/tr>\n<tr>\n<td width=\"81\">10<\/td>\n<td width=\"278\">Doublure d'extr\u00e9mit\u00e9 Angle droit lrregular 1<\/td>\n<td width=\"142\">JS2250XC-3-6<\/td>\n<td width=\"66\">2<\/td>\n<td width=\"73\">14.8<\/td>\n<td width=\"78\"><\/td>\n<\/tr>\n<tr>\n<td width=\"81\">11<\/td>\n<td width=\"278\">Doublure d'extr\u00e9mit\u00e9 Angle droit lrregular 2<\/td>\n<td width=\"142\">JS2250XC-3-8<\/td>\n<td width=\"66\">2<\/td>\n<td width=\"73\">14.8<\/td>\n<td width=\"78\"><\/td>\n<\/tr>\n<tr>\n<td width=\"81\">12<\/td>\n<td width=\"278\">Lame de retour lat\u00e9rale<\/td>\n<td width=\"142\">JSL3000-5-1<\/td>\n<td width=\"66\">2<\/td>\n<td width=\"73\">24.2<\/td>\n<td width=\"78\"><\/td>\n<\/tr>\n<tr>\n<td width=\"81\">13<\/td>\n<td width=\"278\">Lame de retour sup\u00e9rieure<\/td>\n<td width=\"142\">JSL2250XC-5-4<\/td>\n<td width=\"66\">2<\/td>\n<td width=\"73\">17<\/td>\n<td width=\"78\"><\/td>\n<\/tr>\n<tr>\n<td width=\"81\">14<\/td>\n<td width=\"278\">Lame de retour inf\u00e9rieure<\/td>\n<td width=\"142\">JSL2250XC-5-5<\/td>\n<td width=\"66\">2<\/td>\n<td width=\"73\">9.2<\/td>\n<td width=\"78\"><\/td>\n<\/tr>\n<tr>\n<td width=\"81\">15<\/td>\n<td width=\"278\">Lame d'alimentation sup\u00e9rieure<\/td>\n<td width=\"142\">JSL2250XC-5-7<\/td>\n<td width=\"66\">2<\/td>\n<td width=\"73\">18.4<\/td>\n<td width=\"78\"><\/td>\n<\/tr>\n<tr>\n<td width=\"81\">16<\/td>\n<td width=\"278\">Lame d'alimentation inf\u00e9rieure<\/td>\n<td width=\"142\">JSL2250XC-5-8<\/td>\n<td width=\"66\">2<\/td>\n<td width=\"73\">9.4<\/td>\n<td width=\"78\"><\/td>\n<\/tr>\n<tr>\n<td width=\"81\">17<\/td>\n<td width=\"278\">Lame d'alimentation A<\/td>\n<td width=\"142\">JSL3000-5-2<\/td>\n<td width=\"66\">6<\/td>\n<td width=\"73\">26.2<\/td>\n<td width=\"78\"><\/td>\n<\/tr>\n<tr>\n<td width=\"81\">18<\/td>\n<td width=\"278\">Lame d'alimentation 8<\/td>\n<td width=\"142\">JSL3000-5-9<\/td>\n<td width=\"66\">8<\/td>\n<td width=\"73\">22.8<\/td>\n<td width=\"78\"><\/td>\n<\/tr>\n<tr>\n<td width=\"81\">19<\/td>\n<td width=\"278\">Lame d'alimentation lat\u00e9rale<\/td>\n<td width=\"142\">JSL3000-5-6<\/td>\n<td width=\"66\">2<\/td>\n<td width=\"73\">26.8<\/td>\n<td width=\"78\"><\/td>\n<\/tr>\n<tr>\n<td width=\"81\">20<\/td>\n<td width=\"278\">Alimentation Bras de m\u00e9lange<\/td>\n<td width=\"142\">JSL3000G-5-5<\/td>\n<td width=\"66\">14<\/td>\n<td width=\"73\">53.6<\/td>\n<td width=\"78\"><\/td>\n<\/tr>\n<tr>\n<td width=\"81\">21<\/td>\n<td width=\"278\">Alimentation Si\u00e8ge inf\u00e9rieur<\/td>\n<td width=\"142\">JSL3000G-5-1<\/td>\n<td width=\"66\">2<\/td>\n<td width=\"73\">25<\/td>\n<td width=\"78\"><\/td>\n<\/tr>\n<tr>\n<td width=\"81\">22<\/td>\n<td width=\"278\">Bras de m\u00e9lange \u00e0 alimentation lat\u00e9rale<\/td>\n<td width=\"142\">JSL3000G-5-3<\/td>\n<td width=\"66\">2<\/td>\n<td width=\"73\">57.85<\/td>\n<td width=\"78\"><\/td>\n<\/tr>\n<tr>\n<td width=\"81\">23<\/td>\n<td width=\"278\">Bras de m\u00e9lange \u00e0 retour lat\u00e9ral<\/td>\n<td width=\"142\">JSL3000G-5-4<\/td>\n<td width=\"66\">2<\/td>\n<td width=\"73\">53.6<\/td>\n<td width=\"78\"><\/td>\n<\/tr>\n<tr>\n<td width=\"81\">24<\/td>\n<td width=\"278\">Manchon de serrage<\/td>\n<td width=\"142\">JSL4000XC-5:4-3<\/td>\n<td width=\"66\">4<\/td>\n<td width=\"73\"><\/td>\n<td width=\"78\"><\/td>\n<\/tr>\n<tr>\n<td width=\"81\">25<\/td>\n<td width=\"278\">Entretoise<\/td>\n<td width=\"142\">JSL3000-5-14<\/td>\n<td width=\"66\">4<\/td>\n<td width=\"73\">17.4<\/td>\n<td width=\"78\"><\/td>\n<\/tr>\n<tr>\n<td width=\"81\">26<\/td>\n<td width=\"278\">Chemise d'arbre<\/td>\n<td width=\"142\">JSL3000-5-11<\/td>\n<td width=\"66\">20<\/td>\n<td width=\"73\"><\/td>\n<td width=\"78\"><\/td>\n<\/tr>\n<\/tbody>\n<\/table>\n<p><img fetchpriority=\"high\" decoding=\"async\" class=\"wp-image-3550 alignleft\" src=\"https:\/\/miningspareparts.com\/wp-content\/uploads\/2024\/01\/Mixer-And-Wear-Parts1-239x300.webp\" alt=\"\" width=\"498\" height=\"625\" srcset=\"https:\/\/miningspareparts.com\/wp-content\/uploads\/2024\/01\/Mixer-And-Wear-Parts1-239x300.webp 239w, https:\/\/miningspareparts.com\/wp-content\/uploads\/2024\/01\/Mixer-And-Wear-Parts1-817x1024.webp 817w, https:\/\/miningspareparts.com\/wp-content\/uploads\/2024\/01\/Mixer-And-Wear-Parts1-768x963.webp 768w, https:\/\/miningspareparts.com\/wp-content\/uploads\/2024\/01\/Mixer-And-Wear-Parts1-1226x1536.webp 1226w, https:\/\/miningspareparts.com\/wp-content\/uploads\/2024\/01\/Mixer-And-Wear-Parts1-1634x2048.webp 1634w, https:\/\/miningspareparts.com\/wp-content\/uploads\/2024\/01\/Mixer-And-Wear-Parts1-600x752.webp 600w, https:\/\/miningspareparts.com\/wp-content\/uploads\/2024\/01\/Mixer-And-Wear-Parts1.webp 2037w\" sizes=\"(max-width: 498px) 100vw, 498px\" \/><span style=\"font-size: 16px\">\u00a0<\/span><img decoding=\"async\" class=\"wp-image-3551 alignnone\" style=\"font-weight: inherit\" src=\"https:\/\/miningspareparts.com\/wp-content\/uploads\/2024\/01\/Mixer-And-Wear-Parts2-210x300.webp\" alt=\"\" width=\"454\" height=\"649\" srcset=\"https:\/\/miningspareparts.com\/wp-content\/uploads\/2024\/01\/Mixer-And-Wear-Parts2-210x300.webp 210w, https:\/\/miningspareparts.com\/wp-content\/uploads\/2024\/01\/Mixer-And-Wear-Parts2-600x856.webp 600w\" sizes=\"(max-width: 454px) 100vw, 454px\" \/><\/p>\n<p>Dans notre usine, nous sommes fiers de fabriquer des pales, des bras de malaxage et des rev\u00eatements de malaxeur \u00e0 deux arbres NFLG 3000G qui incarnent l'essence du remplacement d'origine. Notre engagement en faveur de l'excellence va au-del\u00e0 des simples pi\u00e8ces ; il englobe une compr\u00e9hension globale de l'importance des solutions du march\u00e9 secondaire et de la durabilit\u00e9 requise dans le domaine exigeant du malaxage du b\u00e9ton.<\/p>\n<p>Le remplacement d'origine, dans notre contexte, signifie l'ing\u00e9nierie m\u00e9ticuleuse et la fabrication de pr\u00e9cision de chaque composant NFLG 3000G. Nous respectons les normes industrielles les plus strictes, garantissant que nos produits s'int\u00e8grent parfaitement dans les machines d'origine, pour un ajustement parfait et des performances optimales. Cet engagement en faveur de l'authenticit\u00e9 garantit aux op\u00e9rateurs des temps d'arr\u00eat minimaux, car nos composants sont con\u00e7us pour refl\u00e9ter pr\u00e9cis\u00e9ment les sp\u00e9cifications des machines d'origine.<\/p>\n<p>La durabilit\u00e9 est la pierre angulaire de notre philosophie de fabrication. Nous reconnaissons que dans l'environnement difficile du malaxage du b\u00e9ton, l'usure est in\u00e9vitable. C'est pourquoi nos composants NFLG 3000G sont con\u00e7us pour r\u00e9sister aux rigueurs d'une utilisation intensive. Les mat\u00e9riaux utilis\u00e9s et la pr\u00e9cision de la fabrication garantissent non seulement la long\u00e9vit\u00e9, mais aussi des performances soutenues dans des conditions difficiles.<\/p>\n<p>En conclusion, lorsque vous choisissez nos pales, bras de malaxage et rev\u00eatements de malaxeur \u00e0 double arbre NFLG 3000G, vous optez pour des pi\u00e8ces de rechange d'origine qui s'int\u00e8grent parfaitement, des solutions apr\u00e8s-vente qui d\u00e9passent les attentes et une durabilit\u00e9 qui r\u00e9siste \u00e0 l'\u00e9preuve du temps. Notre engagement est de vous fournir non seulement des composants, mais aussi des partenaires fiables pour la r\u00e9ussite de vos op\u00e9rations de m\u00e9lange du b\u00e9ton.<\/p>","protected":false},"excerpt":{"rendered":"<p>Mod\u00e8les:NFLG 3000G<\/p>","protected":false},"featured_media":4788,"template":"","meta":{"_uag_custom_page_level_css":"","site-sidebar-layout":"default","site-content-layout":"","ast-site-content-layout":"default","site-content-style":"default","site-sidebar-style":"default","ast-global-header-display":"","ast-banner-title-visibility":"","ast-main-header-display":"","ast-hfb-above-header-display":"","ast-hfb-below-header-display":"","ast-hfb-mobile-header-display":"","site-post-title":"","ast-breadcrumbs-content":"","ast-featured-img":"","footer-sml-layout":"","ast-disable-related-posts":"","theme-transparent-header-meta":"default","adv-header-id-meta":"","stick-header-meta":"default","header-above-stick-meta":"","header-main-stick-meta":"","header-below-stick-meta":"","astra-migrate-meta-layouts":"set","ast-page-background-enabled":"default","ast-page-background-meta":{"desktop":{"background-color":"var(--ast-global-color-4)","background-image":"","background-repeat":"repeat","background-position":"center center","background-size":"auto","background-attachment":"scroll","background-type":"","background-media":"","overlay-type":"","overlay-color":"","overlay-opacity":"","overlay-gradient":""},"tablet":{"background-color":"","background-image":"","background-repeat":"repeat","background-position":"center center","background-size":"auto","background-attachment":"scroll","background-type":"","background-media":"","overlay-type":"","overlay-color":"","overlay-opacity":"","overlay-gradient":""},"mobile":{"background-color":"","background-image":"","background-repeat":"repeat","background-position":"center center","background-size":"auto","background-attachment":"scroll","background-type":"","background-media":"","overlay-type":"","overlay-color":"","overlay-opacity":"","overlay-gradient":""}},"ast-content-background-meta":{"desktop":{"background-color":"var(--ast-global-color-5)","background-image":"","background-repeat":"repeat","background-position":"center center","background-size":"auto","background-attachment":"scroll","background-type":"","background-media":"","overlay-type":"","overlay-color":"","overlay-opacity":"","overlay-gradient":""},"tablet":{"background-color":"var(--ast-global-color-5)","background-image":"","background-repeat":"repeat","background-position":"center center","background-size":"auto","background-attachment":"scroll","background-type":"","background-media":"","overlay-type":"","overlay-color":"","overlay-opacity":"","overlay-gradient":""},"mobile":{"background-color":"var(--ast-global-color-5)","background-image":"","background-repeat":"repeat","background-position":"center center","background-size":"auto","background-attachment":"scroll","background-type":"","background-media":"","overlay-type":"","overlay-color":"","overlay-opacity":"","overlay-gradient":""}}},"product_brand":[],"product_cat":[82,248],"product_tag":[267,268,269],"class_list":{"0":"post-2116","1":"product","2":"type-product","3":"status-publish","4":"has-post-thumbnail","6":"product_cat-asphalt-mixer-parts","7":"product_cat-nflg","8":"product_tag-asphalt","9":"product_tag-blade","10":"product_tag-mixing-arm","11":"desktop-align-left","12":"tablet-align-left","13":"mobile-align-left","14":"ast-product-gallery-layout-horizontal-slider","15":"ast-product-gallery-with-no-image","16":"ast-product-single-variable","17":"ast-product-tabs-layout-horizontal","19":"first","20":"instock","21":"shipping-taxable","22":"purchasable","23":"product-type-variable"},"yoast_head":"<!-- This site is optimized with the Yoast SEO plugin v27.4 - https:\/\/yoast.com\/product\/yoast-seo-wordpress\/ -->\n<title>NFLG 3000G Mixer And Parts - Crusher parts, Slurry Pump Parts, Excavator shovel parts<\/title>\n<meta name=\"description\" content=\"NFLG 3000G twin-shaft mixer blades, mixer arms and liners are original replacements, ensuring wear resistance for continued efficiency.\" \/>\n<meta name=\"robots\" content=\"index, follow, max-snippet:-1, max-image-preview:large, max-video-preview:-1\" \/>\n<link rel=\"canonical\" href=\"https:\/\/miningspareparts.com\/fr\/produit\/nflg-3000g-mixer-and-parts\/\" \/>\n<meta property=\"og:locale\" content=\"fr_FR\" \/>\n<meta property=\"og:type\" content=\"article\" \/>\n<meta property=\"og:title\" content=\"NFLG 3000G Mixer And Parts - Crusher parts, Slurry Pump Parts, Excavator shovel parts\" \/>\n<meta property=\"og:description\" content=\"NFLG 3000G twin-shaft mixer blades, mixer arms and liners are original replacements, ensuring wear resistance for continued efficiency.\" \/>\n<meta property=\"og:url\" content=\"https:\/\/miningspareparts.com\/fr\/produit\/nflg-3000g-mixer-and-parts\/\" \/>\n<meta property=\"og:site_name\" content=\"Crusher parts, Slurry Pump Parts, Excavator shovel parts\" \/>\n<meta property=\"article:modified_time\" content=\"2024-04-06T02:59:06+00:00\" \/>\n<meta property=\"og:image\" content=\"https:\/\/miningspareparts.com\/wp-content\/uploads\/2023\/12\/NFLG-3000G-Mixer-And-Parts.webp\" \/>\n\t<meta property=\"og:image:width\" content=\"800\" \/>\n\t<meta property=\"og:image:height\" content=\"800\" \/>\n\t<meta property=\"og:image:type\" content=\"image\/webp\" \/>\n<meta name=\"twitter:card\" content=\"summary_large_image\" \/>\n<meta name=\"twitter:label1\" content=\"Dur\u00e9e de lecture estim\u00e9e\" \/>\n\t<meta name=\"twitter:data1\" content=\"3 minutes\" \/>\n<script type=\"application\/ld+json\" class=\"yoast-schema-graph\">{\"@context\":\"https:\\\/\\\/schema.org\",\"@graph\":[{\"@type\":\"WebPage\",\"@id\":\"https:\\\/\\\/miningspareparts.com\\\/product\\\/nflg-3000g-mixer-and-parts\\\/\",\"url\":\"https:\\\/\\\/miningspareparts.com\\\/product\\\/nflg-3000g-mixer-and-parts\\\/\",\"name\":\"NFLG 3000G Mixer And Parts - Crusher parts, Slurry Pump Parts, Excavator shovel parts\",\"isPartOf\":{\"@id\":\"https:\\\/\\\/miningspareparts.com\\\/#website\"},\"primaryImageOfPage\":{\"@id\":\"https:\\\/\\\/miningspareparts.com\\\/product\\\/nflg-3000g-mixer-and-parts\\\/#primaryimage\"},\"image\":{\"@id\":\"https:\\\/\\\/miningspareparts.com\\\/product\\\/nflg-3000g-mixer-and-parts\\\/#primaryimage\"},\"thumbnailUrl\":\"https:\\\/\\\/miningspareparts.com\\\/wp-content\\\/uploads\\\/2023\\\/12\\\/NFLG-3000G-Mixer-And-Parts.webp\",\"datePublished\":\"2023-12-31T05:32:02+00:00\",\"dateModified\":\"2024-04-06T02:59:06+00:00\",\"description\":\"NFLG 3000G twin-shaft mixer blades, mixer arms and liners are original replacements, ensuring wear resistance for continued efficiency.\",\"breadcrumb\":{\"@id\":\"https:\\\/\\\/miningspareparts.com\\\/product\\\/nflg-3000g-mixer-and-parts\\\/#breadcrumb\"},\"inLanguage\":\"fr-FR\",\"potentialAction\":[{\"@type\":\"ReadAction\",\"target\":[\"https:\\\/\\\/miningspareparts.com\\\/product\\\/nflg-3000g-mixer-and-parts\\\/\"]}]},{\"@type\":\"ImageObject\",\"inLanguage\":\"fr-FR\",\"@id\":\"https:\\\/\\\/miningspareparts.com\\\/product\\\/nflg-3000g-mixer-and-parts\\\/#primaryimage\",\"url\":\"https:\\\/\\\/miningspareparts.com\\\/wp-content\\\/uploads\\\/2023\\\/12\\\/NFLG-3000G-Mixer-And-Parts.webp\",\"contentUrl\":\"https:\\\/\\\/miningspareparts.com\\\/wp-content\\\/uploads\\\/2023\\\/12\\\/NFLG-3000G-Mixer-And-Parts.webp\",\"width\":800,\"height\":800},{\"@type\":\"BreadcrumbList\",\"@id\":\"https:\\\/\\\/miningspareparts.com\\\/product\\\/nflg-3000g-mixer-and-parts\\\/#breadcrumb\",\"itemListElement\":[{\"@type\":\"ListItem\",\"position\":1,\"name\":\"Home\",\"item\":\"https:\\\/\\\/miningspareparts.com\\\/\"},{\"@type\":\"ListItem\",\"position\":2,\"name\":\"Premium Mining Wear And Spare Parts\",\"item\":\"https:\\\/\\\/miningspareparts.com\\\/shop\\\/\"},{\"@type\":\"ListItem\",\"position\":3,\"name\":\"NFLG 3000G Mixer And Parts\"}]},{\"@type\":\"WebSite\",\"@id\":\"https:\\\/\\\/miningspareparts.com\\\/#website\",\"url\":\"https:\\\/\\\/miningspareparts.com\\\/\",\"name\":\"Crusher parts , Concrete Mixer Parts, Slurry Pump Parts, Mining Spares\",\"description\":\"Mining Wear &amp; Spare Parts Supplier\",\"publisher\":{\"@id\":\"https:\\\/\\\/miningspareparts.com\\\/#organization\"},\"potentialAction\":[{\"@type\":\"SearchAction\",\"target\":{\"@type\":\"EntryPoint\",\"urlTemplate\":\"https:\\\/\\\/miningspareparts.com\\\/?s={search_term_string}\"},\"query-input\":{\"@type\":\"PropertyValueSpecification\",\"valueRequired\":true,\"valueName\":\"search_term_string\"}}],\"inLanguage\":\"fr-FR\"},{\"@type\":\"Organization\",\"@id\":\"https:\\\/\\\/miningspareparts.com\\\/#organization\",\"name\":\"Crusher parts , Concrete Mixer Parts, Slurry Pump Parts, Mining Spares\",\"url\":\"https:\\\/\\\/miningspareparts.com\\\/\",\"logo\":{\"@type\":\"ImageObject\",\"inLanguage\":\"fr-FR\",\"@id\":\"https:\\\/\\\/miningspareparts.com\\\/#\\\/schema\\\/logo\\\/image\\\/\",\"url\":\"https:\\\/\\\/miningspareparts.com\\\/wp-content\\\/uploads\\\/2025\\\/04\\\/cropped-cropped-logo\u6b63\u65b9\u5f62.png\",\"contentUrl\":\"https:\\\/\\\/miningspareparts.com\\\/wp-content\\\/uploads\\\/2025\\\/04\\\/cropped-cropped-logo\u6b63\u65b9\u5f62.png\",\"width\":511,\"height\":171,\"caption\":\"Crusher parts , Concrete Mixer Parts, Slurry Pump Parts, Mining Spares\"},\"image\":{\"@id\":\"https:\\\/\\\/miningspareparts.com\\\/#\\\/schema\\\/logo\\\/image\\\/\"}}]}<\/script>\n<!-- \/ Yoast SEO plugin. -->","yoast_head_json":{"title":"NFLG 3000G Mixer And Parts - Crusher parts, Slurry Pump Parts, Excavator shovel parts","description":"NFLG 3000G twin-shaft mixer blades, mixer arms and liners are original replacements, ensuring wear resistance for continued efficiency.","robots":{"index":"index","follow":"follow","max-snippet":"max-snippet:-1","max-image-preview":"max-image-preview:large","max-video-preview":"max-video-preview:-1"},"canonical":"https:\/\/miningspareparts.com\/fr\/produit\/nflg-3000g-mixer-and-parts\/","og_locale":"fr_FR","og_type":"article","og_title":"NFLG 3000G Mixer And Parts - Crusher parts, Slurry Pump Parts, Excavator shovel parts","og_description":"NFLG 3000G twin-shaft mixer blades, mixer arms and liners are original replacements, ensuring wear resistance for continued efficiency.","og_url":"https:\/\/miningspareparts.com\/fr\/produit\/nflg-3000g-mixer-and-parts\/","og_site_name":"Crusher parts, Slurry Pump Parts, Excavator shovel parts","article_modified_time":"2024-04-06T02:59:06+00:00","og_image":[{"width":800,"height":800,"url":"https:\/\/miningspareparts.com\/wp-content\/uploads\/2023\/12\/NFLG-3000G-Mixer-And-Parts.webp","type":"image\/webp"}],"twitter_card":"summary_large_image","twitter_misc":{"Dur\u00e9e de lecture estim\u00e9e":"3 minutes"},"schema":{"@context":"https:\/\/schema.org","@graph":[{"@type":"WebPage","@id":"https:\/\/miningspareparts.com\/product\/nflg-3000g-mixer-and-parts\/","url":"https:\/\/miningspareparts.com\/product\/nflg-3000g-mixer-and-parts\/","name":"NFLG 3000G Mixer And Parts - Crusher parts, Slurry Pump Parts, Excavator shovel parts","isPartOf":{"@id":"https:\/\/miningspareparts.com\/#website"},"primaryImageOfPage":{"@id":"https:\/\/miningspareparts.com\/product\/nflg-3000g-mixer-and-parts\/#primaryimage"},"image":{"@id":"https:\/\/miningspareparts.com\/product\/nflg-3000g-mixer-and-parts\/#primaryimage"},"thumbnailUrl":"https:\/\/miningspareparts.com\/wp-content\/uploads\/2023\/12\/NFLG-3000G-Mixer-And-Parts.webp","datePublished":"2023-12-31T05:32:02+00:00","dateModified":"2024-04-06T02:59:06+00:00","description":"NFLG 3000G twin-shaft mixer blades, mixer arms and liners are original replacements, ensuring wear resistance for continued efficiency.","breadcrumb":{"@id":"https:\/\/miningspareparts.com\/product\/nflg-3000g-mixer-and-parts\/#breadcrumb"},"inLanguage":"fr-FR","potentialAction":[{"@type":"ReadAction","target":["https:\/\/miningspareparts.com\/product\/nflg-3000g-mixer-and-parts\/"]}]},{"@type":"ImageObject","inLanguage":"fr-FR","@id":"https:\/\/miningspareparts.com\/product\/nflg-3000g-mixer-and-parts\/#primaryimage","url":"https:\/\/miningspareparts.com\/wp-content\/uploads\/2023\/12\/NFLG-3000G-Mixer-And-Parts.webp","contentUrl":"https:\/\/miningspareparts.com\/wp-content\/uploads\/2023\/12\/NFLG-3000G-Mixer-And-Parts.webp","width":800,"height":800},{"@type":"BreadcrumbList","@id":"https:\/\/miningspareparts.com\/product\/nflg-3000g-mixer-and-parts\/#breadcrumb","itemListElement":[{"@type":"ListItem","position":1,"name":"Home","item":"https:\/\/miningspareparts.com\/"},{"@type":"ListItem","position":2,"name":"Premium Mining Wear And Spare Parts","item":"https:\/\/miningspareparts.com\/shop\/"},{"@type":"ListItem","position":3,"name":"NFLG 3000G Mixer And Parts"}]},{"@type":"WebSite","@id":"https:\/\/miningspareparts.com\/#website","url":"https:\/\/miningspareparts.com\/","name":"Crusher parts , Concrete Mixer Parts, Slurry Pump Parts, Mining Spares","description":"Mining Wear &amp; Spare Parts Supplier","publisher":{"@id":"https:\/\/miningspareparts.com\/#organization"},"potentialAction":[{"@type":"SearchAction","target":{"@type":"EntryPoint","urlTemplate":"https:\/\/miningspareparts.com\/?s={search_term_string}"},"query-input":{"@type":"PropertyValueSpecification","valueRequired":true,"valueName":"search_term_string"}}],"inLanguage":"fr-FR"},{"@type":"Organization","@id":"https:\/\/miningspareparts.com\/#organization","name":"Crusher parts , Concrete Mixer Parts, Slurry Pump Parts, Mining Spares","url":"https:\/\/miningspareparts.com\/","logo":{"@type":"ImageObject","inLanguage":"fr-FR","@id":"https:\/\/miningspareparts.com\/#\/schema\/logo\/image\/","url":"https:\/\/miningspareparts.com\/wp-content\/uploads\/2025\/04\/cropped-cropped-logo\u6b63\u65b9\u5f62.png","contentUrl":"https:\/\/miningspareparts.com\/wp-content\/uploads\/2025\/04\/cropped-cropped-logo\u6b63\u65b9\u5f62.png","width":511,"height":171,"caption":"Crusher parts , Concrete Mixer Parts, Slurry Pump Parts, Mining Spares"},"image":{"@id":"https:\/\/miningspareparts.com\/#\/schema\/logo\/image\/"}}]}},"uagb_featured_image_src":{"full":["https:\/\/miningspareparts.com\/wp-content\/uploads\/2023\/12\/NFLG-3000G-Mixer-And-Parts.webp",800,800,false],"thumbnail":["https:\/\/miningspareparts.com\/wp-content\/uploads\/2023\/12\/NFLG-3000G-Mixer-And-Parts-150x150.webp",150,150,true],"medium":["https:\/\/miningspareparts.com\/wp-content\/uploads\/2023\/12\/NFLG-3000G-Mixer-And-Parts-300x300.webp",300,300,true],"medium_large":["https:\/\/miningspareparts.com\/wp-content\/uploads\/2023\/12\/NFLG-3000G-Mixer-And-Parts-768x768.webp",768,768,true],"large":["https:\/\/miningspareparts.com\/wp-content\/uploads\/2023\/12\/NFLG-3000G-Mixer-And-Parts.webp",800,800,false],"1536x1536":["https:\/\/miningspareparts.com\/wp-content\/uploads\/2023\/12\/NFLG-3000G-Mixer-And-Parts.webp",800,800,false],"2048x2048":["https:\/\/miningspareparts.com\/wp-content\/uploads\/2023\/12\/NFLG-3000G-Mixer-And-Parts.webp",800,800,false],"trp-custom-language-flag":["https:\/\/miningspareparts.com\/wp-content\/uploads\/2023\/12\/NFLG-3000G-Mixer-And-Parts-12x12.webp",12,12,true],"woocommerce_thumbnail":["https:\/\/miningspareparts.com\/wp-content\/uploads\/2023\/12\/NFLG-3000G-Mixer-And-Parts-300x300.webp",300,300,true],"woocommerce_single":["https:\/\/miningspareparts.com\/wp-content\/uploads\/2023\/12\/NFLG-3000G-Mixer-And-Parts-600x600.webp",600,600,true],"woocommerce_gallery_thumbnail":["https:\/\/miningspareparts.com\/wp-content\/uploads\/2023\/12\/NFLG-3000G-Mixer-And-Parts-100x100.webp",100,100,true]},"uagb_author_info":{"display_name":"Miningspareparts","author_link":"https:\/\/miningspareparts.com\/fr\/author\/"},"uagb_comment_info":0,"uagb_excerpt":"Models:NFLG 3000G","_links":{"self":[{"href":"https:\/\/miningspareparts.com\/fr\/wp-json\/wp\/v2\/product\/2116","targetHints":{"allow":["GET"]}}],"collection":[{"href":"https:\/\/miningspareparts.com\/fr\/wp-json\/wp\/v2\/product"}],"about":[{"href":"https:\/\/miningspareparts.com\/fr\/wp-json\/wp\/v2\/types\/product"}],"wp:featuredmedia":[{"embeddable":true,"href":"https:\/\/miningspareparts.com\/fr\/wp-json\/wp\/v2\/media\/4788"}],"wp:attachment":[{"href":"https:\/\/miningspareparts.com\/fr\/wp-json\/wp\/v2\/media?parent=2116"}],"wp:term":[{"taxonomy":"product_brand","embeddable":true,"href":"https:\/\/miningspareparts.com\/fr\/wp-json\/wp\/v2\/product_brand?post=2116"},{"taxonomy":"product_cat","embeddable":true,"href":"https:\/\/miningspareparts.com\/fr\/wp-json\/wp\/v2\/product_cat?post=2116"},{"taxonomy":"product_tag","embeddable":true,"href":"https:\/\/miningspareparts.com\/fr\/wp-json\/wp\/v2\/product_tag?post=2116"}],"curies":[{"name":"wp","href":"https:\/\/api.w.org\/{rel}","templated":true}]}}