{"id":2137,"date":"2023-12-31T05:52:39","date_gmt":"2023-12-31T05:52:39","guid":{"rendered":"https:\/\/miningspareparts.com\/?post_type=product&#038;p=2137"},"modified":"2024-01-18T05:10:59","modified_gmt":"2024-01-18T05:10:59","slug":"shantui-janeoo1500b-1000c-mixer-and-parts","status":"publish","type":"product","link":"https:\/\/miningspareparts.com\/fr\/produit\/shantui-janeoo1500b-1000c-mixer-and-parts\/","title":{"rendered":"SHANTUI Janeoo1500B\/1000C M\u00e9langeur et pi\u00e8ces d\u00e9tach\u00e9es"},"content":{"rendered":"<p><strong>Voici une description du SHANTUI Janeoo1500B\/1000C Mixer et pi\u00e8ces d\u00e9tach\u00e9es<\/strong><\/p>\n<table>\n<tbody>\n<tr>\n<td width=\"64\">NON.<\/td>\n<td width=\"266\">Sp\u00e9cifications<\/td>\n<td width=\"76\">Qt\u00e9<\/td>\n<td width=\"66\">Unit\u00e9.<\/td>\n<td width=\"85\">Poids unitaire (Kg)<\/td>\n<td width=\"82\">Poids total (Kg)<\/td>\n<td width=\"78\">Remarques<\/td>\n<\/tr>\n<tr>\n<td width=\"64\">1<\/td>\n<td width=\"266\">Arc Liner<\/td>\n<td width=\"76\">98<\/td>\n<td width=\"66\">\u4ef6<\/td>\n<td width=\"85\">3.7<\/td>\n<td width=\"82\">362.6<\/td>\n<td width=\"78\"><\/td>\n<\/tr>\n<tr>\n<td width=\"64\">2<\/td>\n<td width=\"266\">Doublure de bouche<\/td>\n<td width=\"76\">14<\/td>\n<td width=\"66\">\u4ef6<\/td>\n<td width=\"85\">6<\/td>\n<td width=\"82\">84<\/td>\n<td width=\"78\"><\/td>\n<\/tr>\n<tr>\n<td width=\"64\">3<\/td>\n<td width=\"266\">Lame centrale<\/td>\n<td width=\"76\">12<\/td>\n<td width=\"66\">\u4ef6<\/td>\n<td width=\"85\">7.9<\/td>\n<td width=\"82\">94.8<\/td>\n<td width=\"78\"><\/td>\n<\/tr>\n<tr>\n<td width=\"64\">4<\/td>\n<td width=\"266\">Lame lat\u00e9rale<\/td>\n<td width=\"76\">4<\/td>\n<td width=\"66\">\u4ef6<\/td>\n<td width=\"85\">9.4<\/td>\n<td width=\"82\">37.6<\/td>\n<td width=\"78\"><\/td>\n<\/tr>\n<tr>\n<td width=\"64\">5<\/td>\n<td width=\"266\">Grattoir<\/td>\n<td width=\"76\">4<\/td>\n<td width=\"66\">\u4ef6<\/td>\n<td width=\"85\">11<\/td>\n<td width=\"82\">44<\/td>\n<td width=\"78\"><\/td>\n<\/tr>\n<tr>\n<td width=\"64\">6<\/td>\n<td width=\"266\">Bras central<\/td>\n<td width=\"76\">12<\/td>\n<td width=\"66\">\u4ef6<\/td>\n<td width=\"85\">28.7<\/td>\n<td width=\"82\">344.4<\/td>\n<td width=\"78\"><\/td>\n<\/tr>\n<tr>\n<td width=\"64\">7<\/td>\n<td width=\"266\">Bras lat\u00e9ral<\/td>\n<td width=\"76\">4<\/td>\n<td width=\"66\">\u4ef6<\/td>\n<td width=\"85\">29<\/td>\n<td width=\"82\">116<\/td>\n<td width=\"78\"><\/td>\n<\/tr>\n<tr>\n<td width=\"64\">8<\/td>\n<td width=\"266\">Si\u00e8ge inf\u00e9rieur<\/td>\n<td width=\"76\">16<\/td>\n<td width=\"66\">\u4ef6<\/td>\n<td width=\"85\">11.5<\/td>\n<td width=\"82\">184<\/td>\n<td width=\"78\"><\/td>\n<\/tr>\n<tr>\n<td width=\"64\">9<\/td>\n<td width=\"266\">Doublure en forme d'\u00e9ventail 1<\/td>\n<td width=\"76\">8<\/td>\n<td width=\"66\">\u4ef6<\/td>\n<td width=\"85\">15.3<\/td>\n<td width=\"82\">122.4<\/td>\n<td width=\"78\"><\/td>\n<\/tr>\n<tr>\n<td width=\"64\">10<\/td>\n<td width=\"266\">Doublure en forme d'\u00e9ventail 2<\/td>\n<td width=\"76\">8<\/td>\n<td width=\"66\">\u4ef6<\/td>\n<td width=\"85\">15.2<\/td>\n<td width=\"82\">121.6<\/td>\n<td width=\"78\"><\/td>\n<\/tr>\n<tr>\n<td width=\"64\">11<\/td>\n<td width=\"266\">Doublure de col<\/td>\n<td width=\"76\">8<\/td>\n<td width=\"66\">\u4ef6<\/td>\n<td width=\"85\">13.4<\/td>\n<td width=\"82\">107.2<\/td>\n<td width=\"78\"><\/td>\n<\/tr>\n<tr>\n<td width=\"64\">Total<\/td>\n<td width=\"266\"><\/td>\n<td width=\"76\">188<\/td>\n<td width=\"66\"><\/td>\n<td width=\"85\"><\/td>\n<td width=\"82\">1618.6<\/td>\n<td width=\"78\"><\/td>\n<\/tr>\n<\/tbody>\n<\/table>\n<p><img fetchpriority=\"high\" decoding=\"async\" class=\"wp-image-3550 alignleft\" src=\"https:\/\/miningspareparts.com\/wp-content\/uploads\/2024\/01\/Mixer-And-Wear-Parts1-239x300.webp\" alt=\"\" width=\"498\" height=\"625\" srcset=\"https:\/\/miningspareparts.com\/wp-content\/uploads\/2024\/01\/Mixer-And-Wear-Parts1-239x300.webp 239w, https:\/\/miningspareparts.com\/wp-content\/uploads\/2024\/01\/Mixer-And-Wear-Parts1-817x1024.webp 817w, https:\/\/miningspareparts.com\/wp-content\/uploads\/2024\/01\/Mixer-And-Wear-Parts1-768x963.webp 768w, https:\/\/miningspareparts.com\/wp-content\/uploads\/2024\/01\/Mixer-And-Wear-Parts1-1226x1536.webp 1226w, https:\/\/miningspareparts.com\/wp-content\/uploads\/2024\/01\/Mixer-And-Wear-Parts1-1634x2048.webp 1634w, https:\/\/miningspareparts.com\/wp-content\/uploads\/2024\/01\/Mixer-And-Wear-Parts1-600x752.webp 600w, https:\/\/miningspareparts.com\/wp-content\/uploads\/2024\/01\/Mixer-And-Wear-Parts1.webp 2037w\" sizes=\"(max-width: 498px) 100vw, 498px\" \/><span style=\"font-size: 16px\">\u00a0<\/span><img decoding=\"async\" class=\"wp-image-3551 alignnone\" style=\"font-weight: inherit\" src=\"https:\/\/miningspareparts.com\/wp-content\/uploads\/2024\/01\/Mixer-And-Wear-Parts2-210x300.webp\" alt=\"\" width=\"454\" height=\"649\" srcset=\"https:\/\/miningspareparts.com\/wp-content\/uploads\/2024\/01\/Mixer-And-Wear-Parts2-210x300.webp 210w, https:\/\/miningspareparts.com\/wp-content\/uploads\/2024\/01\/Mixer-And-Wear-Parts2-600x856.webp 600w\" sizes=\"(max-width: 454px) 100vw, 454px\" \/><\/p>\n<p>En tant que fabricant engag\u00e9 \u00e0 surpasser les normes de l'industrie, nos produits red\u00e9finissent les r\u00e9f\u00e9rences en mati\u00e8re de durabilit\u00e9 et de performance.<\/p>\n<p>Original Replacement Precision :<br \/>\nNos composants sont des parangons d'originalit\u00e9, m\u00e9ticuleusement con\u00e7us pour reproduire les sp\u00e9cifications du fabricant. En tant que pionniers dans le domaine des pi\u00e8ces de rechange d'origine, nous accordons la priorit\u00e9 \u00e0 la pr\u00e9cision et \u00e0 la compatibilit\u00e9, garantissant ainsi une adaptation parfaite aux malaxeurs \u00e0 deux arbres SHANTUI Janeoo1500B\/1000C. Cet engagement permet \u00e0 votre \u00e9quipement de conserver son efficacit\u00e9 maximale et de fournir des performances optimales tout au long de sa dur\u00e9e de vie.<\/p>\n<p>Excellence du march\u00e9 de l'apr\u00e8s-vente :<br \/>\nReconnaissant la nature dynamique de l'industrie de la construction, nos composants du march\u00e9 secondaire sont con\u00e7us dans un souci d'adaptabilit\u00e9. Nous ne nous contentons pas de proposer de simples alternatives ; nos offres de pi\u00e8ces de rechange constituent des solutions robustes, incarnant la m\u00eame qualit\u00e9 et la m\u00eame fiabilit\u00e9 que leurs homologues d'origine. Avec nos produits, vous b\u00e9n\u00e9ficiez d'un moyen rentable de maintenir et d'am\u00e9liorer la fonctionnalit\u00e9 de votre \u00e9quipement de m\u00e9lange.<\/p>\n<p>Une ing\u00e9niosit\u00e9 durable :<br \/>\nLa durabilit\u00e9 est la pierre angulaire de notre philosophie de fabrication. Les pales, les bras de m\u00e9lange et les rev\u00eatements du m\u00e9langeur \u00e0 deux arbres SHANTUI Janeoo1500B\/1000C de notre ligne de production sont forg\u00e9s \u00e0 partir de mat\u00e9riaux d'une solidit\u00e9, d'une r\u00e9silience et d'une r\u00e9sistance \u00e0 l'usure sup\u00e9rieures. Il en r\u00e9sulte des composants qui r\u00e9sistent aux rigueurs des applications de m\u00e9lange \u00e0 usage intensif, r\u00e9duisant ainsi les temps d'arr\u00eat et les co\u00fbts de maintenance.<\/p>\n<p>&nbsp;<\/p>","protected":false},"excerpt":{"rendered":"<p>Mod\u00e8les:SHANTUI Janeoo 1500B\/1000C<\/p>","protected":false},"featured_media":1866,"template":"","meta":{"_uag_custom_page_level_css":"","site-sidebar-layout":"default","site-content-layout":"","ast-site-content-layout":"default","site-content-style":"default","site-sidebar-style":"default","ast-global-header-display":"","ast-banner-title-visibility":"","ast-main-header-display":"","ast-hfb-above-header-display":"","ast-hfb-below-header-display":"","ast-hfb-mobile-header-display":"","site-post-title":"","ast-breadcrumbs-content":"","ast-featured-img":"","footer-sml-layout":"","ast-disable-related-posts":"","theme-transparent-header-meta":"default","adv-header-id-meta":"","stick-header-meta":"default","header-above-stick-meta":"","header-main-stick-meta":"","header-below-stick-meta":"","astra-migrate-meta-layouts":"set","ast-page-background-enabled":"default","ast-page-background-meta":{"desktop":{"background-color":"var(--ast-global-color-4)","background-image":"","background-repeat":"repeat","background-position":"center center","background-size":"auto","background-attachment":"scroll","background-type":"","background-media":"","overlay-type":"","overlay-color":"","overlay-opacity":"","overlay-gradient":""},"tablet":{"background-color":"","background-image":"","background-repeat":"repeat","background-position":"center center","background-size":"auto","background-attachment":"scroll","background-type":"","background-media":"","overlay-type":"","overlay-color":"","overlay-opacity":"","overlay-gradient":""},"mobile":{"background-color":"","background-image":"","background-repeat":"repeat","background-position":"center center","background-size":"auto","background-attachment":"scroll","background-type":"","background-media":"","overlay-type":"","overlay-color":"","overlay-opacity":"","overlay-gradient":""}},"ast-content-background-meta":{"desktop":{"background-color":"var(--ast-global-color-5)","background-image":"","background-repeat":"repeat","background-position":"center center","background-size":"auto","background-attachment":"scroll","background-type":"","background-media":"","overlay-type":"","overlay-color":"","overlay-opacity":"","overlay-gradient":""},"tablet":{"background-color":"var(--ast-global-color-5)","background-image":"","background-repeat":"repeat","background-position":"center center","background-size":"auto","background-attachment":"scroll","background-type":"","background-media":"","overlay-type":"","overlay-color":"","overlay-opacity":"","overlay-gradient":""},"mobile":{"background-color":"var(--ast-global-color-5)","background-image":"","background-repeat":"repeat","background-position":"center center","background-size":"auto","background-attachment":"scroll","background-type":"","background-media":"","overlay-type":"","overlay-color":"","overlay-opacity":"","overlay-gradient":""}}},"product_brand":[],"product_cat":[289,77],"product_tag":[268,288,269],"class_list":{"0":"post-2137","1":"product","2":"type-product","3":"status-publish","4":"has-post-thumbnail","6":"product_cat-other-concrete-mixer-parts","7":"product_cat-concrete-mixer-parts","8":"product_tag-blade","9":"product_tag-concrete-mixer","10":"product_tag-mixing-arm","11":"desktop-align-left","12":"tablet-align-left","13":"mobile-align-left","14":"ast-product-gallery-layout-horizontal-slider","15":"ast-product-single-variable","16":"ast-product-tabs-layout-horizontal","18":"first","19":"instock","20":"shipping-taxable","21":"purchasable","22":"product-type-variable"},"yoast_head":"<!-- This site is optimized with the Yoast SEO plugin v27.4 - https:\/\/yoast.com\/product\/yoast-seo-wordpress\/ -->\n<title>SHANTUI Janeoo1500B\/1000C Mixer And Parts - Crusher parts, Slurry Pump Parts, Excavator shovel parts<\/title>\n<meta name=\"description\" content=\"Shantui Janeoo1500B twin-shaft mixer blades, mixing arms and liners, original replacement, ensuring seamless assembly and unparalleled wear resistance.\" \/>\n<meta name=\"robots\" content=\"index, follow, max-snippet:-1, max-image-preview:large, max-video-preview:-1\" \/>\n<link rel=\"canonical\" href=\"https:\/\/miningspareparts.com\/fr\/produit\/shantui-janeoo1500b-1000c-mixer-and-parts\/\" \/>\n<meta property=\"og:locale\" content=\"fr_FR\" \/>\n<meta property=\"og:type\" content=\"article\" \/>\n<meta property=\"og:title\" content=\"SHANTUI Janeoo1500B\/1000C Mixer And Parts - Crusher parts, Slurry Pump Parts, Excavator shovel parts\" \/>\n<meta property=\"og:description\" content=\"Shantui Janeoo1500B twin-shaft mixer blades, mixing arms and liners, original replacement, ensuring seamless assembly and unparalleled wear resistance.\" \/>\n<meta property=\"og:url\" content=\"https:\/\/miningspareparts.com\/fr\/produit\/shantui-janeoo1500b-1000c-mixer-and-parts\/\" \/>\n<meta property=\"og:site_name\" content=\"Crusher parts, Slurry Pump Parts, Excavator shovel parts\" \/>\n<meta property=\"article:modified_time\" content=\"2024-01-18T05:10:59+00:00\" \/>\n<meta property=\"og:image\" content=\"https:\/\/miningspareparts.com\/wp-content\/uploads\/2023\/12\/\u5efa\u673a1000A.webp\" \/>\n\t<meta property=\"og:image:width\" content=\"350\" \/>\n\t<meta property=\"og:image:height\" content=\"350\" \/>\n\t<meta property=\"og:image:type\" content=\"image\/webp\" \/>\n<meta name=\"twitter:card\" content=\"summary_large_image\" \/>\n<meta name=\"twitter:label1\" content=\"Dur\u00e9e de lecture estim\u00e9e\" \/>\n\t<meta name=\"twitter:data1\" content=\"2 minutes\" \/>\n<script type=\"application\/ld+json\" class=\"yoast-schema-graph\">{\"@context\":\"https:\\\/\\\/schema.org\",\"@graph\":[{\"@type\":\"WebPage\",\"@id\":\"https:\\\/\\\/miningspareparts.com\\\/product\\\/shantui-janeoo1500b-1000c-mixer-and-parts\\\/\",\"url\":\"https:\\\/\\\/miningspareparts.com\\\/product\\\/shantui-janeoo1500b-1000c-mixer-and-parts\\\/\",\"name\":\"SHANTUI Janeoo1500B\\\/1000C Mixer And Parts - Crusher parts, Slurry Pump Parts, Excavator shovel parts\",\"isPartOf\":{\"@id\":\"https:\\\/\\\/miningspareparts.com\\\/#website\"},\"primaryImageOfPage\":{\"@id\":\"https:\\\/\\\/miningspareparts.com\\\/product\\\/shantui-janeoo1500b-1000c-mixer-and-parts\\\/#primaryimage\"},\"image\":{\"@id\":\"https:\\\/\\\/miningspareparts.com\\\/product\\\/shantui-janeoo1500b-1000c-mixer-and-parts\\\/#primaryimage\"},\"thumbnailUrl\":\"https:\\\/\\\/miningspareparts.com\\\/wp-content\\\/uploads\\\/2023\\\/12\\\/\u5efa\u673a1000A.webp\",\"datePublished\":\"2023-12-31T05:52:39+00:00\",\"dateModified\":\"2024-01-18T05:10:59+00:00\",\"description\":\"Shantui Janeoo1500B twin-shaft mixer blades, mixing arms and liners, original replacement, ensuring seamless assembly and unparalleled wear resistance.\",\"breadcrumb\":{\"@id\":\"https:\\\/\\\/miningspareparts.com\\\/product\\\/shantui-janeoo1500b-1000c-mixer-and-parts\\\/#breadcrumb\"},\"inLanguage\":\"fr-FR\",\"potentialAction\":[{\"@type\":\"ReadAction\",\"target\":[\"https:\\\/\\\/miningspareparts.com\\\/product\\\/shantui-janeoo1500b-1000c-mixer-and-parts\\\/\"]}]},{\"@type\":\"ImageObject\",\"inLanguage\":\"fr-FR\",\"@id\":\"https:\\\/\\\/miningspareparts.com\\\/product\\\/shantui-janeoo1500b-1000c-mixer-and-parts\\\/#primaryimage\",\"url\":\"https:\\\/\\\/miningspareparts.com\\\/wp-content\\\/uploads\\\/2023\\\/12\\\/\u5efa\u673a1000A.webp\",\"contentUrl\":\"https:\\\/\\\/miningspareparts.com\\\/wp-content\\\/uploads\\\/2023\\\/12\\\/\u5efa\u673a1000A.webp\",\"width\":350,\"height\":350,\"caption\":\"shantui janeoo 1000a concrete mixer\"},{\"@type\":\"BreadcrumbList\",\"@id\":\"https:\\\/\\\/miningspareparts.com\\\/product\\\/shantui-janeoo1500b-1000c-mixer-and-parts\\\/#breadcrumb\",\"itemListElement\":[{\"@type\":\"ListItem\",\"position\":1,\"name\":\"Home\",\"item\":\"https:\\\/\\\/miningspareparts.com\\\/\"},{\"@type\":\"ListItem\",\"position\":2,\"name\":\"Premium Mining Wear And Spare Parts\",\"item\":\"https:\\\/\\\/miningspareparts.com\\\/shop\\\/\"},{\"@type\":\"ListItem\",\"position\":3,\"name\":\"SHANTUI Janeoo1500B\\\/1000C Mixer And Parts\"}]},{\"@type\":\"WebSite\",\"@id\":\"https:\\\/\\\/miningspareparts.com\\\/#website\",\"url\":\"https:\\\/\\\/miningspareparts.com\\\/\",\"name\":\"Crusher parts , Concrete Mixer Parts, Slurry Pump Parts, Mining Spares\",\"description\":\"Mining Wear &amp; Spare Parts Supplier\",\"publisher\":{\"@id\":\"https:\\\/\\\/miningspareparts.com\\\/#organization\"},\"potentialAction\":[{\"@type\":\"SearchAction\",\"target\":{\"@type\":\"EntryPoint\",\"urlTemplate\":\"https:\\\/\\\/miningspareparts.com\\\/?s={search_term_string}\"},\"query-input\":{\"@type\":\"PropertyValueSpecification\",\"valueRequired\":true,\"valueName\":\"search_term_string\"}}],\"inLanguage\":\"fr-FR\"},{\"@type\":\"Organization\",\"@id\":\"https:\\\/\\\/miningspareparts.com\\\/#organization\",\"name\":\"Crusher parts , Concrete Mixer Parts, Slurry Pump Parts, Mining Spares\",\"url\":\"https:\\\/\\\/miningspareparts.com\\\/\",\"logo\":{\"@type\":\"ImageObject\",\"inLanguage\":\"fr-FR\",\"@id\":\"https:\\\/\\\/miningspareparts.com\\\/#\\\/schema\\\/logo\\\/image\\\/\",\"url\":\"https:\\\/\\\/miningspareparts.com\\\/wp-content\\\/uploads\\\/2025\\\/04\\\/cropped-cropped-logo\u6b63\u65b9\u5f62.png\",\"contentUrl\":\"https:\\\/\\\/miningspareparts.com\\\/wp-content\\\/uploads\\\/2025\\\/04\\\/cropped-cropped-logo\u6b63\u65b9\u5f62.png\",\"width\":511,\"height\":171,\"caption\":\"Crusher parts , Concrete Mixer Parts, Slurry Pump Parts, Mining Spares\"},\"image\":{\"@id\":\"https:\\\/\\\/miningspareparts.com\\\/#\\\/schema\\\/logo\\\/image\\\/\"}}]}<\/script>\n<!-- \/ Yoast SEO plugin. -->","yoast_head_json":{"title":"SHANTUI Janeoo1500B\/1000C Mixer And Parts - Crusher parts, Slurry Pump Parts, Excavator shovel parts","description":"Shantui Janeoo1500B twin-shaft mixer blades, mixing arms and liners, original replacement, ensuring seamless assembly and unparalleled wear resistance.","robots":{"index":"index","follow":"follow","max-snippet":"max-snippet:-1","max-image-preview":"max-image-preview:large","max-video-preview":"max-video-preview:-1"},"canonical":"https:\/\/miningspareparts.com\/fr\/produit\/shantui-janeoo1500b-1000c-mixer-and-parts\/","og_locale":"fr_FR","og_type":"article","og_title":"SHANTUI Janeoo1500B\/1000C Mixer And Parts - Crusher parts, Slurry Pump Parts, Excavator shovel parts","og_description":"Shantui Janeoo1500B twin-shaft mixer blades, mixing arms and liners, original replacement, ensuring seamless assembly and unparalleled wear resistance.","og_url":"https:\/\/miningspareparts.com\/fr\/produit\/shantui-janeoo1500b-1000c-mixer-and-parts\/","og_site_name":"Crusher parts, Slurry Pump Parts, Excavator shovel parts","article_modified_time":"2024-01-18T05:10:59+00:00","og_image":[{"width":350,"height":350,"url":"https:\/\/miningspareparts.com\/wp-content\/uploads\/2023\/12\/\u5efa\u673a1000A.webp","type":"image\/webp"}],"twitter_card":"summary_large_image","twitter_misc":{"Dur\u00e9e de lecture estim\u00e9e":"2 minutes"},"schema":{"@context":"https:\/\/schema.org","@graph":[{"@type":"WebPage","@id":"https:\/\/miningspareparts.com\/product\/shantui-janeoo1500b-1000c-mixer-and-parts\/","url":"https:\/\/miningspareparts.com\/product\/shantui-janeoo1500b-1000c-mixer-and-parts\/","name":"SHANTUI Janeoo1500B\/1000C Mixer And Parts - Crusher parts, Slurry Pump Parts, Excavator shovel parts","isPartOf":{"@id":"https:\/\/miningspareparts.com\/#website"},"primaryImageOfPage":{"@id":"https:\/\/miningspareparts.com\/product\/shantui-janeoo1500b-1000c-mixer-and-parts\/#primaryimage"},"image":{"@id":"https:\/\/miningspareparts.com\/product\/shantui-janeoo1500b-1000c-mixer-and-parts\/#primaryimage"},"thumbnailUrl":"https:\/\/miningspareparts.com\/wp-content\/uploads\/2023\/12\/\u5efa\u673a1000A.webp","datePublished":"2023-12-31T05:52:39+00:00","dateModified":"2024-01-18T05:10:59+00:00","description":"Shantui Janeoo1500B twin-shaft mixer blades, mixing arms and liners, original replacement, ensuring seamless assembly and unparalleled wear resistance.","breadcrumb":{"@id":"https:\/\/miningspareparts.com\/product\/shantui-janeoo1500b-1000c-mixer-and-parts\/#breadcrumb"},"inLanguage":"fr-FR","potentialAction":[{"@type":"ReadAction","target":["https:\/\/miningspareparts.com\/product\/shantui-janeoo1500b-1000c-mixer-and-parts\/"]}]},{"@type":"ImageObject","inLanguage":"fr-FR","@id":"https:\/\/miningspareparts.com\/product\/shantui-janeoo1500b-1000c-mixer-and-parts\/#primaryimage","url":"https:\/\/miningspareparts.com\/wp-content\/uploads\/2023\/12\/\u5efa\u673a1000A.webp","contentUrl":"https:\/\/miningspareparts.com\/wp-content\/uploads\/2023\/12\/\u5efa\u673a1000A.webp","width":350,"height":350,"caption":"shantui janeoo 1000a concrete mixer"},{"@type":"BreadcrumbList","@id":"https:\/\/miningspareparts.com\/product\/shantui-janeoo1500b-1000c-mixer-and-parts\/#breadcrumb","itemListElement":[{"@type":"ListItem","position":1,"name":"Home","item":"https:\/\/miningspareparts.com\/"},{"@type":"ListItem","position":2,"name":"Premium Mining Wear And Spare Parts","item":"https:\/\/miningspareparts.com\/shop\/"},{"@type":"ListItem","position":3,"name":"SHANTUI Janeoo1500B\/1000C Mixer And Parts"}]},{"@type":"WebSite","@id":"https:\/\/miningspareparts.com\/#website","url":"https:\/\/miningspareparts.com\/","name":"Crusher parts , Concrete Mixer Parts, Slurry Pump Parts, Mining Spares","description":"Mining Wear &amp; Spare Parts Supplier","publisher":{"@id":"https:\/\/miningspareparts.com\/#organization"},"potentialAction":[{"@type":"SearchAction","target":{"@type":"EntryPoint","urlTemplate":"https:\/\/miningspareparts.com\/?s={search_term_string}"},"query-input":{"@type":"PropertyValueSpecification","valueRequired":true,"valueName":"search_term_string"}}],"inLanguage":"fr-FR"},{"@type":"Organization","@id":"https:\/\/miningspareparts.com\/#organization","name":"Crusher parts , Concrete Mixer Parts, Slurry Pump Parts, Mining Spares","url":"https:\/\/miningspareparts.com\/","logo":{"@type":"ImageObject","inLanguage":"fr-FR","@id":"https:\/\/miningspareparts.com\/#\/schema\/logo\/image\/","url":"https:\/\/miningspareparts.com\/wp-content\/uploads\/2025\/04\/cropped-cropped-logo\u6b63\u65b9\u5f62.png","contentUrl":"https:\/\/miningspareparts.com\/wp-content\/uploads\/2025\/04\/cropped-cropped-logo\u6b63\u65b9\u5f62.png","width":511,"height":171,"caption":"Crusher parts , Concrete Mixer Parts, Slurry Pump Parts, Mining Spares"},"image":{"@id":"https:\/\/miningspareparts.com\/#\/schema\/logo\/image\/"}}]}},"uagb_featured_image_src":{"full":["https:\/\/miningspareparts.com\/wp-content\/uploads\/2023\/12\/\u5efa\u673a1000A.webp",350,350,false],"thumbnail":["https:\/\/miningspareparts.com\/wp-content\/uploads\/2023\/12\/\u5efa\u673a1000A-150x150.webp",150,150,true],"medium":["https:\/\/miningspareparts.com\/wp-content\/uploads\/2023\/12\/\u5efa\u673a1000A-300x300.webp",300,300,true],"medium_large":["https:\/\/miningspareparts.com\/wp-content\/uploads\/2023\/12\/\u5efa\u673a1000A.webp",350,350,false],"large":["https:\/\/miningspareparts.com\/wp-content\/uploads\/2023\/12\/\u5efa\u673a1000A.webp",350,350,false],"1536x1536":["https:\/\/miningspareparts.com\/wp-content\/uploads\/2023\/12\/\u5efa\u673a1000A.webp",350,350,false],"2048x2048":["https:\/\/miningspareparts.com\/wp-content\/uploads\/2023\/12\/\u5efa\u673a1000A.webp",350,350,false],"trp-custom-language-flag":["https:\/\/miningspareparts.com\/wp-content\/uploads\/2023\/12\/\u5efa\u673a1000A.webp",12,12,false],"woocommerce_thumbnail":["https:\/\/miningspareparts.com\/wp-content\/uploads\/2023\/12\/\u5efa\u673a1000A-300x300.webp",300,300,true],"woocommerce_single":["https:\/\/miningspareparts.com\/wp-content\/uploads\/2023\/12\/\u5efa\u673a1000A.webp",350,350,false],"woocommerce_gallery_thumbnail":["https:\/\/miningspareparts.com\/wp-content\/uploads\/2023\/12\/\u5efa\u673a1000A-100x100.webp",100,100,true]},"uagb_author_info":{"display_name":"Miningspareparts","author_link":"https:\/\/miningspareparts.com\/fr\/author\/"},"uagb_comment_info":0,"uagb_excerpt":"Models:SHANTUI Janeoo 1500B\/1000C","_links":{"self":[{"href":"https:\/\/miningspareparts.com\/fr\/wp-json\/wp\/v2\/product\/2137","targetHints":{"allow":["GET"]}}],"collection":[{"href":"https:\/\/miningspareparts.com\/fr\/wp-json\/wp\/v2\/product"}],"about":[{"href":"https:\/\/miningspareparts.com\/fr\/wp-json\/wp\/v2\/types\/product"}],"wp:featuredmedia":[{"embeddable":true,"href":"https:\/\/miningspareparts.com\/fr\/wp-json\/wp\/v2\/media\/1866"}],"wp:attachment":[{"href":"https:\/\/miningspareparts.com\/fr\/wp-json\/wp\/v2\/media?parent=2137"}],"wp:term":[{"taxonomy":"product_brand","embeddable":true,"href":"https:\/\/miningspareparts.com\/fr\/wp-json\/wp\/v2\/product_brand?post=2137"},{"taxonomy":"product_cat","embeddable":true,"href":"https:\/\/miningspareparts.com\/fr\/wp-json\/wp\/v2\/product_cat?post=2137"},{"taxonomy":"product_tag","embeddable":true,"href":"https:\/\/miningspareparts.com\/fr\/wp-json\/wp\/v2\/product_tag?post=2137"}],"curies":[{"name":"wp","href":"https:\/\/api.w.org\/{rel}","templated":true}]}}