{"id":2144,"date":"2023-12-31T05:54:24","date_gmt":"2023-12-31T05:54:24","guid":{"rendered":"https:\/\/miningspareparts.com\/?post_type=product&#038;p=2144"},"modified":"2024-01-18T05:19:46","modified_gmt":"2024-01-18T05:19:46","slug":"shantui-janeoo-js3000e-mixer-and-parts","status":"publish","type":"product","link":"https:\/\/miningspareparts.com\/fr\/produit\/shantui-janeoo-js3000e-mixer-and-parts\/","title":{"rendered":"SHANTUI Janeoo JS3000E M\u00e9langeur et pi\u00e8ces d\u00e9tach\u00e9es"},"content":{"rendered":"<p><strong>Voici une description du m\u00e9langeur SHANTUI Janeoo JS3000E et de ses pi\u00e8ces d\u00e9tach\u00e9es.<\/strong><\/p>\n<table>\n<tbody>\n<tr>\n<td width=\"85\">NON.<\/td>\n<td width=\"174\">Sp\u00e9cifications<\/td>\n<td width=\"122\">Code de l'article<\/td>\n<td width=\"83\">Poids unitaire (Kg)<\/td>\n<td width=\"91\">Qt\u00e9<\/td>\n<td width=\"85\">Poids total (Kg)<\/td>\n<td width=\"78\">Remarques<\/td>\n<\/tr>\n<tr>\n<td width=\"85\">1<\/td>\n<td width=\"174\">Bras central<\/td>\n<td width=\"122\">MVS00004<\/td>\n<td width=\"83\">50.00<\/td>\n<td width=\"91\">12<\/td>\n<td width=\"85\">600.00<\/td>\n<td width=\"78\"><\/td>\n<\/tr>\n<tr>\n<td width=\"85\">2<\/td>\n<td width=\"174\">Bras droit<\/td>\n<td width=\"122\">MVS00003<\/td>\n<td width=\"83\">40.00<\/td>\n<td width=\"91\">2<\/td>\n<td width=\"85\">80.00<\/td>\n<td width=\"78\"><\/td>\n<\/tr>\n<tr>\n<td width=\"85\">3<\/td>\n<td width=\"174\">Bras gauche<\/td>\n<td width=\"122\">MVS00005<\/td>\n<td width=\"83\">37.00<\/td>\n<td width=\"91\">4<\/td>\n<td width=\"85\">148.00<\/td>\n<td width=\"78\"><\/td>\n<\/tr>\n<tr>\n<td width=\"85\">4<\/td>\n<td width=\"174\">Base moyenne<\/td>\n<td width=\"122\">MVS00008<\/td>\n<td width=\"83\">21.00<\/td>\n<td width=\"91\">12<\/td>\n<td width=\"85\">252.00<\/td>\n<td width=\"78\"><\/td>\n<\/tr>\n<tr>\n<td width=\"85\">5<\/td>\n<td width=\"174\">Base lat\u00e9rale<\/td>\n<td width=\"122\">MVS00006<\/td>\n<td width=\"83\">19.00<\/td>\n<td width=\"91\">6<\/td>\n<td width=\"85\">114.00<\/td>\n<td width=\"78\"><\/td>\n<\/tr>\n<tr>\n<td width=\"85\">6<\/td>\n<td width=\"174\">Lame de m\u00e9lange centrale<\/td>\n<td width=\"122\">MIB00023<\/td>\n<td width=\"83\">17.50<\/td>\n<td width=\"91\">12<\/td>\n<td width=\"85\">210.00<\/td>\n<td width=\"78\"><\/td>\n<\/tr>\n<tr>\n<td width=\"85\">7<\/td>\n<td width=\"174\">Lame gauche<\/td>\n<td width=\"122\">MIB00019<\/td>\n<td width=\"83\">12.50<\/td>\n<td width=\"91\">4<\/td>\n<td width=\"85\">50.00<\/td>\n<td width=\"78\"><\/td>\n<\/tr>\n<tr>\n<td width=\"85\">8<\/td>\n<td width=\"174\">Grattoir inf\u00e9rieur gauche<\/td>\n<td width=\"122\">MIB00020<\/td>\n<td width=\"83\">7.20<\/td>\n<td width=\"91\">4<\/td>\n<td width=\"85\">28.80<\/td>\n<td width=\"78\"><\/td>\n<\/tr>\n<tr>\n<td width=\"85\">9<\/td>\n<td width=\"174\">Lame droite<\/td>\n<td width=\"122\">MIB00021<\/td>\n<td width=\"83\">14.00<\/td>\n<td width=\"91\">2<\/td>\n<td width=\"85\">28.00<\/td>\n<td width=\"78\"><\/td>\n<\/tr>\n<tr>\n<td width=\"85\">10<\/td>\n<td width=\"174\">Grattoir inf\u00e9rieur droit<\/td>\n<td width=\"122\">MIB00022<\/td>\n<td width=\"83\">7.50<\/td>\n<td width=\"91\">2<\/td>\n<td width=\"85\">15.00<\/td>\n<td width=\"78\"><\/td>\n<\/tr>\n<tr>\n<td width=\"85\">11<\/td>\n<td width=\"174\">Arc Liner<\/td>\n<td width=\"122\">MVC00006<\/td>\n<td width=\"83\">4.80<\/td>\n<td width=\"91\">108<\/td>\n<td width=\"85\">518.40<\/td>\n<td width=\"78\"><\/td>\n<\/tr>\n<tr>\n<td width=\"85\">12<\/td>\n<td width=\"174\">Doublure de bouche<\/td>\n<td width=\"122\">MVC00007<\/td>\n<td width=\"83\">7.40<\/td>\n<td width=\"91\">18<\/td>\n<td width=\"85\">133.20<\/td>\n<td width=\"78\"><\/td>\n<\/tr>\n<tr>\n<td width=\"85\">13<\/td>\n<td width=\"174\">Doublure d'extr\u00e9mit\u00e9 1<\/td>\n<td width=\"122\">MVC00002<\/td>\n<td width=\"83\">6.80<\/td>\n<td width=\"91\">16<\/td>\n<td width=\"85\">108.80<\/td>\n<td width=\"78\"><\/td>\n<\/tr>\n<tr>\n<td width=\"85\">14<\/td>\n<td width=\"174\">Doublure d'extr\u00e9mit\u00e9 2<\/td>\n<td width=\"122\">MVC00001<\/td>\n<td width=\"83\">6.80<\/td>\n<td width=\"91\">8<\/td>\n<td width=\"85\">54.40<\/td>\n<td width=\"78\"><\/td>\n<\/tr>\n<tr>\n<td width=\"85\">15<\/td>\n<td width=\"174\">Doublure d'extr\u00e9mit\u00e9 3<\/td>\n<td width=\"122\">MVC00010<\/td>\n<td width=\"83\">6.80<\/td>\n<td width=\"91\">8<\/td>\n<td width=\"85\">54.40<\/td>\n<td width=\"78\"><\/td>\n<\/tr>\n<tr>\n<td width=\"85\">16<\/td>\n<td width=\"174\">Doublure d'extr\u00e9mit\u00e9 4<\/td>\n<td width=\"122\">MVC00011<\/td>\n<td width=\"83\">7.60<\/td>\n<td width=\"91\">8<\/td>\n<td width=\"85\">60.80<\/td>\n<td width=\"78\"><\/td>\n<\/tr>\n<tr>\n<td width=\"85\">17<\/td>\n<td width=\"174\">Doublure d'extr\u00e9mit\u00e9 5<\/td>\n<td width=\"122\">MVC00012<\/td>\n<td width=\"83\">7.60<\/td>\n<td width=\"91\">8<\/td>\n<td width=\"85\">60.80<\/td>\n<td width=\"78\"><\/td>\n<\/tr>\n<tr>\n<td width=\"85\">18<\/td>\n<td width=\"174\">Doublure d'extr\u00e9mit\u00e9 6<\/td>\n<td width=\"122\">MVC00008<\/td>\n<td width=\"83\">11.50<\/td>\n<td width=\"91\">4<\/td>\n<td width=\"85\">46.00<\/td>\n<td width=\"78\"><\/td>\n<\/tr>\n<tr>\n<td width=\"85\">19<\/td>\n<td width=\"174\">Doublure d'extr\u00e9mit\u00e9 7<\/td>\n<td width=\"122\">MVC00009<\/td>\n<td width=\"83\">11.50<\/td>\n<td width=\"91\">4<\/td>\n<td width=\"85\">46.00<\/td>\n<td width=\"78\"><\/td>\n<\/tr>\n<tr>\n<td width=\"85\">20<\/td>\n<td width=\"174\">Doublure d'extr\u00e9mit\u00e9 8<\/td>\n<td width=\"122\">MVC00003<\/td>\n<td width=\"83\">6.50<\/td>\n<td width=\"91\">4<\/td>\n<td width=\"85\">26.00<\/td>\n<td width=\"78\"><\/td>\n<\/tr>\n<tr>\n<td width=\"85\">21<\/td>\n<td width=\"174\">Doublure d'extr\u00e9mit\u00e9 9<\/td>\n<td width=\"122\">MVC00004<\/td>\n<td width=\"83\">6.50<\/td>\n<td width=\"91\">4<\/td>\n<td width=\"85\">26.00<\/td>\n<td width=\"78\"><\/td>\n<\/tr>\n<tr>\n<td width=\"85\">22<\/td>\n<td width=\"174\">Rev\u00eatement de carreaux<\/td>\n<td width=\"122\">MVC00015<\/td>\n<td width=\"83\">10.00<\/td>\n<td width=\"91\">2<\/td>\n<td width=\"85\">20.00<\/td>\n<td width=\"78\"><\/td>\n<\/tr>\n<tr>\n<td width=\"85\"><\/td>\n<td width=\"174\"><\/td>\n<td width=\"122\"><\/td>\n<td width=\"83\"><\/td>\n<td width=\"91\">252<\/td>\n<td width=\"85\">2,680.60<\/td>\n<td width=\"78\"><\/td>\n<\/tr>\n<\/tbody>\n<\/table>\n<p><img fetchpriority=\"high\" decoding=\"async\" class=\"wp-image-3550 alignleft\" src=\"https:\/\/miningspareparts.com\/wp-content\/uploads\/2024\/01\/Mixer-And-Wear-Parts1-239x300.webp\" alt=\"\" width=\"498\" height=\"625\" srcset=\"https:\/\/miningspareparts.com\/wp-content\/uploads\/2024\/01\/Mixer-And-Wear-Parts1-239x300.webp 239w, https:\/\/miningspareparts.com\/wp-content\/uploads\/2024\/01\/Mixer-And-Wear-Parts1-817x1024.webp 817w, https:\/\/miningspareparts.com\/wp-content\/uploads\/2024\/01\/Mixer-And-Wear-Parts1-768x963.webp 768w, https:\/\/miningspareparts.com\/wp-content\/uploads\/2024\/01\/Mixer-And-Wear-Parts1-1226x1536.webp 1226w, https:\/\/miningspareparts.com\/wp-content\/uploads\/2024\/01\/Mixer-And-Wear-Parts1-1634x2048.webp 1634w, https:\/\/miningspareparts.com\/wp-content\/uploads\/2024\/01\/Mixer-And-Wear-Parts1-600x752.webp 600w, https:\/\/miningspareparts.com\/wp-content\/uploads\/2024\/01\/Mixer-And-Wear-Parts1.webp 2037w\" sizes=\"(max-width: 498px) 100vw, 498px\" \/><span style=\"font-size: 16px\">\u00a0<\/span><img decoding=\"async\" class=\"wp-image-3551 alignnone\" style=\"font-weight: inherit\" src=\"https:\/\/miningspareparts.com\/wp-content\/uploads\/2024\/01\/Mixer-And-Wear-Parts2-210x300.webp\" alt=\"\" width=\"454\" height=\"649\" srcset=\"https:\/\/miningspareparts.com\/wp-content\/uploads\/2024\/01\/Mixer-And-Wear-Parts2-210x300.webp 210w, https:\/\/miningspareparts.com\/wp-content\/uploads\/2024\/01\/Mixer-And-Wear-Parts2-600x856.webp 600w\" sizes=\"(max-width: 454px) 100vw, 454px\" \/><\/p>\n<p>Nos pales, bras de m\u00e9lange et rev\u00eatements du m\u00e9langeur \u00e0 deux arbres SHANTUI Janeoo JS3000E repr\u00e9sentent le summum des composants de remplacement d'origine, mettant en \u00e9vidence la pr\u00e9cision de l'ing\u00e9nierie pour une int\u00e9gration sans faille. Dans le domaine des solutions de rechange, nos offres conservent un avantage distinctif, assurant une durabilit\u00e9 qui d\u00e9passe les normes de l'industrie.<\/p>\n<p>Les composants de remplacement d'origine, tels que nos lames m\u00e9ticuleusement fabriqu\u00e9es, garantissent un ajustement parfait, r\u00e9tablissant les performances de votre mixeur aux sp\u00e9cifications d'usine. Le march\u00e9 des pi\u00e8ces de rechange peut offrir des choix, mais notre engagement envers la qualit\u00e9 et la pr\u00e9cision nous distingue. Nos composants durables sont con\u00e7us non seulement pour r\u00e9pondre aux attentes, mais aussi pour les d\u00e9passer, offrant long\u00e9vit\u00e9 et r\u00e9sistance dans les environnements de malaxage de b\u00e9ton exigeants.<\/p>\n<p>Chaque pale, bras de malaxage et rev\u00eatement est soumis \u00e0 des tests rigoureux, conform\u00e9ment aux normes industrielles les plus strictes. Cet engagement en faveur de l'excellence se traduit par une gamme de produits qui ne se contente pas de remplacer les pi\u00e8ces us\u00e9es, mais qui am\u00e9liore les performances globales de votre malaxeur \u00e0 deux arbres.<\/p>\n<p>En conclusion, lorsque vous choisissez nos pales, bras de malaxage et rev\u00eatements de malaxeur \u00e0 deux arbres SHANTUI Janeoo JS3000E, vous choisissez un engagement de pr\u00e9cision de remplacement d'origine, un avantage notable sur le march\u00e9 de l'apr\u00e8s-vente et une promesse de durabilit\u00e9 durable. Vos processus de m\u00e9lange du b\u00e9ton ne m\u00e9ritent rien de moins que le meilleur, et nos composants sont con\u00e7us pour offrir exactement cela.<\/p>","protected":false},"excerpt":{"rendered":"<p>Mod\u00e8les:SHANTUI Janeoo JS3000E<\/p>","protected":false},"featured_media":1866,"template":"","meta":{"_uag_custom_page_level_css":"","site-sidebar-layout":"default","site-content-layout":"","ast-site-content-layout":"default","site-content-style":"default","site-sidebar-style":"default","ast-global-header-display":"","ast-banner-title-visibility":"","ast-main-header-display":"","ast-hfb-above-header-display":"","ast-hfb-below-header-display":"","ast-hfb-mobile-header-display":"","site-post-title":"","ast-breadcrumbs-content":"","ast-featured-img":"","footer-sml-layout":"","ast-disable-related-posts":"","theme-transparent-header-meta":"default","adv-header-id-meta":"","stick-header-meta":"default","header-above-stick-meta":"","header-main-stick-meta":"","header-below-stick-meta":"","astra-migrate-meta-layouts":"set","ast-page-background-enabled":"default","ast-page-background-meta":{"desktop":{"background-color":"var(--ast-global-color-4)","background-image":"","background-repeat":"repeat","background-position":"center center","background-size":"auto","background-attachment":"scroll","background-type":"","background-media":"","overlay-type":"","overlay-color":"","overlay-opacity":"","overlay-gradient":""},"tablet":{"background-color":"","background-image":"","background-repeat":"repeat","background-position":"center center","background-size":"auto","background-attachment":"scroll","background-type":"","background-media":"","overlay-type":"","overlay-color":"","overlay-opacity":"","overlay-gradient":""},"mobile":{"background-color":"","background-image":"","background-repeat":"repeat","background-position":"center center","background-size":"auto","background-attachment":"scroll","background-type":"","background-media":"","overlay-type":"","overlay-color":"","overlay-opacity":"","overlay-gradient":""}},"ast-content-background-meta":{"desktop":{"background-color":"var(--ast-global-color-5)","background-image":"","background-repeat":"repeat","background-position":"center center","background-size":"auto","background-attachment":"scroll","background-type":"","background-media":"","overlay-type":"","overlay-color":"","overlay-opacity":"","overlay-gradient":""},"tablet":{"background-color":"var(--ast-global-color-5)","background-image":"","background-repeat":"repeat","background-position":"center center","background-size":"auto","background-attachment":"scroll","background-type":"","background-media":"","overlay-type":"","overlay-color":"","overlay-opacity":"","overlay-gradient":""},"mobile":{"background-color":"var(--ast-global-color-5)","background-image":"","background-repeat":"repeat","background-position":"center center","background-size":"auto","background-attachment":"scroll","background-type":"","background-media":"","overlay-type":"","overlay-color":"","overlay-opacity":"","overlay-gradient":""}}},"product_brand":[],"product_cat":[289,77],"product_tag":[268,288,269],"class_list":{"0":"post-2144","1":"product","2":"type-product","3":"status-publish","4":"has-post-thumbnail","6":"product_cat-other-concrete-mixer-parts","7":"product_cat-concrete-mixer-parts","8":"product_tag-blade","9":"product_tag-concrete-mixer","10":"product_tag-mixing-arm","11":"desktop-align-left","12":"tablet-align-left","13":"mobile-align-left","14":"ast-product-gallery-layout-horizontal-slider","15":"ast-product-gallery-with-no-image","16":"ast-product-single-variable","17":"ast-product-tabs-layout-horizontal","19":"first","20":"instock","21":"shipping-taxable","22":"purchasable","23":"product-type-variable"},"yoast_head":"<!-- This site is optimized with the Yoast SEO plugin v27.4 - https:\/\/yoast.com\/product\/yoast-seo-wordpress\/ -->\n<title>SHANTUI Janeoo JS3000E Mixer And Parts - Crusher parts, Slurry Pump Parts, Excavator shovel parts<\/title>\n<meta name=\"description\" content=\"Our SHANTUI Janeoo JS3000E twin-shaft mixer blades, arms and liners are highly wear-resistant, ensuring long-lasting performance like the original.\" \/>\n<meta name=\"robots\" content=\"index, follow, max-snippet:-1, max-image-preview:large, max-video-preview:-1\" \/>\n<link rel=\"canonical\" href=\"https:\/\/miningspareparts.com\/fr\/produit\/shantui-janeoo-js3000e-mixer-and-parts\/\" \/>\n<meta property=\"og:locale\" content=\"fr_FR\" \/>\n<meta property=\"og:type\" content=\"article\" \/>\n<meta property=\"og:title\" content=\"SHANTUI Janeoo JS3000E Mixer And Parts - Crusher parts, Slurry Pump Parts, Excavator shovel parts\" \/>\n<meta property=\"og:description\" content=\"Our SHANTUI Janeoo JS3000E twin-shaft mixer blades, arms and liners are highly wear-resistant, ensuring long-lasting performance like the original.\" \/>\n<meta property=\"og:url\" content=\"https:\/\/miningspareparts.com\/fr\/produit\/shantui-janeoo-js3000e-mixer-and-parts\/\" \/>\n<meta property=\"og:site_name\" content=\"Crusher parts, Slurry Pump Parts, Excavator shovel parts\" \/>\n<meta property=\"article:modified_time\" content=\"2024-01-18T05:19:46+00:00\" \/>\n<meta property=\"og:image\" content=\"https:\/\/miningspareparts.com\/wp-content\/uploads\/2023\/12\/\u5efa\u673a1000A.webp\" \/>\n\t<meta property=\"og:image:width\" content=\"350\" \/>\n\t<meta property=\"og:image:height\" content=\"350\" \/>\n\t<meta property=\"og:image:type\" content=\"image\/webp\" \/>\n<meta name=\"twitter:card\" content=\"summary_large_image\" \/>\n<meta name=\"twitter:label1\" content=\"Dur\u00e9e de lecture estim\u00e9e\" \/>\n\t<meta name=\"twitter:data1\" content=\"3 minutes\" \/>\n<script type=\"application\/ld+json\" class=\"yoast-schema-graph\">{\"@context\":\"https:\\\/\\\/schema.org\",\"@graph\":[{\"@type\":\"WebPage\",\"@id\":\"https:\\\/\\\/miningspareparts.com\\\/product\\\/shantui-janeoo-js3000e-mixer-and-parts\\\/\",\"url\":\"https:\\\/\\\/miningspareparts.com\\\/product\\\/shantui-janeoo-js3000e-mixer-and-parts\\\/\",\"name\":\"SHANTUI Janeoo JS3000E Mixer And Parts - Crusher parts, Slurry Pump Parts, Excavator shovel parts\",\"isPartOf\":{\"@id\":\"https:\\\/\\\/miningspareparts.com\\\/#website\"},\"primaryImageOfPage\":{\"@id\":\"https:\\\/\\\/miningspareparts.com\\\/product\\\/shantui-janeoo-js3000e-mixer-and-parts\\\/#primaryimage\"},\"image\":{\"@id\":\"https:\\\/\\\/miningspareparts.com\\\/product\\\/shantui-janeoo-js3000e-mixer-and-parts\\\/#primaryimage\"},\"thumbnailUrl\":\"https:\\\/\\\/miningspareparts.com\\\/wp-content\\\/uploads\\\/2023\\\/12\\\/\u5efa\u673a1000A.webp\",\"datePublished\":\"2023-12-31T05:54:24+00:00\",\"dateModified\":\"2024-01-18T05:19:46+00:00\",\"description\":\"Our SHANTUI Janeoo JS3000E twin-shaft mixer blades, arms and liners are highly wear-resistant, ensuring long-lasting performance like the original.\",\"breadcrumb\":{\"@id\":\"https:\\\/\\\/miningspareparts.com\\\/product\\\/shantui-janeoo-js3000e-mixer-and-parts\\\/#breadcrumb\"},\"inLanguage\":\"fr-FR\",\"potentialAction\":[{\"@type\":\"ReadAction\",\"target\":[\"https:\\\/\\\/miningspareparts.com\\\/product\\\/shantui-janeoo-js3000e-mixer-and-parts\\\/\"]}]},{\"@type\":\"ImageObject\",\"inLanguage\":\"fr-FR\",\"@id\":\"https:\\\/\\\/miningspareparts.com\\\/product\\\/shantui-janeoo-js3000e-mixer-and-parts\\\/#primaryimage\",\"url\":\"https:\\\/\\\/miningspareparts.com\\\/wp-content\\\/uploads\\\/2023\\\/12\\\/\u5efa\u673a1000A.webp\",\"contentUrl\":\"https:\\\/\\\/miningspareparts.com\\\/wp-content\\\/uploads\\\/2023\\\/12\\\/\u5efa\u673a1000A.webp\",\"width\":350,\"height\":350,\"caption\":\"shantui janeoo 1000a concrete mixer\"},{\"@type\":\"BreadcrumbList\",\"@id\":\"https:\\\/\\\/miningspareparts.com\\\/product\\\/shantui-janeoo-js3000e-mixer-and-parts\\\/#breadcrumb\",\"itemListElement\":[{\"@type\":\"ListItem\",\"position\":1,\"name\":\"Home\",\"item\":\"https:\\\/\\\/miningspareparts.com\\\/\"},{\"@type\":\"ListItem\",\"position\":2,\"name\":\"Premium Mining Wear And Spare Parts\",\"item\":\"https:\\\/\\\/miningspareparts.com\\\/shop\\\/\"},{\"@type\":\"ListItem\",\"position\":3,\"name\":\"SHANTUI Janeoo JS3000E Mixer And Parts\"}]},{\"@type\":\"WebSite\",\"@id\":\"https:\\\/\\\/miningspareparts.com\\\/#website\",\"url\":\"https:\\\/\\\/miningspareparts.com\\\/\",\"name\":\"Crusher parts , Concrete Mixer Parts, Slurry Pump Parts, Mining Spares\",\"description\":\"Mining Wear &amp; Spare Parts Supplier\",\"publisher\":{\"@id\":\"https:\\\/\\\/miningspareparts.com\\\/#organization\"},\"potentialAction\":[{\"@type\":\"SearchAction\",\"target\":{\"@type\":\"EntryPoint\",\"urlTemplate\":\"https:\\\/\\\/miningspareparts.com\\\/?s={search_term_string}\"},\"query-input\":{\"@type\":\"PropertyValueSpecification\",\"valueRequired\":true,\"valueName\":\"search_term_string\"}}],\"inLanguage\":\"fr-FR\"},{\"@type\":\"Organization\",\"@id\":\"https:\\\/\\\/miningspareparts.com\\\/#organization\",\"name\":\"Crusher parts , Concrete Mixer Parts, Slurry Pump Parts, Mining Spares\",\"url\":\"https:\\\/\\\/miningspareparts.com\\\/\",\"logo\":{\"@type\":\"ImageObject\",\"inLanguage\":\"fr-FR\",\"@id\":\"https:\\\/\\\/miningspareparts.com\\\/#\\\/schema\\\/logo\\\/image\\\/\",\"url\":\"https:\\\/\\\/miningspareparts.com\\\/wp-content\\\/uploads\\\/2025\\\/04\\\/cropped-cropped-logo\u6b63\u65b9\u5f62.png\",\"contentUrl\":\"https:\\\/\\\/miningspareparts.com\\\/wp-content\\\/uploads\\\/2025\\\/04\\\/cropped-cropped-logo\u6b63\u65b9\u5f62.png\",\"width\":511,\"height\":171,\"caption\":\"Crusher parts , Concrete Mixer Parts, Slurry Pump Parts, Mining Spares\"},\"image\":{\"@id\":\"https:\\\/\\\/miningspareparts.com\\\/#\\\/schema\\\/logo\\\/image\\\/\"}}]}<\/script>\n<!-- \/ Yoast SEO plugin. -->","yoast_head_json":{"title":"SHANTUI Janeoo JS3000E Mixer And Parts - Crusher parts, Slurry Pump Parts, Excavator shovel parts","description":"Our SHANTUI Janeoo JS3000E twin-shaft mixer blades, arms and liners are highly wear-resistant, ensuring long-lasting performance like the original.","robots":{"index":"index","follow":"follow","max-snippet":"max-snippet:-1","max-image-preview":"max-image-preview:large","max-video-preview":"max-video-preview:-1"},"canonical":"https:\/\/miningspareparts.com\/fr\/produit\/shantui-janeoo-js3000e-mixer-and-parts\/","og_locale":"fr_FR","og_type":"article","og_title":"SHANTUI Janeoo JS3000E Mixer And Parts - Crusher parts, Slurry Pump Parts, Excavator shovel parts","og_description":"Our SHANTUI Janeoo JS3000E twin-shaft mixer blades, arms and liners are highly wear-resistant, ensuring long-lasting performance like the original.","og_url":"https:\/\/miningspareparts.com\/fr\/produit\/shantui-janeoo-js3000e-mixer-and-parts\/","og_site_name":"Crusher parts, Slurry Pump Parts, Excavator shovel parts","article_modified_time":"2024-01-18T05:19:46+00:00","og_image":[{"width":350,"height":350,"url":"https:\/\/miningspareparts.com\/wp-content\/uploads\/2023\/12\/\u5efa\u673a1000A.webp","type":"image\/webp"}],"twitter_card":"summary_large_image","twitter_misc":{"Dur\u00e9e de lecture estim\u00e9e":"3 minutes"},"schema":{"@context":"https:\/\/schema.org","@graph":[{"@type":"WebPage","@id":"https:\/\/miningspareparts.com\/product\/shantui-janeoo-js3000e-mixer-and-parts\/","url":"https:\/\/miningspareparts.com\/product\/shantui-janeoo-js3000e-mixer-and-parts\/","name":"SHANTUI Janeoo JS3000E Mixer And Parts - Crusher parts, Slurry Pump Parts, Excavator shovel parts","isPartOf":{"@id":"https:\/\/miningspareparts.com\/#website"},"primaryImageOfPage":{"@id":"https:\/\/miningspareparts.com\/product\/shantui-janeoo-js3000e-mixer-and-parts\/#primaryimage"},"image":{"@id":"https:\/\/miningspareparts.com\/product\/shantui-janeoo-js3000e-mixer-and-parts\/#primaryimage"},"thumbnailUrl":"https:\/\/miningspareparts.com\/wp-content\/uploads\/2023\/12\/\u5efa\u673a1000A.webp","datePublished":"2023-12-31T05:54:24+00:00","dateModified":"2024-01-18T05:19:46+00:00","description":"Our SHANTUI Janeoo JS3000E twin-shaft mixer blades, arms and liners are highly wear-resistant, ensuring long-lasting performance like the original.","breadcrumb":{"@id":"https:\/\/miningspareparts.com\/product\/shantui-janeoo-js3000e-mixer-and-parts\/#breadcrumb"},"inLanguage":"fr-FR","potentialAction":[{"@type":"ReadAction","target":["https:\/\/miningspareparts.com\/product\/shantui-janeoo-js3000e-mixer-and-parts\/"]}]},{"@type":"ImageObject","inLanguage":"fr-FR","@id":"https:\/\/miningspareparts.com\/product\/shantui-janeoo-js3000e-mixer-and-parts\/#primaryimage","url":"https:\/\/miningspareparts.com\/wp-content\/uploads\/2023\/12\/\u5efa\u673a1000A.webp","contentUrl":"https:\/\/miningspareparts.com\/wp-content\/uploads\/2023\/12\/\u5efa\u673a1000A.webp","width":350,"height":350,"caption":"shantui janeoo 1000a concrete mixer"},{"@type":"BreadcrumbList","@id":"https:\/\/miningspareparts.com\/product\/shantui-janeoo-js3000e-mixer-and-parts\/#breadcrumb","itemListElement":[{"@type":"ListItem","position":1,"name":"Home","item":"https:\/\/miningspareparts.com\/"},{"@type":"ListItem","position":2,"name":"Premium Mining Wear And Spare Parts","item":"https:\/\/miningspareparts.com\/shop\/"},{"@type":"ListItem","position":3,"name":"SHANTUI Janeoo JS3000E Mixer And Parts"}]},{"@type":"WebSite","@id":"https:\/\/miningspareparts.com\/#website","url":"https:\/\/miningspareparts.com\/","name":"Crusher parts , Concrete Mixer Parts, Slurry Pump Parts, Mining Spares","description":"Mining Wear &amp; Spare Parts Supplier","publisher":{"@id":"https:\/\/miningspareparts.com\/#organization"},"potentialAction":[{"@type":"SearchAction","target":{"@type":"EntryPoint","urlTemplate":"https:\/\/miningspareparts.com\/?s={search_term_string}"},"query-input":{"@type":"PropertyValueSpecification","valueRequired":true,"valueName":"search_term_string"}}],"inLanguage":"fr-FR"},{"@type":"Organization","@id":"https:\/\/miningspareparts.com\/#organization","name":"Crusher parts , Concrete Mixer Parts, Slurry Pump Parts, Mining Spares","url":"https:\/\/miningspareparts.com\/","logo":{"@type":"ImageObject","inLanguage":"fr-FR","@id":"https:\/\/miningspareparts.com\/#\/schema\/logo\/image\/","url":"https:\/\/miningspareparts.com\/wp-content\/uploads\/2025\/04\/cropped-cropped-logo\u6b63\u65b9\u5f62.png","contentUrl":"https:\/\/miningspareparts.com\/wp-content\/uploads\/2025\/04\/cropped-cropped-logo\u6b63\u65b9\u5f62.png","width":511,"height":171,"caption":"Crusher parts , Concrete Mixer Parts, Slurry Pump Parts, Mining Spares"},"image":{"@id":"https:\/\/miningspareparts.com\/#\/schema\/logo\/image\/"}}]}},"uagb_featured_image_src":{"full":["https:\/\/miningspareparts.com\/wp-content\/uploads\/2023\/12\/\u5efa\u673a1000A.webp",350,350,false],"thumbnail":["https:\/\/miningspareparts.com\/wp-content\/uploads\/2023\/12\/\u5efa\u673a1000A-150x150.webp",150,150,true],"medium":["https:\/\/miningspareparts.com\/wp-content\/uploads\/2023\/12\/\u5efa\u673a1000A-300x300.webp",300,300,true],"medium_large":["https:\/\/miningspareparts.com\/wp-content\/uploads\/2023\/12\/\u5efa\u673a1000A.webp",350,350,false],"large":["https:\/\/miningspareparts.com\/wp-content\/uploads\/2023\/12\/\u5efa\u673a1000A.webp",350,350,false],"1536x1536":["https:\/\/miningspareparts.com\/wp-content\/uploads\/2023\/12\/\u5efa\u673a1000A.webp",350,350,false],"2048x2048":["https:\/\/miningspareparts.com\/wp-content\/uploads\/2023\/12\/\u5efa\u673a1000A.webp",350,350,false],"trp-custom-language-flag":["https:\/\/miningspareparts.com\/wp-content\/uploads\/2023\/12\/\u5efa\u673a1000A.webp",12,12,false],"woocommerce_thumbnail":["https:\/\/miningspareparts.com\/wp-content\/uploads\/2023\/12\/\u5efa\u673a1000A-300x300.webp",300,300,true],"woocommerce_single":["https:\/\/miningspareparts.com\/wp-content\/uploads\/2023\/12\/\u5efa\u673a1000A.webp",350,350,false],"woocommerce_gallery_thumbnail":["https:\/\/miningspareparts.com\/wp-content\/uploads\/2023\/12\/\u5efa\u673a1000A-100x100.webp",100,100,true]},"uagb_author_info":{"display_name":"Miningspareparts","author_link":"https:\/\/miningspareparts.com\/fr\/author\/"},"uagb_comment_info":0,"uagb_excerpt":"Models:SHANTUI Janeoo JS3000E","_links":{"self":[{"href":"https:\/\/miningspareparts.com\/fr\/wp-json\/wp\/v2\/product\/2144","targetHints":{"allow":["GET"]}}],"collection":[{"href":"https:\/\/miningspareparts.com\/fr\/wp-json\/wp\/v2\/product"}],"about":[{"href":"https:\/\/miningspareparts.com\/fr\/wp-json\/wp\/v2\/types\/product"}],"wp:featuredmedia":[{"embeddable":true,"href":"https:\/\/miningspareparts.com\/fr\/wp-json\/wp\/v2\/media\/1866"}],"wp:attachment":[{"href":"https:\/\/miningspareparts.com\/fr\/wp-json\/wp\/v2\/media?parent=2144"}],"wp:term":[{"taxonomy":"product_brand","embeddable":true,"href":"https:\/\/miningspareparts.com\/fr\/wp-json\/wp\/v2\/product_brand?post=2144"},{"taxonomy":"product_cat","embeddable":true,"href":"https:\/\/miningspareparts.com\/fr\/wp-json\/wp\/v2\/product_cat?post=2144"},{"taxonomy":"product_tag","embeddable":true,"href":"https:\/\/miningspareparts.com\/fr\/wp-json\/wp\/v2\/product_tag?post=2144"}],"curies":[{"name":"wp","href":"https:\/\/api.w.org\/{rel}","templated":true}]}}