{"id":2158,"date":"2023-12-31T06:03:32","date_gmt":"2023-12-31T06:03:32","guid":{"rendered":"https:\/\/miningspareparts.com\/?post_type=product&#038;p=2158"},"modified":"2024-04-06T05:42:49","modified_gmt":"2024-04-06T05:42:49","slug":"zoomlion-1500-mixer-and-parts","status":"publish","type":"product","link":"https:\/\/miningspareparts.com\/fr\/produit\/zoomlion-1500-mixer-and-parts\/","title":{"rendered":"ZOOMLION1500 M\u00e9langeur et pi\u00e8ces d\u00e9tach\u00e9es"},"content":{"rendered":"<p><strong>Voici une description du m\u00e9langeur ZOOMLION 1500 et des pi\u00e8ces d\u00e9tach\u00e9es.<\/strong><\/p>\n<table>\n<tbody>\n<tr>\n<td width=\"48\">NON.<\/td>\n<td width=\"368\">Sp\u00e9cifications<\/td>\n<td width=\"57\">Qt\u00e9<\/td>\n<td width=\"47\">Unit\u00e9.<\/td>\n<td width=\"47\">Poids unitaire (Kg)<\/td>\n<td width=\"67\">Poids total (Kg)<\/td>\n<td width=\"84\">Remarques<\/td>\n<\/tr>\n<tr>\n<td width=\"48\">1<\/td>\n<td width=\"368\">A1.5 Liner A<\/td>\n<td width=\"57\">16<\/td>\n<td width=\"47\">\u4ef6<\/td>\n<td width=\"47\">8.9<\/td>\n<td width=\"67\">142.4<\/td>\n<td width=\"84\"><\/td>\n<\/tr>\n<tr>\n<td width=\"48\">2<\/td>\n<td width=\"368\">A1.6 Liner B<\/td>\n<td width=\"57\">16<\/td>\n<td width=\"47\">\u4ef6<\/td>\n<td width=\"47\">10.3<\/td>\n<td width=\"67\">164.8<\/td>\n<td width=\"84\"><\/td>\n<\/tr>\n<tr>\n<td width=\"48\">3<\/td>\n<td width=\"368\">A1.7 Liner C<\/td>\n<td width=\"57\">4<\/td>\n<td width=\"47\">\u4ef6<\/td>\n<td width=\"47\">7.3<\/td>\n<td width=\"67\">29.2<\/td>\n<td width=\"84\"><\/td>\n<\/tr>\n<tr>\n<td width=\"48\">4<\/td>\n<td width=\"368\">A1.8 Liner D<\/td>\n<td width=\"57\">4<\/td>\n<td width=\"47\">\u4ef6<\/td>\n<td width=\"47\">7.3<\/td>\n<td width=\"67\">29.2<\/td>\n<td width=\"84\"><\/td>\n<\/tr>\n<tr>\n<td width=\"48\">5<\/td>\n<td width=\"368\">ZOOMLION1150 Liner 0005<\/td>\n<td width=\"57\">98<\/td>\n<td width=\"47\">\u4ef6<\/td>\n<td width=\"47\">5.2<\/td>\n<td width=\"67\">509.6<\/td>\n<td width=\"84\"><\/td>\n<\/tr>\n<tr>\n<td width=\"48\">6<\/td>\n<td width=\"368\">ZOOMLION1150 Liner 0006<\/td>\n<td width=\"57\">14<\/td>\n<td width=\"47\">\u4ef6<\/td>\n<td width=\"47\">5<\/td>\n<td width=\"67\">70<\/td>\n<td width=\"84\"><\/td>\n<\/tr>\n<tr>\n<td width=\"48\">7<\/td>\n<td width=\"368\">ZOOMLION1150 Liner 0007<\/td>\n<td width=\"57\">8<\/td>\n<td width=\"47\">\u4ef6<\/td>\n<td width=\"47\">2.5<\/td>\n<td width=\"67\">20<\/td>\n<td width=\"84\"><\/td>\n<\/tr>\n<tr>\n<td width=\"48\">8<\/td>\n<td width=\"368\">ZOOMLION1150 Liner 0008<\/td>\n<td width=\"57\">14<\/td>\n<td width=\"47\">\u4ef6<\/td>\n<td width=\"47\">5<\/td>\n<td width=\"67\">70<\/td>\n<td width=\"84\"><\/td>\n<\/tr>\n<tr>\n<td width=\"48\">9<\/td>\n<td width=\"368\">A1.5\u65b9 Lame d'alimentation<\/td>\n<td width=\"57\">12<\/td>\n<td width=\"47\">\u4ef6<\/td>\n<td width=\"47\">11<\/td>\n<td width=\"67\">132<\/td>\n<td width=\"84\"><\/td>\n<\/tr>\n<tr>\n<td width=\"48\">10<\/td>\n<td width=\"368\">A1.5\u65b9 Lame de retour<\/td>\n<td width=\"57\">2<\/td>\n<td width=\"47\">\u4ef6<\/td>\n<td width=\"47\">11<\/td>\n<td width=\"67\">22<\/td>\n<td width=\"84\"><\/td>\n<\/tr>\n<tr>\n<td width=\"48\">11<\/td>\n<td width=\"368\">A1.5\u65b9 Lame lat\u00e9rale de retour<\/td>\n<td width=\"57\">2<\/td>\n<td width=\"47\">\u4ef6<\/td>\n<td width=\"47\">13.9<\/td>\n<td width=\"67\">27.8<\/td>\n<td width=\"84\"><\/td>\n<\/tr>\n<tr>\n<td width=\"48\">12<\/td>\n<td width=\"368\">A1.5\u65b9 Lame lat\u00e9rale d'alimentation<\/td>\n<td width=\"57\">2<\/td>\n<td width=\"47\">\u4ef6<\/td>\n<td width=\"47\">13.9<\/td>\n<td width=\"67\">27.8<\/td>\n<td width=\"84\"><\/td>\n<\/tr>\n<tr>\n<td width=\"48\">13<\/td>\n<td width=\"368\">A1.5\u65b9 Lame de pelle d'alimentation<\/td>\n<td width=\"57\">2<\/td>\n<td width=\"47\">\u4ef6<\/td>\n<td width=\"47\">9.3<\/td>\n<td width=\"67\">18.6<\/td>\n<td width=\"84\"><\/td>\n<\/tr>\n<tr>\n<td width=\"48\">14<\/td>\n<td width=\"368\">Lame de pelle de retour A1.5\u65b9<\/td>\n<td width=\"57\">2<\/td>\n<td width=\"47\">\u4ef6<\/td>\n<td width=\"47\">9.3<\/td>\n<td width=\"67\">18.6<\/td>\n<td width=\"84\"><\/td>\n<\/tr>\n<tr>\n<td width=\"48\">15<\/td>\n<td width=\"368\">ZOOMLION1150 Bras 1002<\/td>\n<td width=\"57\">14<\/td>\n<td width=\"47\">\u4ef6<\/td>\n<td width=\"47\">29.4<\/td>\n<td width=\"67\">411.6<\/td>\n<td width=\"84\"><\/td>\n<\/tr>\n<tr>\n<td width=\"48\">16<\/td>\n<td width=\"368\">ZOOMLION1150 Bras 3002<\/td>\n<td width=\"57\">4<\/td>\n<td width=\"47\">\u4ef6<\/td>\n<td width=\"47\">29.4<\/td>\n<td width=\"67\">117.6<\/td>\n<td width=\"84\"><\/td>\n<\/tr>\n<tr>\n<td width=\"48\">17<\/td>\n<td width=\"368\">ZOOMLION1150 Bras 5002<\/td>\n<td width=\"57\">2<\/td>\n<td width=\"47\">\u4ef6<\/td>\n<td width=\"47\">19.1<\/td>\n<td width=\"67\">38.2<\/td>\n<td width=\"84\"><\/td>\n<\/tr>\n<tr>\n<td width=\"48\">8<\/td>\n<td width=\"368\">ZOOMLION1150 Bras 6002<\/td>\n<td width=\"57\">2<\/td>\n<td width=\"47\">\u4ef6<\/td>\n<td width=\"47\">19.1<\/td>\n<td width=\"67\">38.2<\/td>\n<td width=\"84\"><\/td>\n<\/tr>\n<tr>\n<td width=\"48\">9<\/td>\n<td width=\"368\">ZOOMLION1150 Si\u00e8ge de la serrure 0001<\/td>\n<td width=\"57\">14<\/td>\n<td width=\"47\">\u4ef6<\/td>\n<td width=\"47\">13.5<\/td>\n<td width=\"67\">189<\/td>\n<td width=\"84\"><\/td>\n<\/tr>\n<tr>\n<td width=\"48\">20<\/td>\n<td width=\"368\">ZOOMLION1150 Pince de l'arbre principal 0002<\/td>\n<td width=\"57\">4<\/td>\n<td width=\"47\">\u4ef6<\/td>\n<td width=\"47\">2.8<\/td>\n<td width=\"67\">11.2<\/td>\n<td width=\"84\"><\/td>\n<\/tr>\n<tr>\n<td width=\"48\">Total<\/td>\n<td width=\"368\"><\/td>\n<td width=\"57\"><\/td>\n<td width=\"47\"><\/td>\n<td width=\"47\"><\/td>\n<td width=\"67\">2087.8<\/td>\n<td width=\"84\"><\/td>\n<\/tr>\n<\/tbody>\n<\/table>\n<p><img fetchpriority=\"high\" decoding=\"async\" class=\"wp-image-3550 alignleft\" src=\"https:\/\/miningspareparts.com\/wp-content\/uploads\/2024\/01\/Mixer-And-Wear-Parts1-239x300.webp\" alt=\"\" width=\"498\" height=\"625\" srcset=\"https:\/\/miningspareparts.com\/wp-content\/uploads\/2024\/01\/Mixer-And-Wear-Parts1-239x300.webp 239w, https:\/\/miningspareparts.com\/wp-content\/uploads\/2024\/01\/Mixer-And-Wear-Parts1-817x1024.webp 817w, https:\/\/miningspareparts.com\/wp-content\/uploads\/2024\/01\/Mixer-And-Wear-Parts1-768x963.webp 768w, https:\/\/miningspareparts.com\/wp-content\/uploads\/2024\/01\/Mixer-And-Wear-Parts1-1226x1536.webp 1226w, https:\/\/miningspareparts.com\/wp-content\/uploads\/2024\/01\/Mixer-And-Wear-Parts1-1634x2048.webp 1634w, https:\/\/miningspareparts.com\/wp-content\/uploads\/2024\/01\/Mixer-And-Wear-Parts1-600x752.webp 600w, https:\/\/miningspareparts.com\/wp-content\/uploads\/2024\/01\/Mixer-And-Wear-Parts1.webp 2037w\" sizes=\"(max-width: 498px) 100vw, 498px\" \/><span style=\"font-size: 16px\">\u00a0<\/span><img decoding=\"async\" class=\"wp-image-3551 alignnone\" style=\"font-weight: inherit\" src=\"https:\/\/miningspareparts.com\/wp-content\/uploads\/2024\/01\/Mixer-And-Wear-Parts2-210x300.webp\" alt=\"\" width=\"454\" height=\"649\" srcset=\"https:\/\/miningspareparts.com\/wp-content\/uploads\/2024\/01\/Mixer-And-Wear-Parts2-210x300.webp 210w, https:\/\/miningspareparts.com\/wp-content\/uploads\/2024\/01\/Mixer-And-Wear-Parts2-600x856.webp 600w\" sizes=\"(max-width: 454px) 100vw, 454px\" \/><\/p>\n<p>En tant que fabricant distingu\u00e9 des pales, bras de malaxage et rev\u00eatements du malaxeur \u00e0 double arbre ZOOMLION 1500, nous sommes fiers d'offrir des composants de remplacement d'origine qui red\u00e9finissent l'excellence dans le domaine du malaxage du b\u00e9ton. Le remplacement d'origine signifie que nous nous engageons \u00e0 fournir des composants qui s'alignent parfaitement sur les sp\u00e9cifications de ZOOMLION, garantissant ainsi des performances et une compatibilit\u00e9 optimales.<\/p>\n<p>Dans le domaine de l'apr\u00e8s-vente, nous nous distinguons en proposant des solutions qui vont au-del\u00e0 des simples remplacements. Nos composants sont m\u00e9ticuleusement con\u00e7us pour am\u00e9liorer l'efficacit\u00e9 et la long\u00e9vit\u00e9 des m\u00e9langeurs ZOOMLION. Cet engagement en faveur de l'excellence du march\u00e9 de l'apr\u00e8s-vente signifie que nos clients b\u00e9n\u00e9ficient d'un temps d'arr\u00eat minimal, d'une productivit\u00e9 accrue et d'une maintenance rentable.<\/p>","protected":false},"excerpt":{"rendered":"<p>Mod\u00e8les:ZOOMLION 1500<\/p>","protected":false},"featured_media":4807,"template":"","meta":{"_uag_custom_page_level_css":"","site-sidebar-layout":"default","site-content-layout":"","ast-site-content-layout":"default","site-content-style":"default","site-sidebar-style":"default","ast-global-header-display":"","ast-banner-title-visibility":"","ast-main-header-display":"","ast-hfb-above-header-display":"","ast-hfb-below-header-display":"","ast-hfb-mobile-header-display":"","site-post-title":"","ast-breadcrumbs-content":"","ast-featured-img":"","footer-sml-layout":"","ast-disable-related-posts":"","theme-transparent-header-meta":"default","adv-header-id-meta":"","stick-header-meta":"default","header-above-stick-meta":"","header-main-stick-meta":"","header-below-stick-meta":"","astra-migrate-meta-layouts":"set","ast-page-background-enabled":"default","ast-page-background-meta":{"desktop":{"background-color":"var(--ast-global-color-4)","background-image":"","background-repeat":"repeat","background-position":"center center","background-size":"auto","background-attachment":"scroll","background-type":"","background-media":"","overlay-type":"","overlay-color":"","overlay-opacity":"","overlay-gradient":""},"tablet":{"background-color":"","background-image":"","background-repeat":"repeat","background-position":"center center","background-size":"auto","background-attachment":"scroll","background-type":"","background-media":"","overlay-type":"","overlay-color":"","overlay-opacity":"","overlay-gradient":""},"mobile":{"background-color":"","background-image":"","background-repeat":"repeat","background-position":"center center","background-size":"auto","background-attachment":"scroll","background-type":"","background-media":"","overlay-type":"","overlay-color":"","overlay-opacity":"","overlay-gradient":""}},"ast-content-background-meta":{"desktop":{"background-color":"var(--ast-global-color-5)","background-image":"","background-repeat":"repeat","background-position":"center center","background-size":"auto","background-attachment":"scroll","background-type":"","background-media":"","overlay-type":"","overlay-color":"","overlay-opacity":"","overlay-gradient":""},"tablet":{"background-color":"var(--ast-global-color-5)","background-image":"","background-repeat":"repeat","background-position":"center center","background-size":"auto","background-attachment":"scroll","background-type":"","background-media":"","overlay-type":"","overlay-color":"","overlay-opacity":"","overlay-gradient":""},"mobile":{"background-color":"var(--ast-global-color-5)","background-image":"","background-repeat":"repeat","background-position":"center center","background-size":"auto","background-attachment":"scroll","background-type":"","background-media":"","overlay-type":"","overlay-color":"","overlay-opacity":"","overlay-gradient":""}}},"product_brand":[],"product_cat":[281,77],"product_tag":[268,288,269],"class_list":{"0":"post-2158","1":"product","2":"type-product","3":"status-publish","4":"has-post-thumbnail","6":"product_cat-zoomlion","7":"product_cat-concrete-mixer-parts","8":"product_tag-blade","9":"product_tag-concrete-mixer","10":"product_tag-mixing-arm","11":"desktop-align-left","12":"tablet-align-left","13":"mobile-align-left","14":"ast-product-gallery-layout-horizontal-slider","15":"ast-product-gallery-with-no-image","16":"ast-product-single-variable","17":"ast-product-tabs-layout-horizontal","19":"first","20":"instock","21":"shipping-taxable","22":"purchasable","23":"product-type-variable"},"yoast_head":"<!-- This site is optimized with the Yoast SEO plugin v27.4 - https:\/\/yoast.com\/product\/yoast-seo-wordpress\/ -->\n<title>ZOOMLION 1500 Mixer And Parts - Crusher parts, Slurry Pump Parts, Excavator shovel parts<\/title>\n<meta name=\"description\" content=\"Our Zoomlion 1500 twin-shaft mixer blades, arms and liners are original replacement and ensure wear resistance for unparalleled durability and efficiency.\" \/>\n<meta name=\"robots\" content=\"index, follow, max-snippet:-1, max-image-preview:large, max-video-preview:-1\" \/>\n<link rel=\"canonical\" href=\"https:\/\/miningspareparts.com\/fr\/produit\/zoomlion-1500-mixer-and-parts\/\" \/>\n<meta property=\"og:locale\" content=\"fr_FR\" \/>\n<meta property=\"og:type\" content=\"article\" \/>\n<meta property=\"og:title\" content=\"ZOOMLION 1500 Mixer And Parts - Crusher parts, Slurry Pump Parts, Excavator shovel parts\" \/>\n<meta property=\"og:description\" content=\"Our Zoomlion 1500 twin-shaft mixer blades, arms and liners are original replacement and ensure wear resistance for unparalleled durability and efficiency.\" \/>\n<meta property=\"og:url\" content=\"https:\/\/miningspareparts.com\/fr\/produit\/zoomlion-1500-mixer-and-parts\/\" \/>\n<meta property=\"og:site_name\" content=\"Crusher parts, Slurry Pump Parts, Excavator shovel parts\" \/>\n<meta property=\"article:modified_time\" content=\"2024-04-06T05:42:49+00:00\" \/>\n<meta property=\"og:image\" content=\"https:\/\/miningspareparts.com\/wp-content\/uploads\/2023\/12\/ZOOMLION1500-Mixer-And-Parts.webp\" \/>\n\t<meta property=\"og:image:width\" content=\"800\" \/>\n\t<meta property=\"og:image:height\" content=\"800\" \/>\n\t<meta property=\"og:image:type\" content=\"image\/webp\" \/>\n<meta name=\"twitter:card\" content=\"summary_large_image\" \/>\n<meta name=\"twitter:label1\" content=\"Dur\u00e9e de lecture estim\u00e9e\" \/>\n\t<meta name=\"twitter:data1\" content=\"2 minutes\" \/>\n<script type=\"application\/ld+json\" class=\"yoast-schema-graph\">{\"@context\":\"https:\\\/\\\/schema.org\",\"@graph\":[{\"@type\":\"WebPage\",\"@id\":\"https:\\\/\\\/miningspareparts.com\\\/product\\\/zoomlion-1500-mixer-and-parts\\\/\",\"url\":\"https:\\\/\\\/miningspareparts.com\\\/product\\\/zoomlion-1500-mixer-and-parts\\\/\",\"name\":\"ZOOMLION 1500 Mixer And Parts - Crusher parts, Slurry Pump Parts, Excavator shovel parts\",\"isPartOf\":{\"@id\":\"https:\\\/\\\/miningspareparts.com\\\/#website\"},\"primaryImageOfPage\":{\"@id\":\"https:\\\/\\\/miningspareparts.com\\\/product\\\/zoomlion-1500-mixer-and-parts\\\/#primaryimage\"},\"image\":{\"@id\":\"https:\\\/\\\/miningspareparts.com\\\/product\\\/zoomlion-1500-mixer-and-parts\\\/#primaryimage\"},\"thumbnailUrl\":\"https:\\\/\\\/miningspareparts.com\\\/wp-content\\\/uploads\\\/2023\\\/12\\\/ZOOMLION1500-Mixer-And-Parts.webp\",\"datePublished\":\"2023-12-31T06:03:32+00:00\",\"dateModified\":\"2024-04-06T05:42:49+00:00\",\"description\":\"Our Zoomlion 1500 twin-shaft mixer blades, arms and liners are original replacement and ensure wear resistance for unparalleled durability and efficiency.\",\"breadcrumb\":{\"@id\":\"https:\\\/\\\/miningspareparts.com\\\/product\\\/zoomlion-1500-mixer-and-parts\\\/#breadcrumb\"},\"inLanguage\":\"fr-FR\",\"potentialAction\":[{\"@type\":\"ReadAction\",\"target\":[\"https:\\\/\\\/miningspareparts.com\\\/product\\\/zoomlion-1500-mixer-and-parts\\\/\"]}]},{\"@type\":\"ImageObject\",\"inLanguage\":\"fr-FR\",\"@id\":\"https:\\\/\\\/miningspareparts.com\\\/product\\\/zoomlion-1500-mixer-and-parts\\\/#primaryimage\",\"url\":\"https:\\\/\\\/miningspareparts.com\\\/wp-content\\\/uploads\\\/2023\\\/12\\\/ZOOMLION1500-Mixer-And-Parts.webp\",\"contentUrl\":\"https:\\\/\\\/miningspareparts.com\\\/wp-content\\\/uploads\\\/2023\\\/12\\\/ZOOMLION1500-Mixer-And-Parts.webp\",\"width\":800,\"height\":800},{\"@type\":\"BreadcrumbList\",\"@id\":\"https:\\\/\\\/miningspareparts.com\\\/product\\\/zoomlion-1500-mixer-and-parts\\\/#breadcrumb\",\"itemListElement\":[{\"@type\":\"ListItem\",\"position\":1,\"name\":\"Home\",\"item\":\"https:\\\/\\\/miningspareparts.com\\\/\"},{\"@type\":\"ListItem\",\"position\":2,\"name\":\"Premium Mining Wear And Spare Parts\",\"item\":\"https:\\\/\\\/miningspareparts.com\\\/shop\\\/\"},{\"@type\":\"ListItem\",\"position\":3,\"name\":\"ZOOMLION1500 Mixer And Parts\"}]},{\"@type\":\"WebSite\",\"@id\":\"https:\\\/\\\/miningspareparts.com\\\/#website\",\"url\":\"https:\\\/\\\/miningspareparts.com\\\/\",\"name\":\"Crusher parts , Concrete Mixer Parts, Slurry Pump Parts, Mining Spares\",\"description\":\"Mining Wear &amp; Spare Parts Supplier\",\"publisher\":{\"@id\":\"https:\\\/\\\/miningspareparts.com\\\/#organization\"},\"potentialAction\":[{\"@type\":\"SearchAction\",\"target\":{\"@type\":\"EntryPoint\",\"urlTemplate\":\"https:\\\/\\\/miningspareparts.com\\\/?s={search_term_string}\"},\"query-input\":{\"@type\":\"PropertyValueSpecification\",\"valueRequired\":true,\"valueName\":\"search_term_string\"}}],\"inLanguage\":\"fr-FR\"},{\"@type\":\"Organization\",\"@id\":\"https:\\\/\\\/miningspareparts.com\\\/#organization\",\"name\":\"Crusher parts , Concrete Mixer Parts, Slurry Pump Parts, Mining Spares\",\"url\":\"https:\\\/\\\/miningspareparts.com\\\/\",\"logo\":{\"@type\":\"ImageObject\",\"inLanguage\":\"fr-FR\",\"@id\":\"https:\\\/\\\/miningspareparts.com\\\/#\\\/schema\\\/logo\\\/image\\\/\",\"url\":\"https:\\\/\\\/miningspareparts.com\\\/wp-content\\\/uploads\\\/2025\\\/04\\\/cropped-cropped-logo\u6b63\u65b9\u5f62.png\",\"contentUrl\":\"https:\\\/\\\/miningspareparts.com\\\/wp-content\\\/uploads\\\/2025\\\/04\\\/cropped-cropped-logo\u6b63\u65b9\u5f62.png\",\"width\":511,\"height\":171,\"caption\":\"Crusher parts , Concrete Mixer Parts, Slurry Pump Parts, Mining Spares\"},\"image\":{\"@id\":\"https:\\\/\\\/miningspareparts.com\\\/#\\\/schema\\\/logo\\\/image\\\/\"}}]}<\/script>\n<!-- \/ Yoast SEO plugin. -->","yoast_head_json":{"title":"ZOOMLION 1500 Mixer And Parts - Crusher parts, Slurry Pump Parts, Excavator shovel parts","description":"Our Zoomlion 1500 twin-shaft mixer blades, arms and liners are original replacement and ensure wear resistance for unparalleled durability and efficiency.","robots":{"index":"index","follow":"follow","max-snippet":"max-snippet:-1","max-image-preview":"max-image-preview:large","max-video-preview":"max-video-preview:-1"},"canonical":"https:\/\/miningspareparts.com\/fr\/produit\/zoomlion-1500-mixer-and-parts\/","og_locale":"fr_FR","og_type":"article","og_title":"ZOOMLION 1500 Mixer And Parts - Crusher parts, Slurry Pump Parts, Excavator shovel parts","og_description":"Our Zoomlion 1500 twin-shaft mixer blades, arms and liners are original replacement and ensure wear resistance for unparalleled durability and efficiency.","og_url":"https:\/\/miningspareparts.com\/fr\/produit\/zoomlion-1500-mixer-and-parts\/","og_site_name":"Crusher parts, Slurry Pump Parts, Excavator shovel parts","article_modified_time":"2024-04-06T05:42:49+00:00","og_image":[{"width":800,"height":800,"url":"https:\/\/miningspareparts.com\/wp-content\/uploads\/2023\/12\/ZOOMLION1500-Mixer-And-Parts.webp","type":"image\/webp"}],"twitter_card":"summary_large_image","twitter_misc":{"Dur\u00e9e de lecture estim\u00e9e":"2 minutes"},"schema":{"@context":"https:\/\/schema.org","@graph":[{"@type":"WebPage","@id":"https:\/\/miningspareparts.com\/product\/zoomlion-1500-mixer-and-parts\/","url":"https:\/\/miningspareparts.com\/product\/zoomlion-1500-mixer-and-parts\/","name":"ZOOMLION 1500 Mixer And Parts - Crusher parts, Slurry Pump Parts, Excavator shovel parts","isPartOf":{"@id":"https:\/\/miningspareparts.com\/#website"},"primaryImageOfPage":{"@id":"https:\/\/miningspareparts.com\/product\/zoomlion-1500-mixer-and-parts\/#primaryimage"},"image":{"@id":"https:\/\/miningspareparts.com\/product\/zoomlion-1500-mixer-and-parts\/#primaryimage"},"thumbnailUrl":"https:\/\/miningspareparts.com\/wp-content\/uploads\/2023\/12\/ZOOMLION1500-Mixer-And-Parts.webp","datePublished":"2023-12-31T06:03:32+00:00","dateModified":"2024-04-06T05:42:49+00:00","description":"Our Zoomlion 1500 twin-shaft mixer blades, arms and liners are original replacement and ensure wear resistance for unparalleled durability and efficiency.","breadcrumb":{"@id":"https:\/\/miningspareparts.com\/product\/zoomlion-1500-mixer-and-parts\/#breadcrumb"},"inLanguage":"fr-FR","potentialAction":[{"@type":"ReadAction","target":["https:\/\/miningspareparts.com\/product\/zoomlion-1500-mixer-and-parts\/"]}]},{"@type":"ImageObject","inLanguage":"fr-FR","@id":"https:\/\/miningspareparts.com\/product\/zoomlion-1500-mixer-and-parts\/#primaryimage","url":"https:\/\/miningspareparts.com\/wp-content\/uploads\/2023\/12\/ZOOMLION1500-Mixer-And-Parts.webp","contentUrl":"https:\/\/miningspareparts.com\/wp-content\/uploads\/2023\/12\/ZOOMLION1500-Mixer-And-Parts.webp","width":800,"height":800},{"@type":"BreadcrumbList","@id":"https:\/\/miningspareparts.com\/product\/zoomlion-1500-mixer-and-parts\/#breadcrumb","itemListElement":[{"@type":"ListItem","position":1,"name":"Home","item":"https:\/\/miningspareparts.com\/"},{"@type":"ListItem","position":2,"name":"Premium Mining Wear And Spare Parts","item":"https:\/\/miningspareparts.com\/shop\/"},{"@type":"ListItem","position":3,"name":"ZOOMLION1500 Mixer And Parts"}]},{"@type":"WebSite","@id":"https:\/\/miningspareparts.com\/#website","url":"https:\/\/miningspareparts.com\/","name":"Crusher parts , Concrete Mixer Parts, Slurry Pump Parts, Mining Spares","description":"Mining Wear &amp; Spare Parts Supplier","publisher":{"@id":"https:\/\/miningspareparts.com\/#organization"},"potentialAction":[{"@type":"SearchAction","target":{"@type":"EntryPoint","urlTemplate":"https:\/\/miningspareparts.com\/?s={search_term_string}"},"query-input":{"@type":"PropertyValueSpecification","valueRequired":true,"valueName":"search_term_string"}}],"inLanguage":"fr-FR"},{"@type":"Organization","@id":"https:\/\/miningspareparts.com\/#organization","name":"Crusher parts , Concrete Mixer Parts, Slurry Pump Parts, Mining Spares","url":"https:\/\/miningspareparts.com\/","logo":{"@type":"ImageObject","inLanguage":"fr-FR","@id":"https:\/\/miningspareparts.com\/#\/schema\/logo\/image\/","url":"https:\/\/miningspareparts.com\/wp-content\/uploads\/2025\/04\/cropped-cropped-logo\u6b63\u65b9\u5f62.png","contentUrl":"https:\/\/miningspareparts.com\/wp-content\/uploads\/2025\/04\/cropped-cropped-logo\u6b63\u65b9\u5f62.png","width":511,"height":171,"caption":"Crusher parts , Concrete Mixer Parts, Slurry Pump Parts, Mining Spares"},"image":{"@id":"https:\/\/miningspareparts.com\/#\/schema\/logo\/image\/"}}]}},"uagb_featured_image_src":{"full":["https:\/\/miningspareparts.com\/wp-content\/uploads\/2023\/12\/ZOOMLION1500-Mixer-And-Parts.webp",800,800,false],"thumbnail":["https:\/\/miningspareparts.com\/wp-content\/uploads\/2023\/12\/ZOOMLION1500-Mixer-And-Parts-150x150.webp",150,150,true],"medium":["https:\/\/miningspareparts.com\/wp-content\/uploads\/2023\/12\/ZOOMLION1500-Mixer-And-Parts-300x300.webp",300,300,true],"medium_large":["https:\/\/miningspareparts.com\/wp-content\/uploads\/2023\/12\/ZOOMLION1500-Mixer-And-Parts-768x768.webp",768,768,true],"large":["https:\/\/miningspareparts.com\/wp-content\/uploads\/2023\/12\/ZOOMLION1500-Mixer-And-Parts.webp",800,800,false],"1536x1536":["https:\/\/miningspareparts.com\/wp-content\/uploads\/2023\/12\/ZOOMLION1500-Mixer-And-Parts.webp",800,800,false],"2048x2048":["https:\/\/miningspareparts.com\/wp-content\/uploads\/2023\/12\/ZOOMLION1500-Mixer-And-Parts.webp",800,800,false],"trp-custom-language-flag":["https:\/\/miningspareparts.com\/wp-content\/uploads\/2023\/12\/ZOOMLION1500-Mixer-And-Parts-12x12.webp",12,12,true],"woocommerce_thumbnail":["https:\/\/miningspareparts.com\/wp-content\/uploads\/2023\/12\/ZOOMLION1500-Mixer-And-Parts-300x300.webp",300,300,true],"woocommerce_single":["https:\/\/miningspareparts.com\/wp-content\/uploads\/2023\/12\/ZOOMLION1500-Mixer-And-Parts-600x600.webp",600,600,true],"woocommerce_gallery_thumbnail":["https:\/\/miningspareparts.com\/wp-content\/uploads\/2023\/12\/ZOOMLION1500-Mixer-And-Parts-100x100.webp",100,100,true]},"uagb_author_info":{"display_name":"Miningspareparts","author_link":"https:\/\/miningspareparts.com\/fr\/author\/"},"uagb_comment_info":0,"uagb_excerpt":"Models:ZOOMLION 1500","_links":{"self":[{"href":"https:\/\/miningspareparts.com\/fr\/wp-json\/wp\/v2\/product\/2158","targetHints":{"allow":["GET"]}}],"collection":[{"href":"https:\/\/miningspareparts.com\/fr\/wp-json\/wp\/v2\/product"}],"about":[{"href":"https:\/\/miningspareparts.com\/fr\/wp-json\/wp\/v2\/types\/product"}],"wp:featuredmedia":[{"embeddable":true,"href":"https:\/\/miningspareparts.com\/fr\/wp-json\/wp\/v2\/media\/4807"}],"wp:attachment":[{"href":"https:\/\/miningspareparts.com\/fr\/wp-json\/wp\/v2\/media?parent=2158"}],"wp:term":[{"taxonomy":"product_brand","embeddable":true,"href":"https:\/\/miningspareparts.com\/fr\/wp-json\/wp\/v2\/product_brand?post=2158"},{"taxonomy":"product_cat","embeddable":true,"href":"https:\/\/miningspareparts.com\/fr\/wp-json\/wp\/v2\/product_cat?post=2158"},{"taxonomy":"product_tag","embeddable":true,"href":"https:\/\/miningspareparts.com\/fr\/wp-json\/wp\/v2\/product_tag?post=2158"}],"curies":[{"name":"wp","href":"https:\/\/api.w.org\/{rel}","templated":true}]}}