{"id":2172,"date":"2023-12-31T06:13:30","date_gmt":"2023-12-31T06:13:30","guid":{"rendered":"https:\/\/miningspareparts.com\/?post_type=product&#038;p=2172"},"modified":"2024-04-06T05:39:49","modified_gmt":"2024-04-06T05:39:49","slug":"zoomlion-js4000-mixer-and-parts","status":"publish","type":"product","link":"https:\/\/miningspareparts.com\/fr\/produit\/zoomlion-js4000-mixer-and-parts\/","title":{"rendered":"ZOOMLION JS4000 M\u00e9langeur et pi\u00e8ces d\u00e9tach\u00e9es"},"content":{"rendered":"<p><strong>Voici une description du m\u00e9langeur ZOOMLION JS4000 et des pi\u00e8ces d\u00e9tach\u00e9es.<\/strong><\/p>\n<table>\n<tbody>\n<tr>\n<td width=\"43\">NON.<\/td>\n<td width=\"135\">Sp\u00e9cifications<\/td>\n<td width=\"215\">Code de l'article<\/td>\n<td width=\"45\">Unit\u00e9.<\/td>\n<td width=\"46\">Qt\u00e9<\/td>\n<td width=\"82\">Poids unitaire (Kg)<\/td>\n<td width=\"74\">Poids total (Kg)<\/td>\n<td width=\"78\">Remarques<\/td>\n<\/tr>\n<tr>\n<td width=\"43\">1<\/td>\n<td width=\"135\">Rev\u00eatement d'extr\u00e9mit\u00e9 A<\/td>\n<td width=\"215\">001401400A0300001<\/td>\n<td width=\"45\">\u4ef6<\/td>\n<td width=\"46\">24<\/td>\n<td width=\"82\">11.7<\/td>\n<td width=\"74\">280.8<\/td>\n<td width=\"78\"><\/td>\n<\/tr>\n<tr>\n<td width=\"43\">2<\/td>\n<td width=\"135\">Rev\u00eatement d'extr\u00e9mit\u00e9 B<\/td>\n<td width=\"215\">001401400A0300002<\/td>\n<td width=\"45\">\u4ef6<\/td>\n<td width=\"46\">24<\/td>\n<td width=\"82\">14.6<\/td>\n<td width=\"74\">350.4<\/td>\n<td width=\"78\"><\/td>\n<\/tr>\n<tr>\n<td width=\"43\">3<\/td>\n<td width=\"135\">Rev\u00eatement d'extr\u00e9mit\u00e9 C<\/td>\n<td width=\"215\">001401400A0300003<\/td>\n<td width=\"45\">\u4ef6<\/td>\n<td width=\"46\">4<\/td>\n<td width=\"82\">11.6<\/td>\n<td width=\"74\">46.4<\/td>\n<td width=\"78\"><\/td>\n<\/tr>\n<tr>\n<td width=\"43\">4<\/td>\n<td width=\"135\">Rev\u00eatement d'extr\u00e9mit\u00e9 D<\/td>\n<td width=\"215\">001401400A0300004<\/td>\n<td width=\"45\">\u4ef6<\/td>\n<td width=\"46\">4<\/td>\n<td width=\"82\">11.6<\/td>\n<td width=\"74\">46.4<\/td>\n<td width=\"78\"><\/td>\n<\/tr>\n<tr>\n<td width=\"43\">5<\/td>\n<td width=\"135\">Arc Lining A<\/td>\n<td width=\"215\">001401400A0300005<\/td>\n<td width=\"45\">\u4ef6<\/td>\n<td width=\"46\">98<\/td>\n<td width=\"82\">9<\/td>\n<td width=\"74\">882<\/td>\n<td width=\"78\"><\/td>\n<\/tr>\n<tr>\n<td width=\"43\">6<\/td>\n<td width=\"135\">Arc Lining B<\/td>\n<td width=\"215\">001401400A0300006<\/td>\n<td width=\"45\">\u4ef6<\/td>\n<td width=\"46\">14<\/td>\n<td width=\"82\">7.7<\/td>\n<td width=\"74\">107.8<\/td>\n<td width=\"78\"><\/td>\n<\/tr>\n<tr>\n<td width=\"43\">7<\/td>\n<td width=\"135\">Arc Lining C<\/td>\n<td width=\"215\">001401400A0300007<\/td>\n<td width=\"45\">\u4ef6<\/td>\n<td width=\"46\">14<\/td>\n<td width=\"82\">7.7<\/td>\n<td width=\"74\">107.8<\/td>\n<td width=\"78\"><\/td>\n<\/tr>\n<tr>\n<td width=\"43\">8<\/td>\n<td width=\"135\">Doublure du petit arc<\/td>\n<td width=\"215\">001401400A0300008<\/td>\n<td width=\"45\">\u4ef6<\/td>\n<td width=\"46\">8<\/td>\n<td width=\"82\">2.2<\/td>\n<td width=\"74\">17.6<\/td>\n<td width=\"78\"><\/td>\n<\/tr>\n<tr>\n<td width=\"43\">9<\/td>\n<td width=\"135\">Lame \u00e0 vis d'alimentation lat\u00e9rale<\/td>\n<td width=\"215\">001401400A0601001<\/td>\n<td width=\"45\">\u4ef6<\/td>\n<td width=\"46\">2<\/td>\n<td width=\"82\">23.4<\/td>\n<td width=\"74\">46.8<\/td>\n<td width=\"78\"><\/td>\n<\/tr>\n<tr>\n<td width=\"43\">10<\/td>\n<td width=\"135\">Vis d'alimentation Lame<\/td>\n<td width=\"215\">001401400A0602001<\/td>\n<td width=\"45\">\u4ef6<\/td>\n<td width=\"46\">14<\/td>\n<td width=\"82\">20.2<\/td>\n<td width=\"74\">282.8<\/td>\n<td width=\"78\"><\/td>\n<\/tr>\n<tr>\n<td width=\"43\">11<\/td>\n<td width=\"135\">Vis de rappel Lame<\/td>\n<td width=\"215\">001401400A0603001<\/td>\n<td width=\"45\">\u4ef6<\/td>\n<td width=\"46\">2<\/td>\n<td width=\"82\">20.2<\/td>\n<td width=\"74\">40.4<\/td>\n<td width=\"78\"><\/td>\n<\/tr>\n<tr>\n<td width=\"43\">12<\/td>\n<td width=\"135\">Vis \u00e0 retour lat\u00e9ral Lame<\/td>\n<td width=\"215\">001401400A0604001<\/td>\n<td width=\"45\">\u4ef6<\/td>\n<td width=\"46\">2<\/td>\n<td width=\"82\">23.4<\/td>\n<td width=\"74\">46.8<\/td>\n<td width=\"78\"><\/td>\n<\/tr>\n<tr>\n<td width=\"43\">13<\/td>\n<td width=\"135\">Pelle \u00e0 alimentation lat\u00e9rale A<\/td>\n<td width=\"215\">001401400A0605001<\/td>\n<td width=\"45\">\u4ef6<\/td>\n<td width=\"46\">2<\/td>\n<td width=\"82\">9.4<\/td>\n<td width=\"74\">18.8<\/td>\n<td width=\"78\"><\/td>\n<\/tr>\n<tr>\n<td width=\"43\">14<\/td>\n<td width=\"135\">Pelle d'alimentation lat\u00e9rale B<\/td>\n<td width=\"215\">001401400A0605003<\/td>\n<td width=\"45\">\u4ef6<\/td>\n<td width=\"46\">2<\/td>\n<td width=\"82\">8<\/td>\n<td width=\"74\">16<\/td>\n<td width=\"78\"><\/td>\n<\/tr>\n<tr>\n<td width=\"43\">15<\/td>\n<td width=\"135\">Pelle \u00e0 retour lat\u00e9ral A<\/td>\n<td width=\"215\">001401400A0608001<\/td>\n<td width=\"45\">\u4ef6<\/td>\n<td width=\"46\">2<\/td>\n<td width=\"82\">9.4.<\/td>\n<td width=\"74\">18.8<\/td>\n<td width=\"78\"><\/td>\n<\/tr>\n<tr>\n<td width=\"43\">16<\/td>\n<td width=\"135\">Pelle \u00e0 retour lat\u00e9ral B<\/td>\n<td width=\"215\">001401400A0608003<\/td>\n<td width=\"45\">\u4ef6<\/td>\n<td width=\"46\">2<\/td>\n<td width=\"82\">8<\/td>\n<td width=\"74\">16<\/td>\n<td width=\"78\"><\/td>\n<\/tr>\n<tr>\n<td width=\"43\">17<\/td>\n<td width=\"135\">Alimenter le grand bras<\/td>\n<td width=\"215\">001401400A0601002<\/td>\n<td width=\"45\">\u4ef6<\/td>\n<td width=\"46\">16<\/td>\n<td width=\"82\">56.3<\/td>\n<td width=\"74\">900.8<\/td>\n<td width=\"78\"><\/td>\n<\/tr>\n<tr>\n<td width=\"43\">18<\/td>\n<td width=\"135\">Retour Grand bras<\/td>\n<td width=\"215\">001401400A0603002<\/td>\n<td width=\"45\">\u4ef6<\/td>\n<td width=\"46\">4<\/td>\n<td width=\"82\">56.3<\/td>\n<td width=\"74\">225.2<\/td>\n<td width=\"78\"><\/td>\n<\/tr>\n<tr>\n<td width=\"43\">19<\/td>\n<td width=\"135\">Alimentation lat\u00e9rale Petit bras<\/td>\n<td width=\"215\">001401400A0605002<\/td>\n<td width=\"45\">\u4ef6<\/td>\n<td width=\"46\">2<\/td>\n<td width=\"82\">36.3<\/td>\n<td width=\"74\">72.6<\/td>\n<td width=\"78\"><\/td>\n<\/tr>\n<tr>\n<td width=\"43\">20<\/td>\n<td width=\"135\">Si\u00e8ge verrouillable<\/td>\n<td width=\"215\">001401400A0606002<\/td>\n<td width=\"45\">\u4ef6<\/td>\n<td width=\"46\">16<\/td>\n<td width=\"82\">20<\/td>\n<td width=\"74\">320<\/td>\n<td width=\"78\"><\/td>\n<\/tr>\n<tr>\n<td width=\"43\">21<\/td>\n<td width=\"135\">Retour lat\u00e9ral Petit bras<\/td>\n<td width=\"215\">001401400A0608002<\/td>\n<td width=\"45\">\u4ef6<\/td>\n<td width=\"46\">2<\/td>\n<td width=\"82\">36.3<\/td>\n<td width=\"74\">72.6<\/td>\n<td width=\"78\"><\/td>\n<\/tr>\n<tr>\n<td colspan=\"3\" width=\"393\">Total<\/td>\n<td width=\"45\"><\/td>\n<td width=\"46\">258<\/td>\n<td width=\"82\"><\/td>\n<td width=\"74\">3916.8<\/td>\n<td width=\"78\"><\/td>\n<\/tr>\n<\/tbody>\n<\/table>\n<p><img fetchpriority=\"high\" decoding=\"async\" class=\"wp-image-3550 alignleft\" src=\"https:\/\/miningspareparts.com\/wp-content\/uploads\/2024\/01\/Mixer-And-Wear-Parts1-239x300.webp\" alt=\"\" width=\"498\" height=\"625\" srcset=\"https:\/\/miningspareparts.com\/wp-content\/uploads\/2024\/01\/Mixer-And-Wear-Parts1-239x300.webp 239w, https:\/\/miningspareparts.com\/wp-content\/uploads\/2024\/01\/Mixer-And-Wear-Parts1-817x1024.webp 817w, https:\/\/miningspareparts.com\/wp-content\/uploads\/2024\/01\/Mixer-And-Wear-Parts1-768x963.webp 768w, https:\/\/miningspareparts.com\/wp-content\/uploads\/2024\/01\/Mixer-And-Wear-Parts1-1226x1536.webp 1226w, https:\/\/miningspareparts.com\/wp-content\/uploads\/2024\/01\/Mixer-And-Wear-Parts1-1634x2048.webp 1634w, https:\/\/miningspareparts.com\/wp-content\/uploads\/2024\/01\/Mixer-And-Wear-Parts1-600x752.webp 600w, https:\/\/miningspareparts.com\/wp-content\/uploads\/2024\/01\/Mixer-And-Wear-Parts1.webp 2037w\" sizes=\"(max-width: 498px) 100vw, 498px\" \/><span style=\"font-size: 16px\">\u00a0<\/span><img decoding=\"async\" class=\"wp-image-3551 alignnone\" style=\"font-weight: inherit\" src=\"https:\/\/miningspareparts.com\/wp-content\/uploads\/2024\/01\/Mixer-And-Wear-Parts2-210x300.webp\" alt=\"\" width=\"454\" height=\"649\" srcset=\"https:\/\/miningspareparts.com\/wp-content\/uploads\/2024\/01\/Mixer-And-Wear-Parts2-210x300.webp 210w, https:\/\/miningspareparts.com\/wp-content\/uploads\/2024\/01\/Mixer-And-Wear-Parts2-600x856.webp 600w\" sizes=\"(max-width: 454px) 100vw, 454px\" \/><\/p>\n<p>Dans le domaine des composants du m\u00e9langeur \u00e0 deux arbres ZOOMLION JS4000, nous sommes des fabricants engag\u00e9s dans l'excellence. Nous nous concentrons sur la fabrication artisanale de pi\u00e8ces de rechange d'origine, en mettant l'accent sur la pr\u00e9cision et la qualit\u00e9 in\u00e9gal\u00e9es de nos produits.<\/p>\n<p>Lorsque nous parlons de remplacement d'origine, nous faisons r\u00e9f\u00e9rence \u00e0 l'ing\u00e9nierie m\u00e9ticuleuse qui entre dans la fabrication de chaque lame, bras de m\u00e9lange et rev\u00eatement. Ces composants sont con\u00e7us pour s'int\u00e9grer parfaitement dans les m\u00e9langeurs ZOOMLION JS4000, garantissant un ajustement parfait et une fonctionnalit\u00e9 optimale. Choisir nos pi\u00e8ces de rechange d'origine, c'est choisir la fiabilit\u00e9, la pr\u00e9cision et un engagement \u00e0 respecter les sp\u00e9cifications exactes des pi\u00e8ces d'origine.<\/p>\n<p>Sur le march\u00e9 de l'apr\u00e8s-vente, nous nous distinguons en proposant des solutions qui vont au-del\u00e0 du simple remplacement. Nos composants de rechange ne se contentent pas de r\u00e9pondre aux normes \u00e9lev\u00e9es fix\u00e9es par l'\u00e9quipement d'origine, mais les d\u00e9passent souvent. Nous comprenons l'\u00e9volution des besoins de nos clients et nous nous effor\u00e7ons d'offrir des innovations qui am\u00e9liorent les performances et la long\u00e9vit\u00e9.<\/p>","protected":false},"excerpt":{"rendered":"<p>Mod\u00e8les:ZOOMLION JS4000<\/p>","protected":false},"featured_media":4805,"template":"","meta":{"_uag_custom_page_level_css":"","site-sidebar-layout":"default","site-content-layout":"","ast-site-content-layout":"default","site-content-style":"default","site-sidebar-style":"default","ast-global-header-display":"","ast-banner-title-visibility":"","ast-main-header-display":"","ast-hfb-above-header-display":"","ast-hfb-below-header-display":"","ast-hfb-mobile-header-display":"","site-post-title":"","ast-breadcrumbs-content":"","ast-featured-img":"","footer-sml-layout":"","ast-disable-related-posts":"","theme-transparent-header-meta":"default","adv-header-id-meta":"","stick-header-meta":"default","header-above-stick-meta":"","header-main-stick-meta":"","header-below-stick-meta":"","astra-migrate-meta-layouts":"set","ast-page-background-enabled":"default","ast-page-background-meta":{"desktop":{"background-color":"var(--ast-global-color-4)","background-image":"","background-repeat":"repeat","background-position":"center center","background-size":"auto","background-attachment":"scroll","background-type":"","background-media":"","overlay-type":"","overlay-color":"","overlay-opacity":"","overlay-gradient":""},"tablet":{"background-color":"","background-image":"","background-repeat":"repeat","background-position":"center center","background-size":"auto","background-attachment":"scroll","background-type":"","background-media":"","overlay-type":"","overlay-color":"","overlay-opacity":"","overlay-gradient":""},"mobile":{"background-color":"","background-image":"","background-repeat":"repeat","background-position":"center center","background-size":"auto","background-attachment":"scroll","background-type":"","background-media":"","overlay-type":"","overlay-color":"","overlay-opacity":"","overlay-gradient":""}},"ast-content-background-meta":{"desktop":{"background-color":"var(--ast-global-color-5)","background-image":"","background-repeat":"repeat","background-position":"center center","background-size":"auto","background-attachment":"scroll","background-type":"","background-media":"","overlay-type":"","overlay-color":"","overlay-opacity":"","overlay-gradient":""},"tablet":{"background-color":"var(--ast-global-color-5)","background-image":"","background-repeat":"repeat","background-position":"center center","background-size":"auto","background-attachment":"scroll","background-type":"","background-media":"","overlay-type":"","overlay-color":"","overlay-opacity":"","overlay-gradient":""},"mobile":{"background-color":"var(--ast-global-color-5)","background-image":"","background-repeat":"repeat","background-position":"center center","background-size":"auto","background-attachment":"scroll","background-type":"","background-media":"","overlay-type":"","overlay-color":"","overlay-opacity":"","overlay-gradient":""}}},"product_brand":[],"product_cat":[281,77],"product_tag":[268,288,269],"class_list":{"0":"post-2172","1":"product","2":"type-product","3":"status-publish","4":"has-post-thumbnail","6":"product_cat-zoomlion","7":"product_cat-concrete-mixer-parts","8":"product_tag-blade","9":"product_tag-concrete-mixer","10":"product_tag-mixing-arm","11":"desktop-align-left","12":"tablet-align-left","13":"mobile-align-left","14":"ast-product-gallery-layout-horizontal-slider","15":"ast-product-gallery-with-no-image","16":"ast-product-single-variable","17":"ast-product-tabs-layout-horizontal","19":"first","20":"instock","21":"shipping-taxable","22":"purchasable","23":"product-type-variable"},"yoast_head":"<!-- This site is optimized with the Yoast SEO plugin v27.4 - https:\/\/yoast.com\/product\/yoast-seo-wordpress\/ -->\n<title>ZOOMLION JS4000 Mixer And Parts - Crusher parts, Slurry Pump Parts, Excavator shovel parts<\/title>\n<meta name=\"description\" content=\"Zoomlion JS4000 twin-shaft mixer blades, mixing arms and liners, original replacement, ensuring best-in-class durability and excellent aftermarket.\" \/>\n<meta name=\"robots\" content=\"index, follow, max-snippet:-1, max-image-preview:large, max-video-preview:-1\" \/>\n<link rel=\"canonical\" href=\"https:\/\/miningspareparts.com\/fr\/produit\/zoomlion-js4000-mixer-and-parts\/\" \/>\n<meta property=\"og:locale\" content=\"fr_FR\" \/>\n<meta property=\"og:type\" content=\"article\" \/>\n<meta property=\"og:title\" content=\"ZOOMLION JS4000 Mixer And Parts - Crusher parts, Slurry Pump Parts, Excavator shovel parts\" \/>\n<meta property=\"og:description\" content=\"Zoomlion JS4000 twin-shaft mixer blades, mixing arms and liners, original replacement, ensuring best-in-class durability and excellent aftermarket.\" \/>\n<meta property=\"og:url\" content=\"https:\/\/miningspareparts.com\/fr\/produit\/zoomlion-js4000-mixer-and-parts\/\" \/>\n<meta property=\"og:site_name\" content=\"Crusher parts, Slurry Pump Parts, Excavator shovel parts\" \/>\n<meta property=\"article:modified_time\" content=\"2024-04-06T05:39:49+00:00\" \/>\n<meta property=\"og:image\" content=\"https:\/\/miningspareparts.com\/wp-content\/uploads\/2023\/12\/ZOOMLION-JS4000-Mixer-And-Parts.webp\" \/>\n\t<meta property=\"og:image:width\" content=\"800\" \/>\n\t<meta property=\"og:image:height\" content=\"800\" \/>\n\t<meta property=\"og:image:type\" content=\"image\/webp\" \/>\n<meta name=\"twitter:card\" content=\"summary_large_image\" \/>\n<meta name=\"twitter:label1\" content=\"Dur\u00e9e de lecture estim\u00e9e\" \/>\n\t<meta name=\"twitter:data1\" content=\"3 minutes\" \/>\n<script type=\"application\/ld+json\" class=\"yoast-schema-graph\">{\"@context\":\"https:\\\/\\\/schema.org\",\"@graph\":[{\"@type\":\"WebPage\",\"@id\":\"https:\\\/\\\/miningspareparts.com\\\/product\\\/zoomlion-js4000-mixer-and-parts\\\/\",\"url\":\"https:\\\/\\\/miningspareparts.com\\\/product\\\/zoomlion-js4000-mixer-and-parts\\\/\",\"name\":\"ZOOMLION JS4000 Mixer And Parts - Crusher parts, Slurry Pump Parts, Excavator shovel parts\",\"isPartOf\":{\"@id\":\"https:\\\/\\\/miningspareparts.com\\\/#website\"},\"primaryImageOfPage\":{\"@id\":\"https:\\\/\\\/miningspareparts.com\\\/product\\\/zoomlion-js4000-mixer-and-parts\\\/#primaryimage\"},\"image\":{\"@id\":\"https:\\\/\\\/miningspareparts.com\\\/product\\\/zoomlion-js4000-mixer-and-parts\\\/#primaryimage\"},\"thumbnailUrl\":\"https:\\\/\\\/miningspareparts.com\\\/wp-content\\\/uploads\\\/2023\\\/12\\\/ZOOMLION-JS4000-Mixer-And-Parts.webp\",\"datePublished\":\"2023-12-31T06:13:30+00:00\",\"dateModified\":\"2024-04-06T05:39:49+00:00\",\"description\":\"Zoomlion JS4000 twin-shaft mixer blades, mixing arms and liners, original replacement, ensuring best-in-class durability and excellent aftermarket.\",\"breadcrumb\":{\"@id\":\"https:\\\/\\\/miningspareparts.com\\\/product\\\/zoomlion-js4000-mixer-and-parts\\\/#breadcrumb\"},\"inLanguage\":\"fr-FR\",\"potentialAction\":[{\"@type\":\"ReadAction\",\"target\":[\"https:\\\/\\\/miningspareparts.com\\\/product\\\/zoomlion-js4000-mixer-and-parts\\\/\"]}]},{\"@type\":\"ImageObject\",\"inLanguage\":\"fr-FR\",\"@id\":\"https:\\\/\\\/miningspareparts.com\\\/product\\\/zoomlion-js4000-mixer-and-parts\\\/#primaryimage\",\"url\":\"https:\\\/\\\/miningspareparts.com\\\/wp-content\\\/uploads\\\/2023\\\/12\\\/ZOOMLION-JS4000-Mixer-And-Parts.webp\",\"contentUrl\":\"https:\\\/\\\/miningspareparts.com\\\/wp-content\\\/uploads\\\/2023\\\/12\\\/ZOOMLION-JS4000-Mixer-And-Parts.webp\",\"width\":800,\"height\":800},{\"@type\":\"BreadcrumbList\",\"@id\":\"https:\\\/\\\/miningspareparts.com\\\/product\\\/zoomlion-js4000-mixer-and-parts\\\/#breadcrumb\",\"itemListElement\":[{\"@type\":\"ListItem\",\"position\":1,\"name\":\"Home\",\"item\":\"https:\\\/\\\/miningspareparts.com\\\/\"},{\"@type\":\"ListItem\",\"position\":2,\"name\":\"Premium Mining Wear And Spare Parts\",\"item\":\"https:\\\/\\\/miningspareparts.com\\\/shop\\\/\"},{\"@type\":\"ListItem\",\"position\":3,\"name\":\"ZOOMLION JS4000 Mixer And Parts\"}]},{\"@type\":\"WebSite\",\"@id\":\"https:\\\/\\\/miningspareparts.com\\\/#website\",\"url\":\"https:\\\/\\\/miningspareparts.com\\\/\",\"name\":\"Crusher parts , Concrete Mixer Parts, Slurry Pump Parts, Mining Spares\",\"description\":\"Mining Wear &amp; Spare Parts Supplier\",\"publisher\":{\"@id\":\"https:\\\/\\\/miningspareparts.com\\\/#organization\"},\"potentialAction\":[{\"@type\":\"SearchAction\",\"target\":{\"@type\":\"EntryPoint\",\"urlTemplate\":\"https:\\\/\\\/miningspareparts.com\\\/?s={search_term_string}\"},\"query-input\":{\"@type\":\"PropertyValueSpecification\",\"valueRequired\":true,\"valueName\":\"search_term_string\"}}],\"inLanguage\":\"fr-FR\"},{\"@type\":\"Organization\",\"@id\":\"https:\\\/\\\/miningspareparts.com\\\/#organization\",\"name\":\"Crusher parts , Concrete Mixer Parts, Slurry Pump Parts, Mining Spares\",\"url\":\"https:\\\/\\\/miningspareparts.com\\\/\",\"logo\":{\"@type\":\"ImageObject\",\"inLanguage\":\"fr-FR\",\"@id\":\"https:\\\/\\\/miningspareparts.com\\\/#\\\/schema\\\/logo\\\/image\\\/\",\"url\":\"https:\\\/\\\/miningspareparts.com\\\/wp-content\\\/uploads\\\/2025\\\/04\\\/cropped-cropped-logo\u6b63\u65b9\u5f62.png\",\"contentUrl\":\"https:\\\/\\\/miningspareparts.com\\\/wp-content\\\/uploads\\\/2025\\\/04\\\/cropped-cropped-logo\u6b63\u65b9\u5f62.png\",\"width\":511,\"height\":171,\"caption\":\"Crusher parts , Concrete Mixer Parts, Slurry Pump Parts, Mining Spares\"},\"image\":{\"@id\":\"https:\\\/\\\/miningspareparts.com\\\/#\\\/schema\\\/logo\\\/image\\\/\"}}]}<\/script>\n<!-- \/ Yoast SEO plugin. -->","yoast_head_json":{"title":"ZOOMLION JS4000 Mixer And Parts - Crusher parts, Slurry Pump Parts, Excavator shovel parts","description":"Zoomlion JS4000 twin-shaft mixer blades, mixing arms and liners, original replacement, ensuring best-in-class durability and excellent aftermarket.","robots":{"index":"index","follow":"follow","max-snippet":"max-snippet:-1","max-image-preview":"max-image-preview:large","max-video-preview":"max-video-preview:-1"},"canonical":"https:\/\/miningspareparts.com\/fr\/produit\/zoomlion-js4000-mixer-and-parts\/","og_locale":"fr_FR","og_type":"article","og_title":"ZOOMLION JS4000 Mixer And Parts - Crusher parts, Slurry Pump Parts, Excavator shovel parts","og_description":"Zoomlion JS4000 twin-shaft mixer blades, mixing arms and liners, original replacement, ensuring best-in-class durability and excellent aftermarket.","og_url":"https:\/\/miningspareparts.com\/fr\/produit\/zoomlion-js4000-mixer-and-parts\/","og_site_name":"Crusher parts, Slurry Pump Parts, Excavator shovel parts","article_modified_time":"2024-04-06T05:39:49+00:00","og_image":[{"width":800,"height":800,"url":"https:\/\/miningspareparts.com\/wp-content\/uploads\/2023\/12\/ZOOMLION-JS4000-Mixer-And-Parts.webp","type":"image\/webp"}],"twitter_card":"summary_large_image","twitter_misc":{"Dur\u00e9e de lecture estim\u00e9e":"3 minutes"},"schema":{"@context":"https:\/\/schema.org","@graph":[{"@type":"WebPage","@id":"https:\/\/miningspareparts.com\/product\/zoomlion-js4000-mixer-and-parts\/","url":"https:\/\/miningspareparts.com\/product\/zoomlion-js4000-mixer-and-parts\/","name":"ZOOMLION JS4000 Mixer And Parts - Crusher parts, Slurry Pump Parts, Excavator shovel parts","isPartOf":{"@id":"https:\/\/miningspareparts.com\/#website"},"primaryImageOfPage":{"@id":"https:\/\/miningspareparts.com\/product\/zoomlion-js4000-mixer-and-parts\/#primaryimage"},"image":{"@id":"https:\/\/miningspareparts.com\/product\/zoomlion-js4000-mixer-and-parts\/#primaryimage"},"thumbnailUrl":"https:\/\/miningspareparts.com\/wp-content\/uploads\/2023\/12\/ZOOMLION-JS4000-Mixer-And-Parts.webp","datePublished":"2023-12-31T06:13:30+00:00","dateModified":"2024-04-06T05:39:49+00:00","description":"Zoomlion JS4000 twin-shaft mixer blades, mixing arms and liners, original replacement, ensuring best-in-class durability and excellent aftermarket.","breadcrumb":{"@id":"https:\/\/miningspareparts.com\/product\/zoomlion-js4000-mixer-and-parts\/#breadcrumb"},"inLanguage":"fr-FR","potentialAction":[{"@type":"ReadAction","target":["https:\/\/miningspareparts.com\/product\/zoomlion-js4000-mixer-and-parts\/"]}]},{"@type":"ImageObject","inLanguage":"fr-FR","@id":"https:\/\/miningspareparts.com\/product\/zoomlion-js4000-mixer-and-parts\/#primaryimage","url":"https:\/\/miningspareparts.com\/wp-content\/uploads\/2023\/12\/ZOOMLION-JS4000-Mixer-And-Parts.webp","contentUrl":"https:\/\/miningspareparts.com\/wp-content\/uploads\/2023\/12\/ZOOMLION-JS4000-Mixer-And-Parts.webp","width":800,"height":800},{"@type":"BreadcrumbList","@id":"https:\/\/miningspareparts.com\/product\/zoomlion-js4000-mixer-and-parts\/#breadcrumb","itemListElement":[{"@type":"ListItem","position":1,"name":"Home","item":"https:\/\/miningspareparts.com\/"},{"@type":"ListItem","position":2,"name":"Premium Mining Wear And Spare Parts","item":"https:\/\/miningspareparts.com\/shop\/"},{"@type":"ListItem","position":3,"name":"ZOOMLION JS4000 Mixer And Parts"}]},{"@type":"WebSite","@id":"https:\/\/miningspareparts.com\/#website","url":"https:\/\/miningspareparts.com\/","name":"Crusher parts , Concrete Mixer Parts, Slurry Pump Parts, Mining Spares","description":"Mining Wear &amp; Spare Parts Supplier","publisher":{"@id":"https:\/\/miningspareparts.com\/#organization"},"potentialAction":[{"@type":"SearchAction","target":{"@type":"EntryPoint","urlTemplate":"https:\/\/miningspareparts.com\/?s={search_term_string}"},"query-input":{"@type":"PropertyValueSpecification","valueRequired":true,"valueName":"search_term_string"}}],"inLanguage":"fr-FR"},{"@type":"Organization","@id":"https:\/\/miningspareparts.com\/#organization","name":"Crusher parts , Concrete Mixer Parts, Slurry Pump Parts, Mining Spares","url":"https:\/\/miningspareparts.com\/","logo":{"@type":"ImageObject","inLanguage":"fr-FR","@id":"https:\/\/miningspareparts.com\/#\/schema\/logo\/image\/","url":"https:\/\/miningspareparts.com\/wp-content\/uploads\/2025\/04\/cropped-cropped-logo\u6b63\u65b9\u5f62.png","contentUrl":"https:\/\/miningspareparts.com\/wp-content\/uploads\/2025\/04\/cropped-cropped-logo\u6b63\u65b9\u5f62.png","width":511,"height":171,"caption":"Crusher parts , Concrete Mixer Parts, Slurry Pump Parts, Mining Spares"},"image":{"@id":"https:\/\/miningspareparts.com\/#\/schema\/logo\/image\/"}}]}},"uagb_featured_image_src":{"full":["https:\/\/miningspareparts.com\/wp-content\/uploads\/2023\/12\/ZOOMLION-JS4000-Mixer-And-Parts.webp",800,800,false],"thumbnail":["https:\/\/miningspareparts.com\/wp-content\/uploads\/2023\/12\/ZOOMLION-JS4000-Mixer-And-Parts-150x150.webp",150,150,true],"medium":["https:\/\/miningspareparts.com\/wp-content\/uploads\/2023\/12\/ZOOMLION-JS4000-Mixer-And-Parts-300x300.webp",300,300,true],"medium_large":["https:\/\/miningspareparts.com\/wp-content\/uploads\/2023\/12\/ZOOMLION-JS4000-Mixer-And-Parts-768x768.webp",768,768,true],"large":["https:\/\/miningspareparts.com\/wp-content\/uploads\/2023\/12\/ZOOMLION-JS4000-Mixer-And-Parts.webp",800,800,false],"1536x1536":["https:\/\/miningspareparts.com\/wp-content\/uploads\/2023\/12\/ZOOMLION-JS4000-Mixer-And-Parts.webp",800,800,false],"2048x2048":["https:\/\/miningspareparts.com\/wp-content\/uploads\/2023\/12\/ZOOMLION-JS4000-Mixer-And-Parts.webp",800,800,false],"trp-custom-language-flag":["https:\/\/miningspareparts.com\/wp-content\/uploads\/2023\/12\/ZOOMLION-JS4000-Mixer-And-Parts-12x12.webp",12,12,true],"woocommerce_thumbnail":["https:\/\/miningspareparts.com\/wp-content\/uploads\/2023\/12\/ZOOMLION-JS4000-Mixer-And-Parts-300x300.webp",300,300,true],"woocommerce_single":["https:\/\/miningspareparts.com\/wp-content\/uploads\/2023\/12\/ZOOMLION-JS4000-Mixer-And-Parts-600x600.webp",600,600,true],"woocommerce_gallery_thumbnail":["https:\/\/miningspareparts.com\/wp-content\/uploads\/2023\/12\/ZOOMLION-JS4000-Mixer-And-Parts-100x100.webp",100,100,true]},"uagb_author_info":{"display_name":"Miningspareparts","author_link":"https:\/\/miningspareparts.com\/fr\/author\/"},"uagb_comment_info":0,"uagb_excerpt":"Models:ZOOMLION JS4000","_links":{"self":[{"href":"https:\/\/miningspareparts.com\/fr\/wp-json\/wp\/v2\/product\/2172","targetHints":{"allow":["GET"]}}],"collection":[{"href":"https:\/\/miningspareparts.com\/fr\/wp-json\/wp\/v2\/product"}],"about":[{"href":"https:\/\/miningspareparts.com\/fr\/wp-json\/wp\/v2\/types\/product"}],"wp:featuredmedia":[{"embeddable":true,"href":"https:\/\/miningspareparts.com\/fr\/wp-json\/wp\/v2\/media\/4805"}],"wp:attachment":[{"href":"https:\/\/miningspareparts.com\/fr\/wp-json\/wp\/v2\/media?parent=2172"}],"wp:term":[{"taxonomy":"product_brand","embeddable":true,"href":"https:\/\/miningspareparts.com\/fr\/wp-json\/wp\/v2\/product_brand?post=2172"},{"taxonomy":"product_cat","embeddable":true,"href":"https:\/\/miningspareparts.com\/fr\/wp-json\/wp\/v2\/product_cat?post=2172"},{"taxonomy":"product_tag","embeddable":true,"href":"https:\/\/miningspareparts.com\/fr\/wp-json\/wp\/v2\/product_tag?post=2172"}],"curies":[{"name":"wp","href":"https:\/\/api.w.org\/{rel}","templated":true}]}}