{"id":2209,"date":"2023-12-31T07:24:00","date_gmt":"2023-12-31T07:24:00","guid":{"rendered":"https:\/\/miningspareparts.com\/?post_type=product&#038;p=2209"},"modified":"2024-04-06T09:19:05","modified_gmt":"2024-04-06T09:19:05","slug":"baiyinluji-jsd3000-mixer-and-parts","status":"publish","type":"product","link":"https:\/\/miningspareparts.com\/fr\/produit\/baiyinluji-jsd3000-mixer-and-parts\/","title":{"rendered":"BAIYINLUJi JSD3000 M\u00e9langeur et pi\u00e8ces d\u00e9tach\u00e9es"},"content":{"rendered":"<p><strong>Voici une description du m\u00e9langeur BAIYINLUJi JSD3000 et de ses pi\u00e8ces d\u00e9tach\u00e9es.<\/strong><\/p>\n<table>\n<tbody>\n<tr>\n<td width=\"68\">NON.<\/td>\n<td width=\"168\">Sp\u00e9cifications<\/td>\n<td width=\"49\">Unit\u00e9.<\/td>\n<td width=\"95\">Qt\u00e9<\/td>\n<td width=\"115\">Poids unitaire (Kg)<\/td>\n<td width=\"118\">Poids total (Kg)<\/td>\n<td width=\"104\">Remarques<\/td>\n<\/tr>\n<tr>\n<td width=\"68\">1<\/td>\n<td width=\"168\">Diamant<\/td>\n<td width=\"49\">Pcs<\/td>\n<td width=\"95\">98<\/td>\n<td width=\"115\">6.4<\/td>\n<td width=\"118\">627.2<\/td>\n<td width=\"104\"><\/td>\n<\/tr>\n<tr>\n<td width=\"68\">2<\/td>\n<td width=\"168\">Trap\u00e8ze<\/td>\n<td width=\"49\">Pcs<\/td>\n<td width=\"95\">28<\/td>\n<td width=\"115\">6.8<\/td>\n<td width=\"118\">190.4<\/td>\n<td width=\"104\"><\/td>\n<\/tr>\n<tr>\n<td width=\"68\">3<\/td>\n<td width=\"168\">Grand arc<\/td>\n<td width=\"49\">Pcs<\/td>\n<td width=\"95\">16<\/td>\n<td width=\"115\">18.8<\/td>\n<td width=\"118\">300.8<\/td>\n<td width=\"104\"><\/td>\n<\/tr>\n<tr>\n<td width=\"68\">4<\/td>\n<td width=\"168\">doublure irr\u00e9guli\u00e8re1<\/td>\n<td width=\"49\">Pcs<\/td>\n<td width=\"95\">4<\/td>\n<td width=\"115\">15.8<\/td>\n<td width=\"118\">63.2<\/td>\n<td width=\"104\"><\/td>\n<\/tr>\n<tr>\n<td width=\"68\">5<\/td>\n<td width=\"168\">doublure irr\u00e9guli\u00e8re 2<\/td>\n<td width=\"49\">Pcs<\/td>\n<td width=\"95\">4<\/td>\n<td width=\"115\">14.2<\/td>\n<td width=\"118\">56.8<\/td>\n<td width=\"104\"><\/td>\n<\/tr>\n<tr>\n<td width=\"68\">6<\/td>\n<td width=\"168\">Petit arc<\/td>\n<td width=\"49\">Pcs<\/td>\n<td width=\"95\">24<\/td>\n<td width=\"115\">6.4<\/td>\n<td width=\"118\">153.6<\/td>\n<td width=\"104\"><\/td>\n<\/tr>\n<tr>\n<td width=\"68\">7<\/td>\n<td width=\"168\">Feuille centrale<\/td>\n<td width=\"49\">Pcs<\/td>\n<td width=\"95\">14<\/td>\n<td width=\"115\">20.4<\/td>\n<td width=\"118\">285.6<\/td>\n<td width=\"104\"><\/td>\n<\/tr>\n<tr>\n<td width=\"68\">8<\/td>\n<td width=\"168\">Feuille gauche<\/td>\n<td width=\"49\">Pcs<\/td>\n<td width=\"95\">4<\/td>\n<td width=\"115\">11.4<\/td>\n<td width=\"118\">45.6<\/td>\n<td width=\"104\"><\/td>\n<\/tr>\n<tr>\n<td width=\"68\">9<\/td>\n<td width=\"168\">Feuille droite<\/td>\n<td width=\"49\">Pcs<\/td>\n<td width=\"95\">2<\/td>\n<td width=\"115\">12<\/td>\n<td width=\"118\">24<\/td>\n<td width=\"104\"><\/td>\n<\/tr>\n<tr>\n<td width=\"68\">10<\/td>\n<td width=\"168\">Couteau gauche<\/td>\n<td width=\"49\">Pcs<\/td>\n<td width=\"95\">4<\/td>\n<td width=\"115\">11.4<\/td>\n<td width=\"118\">45.6<\/td>\n<td width=\"104\"><\/td>\n<\/tr>\n<tr>\n<td width=\"68\">11<\/td>\n<td width=\"168\">Couteau droit<\/td>\n<td width=\"49\">Pcs<\/td>\n<td width=\"95\">2<\/td>\n<td width=\"115\">12<\/td>\n<td width=\"118\">24<\/td>\n<td width=\"104\"><\/td>\n<\/tr>\n<tr>\n<td width=\"68\">12<\/td>\n<td width=\"168\">Bras central<\/td>\n<td width=\"49\">Pcs<\/td>\n<td width=\"95\">14<\/td>\n<td width=\"115\">55<\/td>\n<td width=\"118\">770<\/td>\n<td width=\"104\"><\/td>\n<\/tr>\n<tr>\n<td width=\"68\">13<\/td>\n<td width=\"168\">Bras lat\u00e9ral<\/td>\n<td width=\"49\">Pcs<\/td>\n<td width=\"95\">6<\/td>\n<td width=\"115\">64.4<\/td>\n<td width=\"118\">386.4<\/td>\n<td width=\"104\"><\/td>\n<\/tr>\n<tr>\n<td width=\"68\">14<\/td>\n<td width=\"168\">Si\u00e8ge central<\/td>\n<td width=\"49\">Pcs<\/td>\n<td width=\"95\">14<\/td>\n<td width=\"115\">29.4<\/td>\n<td width=\"118\">411.6<\/td>\n<td width=\"104\"><\/td>\n<\/tr>\n<tr>\n<td width=\"68\">15<\/td>\n<td width=\"168\">Si\u00e8ge lat\u00e9ral<\/td>\n<td width=\"49\">Pcs<\/td>\n<td width=\"95\">6<\/td>\n<td width=\"115\">28<\/td>\n<td width=\"118\">168<\/td>\n<td width=\"104\"><\/td>\n<\/tr>\n<tr>\n<td width=\"68\"><\/td>\n<td width=\"168\">Total<\/td>\n<td width=\"49\"><\/td>\n<td width=\"95\">240<\/td>\n<td width=\"115\"><\/td>\n<td width=\"118\">3552.8<\/td>\n<td width=\"104\"><\/td>\n<\/tr>\n<\/tbody>\n<\/table>\n<p><img fetchpriority=\"high\" decoding=\"async\" class=\"wp-image-3550 alignleft\" src=\"https:\/\/miningspareparts.com\/wp-content\/uploads\/2024\/01\/Mixer-And-Wear-Parts1-239x300.webp\" alt=\"\" width=\"498\" height=\"625\" srcset=\"https:\/\/miningspareparts.com\/wp-content\/uploads\/2024\/01\/Mixer-And-Wear-Parts1-239x300.webp 239w, https:\/\/miningspareparts.com\/wp-content\/uploads\/2024\/01\/Mixer-And-Wear-Parts1-817x1024.webp 817w, https:\/\/miningspareparts.com\/wp-content\/uploads\/2024\/01\/Mixer-And-Wear-Parts1-768x963.webp 768w, https:\/\/miningspareparts.com\/wp-content\/uploads\/2024\/01\/Mixer-And-Wear-Parts1-1226x1536.webp 1226w, https:\/\/miningspareparts.com\/wp-content\/uploads\/2024\/01\/Mixer-And-Wear-Parts1-1634x2048.webp 1634w, https:\/\/miningspareparts.com\/wp-content\/uploads\/2024\/01\/Mixer-And-Wear-Parts1-600x752.webp 600w, https:\/\/miningspareparts.com\/wp-content\/uploads\/2024\/01\/Mixer-And-Wear-Parts1.webp 2037w\" sizes=\"(max-width: 498px) 100vw, 498px\" \/><span style=\"font-size: 16px\">\u00a0<\/span><img decoding=\"async\" class=\"wp-image-3551 alignnone\" style=\"font-weight: inherit\" src=\"https:\/\/miningspareparts.com\/wp-content\/uploads\/2024\/01\/Mixer-And-Wear-Parts2-210x300.webp\" alt=\"\" width=\"454\" height=\"649\" srcset=\"https:\/\/miningspareparts.com\/wp-content\/uploads\/2024\/01\/Mixer-And-Wear-Parts2-210x300.webp 210w, https:\/\/miningspareparts.com\/wp-content\/uploads\/2024\/01\/Mixer-And-Wear-Parts2-600x856.webp 600w\" sizes=\"(max-width: 454px) 100vw, 454px\" \/><\/p>\n<p>En tant que fabricant leader, nous sommes sp\u00e9cialis\u00e9s dans la fourniture de composants de remplacement d'origine qui red\u00e9finissent les normes de l'industrie.<\/p>\n<p>Le terme \"remplacement d'origine\" a un poids important dans notre contexte. Il signifie l'authenticit\u00e9 et la pr\u00e9cision avec lesquelles nos composants sont fabriqu\u00e9s, garantissant un ajustement parfait et des performances optimales dans votre m\u00e9langeur \u00e0 deux arbres BAIYINLUJi JSD3000. Lorsque vous choisissez nos pi\u00e8ces de rechange d'origine, vous investissez dans des composants con\u00e7us sp\u00e9cifiquement pour votre \u00e9quipement, ce qui garantit la compatibilit\u00e9 et l'efficacit\u00e9.<\/p>\n<p>Contrairement aux pi\u00e8ces de rechange d'origine, le march\u00e9 des pi\u00e8ces de rechange pr\u00e9sente souvent une myriade d'options, mais aucune ne peut rivaliser avec la pr\u00e9cision et la qualit\u00e9 de nos composants d'origine. Nous comprenons l'importance de la fiabilit\u00e9 dans l'industrie de la construction, et notre engagement \u00e0 produire des pi\u00e8ces de rechange de qualit\u00e9 sup\u00e9rieure est in\u00e9branlable. Nos offres de pi\u00e8ces de rechange ne se contentent pas de proposer des alternatives, elles am\u00e9liorent les performances de votre malaxeur.<\/p>\n<p>La durabilit\u00e9 est au c\u0153ur de notre philosophie de conception. Les conditions difficiles du malaxage du b\u00e9ton exigent des composants capables de r\u00e9sister \u00e0 une utilisation rigoureuse. Nos pales, bras de malaxage et rev\u00eatements pour le malaxeur \u00e0 deux arbres BAIYINLUJi JSD3000 sont con\u00e7us dans une optique de long\u00e9vit\u00e9. Ils sont fabriqu\u00e9s \u00e0 partir de mat\u00e9riaux de haute qualit\u00e9, garantissant une r\u00e9sistance \u00e0 l'usure, contribuant ainsi \u00e0 prolonger la dur\u00e9e de vie de l'\u00e9quipement et \u00e0 r\u00e9duire les co\u00fbts de maintenance.<\/p>\n<p>En tant que fabricant d\u00e9di\u00e9 \u00e0 la qualit\u00e9 et \u00e0 l'innovation, nous sommes fiers de fournir des composants qui r\u00e9pondent et d\u00e9passent les attentes de l'industrie. Notre grammaire de la pr\u00e9cision, de la fiabilit\u00e9 et de la durabilit\u00e9 r\u00e9sonne \u00e0 travers chaque pale, bras de m\u00e9lange et rev\u00eatement que nous produisons, promettant un m\u00e9lange parfait de fonctionnalit\u00e9 et de long\u00e9vit\u00e9 pour votre m\u00e9langeur \u00e0 deux arbres BAIYINLUJi JSD3000.<\/p>","protected":false},"excerpt":{"rendered":"<p>Mod\u00e8les:BAIYINLUJi <strong>3000<\/strong><\/p>","protected":false},"featured_media":4825,"template":"","meta":{"_uag_custom_page_level_css":"","site-sidebar-layout":"default","site-content-layout":"","ast-site-content-layout":"default","site-content-style":"default","site-sidebar-style":"default","ast-global-header-display":"","ast-banner-title-visibility":"","ast-main-header-display":"","ast-hfb-above-header-display":"","ast-hfb-below-header-display":"","ast-hfb-mobile-header-display":"","site-post-title":"","ast-breadcrumbs-content":"","ast-featured-img":"","footer-sml-layout":"","ast-disable-related-posts":"","theme-transparent-header-meta":"default","adv-header-id-meta":"","stick-header-meta":"default","header-above-stick-meta":"","header-main-stick-meta":"","header-below-stick-meta":"","astra-migrate-meta-layouts":"set","ast-page-background-enabled":"default","ast-page-background-meta":{"desktop":{"background-color":"var(--ast-global-color-4)","background-image":"","background-repeat":"repeat","background-position":"center center","background-size":"auto","background-attachment":"scroll","background-type":"","background-media":"","overlay-type":"","overlay-color":"","overlay-opacity":"","overlay-gradient":""},"tablet":{"background-color":"","background-image":"","background-repeat":"repeat","background-position":"center center","background-size":"auto","background-attachment":"scroll","background-type":"","background-media":"","overlay-type":"","overlay-color":"","overlay-opacity":"","overlay-gradient":""},"mobile":{"background-color":"","background-image":"","background-repeat":"repeat","background-position":"center center","background-size":"auto","background-attachment":"scroll","background-type":"","background-media":"","overlay-type":"","overlay-color":"","overlay-opacity":"","overlay-gradient":""}},"ast-content-background-meta":{"desktop":{"background-color":"var(--ast-global-color-5)","background-image":"","background-repeat":"repeat","background-position":"center center","background-size":"auto","background-attachment":"scroll","background-type":"","background-media":"","overlay-type":"","overlay-color":"","overlay-opacity":"","overlay-gradient":""},"tablet":{"background-color":"var(--ast-global-color-5)","background-image":"","background-repeat":"repeat","background-position":"center center","background-size":"auto","background-attachment":"scroll","background-type":"","background-media":"","overlay-type":"","overlay-color":"","overlay-opacity":"","overlay-gradient":""},"mobile":{"background-color":"var(--ast-global-color-5)","background-image":"","background-repeat":"repeat","background-position":"center center","background-size":"auto","background-attachment":"scroll","background-type":"","background-media":"","overlay-type":"","overlay-color":"","overlay-opacity":"","overlay-gradient":""}}},"product_brand":[],"product_cat":[289,77],"product_tag":[268,288,269],"class_list":{"0":"post-2209","1":"product","2":"type-product","3":"status-publish","4":"has-post-thumbnail","6":"product_cat-other-concrete-mixer-parts","7":"product_cat-concrete-mixer-parts","8":"product_tag-blade","9":"product_tag-concrete-mixer","10":"product_tag-mixing-arm","11":"desktop-align-left","12":"tablet-align-left","13":"mobile-align-left","14":"ast-product-gallery-layout-horizontal-slider","15":"ast-product-gallery-with-no-image","16":"ast-product-single-variable","17":"ast-product-tabs-layout-horizontal","19":"first","20":"instock","21":"shipping-taxable","22":"purchasable","23":"product-type-variable"},"yoast_head":"<!-- This site is optimized with the Yoast SEO plugin v27.4 - https:\/\/yoast.com\/product\/yoast-seo-wordpress\/ -->\n<title>BAIYINLUJi JSD3000 Mixer And Parts - Crusher parts, Slurry Pump Parts, Excavator shovel parts<\/title>\n<meta name=\"description\" content=\"Our BAIYINLUJi JSD3000 twin-shaft mixer blades, mixing arms and liners feature superior wear resistance ensuring durability and are original replacements\" \/>\n<meta name=\"robots\" content=\"index, follow, max-snippet:-1, max-image-preview:large, max-video-preview:-1\" \/>\n<link rel=\"canonical\" href=\"https:\/\/miningspareparts.com\/fr\/produit\/baiyinluji-jsd3000-mixer-and-parts\/\" \/>\n<meta property=\"og:locale\" content=\"fr_FR\" \/>\n<meta property=\"og:type\" content=\"article\" \/>\n<meta property=\"og:title\" content=\"BAIYINLUJi JSD3000 Mixer And Parts - Crusher parts, Slurry Pump Parts, Excavator shovel parts\" \/>\n<meta property=\"og:description\" content=\"Our BAIYINLUJi JSD3000 twin-shaft mixer blades, mixing arms and liners feature superior wear resistance ensuring durability and are original replacements\" \/>\n<meta property=\"og:url\" content=\"https:\/\/miningspareparts.com\/fr\/produit\/baiyinluji-jsd3000-mixer-and-parts\/\" \/>\n<meta property=\"og:site_name\" content=\"Crusher parts, Slurry Pump Parts, Excavator shovel parts\" \/>\n<meta property=\"article:modified_time\" content=\"2024-04-06T09:19:05+00:00\" \/>\n<meta property=\"og:image\" content=\"https:\/\/miningspareparts.com\/wp-content\/uploads\/2023\/12\/BAIYINLUJi-JSD3000-Mixer-And-Parts.webp\" \/>\n\t<meta property=\"og:image:width\" content=\"800\" \/>\n\t<meta property=\"og:image:height\" content=\"800\" \/>\n\t<meta property=\"og:image:type\" content=\"image\/webp\" \/>\n<meta name=\"twitter:card\" content=\"summary_large_image\" \/>\n<meta name=\"twitter:label1\" content=\"Dur\u00e9e de lecture estim\u00e9e\" \/>\n\t<meta name=\"twitter:data1\" content=\"3 minutes\" \/>\n<script type=\"application\/ld+json\" class=\"yoast-schema-graph\">{\"@context\":\"https:\\\/\\\/schema.org\",\"@graph\":[{\"@type\":\"WebPage\",\"@id\":\"https:\\\/\\\/miningspareparts.com\\\/product\\\/baiyinluji-jsd3000-mixer-and-parts\\\/\",\"url\":\"https:\\\/\\\/miningspareparts.com\\\/product\\\/baiyinluji-jsd3000-mixer-and-parts\\\/\",\"name\":\"BAIYINLUJi JSD3000 Mixer And Parts - Crusher parts, Slurry Pump Parts, Excavator shovel parts\",\"isPartOf\":{\"@id\":\"https:\\\/\\\/miningspareparts.com\\\/#website\"},\"primaryImageOfPage\":{\"@id\":\"https:\\\/\\\/miningspareparts.com\\\/product\\\/baiyinluji-jsd3000-mixer-and-parts\\\/#primaryimage\"},\"image\":{\"@id\":\"https:\\\/\\\/miningspareparts.com\\\/product\\\/baiyinluji-jsd3000-mixer-and-parts\\\/#primaryimage\"},\"thumbnailUrl\":\"https:\\\/\\\/miningspareparts.com\\\/wp-content\\\/uploads\\\/2023\\\/12\\\/BAIYINLUJi-JSD3000-Mixer-And-Parts.webp\",\"datePublished\":\"2023-12-31T07:24:00+00:00\",\"dateModified\":\"2024-04-06T09:19:05+00:00\",\"description\":\"Our BAIYINLUJi JSD3000 twin-shaft mixer blades, mixing arms and liners feature superior wear resistance ensuring durability and are original replacements\",\"breadcrumb\":{\"@id\":\"https:\\\/\\\/miningspareparts.com\\\/product\\\/baiyinluji-jsd3000-mixer-and-parts\\\/#breadcrumb\"},\"inLanguage\":\"fr-FR\",\"potentialAction\":[{\"@type\":\"ReadAction\",\"target\":[\"https:\\\/\\\/miningspareparts.com\\\/product\\\/baiyinluji-jsd3000-mixer-and-parts\\\/\"]}]},{\"@type\":\"ImageObject\",\"inLanguage\":\"fr-FR\",\"@id\":\"https:\\\/\\\/miningspareparts.com\\\/product\\\/baiyinluji-jsd3000-mixer-and-parts\\\/#primaryimage\",\"url\":\"https:\\\/\\\/miningspareparts.com\\\/wp-content\\\/uploads\\\/2023\\\/12\\\/BAIYINLUJi-JSD3000-Mixer-And-Parts.webp\",\"contentUrl\":\"https:\\\/\\\/miningspareparts.com\\\/wp-content\\\/uploads\\\/2023\\\/12\\\/BAIYINLUJi-JSD3000-Mixer-And-Parts.webp\",\"width\":800,\"height\":800},{\"@type\":\"BreadcrumbList\",\"@id\":\"https:\\\/\\\/miningspareparts.com\\\/product\\\/baiyinluji-jsd3000-mixer-and-parts\\\/#breadcrumb\",\"itemListElement\":[{\"@type\":\"ListItem\",\"position\":1,\"name\":\"Home\",\"item\":\"https:\\\/\\\/miningspareparts.com\\\/\"},{\"@type\":\"ListItem\",\"position\":2,\"name\":\"Premium Mining Wear And Spare Parts\",\"item\":\"https:\\\/\\\/miningspareparts.com\\\/shop\\\/\"},{\"@type\":\"ListItem\",\"position\":3,\"name\":\"BAIYINLUJi JSD3000 Mixer And Parts\"}]},{\"@type\":\"WebSite\",\"@id\":\"https:\\\/\\\/miningspareparts.com\\\/#website\",\"url\":\"https:\\\/\\\/miningspareparts.com\\\/\",\"name\":\"Crusher parts , Concrete Mixer Parts, Slurry Pump Parts, Mining Spares\",\"description\":\"Mining Wear &amp; Spare Parts Supplier\",\"publisher\":{\"@id\":\"https:\\\/\\\/miningspareparts.com\\\/#organization\"},\"potentialAction\":[{\"@type\":\"SearchAction\",\"target\":{\"@type\":\"EntryPoint\",\"urlTemplate\":\"https:\\\/\\\/miningspareparts.com\\\/?s={search_term_string}\"},\"query-input\":{\"@type\":\"PropertyValueSpecification\",\"valueRequired\":true,\"valueName\":\"search_term_string\"}}],\"inLanguage\":\"fr-FR\"},{\"@type\":\"Organization\",\"@id\":\"https:\\\/\\\/miningspareparts.com\\\/#organization\",\"name\":\"Crusher parts , Concrete Mixer Parts, Slurry Pump Parts, Mining Spares\",\"url\":\"https:\\\/\\\/miningspareparts.com\\\/\",\"logo\":{\"@type\":\"ImageObject\",\"inLanguage\":\"fr-FR\",\"@id\":\"https:\\\/\\\/miningspareparts.com\\\/#\\\/schema\\\/logo\\\/image\\\/\",\"url\":\"https:\\\/\\\/miningspareparts.com\\\/wp-content\\\/uploads\\\/2025\\\/04\\\/cropped-cropped-logo\u6b63\u65b9\u5f62.png\",\"contentUrl\":\"https:\\\/\\\/miningspareparts.com\\\/wp-content\\\/uploads\\\/2025\\\/04\\\/cropped-cropped-logo\u6b63\u65b9\u5f62.png\",\"width\":511,\"height\":171,\"caption\":\"Crusher parts , Concrete Mixer Parts, Slurry Pump Parts, Mining Spares\"},\"image\":{\"@id\":\"https:\\\/\\\/miningspareparts.com\\\/#\\\/schema\\\/logo\\\/image\\\/\"}}]}<\/script>\n<!-- \/ Yoast SEO plugin. -->","yoast_head_json":{"title":"BAIYINLUJi JSD3000 Mixer And Parts - Crusher parts, Slurry Pump Parts, Excavator shovel parts","description":"Our BAIYINLUJi JSD3000 twin-shaft mixer blades, mixing arms and liners feature superior wear resistance ensuring durability and are original replacements","robots":{"index":"index","follow":"follow","max-snippet":"max-snippet:-1","max-image-preview":"max-image-preview:large","max-video-preview":"max-video-preview:-1"},"canonical":"https:\/\/miningspareparts.com\/fr\/produit\/baiyinluji-jsd3000-mixer-and-parts\/","og_locale":"fr_FR","og_type":"article","og_title":"BAIYINLUJi JSD3000 Mixer And Parts - Crusher parts, Slurry Pump Parts, Excavator shovel parts","og_description":"Our BAIYINLUJi JSD3000 twin-shaft mixer blades, mixing arms and liners feature superior wear resistance ensuring durability and are original replacements","og_url":"https:\/\/miningspareparts.com\/fr\/produit\/baiyinluji-jsd3000-mixer-and-parts\/","og_site_name":"Crusher parts, Slurry Pump Parts, Excavator shovel parts","article_modified_time":"2024-04-06T09:19:05+00:00","og_image":[{"width":800,"height":800,"url":"https:\/\/miningspareparts.com\/wp-content\/uploads\/2023\/12\/BAIYINLUJi-JSD3000-Mixer-And-Parts.webp","type":"image\/webp"}],"twitter_card":"summary_large_image","twitter_misc":{"Dur\u00e9e de lecture estim\u00e9e":"3 minutes"},"schema":{"@context":"https:\/\/schema.org","@graph":[{"@type":"WebPage","@id":"https:\/\/miningspareparts.com\/product\/baiyinluji-jsd3000-mixer-and-parts\/","url":"https:\/\/miningspareparts.com\/product\/baiyinluji-jsd3000-mixer-and-parts\/","name":"BAIYINLUJi JSD3000 Mixer And Parts - Crusher parts, Slurry Pump Parts, Excavator shovel parts","isPartOf":{"@id":"https:\/\/miningspareparts.com\/#website"},"primaryImageOfPage":{"@id":"https:\/\/miningspareparts.com\/product\/baiyinluji-jsd3000-mixer-and-parts\/#primaryimage"},"image":{"@id":"https:\/\/miningspareparts.com\/product\/baiyinluji-jsd3000-mixer-and-parts\/#primaryimage"},"thumbnailUrl":"https:\/\/miningspareparts.com\/wp-content\/uploads\/2023\/12\/BAIYINLUJi-JSD3000-Mixer-And-Parts.webp","datePublished":"2023-12-31T07:24:00+00:00","dateModified":"2024-04-06T09:19:05+00:00","description":"Our BAIYINLUJi JSD3000 twin-shaft mixer blades, mixing arms and liners feature superior wear resistance ensuring durability and are original replacements","breadcrumb":{"@id":"https:\/\/miningspareparts.com\/product\/baiyinluji-jsd3000-mixer-and-parts\/#breadcrumb"},"inLanguage":"fr-FR","potentialAction":[{"@type":"ReadAction","target":["https:\/\/miningspareparts.com\/product\/baiyinluji-jsd3000-mixer-and-parts\/"]}]},{"@type":"ImageObject","inLanguage":"fr-FR","@id":"https:\/\/miningspareparts.com\/product\/baiyinluji-jsd3000-mixer-and-parts\/#primaryimage","url":"https:\/\/miningspareparts.com\/wp-content\/uploads\/2023\/12\/BAIYINLUJi-JSD3000-Mixer-And-Parts.webp","contentUrl":"https:\/\/miningspareparts.com\/wp-content\/uploads\/2023\/12\/BAIYINLUJi-JSD3000-Mixer-And-Parts.webp","width":800,"height":800},{"@type":"BreadcrumbList","@id":"https:\/\/miningspareparts.com\/product\/baiyinluji-jsd3000-mixer-and-parts\/#breadcrumb","itemListElement":[{"@type":"ListItem","position":1,"name":"Home","item":"https:\/\/miningspareparts.com\/"},{"@type":"ListItem","position":2,"name":"Premium Mining Wear And Spare Parts","item":"https:\/\/miningspareparts.com\/shop\/"},{"@type":"ListItem","position":3,"name":"BAIYINLUJi JSD3000 Mixer And Parts"}]},{"@type":"WebSite","@id":"https:\/\/miningspareparts.com\/#website","url":"https:\/\/miningspareparts.com\/","name":"Crusher parts , Concrete Mixer Parts, Slurry Pump Parts, Mining Spares","description":"Mining Wear &amp; Spare Parts Supplier","publisher":{"@id":"https:\/\/miningspareparts.com\/#organization"},"potentialAction":[{"@type":"SearchAction","target":{"@type":"EntryPoint","urlTemplate":"https:\/\/miningspareparts.com\/?s={search_term_string}"},"query-input":{"@type":"PropertyValueSpecification","valueRequired":true,"valueName":"search_term_string"}}],"inLanguage":"fr-FR"},{"@type":"Organization","@id":"https:\/\/miningspareparts.com\/#organization","name":"Crusher parts , Concrete Mixer Parts, Slurry Pump Parts, Mining Spares","url":"https:\/\/miningspareparts.com\/","logo":{"@type":"ImageObject","inLanguage":"fr-FR","@id":"https:\/\/miningspareparts.com\/#\/schema\/logo\/image\/","url":"https:\/\/miningspareparts.com\/wp-content\/uploads\/2025\/04\/cropped-cropped-logo\u6b63\u65b9\u5f62.png","contentUrl":"https:\/\/miningspareparts.com\/wp-content\/uploads\/2025\/04\/cropped-cropped-logo\u6b63\u65b9\u5f62.png","width":511,"height":171,"caption":"Crusher parts , Concrete Mixer Parts, Slurry Pump Parts, Mining Spares"},"image":{"@id":"https:\/\/miningspareparts.com\/#\/schema\/logo\/image\/"}}]}},"uagb_featured_image_src":{"full":["https:\/\/miningspareparts.com\/wp-content\/uploads\/2023\/12\/BAIYINLUJi-JSD3000-Mixer-And-Parts.webp",800,800,false],"thumbnail":["https:\/\/miningspareparts.com\/wp-content\/uploads\/2023\/12\/BAIYINLUJi-JSD3000-Mixer-And-Parts-150x150.webp",150,150,true],"medium":["https:\/\/miningspareparts.com\/wp-content\/uploads\/2023\/12\/BAIYINLUJi-JSD3000-Mixer-And-Parts-300x300.webp",300,300,true],"medium_large":["https:\/\/miningspareparts.com\/wp-content\/uploads\/2023\/12\/BAIYINLUJi-JSD3000-Mixer-And-Parts-768x768.webp",768,768,true],"large":["https:\/\/miningspareparts.com\/wp-content\/uploads\/2023\/12\/BAIYINLUJi-JSD3000-Mixer-And-Parts.webp",800,800,false],"1536x1536":["https:\/\/miningspareparts.com\/wp-content\/uploads\/2023\/12\/BAIYINLUJi-JSD3000-Mixer-And-Parts.webp",800,800,false],"2048x2048":["https:\/\/miningspareparts.com\/wp-content\/uploads\/2023\/12\/BAIYINLUJi-JSD3000-Mixer-And-Parts.webp",800,800,false],"trp-custom-language-flag":["https:\/\/miningspareparts.com\/wp-content\/uploads\/2023\/12\/BAIYINLUJi-JSD3000-Mixer-And-Parts-12x12.webp",12,12,true],"woocommerce_thumbnail":["https:\/\/miningspareparts.com\/wp-content\/uploads\/2023\/12\/BAIYINLUJi-JSD3000-Mixer-And-Parts-300x300.webp",300,300,true],"woocommerce_single":["https:\/\/miningspareparts.com\/wp-content\/uploads\/2023\/12\/BAIYINLUJi-JSD3000-Mixer-And-Parts-600x600.webp",600,600,true],"woocommerce_gallery_thumbnail":["https:\/\/miningspareparts.com\/wp-content\/uploads\/2023\/12\/BAIYINLUJi-JSD3000-Mixer-And-Parts-100x100.webp",100,100,true]},"uagb_author_info":{"display_name":"Miningspareparts","author_link":"https:\/\/miningspareparts.com\/fr\/author\/"},"uagb_comment_info":0,"uagb_excerpt":"Models:BAIYINLUJi 3000","_links":{"self":[{"href":"https:\/\/miningspareparts.com\/fr\/wp-json\/wp\/v2\/product\/2209","targetHints":{"allow":["GET"]}}],"collection":[{"href":"https:\/\/miningspareparts.com\/fr\/wp-json\/wp\/v2\/product"}],"about":[{"href":"https:\/\/miningspareparts.com\/fr\/wp-json\/wp\/v2\/types\/product"}],"wp:featuredmedia":[{"embeddable":true,"href":"https:\/\/miningspareparts.com\/fr\/wp-json\/wp\/v2\/media\/4825"}],"wp:attachment":[{"href":"https:\/\/miningspareparts.com\/fr\/wp-json\/wp\/v2\/media?parent=2209"}],"wp:term":[{"taxonomy":"product_brand","embeddable":true,"href":"https:\/\/miningspareparts.com\/fr\/wp-json\/wp\/v2\/product_brand?post=2209"},{"taxonomy":"product_cat","embeddable":true,"href":"https:\/\/miningspareparts.com\/fr\/wp-json\/wp\/v2\/product_cat?post=2209"},{"taxonomy":"product_tag","embeddable":true,"href":"https:\/\/miningspareparts.com\/fr\/wp-json\/wp\/v2\/product_tag?post=2209"}],"curies":[{"name":"wp","href":"https:\/\/api.w.org\/{rel}","templated":true}]}}