{"id":2223,"date":"2023-12-31T07:30:46","date_gmt":"2023-12-31T07:30:46","guid":{"rendered":"https:\/\/miningspareparts.com\/?post_type=product&#038;p=2223"},"modified":"2024-01-18T08:29:18","modified_gmt":"2024-01-18T08:29:18","slug":"sdmix-js1500b-mixer-and-parts","status":"publish","type":"product","link":"https:\/\/miningspareparts.com\/fr\/produit\/sdmix-js1500b-mixer-and-parts\/","title":{"rendered":"SDMIX JS1500B M\u00e9langeur et pi\u00e8ces d\u00e9tach\u00e9es"},"content":{"rendered":"<p><strong>Voici une description du SDMIX JS1500B Mixer And Parts<\/strong><\/p>\n<table>\n<tbody>\n<tr>\n<td width=\"48\">NON.<\/td>\n<td width=\"238\">Sp\u00e9cifications<\/td>\n<td width=\"120\">Unit\u00e9.<\/td>\n<td width=\"65\">Qt\u00e9<\/td>\n<td width=\"84\">Poids unitaire (Kg)<\/td>\n<td width=\"85\">Poids total (Kg)<\/td>\n<td width=\"78\">Remarques<\/td>\n<\/tr>\n<tr>\n<td width=\"48\">1<\/td>\n<td width=\"238\">Bras central<\/td>\n<td width=\"120\">Pcs<\/td>\n<td width=\"65\">10<\/td>\n<td width=\"84\">45.00<\/td>\n<td width=\"85\">450.00<\/td>\n<td width=\"78\"><\/td>\n<\/tr>\n<tr>\n<td width=\"48\">2<\/td>\n<td width=\"238\">Bras gauche<\/td>\n<td width=\"120\">Pcs<\/td>\n<td width=\"65\">2<\/td>\n<td width=\"84\">48.00<\/td>\n<td width=\"85\">96.00<\/td>\n<td width=\"78\"><\/td>\n<\/tr>\n<tr>\n<td width=\"48\">3<\/td>\n<td width=\"238\">Bras droit<\/td>\n<td width=\"120\">Pcs<\/td>\n<td width=\"65\">2<\/td>\n<td width=\"84\">48.00<\/td>\n<td width=\"85\">96.00<\/td>\n<td width=\"78\"><\/td>\n<\/tr>\n<tr>\n<td width=\"48\">4<\/td>\n<td width=\"238\">Lame centrale<\/td>\n<td width=\"120\">Pcs<\/td>\n<td width=\"65\">8<\/td>\n<td width=\"84\">11.00<\/td>\n<td width=\"85\">88.00<\/td>\n<td width=\"78\"><\/td>\n<\/tr>\n<tr>\n<td width=\"48\">5<\/td>\n<td width=\"238\">Grattoir gauche<\/td>\n<td width=\"120\">Pcs<\/td>\n<td width=\"65\">2<\/td>\n<td width=\"84\">11.30<\/td>\n<td width=\"85\">22.60<\/td>\n<td width=\"78\"><\/td>\n<\/tr>\n<tr>\n<td width=\"48\">6<\/td>\n<td width=\"238\">Grattoir droit<\/td>\n<td width=\"120\">Pcs<\/td>\n<td width=\"65\">2<\/td>\n<td width=\"84\">11.30<\/td>\n<td width=\"85\">22.60<\/td>\n<td width=\"78\"><\/td>\n<\/tr>\n<tr>\n<td width=\"48\">7<\/td>\n<td width=\"238\">Grattoir inf\u00e9rieur gauche<\/td>\n<td width=\"120\">Pcs<\/td>\n<td width=\"65\">2<\/td>\n<td width=\"84\">4.20<\/td>\n<td width=\"85\">8.40<\/td>\n<td width=\"78\"><\/td>\n<\/tr>\n<tr>\n<td width=\"48\">8<\/td>\n<td width=\"238\">Racleur inf\u00e9rieur droit<\/td>\n<td width=\"120\">Pcs<\/td>\n<td width=\"65\">2<\/td>\n<td width=\"84\">4.20<\/td>\n<td width=\"85\">8.40<\/td>\n<td width=\"78\"><\/td>\n<\/tr>\n<tr>\n<td width=\"48\">9<\/td>\n<td width=\"238\">Rev\u00eatement en diamant<\/td>\n<td width=\"120\">Pcs<\/td>\n<td width=\"65\">60<\/td>\n<td width=\"84\">5.20<\/td>\n<td width=\"85\">312.00<\/td>\n<td width=\"78\"><\/td>\n<\/tr>\n<tr>\n<td width=\"48\">10<\/td>\n<td width=\"238\">Doublure trap\u00e9zo\u00efdale<\/td>\n<td width=\"120\">Pcs<\/td>\n<td width=\"65\">24<\/td>\n<td width=\"84\">5.20<\/td>\n<td width=\"85\">124.80<\/td>\n<td width=\"78\"><\/td>\n<\/tr>\n<tr>\n<td width=\"48\">11<\/td>\n<td width=\"238\">Liner carr\u00e9<\/td>\n<td width=\"120\">Pcs<\/td>\n<td width=\"65\">28<\/td>\n<td width=\"84\">4.50<\/td>\n<td width=\"85\">126.00<\/td>\n<td width=\"78\"><\/td>\n<\/tr>\n<tr>\n<td width=\"48\">12<\/td>\n<td width=\"238\">Doublure d'extr\u00e9mit\u00e9 1<\/td>\n<td width=\"120\">Pcs<\/td>\n<td width=\"65\">4<\/td>\n<td width=\"84\">12.00<\/td>\n<td width=\"85\">48.00<\/td>\n<td width=\"78\"><\/td>\n<\/tr>\n<tr>\n<td width=\"48\">13<\/td>\n<td width=\"238\">Doublure d'extr\u00e9mit\u00e9 2<\/td>\n<td width=\"120\">Pcs<\/td>\n<td width=\"65\">4<\/td>\n<td width=\"84\">11.50<\/td>\n<td width=\"85\">46.00<\/td>\n<td width=\"78\"><\/td>\n<\/tr>\n<tr>\n<td width=\"48\">14<\/td>\n<td width=\"238\">Doublure d'extr\u00e9mit\u00e9 3<\/td>\n<td width=\"120\">Pcs<\/td>\n<td width=\"65\">4<\/td>\n<td width=\"84\">11.80<\/td>\n<td width=\"85\">47.20<\/td>\n<td width=\"78\"><\/td>\n<\/tr>\n<tr>\n<td width=\"48\">15<\/td>\n<td width=\"238\">Doublure d'extr\u00e9mit\u00e9 4<\/td>\n<td width=\"120\">Pcs<\/td>\n<td width=\"65\">4<\/td>\n<td width=\"84\">13.40<\/td>\n<td width=\"85\">53.60<\/td>\n<td width=\"78\"><\/td>\n<\/tr>\n<tr>\n<td width=\"48\">16<\/td>\n<td width=\"238\">Doublure d'extr\u00e9mit\u00e9 5<\/td>\n<td width=\"120\">Pcs<\/td>\n<td width=\"65\">4<\/td>\n<td width=\"84\">9.80<\/td>\n<td width=\"85\">39.20<\/td>\n<td width=\"78\"><\/td>\n<\/tr>\n<tr>\n<td width=\"48\">17<\/td>\n<td width=\"238\">Doublure d'extr\u00e9mit\u00e9 6<\/td>\n<td width=\"120\">Pcs<\/td>\n<td width=\"65\">4<\/td>\n<td width=\"84\">13.40<\/td>\n<td width=\"85\">53.60<\/td>\n<td width=\"78\"><\/td>\n<\/tr>\n<tr>\n<td width=\"48\">18<\/td>\n<td width=\"238\">Doublure \u00e0 l'extr\u00e9mit\u00e9<\/td>\n<td width=\"120\">Pcs<\/td>\n<td width=\"65\">2<\/td>\n<td width=\"84\">13.00<\/td>\n<td width=\"85\">26.00<\/td>\n<td width=\"78\"><\/td>\n<\/tr>\n<tr>\n<td width=\"48\">19<\/td>\n<td width=\"238\">Porte de d\u00e9versement Linerl<\/td>\n<td width=\"120\">Pcs<\/td>\n<td width=\"65\">5<\/td>\n<td width=\"84\">4.00<\/td>\n<td width=\"85\">20.00<\/td>\n<td width=\"78\"><\/td>\n<\/tr>\n<tr>\n<td width=\"48\"><\/td>\n<td width=\"238\">Total<\/td>\n<td width=\"120\"><\/td>\n<td width=\"65\">173<\/td>\n<td width=\"84\"><\/td>\n<td width=\"85\">1688.40<\/td>\n<td width=\"78\"><\/td>\n<\/tr>\n<\/tbody>\n<\/table>\n<table width=\"1095\">\n<tbody>\n<tr>\n<td width=\"151\">\u8fdb\u6599\u5bb9\u91cf\uff08L\uff09<\/td>\n<td width=\"85\">1500<\/td>\n<td width=\"85\">1750<\/td>\n<td width=\"94\">2250<\/td>\n<td width=\"85\">3000<\/td>\n<td width=\"95\">3750<\/td>\n<td width=\"104\">4500<\/td>\n<td width=\"89\">5300<\/td>\n<td width=\"102\">6000<\/td>\n<td width=\"102\">6750<\/td>\n<td width=\"102\">9000<\/td>\n<\/tr>\n<tr>\n<td width=\"151\">\u51fa\u6599\u5bb9\u91cf\uff08L\uff09<\/td>\n<td width=\"85\">1000<\/td>\n<td width=\"85\">1250<\/td>\n<td width=\"94\">1500<\/td>\n<td width=\"85\">2000<\/td>\n<td width=\"95\">2500<\/td>\n<td width=\"104\">3000<\/td>\n<td width=\"89\">3500<\/td>\n<td width=\"102\">4000<\/td>\n<td width=\"102\">4500<\/td>\n<td width=\"102\">6000<\/td>\n<\/tr>\n<tr>\n<td width=\"151\">\u6700\u5927\u7c92\u5f84\uff08mm\uff09<\/td>\n<td width=\"85\">80\/100<\/td>\n<td width=\"85\">80\/100<\/td>\n<td width=\"94\">80\/100<\/td>\n<td width=\"85\">80\/100<\/td>\n<td width=\"95\">80\/100<\/td>\n<td width=\"104\">80\/120<\/td>\n<td width=\"89\">80\/120<\/td>\n<td width=\"102\">80\/150<\/td>\n<td width=\"102\">80\/150<\/td>\n<td width=\"102\">150\/180<\/td>\n<\/tr>\n<tr>\n<td width=\"151\">\u91cd\u91cf\uff08t\uff09<\/td>\n<td width=\"85\">5.2<\/td>\n<td width=\"85\">5.5<\/td>\n<td width=\"94\">5.8<\/td>\n<td width=\"85\">7.5<\/td>\n<td width=\"95\">8.5<\/td>\n<td width=\"104\">9.2<\/td>\n<td width=\"89\">9.6<\/td>\n<td width=\"102\">12.2<\/td>\n<td width=\"102\">12.5<\/td>\n<td width=\"102\">20.5<\/td>\n<\/tr>\n<tr>\n<td width=\"151\">\u7535\u673a\u529f\u7387\uff08KW\uff09<\/td>\n<td width=\"85\">18.5&#215;2<\/td>\n<td width=\"85\">22&#215;2<\/td>\n<td width=\"94\">30&#215;2<\/td>\n<td width=\"85\">37&#215;2<\/td>\n<td width=\"95\">45&#215;2<\/td>\n<td width=\"104\">55&#215;2<\/td>\n<td width=\"89\">55&#215;2<\/td>\n<td width=\"102\">75&#215;2<\/td>\n<td width=\"102\">75&#215;2<\/td>\n<td width=\"102\">55&#215;4<\/td>\n<\/tr>\n<tr>\n<td width=\"151\">\u5916\u578b\u5c3a\u5bf8\uff08mm\uff09<\/td>\n<td width=\"85\">2810x2000X1920<\/td>\n<td width=\"85\">3020X2000X1920<\/td>\n<td width=\"94\">3230X2000X1920<\/td>\n<td width=\"85\">3460X2320X2140<\/td>\n<td width=\"95\">3670X2320X2140<\/td>\n<td width=\"104\">3880X2600X2200<\/td>\n<td width=\"89\">4100X2600X2200<\/td>\n<td width=\"102\">4670X2600X2200<\/td>\n<td width=\"102\">4890X2600X2200<\/td>\n<td width=\"102\">5600X3000X2500<\/td>\n<\/tr>\n<tr>\n<td width=\"151\">\u6405\u62cc\u65f6\u95f4\uff08s\uff09<\/td>\n<td width=\"85\">\u226430<\/td>\n<td width=\"85\">\u226430<\/td>\n<td width=\"94\">\u226430<\/td>\n<td width=\"85\">\u226430<\/td>\n<td width=\"95\">\u226430<\/td>\n<td width=\"104\">\u226430<\/td>\n<td width=\"89\">\u226430<\/td>\n<td width=\"102\">\u226430<\/td>\n<td width=\"102\">\u226430<\/td>\n<td width=\"102\">\u226430<\/td>\n<\/tr>\n<\/tbody>\n<\/table>\n<p><img fetchpriority=\"high\" decoding=\"async\" class=\"wp-image-3550 alignleft\" src=\"https:\/\/miningspareparts.com\/wp-content\/uploads\/2024\/01\/Mixer-And-Wear-Parts1-239x300.webp\" alt=\"\" width=\"498\" height=\"625\" srcset=\"https:\/\/miningspareparts.com\/wp-content\/uploads\/2024\/01\/Mixer-And-Wear-Parts1-239x300.webp 239w, https:\/\/miningspareparts.com\/wp-content\/uploads\/2024\/01\/Mixer-And-Wear-Parts1-817x1024.webp 817w, https:\/\/miningspareparts.com\/wp-content\/uploads\/2024\/01\/Mixer-And-Wear-Parts1-768x963.webp 768w, https:\/\/miningspareparts.com\/wp-content\/uploads\/2024\/01\/Mixer-And-Wear-Parts1-1226x1536.webp 1226w, https:\/\/miningspareparts.com\/wp-content\/uploads\/2024\/01\/Mixer-And-Wear-Parts1-1634x2048.webp 1634w, https:\/\/miningspareparts.com\/wp-content\/uploads\/2024\/01\/Mixer-And-Wear-Parts1-600x752.webp 600w, https:\/\/miningspareparts.com\/wp-content\/uploads\/2024\/01\/Mixer-And-Wear-Parts1.webp 2037w\" sizes=\"(max-width: 498px) 100vw, 498px\" \/><span style=\"font-size: 16px\">\u00a0<\/span><img decoding=\"async\" class=\"wp-image-3551 alignnone\" style=\"font-weight: inherit\" src=\"https:\/\/miningspareparts.com\/wp-content\/uploads\/2024\/01\/Mixer-And-Wear-Parts2-210x300.webp\" alt=\"\" width=\"454\" height=\"649\" srcset=\"https:\/\/miningspareparts.com\/wp-content\/uploads\/2024\/01\/Mixer-And-Wear-Parts2-210x300.webp 210w, https:\/\/miningspareparts.com\/wp-content\/uploads\/2024\/01\/Mixer-And-Wear-Parts2-600x856.webp 600w\" sizes=\"(max-width: 454px) 100vw, 454px\" \/><\/p>\n<p>Dans le domaine de la technologie du malaxage du b\u00e9ton, nos pales, bras de malaxage et rev\u00eatements de malaxeur \u00e0 deux arbres SDMIX JS1500B sont des parangons de remplacement d'origine, surpassant les alternatives du march\u00e9 de l'apr\u00e8s-vente. Leur durabilit\u00e9 illustre notre engagement en faveur de la qualit\u00e9, garantissant des performances et une long\u00e9vit\u00e9 soutenues.<\/p>\n<p>Sur le march\u00e9 des pi\u00e8ces de rechange, des variations et des incoh\u00e9rences apparaissent souvent, compromettant les performances et la dur\u00e9e de vie. Notre engagement \u00e0 fournir des composants de remplacement d'origine \u00e9limine ces probl\u00e8mes, en offrant une solution fiable qui pr\u00e9serve l'int\u00e9grit\u00e9 de la conception de l'agitateur.<\/p>\n<p>La durabilit\u00e9 est la pierre angulaire des composants de notre m\u00e9langeur \u00e0 deux arbres SDMIX JS1500B. Fabriqu\u00e9s \u00e0 partir de mat\u00e9riaux de haute qualit\u00e9, nos pales, bras de m\u00e9lange et rev\u00eatements pr\u00e9sentent une r\u00e9sistance exceptionnelle \u00e0 l'usure. Cette construction robuste garantit une dur\u00e9e de vie prolong\u00e9e, r\u00e9duisant la fr\u00e9quence des remplacements et minimisant les temps d'arr\u00eat.<\/p>","protected":false},"excerpt":{"rendered":"<p>Mod\u00e8les:SDMIX JS1500B<\/p>","protected":false},"featured_media":2356,"template":"","meta":{"_uag_custom_page_level_css":"","site-sidebar-layout":"default","site-content-layout":"","ast-site-content-layout":"default","site-content-style":"default","site-sidebar-style":"default","ast-global-header-display":"","ast-banner-title-visibility":"","ast-main-header-display":"","ast-hfb-above-header-display":"","ast-hfb-below-header-display":"","ast-hfb-mobile-header-display":"","site-post-title":"","ast-breadcrumbs-content":"","ast-featured-img":"","footer-sml-layout":"","ast-disable-related-posts":"","theme-transparent-header-meta":"default","adv-header-id-meta":"","stick-header-meta":"default","header-above-stick-meta":"","header-main-stick-meta":"","header-below-stick-meta":"","astra-migrate-meta-layouts":"set","ast-page-background-enabled":"default","ast-page-background-meta":{"desktop":{"background-color":"var(--ast-global-color-4)","background-image":"","background-repeat":"repeat","background-position":"center center","background-size":"auto","background-attachment":"scroll","background-type":"","background-media":"","overlay-type":"","overlay-color":"","overlay-opacity":"","overlay-gradient":""},"tablet":{"background-color":"","background-image":"","background-repeat":"repeat","background-position":"center center","background-size":"auto","background-attachment":"scroll","background-type":"","background-media":"","overlay-type":"","overlay-color":"","overlay-opacity":"","overlay-gradient":""},"mobile":{"background-color":"","background-image":"","background-repeat":"repeat","background-position":"center center","background-size":"auto","background-attachment":"scroll","background-type":"","background-media":"","overlay-type":"","overlay-color":"","overlay-opacity":"","overlay-gradient":""}},"ast-content-background-meta":{"desktop":{"background-color":"var(--ast-global-color-5)","background-image":"","background-repeat":"repeat","background-position":"center center","background-size":"auto","background-attachment":"scroll","background-type":"","background-media":"","overlay-type":"","overlay-color":"","overlay-opacity":"","overlay-gradient":""},"tablet":{"background-color":"var(--ast-global-color-5)","background-image":"","background-repeat":"repeat","background-position":"center center","background-size":"auto","background-attachment":"scroll","background-type":"","background-media":"","overlay-type":"","overlay-color":"","overlay-opacity":"","overlay-gradient":""},"mobile":{"background-color":"var(--ast-global-color-5)","background-image":"","background-repeat":"repeat","background-position":"center center","background-size":"auto","background-attachment":"scroll","background-type":"","background-media":"","overlay-type":"","overlay-color":"","overlay-opacity":"","overlay-gradient":""}}},"product_brand":[],"product_cat":[289,77],"product_tag":[268,288,269],"class_list":{"0":"post-2223","1":"product","2":"type-product","3":"status-publish","4":"has-post-thumbnail","6":"product_cat-other-concrete-mixer-parts","7":"product_cat-concrete-mixer-parts","8":"product_tag-blade","9":"product_tag-concrete-mixer","10":"product_tag-mixing-arm","11":"desktop-align-left","12":"tablet-align-left","13":"mobile-align-left","14":"ast-product-gallery-layout-horizontal-slider","15":"ast-product-single-variable","16":"ast-product-tabs-layout-horizontal","18":"first","19":"instock","20":"shipping-taxable","21":"purchasable","22":"product-type-variable"},"yoast_head":"<!-- This site is optimized with the Yoast SEO plugin v27.4 - https:\/\/yoast.com\/product\/yoast-seo-wordpress\/ -->\n<title>SDMIX JS1500B Mixer And Parts - Crusher parts, Slurry Pump Parts, Excavator shovel parts<\/title>\n<meta name=\"description\" content=\"Our SDMIX JS1500B twin-shaft mixer blades, mixing arms and liners are original replacement parts, ensuring wear resistance and optimal service life.\" \/>\n<meta name=\"robots\" content=\"index, follow, max-snippet:-1, max-image-preview:large, max-video-preview:-1\" \/>\n<link rel=\"canonical\" href=\"https:\/\/miningspareparts.com\/fr\/produit\/sdmix-js1500b-mixer-and-parts\/\" \/>\n<meta property=\"og:locale\" content=\"fr_FR\" \/>\n<meta property=\"og:type\" content=\"article\" \/>\n<meta property=\"og:title\" content=\"SDMIX JS1500B Mixer And Parts - Crusher parts, Slurry Pump Parts, Excavator shovel parts\" \/>\n<meta property=\"og:description\" content=\"Our SDMIX JS1500B twin-shaft mixer blades, mixing arms and liners are original replacement parts, ensuring wear resistance and optimal service life.\" \/>\n<meta property=\"og:url\" content=\"https:\/\/miningspareparts.com\/fr\/produit\/sdmix-js1500b-mixer-and-parts\/\" \/>\n<meta property=\"og:site_name\" content=\"Crusher parts, Slurry Pump Parts, Excavator shovel parts\" \/>\n<meta property=\"article:modified_time\" content=\"2024-01-18T08:29:18+00:00\" \/>\n<meta property=\"og:image\" content=\"https:\/\/miningspareparts.com\/wp-content\/uploads\/2023\/12\/SDMIX-Back.webp\" \/>\n\t<meta property=\"og:image:width\" content=\"1417\" \/>\n\t<meta property=\"og:image:height\" content=\"1417\" \/>\n\t<meta property=\"og:image:type\" content=\"image\/webp\" \/>\n<meta name=\"twitter:card\" content=\"summary_large_image\" \/>\n<meta name=\"twitter:label1\" content=\"Dur\u00e9e de lecture estim\u00e9e\" \/>\n\t<meta name=\"twitter:data1\" content=\"3 minutes\" \/>\n<script type=\"application\/ld+json\" class=\"yoast-schema-graph\">{\"@context\":\"https:\\\/\\\/schema.org\",\"@graph\":[{\"@type\":\"WebPage\",\"@id\":\"https:\\\/\\\/miningspareparts.com\\\/product\\\/sdmix-js1500b-mixer-and-parts\\\/\",\"url\":\"https:\\\/\\\/miningspareparts.com\\\/product\\\/sdmix-js1500b-mixer-and-parts\\\/\",\"name\":\"SDMIX JS1500B Mixer And Parts - Crusher parts, Slurry Pump Parts, Excavator shovel parts\",\"isPartOf\":{\"@id\":\"https:\\\/\\\/miningspareparts.com\\\/#website\"},\"primaryImageOfPage\":{\"@id\":\"https:\\\/\\\/miningspareparts.com\\\/product\\\/sdmix-js1500b-mixer-and-parts\\\/#primaryimage\"},\"image\":{\"@id\":\"https:\\\/\\\/miningspareparts.com\\\/product\\\/sdmix-js1500b-mixer-and-parts\\\/#primaryimage\"},\"thumbnailUrl\":\"https:\\\/\\\/miningspareparts.com\\\/wp-content\\\/uploads\\\/2023\\\/12\\\/SDMIX-Back.webp\",\"datePublished\":\"2023-12-31T07:30:46+00:00\",\"dateModified\":\"2024-01-18T08:29:18+00:00\",\"description\":\"Our SDMIX JS1500B twin-shaft mixer blades, mixing arms and liners are original replacement parts, ensuring wear resistance and optimal service life.\",\"breadcrumb\":{\"@id\":\"https:\\\/\\\/miningspareparts.com\\\/product\\\/sdmix-js1500b-mixer-and-parts\\\/#breadcrumb\"},\"inLanguage\":\"fr-FR\",\"potentialAction\":[{\"@type\":\"ReadAction\",\"target\":[\"https:\\\/\\\/miningspareparts.com\\\/product\\\/sdmix-js1500b-mixer-and-parts\\\/\"]}]},{\"@type\":\"ImageObject\",\"inLanguage\":\"fr-FR\",\"@id\":\"https:\\\/\\\/miningspareparts.com\\\/product\\\/sdmix-js1500b-mixer-and-parts\\\/#primaryimage\",\"url\":\"https:\\\/\\\/miningspareparts.com\\\/wp-content\\\/uploads\\\/2023\\\/12\\\/SDMIX-Back.webp\",\"contentUrl\":\"https:\\\/\\\/miningspareparts.com\\\/wp-content\\\/uploads\\\/2023\\\/12\\\/SDMIX-Back.webp\",\"width\":1417,\"height\":1417},{\"@type\":\"BreadcrumbList\",\"@id\":\"https:\\\/\\\/miningspareparts.com\\\/product\\\/sdmix-js1500b-mixer-and-parts\\\/#breadcrumb\",\"itemListElement\":[{\"@type\":\"ListItem\",\"position\":1,\"name\":\"Home\",\"item\":\"https:\\\/\\\/miningspareparts.com\\\/\"},{\"@type\":\"ListItem\",\"position\":2,\"name\":\"Premium Mining Wear And Spare Parts\",\"item\":\"https:\\\/\\\/miningspareparts.com\\\/shop\\\/\"},{\"@type\":\"ListItem\",\"position\":3,\"name\":\"SDMIX JS1500B Mixer And Parts\"}]},{\"@type\":\"WebSite\",\"@id\":\"https:\\\/\\\/miningspareparts.com\\\/#website\",\"url\":\"https:\\\/\\\/miningspareparts.com\\\/\",\"name\":\"Crusher parts , Concrete Mixer Parts, Slurry Pump Parts, Mining Spares\",\"description\":\"Mining Wear &amp; Spare Parts Supplier\",\"publisher\":{\"@id\":\"https:\\\/\\\/miningspareparts.com\\\/#organization\"},\"potentialAction\":[{\"@type\":\"SearchAction\",\"target\":{\"@type\":\"EntryPoint\",\"urlTemplate\":\"https:\\\/\\\/miningspareparts.com\\\/?s={search_term_string}\"},\"query-input\":{\"@type\":\"PropertyValueSpecification\",\"valueRequired\":true,\"valueName\":\"search_term_string\"}}],\"inLanguage\":\"fr-FR\"},{\"@type\":\"Organization\",\"@id\":\"https:\\\/\\\/miningspareparts.com\\\/#organization\",\"name\":\"Crusher parts , Concrete Mixer Parts, Slurry Pump Parts, Mining Spares\",\"url\":\"https:\\\/\\\/miningspareparts.com\\\/\",\"logo\":{\"@type\":\"ImageObject\",\"inLanguage\":\"fr-FR\",\"@id\":\"https:\\\/\\\/miningspareparts.com\\\/#\\\/schema\\\/logo\\\/image\\\/\",\"url\":\"https:\\\/\\\/miningspareparts.com\\\/wp-content\\\/uploads\\\/2025\\\/04\\\/cropped-cropped-logo\u6b63\u65b9\u5f62.png\",\"contentUrl\":\"https:\\\/\\\/miningspareparts.com\\\/wp-content\\\/uploads\\\/2025\\\/04\\\/cropped-cropped-logo\u6b63\u65b9\u5f62.png\",\"width\":511,\"height\":171,\"caption\":\"Crusher parts , Concrete Mixer Parts, Slurry Pump Parts, Mining Spares\"},\"image\":{\"@id\":\"https:\\\/\\\/miningspareparts.com\\\/#\\\/schema\\\/logo\\\/image\\\/\"}}]}<\/script>\n<!-- \/ Yoast SEO plugin. -->","yoast_head_json":{"title":"SDMIX JS1500B Mixer And Parts - Crusher parts, Slurry Pump Parts, Excavator shovel parts","description":"Our SDMIX JS1500B twin-shaft mixer blades, mixing arms and liners are original replacement parts, ensuring wear resistance and optimal service life.","robots":{"index":"index","follow":"follow","max-snippet":"max-snippet:-1","max-image-preview":"max-image-preview:large","max-video-preview":"max-video-preview:-1"},"canonical":"https:\/\/miningspareparts.com\/fr\/produit\/sdmix-js1500b-mixer-and-parts\/","og_locale":"fr_FR","og_type":"article","og_title":"SDMIX JS1500B Mixer And Parts - Crusher parts, Slurry Pump Parts, Excavator shovel parts","og_description":"Our SDMIX JS1500B twin-shaft mixer blades, mixing arms and liners are original replacement parts, ensuring wear resistance and optimal service life.","og_url":"https:\/\/miningspareparts.com\/fr\/produit\/sdmix-js1500b-mixer-and-parts\/","og_site_name":"Crusher parts, Slurry Pump Parts, Excavator shovel parts","article_modified_time":"2024-01-18T08:29:18+00:00","og_image":[{"width":1417,"height":1417,"url":"https:\/\/miningspareparts.com\/wp-content\/uploads\/2023\/12\/SDMIX-Back.webp","type":"image\/webp"}],"twitter_card":"summary_large_image","twitter_misc":{"Dur\u00e9e de lecture estim\u00e9e":"3 minutes"},"schema":{"@context":"https:\/\/schema.org","@graph":[{"@type":"WebPage","@id":"https:\/\/miningspareparts.com\/product\/sdmix-js1500b-mixer-and-parts\/","url":"https:\/\/miningspareparts.com\/product\/sdmix-js1500b-mixer-and-parts\/","name":"SDMIX JS1500B Mixer And Parts - Crusher parts, Slurry Pump Parts, Excavator shovel parts","isPartOf":{"@id":"https:\/\/miningspareparts.com\/#website"},"primaryImageOfPage":{"@id":"https:\/\/miningspareparts.com\/product\/sdmix-js1500b-mixer-and-parts\/#primaryimage"},"image":{"@id":"https:\/\/miningspareparts.com\/product\/sdmix-js1500b-mixer-and-parts\/#primaryimage"},"thumbnailUrl":"https:\/\/miningspareparts.com\/wp-content\/uploads\/2023\/12\/SDMIX-Back.webp","datePublished":"2023-12-31T07:30:46+00:00","dateModified":"2024-01-18T08:29:18+00:00","description":"Our SDMIX JS1500B twin-shaft mixer blades, mixing arms and liners are original replacement parts, ensuring wear resistance and optimal service life.","breadcrumb":{"@id":"https:\/\/miningspareparts.com\/product\/sdmix-js1500b-mixer-and-parts\/#breadcrumb"},"inLanguage":"fr-FR","potentialAction":[{"@type":"ReadAction","target":["https:\/\/miningspareparts.com\/product\/sdmix-js1500b-mixer-and-parts\/"]}]},{"@type":"ImageObject","inLanguage":"fr-FR","@id":"https:\/\/miningspareparts.com\/product\/sdmix-js1500b-mixer-and-parts\/#primaryimage","url":"https:\/\/miningspareparts.com\/wp-content\/uploads\/2023\/12\/SDMIX-Back.webp","contentUrl":"https:\/\/miningspareparts.com\/wp-content\/uploads\/2023\/12\/SDMIX-Back.webp","width":1417,"height":1417},{"@type":"BreadcrumbList","@id":"https:\/\/miningspareparts.com\/product\/sdmix-js1500b-mixer-and-parts\/#breadcrumb","itemListElement":[{"@type":"ListItem","position":1,"name":"Home","item":"https:\/\/miningspareparts.com\/"},{"@type":"ListItem","position":2,"name":"Premium Mining Wear And Spare Parts","item":"https:\/\/miningspareparts.com\/shop\/"},{"@type":"ListItem","position":3,"name":"SDMIX JS1500B Mixer And Parts"}]},{"@type":"WebSite","@id":"https:\/\/miningspareparts.com\/#website","url":"https:\/\/miningspareparts.com\/","name":"Crusher parts , Concrete Mixer Parts, Slurry Pump Parts, Mining Spares","description":"Mining Wear &amp; Spare Parts Supplier","publisher":{"@id":"https:\/\/miningspareparts.com\/#organization"},"potentialAction":[{"@type":"SearchAction","target":{"@type":"EntryPoint","urlTemplate":"https:\/\/miningspareparts.com\/?s={search_term_string}"},"query-input":{"@type":"PropertyValueSpecification","valueRequired":true,"valueName":"search_term_string"}}],"inLanguage":"fr-FR"},{"@type":"Organization","@id":"https:\/\/miningspareparts.com\/#organization","name":"Crusher parts , Concrete Mixer Parts, Slurry Pump Parts, Mining Spares","url":"https:\/\/miningspareparts.com\/","logo":{"@type":"ImageObject","inLanguage":"fr-FR","@id":"https:\/\/miningspareparts.com\/#\/schema\/logo\/image\/","url":"https:\/\/miningspareparts.com\/wp-content\/uploads\/2025\/04\/cropped-cropped-logo\u6b63\u65b9\u5f62.png","contentUrl":"https:\/\/miningspareparts.com\/wp-content\/uploads\/2025\/04\/cropped-cropped-logo\u6b63\u65b9\u5f62.png","width":511,"height":171,"caption":"Crusher parts , Concrete Mixer Parts, Slurry Pump Parts, Mining Spares"},"image":{"@id":"https:\/\/miningspareparts.com\/#\/schema\/logo\/image\/"}}]}},"uagb_featured_image_src":{"full":["https:\/\/miningspareparts.com\/wp-content\/uploads\/2023\/12\/SDMIX-Back.webp",1417,1417,false],"thumbnail":["https:\/\/miningspareparts.com\/wp-content\/uploads\/2023\/12\/SDMIX-Back-150x150.webp",150,150,true],"medium":["https:\/\/miningspareparts.com\/wp-content\/uploads\/2023\/12\/SDMIX-Back-300x300.webp",300,300,true],"medium_large":["https:\/\/miningspareparts.com\/wp-content\/uploads\/2023\/12\/SDMIX-Back-768x768.webp",768,768,true],"large":["https:\/\/miningspareparts.com\/wp-content\/uploads\/2023\/12\/SDMIX-Back-1024x1024.webp",1024,1024,true],"1536x1536":["https:\/\/miningspareparts.com\/wp-content\/uploads\/2023\/12\/SDMIX-Back.webp",1417,1417,false],"2048x2048":["https:\/\/miningspareparts.com\/wp-content\/uploads\/2023\/12\/SDMIX-Back.webp",1417,1417,false],"trp-custom-language-flag":["https:\/\/miningspareparts.com\/wp-content\/uploads\/2023\/12\/SDMIX-Back.webp",12,12,false],"woocommerce_thumbnail":["https:\/\/miningspareparts.com\/wp-content\/uploads\/2023\/12\/SDMIX-Back-300x300.webp",300,300,true],"woocommerce_single":["https:\/\/miningspareparts.com\/wp-content\/uploads\/2023\/12\/SDMIX-Back-600x600.webp",600,600,true],"woocommerce_gallery_thumbnail":["https:\/\/miningspareparts.com\/wp-content\/uploads\/2023\/12\/SDMIX-Back-100x100.webp",100,100,true]},"uagb_author_info":{"display_name":"Miningspareparts","author_link":"https:\/\/miningspareparts.com\/fr\/author\/"},"uagb_comment_info":0,"uagb_excerpt":"Models:SDMIX JS1500B","_links":{"self":[{"href":"https:\/\/miningspareparts.com\/fr\/wp-json\/wp\/v2\/product\/2223","targetHints":{"allow":["GET"]}}],"collection":[{"href":"https:\/\/miningspareparts.com\/fr\/wp-json\/wp\/v2\/product"}],"about":[{"href":"https:\/\/miningspareparts.com\/fr\/wp-json\/wp\/v2\/types\/product"}],"wp:featuredmedia":[{"embeddable":true,"href":"https:\/\/miningspareparts.com\/fr\/wp-json\/wp\/v2\/media\/2356"}],"wp:attachment":[{"href":"https:\/\/miningspareparts.com\/fr\/wp-json\/wp\/v2\/media?parent=2223"}],"wp:term":[{"taxonomy":"product_brand","embeddable":true,"href":"https:\/\/miningspareparts.com\/fr\/wp-json\/wp\/v2\/product_brand?post=2223"},{"taxonomy":"product_cat","embeddable":true,"href":"https:\/\/miningspareparts.com\/fr\/wp-json\/wp\/v2\/product_cat?post=2223"},{"taxonomy":"product_tag","embeddable":true,"href":"https:\/\/miningspareparts.com\/fr\/wp-json\/wp\/v2\/product_tag?post=2223"}],"curies":[{"name":"wp","href":"https:\/\/api.w.org\/{rel}","templated":true}]}}