{"id":2252,"date":"2023-12-31T07:54:53","date_gmt":"2023-12-31T07:54:53","guid":{"rendered":"https:\/\/miningspareparts.com\/?post_type=product&#038;p=2252"},"modified":"2024-04-06T09:09:40","modified_gmt":"2024-04-06T09:09:40","slug":"fangyuan-fjs2000-mixer-and-parts","status":"publish","type":"product","link":"https:\/\/miningspareparts.com\/fr\/produit\/fangyuan-fjs2000-mixer-and-parts\/","title":{"rendered":"M\u00e9langeur FANGYUAN FJS2000 et pi\u00e8ces d\u00e9tach\u00e9es"},"content":{"rendered":"<p><strong>Voici une description du m\u00e9langeur FANGYUAN FJS2000 et de ses pi\u00e8ces d\u00e9tach\u00e9es.<\/strong><\/p>\n<table>\n<tbody>\n<tr>\n<td width=\"74\">NON.<\/td>\n<td width=\"257\">Sp\u00e9cifications<\/td>\n<td width=\"131\">\u56fe\u53f7<\/td>\n<td width=\"56\">Qt\u00e9<\/td>\n<td width=\"47\">Poids unitaire (Kg)<\/td>\n<td width=\"75\">Poids total (Kg)<\/td>\n<td width=\"78\">Remarques<\/td>\n<\/tr>\n<tr>\n<td width=\"74\">1<\/td>\n<td width=\"257\">Bras de m\u00e9lange<\/td>\n<td width=\"131\">FJS2000.3-18<\/td>\n<td width=\"56\">10<\/td>\n<td width=\"47\">54<\/td>\n<td width=\"75\">540.00<\/td>\n<td width=\"78\"><\/td>\n<\/tr>\n<tr>\n<td width=\"74\">2<\/td>\n<td width=\"257\">Si\u00e8ge \u00e0 accoudoirs mixtes<\/td>\n<td width=\"131\">FJS2000.3-17<\/td>\n<td width=\"56\">10<\/td>\n<td width=\"47\">22<\/td>\n<td width=\"75\">220.00<\/td>\n<td width=\"78\"><\/td>\n<\/tr>\n<tr>\n<td width=\"74\">3<\/td>\n<td width=\"257\">Bras de mixage lat\u00e9ral<\/td>\n<td width=\"131\">FJS2000.3-13<\/td>\n<td width=\"56\">2<\/td>\n<td width=\"47\">48.5<\/td>\n<td width=\"75\">97.00<\/td>\n<td width=\"78\"><\/td>\n<\/tr>\n<tr>\n<td width=\"74\">4<\/td>\n<td width=\"257\">Inverser<\/p>\n<p>Bras de mixage lat\u00e9ral<\/td>\n<td width=\"131\">FJS2000.3-20<\/td>\n<td width=\"56\">4<\/td>\n<td width=\"47\">48.5<\/td>\n<td width=\"75\">194.00<\/td>\n<td width=\"78\"><\/td>\n<\/tr>\n<tr>\n<td width=\"74\">5<\/td>\n<td width=\"257\">Accoudoir de m\u00e9lange lat\u00e9ralSi\u00e8ge<\/td>\n<td width=\"131\">FJS2000.3-14<\/td>\n<td width=\"56\">6<\/td>\n<td width=\"47\">21<\/td>\n<td width=\"75\">126.00<\/td>\n<td width=\"78\"><\/td>\n<\/tr>\n<tr>\n<td width=\"74\">6<\/td>\n<td width=\"257\">Anneau d'\u00e9cartement<\/td>\n<td width=\"131\">FJS2000.3-22<\/td>\n<td width=\"56\">14<\/td>\n<td width=\"47\">15<\/td>\n<td width=\"75\">210.00<\/td>\n<td width=\"78\"><\/td>\n<\/tr>\n<tr>\n<td width=\"74\">7<\/td>\n<td width=\"257\">Lame de m\u00e9lange<\/td>\n<td width=\"131\">FJS2000.2-19<\/td>\n<td width=\"56\">10<\/td>\n<td width=\"47\">17<\/td>\n<td width=\"75\">170.00<\/td>\n<td width=\"78\"><\/td>\n<\/tr>\n<tr>\n<td width=\"74\">8<\/td>\n<td width=\"257\">Lame de m\u00e9lange lat\u00e9rale<\/td>\n<td width=\"131\">FJS2000.2-15<\/td>\n<td width=\"56\">2<\/td>\n<td width=\"47\">16.8<\/td>\n<td width=\"75\">33.60<\/td>\n<td width=\"78\"><\/td>\n<\/tr>\n<tr>\n<td width=\"74\">9<\/td>\n<td width=\"257\">Lame de m\u00e9lange \u00e0 l'envers<\/td>\n<td width=\"131\">FJS2000.2-21<\/td>\n<td width=\"56\">4<\/td>\n<td width=\"47\">16.8<\/td>\n<td width=\"75\">67.20<\/td>\n<td width=\"78\"><\/td>\n<\/tr>\n<tr>\n<td width=\"74\">10<\/td>\n<td width=\"257\">Lame de m\u00e9lange \u00e0 raclage lat\u00e9ral<\/td>\n<td width=\"131\">FJS2000.2-16<\/td>\n<td width=\"56\">6<\/td>\n<td width=\"47\">14<\/td>\n<td width=\"75\">84.00<\/td>\n<td width=\"78\"><\/td>\n<\/tr>\n<tr>\n<td width=\"74\">11<\/td>\n<td width=\"257\">Plaque de rev\u00eatement de l'arc<\/td>\n<td width=\"131\">FJS2000.1-1<\/td>\n<td width=\"56\">144<\/td>\n<td width=\"47\">4.5<\/td>\n<td width=\"75\">648.00<\/td>\n<td width=\"78\"><\/td>\n<\/tr>\n<tr>\n<td width=\"74\">12<\/td>\n<td width=\"257\">Plaque lat\u00e9rale 1<\/td>\n<td width=\"131\">FJS2000.1-2<\/td>\n<td width=\"56\">8<\/td>\n<td width=\"47\">22.5<\/td>\n<td width=\"75\">180.00<\/td>\n<td width=\"78\"><\/td>\n<\/tr>\n<tr>\n<td width=\"74\">13<\/td>\n<td width=\"257\">Plaque lat\u00e9rale 2<\/td>\n<td width=\"131\">FJS2000.1-3<\/td>\n<td width=\"56\">16<\/td>\n<td width=\"47\">19.5<\/td>\n<td width=\"75\">312.00<\/td>\n<td width=\"78\"><\/td>\n<\/tr>\n<tr>\n<td width=\"74\">14<\/td>\n<td width=\"257\">Plaque lat\u00e9rale 3<\/td>\n<td width=\"131\">FJS2000.1-4<\/td>\n<td width=\"56\">2<\/td>\n<td width=\"47\">19.5<\/td>\n<td width=\"75\">39.00<\/td>\n<td width=\"78\">16Mn<\/td>\n<\/tr>\n<tr>\n<td width=\"74\">15<\/td>\n<td width=\"257\">Plaque lat\u00e9rale 4<\/td>\n<td width=\"131\">FJS2000.1-5<\/td>\n<td width=\"56\">2<\/td>\n<td width=\"47\">20<\/td>\n<td width=\"75\">40.00<\/td>\n<td width=\"78\">16Mn<\/td>\n<\/tr>\n<tr>\n<td width=\"74\">16<\/td>\n<td width=\"257\">Plaque lat\u00e9rale 5<\/td>\n<td width=\"131\">FJS2000.1-6<\/td>\n<td width=\"56\">2<\/td>\n<td width=\"47\">20<\/td>\n<td width=\"75\">40.00<\/td>\n<td width=\"78\">16Mn<\/td>\n<\/tr>\n<tr>\n<td width=\"74\">17<\/td>\n<td width=\"257\">Plaque lat\u00e9rale 6<\/td>\n<td width=\"131\">FJS2000.1-7<\/td>\n<td width=\"56\">2<\/td>\n<td width=\"47\">9.8<\/td>\n<td width=\"75\">19.60<\/td>\n<td width=\"78\">16Mn<\/td>\n<\/tr>\n<tr>\n<td width=\"74\">18<\/td>\n<td width=\"257\">Plaque de rev\u00eatement triangulaire<\/td>\n<td width=\"131\">FJS2000.1-9<\/td>\n<td width=\"56\">2<\/td>\n<td width=\"47\">9<\/td>\n<td width=\"75\">18.00<\/td>\n<td width=\"78\"><\/td>\n<\/tr>\n<tr>\n<td width=\"74\"><\/td>\n<td width=\"257\"><\/td>\n<td width=\"131\"><\/td>\n<td width=\"56\"><\/td>\n<td width=\"47\"><\/td>\n<td width=\"75\"><\/td>\n<td width=\"78\"><\/td>\n<\/tr>\n<tr>\n<td width=\"74\"><\/td>\n<td width=\"257\">Quantit\u00e9 totale<\/td>\n<td width=\"131\"><\/td>\n<td width=\"56\">246<\/td>\n<td width=\"47\"><\/td>\n<td width=\"75\">3038.4<\/td>\n<td width=\"78\"><\/td>\n<\/tr>\n<\/tbody>\n<\/table>\n<p><img fetchpriority=\"high\" decoding=\"async\" class=\"wp-image-3550 alignleft\" src=\"https:\/\/miningspareparts.com\/wp-content\/uploads\/2024\/01\/Mixer-And-Wear-Parts1-239x300.webp\" alt=\"\" width=\"498\" height=\"625\" srcset=\"https:\/\/miningspareparts.com\/wp-content\/uploads\/2024\/01\/Mixer-And-Wear-Parts1-239x300.webp 239w, https:\/\/miningspareparts.com\/wp-content\/uploads\/2024\/01\/Mixer-And-Wear-Parts1-817x1024.webp 817w, https:\/\/miningspareparts.com\/wp-content\/uploads\/2024\/01\/Mixer-And-Wear-Parts1-768x963.webp 768w, https:\/\/miningspareparts.com\/wp-content\/uploads\/2024\/01\/Mixer-And-Wear-Parts1-1226x1536.webp 1226w, https:\/\/miningspareparts.com\/wp-content\/uploads\/2024\/01\/Mixer-And-Wear-Parts1-1634x2048.webp 1634w, https:\/\/miningspareparts.com\/wp-content\/uploads\/2024\/01\/Mixer-And-Wear-Parts1-600x752.webp 600w, https:\/\/miningspareparts.com\/wp-content\/uploads\/2024\/01\/Mixer-And-Wear-Parts1.webp 2037w\" sizes=\"(max-width: 498px) 100vw, 498px\" \/><span style=\"font-size: 16px\">\u00a0<\/span><img decoding=\"async\" class=\"wp-image-3551 alignnone\" style=\"font-weight: inherit\" src=\"https:\/\/miningspareparts.com\/wp-content\/uploads\/2024\/01\/Mixer-And-Wear-Parts2-210x300.webp\" alt=\"\" width=\"454\" height=\"649\" srcset=\"https:\/\/miningspareparts.com\/wp-content\/uploads\/2024\/01\/Mixer-And-Wear-Parts2-210x300.webp 210w, https:\/\/miningspareparts.com\/wp-content\/uploads\/2024\/01\/Mixer-And-Wear-Parts2-600x856.webp 600w\" sizes=\"(max-width: 454px) 100vw, 454px\" \/><\/p>\n<p>\u00c9levant la norme d'excellence dans le domaine du m\u00e9lange du b\u00e9ton, nos pales, bras de m\u00e9lange et rev\u00eatements de malaxeur \u00e0 deux arbres FANGYUAN FJS2000 sont m\u00e9ticuleusement con\u00e7us pour incarner l'essence du remplacement d'origine, de la polyvalence du march\u00e9 secondaire et de la durabilit\u00e9 durable.<\/p>\n<p>Lorsqu'il s'agit du march\u00e9 des pi\u00e8ces de rechange, nos composants FJS2000 vont au-del\u00e0 des simples remplacements. Ils sont con\u00e7us pour am\u00e9liorer les capacit\u00e9s de votre m\u00e9langeur, en lui apportant des caract\u00e9ristiques et des fonctionnalit\u00e9s am\u00e9lior\u00e9es. L'exp\u00e9rience du march\u00e9 des pi\u00e8ces de rechange avec nos produits ne se limite pas \u00e0 la restauration, mais \u00e0 la mise \u00e0 niveau et \u00e0 l'optimisation des performances de votre m\u00e9langeur pour r\u00e9pondre \u00e0 l'\u00e9volution des exigences de l'industrie.<\/p>\n<p>La durabilit\u00e9 est la pierre angulaire de notre philosophie de conception. Fabriqu\u00e9s avec les meilleurs mat\u00e9riaux et des techniques de fabrication de pointe, nos pales de malaxeur, nos bras de malaxage et nos rev\u00eatements pr\u00e9sentent une solidit\u00e9 et une r\u00e9sistance \u00e0 l'usure in\u00e9gal\u00e9es. Cette durabilit\u00e9 se traduit par une plus longue dur\u00e9e de vie de votre \u00e9quipement, r\u00e9duisant ainsi les temps d'arr\u00eat et les co\u00fbts de maintenance.<\/p>\n<p>En tant que fabricant leader, nous sommes fiers d'offrir une solution compl\u00e8te qui r\u00e9pond aux divers besoins de l'industrie du malaxage du b\u00e9ton. Notre engagement en faveur d'une grammaire fluide et fiable se refl\u00e8te dans le fonctionnement sans faille de nos composants, garantissant que chaque aspect de votre processus de malaxage est caract\u00e9ris\u00e9 par la pr\u00e9cision et l'efficacit\u00e9.<\/p>","protected":false},"excerpt":{"rendered":"<p>Mod\u00e8les:FANGYUAN FJS2000<\/p>","protected":false},"featured_media":4823,"template":"","meta":{"_uag_custom_page_level_css":"","site-sidebar-layout":"default","site-content-layout":"","ast-site-content-layout":"default","site-content-style":"default","site-sidebar-style":"default","ast-global-header-display":"","ast-banner-title-visibility":"","ast-main-header-display":"","ast-hfb-above-header-display":"","ast-hfb-below-header-display":"","ast-hfb-mobile-header-display":"","site-post-title":"","ast-breadcrumbs-content":"","ast-featured-img":"","footer-sml-layout":"","ast-disable-related-posts":"","theme-transparent-header-meta":"default","adv-header-id-meta":"","stick-header-meta":"default","header-above-stick-meta":"","header-main-stick-meta":"","header-below-stick-meta":"","astra-migrate-meta-layouts":"set","ast-page-background-enabled":"default","ast-page-background-meta":{"desktop":{"background-color":"var(--ast-global-color-4)","background-image":"","background-repeat":"repeat","background-position":"center center","background-size":"auto","background-attachment":"scroll","background-type":"","background-media":"","overlay-type":"","overlay-color":"","overlay-opacity":"","overlay-gradient":""},"tablet":{"background-color":"","background-image":"","background-repeat":"repeat","background-position":"center center","background-size":"auto","background-attachment":"scroll","background-type":"","background-media":"","overlay-type":"","overlay-color":"","overlay-opacity":"","overlay-gradient":""},"mobile":{"background-color":"","background-image":"","background-repeat":"repeat","background-position":"center center","background-size":"auto","background-attachment":"scroll","background-type":"","background-media":"","overlay-type":"","overlay-color":"","overlay-opacity":"","overlay-gradient":""}},"ast-content-background-meta":{"desktop":{"background-color":"var(--ast-global-color-5)","background-image":"","background-repeat":"repeat","background-position":"center center","background-size":"auto","background-attachment":"scroll","background-type":"","background-media":"","overlay-type":"","overlay-color":"","overlay-opacity":"","overlay-gradient":""},"tablet":{"background-color":"var(--ast-global-color-5)","background-image":"","background-repeat":"repeat","background-position":"center center","background-size":"auto","background-attachment":"scroll","background-type":"","background-media":"","overlay-type":"","overlay-color":"","overlay-opacity":"","overlay-gradient":""},"mobile":{"background-color":"var(--ast-global-color-5)","background-image":"","background-repeat":"repeat","background-position":"center center","background-size":"auto","background-attachment":"scroll","background-type":"","background-media":"","overlay-type":"","overlay-color":"","overlay-opacity":"","overlay-gradient":""}}},"product_brand":[],"product_cat":[289,77],"product_tag":[268,288,269],"class_list":{"0":"post-2252","1":"product","2":"type-product","3":"status-publish","4":"has-post-thumbnail","6":"product_cat-other-concrete-mixer-parts","7":"product_cat-concrete-mixer-parts","8":"product_tag-blade","9":"product_tag-concrete-mixer","10":"product_tag-mixing-arm","11":"desktop-align-left","12":"tablet-align-left","13":"mobile-align-left","14":"ast-product-gallery-layout-horizontal-slider","15":"ast-product-gallery-with-no-image","16":"ast-product-single-variable","17":"ast-product-tabs-layout-horizontal","19":"first","20":"instock","21":"shipping-taxable","22":"purchasable","23":"product-type-variable"},"yoast_head":"<!-- This site is optimized with the Yoast SEO plugin v27.4 - https:\/\/yoast.com\/product\/yoast-seo-wordpress\/ -->\n<title>FANGYUAN FJS2000 Mixer And Parts - Crusher parts, Slurry Pump Parts, Excavator shovel parts<\/title>\n<meta name=\"description\" content=\"For Fangyuan FJS2000 twin-shaft mixer blades, mixing arms and liners, we offer seamless original replacement parts and unparalleled wear resistance\" \/>\n<meta name=\"robots\" content=\"index, follow, max-snippet:-1, max-image-preview:large, max-video-preview:-1\" \/>\n<link rel=\"canonical\" href=\"https:\/\/miningspareparts.com\/fr\/produit\/fangyuan-fjs2000-mixer-and-parts\/\" \/>\n<meta property=\"og:locale\" content=\"fr_FR\" \/>\n<meta property=\"og:type\" content=\"article\" \/>\n<meta property=\"og:title\" content=\"FANGYUAN FJS2000 Mixer And Parts - Crusher parts, Slurry Pump Parts, Excavator shovel parts\" \/>\n<meta property=\"og:description\" content=\"For Fangyuan FJS2000 twin-shaft mixer blades, mixing arms and liners, we offer seamless original replacement parts and unparalleled wear resistance\" \/>\n<meta property=\"og:url\" content=\"https:\/\/miningspareparts.com\/fr\/produit\/fangyuan-fjs2000-mixer-and-parts\/\" \/>\n<meta property=\"og:site_name\" content=\"Crusher parts, Slurry Pump Parts, Excavator shovel parts\" \/>\n<meta property=\"article:modified_time\" content=\"2024-04-06T09:09:40+00:00\" \/>\n<meta property=\"og:image\" content=\"https:\/\/miningspareparts.com\/wp-content\/uploads\/2023\/12\/FANGYUAN-FJS2000-Mixer-And-Parts.webp\" \/>\n\t<meta property=\"og:image:width\" content=\"800\" \/>\n\t<meta property=\"og:image:height\" content=\"800\" \/>\n\t<meta property=\"og:image:type\" content=\"image\/webp\" \/>\n<meta name=\"twitter:card\" content=\"summary_large_image\" \/>\n<meta name=\"twitter:label1\" content=\"Dur\u00e9e de lecture estim\u00e9e\" \/>\n\t<meta name=\"twitter:data1\" content=\"3 minutes\" \/>\n<script type=\"application\/ld+json\" class=\"yoast-schema-graph\">{\"@context\":\"https:\\\/\\\/schema.org\",\"@graph\":[{\"@type\":\"WebPage\",\"@id\":\"https:\\\/\\\/miningspareparts.com\\\/product\\\/fangyuan-fjs2000-mixer-and-parts\\\/\",\"url\":\"https:\\\/\\\/miningspareparts.com\\\/product\\\/fangyuan-fjs2000-mixer-and-parts\\\/\",\"name\":\"FANGYUAN FJS2000 Mixer And Parts - Crusher parts, Slurry Pump Parts, Excavator shovel parts\",\"isPartOf\":{\"@id\":\"https:\\\/\\\/miningspareparts.com\\\/#website\"},\"primaryImageOfPage\":{\"@id\":\"https:\\\/\\\/miningspareparts.com\\\/product\\\/fangyuan-fjs2000-mixer-and-parts\\\/#primaryimage\"},\"image\":{\"@id\":\"https:\\\/\\\/miningspareparts.com\\\/product\\\/fangyuan-fjs2000-mixer-and-parts\\\/#primaryimage\"},\"thumbnailUrl\":\"https:\\\/\\\/miningspareparts.com\\\/wp-content\\\/uploads\\\/2023\\\/12\\\/FANGYUAN-FJS2000-Mixer-And-Parts.webp\",\"datePublished\":\"2023-12-31T07:54:53+00:00\",\"dateModified\":\"2024-04-06T09:09:40+00:00\",\"description\":\"For Fangyuan FJS2000 twin-shaft mixer blades, mixing arms and liners, we offer seamless original replacement parts and unparalleled wear resistance\",\"breadcrumb\":{\"@id\":\"https:\\\/\\\/miningspareparts.com\\\/product\\\/fangyuan-fjs2000-mixer-and-parts\\\/#breadcrumb\"},\"inLanguage\":\"fr-FR\",\"potentialAction\":[{\"@type\":\"ReadAction\",\"target\":[\"https:\\\/\\\/miningspareparts.com\\\/product\\\/fangyuan-fjs2000-mixer-and-parts\\\/\"]}]},{\"@type\":\"ImageObject\",\"inLanguage\":\"fr-FR\",\"@id\":\"https:\\\/\\\/miningspareparts.com\\\/product\\\/fangyuan-fjs2000-mixer-and-parts\\\/#primaryimage\",\"url\":\"https:\\\/\\\/miningspareparts.com\\\/wp-content\\\/uploads\\\/2023\\\/12\\\/FANGYUAN-FJS2000-Mixer-And-Parts.webp\",\"contentUrl\":\"https:\\\/\\\/miningspareparts.com\\\/wp-content\\\/uploads\\\/2023\\\/12\\\/FANGYUAN-FJS2000-Mixer-And-Parts.webp\",\"width\":800,\"height\":800},{\"@type\":\"BreadcrumbList\",\"@id\":\"https:\\\/\\\/miningspareparts.com\\\/product\\\/fangyuan-fjs2000-mixer-and-parts\\\/#breadcrumb\",\"itemListElement\":[{\"@type\":\"ListItem\",\"position\":1,\"name\":\"Home\",\"item\":\"https:\\\/\\\/miningspareparts.com\\\/\"},{\"@type\":\"ListItem\",\"position\":2,\"name\":\"Premium Mining Wear And Spare Parts\",\"item\":\"https:\\\/\\\/miningspareparts.com\\\/shop\\\/\"},{\"@type\":\"ListItem\",\"position\":3,\"name\":\"FANGYUAN FJS2000 Mixer And Parts\"}]},{\"@type\":\"WebSite\",\"@id\":\"https:\\\/\\\/miningspareparts.com\\\/#website\",\"url\":\"https:\\\/\\\/miningspareparts.com\\\/\",\"name\":\"Crusher parts , Concrete Mixer Parts, Slurry Pump Parts, Mining Spares\",\"description\":\"Mining Wear &amp; Spare Parts Supplier\",\"publisher\":{\"@id\":\"https:\\\/\\\/miningspareparts.com\\\/#organization\"},\"potentialAction\":[{\"@type\":\"SearchAction\",\"target\":{\"@type\":\"EntryPoint\",\"urlTemplate\":\"https:\\\/\\\/miningspareparts.com\\\/?s={search_term_string}\"},\"query-input\":{\"@type\":\"PropertyValueSpecification\",\"valueRequired\":true,\"valueName\":\"search_term_string\"}}],\"inLanguage\":\"fr-FR\"},{\"@type\":\"Organization\",\"@id\":\"https:\\\/\\\/miningspareparts.com\\\/#organization\",\"name\":\"Crusher parts , Concrete Mixer Parts, Slurry Pump Parts, Mining Spares\",\"url\":\"https:\\\/\\\/miningspareparts.com\\\/\",\"logo\":{\"@type\":\"ImageObject\",\"inLanguage\":\"fr-FR\",\"@id\":\"https:\\\/\\\/miningspareparts.com\\\/#\\\/schema\\\/logo\\\/image\\\/\",\"url\":\"https:\\\/\\\/miningspareparts.com\\\/wp-content\\\/uploads\\\/2025\\\/04\\\/cropped-cropped-logo\u6b63\u65b9\u5f62.png\",\"contentUrl\":\"https:\\\/\\\/miningspareparts.com\\\/wp-content\\\/uploads\\\/2025\\\/04\\\/cropped-cropped-logo\u6b63\u65b9\u5f62.png\",\"width\":511,\"height\":171,\"caption\":\"Crusher parts , Concrete Mixer Parts, Slurry Pump Parts, Mining Spares\"},\"image\":{\"@id\":\"https:\\\/\\\/miningspareparts.com\\\/#\\\/schema\\\/logo\\\/image\\\/\"}}]}<\/script>\n<!-- \/ Yoast SEO plugin. -->","yoast_head_json":{"title":"FANGYUAN FJS2000 Mixer And Parts - Crusher parts, Slurry Pump Parts, Excavator shovel parts","description":"For Fangyuan FJS2000 twin-shaft mixer blades, mixing arms and liners, we offer seamless original replacement parts and unparalleled wear resistance","robots":{"index":"index","follow":"follow","max-snippet":"max-snippet:-1","max-image-preview":"max-image-preview:large","max-video-preview":"max-video-preview:-1"},"canonical":"https:\/\/miningspareparts.com\/fr\/produit\/fangyuan-fjs2000-mixer-and-parts\/","og_locale":"fr_FR","og_type":"article","og_title":"FANGYUAN FJS2000 Mixer And Parts - Crusher parts, Slurry Pump Parts, Excavator shovel parts","og_description":"For Fangyuan FJS2000 twin-shaft mixer blades, mixing arms and liners, we offer seamless original replacement parts and unparalleled wear resistance","og_url":"https:\/\/miningspareparts.com\/fr\/produit\/fangyuan-fjs2000-mixer-and-parts\/","og_site_name":"Crusher parts, Slurry Pump Parts, Excavator shovel parts","article_modified_time":"2024-04-06T09:09:40+00:00","og_image":[{"width":800,"height":800,"url":"https:\/\/miningspareparts.com\/wp-content\/uploads\/2023\/12\/FANGYUAN-FJS2000-Mixer-And-Parts.webp","type":"image\/webp"}],"twitter_card":"summary_large_image","twitter_misc":{"Dur\u00e9e de lecture estim\u00e9e":"3 minutes"},"schema":{"@context":"https:\/\/schema.org","@graph":[{"@type":"WebPage","@id":"https:\/\/miningspareparts.com\/product\/fangyuan-fjs2000-mixer-and-parts\/","url":"https:\/\/miningspareparts.com\/product\/fangyuan-fjs2000-mixer-and-parts\/","name":"FANGYUAN FJS2000 Mixer And Parts - Crusher parts, Slurry Pump Parts, Excavator shovel parts","isPartOf":{"@id":"https:\/\/miningspareparts.com\/#website"},"primaryImageOfPage":{"@id":"https:\/\/miningspareparts.com\/product\/fangyuan-fjs2000-mixer-and-parts\/#primaryimage"},"image":{"@id":"https:\/\/miningspareparts.com\/product\/fangyuan-fjs2000-mixer-and-parts\/#primaryimage"},"thumbnailUrl":"https:\/\/miningspareparts.com\/wp-content\/uploads\/2023\/12\/FANGYUAN-FJS2000-Mixer-And-Parts.webp","datePublished":"2023-12-31T07:54:53+00:00","dateModified":"2024-04-06T09:09:40+00:00","description":"For Fangyuan FJS2000 twin-shaft mixer blades, mixing arms and liners, we offer seamless original replacement parts and unparalleled wear resistance","breadcrumb":{"@id":"https:\/\/miningspareparts.com\/product\/fangyuan-fjs2000-mixer-and-parts\/#breadcrumb"},"inLanguage":"fr-FR","potentialAction":[{"@type":"ReadAction","target":["https:\/\/miningspareparts.com\/product\/fangyuan-fjs2000-mixer-and-parts\/"]}]},{"@type":"ImageObject","inLanguage":"fr-FR","@id":"https:\/\/miningspareparts.com\/product\/fangyuan-fjs2000-mixer-and-parts\/#primaryimage","url":"https:\/\/miningspareparts.com\/wp-content\/uploads\/2023\/12\/FANGYUAN-FJS2000-Mixer-And-Parts.webp","contentUrl":"https:\/\/miningspareparts.com\/wp-content\/uploads\/2023\/12\/FANGYUAN-FJS2000-Mixer-And-Parts.webp","width":800,"height":800},{"@type":"BreadcrumbList","@id":"https:\/\/miningspareparts.com\/product\/fangyuan-fjs2000-mixer-and-parts\/#breadcrumb","itemListElement":[{"@type":"ListItem","position":1,"name":"Home","item":"https:\/\/miningspareparts.com\/"},{"@type":"ListItem","position":2,"name":"Premium Mining Wear And Spare Parts","item":"https:\/\/miningspareparts.com\/shop\/"},{"@type":"ListItem","position":3,"name":"FANGYUAN FJS2000 Mixer And Parts"}]},{"@type":"WebSite","@id":"https:\/\/miningspareparts.com\/#website","url":"https:\/\/miningspareparts.com\/","name":"Crusher parts , Concrete Mixer Parts, Slurry Pump Parts, Mining Spares","description":"Mining Wear &amp; Spare Parts Supplier","publisher":{"@id":"https:\/\/miningspareparts.com\/#organization"},"potentialAction":[{"@type":"SearchAction","target":{"@type":"EntryPoint","urlTemplate":"https:\/\/miningspareparts.com\/?s={search_term_string}"},"query-input":{"@type":"PropertyValueSpecification","valueRequired":true,"valueName":"search_term_string"}}],"inLanguage":"fr-FR"},{"@type":"Organization","@id":"https:\/\/miningspareparts.com\/#organization","name":"Crusher parts , Concrete Mixer Parts, Slurry Pump Parts, Mining Spares","url":"https:\/\/miningspareparts.com\/","logo":{"@type":"ImageObject","inLanguage":"fr-FR","@id":"https:\/\/miningspareparts.com\/#\/schema\/logo\/image\/","url":"https:\/\/miningspareparts.com\/wp-content\/uploads\/2025\/04\/cropped-cropped-logo\u6b63\u65b9\u5f62.png","contentUrl":"https:\/\/miningspareparts.com\/wp-content\/uploads\/2025\/04\/cropped-cropped-logo\u6b63\u65b9\u5f62.png","width":511,"height":171,"caption":"Crusher parts , Concrete Mixer Parts, Slurry Pump Parts, Mining Spares"},"image":{"@id":"https:\/\/miningspareparts.com\/#\/schema\/logo\/image\/"}}]}},"uagb_featured_image_src":{"full":["https:\/\/miningspareparts.com\/wp-content\/uploads\/2023\/12\/FANGYUAN-FJS2000-Mixer-And-Parts.webp",800,800,false],"thumbnail":["https:\/\/miningspareparts.com\/wp-content\/uploads\/2023\/12\/FANGYUAN-FJS2000-Mixer-And-Parts-150x150.webp",150,150,true],"medium":["https:\/\/miningspareparts.com\/wp-content\/uploads\/2023\/12\/FANGYUAN-FJS2000-Mixer-And-Parts-300x300.webp",300,300,true],"medium_large":["https:\/\/miningspareparts.com\/wp-content\/uploads\/2023\/12\/FANGYUAN-FJS2000-Mixer-And-Parts-768x768.webp",768,768,true],"large":["https:\/\/miningspareparts.com\/wp-content\/uploads\/2023\/12\/FANGYUAN-FJS2000-Mixer-And-Parts.webp",800,800,false],"1536x1536":["https:\/\/miningspareparts.com\/wp-content\/uploads\/2023\/12\/FANGYUAN-FJS2000-Mixer-And-Parts.webp",800,800,false],"2048x2048":["https:\/\/miningspareparts.com\/wp-content\/uploads\/2023\/12\/FANGYUAN-FJS2000-Mixer-And-Parts.webp",800,800,false],"trp-custom-language-flag":["https:\/\/miningspareparts.com\/wp-content\/uploads\/2023\/12\/FANGYUAN-FJS2000-Mixer-And-Parts-12x12.webp",12,12,true],"woocommerce_thumbnail":["https:\/\/miningspareparts.com\/wp-content\/uploads\/2023\/12\/FANGYUAN-FJS2000-Mixer-And-Parts-300x300.webp",300,300,true],"woocommerce_single":["https:\/\/miningspareparts.com\/wp-content\/uploads\/2023\/12\/FANGYUAN-FJS2000-Mixer-And-Parts-600x600.webp",600,600,true],"woocommerce_gallery_thumbnail":["https:\/\/miningspareparts.com\/wp-content\/uploads\/2023\/12\/FANGYUAN-FJS2000-Mixer-And-Parts-100x100.webp",100,100,true]},"uagb_author_info":{"display_name":"Miningspareparts","author_link":"https:\/\/miningspareparts.com\/fr\/author\/"},"uagb_comment_info":0,"uagb_excerpt":"Models:FANGYUAN FJS2000","_links":{"self":[{"href":"https:\/\/miningspareparts.com\/fr\/wp-json\/wp\/v2\/product\/2252","targetHints":{"allow":["GET"]}}],"collection":[{"href":"https:\/\/miningspareparts.com\/fr\/wp-json\/wp\/v2\/product"}],"about":[{"href":"https:\/\/miningspareparts.com\/fr\/wp-json\/wp\/v2\/types\/product"}],"wp:featuredmedia":[{"embeddable":true,"href":"https:\/\/miningspareparts.com\/fr\/wp-json\/wp\/v2\/media\/4823"}],"wp:attachment":[{"href":"https:\/\/miningspareparts.com\/fr\/wp-json\/wp\/v2\/media?parent=2252"}],"wp:term":[{"taxonomy":"product_brand","embeddable":true,"href":"https:\/\/miningspareparts.com\/fr\/wp-json\/wp\/v2\/product_brand?post=2252"},{"taxonomy":"product_cat","embeddable":true,"href":"https:\/\/miningspareparts.com\/fr\/wp-json\/wp\/v2\/product_cat?post=2252"},{"taxonomy":"product_tag","embeddable":true,"href":"https:\/\/miningspareparts.com\/fr\/wp-json\/wp\/v2\/product_tag?post=2252"}],"curies":[{"name":"wp","href":"https:\/\/api.w.org\/{rel}","templated":true}]}}