{"id":2270,"date":"2024-01-02T03:33:50","date_gmt":"2024-01-02T03:33:50","guid":{"rendered":"https:\/\/miningspareparts.com\/?post_type=product&#038;p=2270"},"modified":"2024-01-19T02:53:21","modified_gmt":"2024-01-19T02:53:21","slug":"lilian-heavy-kyc-mixer-and-parts","status":"publish","type":"product","link":"https:\/\/miningspareparts.com\/fr\/produit\/lilian-heavy-kyc-mixer-and-parts\/","title":{"rendered":"M\u00e9langeur LILIAN HEAVY KYC et pi\u00e8ces d\u00e9tach\u00e9es"},"content":{"rendered":"<p><strong>Voici une description du LILIAN HEAVY KYC Mixer And Parts<\/strong><\/p>\n<table>\n<tbody>\n<tr>\n<td width=\"56\">NON.<\/td>\n<td width=\"263\">Sp\u00e9cifications<\/td>\n<td width=\"138\">\u6750\u6599\u53f7<\/td>\n<td width=\"63\">Qt\u00e9<\/td>\n<td width=\"46\">Poids unitaire (Kg)<\/td>\n<td width=\"74\">Poids total (Kg)<\/td>\n<td width=\"78\">Remarques<\/td>\n<\/tr>\n<tr>\n<td width=\"56\">1<\/td>\n<td width=\"263\">Bras de m\u00e9lange central<\/td>\n<td width=\"138\">D-73071\/402<\/td>\n<td width=\"63\">14<\/td>\n<td width=\"46\">42<\/td>\n<td width=\"74\">588.00<\/td>\n<td width=\"78\"><\/td>\n<\/tr>\n<tr>\n<td width=\"56\">2<\/td>\n<td width=\"263\">Bras de mixage gauche<\/td>\n<td width=\"138\">D-73072\/401<\/td>\n<td width=\"63\">4<\/td>\n<td width=\"46\">43<\/td>\n<td width=\"74\">172.00<\/td>\n<td width=\"78\"><\/td>\n<\/tr>\n<tr>\n<td width=\"56\">3<\/td>\n<td width=\"263\">Bras de m\u00e9lange droit<\/td>\n<td width=\"138\">D-73073\/403<\/td>\n<td width=\"63\">2<\/td>\n<td width=\"46\">43<\/td>\n<td width=\"74\">86.00<\/td>\n<td width=\"78\"><\/td>\n<\/tr>\n<tr>\n<td width=\"56\">4<\/td>\n<td width=\"263\">Bras de m\u00e9lange Raccordement Si\u00e8ge<\/td>\n<td width=\"138\">D-73076\/404<\/td>\n<td width=\"63\">20<\/td>\n<td width=\"46\">16.5<\/td>\n<td width=\"74\">330.00<\/td>\n<td width=\"78\"><\/td>\n<\/tr>\n<tr>\n<td width=\"56\">5<\/td>\n<td width=\"263\">Lame de protection gauche pour le bras de m\u00e9lange<\/td>\n<td width=\"138\">D-73015\/411<\/td>\n<td width=\"63\">2<\/td>\n<td width=\"46\">1.8<\/td>\n<td width=\"74\">3.60<\/td>\n<td width=\"78\"><\/td>\n<\/tr>\n<tr>\n<td width=\"56\">6<\/td>\n<td width=\"263\">Lame de protection droite pour le bras de m\u00e9lange<\/td>\n<td width=\"138\">D-73015\/411-1<\/td>\n<td width=\"63\">2<\/td>\n<td width=\"46\">1.8<\/td>\n<td width=\"74\">3.60<\/td>\n<td width=\"78\"><\/td>\n<\/tr>\n<tr>\n<td width=\"56\">7<\/td>\n<td width=\"263\">Lame de m\u00e9lange centrale<\/td>\n<td width=\"138\">D-73012\/407<\/td>\n<td width=\"63\">14<\/td>\n<td width=\"46\">18.6<\/td>\n<td width=\"74\">260.40<\/td>\n<td width=\"78\"><\/td>\n<\/tr>\n<tr>\n<td width=\"56\">8<\/td>\n<td width=\"263\">Lame m\u00e9langeuse droite<\/td>\n<td width=\"138\">D-73011\/407-1<\/td>\n<td width=\"63\">4<\/td>\n<td width=\"46\">12.2<\/td>\n<td width=\"74\">48.80<\/td>\n<td width=\"78\"><\/td>\n<\/tr>\n<tr>\n<td width=\"56\">9<\/td>\n<td width=\"263\">Lame de m\u00e9lange gauche<\/td>\n<td width=\"138\">D-73013\/406<\/td>\n<td width=\"63\">8<\/td>\n<td width=\"46\">11.6<\/td>\n<td width=\"74\">92.80<\/td>\n<td width=\"78\"><\/td>\n<\/tr>\n<tr>\n<td width=\"56\">10<\/td>\n<td width=\"263\">Plaque de rev\u00eatement inf\u00e9rieur<\/td>\n<td width=\"138\">D-73052\/104-2<\/td>\n<td width=\"63\">96<\/td>\n<td width=\"46\">8.5<\/td>\n<td width=\"74\">816.00<\/td>\n<td width=\"78\"><\/td>\n<\/tr>\n<tr>\n<td width=\"56\">11<\/td>\n<td width=\"263\">Racleurs des deux c\u00f4t\u00e9s de la porte de d\u00e9chargement<\/td>\n<td width=\"138\">D-73062\/105<\/td>\n<td width=\"63\">6<\/td>\n<td width=\"46\">4.5<\/td>\n<td width=\"74\">27.00<\/td>\n<td width=\"78\"><\/td>\n<\/tr>\n<tr>\n<td width=\"56\">12<\/td>\n<td width=\"263\">Plaque de pression des deux c\u00f4t\u00e9s de la porte de d\u00e9chargement<\/td>\n<td width=\"138\">D-73063\/106<\/td>\n<td width=\"63\">2<\/td>\n<td width=\"46\">12<\/td>\n<td width=\"74\">24.00<\/td>\n<td width=\"78\"><\/td>\n<\/tr>\n<tr>\n<td width=\"56\">13<\/td>\n<td width=\"263\">Plaque de rev\u00eatement de la porte de d\u00e9charge<\/td>\n<td width=\"138\">D-73061\/207<\/td>\n<td width=\"63\">2<\/td>\n<td width=\"46\">38<\/td>\n<td width=\"74\">76.00<\/td>\n<td width=\"78\"><\/td>\n<\/tr>\n<tr>\n<td width=\"56\">14<\/td>\n<td width=\"263\">Plaque de rev\u00eatement de l'extr\u00e9mit\u00e9 centrale<\/td>\n<td width=\"138\"><\/td>\n<td width=\"63\">4<\/td>\n<td width=\"46\">15<\/td>\n<td width=\"74\">60.00<\/td>\n<td width=\"78\"><\/td>\n<\/tr>\n<tr>\n<td width=\"56\">15<\/td>\n<td width=\"263\">Garniture d'extr\u00e9mit\u00e9 gauche et droite<\/p>\n<p>Plaques<\/td>\n<td width=\"138\"><\/td>\n<td width=\"63\">8<\/td>\n<td width=\"46\">28<\/td>\n<td width=\"74\">224.00<\/td>\n<td width=\"78\"><\/td>\n<\/tr>\n<tr>\n<td width=\"56\">16<\/td>\n<td width=\"263\">Plaque de rev\u00eatement de l'extr\u00e9mit\u00e9 ext\u00e9rieure<\/td>\n<td width=\"138\"><\/td>\n<td width=\"63\">8<\/td>\n<td width=\"46\">32<\/td>\n<td width=\"74\">256.00<\/td>\n<td width=\"78\"><\/td>\n<\/tr>\n<tr>\n<td width=\"56\"><\/td>\n<td width=\"263\"><\/td>\n<td width=\"138\"><\/td>\n<td width=\"63\"><\/td>\n<td width=\"46\"><\/td>\n<td width=\"74\"><\/td>\n<td width=\"78\"><\/td>\n<\/tr>\n<tr>\n<td width=\"56\"><\/td>\n<td width=\"263\">Total<\/td>\n<td width=\"138\"><\/td>\n<td width=\"63\">196<\/td>\n<td width=\"46\"><\/td>\n<td width=\"74\">3068.2<\/td>\n<td width=\"78\"><\/td>\n<\/tr>\n<\/tbody>\n<\/table>\n<p><img fetchpriority=\"high\" decoding=\"async\" class=\"wp-image-3550 alignleft\" src=\"https:\/\/miningspareparts.com\/wp-content\/uploads\/2024\/01\/Mixer-And-Wear-Parts1-239x300.webp\" alt=\"\" width=\"498\" height=\"625\" srcset=\"https:\/\/miningspareparts.com\/wp-content\/uploads\/2024\/01\/Mixer-And-Wear-Parts1-239x300.webp 239w, https:\/\/miningspareparts.com\/wp-content\/uploads\/2024\/01\/Mixer-And-Wear-Parts1-817x1024.webp 817w, https:\/\/miningspareparts.com\/wp-content\/uploads\/2024\/01\/Mixer-And-Wear-Parts1-768x963.webp 768w, https:\/\/miningspareparts.com\/wp-content\/uploads\/2024\/01\/Mixer-And-Wear-Parts1-1226x1536.webp 1226w, https:\/\/miningspareparts.com\/wp-content\/uploads\/2024\/01\/Mixer-And-Wear-Parts1-1634x2048.webp 1634w, https:\/\/miningspareparts.com\/wp-content\/uploads\/2024\/01\/Mixer-And-Wear-Parts1-600x752.webp 600w, https:\/\/miningspareparts.com\/wp-content\/uploads\/2024\/01\/Mixer-And-Wear-Parts1.webp 2037w\" sizes=\"(max-width: 498px) 100vw, 498px\" \/><span style=\"font-size: 16px\">\u00a0<\/span><img decoding=\"async\" class=\"wp-image-3551 alignnone\" style=\"font-weight: inherit\" src=\"https:\/\/miningspareparts.com\/wp-content\/uploads\/2024\/01\/Mixer-And-Wear-Parts2-210x300.webp\" alt=\"\" width=\"454\" height=\"649\" srcset=\"https:\/\/miningspareparts.com\/wp-content\/uploads\/2024\/01\/Mixer-And-Wear-Parts2-210x300.webp 210w, https:\/\/miningspareparts.com\/wp-content\/uploads\/2024\/01\/Mixer-And-Wear-Parts2-600x856.webp 600w\" sizes=\"(max-width: 454px) 100vw, 454px\" \/><\/p>\n<p>Les pales, les bras de m\u00e9lange et les rev\u00eatements des m\u00e9langeurs \u00e0 deux arbres LILIAN HEAVY KYC sont l'incarnation de l'ing\u00e9nierie de pr\u00e9cision. En tant que fabricant de pi\u00e8ces de rechange d'origine, notre engagement va au-del\u00e0 des simples composants - c'est une garantie de compatibilit\u00e9 sans faille et de performances optimales. Nos solutions apr\u00e8s-vente assurent une fiabilit\u00e9 continue, offrant une efficacit\u00e9 soutenue m\u00eame dans les applications les plus exigeantes.<\/p>\n<p>Durables de par leur conception, nos produits r\u00e9sistent aux rigueurs d'un malaxage intensif. Le terme \"durable\" ne se limite pas \u00e0 la long\u00e9vit\u00e9 ; il englobe la robustesse et la r\u00e9silience de chaque lame, bras et rev\u00eatement. Fabriqu\u00e9s avec une attention m\u00e9ticuleuse aux d\u00e9tails, nos composants d\u00e9passent les normes de l'industrie, \u00e9tablissant une r\u00e9f\u00e9rence en mati\u00e8re de durabilit\u00e9.<\/p>\n<p>Dans le domaine des solutions de rechange, nous nous distinguons en proposant non seulement des substituts, mais aussi des am\u00e9liorations. Notre engagement en faveur de l'innovation va au-del\u00e0 des sp\u00e9cifications de l'OEM, en proposant des am\u00e9liorations qui se traduisent par des avantages tangibles pour vos op\u00e9rations. Ce d\u00e9vouement \u00e0 l'excellence du march\u00e9 de l'apr\u00e8s-vente garantit que votre m\u00e9langeur conserve des performances optimales tout au long de son cycle de vie.<\/p>\n<p>La durabilit\u00e9 de nos composants t\u00e9moigne de notre engagement in\u00e9branlable en faveur de la qualit\u00e9. Des tests rigoureux, des mat\u00e9riaux de premi\u00e8re qualit\u00e9 et des techniques de fabrication de pointe convergent pour cr\u00e9er des composants qui r\u00e9sistent aux environnements difficiles. Des ar\u00eates tranchantes des lames \u00e0 l'int\u00e9grit\u00e9 structurelle des bras en passant par la r\u00e9sistance \u00e0 l'usure des rev\u00eatements, chaque d\u00e9tail t\u00e9moigne de notre engagement en faveur de la durabilit\u00e9.<\/p>","protected":false},"excerpt":{"rendered":"<p>Mod\u00e8les:LILIAN HEAVY KYC<\/p>","protected":false},"featured_media":3499,"template":"","meta":{"_uag_custom_page_level_css":"","site-sidebar-layout":"default","site-content-layout":"","ast-site-content-layout":"default","site-content-style":"default","site-sidebar-style":"default","ast-global-header-display":"","ast-banner-title-visibility":"","ast-main-header-display":"","ast-hfb-above-header-display":"","ast-hfb-below-header-display":"","ast-hfb-mobile-header-display":"","site-post-title":"","ast-breadcrumbs-content":"","ast-featured-img":"","footer-sml-layout":"","ast-disable-related-posts":"","theme-transparent-header-meta":"default","adv-header-id-meta":"","stick-header-meta":"default","header-above-stick-meta":"","header-main-stick-meta":"","header-below-stick-meta":"","astra-migrate-meta-layouts":"set","ast-page-background-enabled":"default","ast-page-background-meta":{"desktop":{"background-color":"var(--ast-global-color-4)","background-image":"","background-repeat":"repeat","background-position":"center center","background-size":"auto","background-attachment":"scroll","background-type":"","background-media":"","overlay-type":"","overlay-color":"","overlay-opacity":"","overlay-gradient":""},"tablet":{"background-color":"","background-image":"","background-repeat":"repeat","background-position":"center center","background-size":"auto","background-attachment":"scroll","background-type":"","background-media":"","overlay-type":"","overlay-color":"","overlay-opacity":"","overlay-gradient":""},"mobile":{"background-color":"","background-image":"","background-repeat":"repeat","background-position":"center center","background-size":"auto","background-attachment":"scroll","background-type":"","background-media":"","overlay-type":"","overlay-color":"","overlay-opacity":"","overlay-gradient":""}},"ast-content-background-meta":{"desktop":{"background-color":"var(--ast-global-color-5)","background-image":"","background-repeat":"repeat","background-position":"center center","background-size":"auto","background-attachment":"scroll","background-type":"","background-media":"","overlay-type":"","overlay-color":"","overlay-opacity":"","overlay-gradient":""},"tablet":{"background-color":"var(--ast-global-color-5)","background-image":"","background-repeat":"repeat","background-position":"center center","background-size":"auto","background-attachment":"scroll","background-type":"","background-media":"","overlay-type":"","overlay-color":"","overlay-opacity":"","overlay-gradient":""},"mobile":{"background-color":"var(--ast-global-color-5)","background-image":"","background-repeat":"repeat","background-position":"center center","background-size":"auto","background-attachment":"scroll","background-type":"","background-media":"","overlay-type":"","overlay-color":"","overlay-opacity":"","overlay-gradient":""}}},"product_brand":[],"product_cat":[289,77],"product_tag":[268,288,269],"class_list":{"0":"post-2270","1":"product","2":"type-product","3":"status-publish","4":"has-post-thumbnail","6":"product_cat-other-concrete-mixer-parts","7":"product_cat-concrete-mixer-parts","8":"product_tag-blade","9":"product_tag-concrete-mixer","10":"product_tag-mixing-arm","11":"desktop-align-left","12":"tablet-align-left","13":"mobile-align-left","14":"ast-product-gallery-layout-horizontal-slider","15":"ast-product-gallery-with-no-image","16":"ast-product-single-variable","17":"ast-product-tabs-layout-horizontal","19":"first","20":"instock","21":"shipping-taxable","22":"purchasable","23":"product-type-variable"},"yoast_head":"<!-- This site is optimized with the Yoast SEO plugin v27.4 - https:\/\/yoast.com\/product\/yoast-seo-wordpress\/ -->\n<title>LILIAN HEAVY KYC Mixer And Parts - Crusher parts, Slurry Pump Parts, Excavator shovel parts<\/title>\n<meta name=\"description\" content=\"LILIAN HEAVY KYC Twin Shaft Mixer Blades, Mixing Arms and Liners: Original replacement parts designed to withstand wear and tear to ensure long-lasting performance.\" \/>\n<meta name=\"robots\" content=\"index, follow, max-snippet:-1, max-image-preview:large, max-video-preview:-1\" \/>\n<link rel=\"canonical\" href=\"https:\/\/miningspareparts.com\/fr\/produit\/lilian-heavy-kyc-mixer-and-parts\/\" \/>\n<meta property=\"og:locale\" content=\"fr_FR\" \/>\n<meta property=\"og:type\" content=\"article\" \/>\n<meta property=\"og:title\" content=\"LILIAN HEAVY KYC Mixer And Parts - Crusher parts, Slurry Pump Parts, Excavator shovel parts\" \/>\n<meta property=\"og:description\" content=\"LILIAN HEAVY KYC Twin Shaft Mixer Blades, Mixing Arms and Liners: Original replacement parts designed to withstand wear and tear to ensure long-lasting performance.\" \/>\n<meta property=\"og:url\" content=\"https:\/\/miningspareparts.com\/fr\/produit\/lilian-heavy-kyc-mixer-and-parts\/\" \/>\n<meta property=\"og:site_name\" content=\"Crusher parts, Slurry Pump Parts, Excavator shovel parts\" \/>\n<meta property=\"article:modified_time\" content=\"2024-01-19T02:53:21+00:00\" \/>\n<meta property=\"og:image\" content=\"https:\/\/miningspareparts.com\/wp-content\/uploads\/2024\/01\/LILIAN-HEAVY-KYC-Concrete-Mixer-And-Parts.webp\" \/>\n\t<meta property=\"og:image:width\" content=\"730\" \/>\n\t<meta property=\"og:image:height\" content=\"541\" \/>\n\t<meta property=\"og:image:type\" content=\"image\/webp\" \/>\n<meta name=\"twitter:card\" content=\"summary_large_image\" \/>\n<meta name=\"twitter:label1\" content=\"Dur\u00e9e de lecture estim\u00e9e\" \/>\n\t<meta name=\"twitter:data1\" content=\"3 minutes\" \/>\n<script type=\"application\/ld+json\" class=\"yoast-schema-graph\">{\"@context\":\"https:\\\/\\\/schema.org\",\"@graph\":[{\"@type\":\"WebPage\",\"@id\":\"https:\\\/\\\/miningspareparts.com\\\/product\\\/lilian-heavy-kyc-mixer-and-parts\\\/\",\"url\":\"https:\\\/\\\/miningspareparts.com\\\/product\\\/lilian-heavy-kyc-mixer-and-parts\\\/\",\"name\":\"LILIAN HEAVY KYC Mixer And Parts - Crusher parts, Slurry Pump Parts, Excavator shovel parts\",\"isPartOf\":{\"@id\":\"https:\\\/\\\/miningspareparts.com\\\/#website\"},\"primaryImageOfPage\":{\"@id\":\"https:\\\/\\\/miningspareparts.com\\\/product\\\/lilian-heavy-kyc-mixer-and-parts\\\/#primaryimage\"},\"image\":{\"@id\":\"https:\\\/\\\/miningspareparts.com\\\/product\\\/lilian-heavy-kyc-mixer-and-parts\\\/#primaryimage\"},\"thumbnailUrl\":\"https:\\\/\\\/miningspareparts.com\\\/wp-content\\\/uploads\\\/2024\\\/01\\\/LILIAN-HEAVY-KYC-Concrete-Mixer-And-Parts.webp\",\"datePublished\":\"2024-01-02T03:33:50+00:00\",\"dateModified\":\"2024-01-19T02:53:21+00:00\",\"description\":\"LILIAN HEAVY KYC Twin Shaft Mixer Blades, Mixing Arms and Liners: Original replacement parts designed to withstand wear and tear to ensure long-lasting performance.\",\"breadcrumb\":{\"@id\":\"https:\\\/\\\/miningspareparts.com\\\/product\\\/lilian-heavy-kyc-mixer-and-parts\\\/#breadcrumb\"},\"inLanguage\":\"fr-FR\",\"potentialAction\":[{\"@type\":\"ReadAction\",\"target\":[\"https:\\\/\\\/miningspareparts.com\\\/product\\\/lilian-heavy-kyc-mixer-and-parts\\\/\"]}]},{\"@type\":\"ImageObject\",\"inLanguage\":\"fr-FR\",\"@id\":\"https:\\\/\\\/miningspareparts.com\\\/product\\\/lilian-heavy-kyc-mixer-and-parts\\\/#primaryimage\",\"url\":\"https:\\\/\\\/miningspareparts.com\\\/wp-content\\\/uploads\\\/2024\\\/01\\\/LILIAN-HEAVY-KYC-Concrete-Mixer-And-Parts.webp\",\"contentUrl\":\"https:\\\/\\\/miningspareparts.com\\\/wp-content\\\/uploads\\\/2024\\\/01\\\/LILIAN-HEAVY-KYC-Concrete-Mixer-And-Parts.webp\",\"width\":730,\"height\":541},{\"@type\":\"BreadcrumbList\",\"@id\":\"https:\\\/\\\/miningspareparts.com\\\/product\\\/lilian-heavy-kyc-mixer-and-parts\\\/#breadcrumb\",\"itemListElement\":[{\"@type\":\"ListItem\",\"position\":1,\"name\":\"Home\",\"item\":\"https:\\\/\\\/miningspareparts.com\\\/\"},{\"@type\":\"ListItem\",\"position\":2,\"name\":\"Premium Mining Wear And Spare Parts\",\"item\":\"https:\\\/\\\/miningspareparts.com\\\/shop\\\/\"},{\"@type\":\"ListItem\",\"position\":3,\"name\":\"LILIAN HEAVY KYC Mixer And Parts\"}]},{\"@type\":\"WebSite\",\"@id\":\"https:\\\/\\\/miningspareparts.com\\\/#website\",\"url\":\"https:\\\/\\\/miningspareparts.com\\\/\",\"name\":\"Crusher parts , Concrete Mixer Parts, Slurry Pump Parts, Mining Spares\",\"description\":\"Mining Wear &amp; Spare Parts Supplier\",\"publisher\":{\"@id\":\"https:\\\/\\\/miningspareparts.com\\\/#organization\"},\"potentialAction\":[{\"@type\":\"SearchAction\",\"target\":{\"@type\":\"EntryPoint\",\"urlTemplate\":\"https:\\\/\\\/miningspareparts.com\\\/?s={search_term_string}\"},\"query-input\":{\"@type\":\"PropertyValueSpecification\",\"valueRequired\":true,\"valueName\":\"search_term_string\"}}],\"inLanguage\":\"fr-FR\"},{\"@type\":\"Organization\",\"@id\":\"https:\\\/\\\/miningspareparts.com\\\/#organization\",\"name\":\"Crusher parts , Concrete Mixer Parts, Slurry Pump Parts, Mining Spares\",\"url\":\"https:\\\/\\\/miningspareparts.com\\\/\",\"logo\":{\"@type\":\"ImageObject\",\"inLanguage\":\"fr-FR\",\"@id\":\"https:\\\/\\\/miningspareparts.com\\\/#\\\/schema\\\/logo\\\/image\\\/\",\"url\":\"https:\\\/\\\/miningspareparts.com\\\/wp-content\\\/uploads\\\/2025\\\/04\\\/cropped-cropped-logo\u6b63\u65b9\u5f62.png\",\"contentUrl\":\"https:\\\/\\\/miningspareparts.com\\\/wp-content\\\/uploads\\\/2025\\\/04\\\/cropped-cropped-logo\u6b63\u65b9\u5f62.png\",\"width\":511,\"height\":171,\"caption\":\"Crusher parts , Concrete Mixer Parts, Slurry Pump Parts, Mining Spares\"},\"image\":{\"@id\":\"https:\\\/\\\/miningspareparts.com\\\/#\\\/schema\\\/logo\\\/image\\\/\"}}]}<\/script>\n<!-- \/ Yoast SEO plugin. -->","yoast_head_json":{"title":"LILIAN HEAVY KYC Mixer And Parts - Crusher parts, Slurry Pump Parts, Excavator shovel parts","description":"LILIAN HEAVY KYC Twin Shaft Mixer Blades, Mixing Arms and Liners: Original replacement parts designed to withstand wear and tear to ensure long-lasting performance.","robots":{"index":"index","follow":"follow","max-snippet":"max-snippet:-1","max-image-preview":"max-image-preview:large","max-video-preview":"max-video-preview:-1"},"canonical":"https:\/\/miningspareparts.com\/fr\/produit\/lilian-heavy-kyc-mixer-and-parts\/","og_locale":"fr_FR","og_type":"article","og_title":"LILIAN HEAVY KYC Mixer And Parts - Crusher parts, Slurry Pump Parts, Excavator shovel parts","og_description":"LILIAN HEAVY KYC Twin Shaft Mixer Blades, Mixing Arms and Liners: Original replacement parts designed to withstand wear and tear to ensure long-lasting performance.","og_url":"https:\/\/miningspareparts.com\/fr\/produit\/lilian-heavy-kyc-mixer-and-parts\/","og_site_name":"Crusher parts, Slurry Pump Parts, Excavator shovel parts","article_modified_time":"2024-01-19T02:53:21+00:00","og_image":[{"width":730,"height":541,"url":"https:\/\/miningspareparts.com\/wp-content\/uploads\/2024\/01\/LILIAN-HEAVY-KYC-Concrete-Mixer-And-Parts.webp","type":"image\/webp"}],"twitter_card":"summary_large_image","twitter_misc":{"Dur\u00e9e de lecture estim\u00e9e":"3 minutes"},"schema":{"@context":"https:\/\/schema.org","@graph":[{"@type":"WebPage","@id":"https:\/\/miningspareparts.com\/product\/lilian-heavy-kyc-mixer-and-parts\/","url":"https:\/\/miningspareparts.com\/product\/lilian-heavy-kyc-mixer-and-parts\/","name":"LILIAN HEAVY KYC Mixer And Parts - Crusher parts, Slurry Pump Parts, Excavator shovel parts","isPartOf":{"@id":"https:\/\/miningspareparts.com\/#website"},"primaryImageOfPage":{"@id":"https:\/\/miningspareparts.com\/product\/lilian-heavy-kyc-mixer-and-parts\/#primaryimage"},"image":{"@id":"https:\/\/miningspareparts.com\/product\/lilian-heavy-kyc-mixer-and-parts\/#primaryimage"},"thumbnailUrl":"https:\/\/miningspareparts.com\/wp-content\/uploads\/2024\/01\/LILIAN-HEAVY-KYC-Concrete-Mixer-And-Parts.webp","datePublished":"2024-01-02T03:33:50+00:00","dateModified":"2024-01-19T02:53:21+00:00","description":"LILIAN HEAVY KYC Twin Shaft Mixer Blades, Mixing Arms and Liners: Original replacement parts designed to withstand wear and tear to ensure long-lasting performance.","breadcrumb":{"@id":"https:\/\/miningspareparts.com\/product\/lilian-heavy-kyc-mixer-and-parts\/#breadcrumb"},"inLanguage":"fr-FR","potentialAction":[{"@type":"ReadAction","target":["https:\/\/miningspareparts.com\/product\/lilian-heavy-kyc-mixer-and-parts\/"]}]},{"@type":"ImageObject","inLanguage":"fr-FR","@id":"https:\/\/miningspareparts.com\/product\/lilian-heavy-kyc-mixer-and-parts\/#primaryimage","url":"https:\/\/miningspareparts.com\/wp-content\/uploads\/2024\/01\/LILIAN-HEAVY-KYC-Concrete-Mixer-And-Parts.webp","contentUrl":"https:\/\/miningspareparts.com\/wp-content\/uploads\/2024\/01\/LILIAN-HEAVY-KYC-Concrete-Mixer-And-Parts.webp","width":730,"height":541},{"@type":"BreadcrumbList","@id":"https:\/\/miningspareparts.com\/product\/lilian-heavy-kyc-mixer-and-parts\/#breadcrumb","itemListElement":[{"@type":"ListItem","position":1,"name":"Home","item":"https:\/\/miningspareparts.com\/"},{"@type":"ListItem","position":2,"name":"Premium Mining Wear And Spare Parts","item":"https:\/\/miningspareparts.com\/shop\/"},{"@type":"ListItem","position":3,"name":"LILIAN HEAVY KYC Mixer And Parts"}]},{"@type":"WebSite","@id":"https:\/\/miningspareparts.com\/#website","url":"https:\/\/miningspareparts.com\/","name":"Crusher parts , Concrete Mixer Parts, Slurry Pump Parts, Mining Spares","description":"Mining Wear &amp; Spare Parts Supplier","publisher":{"@id":"https:\/\/miningspareparts.com\/#organization"},"potentialAction":[{"@type":"SearchAction","target":{"@type":"EntryPoint","urlTemplate":"https:\/\/miningspareparts.com\/?s={search_term_string}"},"query-input":{"@type":"PropertyValueSpecification","valueRequired":true,"valueName":"search_term_string"}}],"inLanguage":"fr-FR"},{"@type":"Organization","@id":"https:\/\/miningspareparts.com\/#organization","name":"Crusher parts , Concrete Mixer Parts, Slurry Pump Parts, Mining Spares","url":"https:\/\/miningspareparts.com\/","logo":{"@type":"ImageObject","inLanguage":"fr-FR","@id":"https:\/\/miningspareparts.com\/#\/schema\/logo\/image\/","url":"https:\/\/miningspareparts.com\/wp-content\/uploads\/2025\/04\/cropped-cropped-logo\u6b63\u65b9\u5f62.png","contentUrl":"https:\/\/miningspareparts.com\/wp-content\/uploads\/2025\/04\/cropped-cropped-logo\u6b63\u65b9\u5f62.png","width":511,"height":171,"caption":"Crusher parts , Concrete Mixer Parts, Slurry Pump Parts, Mining Spares"},"image":{"@id":"https:\/\/miningspareparts.com\/#\/schema\/logo\/image\/"}}]}},"uagb_featured_image_src":{"full":["https:\/\/miningspareparts.com\/wp-content\/uploads\/2024\/01\/LILIAN-HEAVY-KYC-Concrete-Mixer-And-Parts.webp",730,541,false],"thumbnail":["https:\/\/miningspareparts.com\/wp-content\/uploads\/2024\/01\/LILIAN-HEAVY-KYC-Concrete-Mixer-And-Parts-150x150.webp",150,150,true],"medium":["https:\/\/miningspareparts.com\/wp-content\/uploads\/2024\/01\/LILIAN-HEAVY-KYC-Concrete-Mixer-And-Parts-300x222.webp",300,222,true],"medium_large":["https:\/\/miningspareparts.com\/wp-content\/uploads\/2024\/01\/LILIAN-HEAVY-KYC-Concrete-Mixer-And-Parts.webp",730,541,false],"large":["https:\/\/miningspareparts.com\/wp-content\/uploads\/2024\/01\/LILIAN-HEAVY-KYC-Concrete-Mixer-And-Parts.webp",730,541,false],"1536x1536":["https:\/\/miningspareparts.com\/wp-content\/uploads\/2024\/01\/LILIAN-HEAVY-KYC-Concrete-Mixer-And-Parts.webp",730,541,false],"2048x2048":["https:\/\/miningspareparts.com\/wp-content\/uploads\/2024\/01\/LILIAN-HEAVY-KYC-Concrete-Mixer-And-Parts.webp",730,541,false],"trp-custom-language-flag":["https:\/\/miningspareparts.com\/wp-content\/uploads\/2024\/01\/LILIAN-HEAVY-KYC-Concrete-Mixer-And-Parts.webp",16,12,false],"woocommerce_thumbnail":["https:\/\/miningspareparts.com\/wp-content\/uploads\/2024\/01\/LILIAN-HEAVY-KYC-Concrete-Mixer-And-Parts-300x300.webp",300,300,true],"woocommerce_single":["https:\/\/miningspareparts.com\/wp-content\/uploads\/2024\/01\/LILIAN-HEAVY-KYC-Concrete-Mixer-And-Parts-600x445.webp",600,445,true],"woocommerce_gallery_thumbnail":["https:\/\/miningspareparts.com\/wp-content\/uploads\/2024\/01\/LILIAN-HEAVY-KYC-Concrete-Mixer-And-Parts-100x100.webp",100,100,true]},"uagb_author_info":{"display_name":"Miningspareparts","author_link":"https:\/\/miningspareparts.com\/fr\/author\/"},"uagb_comment_info":0,"uagb_excerpt":"Models:LILIAN HEAVY KYC","_links":{"self":[{"href":"https:\/\/miningspareparts.com\/fr\/wp-json\/wp\/v2\/product\/2270","targetHints":{"allow":["GET"]}}],"collection":[{"href":"https:\/\/miningspareparts.com\/fr\/wp-json\/wp\/v2\/product"}],"about":[{"href":"https:\/\/miningspareparts.com\/fr\/wp-json\/wp\/v2\/types\/product"}],"wp:featuredmedia":[{"embeddable":true,"href":"https:\/\/miningspareparts.com\/fr\/wp-json\/wp\/v2\/media\/3499"}],"wp:attachment":[{"href":"https:\/\/miningspareparts.com\/fr\/wp-json\/wp\/v2\/media?parent=2270"}],"wp:term":[{"taxonomy":"product_brand","embeddable":true,"href":"https:\/\/miningspareparts.com\/fr\/wp-json\/wp\/v2\/product_brand?post=2270"},{"taxonomy":"product_cat","embeddable":true,"href":"https:\/\/miningspareparts.com\/fr\/wp-json\/wp\/v2\/product_cat?post=2270"},{"taxonomy":"product_tag","embeddable":true,"href":"https:\/\/miningspareparts.com\/fr\/wp-json\/wp\/v2\/product_tag?post=2270"}],"curies":[{"name":"wp","href":"https:\/\/api.w.org\/{rel}","templated":true}]}}