{"id":2277,"date":"2024-01-02T03:39:21","date_gmt":"2024-01-02T03:39:21","guid":{"rendered":"https:\/\/miningspareparts.com\/?post_type=product&#038;p=2277"},"modified":"2024-01-19T03:07:57","modified_gmt":"2024-01-19T03:07:57","slug":"shanghaiwandaxinye-js3000-mixer-and-parts","status":"publish","type":"product","link":"https:\/\/miningspareparts.com\/fr\/produit\/shanghaiwandaxinye-js3000-mixer-and-parts\/","title":{"rendered":"SHANGHAIWANDAXINYE JS3000 M\u00e9langeur et pi\u00e8ces d\u00e9tach\u00e9es"},"content":{"rendered":"<p><strong>Voici une description du m\u00e9langeur SHANGHAIWANDAXINYE JS3000 et de ses pi\u00e8ces d\u00e9tach\u00e9es.<\/strong><\/p>\n<table width=\"718\">\n<tbody>\n<tr>\n<td width=\"57\">NON.<\/td>\n<td width=\"283\">Sp\u00e9cifications<\/td>\n<td width=\"57\">Unit\u00e9.<\/td>\n<td width=\"66\">\u51c0\u91cd<\/td>\n<td width=\"85\">Qt\u00e9<\/td>\n<td width=\"85\">\u603b\u91cd<\/td>\n<td width=\"85\">Remarques<\/td>\n<\/tr>\n<tr>\n<td width=\"57\">1<\/td>\n<td width=\"283\">Bras de m\u00e9lange central<\/td>\n<td width=\"57\">Pcs<\/td>\n<td width=\"66\">42<\/td>\n<td width=\"85\">14<\/td>\n<td width=\"85\">588.00<\/td>\n<td width=\"85\"><\/td>\n<\/tr>\n<tr>\n<td width=\"57\">2<\/td>\n<td width=\"283\">Bras de mixage gauche<\/td>\n<td width=\"57\">Pcs<\/td>\n<td width=\"66\">43<\/td>\n<td width=\"85\">4<\/td>\n<td width=\"85\">172.00<\/td>\n<td width=\"85\"><\/td>\n<\/tr>\n<tr>\n<td width=\"57\">3<\/td>\n<td width=\"283\">Bras de m\u00e9lange droit<\/td>\n<td width=\"57\">Pcs<\/td>\n<td width=\"66\">43<\/td>\n<td width=\"85\">2<\/td>\n<td width=\"85\">86.00<\/td>\n<td width=\"85\"><\/td>\n<\/tr>\n<tr>\n<td width=\"57\">4<\/td>\n<td width=\"283\">Bras de m\u00e9lange Raccordement Si\u00e8ge<\/td>\n<td width=\"57\">Pcs<\/td>\n<td width=\"66\">16.5<\/td>\n<td width=\"85\">20<\/td>\n<td width=\"85\">330.00<\/td>\n<td width=\"85\"><\/td>\n<\/tr>\n<tr>\n<td width=\"57\">5<\/td>\n<td width=\"283\">Lame de protection gauche pour le bras de m\u00e9lange<\/td>\n<td width=\"57\">Pcs<\/td>\n<td width=\"66\">1.5<\/td>\n<td width=\"85\">2<\/td>\n<td width=\"85\">3.00<\/td>\n<td width=\"85\"><\/td>\n<\/tr>\n<tr>\n<td width=\"57\">6<\/td>\n<td width=\"283\">Lame de protection droite<\/p>\n<p>pour le bras de m\u00e9lange<\/td>\n<td width=\"57\">Pcs<\/td>\n<td width=\"66\">1.5<\/td>\n<td width=\"85\">2<\/td>\n<td width=\"85\">3.00<\/td>\n<td width=\"85\"><\/td>\n<\/tr>\n<tr>\n<td width=\"57\">7<\/td>\n<td width=\"283\">Lame de m\u00e9lange centrale<\/td>\n<td width=\"57\">Pcs<\/td>\n<td width=\"66\">18.50<\/td>\n<td width=\"85\">14<\/td>\n<td width=\"85\">259.00<\/td>\n<td width=\"85\"><\/td>\n<\/tr>\n<tr>\n<td width=\"57\">8<\/td>\n<td width=\"283\">Lame m\u00e9langeuse droite<\/td>\n<td width=\"57\">Pcs<\/td>\n<td width=\"66\">12.00<\/td>\n<td width=\"85\">4<\/td>\n<td width=\"85\">48.00<\/td>\n<td width=\"85\"><\/td>\n<\/tr>\n<tr>\n<td width=\"57\">9<\/td>\n<td width=\"283\">Lame de m\u00e9lange gauche<\/td>\n<td width=\"57\">Pcs<\/td>\n<td width=\"66\">11.50<\/td>\n<td width=\"85\">8<\/td>\n<td width=\"85\">92.00<\/td>\n<td width=\"85\"><\/td>\n<\/tr>\n<tr>\n<td width=\"57\">10<\/td>\n<td width=\"283\">Plaque de rev\u00eatement en diamant<\/td>\n<td width=\"57\">Pcs<\/td>\n<td width=\"66\">9.50<\/td>\n<td width=\"85\">72<\/td>\n<td width=\"85\">684.00<\/td>\n<td width=\"85\"><\/td>\n<\/tr>\n<tr>\n<td width=\"57\">11<\/td>\n<td width=\"283\">Plaque de rev\u00eatement de marche<\/td>\n<td width=\"57\">Pcs<\/td>\n<td width=\"66\">9.50<\/td>\n<td width=\"85\">24<\/td>\n<td width=\"85\">228.00<\/td>\n<td width=\"85\"><\/td>\n<\/tr>\n<tr>\n<td width=\"57\">12<\/td>\n<td width=\"283\">Racleurs des deux c\u00f4t\u00e9s de la porte de d\u00e9chargement<\/td>\n<td width=\"57\">Pcs<\/td>\n<td width=\"66\">6.50<\/td>\n<td width=\"85\">6<\/td>\n<td width=\"85\">39.00<\/td>\n<td width=\"85\"><\/td>\n<\/tr>\n<tr>\n<td width=\"57\">13<\/td>\n<td width=\"283\">Plaque de pression des deux c\u00f4t\u00e9s de la porte de d\u00e9chargement<\/td>\n<td width=\"57\">Pcs<\/td>\n<td width=\"66\">16.00<\/td>\n<td width=\"85\">2<\/td>\n<td width=\"85\">32.00<\/td>\n<td width=\"85\"><\/td>\n<\/tr>\n<tr>\n<td width=\"57\">14<\/td>\n<td width=\"283\">Plaque de rev\u00eatement de la porte de d\u00e9charge<\/td>\n<td width=\"57\">Pcs<\/td>\n<td width=\"66\">38.00<\/td>\n<td width=\"85\">2<\/td>\n<td width=\"85\">76.00<\/td>\n<td width=\"85\">16MN<\/td>\n<\/tr>\n<tr>\n<td width=\"57\">15<\/td>\n<td width=\"283\">Plaque de rev\u00eatement de l'extr\u00e9mit\u00e9 ext\u00e9rieure<\/td>\n<td width=\"57\">Pcs<\/td>\n<td width=\"66\">32.00<\/td>\n<td width=\"85\">8<\/td>\n<td width=\"85\">256.00<\/td>\n<td width=\"85\"><\/td>\n<\/tr>\n<tr>\n<td width=\"57\">16<\/td>\n<td width=\"283\">Plaque de rev\u00eatement de l'extr\u00e9mit\u00e9 gauche<\/td>\n<td width=\"57\">Pcs<\/td>\n<td width=\"66\">28<\/td>\n<td width=\"85\">4<\/td>\n<td width=\"85\">112.00<\/td>\n<td width=\"85\"><\/td>\n<\/tr>\n<tr>\n<td width=\"57\">17<\/td>\n<td width=\"283\">Plaque de rev\u00eatement de l'extr\u00e9mit\u00e9 droite<\/td>\n<td width=\"57\">Pcs<\/td>\n<td width=\"66\">28<\/td>\n<td width=\"85\">4<\/td>\n<td width=\"85\">112.00<\/td>\n<td width=\"85\"><\/td>\n<\/tr>\n<tr>\n<td width=\"57\">18<\/td>\n<td width=\"283\">Plaque de rev\u00eatement de l'extr\u00e9mit\u00e9 centrale<\/td>\n<td width=\"57\">Pcs<\/td>\n<td width=\"66\">15<\/td>\n<td width=\"85\">4<\/td>\n<td width=\"85\">60.00<\/td>\n<td width=\"85\"><\/td>\n<\/tr>\n<tr>\n<td width=\"57\"><\/td>\n<td width=\"283\">Total<\/td>\n<td width=\"57\"><\/td>\n<td width=\"66\"><\/td>\n<td width=\"85\">196<\/td>\n<td width=\"85\">3180<\/td>\n<td width=\"85\"><\/td>\n<\/tr>\n<\/tbody>\n<\/table>\n<p><img fetchpriority=\"high\" decoding=\"async\" class=\"wp-image-3550 alignleft\" src=\"https:\/\/miningspareparts.com\/wp-content\/uploads\/2024\/01\/Mixer-And-Wear-Parts1-239x300.webp\" alt=\"\" width=\"498\" height=\"625\" srcset=\"https:\/\/miningspareparts.com\/wp-content\/uploads\/2024\/01\/Mixer-And-Wear-Parts1-239x300.webp 239w, https:\/\/miningspareparts.com\/wp-content\/uploads\/2024\/01\/Mixer-And-Wear-Parts1-817x1024.webp 817w, https:\/\/miningspareparts.com\/wp-content\/uploads\/2024\/01\/Mixer-And-Wear-Parts1-768x963.webp 768w, https:\/\/miningspareparts.com\/wp-content\/uploads\/2024\/01\/Mixer-And-Wear-Parts1-1226x1536.webp 1226w, https:\/\/miningspareparts.com\/wp-content\/uploads\/2024\/01\/Mixer-And-Wear-Parts1-1634x2048.webp 1634w, https:\/\/miningspareparts.com\/wp-content\/uploads\/2024\/01\/Mixer-And-Wear-Parts1-600x752.webp 600w, https:\/\/miningspareparts.com\/wp-content\/uploads\/2024\/01\/Mixer-And-Wear-Parts1.webp 2037w\" sizes=\"(max-width: 498px) 100vw, 498px\" \/><span style=\"font-size: 16px\">\u00a0<\/span><img decoding=\"async\" class=\"wp-image-3551 alignnone\" style=\"font-weight: inherit\" src=\"https:\/\/miningspareparts.com\/wp-content\/uploads\/2024\/01\/Mixer-And-Wear-Parts2-210x300.webp\" alt=\"\" width=\"454\" height=\"649\" srcset=\"https:\/\/miningspareparts.com\/wp-content\/uploads\/2024\/01\/Mixer-And-Wear-Parts2-210x300.webp 210w, https:\/\/miningspareparts.com\/wp-content\/uploads\/2024\/01\/Mixer-And-Wear-Parts2-600x856.webp 600w\" sizes=\"(max-width: 454px) 100vw, 454px\" \/><\/p>\n<p>Les pales, les bras de m\u00e9lange et les rev\u00eatements du m\u00e9langeur \u00e0 deux arbres JS3000 de SHANGHAIWANDAXINYE repr\u00e9sentent la quintessence de l'ing\u00e9nierie de pointe. En tant que fabricant de pi\u00e8ces de rechange d'origine, notre engagement va au-del\u00e0 de la fourniture de composants - il s'agit d'une promesse d'assurer une compatibilit\u00e9 sans faille et des performances optimales pour votre m\u00e9langeur.<\/p>\n<p>Dans le domaine du remplacement d'origine, nous offrons plus que de simples pi\u00e8ces de rechange ; nous fournissons des composants con\u00e7us avec pr\u00e9cision pour s'int\u00e9grer parfaitement \u00e0 votre m\u00e9langeur \u00e0 deux arbres JS3000. Choisir nos produits, c'est choisir la fiabilit\u00e9, la pr\u00e9cision et la garantie que votre m\u00e9langeur fonctionnera \u00e0 sa capacit\u00e9 optimale.<\/p>\n<p>Nos solutions de rechange red\u00e9finissent les attentes. Au-del\u00e0 de simples substituts, nos composants am\u00e9liorent les performances de votre m\u00e9langeur. Nous allons au-del\u00e0 des sp\u00e9cifications OEM, en introduisant des innovations qui am\u00e9liorent l'efficacit\u00e9, la long\u00e9vit\u00e9 et la fonctionnalit\u00e9 globale. En optant pour nos solutions de rechange, vous vous assurez que votre m\u00e9langeur ne se contente pas de maintenir ses performances, mais qu'il les am\u00e9liore.<\/p>\n<p>En r\u00e9sum\u00e9, les pales, les bras de m\u00e9lange et les rev\u00eatements du m\u00e9langeur \u00e0 deux arbres JS3000 de SHANGHAIWANDAXINYE red\u00e9finissent les normes de l'industrie. En tant que fabricant de pi\u00e8ces de rechange d'origine, nous offrons plus que des pi\u00e8ces - nous offrons une compatibilit\u00e9 et des performances optimales. Nos solutions de rechange augmentent les capacit\u00e9s de votre m\u00e9langeur, et la durabilit\u00e9 n'est pas seulement une caract\u00e9ristique, mais un trait fondamental. Choisissez nos composants pour une exp\u00e9rience de m\u00e9lange qui surpasse les autres.<\/p>","protected":false},"excerpt":{"rendered":"<p>Mod\u00e8les:\u4e0a\u6d77\u4e07\u5927\u946b\u4e1a JS3000<\/p>","protected":false},"featured_media":3500,"template":"","meta":{"_uag_custom_page_level_css":"","site-sidebar-layout":"default","site-content-layout":"","ast-site-content-layout":"default","site-content-style":"default","site-sidebar-style":"default","ast-global-header-display":"","ast-banner-title-visibility":"","ast-main-header-display":"","ast-hfb-above-header-display":"","ast-hfb-below-header-display":"","ast-hfb-mobile-header-display":"","site-post-title":"","ast-breadcrumbs-content":"","ast-featured-img":"","footer-sml-layout":"","ast-disable-related-posts":"","theme-transparent-header-meta":"default","adv-header-id-meta":"","stick-header-meta":"default","header-above-stick-meta":"","header-main-stick-meta":"","header-below-stick-meta":"","astra-migrate-meta-layouts":"set","ast-page-background-enabled":"default","ast-page-background-meta":{"desktop":{"background-color":"var(--ast-global-color-4)","background-image":"","background-repeat":"repeat","background-position":"center center","background-size":"auto","background-attachment":"scroll","background-type":"","background-media":"","overlay-type":"","overlay-color":"","overlay-opacity":"","overlay-gradient":""},"tablet":{"background-color":"","background-image":"","background-repeat":"repeat","background-position":"center center","background-size":"auto","background-attachment":"scroll","background-type":"","background-media":"","overlay-type":"","overlay-color":"","overlay-opacity":"","overlay-gradient":""},"mobile":{"background-color":"","background-image":"","background-repeat":"repeat","background-position":"center center","background-size":"auto","background-attachment":"scroll","background-type":"","background-media":"","overlay-type":"","overlay-color":"","overlay-opacity":"","overlay-gradient":""}},"ast-content-background-meta":{"desktop":{"background-color":"var(--ast-global-color-5)","background-image":"","background-repeat":"repeat","background-position":"center center","background-size":"auto","background-attachment":"scroll","background-type":"","background-media":"","overlay-type":"","overlay-color":"","overlay-opacity":"","overlay-gradient":""},"tablet":{"background-color":"var(--ast-global-color-5)","background-image":"","background-repeat":"repeat","background-position":"center center","background-size":"auto","background-attachment":"scroll","background-type":"","background-media":"","overlay-type":"","overlay-color":"","overlay-opacity":"","overlay-gradient":""},"mobile":{"background-color":"var(--ast-global-color-5)","background-image":"","background-repeat":"repeat","background-position":"center center","background-size":"auto","background-attachment":"scroll","background-type":"","background-media":"","overlay-type":"","overlay-color":"","overlay-opacity":"","overlay-gradient":""}}},"product_brand":[],"product_cat":[289,77],"product_tag":[268,288,269],"class_list":{"0":"post-2277","1":"product","2":"type-product","3":"status-publish","4":"has-post-thumbnail","6":"product_cat-other-concrete-mixer-parts","7":"product_cat-concrete-mixer-parts","8":"product_tag-blade","9":"product_tag-concrete-mixer","10":"product_tag-mixing-arm","11":"desktop-align-left","12":"tablet-align-left","13":"mobile-align-left","14":"ast-product-gallery-layout-horizontal-slider","15":"ast-product-gallery-with-no-image","16":"ast-product-single-variable","17":"ast-product-tabs-layout-horizontal","19":"first","20":"instock","21":"shipping-taxable","22":"purchasable","23":"product-type-variable"},"yoast_head":"<!-- This site is optimized with the Yoast SEO plugin v27.4 - https:\/\/yoast.com\/product\/yoast-seo-wordpress\/ -->\n<title>SHANGHAIWANDAXINYE JS3000 Mixer And Parts - Crusher parts, Slurry Pump Parts, Excavator shovel parts<\/title>\n<meta name=\"description\" content=\"SHANGHAIWANDAXINYE JS3000 twin-shaft mixer blades, mixing arms, and liners: Original replacements ensuring wear resistance for peak performance and longevity.\" \/>\n<meta name=\"robots\" content=\"index, follow, max-snippet:-1, max-image-preview:large, max-video-preview:-1\" \/>\n<link rel=\"canonical\" href=\"https:\/\/miningspareparts.com\/fr\/produit\/shanghaiwandaxinye-js3000-mixer-and-parts\/\" \/>\n<meta property=\"og:locale\" content=\"fr_FR\" \/>\n<meta property=\"og:type\" content=\"article\" \/>\n<meta property=\"og:title\" content=\"SHANGHAIWANDAXINYE JS3000 Mixer And Parts - Crusher parts, Slurry Pump Parts, Excavator shovel parts\" \/>\n<meta property=\"og:description\" content=\"SHANGHAIWANDAXINYE JS3000 twin-shaft mixer blades, mixing arms, and liners: Original replacements ensuring wear resistance for peak performance and longevity.\" \/>\n<meta property=\"og:url\" content=\"https:\/\/miningspareparts.com\/fr\/produit\/shanghaiwandaxinye-js3000-mixer-and-parts\/\" \/>\n<meta property=\"og:site_name\" content=\"Crusher parts, Slurry Pump Parts, Excavator shovel parts\" \/>\n<meta property=\"article:modified_time\" content=\"2024-01-19T03:07:57+00:00\" \/>\n<meta property=\"og:image\" content=\"https:\/\/miningspareparts.com\/wp-content\/uploads\/2024\/01\/SHANGHAIWANDAXINYE-JS3000-Concrete-Mixer-And-Parts.webp\" \/>\n\t<meta property=\"og:image:width\" content=\"484\" \/>\n\t<meta property=\"og:image:height\" content=\"383\" \/>\n\t<meta property=\"og:image:type\" content=\"image\/webp\" \/>\n<meta name=\"twitter:card\" content=\"summary_large_image\" \/>\n<meta name=\"twitter:label1\" content=\"Dur\u00e9e de lecture estim\u00e9e\" \/>\n\t<meta name=\"twitter:data1\" content=\"3 minutes\" \/>\n<script type=\"application\/ld+json\" class=\"yoast-schema-graph\">{\"@context\":\"https:\\\/\\\/schema.org\",\"@graph\":[{\"@type\":\"WebPage\",\"@id\":\"https:\\\/\\\/miningspareparts.com\\\/product\\\/shanghaiwandaxinye-js3000-mixer-and-parts\\\/\",\"url\":\"https:\\\/\\\/miningspareparts.com\\\/product\\\/shanghaiwandaxinye-js3000-mixer-and-parts\\\/\",\"name\":\"SHANGHAIWANDAXINYE JS3000 Mixer And Parts - Crusher parts, Slurry Pump Parts, Excavator shovel parts\",\"isPartOf\":{\"@id\":\"https:\\\/\\\/miningspareparts.com\\\/#website\"},\"primaryImageOfPage\":{\"@id\":\"https:\\\/\\\/miningspareparts.com\\\/product\\\/shanghaiwandaxinye-js3000-mixer-and-parts\\\/#primaryimage\"},\"image\":{\"@id\":\"https:\\\/\\\/miningspareparts.com\\\/product\\\/shanghaiwandaxinye-js3000-mixer-and-parts\\\/#primaryimage\"},\"thumbnailUrl\":\"https:\\\/\\\/miningspareparts.com\\\/wp-content\\\/uploads\\\/2024\\\/01\\\/SHANGHAIWANDAXINYE-JS3000-Concrete-Mixer-And-Parts.webp\",\"datePublished\":\"2024-01-02T03:39:21+00:00\",\"dateModified\":\"2024-01-19T03:07:57+00:00\",\"description\":\"SHANGHAIWANDAXINYE JS3000 twin-shaft mixer blades, mixing arms, and liners: Original replacements ensuring wear resistance for peak performance and longevity.\",\"breadcrumb\":{\"@id\":\"https:\\\/\\\/miningspareparts.com\\\/product\\\/shanghaiwandaxinye-js3000-mixer-and-parts\\\/#breadcrumb\"},\"inLanguage\":\"fr-FR\",\"potentialAction\":[{\"@type\":\"ReadAction\",\"target\":[\"https:\\\/\\\/miningspareparts.com\\\/product\\\/shanghaiwandaxinye-js3000-mixer-and-parts\\\/\"]}]},{\"@type\":\"ImageObject\",\"inLanguage\":\"fr-FR\",\"@id\":\"https:\\\/\\\/miningspareparts.com\\\/product\\\/shanghaiwandaxinye-js3000-mixer-and-parts\\\/#primaryimage\",\"url\":\"https:\\\/\\\/miningspareparts.com\\\/wp-content\\\/uploads\\\/2024\\\/01\\\/SHANGHAIWANDAXINYE-JS3000-Concrete-Mixer-And-Parts.webp\",\"contentUrl\":\"https:\\\/\\\/miningspareparts.com\\\/wp-content\\\/uploads\\\/2024\\\/01\\\/SHANGHAIWANDAXINYE-JS3000-Concrete-Mixer-And-Parts.webp\",\"width\":484,\"height\":383},{\"@type\":\"BreadcrumbList\",\"@id\":\"https:\\\/\\\/miningspareparts.com\\\/product\\\/shanghaiwandaxinye-js3000-mixer-and-parts\\\/#breadcrumb\",\"itemListElement\":[{\"@type\":\"ListItem\",\"position\":1,\"name\":\"Home\",\"item\":\"https:\\\/\\\/miningspareparts.com\\\/\"},{\"@type\":\"ListItem\",\"position\":2,\"name\":\"Premium Mining Wear And Spare Parts\",\"item\":\"https:\\\/\\\/miningspareparts.com\\\/shop\\\/\"},{\"@type\":\"ListItem\",\"position\":3,\"name\":\"SHANGHAIWANDAXINYE JS3000 Mixer And Parts\"}]},{\"@type\":\"WebSite\",\"@id\":\"https:\\\/\\\/miningspareparts.com\\\/#website\",\"url\":\"https:\\\/\\\/miningspareparts.com\\\/\",\"name\":\"Crusher parts , Concrete Mixer Parts, Slurry Pump Parts, Mining Spares\",\"description\":\"Mining Wear &amp; Spare Parts Supplier\",\"publisher\":{\"@id\":\"https:\\\/\\\/miningspareparts.com\\\/#organization\"},\"potentialAction\":[{\"@type\":\"SearchAction\",\"target\":{\"@type\":\"EntryPoint\",\"urlTemplate\":\"https:\\\/\\\/miningspareparts.com\\\/?s={search_term_string}\"},\"query-input\":{\"@type\":\"PropertyValueSpecification\",\"valueRequired\":true,\"valueName\":\"search_term_string\"}}],\"inLanguage\":\"fr-FR\"},{\"@type\":\"Organization\",\"@id\":\"https:\\\/\\\/miningspareparts.com\\\/#organization\",\"name\":\"Crusher parts , Concrete Mixer Parts, Slurry Pump Parts, Mining Spares\",\"url\":\"https:\\\/\\\/miningspareparts.com\\\/\",\"logo\":{\"@type\":\"ImageObject\",\"inLanguage\":\"fr-FR\",\"@id\":\"https:\\\/\\\/miningspareparts.com\\\/#\\\/schema\\\/logo\\\/image\\\/\",\"url\":\"https:\\\/\\\/miningspareparts.com\\\/wp-content\\\/uploads\\\/2025\\\/04\\\/cropped-cropped-logo\u6b63\u65b9\u5f62.png\",\"contentUrl\":\"https:\\\/\\\/miningspareparts.com\\\/wp-content\\\/uploads\\\/2025\\\/04\\\/cropped-cropped-logo\u6b63\u65b9\u5f62.png\",\"width\":511,\"height\":171,\"caption\":\"Crusher parts , Concrete Mixer Parts, Slurry Pump Parts, Mining Spares\"},\"image\":{\"@id\":\"https:\\\/\\\/miningspareparts.com\\\/#\\\/schema\\\/logo\\\/image\\\/\"}}]}<\/script>\n<!-- \/ Yoast SEO plugin. -->","yoast_head_json":{"title":"SHANGHAIWANDAXINYE JS3000 Mixer And Parts - Crusher parts, Slurry Pump Parts, Excavator shovel parts","description":"SHANGHAIWANDAXINYE JS3000 twin-shaft mixer blades, mixing arms, and liners: Original replacements ensuring wear resistance for peak performance and longevity.","robots":{"index":"index","follow":"follow","max-snippet":"max-snippet:-1","max-image-preview":"max-image-preview:large","max-video-preview":"max-video-preview:-1"},"canonical":"https:\/\/miningspareparts.com\/fr\/produit\/shanghaiwandaxinye-js3000-mixer-and-parts\/","og_locale":"fr_FR","og_type":"article","og_title":"SHANGHAIWANDAXINYE JS3000 Mixer And Parts - Crusher parts, Slurry Pump Parts, Excavator shovel parts","og_description":"SHANGHAIWANDAXINYE JS3000 twin-shaft mixer blades, mixing arms, and liners: Original replacements ensuring wear resistance for peak performance and longevity.","og_url":"https:\/\/miningspareparts.com\/fr\/produit\/shanghaiwandaxinye-js3000-mixer-and-parts\/","og_site_name":"Crusher parts, Slurry Pump Parts, Excavator shovel parts","article_modified_time":"2024-01-19T03:07:57+00:00","og_image":[{"width":484,"height":383,"url":"https:\/\/miningspareparts.com\/wp-content\/uploads\/2024\/01\/SHANGHAIWANDAXINYE-JS3000-Concrete-Mixer-And-Parts.webp","type":"image\/webp"}],"twitter_card":"summary_large_image","twitter_misc":{"Dur\u00e9e de lecture estim\u00e9e":"3 minutes"},"schema":{"@context":"https:\/\/schema.org","@graph":[{"@type":"WebPage","@id":"https:\/\/miningspareparts.com\/product\/shanghaiwandaxinye-js3000-mixer-and-parts\/","url":"https:\/\/miningspareparts.com\/product\/shanghaiwandaxinye-js3000-mixer-and-parts\/","name":"SHANGHAIWANDAXINYE JS3000 Mixer And Parts - Crusher parts, Slurry Pump Parts, Excavator shovel parts","isPartOf":{"@id":"https:\/\/miningspareparts.com\/#website"},"primaryImageOfPage":{"@id":"https:\/\/miningspareparts.com\/product\/shanghaiwandaxinye-js3000-mixer-and-parts\/#primaryimage"},"image":{"@id":"https:\/\/miningspareparts.com\/product\/shanghaiwandaxinye-js3000-mixer-and-parts\/#primaryimage"},"thumbnailUrl":"https:\/\/miningspareparts.com\/wp-content\/uploads\/2024\/01\/SHANGHAIWANDAXINYE-JS3000-Concrete-Mixer-And-Parts.webp","datePublished":"2024-01-02T03:39:21+00:00","dateModified":"2024-01-19T03:07:57+00:00","description":"SHANGHAIWANDAXINYE JS3000 twin-shaft mixer blades, mixing arms, and liners: Original replacements ensuring wear resistance for peak performance and longevity.","breadcrumb":{"@id":"https:\/\/miningspareparts.com\/product\/shanghaiwandaxinye-js3000-mixer-and-parts\/#breadcrumb"},"inLanguage":"fr-FR","potentialAction":[{"@type":"ReadAction","target":["https:\/\/miningspareparts.com\/product\/shanghaiwandaxinye-js3000-mixer-and-parts\/"]}]},{"@type":"ImageObject","inLanguage":"fr-FR","@id":"https:\/\/miningspareparts.com\/product\/shanghaiwandaxinye-js3000-mixer-and-parts\/#primaryimage","url":"https:\/\/miningspareparts.com\/wp-content\/uploads\/2024\/01\/SHANGHAIWANDAXINYE-JS3000-Concrete-Mixer-And-Parts.webp","contentUrl":"https:\/\/miningspareparts.com\/wp-content\/uploads\/2024\/01\/SHANGHAIWANDAXINYE-JS3000-Concrete-Mixer-And-Parts.webp","width":484,"height":383},{"@type":"BreadcrumbList","@id":"https:\/\/miningspareparts.com\/product\/shanghaiwandaxinye-js3000-mixer-and-parts\/#breadcrumb","itemListElement":[{"@type":"ListItem","position":1,"name":"Home","item":"https:\/\/miningspareparts.com\/"},{"@type":"ListItem","position":2,"name":"Premium Mining Wear And Spare Parts","item":"https:\/\/miningspareparts.com\/shop\/"},{"@type":"ListItem","position":3,"name":"SHANGHAIWANDAXINYE JS3000 Mixer And Parts"}]},{"@type":"WebSite","@id":"https:\/\/miningspareparts.com\/#website","url":"https:\/\/miningspareparts.com\/","name":"Crusher parts , Concrete Mixer Parts, Slurry Pump Parts, Mining Spares","description":"Mining Wear &amp; Spare Parts Supplier","publisher":{"@id":"https:\/\/miningspareparts.com\/#organization"},"potentialAction":[{"@type":"SearchAction","target":{"@type":"EntryPoint","urlTemplate":"https:\/\/miningspareparts.com\/?s={search_term_string}"},"query-input":{"@type":"PropertyValueSpecification","valueRequired":true,"valueName":"search_term_string"}}],"inLanguage":"fr-FR"},{"@type":"Organization","@id":"https:\/\/miningspareparts.com\/#organization","name":"Crusher parts , Concrete Mixer Parts, Slurry Pump Parts, Mining Spares","url":"https:\/\/miningspareparts.com\/","logo":{"@type":"ImageObject","inLanguage":"fr-FR","@id":"https:\/\/miningspareparts.com\/#\/schema\/logo\/image\/","url":"https:\/\/miningspareparts.com\/wp-content\/uploads\/2025\/04\/cropped-cropped-logo\u6b63\u65b9\u5f62.png","contentUrl":"https:\/\/miningspareparts.com\/wp-content\/uploads\/2025\/04\/cropped-cropped-logo\u6b63\u65b9\u5f62.png","width":511,"height":171,"caption":"Crusher parts , Concrete Mixer Parts, Slurry Pump Parts, Mining Spares"},"image":{"@id":"https:\/\/miningspareparts.com\/#\/schema\/logo\/image\/"}}]}},"uagb_featured_image_src":{"full":["https:\/\/miningspareparts.com\/wp-content\/uploads\/2024\/01\/SHANGHAIWANDAXINYE-JS3000-Concrete-Mixer-And-Parts.webp",484,383,false],"thumbnail":["https:\/\/miningspareparts.com\/wp-content\/uploads\/2024\/01\/SHANGHAIWANDAXINYE-JS3000-Concrete-Mixer-And-Parts-150x150.webp",150,150,true],"medium":["https:\/\/miningspareparts.com\/wp-content\/uploads\/2024\/01\/SHANGHAIWANDAXINYE-JS3000-Concrete-Mixer-And-Parts-300x237.webp",300,237,true],"medium_large":["https:\/\/miningspareparts.com\/wp-content\/uploads\/2024\/01\/SHANGHAIWANDAXINYE-JS3000-Concrete-Mixer-And-Parts.webp",484,383,false],"large":["https:\/\/miningspareparts.com\/wp-content\/uploads\/2024\/01\/SHANGHAIWANDAXINYE-JS3000-Concrete-Mixer-And-Parts.webp",484,383,false],"1536x1536":["https:\/\/miningspareparts.com\/wp-content\/uploads\/2024\/01\/SHANGHAIWANDAXINYE-JS3000-Concrete-Mixer-And-Parts.webp",484,383,false],"2048x2048":["https:\/\/miningspareparts.com\/wp-content\/uploads\/2024\/01\/SHANGHAIWANDAXINYE-JS3000-Concrete-Mixer-And-Parts.webp",484,383,false],"trp-custom-language-flag":["https:\/\/miningspareparts.com\/wp-content\/uploads\/2024\/01\/SHANGHAIWANDAXINYE-JS3000-Concrete-Mixer-And-Parts.webp",15,12,false],"woocommerce_thumbnail":["https:\/\/miningspareparts.com\/wp-content\/uploads\/2024\/01\/SHANGHAIWANDAXINYE-JS3000-Concrete-Mixer-And-Parts-300x300.webp",300,300,true],"woocommerce_single":["https:\/\/miningspareparts.com\/wp-content\/uploads\/2024\/01\/SHANGHAIWANDAXINYE-JS3000-Concrete-Mixer-And-Parts.webp",484,383,false],"woocommerce_gallery_thumbnail":["https:\/\/miningspareparts.com\/wp-content\/uploads\/2024\/01\/SHANGHAIWANDAXINYE-JS3000-Concrete-Mixer-And-Parts-100x100.webp",100,100,true]},"uagb_author_info":{"display_name":"Miningspareparts","author_link":"https:\/\/miningspareparts.com\/fr\/author\/"},"uagb_comment_info":0,"uagb_excerpt":"Models:\u4e0a\u6d77\u4e07\u5927\u946b\u4e1a JS3000","_links":{"self":[{"href":"https:\/\/miningspareparts.com\/fr\/wp-json\/wp\/v2\/product\/2277","targetHints":{"allow":["GET"]}}],"collection":[{"href":"https:\/\/miningspareparts.com\/fr\/wp-json\/wp\/v2\/product"}],"about":[{"href":"https:\/\/miningspareparts.com\/fr\/wp-json\/wp\/v2\/types\/product"}],"wp:featuredmedia":[{"embeddable":true,"href":"https:\/\/miningspareparts.com\/fr\/wp-json\/wp\/v2\/media\/3500"}],"wp:attachment":[{"href":"https:\/\/miningspareparts.com\/fr\/wp-json\/wp\/v2\/media?parent=2277"}],"wp:term":[{"taxonomy":"product_brand","embeddable":true,"href":"https:\/\/miningspareparts.com\/fr\/wp-json\/wp\/v2\/product_brand?post=2277"},{"taxonomy":"product_cat","embeddable":true,"href":"https:\/\/miningspareparts.com\/fr\/wp-json\/wp\/v2\/product_cat?post=2277"},{"taxonomy":"product_tag","embeddable":true,"href":"https:\/\/miningspareparts.com\/fr\/wp-json\/wp\/v2\/product_tag?post=2277"}],"curies":[{"name":"wp","href":"https:\/\/api.w.org\/{rel}","templated":true}]}}